{"id":10251,"date":"2025-02-07T07:11:44","date_gmt":"2025-02-07T05:11:44","guid":{"rendered":"https:\/\/gymfactory.eu\/product\/m8x-koju-pratesimo-masina\/"},"modified":"2025-12-02T14:23:32","modified_gmt":"2025-12-02T12:23:32","slug":"m8x-koju-pratesimo-masina","status":"publish","type":"product","link":"https:\/\/gymfactory.eu\/lt\/produktas\/m8x-koju-pratesimo-masina\/","title":{"rendered":"M8X Koj\u0173 tiesimo treniruoklis"},"content":{"rendered":"<p>M8X \u2013 tai specializuotas treniruoklis, skirtas saugiam ir efektyviam \u0161laun\u0173 priekio (keturgalvi\u0173 raumen\u0173) stiprinimui. Tinka tiek nam\u0173 sporto erdv\u0117ms, tiek profesionaliai treniruo\u010di\u0173 salei \u2013 idealus pasirinkimas, kai ie\u0161koma tikslingo koj\u0173 treniravimo sprendimo.<\/p>\n<p>Treniruoklis skirtas koj\u0173 tiesimui \u2013 tai vienas pagrindini\u0173 pratim\u0173, izoliuojan\u010di\u0173 ir stiprinan\u010di\u0173 \u0161launies priek\u012f. Judesys vyksta kontroliuojama trajektorija, tod\u0117l treniruot\u0117 yra tausojanti s\u0105narius ir saugi koj\u0173 keliams.<\/p>\n<p>Koj\u0173 atramos auk\u0161tis reguliuojamas pagal individual\u0173 kojos ilg\u012f, o reguliuojamas atlo\u0161as leid\u017eia u\u017etikrinti taisykling\u0105 s\u0117d\u0117sen\u0105. \u0160onin\u0117s rankenos suteikia stabilumo viso pratimo metu.<\/p>\n<p>M8X Koj\u0173 tiesimo treniruoklis \u2013 tai tiksliam ir saugiam keturgalvi\u0173 raumen\u0173 treniravimui sukurtas \u012frenginys, u\u017etikrinantis skland\u0173 judes\u012f ir individual\u0173 prisitaikym\u0105 prie kiekvieno naudotojo.<\/p>\n\n    <div class=\"xs_social_share_widget xs_share_url after_content \t\tmain_content  wslu-style-1 wslu-share-box-shaped wslu-fill-colored wslu-none wslu-share-horizontal wslu-theme-font-no wslu-main_content\">\n\n\t\t\n        <ul>\n\t\t\t        <\/ul>\n    <\/div> \n","protected":false},"excerpt":{"rendered":"<p>M8X \u2013 tai specializuotas treniruoklis, skirtas saugiam ir efektyviam \u0161laun\u0173 priekio (keturgalvi\u0173 raumen\u0173) stiprinimui. Tinka tiek nam\u0173 sporto erdv\u0117ms, tiek profesionaliai treniruo\u010di\u0173 salei \u2013 idealus pasirinkimas, kai ie\u0161koma tikslingo koj\u0173 treniravimo sprendimo. Treniruoklis skirtas koj\u0173 tiesimui \u2013 tai vienas pagrindini\u0173 pratim\u0173, izoliuojan\u010di\u0173 ir stiprinan\u010di\u0173 \u0161launies priek\u012f. Judesys vyksta kontroliuojama trajektorija, tod\u0117l treniruot\u0117 yra tausojanti s\u0105narius [&hellip;]<\/p>\n","protected":false},"featured_media":7814,"template":"","meta":{"_acf_changed":false},"product_brand":[817],"product_cat":[466],"product_tag":[],"class_list":{"0":"post-10251","1":"product","2":"type-product","3":"status-publish","4":"has-post-thumbnail","6":"product_brand-gym-factory-lt","7":"product_cat-blokiniai-treniruokliai","9":"first","10":"onbackorder","11":"taxable","12":"shipping-taxable","13":"purchasable","14":"product-type-variable","15":"has-default-attributes"},"acf":[],"yoast_head":"<!-- This site is optimized with the Yoast SEO plugin v25.2 - https:\/\/yoast.com\/wordpress\/plugins\/seo\/ -->\n<title>M8X koj\u0173 prat\u0119simo ma\u0161ina, skirta j\u0117gos treniruot\u0117ms<\/title>\n<meta name=\"description\" content=\"Reikia tiksling\u0173 keturra\u010di\u0173 treniruo\u010di\u0173? M8X koj\u0173 tiesimo treniruoklis skirtas j\u0117gos pratimams, kuri\u0173 metu pasiprie\u0161inama priekinei koj\u0173 daliai.\" \/>\n<meta name=\"robots\" content=\"index, follow, max-snippet:-1, max-image-preview:large, max-video-preview:-1\" \/>\n<link rel=\"canonical\" href=\"https:\/\/gymfactory.eu\/lt\/produktas\/m8x-koju-pratesimo-masina\/\" \/>\n<meta property=\"og:locale\" content=\"lt_LT\" \/>\n<meta property=\"og:type\" content=\"article\" \/>\n<meta property=\"og:title\" content=\"M8X koj\u0173 prat\u0119simo ma\u0161ina, skirta j\u0117gos treniruot\u0117ms\" \/>\n<meta property=\"og:description\" content=\"Reikia tiksling\u0173 keturra\u010di\u0173 treniruo\u010di\u0173? M8X koj\u0173 tiesimo treniruoklis skirtas j\u0117gos pratimams, kuri\u0173 metu pasiprie\u0161inama priekinei koj\u0173 daliai.\" \/>\n<meta property=\"og:url\" content=\"https:\/\/gymfactory.eu\/lt\/produktas\/m8x-koju-pratesimo-masina\/\" \/>\n<meta property=\"og:site_name\" content=\"Gym Factory\" \/>\n<meta property=\"article:modified_time\" content=\"2025-12-02T12:23:32+00:00\" \/>\n<meta property=\"og:image\" content=\"https:\/\/gymfactory.eu\/wp-content\/uploads\/2025\/02\/gym-machine-seated-leg-extension.webp\" \/>\n\t<meta property=\"og:image:width\" content=\"1500\" \/>\n\t<meta property=\"og:image:height\" content=\"1500\" \/>\n\t<meta property=\"og:image:type\" content=\"image\/webp\" \/>\n<meta name=\"twitter:card\" content=\"summary_large_image\" \/>\n<meta name=\"twitter:label1\" content=\"Est. reading time\" \/>\n\t<meta name=\"twitter:data1\" content=\"1 minut\u0117\" \/>\n<script type=\"application\/ld+json\" class=\"yoast-schema-graph\">{\"@context\":\"https:\/\/schema.org\",\"@graph\":[{\"@type\":\"WebPage\",\"@id\":\"https:\/\/gymfactory.eu\/lt\/produktas\/m8x-koju-pratesimo-masina\/\",\"url\":\"https:\/\/gymfactory.eu\/lt\/produktas\/m8x-koju-pratesimo-masina\/\",\"name\":\"M8X koj\u0173 prat\u0119simo ma\u0161ina, skirta j\u0117gos treniruot\u0117ms\",\"isPartOf\":{\"@id\":\"https:\/\/gymfactory.eu\/lt\/#website\"},\"primaryImageOfPage\":{\"@id\":\"https:\/\/gymfactory.eu\/lt\/produktas\/m8x-koju-pratesimo-masina\/#primaryimage\"},\"image\":{\"@id\":\"https:\/\/gymfactory.eu\/lt\/produktas\/m8x-koju-pratesimo-masina\/#primaryimage\"},\"thumbnailUrl\":\"https:\/\/gymfactory.eu\/wp-content\/uploads\/2025\/02\/gym-machine-seated-leg-extension.webp\",\"datePublished\":\"2025-02-07T05:11:44+00:00\",\"dateModified\":\"2025-12-02T12:23:32+00:00\",\"description\":\"Reikia tiksling\u0173 keturra\u010di\u0173 treniruo\u010di\u0173? M8X koj\u0173 tiesimo treniruoklis skirtas j\u0117gos pratimams, kuri\u0173 metu pasiprie\u0161inama priekinei koj\u0173 daliai.\",\"breadcrumb\":{\"@id\":\"https:\/\/gymfactory.eu\/lt\/produktas\/m8x-koju-pratesimo-masina\/#breadcrumb\"},\"inLanguage\":\"lt-LT\",\"potentialAction\":[{\"@type\":\"ReadAction\",\"target\":[\"https:\/\/gymfactory.eu\/lt\/produktas\/m8x-koju-pratesimo-masina\/\"]}]},{\"@type\":\"ImageObject\",\"inLanguage\":\"lt-LT\",\"@id\":\"https:\/\/gymfactory.eu\/lt\/produktas\/m8x-koju-pratesimo-masina\/#primaryimage\",\"url\":\"https:\/\/gymfactory.eu\/wp-content\/uploads\/2025\/02\/gym-machine-seated-leg-extension.webp\",\"contentUrl\":\"https:\/\/gymfactory.eu\/wp-content\/uploads\/2025\/02\/gym-machine-seated-leg-extension.webp\",\"width\":1500,\"height\":1500,\"caption\":\"Auk\u0161tos kokyb\u0117s s\u0117dimasis koj\u0173 tiesimo treniruoklis su svori\u0173 pak\u0117limo sistema, leid\u017eiantis skland\u017eiai ir kontroliuojamai treniruoti koj\u0173 raumenis. \u0160is treniruoklis turi pamink\u0161tint\u0105 s\u0117dyn\u0119, ergonomi\u0161k\u0105 atlo\u0161\u0105 ir reguliuojam\u0105 pasiprie\u0161inimo mechanizm\u0105, idealiai tinka apatin\u0117s k\u016bno dalies j\u0117gos treniruot\u0117ms sporto sal\u0117se ir sporto centruose.\"},{\"@type\":\"BreadcrumbList\",\"@id\":\"https:\/\/gymfactory.eu\/lt\/produktas\/m8x-koju-pratesimo-masina\/#breadcrumb\",\"itemListElement\":[{\"@type\":\"ListItem\",\"position\":1,\"name\":\"Pagrindinis\",\"item\":\"https:\/\/gymfactory.eu\/lt\/\"},{\"@type\":\"ListItem\",\"position\":2,\"name\":\"Katalogas\",\"item\":\"https:\/\/gymfactory.eu\/lt\/katalogas\/\"},{\"@type\":\"ListItem\",\"position\":3,\"name\":\"M8X Koj\u0173 tiesimo treniruoklis\"}]},{\"@type\":\"WebSite\",\"@id\":\"https:\/\/gymfactory.eu\/lt\/#website\",\"url\":\"https:\/\/gymfactory.eu\/lt\/\",\"name\":\"Gym Factory\",\"description\":\"\",\"publisher\":{\"@id\":\"https:\/\/gymfactory.eu\/lt\/#organization\"},\"potentialAction\":[{\"@type\":\"SearchAction\",\"target\":{\"@type\":\"EntryPoint\",\"urlTemplate\":\"https:\/\/gymfactory.eu\/lt\/?s={search_term_string}\"},\"query-input\":{\"@type\":\"PropertyValueSpecification\",\"valueRequired\":true,\"valueName\":\"search_term_string\"}}],\"inLanguage\":\"lt-LT\"},{\"@type\":\"Organization\",\"@id\":\"https:\/\/gymfactory.eu\/lt\/#organization\",\"name\":\"Sporto sal\u0117s gamykla\",\"url\":\"https:\/\/gymfactory.eu\/lt\/\",\"logo\":{\"@type\":\"ImageObject\",\"inLanguage\":\"lt-LT\",\"@id\":\"https:\/\/gymfactory.eu\/lt\/#\/schema\/logo\/image\/\",\"url\":\"https:\/\/gymfactory.eu\/wp-content\/uploads\/2024\/11\/Component-1.svg\",\"contentUrl\":\"https:\/\/gymfactory.eu\/wp-content\/uploads\/2024\/11\/Component-1.svg\",\"width\":54,\"height\":44,\"caption\":\"Sporto sal\u0117s gamykla\"},\"image\":{\"@id\":\"https:\/\/gymfactory.eu\/lt\/#\/schema\/logo\/image\/\"}}]}<\/script>\n<!-- \/ Yoast SEO plugin. -->","yoast_head_json":{"title":"M8X koj\u0173 prat\u0119simo ma\u0161ina, skirta j\u0117gos treniruot\u0117ms","description":"Reikia tiksling\u0173 keturra\u010di\u0173 treniruo\u010di\u0173? M8X koj\u0173 tiesimo treniruoklis skirtas j\u0117gos pratimams, kuri\u0173 metu pasiprie\u0161inama priekinei koj\u0173 daliai.","robots":{"index":"index","follow":"follow","max-snippet":"max-snippet:-1","max-image-preview":"max-image-preview:large","max-video-preview":"max-video-preview:-1"},"canonical":"https:\/\/gymfactory.eu\/lt\/produktas\/m8x-koju-pratesimo-masina\/","og_locale":"lt_LT","og_type":"article","og_title":"M8X koj\u0173 prat\u0119simo ma\u0161ina, skirta j\u0117gos treniruot\u0117ms","og_description":"Reikia tiksling\u0173 keturra\u010di\u0173 treniruo\u010di\u0173? M8X koj\u0173 tiesimo treniruoklis skirtas j\u0117gos pratimams, kuri\u0173 metu pasiprie\u0161inama priekinei koj\u0173 daliai.","og_url":"https:\/\/gymfactory.eu\/lt\/produktas\/m8x-koju-pratesimo-masina\/","og_site_name":"Gym Factory","article_modified_time":"2025-12-02T12:23:32+00:00","og_image":[{"width":1500,"height":1500,"url":"https:\/\/gymfactory.eu\/wp-content\/uploads\/2025\/02\/gym-machine-seated-leg-extension.webp","type":"image\/webp"}],"twitter_card":"summary_large_image","twitter_misc":{"Est. reading time":"1 minut\u0117"},"schema":{"@context":"https:\/\/schema.org","@graph":[{"@type":"WebPage","@id":"https:\/\/gymfactory.eu\/lt\/produktas\/m8x-koju-pratesimo-masina\/","url":"https:\/\/gymfactory.eu\/lt\/produktas\/m8x-koju-pratesimo-masina\/","name":"M8X koj\u0173 prat\u0119simo ma\u0161ina, skirta j\u0117gos treniruot\u0117ms","isPartOf":{"@id":"https:\/\/gymfactory.eu\/lt\/#website"},"primaryImageOfPage":{"@id":"https:\/\/gymfactory.eu\/lt\/produktas\/m8x-koju-pratesimo-masina\/#primaryimage"},"image":{"@id":"https:\/\/gymfactory.eu\/lt\/produktas\/m8x-koju-pratesimo-masina\/#primaryimage"},"thumbnailUrl":"https:\/\/gymfactory.eu\/wp-content\/uploads\/2025\/02\/gym-machine-seated-leg-extension.webp","datePublished":"2025-02-07T05:11:44+00:00","dateModified":"2025-12-02T12:23:32+00:00","description":"Reikia tiksling\u0173 keturra\u010di\u0173 treniruo\u010di\u0173? M8X koj\u0173 tiesimo treniruoklis skirtas j\u0117gos pratimams, kuri\u0173 metu pasiprie\u0161inama priekinei koj\u0173 daliai.","breadcrumb":{"@id":"https:\/\/gymfactory.eu\/lt\/produktas\/m8x-koju-pratesimo-masina\/#breadcrumb"},"inLanguage":"lt-LT","potentialAction":[{"@type":"ReadAction","target":["https:\/\/gymfactory.eu\/lt\/produktas\/m8x-koju-pratesimo-masina\/"]}]},{"@type":"ImageObject","inLanguage":"lt-LT","@id":"https:\/\/gymfactory.eu\/lt\/produktas\/m8x-koju-pratesimo-masina\/#primaryimage","url":"https:\/\/gymfactory.eu\/wp-content\/uploads\/2025\/02\/gym-machine-seated-leg-extension.webp","contentUrl":"https:\/\/gymfactory.eu\/wp-content\/uploads\/2025\/02\/gym-machine-seated-leg-extension.webp","width":1500,"height":1500,"caption":"Auk\u0161tos kokyb\u0117s s\u0117dimasis koj\u0173 tiesimo treniruoklis su svori\u0173 pak\u0117limo sistema, leid\u017eiantis skland\u017eiai ir kontroliuojamai treniruoti koj\u0173 raumenis. \u0160is treniruoklis turi pamink\u0161tint\u0105 s\u0117dyn\u0119, ergonomi\u0161k\u0105 atlo\u0161\u0105 ir reguliuojam\u0105 pasiprie\u0161inimo mechanizm\u0105, idealiai tinka apatin\u0117s k\u016bno dalies j\u0117gos treniruot\u0117ms sporto sal\u0117se ir sporto centruose."},{"@type":"BreadcrumbList","@id":"https:\/\/gymfactory.eu\/lt\/produktas\/m8x-koju-pratesimo-masina\/#breadcrumb","itemListElement":[{"@type":"ListItem","position":1,"name":"Pagrindinis","item":"https:\/\/gymfactory.eu\/lt\/"},{"@type":"ListItem","position":2,"name":"Katalogas","item":"https:\/\/gymfactory.eu\/lt\/katalogas\/"},{"@type":"ListItem","position":3,"name":"M8X Koj\u0173 tiesimo treniruoklis"}]},{"@type":"WebSite","@id":"https:\/\/gymfactory.eu\/lt\/#website","url":"https:\/\/gymfactory.eu\/lt\/","name":"Gym Factory","description":"","publisher":{"@id":"https:\/\/gymfactory.eu\/lt\/#organization"},"potentialAction":[{"@type":"SearchAction","target":{"@type":"EntryPoint","urlTemplate":"https:\/\/gymfactory.eu\/lt\/?s={search_term_string}"},"query-input":{"@type":"PropertyValueSpecification","valueRequired":true,"valueName":"search_term_string"}}],"inLanguage":"lt-LT"},{"@type":"Organization","@id":"https:\/\/gymfactory.eu\/lt\/#organization","name":"Sporto sal\u0117s gamykla","url":"https:\/\/gymfactory.eu\/lt\/","logo":{"@type":"ImageObject","inLanguage":"lt-LT","@id":"https:\/\/gymfactory.eu\/lt\/#\/schema\/logo\/image\/","url":"https:\/\/gymfactory.eu\/wp-content\/uploads\/2024\/11\/Component-1.svg","contentUrl":"https:\/\/gymfactory.eu\/wp-content\/uploads\/2024\/11\/Component-1.svg","width":54,"height":44,"caption":"Sporto sal\u0117s gamykla"},"image":{"@id":"https:\/\/gymfactory.eu\/lt\/#\/schema\/logo\/image\/"}}]}},"_links":{"self":[{"href":"https:\/\/gymfactory.eu\/lt\/wp-json\/wp\/v2\/product\/10251","targetHints":{"allow":["GET"]}}],"collection":[{"href":"https:\/\/gymfactory.eu\/lt\/wp-json\/wp\/v2\/product"}],"about":[{"href":"https:\/\/gymfactory.eu\/lt\/wp-json\/wp\/v2\/types\/product"}],"wp:featuredmedia":[{"embeddable":true,"href":"https:\/\/gymfactory.eu\/lt\/wp-json\/wp\/v2\/media\/7814"}],"wp:attachment":[{"href":"https:\/\/gymfactory.eu\/lt\/wp-json\/wp\/v2\/media?parent=10251"}],"wp:term":[{"taxonomy":"product_brand","embeddable":true,"href":"https:\/\/gymfactory.eu\/lt\/wp-json\/wp\/v2\/product_brand?post=10251"},{"taxonomy":"product_cat","embeddable":true,"href":"https:\/\/gymfactory.eu\/lt\/wp-json\/wp\/v2\/product_cat?post=10251"},{"taxonomy":"product_tag","embeddable":true,"href":"https:\/\/gymfactory.eu\/lt\/wp-json\/wp\/v2\/product_tag?post=10251"}],"curies":[{"name":"wp","href":"https:\/\/api.w.org\/{rel}","templated":true}]}}