{"id":10240,"date":"2025-02-07T11:21:30","date_gmt":"2025-02-07T09:21:30","guid":{"rendered":"https:\/\/gymfactory.eu\/product\/p1x-peciu-spaudimo-masina\/"},"modified":"2025-12-02T14:40:45","modified_gmt":"2025-12-02T12:40:45","slug":"p1x-peciu-spaudimo-masina","status":"publish","type":"product","link":"https:\/\/gymfactory.eu\/lt\/produktas\/p1x-peciu-spaudimo-masina\/","title":{"rendered":"P1X Pe\u010di\u0173 spaudimo treniruoklis"},"content":{"rendered":"<p>P1X \u2013 tai blokinis treniruoklis, skirtas pe\u010di\u0173 spaudimo pratimui s\u0117dint. Tinka bet kokiai treniruo\u010di\u0173 aplinkai \u2013 nuo nam\u0173 sporto kampelio iki profesionalios sal\u0117s. Konstrukcija u\u017etikrina stabil\u0173 judes\u012f ir tiksling\u0105 pe\u010di\u0173 apkrov\u0105.<\/p>\n<p>Pratimas atliekamas spaud\u017eiant rankas vir\u0161 galvos s\u0117dint \u2013 tai izoliuotas judesys, lavinantis pe\u010di\u0173 raumenis. Reguliuojamo auk\u0161\u010dio s\u0117dyn\u0117 leid\u017eia tinkamai i\u0161lygiuoti rankas ir pe\u010dius kiekvienam naudotojui. Integruota p\u0117d\u0173 platforma suteikia papildomo stabilumo, padedanti i\u0161laikyti taisykling\u0105 pad\u0117t\u012f ir judesio kontrol\u0119.<\/p>\n<p>P1X Pe\u010di\u0173 spaudimo treniruoklis \u2013 tai patikimas sprendimas kryptingai pe\u010di\u0173 treniruotei, su reguliuojama atrama ir tvirta s\u0117dima pad\u0117timi.<\/p>\n\n    <div class=\"xs_social_share_widget xs_share_url after_content \t\tmain_content  wslu-style-1 wslu-share-box-shaped wslu-fill-colored wslu-none wslu-share-horizontal wslu-theme-font-no wslu-main_content\">\n\n\t\t\n        <ul>\n\t\t\t        <\/ul>\n    <\/div> \n","protected":false},"excerpt":{"rendered":"<p>P1X \u2013 tai blokinis treniruoklis, skirtas pe\u010di\u0173 spaudimo pratimui s\u0117dint. Tinka bet kokiai treniruo\u010di\u0173 aplinkai \u2013 nuo nam\u0173 sporto kampelio iki profesionalios sal\u0117s. Konstrukcija u\u017etikrina stabil\u0173 judes\u012f ir tiksling\u0105 pe\u010di\u0173 apkrov\u0105. Pratimas atliekamas spaud\u017eiant rankas vir\u0161 galvos s\u0117dint \u2013 tai izoliuotas judesys, lavinantis pe\u010di\u0173 raumenis. Reguliuojamo auk\u0161\u010dio s\u0117dyn\u0117 leid\u017eia tinkamai i\u0161lygiuoti rankas ir pe\u010dius kiekvienam [&hellip;]<\/p>\n","protected":false},"featured_media":8793,"template":"","meta":{"_acf_changed":false},"product_brand":[817],"product_cat":[466],"product_tag":[],"class_list":{"0":"post-10240","1":"product","2":"type-product","3":"status-publish","4":"has-post-thumbnail","6":"product_brand-gym-factory-lt","7":"product_cat-blokiniai-treniruokliai","9":"first","10":"onbackorder","11":"taxable","12":"shipping-taxable","13":"purchasable","14":"product-type-variable","15":"has-default-attributes"},"acf":[],"yoast_head":"<!-- This site is optimized with the Yoast SEO plugin v25.2 - https:\/\/yoast.com\/wordpress\/plugins\/seo\/ -->\n<title>&quot;P1X&quot; pe\u010di\u0173 spaudimo ma\u0161ina - bet kurios sporto sal\u0117s \u012franga<\/title>\n<meta name=\"description\" content=\"Steigiate universali\u0105 sporto sal\u0119? P1X pe\u010di\u0173 spaudimo treniruoklis skirtas vir\u0161utin\u0117s k\u016bno dalies j\u0117gos treniruot\u0117ms ir puikiai tinka bet kurioje sporto sal\u0117je ar treniruokli\u0173 sal\u0117je.\" \/>\n<meta name=\"robots\" content=\"index, follow, max-snippet:-1, max-image-preview:large, max-video-preview:-1\" \/>\n<link rel=\"canonical\" href=\"https:\/\/gymfactory.eu\/lt\/produktas\/p1x-peciu-spaudimo-masina\/\" \/>\n<meta property=\"og:locale\" content=\"lt_LT\" \/>\n<meta property=\"og:type\" content=\"article\" \/>\n<meta property=\"og:title\" content=\"&quot;P1X&quot; pe\u010di\u0173 spaudimo ma\u0161ina - bet kurios sporto sal\u0117s \u012franga\" \/>\n<meta property=\"og:description\" content=\"Steigiate universali\u0105 sporto sal\u0119? P1X pe\u010di\u0173 spaudimo treniruoklis skirtas vir\u0161utin\u0117s k\u016bno dalies j\u0117gos treniruot\u0117ms ir puikiai tinka bet kurioje sporto sal\u0117je ar treniruokli\u0173 sal\u0117je.\" \/>\n<meta property=\"og:url\" content=\"https:\/\/gymfactory.eu\/lt\/produktas\/p1x-peciu-spaudimo-masina\/\" \/>\n<meta property=\"og:site_name\" content=\"Gym Factory\" \/>\n<meta property=\"article:modified_time\" content=\"2025-12-02T12:40:45+00:00\" \/>\n<meta property=\"og:image\" content=\"https:\/\/gymfactory.eu\/wp-content\/uploads\/2025\/02\/Gym-Machine-Shoulder-Press-Gym-Setup-Side-View.jpg\" \/>\n\t<meta property=\"og:image:width\" content=\"1500\" \/>\n\t<meta property=\"og:image:height\" content=\"1500\" \/>\n\t<meta property=\"og:image:type\" content=\"image\/jpeg\" \/>\n<meta name=\"twitter:card\" content=\"summary_large_image\" \/>\n<meta name=\"twitter:label1\" content=\"Est. reading time\" \/>\n\t<meta name=\"twitter:data1\" content=\"1 minut\u0117\" \/>\n<script type=\"application\/ld+json\" class=\"yoast-schema-graph\">{\"@context\":\"https:\/\/schema.org\",\"@graph\":[{\"@type\":\"WebPage\",\"@id\":\"https:\/\/gymfactory.eu\/lt\/produktas\/p1x-peciu-spaudimo-masina\/\",\"url\":\"https:\/\/gymfactory.eu\/lt\/produktas\/p1x-peciu-spaudimo-masina\/\",\"name\":\"\\\"P1X\\\" pe\u010di\u0173 spaudimo ma\u0161ina - bet kurios sporto sal\u0117s \u012franga\",\"isPartOf\":{\"@id\":\"https:\/\/gymfactory.eu\/lt\/#website\"},\"primaryImageOfPage\":{\"@id\":\"https:\/\/gymfactory.eu\/lt\/produktas\/p1x-peciu-spaudimo-masina\/#primaryimage\"},\"image\":{\"@id\":\"https:\/\/gymfactory.eu\/lt\/produktas\/p1x-peciu-spaudimo-masina\/#primaryimage\"},\"thumbnailUrl\":\"https:\/\/gymfactory.eu\/wp-content\/uploads\/2025\/02\/Gym-Machine-Shoulder-Press-Gym-Setup-Side-View.jpg\",\"datePublished\":\"2025-02-07T09:21:30+00:00\",\"dateModified\":\"2025-12-02T12:40:45+00:00\",\"description\":\"Steigiate universali\u0105 sporto sal\u0119? P1X pe\u010di\u0173 spaudimo treniruoklis skirtas vir\u0161utin\u0117s k\u016bno dalies j\u0117gos treniruot\u0117ms ir puikiai tinka bet kurioje sporto sal\u0117je ar treniruokli\u0173 sal\u0117je.\",\"breadcrumb\":{\"@id\":\"https:\/\/gymfactory.eu\/lt\/produktas\/p1x-peciu-spaudimo-masina\/#breadcrumb\"},\"inLanguage\":\"lt-LT\",\"potentialAction\":[{\"@type\":\"ReadAction\",\"target\":[\"https:\/\/gymfactory.eu\/lt\/produktas\/p1x-peciu-spaudimo-masina\/\"]}]},{\"@type\":\"ImageObject\",\"inLanguage\":\"lt-LT\",\"@id\":\"https:\/\/gymfactory.eu\/lt\/produktas\/p1x-peciu-spaudimo-masina\/#primaryimage\",\"url\":\"https:\/\/gymfactory.eu\/wp-content\/uploads\/2025\/02\/Gym-Machine-Shoulder-Press-Gym-Setup-Side-View.jpg\",\"contentUrl\":\"https:\/\/gymfactory.eu\/wp-content\/uploads\/2025\/02\/Gym-Machine-Shoulder-Press-Gym-Setup-Side-View.jpg\",\"width\":1500,\"height\":1500,\"caption\":\"Asmuo, naudojantis treniruokl\u012f pe\u010di\u0173 spaudimo treniruotei. Treniruoklis turi raudon\u0105 metalin\u012f r\u0117m\u0105, reguliuojam\u0105 pamink\u0161tint\u0105 s\u0117dyn\u0119 ir pasiprie\u0161inim\u0105 u\u017etikrinan\u010di\u0105 svertini\u0173 lyn\u0173 sistem\u0105. Naudotojas s\u0117di rankomis su\u0117m\u0119s rankenas ir stumia \u012f vir\u0161\u0173, kad \u012fdarbint\u0173 pe\u010di\u0173 raumenis.\"},{\"@type\":\"BreadcrumbList\",\"@id\":\"https:\/\/gymfactory.eu\/lt\/produktas\/p1x-peciu-spaudimo-masina\/#breadcrumb\",\"itemListElement\":[{\"@type\":\"ListItem\",\"position\":1,\"name\":\"Pagrindinis\",\"item\":\"https:\/\/gymfactory.eu\/lt\/\"},{\"@type\":\"ListItem\",\"position\":2,\"name\":\"Katalogas\",\"item\":\"https:\/\/gymfactory.eu\/lt\/katalogas\/\"},{\"@type\":\"ListItem\",\"position\":3,\"name\":\"P1X Pe\u010di\u0173 spaudimo treniruoklis\"}]},{\"@type\":\"WebSite\",\"@id\":\"https:\/\/gymfactory.eu\/lt\/#website\",\"url\":\"https:\/\/gymfactory.eu\/lt\/\",\"name\":\"Gym Factory\",\"description\":\"\",\"publisher\":{\"@id\":\"https:\/\/gymfactory.eu\/lt\/#organization\"},\"potentialAction\":[{\"@type\":\"SearchAction\",\"target\":{\"@type\":\"EntryPoint\",\"urlTemplate\":\"https:\/\/gymfactory.eu\/lt\/?s={search_term_string}\"},\"query-input\":{\"@type\":\"PropertyValueSpecification\",\"valueRequired\":true,\"valueName\":\"search_term_string\"}}],\"inLanguage\":\"lt-LT\"},{\"@type\":\"Organization\",\"@id\":\"https:\/\/gymfactory.eu\/lt\/#organization\",\"name\":\"Sporto sal\u0117s gamykla\",\"url\":\"https:\/\/gymfactory.eu\/lt\/\",\"logo\":{\"@type\":\"ImageObject\",\"inLanguage\":\"lt-LT\",\"@id\":\"https:\/\/gymfactory.eu\/lt\/#\/schema\/logo\/image\/\",\"url\":\"https:\/\/gymfactory.eu\/wp-content\/uploads\/2024\/11\/Component-1.svg\",\"contentUrl\":\"https:\/\/gymfactory.eu\/wp-content\/uploads\/2024\/11\/Component-1.svg\",\"width\":54,\"height\":44,\"caption\":\"Sporto sal\u0117s gamykla\"},\"image\":{\"@id\":\"https:\/\/gymfactory.eu\/lt\/#\/schema\/logo\/image\/\"}}]}<\/script>\n<!-- \/ Yoast SEO plugin. -->","yoast_head_json":{"title":"\"P1X\" pe\u010di\u0173 spaudimo ma\u0161ina - bet kurios sporto sal\u0117s \u012franga","description":"Steigiate universali\u0105 sporto sal\u0119? P1X pe\u010di\u0173 spaudimo treniruoklis skirtas vir\u0161utin\u0117s k\u016bno dalies j\u0117gos treniruot\u0117ms ir puikiai tinka bet kurioje sporto sal\u0117je ar treniruokli\u0173 sal\u0117je.","robots":{"index":"index","follow":"follow","max-snippet":"max-snippet:-1","max-image-preview":"max-image-preview:large","max-video-preview":"max-video-preview:-1"},"canonical":"https:\/\/gymfactory.eu\/lt\/produktas\/p1x-peciu-spaudimo-masina\/","og_locale":"lt_LT","og_type":"article","og_title":"\"P1X\" pe\u010di\u0173 spaudimo ma\u0161ina - bet kurios sporto sal\u0117s \u012franga","og_description":"Steigiate universali\u0105 sporto sal\u0119? P1X pe\u010di\u0173 spaudimo treniruoklis skirtas vir\u0161utin\u0117s k\u016bno dalies j\u0117gos treniruot\u0117ms ir puikiai tinka bet kurioje sporto sal\u0117je ar treniruokli\u0173 sal\u0117je.","og_url":"https:\/\/gymfactory.eu\/lt\/produktas\/p1x-peciu-spaudimo-masina\/","og_site_name":"Gym Factory","article_modified_time":"2025-12-02T12:40:45+00:00","og_image":[{"width":1500,"height":1500,"url":"https:\/\/gymfactory.eu\/wp-content\/uploads\/2025\/02\/Gym-Machine-Shoulder-Press-Gym-Setup-Side-View.jpg","type":"image\/jpeg"}],"twitter_card":"summary_large_image","twitter_misc":{"Est. reading time":"1 minut\u0117"},"schema":{"@context":"https:\/\/schema.org","@graph":[{"@type":"WebPage","@id":"https:\/\/gymfactory.eu\/lt\/produktas\/p1x-peciu-spaudimo-masina\/","url":"https:\/\/gymfactory.eu\/lt\/produktas\/p1x-peciu-spaudimo-masina\/","name":"\"P1X\" pe\u010di\u0173 spaudimo ma\u0161ina - bet kurios sporto sal\u0117s \u012franga","isPartOf":{"@id":"https:\/\/gymfactory.eu\/lt\/#website"},"primaryImageOfPage":{"@id":"https:\/\/gymfactory.eu\/lt\/produktas\/p1x-peciu-spaudimo-masina\/#primaryimage"},"image":{"@id":"https:\/\/gymfactory.eu\/lt\/produktas\/p1x-peciu-spaudimo-masina\/#primaryimage"},"thumbnailUrl":"https:\/\/gymfactory.eu\/wp-content\/uploads\/2025\/02\/Gym-Machine-Shoulder-Press-Gym-Setup-Side-View.jpg","datePublished":"2025-02-07T09:21:30+00:00","dateModified":"2025-12-02T12:40:45+00:00","description":"Steigiate universali\u0105 sporto sal\u0119? P1X pe\u010di\u0173 spaudimo treniruoklis skirtas vir\u0161utin\u0117s k\u016bno dalies j\u0117gos treniruot\u0117ms ir puikiai tinka bet kurioje sporto sal\u0117je ar treniruokli\u0173 sal\u0117je.","breadcrumb":{"@id":"https:\/\/gymfactory.eu\/lt\/produktas\/p1x-peciu-spaudimo-masina\/#breadcrumb"},"inLanguage":"lt-LT","potentialAction":[{"@type":"ReadAction","target":["https:\/\/gymfactory.eu\/lt\/produktas\/p1x-peciu-spaudimo-masina\/"]}]},{"@type":"ImageObject","inLanguage":"lt-LT","@id":"https:\/\/gymfactory.eu\/lt\/produktas\/p1x-peciu-spaudimo-masina\/#primaryimage","url":"https:\/\/gymfactory.eu\/wp-content\/uploads\/2025\/02\/Gym-Machine-Shoulder-Press-Gym-Setup-Side-View.jpg","contentUrl":"https:\/\/gymfactory.eu\/wp-content\/uploads\/2025\/02\/Gym-Machine-Shoulder-Press-Gym-Setup-Side-View.jpg","width":1500,"height":1500,"caption":"Asmuo, naudojantis treniruokl\u012f pe\u010di\u0173 spaudimo treniruotei. Treniruoklis turi raudon\u0105 metalin\u012f r\u0117m\u0105, reguliuojam\u0105 pamink\u0161tint\u0105 s\u0117dyn\u0119 ir pasiprie\u0161inim\u0105 u\u017etikrinan\u010di\u0105 svertini\u0173 lyn\u0173 sistem\u0105. Naudotojas s\u0117di rankomis su\u0117m\u0119s rankenas ir stumia \u012f vir\u0161\u0173, kad \u012fdarbint\u0173 pe\u010di\u0173 raumenis."},{"@type":"BreadcrumbList","@id":"https:\/\/gymfactory.eu\/lt\/produktas\/p1x-peciu-spaudimo-masina\/#breadcrumb","itemListElement":[{"@type":"ListItem","position":1,"name":"Pagrindinis","item":"https:\/\/gymfactory.eu\/lt\/"},{"@type":"ListItem","position":2,"name":"Katalogas","item":"https:\/\/gymfactory.eu\/lt\/katalogas\/"},{"@type":"ListItem","position":3,"name":"P1X Pe\u010di\u0173 spaudimo treniruoklis"}]},{"@type":"WebSite","@id":"https:\/\/gymfactory.eu\/lt\/#website","url":"https:\/\/gymfactory.eu\/lt\/","name":"Gym Factory","description":"","publisher":{"@id":"https:\/\/gymfactory.eu\/lt\/#organization"},"potentialAction":[{"@type":"SearchAction","target":{"@type":"EntryPoint","urlTemplate":"https:\/\/gymfactory.eu\/lt\/?s={search_term_string}"},"query-input":{"@type":"PropertyValueSpecification","valueRequired":true,"valueName":"search_term_string"}}],"inLanguage":"lt-LT"},{"@type":"Organization","@id":"https:\/\/gymfactory.eu\/lt\/#organization","name":"Sporto sal\u0117s gamykla","url":"https:\/\/gymfactory.eu\/lt\/","logo":{"@type":"ImageObject","inLanguage":"lt-LT","@id":"https:\/\/gymfactory.eu\/lt\/#\/schema\/logo\/image\/","url":"https:\/\/gymfactory.eu\/wp-content\/uploads\/2024\/11\/Component-1.svg","contentUrl":"https:\/\/gymfactory.eu\/wp-content\/uploads\/2024\/11\/Component-1.svg","width":54,"height":44,"caption":"Sporto sal\u0117s gamykla"},"image":{"@id":"https:\/\/gymfactory.eu\/lt\/#\/schema\/logo\/image\/"}}]}},"_links":{"self":[{"href":"https:\/\/gymfactory.eu\/lt\/wp-json\/wp\/v2\/product\/10240","targetHints":{"allow":["GET"]}}],"collection":[{"href":"https:\/\/gymfactory.eu\/lt\/wp-json\/wp\/v2\/product"}],"about":[{"href":"https:\/\/gymfactory.eu\/lt\/wp-json\/wp\/v2\/types\/product"}],"wp:featuredmedia":[{"embeddable":true,"href":"https:\/\/gymfactory.eu\/lt\/wp-json\/wp\/v2\/media\/8793"}],"wp:attachment":[{"href":"https:\/\/gymfactory.eu\/lt\/wp-json\/wp\/v2\/media?parent=10240"}],"wp:term":[{"taxonomy":"product_brand","embeddable":true,"href":"https:\/\/gymfactory.eu\/lt\/wp-json\/wp\/v2\/product_brand?post=10240"},{"taxonomy":"product_cat","embeddable":true,"href":"https:\/\/gymfactory.eu\/lt\/wp-json\/wp\/v2\/product_cat?post=10240"},{"taxonomy":"product_tag","embeddable":true,"href":"https:\/\/gymfactory.eu\/lt\/wp-json\/wp\/v2\/product_tag?post=10240"}],"curies":[{"name":"wp","href":"https:\/\/api.w.org\/{rel}","templated":true}]}}