{"id":10219,"date":"2025-02-07T11:13:31","date_gmt":"2025-02-07T09:13:31","guid":{"rendered":"https:\/\/gymfactory.eu\/product\/o3x-blauzdu-kelimo-masina\/"},"modified":"2025-12-02T14:38:00","modified_gmt":"2025-12-02T12:38:00","slug":"o3x-blauzdu-kelimo-masina","status":"publish","type":"product","link":"https:\/\/gymfactory.eu\/lt\/produktas\/o3x-blauzdu-kelimo-masina\/","title":{"rendered":"O3x Blauzd\u0173 treniruoklis"},"content":{"rendered":"<p>O3x \u2013 tai blokinis treniruoklis, skirtas stovimiems blauzd\u0173 k\u0117limams su svoriu. Tinka tiek nam\u0173, tiek profesionalioms sporto sal\u0117ms.<\/p>\n<p>Treniruot\u0117s metu stiprinami blauzd\u0173 raumenys, atliekant vertikal\u0173 judes\u012f per \u010diurnos s\u0105nar\u012f. Pe\u010di\u0173 atramos reguliuojamos pagal \u016bg\u012f, tod\u0117l kiekvienas naudotojas gali prisitaikyti treniruokl\u012f pagal save ir i\u0161laikyti taisykling\u0105 pad\u0117t\u012f.<\/p>\n<p>Kelios ranken\u0173 pad\u0117tys u\u017etikrina stabilum\u0105 kiekvieno pakartojimo metu.<\/p>\n<p>O3x \u2013 patikimas sprendimas, norint efektyviai stiprinti blauzdas su ai\u0161kiai valdomu judesiu ir pastoviu pasiprie\u0161inimu.<\/p>\n\n    <div class=\"xs_social_share_widget xs_share_url after_content \t\tmain_content  wslu-style-1 wslu-share-box-shaped wslu-fill-colored wslu-none wslu-share-horizontal wslu-theme-font-no wslu-main_content\">\n\n\t\t\n        <ul>\n\t\t\t        <\/ul>\n    <\/div> \n","protected":false},"excerpt":{"rendered":"<p>O3x \u2013 tai blokinis treniruoklis, skirtas stovimiems blauzd\u0173 k\u0117limams su svoriu. Tinka tiek nam\u0173, tiek profesionalioms sporto sal\u0117ms. Treniruot\u0117s metu stiprinami blauzd\u0173 raumenys, atliekant vertikal\u0173 judes\u012f per \u010diurnos s\u0105nar\u012f. Pe\u010di\u0173 atramos reguliuojamos pagal \u016bg\u012f, tod\u0117l kiekvienas naudotojas gali prisitaikyti treniruokl\u012f pagal save ir i\u0161laikyti taisykling\u0105 pad\u0117t\u012f. Kelios ranken\u0173 pad\u0117tys u\u017etikrina stabilum\u0105 kiekvieno pakartojimo metu. O3x [&hellip;]<\/p>\n","protected":false},"featured_media":8792,"template":"","meta":{"_acf_changed":false},"product_brand":[817],"product_cat":[466],"product_tag":[],"class_list":{"0":"post-10219","1":"product","2":"type-product","3":"status-publish","4":"has-post-thumbnail","6":"product_brand-gym-factory-lt","7":"product_cat-blokiniai-treniruokliai","9":"first","10":"onbackorder","11":"taxable","12":"shipping-taxable","13":"purchasable","14":"product-type-variable","15":"has-default-attributes"},"acf":[],"yoast_head":"<!-- This site is optimized with the Yoast SEO plugin v25.2 - https:\/\/yoast.com\/wordpress\/plugins\/seo\/ -->\n<title>&quot;O3x&quot; blauzd\u0173 k\u0117limo ma\u0161ina koj\u0173 stiprumo treniruot\u0117ms<\/title>\n<meta name=\"description\" content=\"Reikia efektyviai treniruoti blauzdas? &quot;O3X&quot; blauzd\u0173 k\u0117limo treniruoklis skirtas koj\u0173 j\u0117gos pratimams, kuri\u0173 metu atliekami skland\u016bs judesiai ir koncentruojamasi \u012f atskirus raumenis.\" \/>\n<meta name=\"robots\" content=\"index, follow, max-snippet:-1, max-image-preview:large, max-video-preview:-1\" \/>\n<link rel=\"canonical\" href=\"https:\/\/gymfactory.eu\/lt\/produktas\/o3x-blauzdu-kelimo-masina\/\" \/>\n<meta property=\"og:locale\" content=\"lt_LT\" \/>\n<meta property=\"og:type\" content=\"article\" \/>\n<meta property=\"og:title\" content=\"&quot;O3x&quot; blauzd\u0173 k\u0117limo ma\u0161ina koj\u0173 stiprumo treniruot\u0117ms\" \/>\n<meta property=\"og:description\" content=\"Reikia efektyviai treniruoti blauzdas? &quot;O3X&quot; blauzd\u0173 k\u0117limo treniruoklis skirtas koj\u0173 j\u0117gos pratimams, kuri\u0173 metu atliekami skland\u016bs judesiai ir koncentruojamasi \u012f atskirus raumenis.\" \/>\n<meta property=\"og:url\" content=\"https:\/\/gymfactory.eu\/lt\/produktas\/o3x-blauzdu-kelimo-masina\/\" \/>\n<meta property=\"og:site_name\" content=\"Gym Factory\" \/>\n<meta property=\"article:modified_time\" content=\"2025-12-02T12:38:00+00:00\" \/>\n<meta property=\"og:image\" content=\"https:\/\/gymfactory.eu\/wp-content\/uploads\/2025\/02\/Gym-Machine-Standing-Dip-Front-View-1.webp\" \/>\n\t<meta property=\"og:image:width\" content=\"1500\" \/>\n\t<meta property=\"og:image:height\" content=\"1500\" \/>\n\t<meta property=\"og:image:type\" content=\"image\/webp\" \/>\n<meta name=\"twitter:card\" content=\"summary_large_image\" \/>\n<meta name=\"twitter:label1\" content=\"Est. reading time\" \/>\n\t<meta name=\"twitter:data1\" content=\"1 minut\u0117\" \/>\n<script type=\"application\/ld+json\" class=\"yoast-schema-graph\">{\"@context\":\"https:\/\/schema.org\",\"@graph\":[{\"@type\":\"WebPage\",\"@id\":\"https:\/\/gymfactory.eu\/lt\/produktas\/o3x-blauzdu-kelimo-masina\/\",\"url\":\"https:\/\/gymfactory.eu\/lt\/produktas\/o3x-blauzdu-kelimo-masina\/\",\"name\":\"\\\"O3x\\\" blauzd\u0173 k\u0117limo ma\u0161ina koj\u0173 stiprumo treniruot\u0117ms\",\"isPartOf\":{\"@id\":\"https:\/\/gymfactory.eu\/lt\/#website\"},\"primaryImageOfPage\":{\"@id\":\"https:\/\/gymfactory.eu\/lt\/produktas\/o3x-blauzdu-kelimo-masina\/#primaryimage\"},\"image\":{\"@id\":\"https:\/\/gymfactory.eu\/lt\/produktas\/o3x-blauzdu-kelimo-masina\/#primaryimage\"},\"thumbnailUrl\":\"https:\/\/gymfactory.eu\/wp-content\/uploads\/2025\/02\/Gym-Machine-Standing-Dip-Front-View-1.webp\",\"datePublished\":\"2025-02-07T09:13:31+00:00\",\"dateModified\":\"2025-12-02T12:38:00+00:00\",\"description\":\"Reikia efektyviai treniruoti blauzdas? \\\"O3X\\\" blauzd\u0173 k\u0117limo treniruoklis skirtas koj\u0173 j\u0117gos pratimams, kuri\u0173 metu atliekami skland\u016bs judesiai ir koncentruojamasi \u012f atskirus raumenis.\",\"breadcrumb\":{\"@id\":\"https:\/\/gymfactory.eu\/lt\/produktas\/o3x-blauzdu-kelimo-masina\/#breadcrumb\"},\"inLanguage\":\"lt-LT\",\"potentialAction\":[{\"@type\":\"ReadAction\",\"target\":[\"https:\/\/gymfactory.eu\/lt\/produktas\/o3x-blauzdu-kelimo-masina\/\"]}]},{\"@type\":\"ImageObject\",\"inLanguage\":\"lt-LT\",\"@id\":\"https:\/\/gymfactory.eu\/lt\/produktas\/o3x-blauzdu-kelimo-masina\/#primaryimage\",\"url\":\"https:\/\/gymfactory.eu\/wp-content\/uploads\/2025\/02\/Gym-Machine-Standing-Dip-Front-View-1.webp\",\"contentUrl\":\"https:\/\/gymfactory.eu\/wp-content\/uploads\/2025\/02\/Gym-Machine-Standing-Dip-Front-View-1.webp\",\"width\":1500,\"height\":1500,\"caption\":\"Stovimos gimnastikos ma\u0161inos su baltu r\u0117mu ir juodu pamink\u0161tinimu vaizdas i\u0161 priekio. Svori\u0173 kr\u016bva pa\u017eym\u0117ta 80 kg, o kabeli\u0173 sistema u\u017etikrina skland\u0173 jud\u0117jim\u0105. Ergonomi\u0161kas dizainas padeda treniruoti vir\u0161utin\u0117s k\u016bno dalies j\u0117g\u0105, daugiausia d\u0117mesio skiriant tricepsams ir pe\u010diams.\"},{\"@type\":\"BreadcrumbList\",\"@id\":\"https:\/\/gymfactory.eu\/lt\/produktas\/o3x-blauzdu-kelimo-masina\/#breadcrumb\",\"itemListElement\":[{\"@type\":\"ListItem\",\"position\":1,\"name\":\"Pagrindinis\",\"item\":\"https:\/\/gymfactory.eu\/lt\/\"},{\"@type\":\"ListItem\",\"position\":2,\"name\":\"Katalogas\",\"item\":\"https:\/\/gymfactory.eu\/lt\/katalogas\/\"},{\"@type\":\"ListItem\",\"position\":3,\"name\":\"O3x Blauzd\u0173 treniruoklis\"}]},{\"@type\":\"WebSite\",\"@id\":\"https:\/\/gymfactory.eu\/lt\/#website\",\"url\":\"https:\/\/gymfactory.eu\/lt\/\",\"name\":\"Gym Factory\",\"description\":\"\",\"publisher\":{\"@id\":\"https:\/\/gymfactory.eu\/lt\/#organization\"},\"potentialAction\":[{\"@type\":\"SearchAction\",\"target\":{\"@type\":\"EntryPoint\",\"urlTemplate\":\"https:\/\/gymfactory.eu\/lt\/?s={search_term_string}\"},\"query-input\":{\"@type\":\"PropertyValueSpecification\",\"valueRequired\":true,\"valueName\":\"search_term_string\"}}],\"inLanguage\":\"lt-LT\"},{\"@type\":\"Organization\",\"@id\":\"https:\/\/gymfactory.eu\/lt\/#organization\",\"name\":\"Sporto sal\u0117s gamykla\",\"url\":\"https:\/\/gymfactory.eu\/lt\/\",\"logo\":{\"@type\":\"ImageObject\",\"inLanguage\":\"lt-LT\",\"@id\":\"https:\/\/gymfactory.eu\/lt\/#\/schema\/logo\/image\/\",\"url\":\"https:\/\/gymfactory.eu\/wp-content\/uploads\/2024\/11\/Component-1.svg\",\"contentUrl\":\"https:\/\/gymfactory.eu\/wp-content\/uploads\/2024\/11\/Component-1.svg\",\"width\":54,\"height\":44,\"caption\":\"Sporto sal\u0117s gamykla\"},\"image\":{\"@id\":\"https:\/\/gymfactory.eu\/lt\/#\/schema\/logo\/image\/\"}}]}<\/script>\n<!-- \/ Yoast SEO plugin. -->","yoast_head_json":{"title":"\"O3x\" blauzd\u0173 k\u0117limo ma\u0161ina koj\u0173 stiprumo treniruot\u0117ms","description":"Reikia efektyviai treniruoti blauzdas? \"O3X\" blauzd\u0173 k\u0117limo treniruoklis skirtas koj\u0173 j\u0117gos pratimams, kuri\u0173 metu atliekami skland\u016bs judesiai ir koncentruojamasi \u012f atskirus raumenis.","robots":{"index":"index","follow":"follow","max-snippet":"max-snippet:-1","max-image-preview":"max-image-preview:large","max-video-preview":"max-video-preview:-1"},"canonical":"https:\/\/gymfactory.eu\/lt\/produktas\/o3x-blauzdu-kelimo-masina\/","og_locale":"lt_LT","og_type":"article","og_title":"\"O3x\" blauzd\u0173 k\u0117limo ma\u0161ina koj\u0173 stiprumo treniruot\u0117ms","og_description":"Reikia efektyviai treniruoti blauzdas? \"O3X\" blauzd\u0173 k\u0117limo treniruoklis skirtas koj\u0173 j\u0117gos pratimams, kuri\u0173 metu atliekami skland\u016bs judesiai ir koncentruojamasi \u012f atskirus raumenis.","og_url":"https:\/\/gymfactory.eu\/lt\/produktas\/o3x-blauzdu-kelimo-masina\/","og_site_name":"Gym Factory","article_modified_time":"2025-12-02T12:38:00+00:00","og_image":[{"width":1500,"height":1500,"url":"https:\/\/gymfactory.eu\/wp-content\/uploads\/2025\/02\/Gym-Machine-Standing-Dip-Front-View-1.webp","type":"image\/webp"}],"twitter_card":"summary_large_image","twitter_misc":{"Est. reading time":"1 minut\u0117"},"schema":{"@context":"https:\/\/schema.org","@graph":[{"@type":"WebPage","@id":"https:\/\/gymfactory.eu\/lt\/produktas\/o3x-blauzdu-kelimo-masina\/","url":"https:\/\/gymfactory.eu\/lt\/produktas\/o3x-blauzdu-kelimo-masina\/","name":"\"O3x\" blauzd\u0173 k\u0117limo ma\u0161ina koj\u0173 stiprumo treniruot\u0117ms","isPartOf":{"@id":"https:\/\/gymfactory.eu\/lt\/#website"},"primaryImageOfPage":{"@id":"https:\/\/gymfactory.eu\/lt\/produktas\/o3x-blauzdu-kelimo-masina\/#primaryimage"},"image":{"@id":"https:\/\/gymfactory.eu\/lt\/produktas\/o3x-blauzdu-kelimo-masina\/#primaryimage"},"thumbnailUrl":"https:\/\/gymfactory.eu\/wp-content\/uploads\/2025\/02\/Gym-Machine-Standing-Dip-Front-View-1.webp","datePublished":"2025-02-07T09:13:31+00:00","dateModified":"2025-12-02T12:38:00+00:00","description":"Reikia efektyviai treniruoti blauzdas? \"O3X\" blauzd\u0173 k\u0117limo treniruoklis skirtas koj\u0173 j\u0117gos pratimams, kuri\u0173 metu atliekami skland\u016bs judesiai ir koncentruojamasi \u012f atskirus raumenis.","breadcrumb":{"@id":"https:\/\/gymfactory.eu\/lt\/produktas\/o3x-blauzdu-kelimo-masina\/#breadcrumb"},"inLanguage":"lt-LT","potentialAction":[{"@type":"ReadAction","target":["https:\/\/gymfactory.eu\/lt\/produktas\/o3x-blauzdu-kelimo-masina\/"]}]},{"@type":"ImageObject","inLanguage":"lt-LT","@id":"https:\/\/gymfactory.eu\/lt\/produktas\/o3x-blauzdu-kelimo-masina\/#primaryimage","url":"https:\/\/gymfactory.eu\/wp-content\/uploads\/2025\/02\/Gym-Machine-Standing-Dip-Front-View-1.webp","contentUrl":"https:\/\/gymfactory.eu\/wp-content\/uploads\/2025\/02\/Gym-Machine-Standing-Dip-Front-View-1.webp","width":1500,"height":1500,"caption":"Stovimos gimnastikos ma\u0161inos su baltu r\u0117mu ir juodu pamink\u0161tinimu vaizdas i\u0161 priekio. Svori\u0173 kr\u016bva pa\u017eym\u0117ta 80 kg, o kabeli\u0173 sistema u\u017etikrina skland\u0173 jud\u0117jim\u0105. Ergonomi\u0161kas dizainas padeda treniruoti vir\u0161utin\u0117s k\u016bno dalies j\u0117g\u0105, daugiausia d\u0117mesio skiriant tricepsams ir pe\u010diams."},{"@type":"BreadcrumbList","@id":"https:\/\/gymfactory.eu\/lt\/produktas\/o3x-blauzdu-kelimo-masina\/#breadcrumb","itemListElement":[{"@type":"ListItem","position":1,"name":"Pagrindinis","item":"https:\/\/gymfactory.eu\/lt\/"},{"@type":"ListItem","position":2,"name":"Katalogas","item":"https:\/\/gymfactory.eu\/lt\/katalogas\/"},{"@type":"ListItem","position":3,"name":"O3x Blauzd\u0173 treniruoklis"}]},{"@type":"WebSite","@id":"https:\/\/gymfactory.eu\/lt\/#website","url":"https:\/\/gymfactory.eu\/lt\/","name":"Gym Factory","description":"","publisher":{"@id":"https:\/\/gymfactory.eu\/lt\/#organization"},"potentialAction":[{"@type":"SearchAction","target":{"@type":"EntryPoint","urlTemplate":"https:\/\/gymfactory.eu\/lt\/?s={search_term_string}"},"query-input":{"@type":"PropertyValueSpecification","valueRequired":true,"valueName":"search_term_string"}}],"inLanguage":"lt-LT"},{"@type":"Organization","@id":"https:\/\/gymfactory.eu\/lt\/#organization","name":"Sporto sal\u0117s gamykla","url":"https:\/\/gymfactory.eu\/lt\/","logo":{"@type":"ImageObject","inLanguage":"lt-LT","@id":"https:\/\/gymfactory.eu\/lt\/#\/schema\/logo\/image\/","url":"https:\/\/gymfactory.eu\/wp-content\/uploads\/2024\/11\/Component-1.svg","contentUrl":"https:\/\/gymfactory.eu\/wp-content\/uploads\/2024\/11\/Component-1.svg","width":54,"height":44,"caption":"Sporto sal\u0117s gamykla"},"image":{"@id":"https:\/\/gymfactory.eu\/lt\/#\/schema\/logo\/image\/"}}]}},"_links":{"self":[{"href":"https:\/\/gymfactory.eu\/lt\/wp-json\/wp\/v2\/product\/10219","targetHints":{"allow":["GET"]}}],"collection":[{"href":"https:\/\/gymfactory.eu\/lt\/wp-json\/wp\/v2\/product"}],"about":[{"href":"https:\/\/gymfactory.eu\/lt\/wp-json\/wp\/v2\/types\/product"}],"wp:featuredmedia":[{"embeddable":true,"href":"https:\/\/gymfactory.eu\/lt\/wp-json\/wp\/v2\/media\/8792"}],"wp:attachment":[{"href":"https:\/\/gymfactory.eu\/lt\/wp-json\/wp\/v2\/media?parent=10219"}],"wp:term":[{"taxonomy":"product_brand","embeddable":true,"href":"https:\/\/gymfactory.eu\/lt\/wp-json\/wp\/v2\/product_brand?post=10219"},{"taxonomy":"product_cat","embeddable":true,"href":"https:\/\/gymfactory.eu\/lt\/wp-json\/wp\/v2\/product_cat?post=10219"},{"taxonomy":"product_tag","embeddable":true,"href":"https:\/\/gymfactory.eu\/lt\/wp-json\/wp\/v2\/product_tag?post=10219"}],"curies":[{"name":"wp","href":"https:\/\/api.w.org\/{rel}","templated":true}]}}