{"id":10206,"date":"2025-02-06T16:18:43","date_gmt":"2025-02-06T14:18:43","guid":{"rendered":"https:\/\/gymfactory.eu\/product\/m7x-8-in-1-multistation-treniruoklis\/"},"modified":"2025-12-02T14:19:04","modified_gmt":"2025-12-02T12:19:04","slug":"m7x-8-in-1-multistation-treniruoklis","status":"publish","type":"product","link":"https:\/\/gymfactory.eu\/lt\/produktas\/m7x-8-in-1-multistation-treniruoklis\/","title":{"rendered":"M7X 8-blok\u0173 daugiafunkcinis treniruoklis"},"content":{"rendered":"<p>M7X \u2013 tai itin universalus treniruo\u010di\u0173 stovas viso k\u016bno j\u0117gos lavinimui. Jis sujungia net 8 treniruo\u010di\u0173 stotis \u012f vien\u0105 kompakti\u0161k\u0105 sistem\u0105 \u2013 tai efektyvus b\u016bdas sutaupyti vietos ir maksimaliai i\u0161naudoti \u012frangos galimybes.<\/p>\n<p><strong>Stovas apjungia \u0161ias treniruo\u010di\u0173 stotis:<\/strong><\/p>\n<ul>\n<li>[C2] Kry\u017emin\u0117s traukos treniruoklis \u2013 dvi nepriklausomos, reguliuojamo auk\u0161\u010dio tros\u0173 svirtys leid\u017eia atlikti \u012fvairius vir\u0161utin\u0117s k\u016bno dalies pratimus. Komplekte \u2013 vieno rankos rankenos.<\/li>\n<li>[M9x] Kr\u016btin\u0117s suspaudimo stotis \u2013 izoliuotas kr\u016btin\u0117s raumen\u0173 treniravimas naudojant alk\u016bni\u0173 ir dilbi\u0173 atramas. Reguliuojama s\u0117dyn\u0117, atlo\u0161as ir koj\u0173 atramos padeda stabilizuoti k\u016bn\u0105.<\/li>\n<li>[L7xx] Trauka s\u0117dint \u2013 skirta vir\u0161utin\u0117s ir vidurin\u0117s nugaros treniruotei. Reguliuojamos atramos padeda prisitaikyti prie naudotojo, galima naudoti siaur\u0105 arba plat\u0173 su\u0117mim\u0105. Pagalbinis pedalas palengvina svorio pak\u0117lim\u0105.<\/li>\n<li>[E2] Pilvo preso treniravimo blokas \u2013 koncentruotas pilvo preso stiprinimas. Reguliuojama koj\u0173 atrama padeda stabilizuoti apatin\u0119 k\u016bno dal\u012f.<\/li>\n<li>[P1x] Pe\u010di\u0173 spaudimo stotis \u2013 skirta pe\u010di\u0173 j\u0117gos ugdymui. Reguliuojamos atramos u\u017etikrina stabili\u0105 pad\u0117t\u012f spaudimo metu.<\/li>\n<li>[K3p] Atsispaudim\u0173 \/ prisitraukim\u0173 su pagalba stotis \u2013 leid\u017eia atlikti pratimus su k\u016bno svoriu, su arba be pagalbos. Papildomos platformos padeda saugiai pasiekti pradin\u0119 pad\u0117t\u012f. Atsispaudimai stiprina tricepsus, kr\u016btin\u0119 ir pe\u010dius, o prisitraukimai \u2013 nugar\u0105 ir rankas.<\/li>\n<li>[A6xxx] Kr\u016btin\u0117s spaudimo stotis \u2013 stiprina kr\u016btin\u0117s raumenis, \u012ftraukiant ir tricepsus bei pe\u010dius. Reguliuojama s\u0117dyn\u0117 u\u017etikrina taisykling\u0105 pad\u0117t\u012f ir judesio trajektorij\u0105.<\/li>\n<\/ul>\n<p>M7X 8-in-1 Daugiafunkcinis treniruo\u010di\u0173 stovas \u2013 tai visapusi\u0161kas sprendimas, norintiems tur\u0117ti viso k\u016bno treniruo\u010di\u0173 galimybes viename patogiame, ai\u0161kiai strukt\u016bruotame \u012frenginyje.<\/p>\n\n    <div class=\"xs_social_share_widget xs_share_url after_content \t\tmain_content  wslu-style-1 wslu-share-box-shaped wslu-fill-colored wslu-none wslu-share-horizontal wslu-theme-font-no wslu-main_content\">\n\n\t\t\n        <ul>\n\t\t\t        <\/ul>\n    <\/div> \n","protected":false},"excerpt":{"rendered":"<p>M7X \u2013 tai itin universalus treniruo\u010di\u0173 stovas viso k\u016bno j\u0117gos lavinimui. Jis sujungia net 8 treniruo\u010di\u0173 stotis \u012f vien\u0105 kompakti\u0161k\u0105 sistem\u0105 \u2013 tai efektyvus b\u016bdas sutaupyti vietos ir maksimaliai i\u0161naudoti \u012frangos galimybes. Stovas apjungia \u0161ias treniruo\u010di\u0173 stotis: [C2] Kry\u017emin\u0117s traukos treniruoklis \u2013 dvi nepriklausomos, reguliuojamo auk\u0161\u010dio tros\u0173 svirtys leid\u017eia atlikti \u012fvairius vir\u0161utin\u0117s k\u016bno dalies pratimus. [&hellip;]<\/p>\n","protected":false},"featured_media":8791,"template":"","meta":{"_acf_changed":false},"product_brand":[817],"product_cat":[466],"product_tag":[],"class_list":{"0":"post-10206","1":"product","2":"type-product","3":"status-publish","4":"has-post-thumbnail","6":"product_brand-gym-factory-lt","7":"product_cat-blokiniai-treniruokliai","9":"first","10":"onbackorder","11":"taxable","12":"shipping-taxable","13":"purchasable","14":"product-type-variable","15":"has-default-attributes"},"acf":[],"yoast_head":"<!-- This site is optimized with the Yoast SEO plugin v25.2 - https:\/\/yoast.com\/wordpress\/plugins\/seo\/ -->\n<title>M7X &quot;8-in-1&quot; treniruoklis, skirtas viso k\u016bno j\u0117gos treniruot\u0117ms<\/title>\n<meta name=\"description\" content=\"Reikia treniruoklio, kuris treniruot\u0173 vis\u0105 k\u016bn\u0105? &quot;M7X 8-in-1&quot; treniruoklis sukurtas viso k\u016bno j\u0117gos treniruot\u0117ms namuose arba komercin\u0117se sporto sal\u0117se.\" \/>\n<meta name=\"robots\" content=\"index, follow, max-snippet:-1, max-image-preview:large, max-video-preview:-1\" \/>\n<link rel=\"canonical\" href=\"https:\/\/gymfactory.eu\/lt\/produktas\/m7x-8-in-1-multistation-treniruoklis\/\" \/>\n<meta property=\"og:locale\" content=\"lt_LT\" \/>\n<meta property=\"og:type\" content=\"article\" \/>\n<meta property=\"og:title\" content=\"M7X &quot;8-in-1&quot; treniruoklis, skirtas viso k\u016bno j\u0117gos treniruot\u0117ms\" \/>\n<meta property=\"og:description\" content=\"Reikia treniruoklio, kuris treniruot\u0173 vis\u0105 k\u016bn\u0105? &quot;M7X 8-in-1&quot; treniruoklis sukurtas viso k\u016bno j\u0117gos treniruot\u0117ms namuose arba komercin\u0117se sporto sal\u0117se.\" \/>\n<meta property=\"og:url\" content=\"https:\/\/gymfactory.eu\/lt\/produktas\/m7x-8-in-1-multistation-treniruoklis\/\" \/>\n<meta property=\"og:site_name\" content=\"Gym Factory\" \/>\n<meta property=\"article:modified_time\" content=\"2025-12-02T12:19:04+00:00\" \/>\n<meta property=\"og:image\" content=\"https:\/\/gymfactory.eu\/wp-content\/uploads\/2025\/02\/Multi-Station-Gym-Machine-Top-View.jpg\" \/>\n\t<meta property=\"og:image:width\" content=\"1500\" \/>\n\t<meta property=\"og:image:height\" content=\"1500\" \/>\n\t<meta property=\"og:image:type\" content=\"image\/jpeg\" \/>\n<meta name=\"twitter:card\" content=\"summary_large_image\" \/>\n<meta name=\"twitter:label1\" content=\"Est. reading time\" \/>\n\t<meta name=\"twitter:data1\" content=\"2 minut\u0117s\" \/>\n<script type=\"application\/ld+json\" class=\"yoast-schema-graph\">{\"@context\":\"https:\/\/schema.org\",\"@graph\":[{\"@type\":\"WebPage\",\"@id\":\"https:\/\/gymfactory.eu\/lt\/produktas\/m7x-8-in-1-multistation-treniruoklis\/\",\"url\":\"https:\/\/gymfactory.eu\/lt\/produktas\/m7x-8-in-1-multistation-treniruoklis\/\",\"name\":\"M7X \\\"8-in-1\\\" treniruoklis, skirtas viso k\u016bno j\u0117gos treniruot\u0117ms\",\"isPartOf\":{\"@id\":\"https:\/\/gymfactory.eu\/lt\/#website\"},\"primaryImageOfPage\":{\"@id\":\"https:\/\/gymfactory.eu\/lt\/produktas\/m7x-8-in-1-multistation-treniruoklis\/#primaryimage\"},\"image\":{\"@id\":\"https:\/\/gymfactory.eu\/lt\/produktas\/m7x-8-in-1-multistation-treniruoklis\/#primaryimage\"},\"thumbnailUrl\":\"https:\/\/gymfactory.eu\/wp-content\/uploads\/2025\/02\/Multi-Station-Gym-Machine-Top-View.jpg\",\"datePublished\":\"2025-02-06T14:18:43+00:00\",\"dateModified\":\"2025-12-02T12:19:04+00:00\",\"description\":\"Reikia treniruoklio, kuris treniruot\u0173 vis\u0105 k\u016bn\u0105? \\\"M7X 8-in-1\\\" treniruoklis sukurtas viso k\u016bno j\u0117gos treniruot\u0117ms namuose arba komercin\u0117se sporto sal\u0117se.\",\"breadcrumb\":{\"@id\":\"https:\/\/gymfactory.eu\/lt\/produktas\/m7x-8-in-1-multistation-treniruoklis\/#breadcrumb\"},\"inLanguage\":\"lt-LT\",\"potentialAction\":[{\"@type\":\"ReadAction\",\"target\":[\"https:\/\/gymfactory.eu\/lt\/produktas\/m7x-8-in-1-multistation-treniruoklis\/\"]}]},{\"@type\":\"ImageObject\",\"inLanguage\":\"lt-LT\",\"@id\":\"https:\/\/gymfactory.eu\/lt\/produktas\/m7x-8-in-1-multistation-treniruoklis\/#primaryimage\",\"url\":\"https:\/\/gymfactory.eu\/wp-content\/uploads\/2025\/02\/Multi-Station-Gym-Machine-Top-View.jpg\",\"contentUrl\":\"https:\/\/gymfactory.eu\/wp-content\/uploads\/2025\/02\/Multi-Station-Gym-Machine-Top-View.jpg\",\"width\":1500,\"height\":1500,\"caption\":\"I\u0161 vir\u0161aus \u012f apa\u010di\u0105 matomas juodo daugiapozicinio treniruoklio vaizdas, kuriame matyti daugyb\u0117 svori\u0173 kr\u016bvi\u0173, skriemuli\u0173 ir s\u0117dim\u0173j\u0173 viet\u0173 \u012fvairiems j\u0117gos pratimams atlikti. \u0160i universali treniruokli\u0173 \u012franga idealiai tinka komerciniams sporto centrams.\"},{\"@type\":\"BreadcrumbList\",\"@id\":\"https:\/\/gymfactory.eu\/lt\/produktas\/m7x-8-in-1-multistation-treniruoklis\/#breadcrumb\",\"itemListElement\":[{\"@type\":\"ListItem\",\"position\":1,\"name\":\"Pagrindinis\",\"item\":\"https:\/\/gymfactory.eu\/lt\/\"},{\"@type\":\"ListItem\",\"position\":2,\"name\":\"Katalogas\",\"item\":\"https:\/\/gymfactory.eu\/lt\/katalogas\/\"},{\"@type\":\"ListItem\",\"position\":3,\"name\":\"M7X 8-blok\u0173 daugiafunkcinis treniruoklis\"}]},{\"@type\":\"WebSite\",\"@id\":\"https:\/\/gymfactory.eu\/lt\/#website\",\"url\":\"https:\/\/gymfactory.eu\/lt\/\",\"name\":\"Gym Factory\",\"description\":\"\",\"publisher\":{\"@id\":\"https:\/\/gymfactory.eu\/lt\/#organization\"},\"potentialAction\":[{\"@type\":\"SearchAction\",\"target\":{\"@type\":\"EntryPoint\",\"urlTemplate\":\"https:\/\/gymfactory.eu\/lt\/?s={search_term_string}\"},\"query-input\":{\"@type\":\"PropertyValueSpecification\",\"valueRequired\":true,\"valueName\":\"search_term_string\"}}],\"inLanguage\":\"lt-LT\"},{\"@type\":\"Organization\",\"@id\":\"https:\/\/gymfactory.eu\/lt\/#organization\",\"name\":\"Sporto sal\u0117s gamykla\",\"url\":\"https:\/\/gymfactory.eu\/lt\/\",\"logo\":{\"@type\":\"ImageObject\",\"inLanguage\":\"lt-LT\",\"@id\":\"https:\/\/gymfactory.eu\/lt\/#\/schema\/logo\/image\/\",\"url\":\"https:\/\/gymfactory.eu\/wp-content\/uploads\/2024\/11\/Component-1.svg\",\"contentUrl\":\"https:\/\/gymfactory.eu\/wp-content\/uploads\/2024\/11\/Component-1.svg\",\"width\":54,\"height\":44,\"caption\":\"Sporto sal\u0117s gamykla\"},\"image\":{\"@id\":\"https:\/\/gymfactory.eu\/lt\/#\/schema\/logo\/image\/\"}}]}<\/script>\n<!-- \/ Yoast SEO plugin. -->","yoast_head_json":{"title":"M7X \"8-in-1\" treniruoklis, skirtas viso k\u016bno j\u0117gos treniruot\u0117ms","description":"Reikia treniruoklio, kuris treniruot\u0173 vis\u0105 k\u016bn\u0105? \"M7X 8-in-1\" treniruoklis sukurtas viso k\u016bno j\u0117gos treniruot\u0117ms namuose arba komercin\u0117se sporto sal\u0117se.","robots":{"index":"index","follow":"follow","max-snippet":"max-snippet:-1","max-image-preview":"max-image-preview:large","max-video-preview":"max-video-preview:-1"},"canonical":"https:\/\/gymfactory.eu\/lt\/produktas\/m7x-8-in-1-multistation-treniruoklis\/","og_locale":"lt_LT","og_type":"article","og_title":"M7X \"8-in-1\" treniruoklis, skirtas viso k\u016bno j\u0117gos treniruot\u0117ms","og_description":"Reikia treniruoklio, kuris treniruot\u0173 vis\u0105 k\u016bn\u0105? \"M7X 8-in-1\" treniruoklis sukurtas viso k\u016bno j\u0117gos treniruot\u0117ms namuose arba komercin\u0117se sporto sal\u0117se.","og_url":"https:\/\/gymfactory.eu\/lt\/produktas\/m7x-8-in-1-multistation-treniruoklis\/","og_site_name":"Gym Factory","article_modified_time":"2025-12-02T12:19:04+00:00","og_image":[{"width":1500,"height":1500,"url":"https:\/\/gymfactory.eu\/wp-content\/uploads\/2025\/02\/Multi-Station-Gym-Machine-Top-View.jpg","type":"image\/jpeg"}],"twitter_card":"summary_large_image","twitter_misc":{"Est. reading time":"2 minut\u0117s"},"schema":{"@context":"https:\/\/schema.org","@graph":[{"@type":"WebPage","@id":"https:\/\/gymfactory.eu\/lt\/produktas\/m7x-8-in-1-multistation-treniruoklis\/","url":"https:\/\/gymfactory.eu\/lt\/produktas\/m7x-8-in-1-multistation-treniruoklis\/","name":"M7X \"8-in-1\" treniruoklis, skirtas viso k\u016bno j\u0117gos treniruot\u0117ms","isPartOf":{"@id":"https:\/\/gymfactory.eu\/lt\/#website"},"primaryImageOfPage":{"@id":"https:\/\/gymfactory.eu\/lt\/produktas\/m7x-8-in-1-multistation-treniruoklis\/#primaryimage"},"image":{"@id":"https:\/\/gymfactory.eu\/lt\/produktas\/m7x-8-in-1-multistation-treniruoklis\/#primaryimage"},"thumbnailUrl":"https:\/\/gymfactory.eu\/wp-content\/uploads\/2025\/02\/Multi-Station-Gym-Machine-Top-View.jpg","datePublished":"2025-02-06T14:18:43+00:00","dateModified":"2025-12-02T12:19:04+00:00","description":"Reikia treniruoklio, kuris treniruot\u0173 vis\u0105 k\u016bn\u0105? \"M7X 8-in-1\" treniruoklis sukurtas viso k\u016bno j\u0117gos treniruot\u0117ms namuose arba komercin\u0117se sporto sal\u0117se.","breadcrumb":{"@id":"https:\/\/gymfactory.eu\/lt\/produktas\/m7x-8-in-1-multistation-treniruoklis\/#breadcrumb"},"inLanguage":"lt-LT","potentialAction":[{"@type":"ReadAction","target":["https:\/\/gymfactory.eu\/lt\/produktas\/m7x-8-in-1-multistation-treniruoklis\/"]}]},{"@type":"ImageObject","inLanguage":"lt-LT","@id":"https:\/\/gymfactory.eu\/lt\/produktas\/m7x-8-in-1-multistation-treniruoklis\/#primaryimage","url":"https:\/\/gymfactory.eu\/wp-content\/uploads\/2025\/02\/Multi-Station-Gym-Machine-Top-View.jpg","contentUrl":"https:\/\/gymfactory.eu\/wp-content\/uploads\/2025\/02\/Multi-Station-Gym-Machine-Top-View.jpg","width":1500,"height":1500,"caption":"I\u0161 vir\u0161aus \u012f apa\u010di\u0105 matomas juodo daugiapozicinio treniruoklio vaizdas, kuriame matyti daugyb\u0117 svori\u0173 kr\u016bvi\u0173, skriemuli\u0173 ir s\u0117dim\u0173j\u0173 viet\u0173 \u012fvairiems j\u0117gos pratimams atlikti. \u0160i universali treniruokli\u0173 \u012franga idealiai tinka komerciniams sporto centrams."},{"@type":"BreadcrumbList","@id":"https:\/\/gymfactory.eu\/lt\/produktas\/m7x-8-in-1-multistation-treniruoklis\/#breadcrumb","itemListElement":[{"@type":"ListItem","position":1,"name":"Pagrindinis","item":"https:\/\/gymfactory.eu\/lt\/"},{"@type":"ListItem","position":2,"name":"Katalogas","item":"https:\/\/gymfactory.eu\/lt\/katalogas\/"},{"@type":"ListItem","position":3,"name":"M7X 8-blok\u0173 daugiafunkcinis treniruoklis"}]},{"@type":"WebSite","@id":"https:\/\/gymfactory.eu\/lt\/#website","url":"https:\/\/gymfactory.eu\/lt\/","name":"Gym Factory","description":"","publisher":{"@id":"https:\/\/gymfactory.eu\/lt\/#organization"},"potentialAction":[{"@type":"SearchAction","target":{"@type":"EntryPoint","urlTemplate":"https:\/\/gymfactory.eu\/lt\/?s={search_term_string}"},"query-input":{"@type":"PropertyValueSpecification","valueRequired":true,"valueName":"search_term_string"}}],"inLanguage":"lt-LT"},{"@type":"Organization","@id":"https:\/\/gymfactory.eu\/lt\/#organization","name":"Sporto sal\u0117s gamykla","url":"https:\/\/gymfactory.eu\/lt\/","logo":{"@type":"ImageObject","inLanguage":"lt-LT","@id":"https:\/\/gymfactory.eu\/lt\/#\/schema\/logo\/image\/","url":"https:\/\/gymfactory.eu\/wp-content\/uploads\/2024\/11\/Component-1.svg","contentUrl":"https:\/\/gymfactory.eu\/wp-content\/uploads\/2024\/11\/Component-1.svg","width":54,"height":44,"caption":"Sporto sal\u0117s gamykla"},"image":{"@id":"https:\/\/gymfactory.eu\/lt\/#\/schema\/logo\/image\/"}}]}},"_links":{"self":[{"href":"https:\/\/gymfactory.eu\/lt\/wp-json\/wp\/v2\/product\/10206","targetHints":{"allow":["GET"]}}],"collection":[{"href":"https:\/\/gymfactory.eu\/lt\/wp-json\/wp\/v2\/product"}],"about":[{"href":"https:\/\/gymfactory.eu\/lt\/wp-json\/wp\/v2\/types\/product"}],"wp:featuredmedia":[{"embeddable":true,"href":"https:\/\/gymfactory.eu\/lt\/wp-json\/wp\/v2\/media\/8791"}],"wp:attachment":[{"href":"https:\/\/gymfactory.eu\/lt\/wp-json\/wp\/v2\/media?parent=10206"}],"wp:term":[{"taxonomy":"product_brand","embeddable":true,"href":"https:\/\/gymfactory.eu\/lt\/wp-json\/wp\/v2\/product_brand?post=10206"},{"taxonomy":"product_cat","embeddable":true,"href":"https:\/\/gymfactory.eu\/lt\/wp-json\/wp\/v2\/product_cat?post=10206"},{"taxonomy":"product_tag","embeddable":true,"href":"https:\/\/gymfactory.eu\/lt\/wp-json\/wp\/v2\/product_tag?post=10206"}],"curies":[{"name":"wp","href":"https:\/\/api.w.org\/{rel}","templated":true}]}}