{"id":10184,"date":"2025-02-05T13:04:33","date_gmt":"2025-02-05T11:04:33","guid":{"rendered":"https:\/\/gymfactory.eu\/product\/c2x2-kabeliu-kryzminimo-masina\/"},"modified":"2025-12-02T13:20:23","modified_gmt":"2025-12-02T11:20:23","slug":"c2x2-kabeliu-kryzminimo-masina","status":"publish","type":"product","link":"https:\/\/gymfactory.eu\/lt\/produktas\/c2x2-kabeliu-kryzminimo-masina\/","title":{"rendered":"C2X2 Kry\u017emin\u0117s traukos treniruoklis su atrama"},"content":{"rendered":"<p>C2X2 \u2013 tai daugiafunkcinis treniruoklis su trosais, skirtas tiek nam\u0173 sporto zonoms, tiek profesionalioms treniruo\u010di\u0173 sal\u0117ms. Jame \u012frengtos dvi vertikaliai reguliuojamos tros\u0173 sistemos ir reguliuojamo ilgio bei kampo nugaros atrama, kuri suteikia papildomo stabilumo atliekant konkre\u010dius judesius \u2013 ypa\u010d naudinga atliekant kr\u016btin\u0117s pl\u0117\u0161imo pratimus su trosais.<\/p>\n<p>Treniruoklis pritaikytas pla\u010diam vir\u0161utin\u0117s ir apatin\u0117s k\u016bno dalies pratim\u0173 spektrui: nuo kr\u016btin\u0117s spaudim\u0173, pe\u010di\u0173 k\u0117lim\u0173, triceps\u0173 ir biceps\u0173 pratim\u0173 iki nugaros treniruo\u010di\u0173, toki\u0173 kaip vir\u0161utin\u0117s traukos, traukos stovint. Taip pat galima atlikti koj\u0173 bei s\u0117dmen\u0173 pratimus: \u012ft\u016bpstus, atmetimus atgal.<\/p>\n<p>Trosai juda skland\u017eiai ir lengvai reguliuojami pagal auk\u0161t\u012f, tod\u0117l galima tiksliai kontroliuoti pasiprie\u0161inim\u0105 ir pad\u0117t\u012f pagal konkret\u0173 pratim\u0105. Kiekvienas trosas komplektuojamas su vienaranke rankena.<\/p>\n<p>D\u0117l reguliuojamos nugaros atramos ir didel\u0117s pratim\u0173 \u012fvairov\u0117s, C2X2 yra prakti\u0161kas ir universalus pasirinkimas treniruot\u0117ms su trosais.<\/p>\n\n    <div class=\"xs_social_share_widget xs_share_url after_content \t\tmain_content  wslu-style-1 wslu-share-box-shaped wslu-fill-colored wslu-none wslu-share-horizontal wslu-theme-font-no wslu-main_content\">\n\n\t\t\n        <ul>\n\t\t\t        <\/ul>\n    <\/div> \n","protected":false},"excerpt":{"rendered":"<p>C2X2 \u2013 tai daugiafunkcinis treniruoklis su trosais, skirtas tiek nam\u0173 sporto zonoms, tiek profesionalioms treniruo\u010di\u0173 sal\u0117ms. Jame \u012frengtos dvi vertikaliai reguliuojamos tros\u0173 sistemos ir reguliuojamo ilgio bei kampo nugaros atrama, kuri suteikia papildomo stabilumo atliekant konkre\u010dius judesius \u2013 ypa\u010d naudinga atliekant kr\u016btin\u0117s pl\u0117\u0161imo pratimus su trosais. Treniruoklis pritaikytas pla\u010diam vir\u0161utin\u0117s ir apatin\u0117s k\u016bno dalies pratim\u0173 [&hellip;]<\/p>\n","protected":false},"featured_media":8248,"template":"","meta":{"_acf_changed":false},"product_brand":[817],"product_cat":[466],"product_tag":[],"class_list":{"0":"post-10184","1":"product","2":"type-product","3":"status-publish","4":"has-post-thumbnail","6":"product_brand-gym-factory-lt","7":"product_cat-blokiniai-treniruokliai","9":"first","10":"onbackorder","11":"taxable","12":"shipping-taxable","13":"purchasable","14":"product-type-variable","15":"has-default-attributes"},"acf":[],"yoast_head":"<!-- This site is optimized with the Yoast SEO plugin v25.2 - https:\/\/yoast.com\/wordpress\/plugins\/seo\/ -->\n<title>C2X2 kabelin\u0117 ma\u0161ina | Sporto sal\u0117s \u012franga viso k\u016bno pratimams<\/title>\n<meta name=\"description\" content=\"Reikia treniruoklio visam k\u016bnui treniruoti? &quot;C2X2 Cable Machine&quot; - tai treniruokli\u0173 sal\u0117s \u012franga, skirta viso k\u016bno pratimams su tolygiu, reguliuojamu pasiprie\u0161inimu.\" \/>\n<meta name=\"robots\" content=\"index, follow, max-snippet:-1, max-image-preview:large, max-video-preview:-1\" \/>\n<link rel=\"canonical\" href=\"https:\/\/gymfactory.eu\/lt\/produktas\/c2x2-kabeliu-kryzminimo-masina\/\" \/>\n<meta property=\"og:locale\" content=\"lt_LT\" \/>\n<meta property=\"og:type\" content=\"article\" \/>\n<meta property=\"og:title\" content=\"C2X2 kabelin\u0117 ma\u0161ina | Sporto sal\u0117s \u012franga viso k\u016bno pratimams\" \/>\n<meta property=\"og:description\" content=\"Reikia treniruoklio visam k\u016bnui treniruoti? &quot;C2X2 Cable Machine&quot; - tai treniruokli\u0173 sal\u0117s \u012franga, skirta viso k\u016bno pratimams su tolygiu, reguliuojamu pasiprie\u0161inimu.\" \/>\n<meta property=\"og:url\" content=\"https:\/\/gymfactory.eu\/lt\/produktas\/c2x2-kabeliu-kryzminimo-masina\/\" \/>\n<meta property=\"og:site_name\" content=\"Gym Factory\" \/>\n<meta property=\"article:modified_time\" content=\"2025-12-02T11:20:23+00:00\" \/>\n<meta property=\"og:image\" content=\"https:\/\/gymfactory.eu\/wp-content\/uploads\/2025\/02\/C2X2-gym-machine-dual-cable-cross-over-front-view-1.webp\" \/>\n\t<meta property=\"og:image:width\" content=\"1500\" \/>\n\t<meta property=\"og:image:height\" content=\"1500\" \/>\n\t<meta property=\"og:image:type\" content=\"image\/webp\" \/>\n<meta name=\"twitter:card\" content=\"summary_large_image\" \/>\n<meta name=\"twitter:label1\" content=\"Est. reading time\" \/>\n\t<meta name=\"twitter:data1\" content=\"1 minut\u0117\" \/>\n<script type=\"application\/ld+json\" class=\"yoast-schema-graph\">{\"@context\":\"https:\/\/schema.org\",\"@graph\":[{\"@type\":\"WebPage\",\"@id\":\"https:\/\/gymfactory.eu\/lt\/produktas\/c2x2-kabeliu-kryzminimo-masina\/\",\"url\":\"https:\/\/gymfactory.eu\/lt\/produktas\/c2x2-kabeliu-kryzminimo-masina\/\",\"name\":\"C2X2 kabelin\u0117 ma\u0161ina | Sporto sal\u0117s \u012franga viso k\u016bno pratimams\",\"isPartOf\":{\"@id\":\"https:\/\/gymfactory.eu\/lt\/#website\"},\"primaryImageOfPage\":{\"@id\":\"https:\/\/gymfactory.eu\/lt\/produktas\/c2x2-kabeliu-kryzminimo-masina\/#primaryimage\"},\"image\":{\"@id\":\"https:\/\/gymfactory.eu\/lt\/produktas\/c2x2-kabeliu-kryzminimo-masina\/#primaryimage\"},\"thumbnailUrl\":\"https:\/\/gymfactory.eu\/wp-content\/uploads\/2025\/02\/C2X2-gym-machine-dual-cable-cross-over-front-view-1.webp\",\"datePublished\":\"2025-02-05T11:04:33+00:00\",\"dateModified\":\"2025-12-02T11:20:23+00:00\",\"description\":\"Reikia treniruoklio visam k\u016bnui treniruoti? \\\"C2X2 Cable Machine\\\" - tai treniruokli\u0173 sal\u0117s \u012franga, skirta viso k\u016bno pratimams su tolygiu, reguliuojamu pasiprie\u0161inimu.\",\"breadcrumb\":{\"@id\":\"https:\/\/gymfactory.eu\/lt\/produktas\/c2x2-kabeliu-kryzminimo-masina\/#breadcrumb\"},\"inLanguage\":\"lt-LT\",\"potentialAction\":[{\"@type\":\"ReadAction\",\"target\":[\"https:\/\/gymfactory.eu\/lt\/produktas\/c2x2-kabeliu-kryzminimo-masina\/\"]}]},{\"@type\":\"ImageObject\",\"inLanguage\":\"lt-LT\",\"@id\":\"https:\/\/gymfactory.eu\/lt\/produktas\/c2x2-kabeliu-kryzminimo-masina\/#primaryimage\",\"url\":\"https:\/\/gymfactory.eu\/wp-content\/uploads\/2025\/02\/C2X2-gym-machine-dual-cable-cross-over-front-view-1.webp\",\"contentUrl\":\"https:\/\/gymfactory.eu\/wp-content\/uploads\/2025\/02\/C2X2-gym-machine-dual-cable-cross-over-front-view-1.webp\",\"width\":1500,\"height\":1500,\"caption\":\"Sporto sal\u0117s treniruoklio su integruota i\u0161traukimo juosta vaizdas i\u0161 priekio. \u0160i treniruokli\u0173 \u012franga si\u016blo i\u0161sami\u0105 vir\u0161utin\u0117s k\u016bno dalies treniruot\u0119 su abiejose pus\u0117se esan\u010diomis reguliuojamo pasiprie\u0161inimo svori\u0173 kr\u016bvomis. Profesionalaus lygio treniruokli\u0173 sal\u0117s \u012frenginys, skirtas \u012fvairiapus\u0117ms j\u0117gos treniruot\u0117ms.\"},{\"@type\":\"BreadcrumbList\",\"@id\":\"https:\/\/gymfactory.eu\/lt\/produktas\/c2x2-kabeliu-kryzminimo-masina\/#breadcrumb\",\"itemListElement\":[{\"@type\":\"ListItem\",\"position\":1,\"name\":\"Pagrindinis\",\"item\":\"https:\/\/gymfactory.eu\/lt\/\"},{\"@type\":\"ListItem\",\"position\":2,\"name\":\"Katalogas\",\"item\":\"https:\/\/gymfactory.eu\/lt\/katalogas\/\"},{\"@type\":\"ListItem\",\"position\":3,\"name\":\"C2X2 Kry\u017emin\u0117s traukos treniruoklis su atrama\"}]},{\"@type\":\"WebSite\",\"@id\":\"https:\/\/gymfactory.eu\/lt\/#website\",\"url\":\"https:\/\/gymfactory.eu\/lt\/\",\"name\":\"Gym Factory\",\"description\":\"\",\"publisher\":{\"@id\":\"https:\/\/gymfactory.eu\/lt\/#organization\"},\"potentialAction\":[{\"@type\":\"SearchAction\",\"target\":{\"@type\":\"EntryPoint\",\"urlTemplate\":\"https:\/\/gymfactory.eu\/lt\/?s={search_term_string}\"},\"query-input\":{\"@type\":\"PropertyValueSpecification\",\"valueRequired\":true,\"valueName\":\"search_term_string\"}}],\"inLanguage\":\"lt-LT\"},{\"@type\":\"Organization\",\"@id\":\"https:\/\/gymfactory.eu\/lt\/#organization\",\"name\":\"Sporto sal\u0117s gamykla\",\"url\":\"https:\/\/gymfactory.eu\/lt\/\",\"logo\":{\"@type\":\"ImageObject\",\"inLanguage\":\"lt-LT\",\"@id\":\"https:\/\/gymfactory.eu\/lt\/#\/schema\/logo\/image\/\",\"url\":\"https:\/\/gymfactory.eu\/wp-content\/uploads\/2024\/11\/Component-1.svg\",\"contentUrl\":\"https:\/\/gymfactory.eu\/wp-content\/uploads\/2024\/11\/Component-1.svg\",\"width\":54,\"height\":44,\"caption\":\"Sporto sal\u0117s gamykla\"},\"image\":{\"@id\":\"https:\/\/gymfactory.eu\/lt\/#\/schema\/logo\/image\/\"}}]}<\/script>\n<!-- \/ Yoast SEO plugin. -->","yoast_head_json":{"title":"C2X2 kabelin\u0117 ma\u0161ina | Sporto sal\u0117s \u012franga viso k\u016bno pratimams","description":"Reikia treniruoklio visam k\u016bnui treniruoti? \"C2X2 Cable Machine\" - tai treniruokli\u0173 sal\u0117s \u012franga, skirta viso k\u016bno pratimams su tolygiu, reguliuojamu pasiprie\u0161inimu.","robots":{"index":"index","follow":"follow","max-snippet":"max-snippet:-1","max-image-preview":"max-image-preview:large","max-video-preview":"max-video-preview:-1"},"canonical":"https:\/\/gymfactory.eu\/lt\/produktas\/c2x2-kabeliu-kryzminimo-masina\/","og_locale":"lt_LT","og_type":"article","og_title":"C2X2 kabelin\u0117 ma\u0161ina | Sporto sal\u0117s \u012franga viso k\u016bno pratimams","og_description":"Reikia treniruoklio visam k\u016bnui treniruoti? \"C2X2 Cable Machine\" - tai treniruokli\u0173 sal\u0117s \u012franga, skirta viso k\u016bno pratimams su tolygiu, reguliuojamu pasiprie\u0161inimu.","og_url":"https:\/\/gymfactory.eu\/lt\/produktas\/c2x2-kabeliu-kryzminimo-masina\/","og_site_name":"Gym Factory","article_modified_time":"2025-12-02T11:20:23+00:00","og_image":[{"width":1500,"height":1500,"url":"https:\/\/gymfactory.eu\/wp-content\/uploads\/2025\/02\/C2X2-gym-machine-dual-cable-cross-over-front-view-1.webp","type":"image\/webp"}],"twitter_card":"summary_large_image","twitter_misc":{"Est. reading time":"1 minut\u0117"},"schema":{"@context":"https:\/\/schema.org","@graph":[{"@type":"WebPage","@id":"https:\/\/gymfactory.eu\/lt\/produktas\/c2x2-kabeliu-kryzminimo-masina\/","url":"https:\/\/gymfactory.eu\/lt\/produktas\/c2x2-kabeliu-kryzminimo-masina\/","name":"C2X2 kabelin\u0117 ma\u0161ina | Sporto sal\u0117s \u012franga viso k\u016bno pratimams","isPartOf":{"@id":"https:\/\/gymfactory.eu\/lt\/#website"},"primaryImageOfPage":{"@id":"https:\/\/gymfactory.eu\/lt\/produktas\/c2x2-kabeliu-kryzminimo-masina\/#primaryimage"},"image":{"@id":"https:\/\/gymfactory.eu\/lt\/produktas\/c2x2-kabeliu-kryzminimo-masina\/#primaryimage"},"thumbnailUrl":"https:\/\/gymfactory.eu\/wp-content\/uploads\/2025\/02\/C2X2-gym-machine-dual-cable-cross-over-front-view-1.webp","datePublished":"2025-02-05T11:04:33+00:00","dateModified":"2025-12-02T11:20:23+00:00","description":"Reikia treniruoklio visam k\u016bnui treniruoti? \"C2X2 Cable Machine\" - tai treniruokli\u0173 sal\u0117s \u012franga, skirta viso k\u016bno pratimams su tolygiu, reguliuojamu pasiprie\u0161inimu.","breadcrumb":{"@id":"https:\/\/gymfactory.eu\/lt\/produktas\/c2x2-kabeliu-kryzminimo-masina\/#breadcrumb"},"inLanguage":"lt-LT","potentialAction":[{"@type":"ReadAction","target":["https:\/\/gymfactory.eu\/lt\/produktas\/c2x2-kabeliu-kryzminimo-masina\/"]}]},{"@type":"ImageObject","inLanguage":"lt-LT","@id":"https:\/\/gymfactory.eu\/lt\/produktas\/c2x2-kabeliu-kryzminimo-masina\/#primaryimage","url":"https:\/\/gymfactory.eu\/wp-content\/uploads\/2025\/02\/C2X2-gym-machine-dual-cable-cross-over-front-view-1.webp","contentUrl":"https:\/\/gymfactory.eu\/wp-content\/uploads\/2025\/02\/C2X2-gym-machine-dual-cable-cross-over-front-view-1.webp","width":1500,"height":1500,"caption":"Sporto sal\u0117s treniruoklio su integruota i\u0161traukimo juosta vaizdas i\u0161 priekio. \u0160i treniruokli\u0173 \u012franga si\u016blo i\u0161sami\u0105 vir\u0161utin\u0117s k\u016bno dalies treniruot\u0119 su abiejose pus\u0117se esan\u010diomis reguliuojamo pasiprie\u0161inimo svori\u0173 kr\u016bvomis. Profesionalaus lygio treniruokli\u0173 sal\u0117s \u012frenginys, skirtas \u012fvairiapus\u0117ms j\u0117gos treniruot\u0117ms."},{"@type":"BreadcrumbList","@id":"https:\/\/gymfactory.eu\/lt\/produktas\/c2x2-kabeliu-kryzminimo-masina\/#breadcrumb","itemListElement":[{"@type":"ListItem","position":1,"name":"Pagrindinis","item":"https:\/\/gymfactory.eu\/lt\/"},{"@type":"ListItem","position":2,"name":"Katalogas","item":"https:\/\/gymfactory.eu\/lt\/katalogas\/"},{"@type":"ListItem","position":3,"name":"C2X2 Kry\u017emin\u0117s traukos treniruoklis su atrama"}]},{"@type":"WebSite","@id":"https:\/\/gymfactory.eu\/lt\/#website","url":"https:\/\/gymfactory.eu\/lt\/","name":"Gym Factory","description":"","publisher":{"@id":"https:\/\/gymfactory.eu\/lt\/#organization"},"potentialAction":[{"@type":"SearchAction","target":{"@type":"EntryPoint","urlTemplate":"https:\/\/gymfactory.eu\/lt\/?s={search_term_string}"},"query-input":{"@type":"PropertyValueSpecification","valueRequired":true,"valueName":"search_term_string"}}],"inLanguage":"lt-LT"},{"@type":"Organization","@id":"https:\/\/gymfactory.eu\/lt\/#organization","name":"Sporto sal\u0117s gamykla","url":"https:\/\/gymfactory.eu\/lt\/","logo":{"@type":"ImageObject","inLanguage":"lt-LT","@id":"https:\/\/gymfactory.eu\/lt\/#\/schema\/logo\/image\/","url":"https:\/\/gymfactory.eu\/wp-content\/uploads\/2024\/11\/Component-1.svg","contentUrl":"https:\/\/gymfactory.eu\/wp-content\/uploads\/2024\/11\/Component-1.svg","width":54,"height":44,"caption":"Sporto sal\u0117s gamykla"},"image":{"@id":"https:\/\/gymfactory.eu\/lt\/#\/schema\/logo\/image\/"}}]}},"_links":{"self":[{"href":"https:\/\/gymfactory.eu\/lt\/wp-json\/wp\/v2\/product\/10184","targetHints":{"allow":["GET"]}}],"collection":[{"href":"https:\/\/gymfactory.eu\/lt\/wp-json\/wp\/v2\/product"}],"about":[{"href":"https:\/\/gymfactory.eu\/lt\/wp-json\/wp\/v2\/types\/product"}],"wp:featuredmedia":[{"embeddable":true,"href":"https:\/\/gymfactory.eu\/lt\/wp-json\/wp\/v2\/media\/8248"}],"wp:attachment":[{"href":"https:\/\/gymfactory.eu\/lt\/wp-json\/wp\/v2\/media?parent=10184"}],"wp:term":[{"taxonomy":"product_brand","embeddable":true,"href":"https:\/\/gymfactory.eu\/lt\/wp-json\/wp\/v2\/product_brand?post=10184"},{"taxonomy":"product_cat","embeddable":true,"href":"https:\/\/gymfactory.eu\/lt\/wp-json\/wp\/v2\/product_cat?post=10184"},{"taxonomy":"product_tag","embeddable":true,"href":"https:\/\/gymfactory.eu\/lt\/wp-json\/wp\/v2\/product_tag?post=10184"}],"curies":[{"name":"wp","href":"https:\/\/api.w.org\/{rel}","templated":true}]}}