{"id":10167,"date":"2025-02-04T07:49:24","date_gmt":"2025-02-04T05:49:24","guid":{"rendered":"https:\/\/gymfactory.eu\/product\/p3-2-soninio-peciu-pakelimo-masina\/"},"modified":"2025-11-21T15:15:34","modified_gmt":"2025-11-21T13:15:34","slug":"p3-2-soninio-peciu-pakelimo-masina","status":"publish","type":"product","link":"https:\/\/gymfactory.eu\/lt\/produktas\/p3-2-soninio-peciu-pakelimo-masina\/","title":{"rendered":"P3-2  Pe\u010di\u0173 most\u0173 treniruoklis"},"content":{"rendered":"<p>P3-2 pe\u010di\u0173 most\u0173 treniruoklis \u2013 tai kompakti\u0161kas, prie sienos montuojamas \u012frenginys, skirtas tikslingai pe\u010di\u0173 treniruotei, i\u0161laikant minimal\u0173 u\u017eimam\u0105 plot\u0105. Tvirta konstrukcija, sklandus veikimas ir reguliuojamas auk\u0161tis leid\u017eia tiksliai sulygiuoti pe\u010di\u0173 s\u0105nar\u012f su judesio a\u0161imi \u2013 tai u\u017etikrina saugi\u0105 ir efektyvi\u0105 treniruot\u0119.<\/p>\n<p>Treniruoklis skirtas \u0161oniniams pe\u010di\u0173 k\u0117limams, kurie formuoja vidurinius deltinius raumenis ir padeda didinti pe\u010di\u0173 plot\u012f. Kei\u010diant k\u016bno pad\u0117t\u012f galima atlikti ir priekinius k\u0117limus, aktyvuojan\u010dius priekinius deltinius raumenis bei vir\u0161utin\u0119 trapecijos dal\u012f. Laisvai judan\u010dios rankenos prisitaiko prie nat\u016bralaus peties judesio, tod\u0117l treniruot\u0117 tausoja s\u0105narius. Galimi ir vienpusiai, ir abipusiai judesio variantai.<\/p>\n<p>I\u0161skirtin\u0117 P3-2 savyb\u0117 \u2013 integruota galvos atrama, leid\u017eianti patogiai pasilenkti \u012f priek\u012f ir saugiai atlikti atvirk\u0161tinius k\u0117limus (rear delt flys). \u0160is pratimas stiprina galinius deltinius raumenis ir padeda palaikyti raumen\u0173 balans\u0105 pe\u010di\u0173 srityje.<\/p>\n<p>Treniruoklis tvirtinamas prie sienos 8 var\u017etais, tod\u0117l lieka stabilus net intensyviausi\u0173 treniruo\u010di\u0173 metu, o nedidel\u0117 konstrukcija leid\u017eia efektyviai i\u0161naudoti net ma\u017e\u0105 sporto kamp\u0105.<\/p>\n\n    <div class=\"xs_social_share_widget xs_share_url after_content \t\tmain_content  wslu-style-1 wslu-share-box-shaped wslu-fill-colored wslu-none wslu-share-horizontal wslu-theme-font-no wslu-main_content\">\n\n\t\t\n        <ul>\n\t\t\t        <\/ul>\n    <\/div> \n","protected":false},"excerpt":{"rendered":"<p>P3-2 pe\u010di\u0173 most\u0173 treniruoklis \u2013 tai kompakti\u0161kas, prie sienos montuojamas \u012frenginys, skirtas tikslingai pe\u010di\u0173 treniruotei, i\u0161laikant minimal\u0173 u\u017eimam\u0105 plot\u0105. Tvirta konstrukcija, sklandus veikimas ir reguliuojamas auk\u0161tis leid\u017eia tiksliai sulygiuoti pe\u010di\u0173 s\u0105nar\u012f su judesio a\u0161imi \u2013 tai u\u017etikrina saugi\u0105 ir efektyvi\u0105 treniruot\u0119. Treniruoklis skirtas \u0161oniniams pe\u010di\u0173 k\u0117limams, kurie formuoja vidurinius deltinius raumenis ir padeda didinti pe\u010di\u0173 [&hellip;]<\/p>\n","protected":false},"featured_media":8625,"template":"","meta":{"_acf_changed":false},"product_brand":[817],"product_cat":[421],"product_tag":[],"class_list":{"0":"post-10167","1":"product","2":"type-product","3":"status-publish","4":"has-post-thumbnail","6":"product_brand-gym-factory-lt","7":"product_cat-laisvu-svoriu-treniruokliai","9":"first","10":"onbackorder","11":"taxable","12":"shipping-taxable","13":"purchasable","14":"product-type-variable","15":"has-default-attributes"},"acf":[],"yoast_head":"<!-- This site is optimized with the Yoast SEO plugin v25.2 - https:\/\/yoast.com\/wordpress\/plugins\/seo\/ -->\n<title>P3-2 \u0161oninio pe\u010di\u0173 k\u0117limo ma\u0161ina | Sieninis \u012frenginys<\/title>\n<meta name=\"description\" content=\"Ie\u0161kote pe\u010di\u0173 izoliacijos ank\u0161toje erdv\u0117je? P3-2 \u0161oninio pe\u010di\u0173 pak\u0117limo \u012frenginys yra kompakti\u0161kas sieninis \u012frenginys, skirtas j\u0117gos treniruot\u0117ms.\" \/>\n<meta name=\"robots\" content=\"index, follow, max-snippet:-1, max-image-preview:large, max-video-preview:-1\" \/>\n<link rel=\"canonical\" href=\"https:\/\/gymfactory.eu\/lt\/produktas\/p3-2-soninio-peciu-pakelimo-masina\/\" \/>\n<meta property=\"og:locale\" content=\"lt_LT\" \/>\n<meta property=\"og:type\" content=\"article\" \/>\n<meta property=\"og:title\" content=\"P3-2 \u0161oninio pe\u010di\u0173 k\u0117limo ma\u0161ina | Sieninis \u012frenginys\" \/>\n<meta property=\"og:description\" content=\"Ie\u0161kote pe\u010di\u0173 izoliacijos ank\u0161toje erdv\u0117je? P3-2 \u0161oninio pe\u010di\u0173 pak\u0117limo \u012frenginys yra kompakti\u0161kas sieninis \u012frenginys, skirtas j\u0117gos treniruot\u0117ms.\" \/>\n<meta property=\"og:url\" content=\"https:\/\/gymfactory.eu\/lt\/produktas\/p3-2-soninio-peciu-pakelimo-masina\/\" \/>\n<meta property=\"og:site_name\" content=\"Gym Factory\" \/>\n<meta property=\"article:modified_time\" content=\"2025-11-21T13:15:34+00:00\" \/>\n<meta property=\"og:image\" content=\"https:\/\/gymfactory.eu\/wp-content\/uploads\/2025\/02\/gym-machine-P3-2-wall-mounted-shoulder-raise-front-view-1-1.webp\" \/>\n\t<meta property=\"og:image:width\" content=\"1500\" \/>\n\t<meta property=\"og:image:height\" content=\"1500\" \/>\n\t<meta property=\"og:image:type\" content=\"image\/webp\" \/>\n<meta name=\"twitter:card\" content=\"summary_large_image\" \/>\n<meta name=\"twitter:label1\" content=\"Est. reading time\" \/>\n\t<meta name=\"twitter:data1\" content=\"1 minut\u0117\" \/>\n<script type=\"application\/ld+json\" class=\"yoast-schema-graph\">{\"@context\":\"https:\/\/schema.org\",\"@graph\":[{\"@type\":\"WebPage\",\"@id\":\"https:\/\/gymfactory.eu\/lt\/produktas\/p3-2-soninio-peciu-pakelimo-masina\/\",\"url\":\"https:\/\/gymfactory.eu\/lt\/produktas\/p3-2-soninio-peciu-pakelimo-masina\/\",\"name\":\"P3-2 \u0161oninio pe\u010di\u0173 k\u0117limo ma\u0161ina | Sieninis \u012frenginys\",\"isPartOf\":{\"@id\":\"https:\/\/gymfactory.eu\/lt\/#website\"},\"primaryImageOfPage\":{\"@id\":\"https:\/\/gymfactory.eu\/lt\/produktas\/p3-2-soninio-peciu-pakelimo-masina\/#primaryimage\"},\"image\":{\"@id\":\"https:\/\/gymfactory.eu\/lt\/produktas\/p3-2-soninio-peciu-pakelimo-masina\/#primaryimage\"},\"thumbnailUrl\":\"https:\/\/gymfactory.eu\/wp-content\/uploads\/2025\/02\/gym-machine-P3-2-wall-mounted-shoulder-raise-front-view-1-1.webp\",\"datePublished\":\"2025-02-04T05:49:24+00:00\",\"dateModified\":\"2025-11-21T13:15:34+00:00\",\"description\":\"Ie\u0161kote pe\u010di\u0173 izoliacijos ank\u0161toje erdv\u0117je? P3-2 \u0161oninio pe\u010di\u0173 pak\u0117limo \u012frenginys yra kompakti\u0161kas sieninis \u012frenginys, skirtas j\u0117gos treniruot\u0117ms.\",\"breadcrumb\":{\"@id\":\"https:\/\/gymfactory.eu\/lt\/produktas\/p3-2-soninio-peciu-pakelimo-masina\/#breadcrumb\"},\"inLanguage\":\"lt-LT\",\"potentialAction\":[{\"@type\":\"ReadAction\",\"target\":[\"https:\/\/gymfactory.eu\/lt\/produktas\/p3-2-soninio-peciu-pakelimo-masina\/\"]}]},{\"@type\":\"ImageObject\",\"inLanguage\":\"lt-LT\",\"@id\":\"https:\/\/gymfactory.eu\/lt\/produktas\/p3-2-soninio-peciu-pakelimo-masina\/#primaryimage\",\"url\":\"https:\/\/gymfactory.eu\/wp-content\/uploads\/2025\/02\/gym-machine-P3-2-wall-mounted-shoulder-raise-front-view-1-1.webp\",\"contentUrl\":\"https:\/\/gymfactory.eu\/wp-content\/uploads\/2025\/02\/gym-machine-P3-2-wall-mounted-shoulder-raise-front-view-1-1.webp\",\"width\":1500,\"height\":1500,\"caption\":\"Prie sienos tvirtinamo treniruoklio, skirto j\u0117gos treniruot\u0117ms, vaizdas i\u0161 priekio: juodas plieninis r\u0117mas su ergonomi\u0161komis rankenomis ir raudona pamink\u0161tinta atrama. \u0160is kompakti\u0161kas treniruoklis idealiai tinka nam\u0173 ir komercin\u0117ms treniruokli\u0173 sal\u0117ms, u\u017etikrina stabilumo ir tiksling\u0173 pe\u010di\u0173 pratim\u0173 funkcij\u0105.\"},{\"@type\":\"BreadcrumbList\",\"@id\":\"https:\/\/gymfactory.eu\/lt\/produktas\/p3-2-soninio-peciu-pakelimo-masina\/#breadcrumb\",\"itemListElement\":[{\"@type\":\"ListItem\",\"position\":1,\"name\":\"Pagrindinis\",\"item\":\"https:\/\/gymfactory.eu\/lt\/\"},{\"@type\":\"ListItem\",\"position\":2,\"name\":\"Katalogas\",\"item\":\"https:\/\/gymfactory.eu\/lt\/katalogas\/\"},{\"@type\":\"ListItem\",\"position\":3,\"name\":\"P3-2 Pe\u010di\u0173 most\u0173 treniruoklis\"}]},{\"@type\":\"WebSite\",\"@id\":\"https:\/\/gymfactory.eu\/lt\/#website\",\"url\":\"https:\/\/gymfactory.eu\/lt\/\",\"name\":\"Gym Factory\",\"description\":\"\",\"publisher\":{\"@id\":\"https:\/\/gymfactory.eu\/lt\/#organization\"},\"potentialAction\":[{\"@type\":\"SearchAction\",\"target\":{\"@type\":\"EntryPoint\",\"urlTemplate\":\"https:\/\/gymfactory.eu\/lt\/?s={search_term_string}\"},\"query-input\":{\"@type\":\"PropertyValueSpecification\",\"valueRequired\":true,\"valueName\":\"search_term_string\"}}],\"inLanguage\":\"lt-LT\"},{\"@type\":\"Organization\",\"@id\":\"https:\/\/gymfactory.eu\/lt\/#organization\",\"name\":\"Sporto sal\u0117s gamykla\",\"url\":\"https:\/\/gymfactory.eu\/lt\/\",\"logo\":{\"@type\":\"ImageObject\",\"inLanguage\":\"lt-LT\",\"@id\":\"https:\/\/gymfactory.eu\/lt\/#\/schema\/logo\/image\/\",\"url\":\"https:\/\/gymfactory.eu\/wp-content\/uploads\/2024\/11\/Component-1.svg\",\"contentUrl\":\"https:\/\/gymfactory.eu\/wp-content\/uploads\/2024\/11\/Component-1.svg\",\"width\":54,\"height\":44,\"caption\":\"Sporto sal\u0117s gamykla\"},\"image\":{\"@id\":\"https:\/\/gymfactory.eu\/lt\/#\/schema\/logo\/image\/\"}}]}<\/script>\n<!-- \/ Yoast SEO plugin. -->","yoast_head_json":{"title":"P3-2 \u0161oninio pe\u010di\u0173 k\u0117limo ma\u0161ina | Sieninis \u012frenginys","description":"Ie\u0161kote pe\u010di\u0173 izoliacijos ank\u0161toje erdv\u0117je? P3-2 \u0161oninio pe\u010di\u0173 pak\u0117limo \u012frenginys yra kompakti\u0161kas sieninis \u012frenginys, skirtas j\u0117gos treniruot\u0117ms.","robots":{"index":"index","follow":"follow","max-snippet":"max-snippet:-1","max-image-preview":"max-image-preview:large","max-video-preview":"max-video-preview:-1"},"canonical":"https:\/\/gymfactory.eu\/lt\/produktas\/p3-2-soninio-peciu-pakelimo-masina\/","og_locale":"lt_LT","og_type":"article","og_title":"P3-2 \u0161oninio pe\u010di\u0173 k\u0117limo ma\u0161ina | Sieninis \u012frenginys","og_description":"Ie\u0161kote pe\u010di\u0173 izoliacijos ank\u0161toje erdv\u0117je? P3-2 \u0161oninio pe\u010di\u0173 pak\u0117limo \u012frenginys yra kompakti\u0161kas sieninis \u012frenginys, skirtas j\u0117gos treniruot\u0117ms.","og_url":"https:\/\/gymfactory.eu\/lt\/produktas\/p3-2-soninio-peciu-pakelimo-masina\/","og_site_name":"Gym Factory","article_modified_time":"2025-11-21T13:15:34+00:00","og_image":[{"width":1500,"height":1500,"url":"https:\/\/gymfactory.eu\/wp-content\/uploads\/2025\/02\/gym-machine-P3-2-wall-mounted-shoulder-raise-front-view-1-1.webp","type":"image\/webp"}],"twitter_card":"summary_large_image","twitter_misc":{"Est. reading time":"1 minut\u0117"},"schema":{"@context":"https:\/\/schema.org","@graph":[{"@type":"WebPage","@id":"https:\/\/gymfactory.eu\/lt\/produktas\/p3-2-soninio-peciu-pakelimo-masina\/","url":"https:\/\/gymfactory.eu\/lt\/produktas\/p3-2-soninio-peciu-pakelimo-masina\/","name":"P3-2 \u0161oninio pe\u010di\u0173 k\u0117limo ma\u0161ina | Sieninis \u012frenginys","isPartOf":{"@id":"https:\/\/gymfactory.eu\/lt\/#website"},"primaryImageOfPage":{"@id":"https:\/\/gymfactory.eu\/lt\/produktas\/p3-2-soninio-peciu-pakelimo-masina\/#primaryimage"},"image":{"@id":"https:\/\/gymfactory.eu\/lt\/produktas\/p3-2-soninio-peciu-pakelimo-masina\/#primaryimage"},"thumbnailUrl":"https:\/\/gymfactory.eu\/wp-content\/uploads\/2025\/02\/gym-machine-P3-2-wall-mounted-shoulder-raise-front-view-1-1.webp","datePublished":"2025-02-04T05:49:24+00:00","dateModified":"2025-11-21T13:15:34+00:00","description":"Ie\u0161kote pe\u010di\u0173 izoliacijos ank\u0161toje erdv\u0117je? P3-2 \u0161oninio pe\u010di\u0173 pak\u0117limo \u012frenginys yra kompakti\u0161kas sieninis \u012frenginys, skirtas j\u0117gos treniruot\u0117ms.","breadcrumb":{"@id":"https:\/\/gymfactory.eu\/lt\/produktas\/p3-2-soninio-peciu-pakelimo-masina\/#breadcrumb"},"inLanguage":"lt-LT","potentialAction":[{"@type":"ReadAction","target":["https:\/\/gymfactory.eu\/lt\/produktas\/p3-2-soninio-peciu-pakelimo-masina\/"]}]},{"@type":"ImageObject","inLanguage":"lt-LT","@id":"https:\/\/gymfactory.eu\/lt\/produktas\/p3-2-soninio-peciu-pakelimo-masina\/#primaryimage","url":"https:\/\/gymfactory.eu\/wp-content\/uploads\/2025\/02\/gym-machine-P3-2-wall-mounted-shoulder-raise-front-view-1-1.webp","contentUrl":"https:\/\/gymfactory.eu\/wp-content\/uploads\/2025\/02\/gym-machine-P3-2-wall-mounted-shoulder-raise-front-view-1-1.webp","width":1500,"height":1500,"caption":"Prie sienos tvirtinamo treniruoklio, skirto j\u0117gos treniruot\u0117ms, vaizdas i\u0161 priekio: juodas plieninis r\u0117mas su ergonomi\u0161komis rankenomis ir raudona pamink\u0161tinta atrama. \u0160is kompakti\u0161kas treniruoklis idealiai tinka nam\u0173 ir komercin\u0117ms treniruokli\u0173 sal\u0117ms, u\u017etikrina stabilumo ir tiksling\u0173 pe\u010di\u0173 pratim\u0173 funkcij\u0105."},{"@type":"BreadcrumbList","@id":"https:\/\/gymfactory.eu\/lt\/produktas\/p3-2-soninio-peciu-pakelimo-masina\/#breadcrumb","itemListElement":[{"@type":"ListItem","position":1,"name":"Pagrindinis","item":"https:\/\/gymfactory.eu\/lt\/"},{"@type":"ListItem","position":2,"name":"Katalogas","item":"https:\/\/gymfactory.eu\/lt\/katalogas\/"},{"@type":"ListItem","position":3,"name":"P3-2 Pe\u010di\u0173 most\u0173 treniruoklis"}]},{"@type":"WebSite","@id":"https:\/\/gymfactory.eu\/lt\/#website","url":"https:\/\/gymfactory.eu\/lt\/","name":"Gym Factory","description":"","publisher":{"@id":"https:\/\/gymfactory.eu\/lt\/#organization"},"potentialAction":[{"@type":"SearchAction","target":{"@type":"EntryPoint","urlTemplate":"https:\/\/gymfactory.eu\/lt\/?s={search_term_string}"},"query-input":{"@type":"PropertyValueSpecification","valueRequired":true,"valueName":"search_term_string"}}],"inLanguage":"lt-LT"},{"@type":"Organization","@id":"https:\/\/gymfactory.eu\/lt\/#organization","name":"Sporto sal\u0117s gamykla","url":"https:\/\/gymfactory.eu\/lt\/","logo":{"@type":"ImageObject","inLanguage":"lt-LT","@id":"https:\/\/gymfactory.eu\/lt\/#\/schema\/logo\/image\/","url":"https:\/\/gymfactory.eu\/wp-content\/uploads\/2024\/11\/Component-1.svg","contentUrl":"https:\/\/gymfactory.eu\/wp-content\/uploads\/2024\/11\/Component-1.svg","width":54,"height":44,"caption":"Sporto sal\u0117s gamykla"},"image":{"@id":"https:\/\/gymfactory.eu\/lt\/#\/schema\/logo\/image\/"}}]}},"_links":{"self":[{"href":"https:\/\/gymfactory.eu\/lt\/wp-json\/wp\/v2\/product\/10167","targetHints":{"allow":["GET"]}}],"collection":[{"href":"https:\/\/gymfactory.eu\/lt\/wp-json\/wp\/v2\/product"}],"about":[{"href":"https:\/\/gymfactory.eu\/lt\/wp-json\/wp\/v2\/types\/product"}],"wp:featuredmedia":[{"embeddable":true,"href":"https:\/\/gymfactory.eu\/lt\/wp-json\/wp\/v2\/media\/8625"}],"wp:attachment":[{"href":"https:\/\/gymfactory.eu\/lt\/wp-json\/wp\/v2\/media?parent=10167"}],"wp:term":[{"taxonomy":"product_brand","embeddable":true,"href":"https:\/\/gymfactory.eu\/lt\/wp-json\/wp\/v2\/product_brand?post=10167"},{"taxonomy":"product_cat","embeddable":true,"href":"https:\/\/gymfactory.eu\/lt\/wp-json\/wp\/v2\/product_cat?post=10167"},{"taxonomy":"product_tag","embeddable":true,"href":"https:\/\/gymfactory.eu\/lt\/wp-json\/wp\/v2\/product_tag?post=10167"}],"curies":[{"name":"wp","href":"https:\/\/api.w.org\/{rel}","templated":true}]}}