{"id":10164,"date":"2025-02-03T12:40:22","date_gmt":"2025-02-03T10:40:22","guid":{"rendered":"https:\/\/gymfactory.eu\/product\/p1-peciu-spaudimo-masina\/"},"modified":"2025-11-21T15:04:09","modified_gmt":"2025-11-21T13:04:09","slug":"p1-peciu-spaudimo-masina","status":"publish","type":"product","link":"https:\/\/gymfactory.eu\/lt\/produktas\/p1-peciu-spaudimo-masina\/","title":{"rendered":"P1 Pe\u010di\u0173 spaudimo treniruoklis"},"content":{"rendered":"<p>P1 pe\u010di\u0173 spaudimo treniruoklis \u2013 patikimas sprendimas saugiai ir efektyviai vir\u0161utin\u0117s k\u016bno dalies j\u0117gos lavinimui. Tvirta konstrukcija ir skland\u017eiai veikiantis mechanizmas leid\u017eia atlikti spaudimo pratimus tiek profesionalioje sporto sal\u0117je, tiek namuose.<\/p>\n<p>Treniruoklis apkrauna deltinius raumenis. Spaudimas s\u0117dint vyksta kontroliuotu, s\u0105narius tausojan\u010diu judesiu, padedan\u010diu palaipsniui didinti j\u0117g\u0105 ir raumen\u0173 mas\u0119. Reguliuojamas s\u0117dyn\u0117s auk\u0161tis ir kelios ranken\u0173 pad\u0117tys leid\u017eia pasirinkti nat\u016bral\u0173 su\u0117mim\u0105 pagal treniruo\u010di\u0173 tiksl\u0105.<\/p>\n<p>Fiksuota judesio trajektorija ir nugaros atrama padeda i\u0161laikyti taisykling\u0105 pad\u0117t\u012f ir leid\u017eia saugiai dirbti su didesniais svoriais net ir be partnerio pagalbos.<\/p>\n<p>P1 \u2013 funkcionalus ir saugus treniruoklis spaudimo j\u0117gai lavinti, ma\u017einant apkrov\u0105 s\u0105nariams ir maksimaliai i\u0161naudojant kiekvien\u0105 pakartojim\u0105.<\/p>\n\n    <div class=\"xs_social_share_widget xs_share_url after_content \t\tmain_content  wslu-style-1 wslu-share-box-shaped wslu-fill-colored wslu-none wslu-share-horizontal wslu-theme-font-no wslu-main_content\">\n\n\t\t\n        <ul>\n\t\t\t        <\/ul>\n    <\/div> \n","protected":false},"excerpt":{"rendered":"<p>P1 pe\u010di\u0173 spaudimo treniruoklis \u2013 patikimas sprendimas saugiai ir efektyviai vir\u0161utin\u0117s k\u016bno dalies j\u0117gos lavinimui. Tvirta konstrukcija ir skland\u017eiai veikiantis mechanizmas leid\u017eia atlikti spaudimo pratimus tiek profesionalioje sporto sal\u0117je, tiek namuose. Treniruoklis apkrauna deltinius raumenis. Spaudimas s\u0117dint vyksta kontroliuotu, s\u0105narius tausojan\u010diu judesiu, padedan\u010diu palaipsniui didinti j\u0117g\u0105 ir raumen\u0173 mas\u0119. Reguliuojamas s\u0117dyn\u0117s auk\u0161tis ir kelios ranken\u0173 [&hellip;]<\/p>\n","protected":false},"featured_media":8600,"template":"","meta":{"_acf_changed":false},"product_brand":[817],"product_cat":[421],"product_tag":[],"class_list":{"0":"post-10164","1":"product","2":"type-product","3":"status-publish","4":"has-post-thumbnail","6":"product_brand-gym-factory-lt","7":"product_cat-laisvu-svoriu-treniruokliai","9":"first","10":"onbackorder","11":"taxable","12":"shipping-taxable","13":"purchasable","14":"product-type-variable","15":"has-default-attributes"},"acf":[],"yoast_head":"<!-- This site is optimized with the Yoast SEO plugin v25.2 - https:\/\/yoast.com\/wordpress\/plugins\/seo\/ -->\n<title>P1 pe\u010di\u0173 spaudos ma\u0161ina | Nam\u0173 ir komercinis fitnesas<\/title>\n<meta name=\"description\" content=\"Norite sustiprinti pe\u010di\u0173 j\u0117g\u0105? Pe\u010di\u0173 spaudimo aparatas skirtas nam\u0173 ar komercin\u0117ms treniruokli\u0173 sal\u0117ms, kuriose galima skland\u017eiai ir kontroliuojamai treniruoti vir\u0161ugalv\u012f.\" \/>\n<meta name=\"robots\" content=\"index, follow, max-snippet:-1, max-image-preview:large, max-video-preview:-1\" \/>\n<link rel=\"canonical\" href=\"https:\/\/gymfactory.eu\/lt\/produktas\/p1-peciu-spaudimo-masina\/\" \/>\n<meta property=\"og:locale\" content=\"lt_LT\" \/>\n<meta property=\"og:type\" content=\"article\" \/>\n<meta property=\"og:title\" content=\"P1 pe\u010di\u0173 spaudos ma\u0161ina | Nam\u0173 ir komercinis fitnesas\" \/>\n<meta property=\"og:description\" content=\"Norite sustiprinti pe\u010di\u0173 j\u0117g\u0105? Pe\u010di\u0173 spaudimo aparatas skirtas nam\u0173 ar komercin\u0117ms treniruokli\u0173 sal\u0117ms, kuriose galima skland\u017eiai ir kontroliuojamai treniruoti vir\u0161ugalv\u012f.\" \/>\n<meta property=\"og:url\" content=\"https:\/\/gymfactory.eu\/lt\/produktas\/p1-peciu-spaudimo-masina\/\" \/>\n<meta property=\"og:site_name\" content=\"Gym Factory\" \/>\n<meta property=\"article:modified_time\" content=\"2025-11-21T13:04:09+00:00\" \/>\n<meta property=\"og:image\" content=\"https:\/\/gymfactory.eu\/wp-content\/uploads\/2025\/02\/gym-machine-P1-shoulder-press-machine-angle-view-1.webp\" \/>\n\t<meta property=\"og:image:width\" content=\"1500\" \/>\n\t<meta property=\"og:image:height\" content=\"1500\" \/>\n\t<meta property=\"og:image:type\" content=\"image\/webp\" \/>\n<meta name=\"twitter:card\" content=\"summary_large_image\" \/>\n<meta name=\"twitter:label1\" content=\"Est. reading time\" \/>\n\t<meta name=\"twitter:data1\" content=\"1 minut\u0117\" \/>\n<script type=\"application\/ld+json\" class=\"yoast-schema-graph\">{\"@context\":\"https:\/\/schema.org\",\"@graph\":[{\"@type\":\"WebPage\",\"@id\":\"https:\/\/gymfactory.eu\/lt\/produktas\/p1-peciu-spaudimo-masina\/\",\"url\":\"https:\/\/gymfactory.eu\/lt\/produktas\/p1-peciu-spaudimo-masina\/\",\"name\":\"P1 pe\u010di\u0173 spaudos ma\u0161ina | Nam\u0173 ir komercinis fitnesas\",\"isPartOf\":{\"@id\":\"https:\/\/gymfactory.eu\/lt\/#website\"},\"primaryImageOfPage\":{\"@id\":\"https:\/\/gymfactory.eu\/lt\/produktas\/p1-peciu-spaudimo-masina\/#primaryimage\"},\"image\":{\"@id\":\"https:\/\/gymfactory.eu\/lt\/produktas\/p1-peciu-spaudimo-masina\/#primaryimage\"},\"thumbnailUrl\":\"https:\/\/gymfactory.eu\/wp-content\/uploads\/2025\/02\/gym-machine-P1-shoulder-press-machine-angle-view-1.webp\",\"datePublished\":\"2025-02-03T10:40:22+00:00\",\"dateModified\":\"2025-11-21T13:04:09+00:00\",\"description\":\"Norite sustiprinti pe\u010di\u0173 j\u0117g\u0105? Pe\u010di\u0173 spaudimo aparatas skirtas nam\u0173 ar komercin\u0117ms treniruokli\u0173 sal\u0117ms, kuriose galima skland\u017eiai ir kontroliuojamai treniruoti vir\u0161ugalv\u012f.\",\"breadcrumb\":{\"@id\":\"https:\/\/gymfactory.eu\/lt\/produktas\/p1-peciu-spaudimo-masina\/#breadcrumb\"},\"inLanguage\":\"lt-LT\",\"potentialAction\":[{\"@type\":\"ReadAction\",\"target\":[\"https:\/\/gymfactory.eu\/lt\/produktas\/p1-peciu-spaudimo-masina\/\"]}]},{\"@type\":\"ImageObject\",\"inLanguage\":\"lt-LT\",\"@id\":\"https:\/\/gymfactory.eu\/lt\/produktas\/p1-peciu-spaudimo-masina\/#primaryimage\",\"url\":\"https:\/\/gymfactory.eu\/wp-content\/uploads\/2025\/02\/gym-machine-P1-shoulder-press-machine-angle-view-1.webp\",\"contentUrl\":\"https:\/\/gymfactory.eu\/wp-content\/uploads\/2025\/02\/gym-machine-P1-shoulder-press-machine-angle-view-1.webp\",\"width\":1500,\"height\":1500,\"caption\":\"Auk\u0161tos kokyb\u0117s pe\u010di\u0173 spaudimo treniruoklis su tvirtu juodo plieno r\u0117mu, raudona mink\u0161ta nugar\u0117le ir patogia s\u0117dyne. Svorio \u012fkrovos kai\u0161\u010diai leid\u017eia pritaikyti pasiprie\u0161inim\u0105, o ergonomi\u0161kos rankenos u\u017etikrina kontroliuojamus judesius. \u0160is j\u0117gos treniruoklis skirtas pe\u010di\u0173, triceps\u0173 ir vir\u0161utin\u0117s kr\u016btin\u0117s dalies raumenims.\"},{\"@type\":\"BreadcrumbList\",\"@id\":\"https:\/\/gymfactory.eu\/lt\/produktas\/p1-peciu-spaudimo-masina\/#breadcrumb\",\"itemListElement\":[{\"@type\":\"ListItem\",\"position\":1,\"name\":\"Pagrindinis\",\"item\":\"https:\/\/gymfactory.eu\/lt\/\"},{\"@type\":\"ListItem\",\"position\":2,\"name\":\"Katalogas\",\"item\":\"https:\/\/gymfactory.eu\/lt\/katalogas\/\"},{\"@type\":\"ListItem\",\"position\":3,\"name\":\"P1 Pe\u010di\u0173 spaudimo treniruoklis\"}]},{\"@type\":\"WebSite\",\"@id\":\"https:\/\/gymfactory.eu\/lt\/#website\",\"url\":\"https:\/\/gymfactory.eu\/lt\/\",\"name\":\"Gym Factory\",\"description\":\"\",\"publisher\":{\"@id\":\"https:\/\/gymfactory.eu\/lt\/#organization\"},\"potentialAction\":[{\"@type\":\"SearchAction\",\"target\":{\"@type\":\"EntryPoint\",\"urlTemplate\":\"https:\/\/gymfactory.eu\/lt\/?s={search_term_string}\"},\"query-input\":{\"@type\":\"PropertyValueSpecification\",\"valueRequired\":true,\"valueName\":\"search_term_string\"}}],\"inLanguage\":\"lt-LT\"},{\"@type\":\"Organization\",\"@id\":\"https:\/\/gymfactory.eu\/lt\/#organization\",\"name\":\"Sporto sal\u0117s gamykla\",\"url\":\"https:\/\/gymfactory.eu\/lt\/\",\"logo\":{\"@type\":\"ImageObject\",\"inLanguage\":\"lt-LT\",\"@id\":\"https:\/\/gymfactory.eu\/lt\/#\/schema\/logo\/image\/\",\"url\":\"https:\/\/gymfactory.eu\/wp-content\/uploads\/2024\/11\/Component-1.svg\",\"contentUrl\":\"https:\/\/gymfactory.eu\/wp-content\/uploads\/2024\/11\/Component-1.svg\",\"width\":54,\"height\":44,\"caption\":\"Sporto sal\u0117s gamykla\"},\"image\":{\"@id\":\"https:\/\/gymfactory.eu\/lt\/#\/schema\/logo\/image\/\"}}]}<\/script>\n<!-- \/ Yoast SEO plugin. -->","yoast_head_json":{"title":"P1 pe\u010di\u0173 spaudos ma\u0161ina | Nam\u0173 ir komercinis fitnesas","description":"Norite sustiprinti pe\u010di\u0173 j\u0117g\u0105? Pe\u010di\u0173 spaudimo aparatas skirtas nam\u0173 ar komercin\u0117ms treniruokli\u0173 sal\u0117ms, kuriose galima skland\u017eiai ir kontroliuojamai treniruoti vir\u0161ugalv\u012f.","robots":{"index":"index","follow":"follow","max-snippet":"max-snippet:-1","max-image-preview":"max-image-preview:large","max-video-preview":"max-video-preview:-1"},"canonical":"https:\/\/gymfactory.eu\/lt\/produktas\/p1-peciu-spaudimo-masina\/","og_locale":"lt_LT","og_type":"article","og_title":"P1 pe\u010di\u0173 spaudos ma\u0161ina | Nam\u0173 ir komercinis fitnesas","og_description":"Norite sustiprinti pe\u010di\u0173 j\u0117g\u0105? Pe\u010di\u0173 spaudimo aparatas skirtas nam\u0173 ar komercin\u0117ms treniruokli\u0173 sal\u0117ms, kuriose galima skland\u017eiai ir kontroliuojamai treniruoti vir\u0161ugalv\u012f.","og_url":"https:\/\/gymfactory.eu\/lt\/produktas\/p1-peciu-spaudimo-masina\/","og_site_name":"Gym Factory","article_modified_time":"2025-11-21T13:04:09+00:00","og_image":[{"width":1500,"height":1500,"url":"https:\/\/gymfactory.eu\/wp-content\/uploads\/2025\/02\/gym-machine-P1-shoulder-press-machine-angle-view-1.webp","type":"image\/webp"}],"twitter_card":"summary_large_image","twitter_misc":{"Est. reading time":"1 minut\u0117"},"schema":{"@context":"https:\/\/schema.org","@graph":[{"@type":"WebPage","@id":"https:\/\/gymfactory.eu\/lt\/produktas\/p1-peciu-spaudimo-masina\/","url":"https:\/\/gymfactory.eu\/lt\/produktas\/p1-peciu-spaudimo-masina\/","name":"P1 pe\u010di\u0173 spaudos ma\u0161ina | Nam\u0173 ir komercinis fitnesas","isPartOf":{"@id":"https:\/\/gymfactory.eu\/lt\/#website"},"primaryImageOfPage":{"@id":"https:\/\/gymfactory.eu\/lt\/produktas\/p1-peciu-spaudimo-masina\/#primaryimage"},"image":{"@id":"https:\/\/gymfactory.eu\/lt\/produktas\/p1-peciu-spaudimo-masina\/#primaryimage"},"thumbnailUrl":"https:\/\/gymfactory.eu\/wp-content\/uploads\/2025\/02\/gym-machine-P1-shoulder-press-machine-angle-view-1.webp","datePublished":"2025-02-03T10:40:22+00:00","dateModified":"2025-11-21T13:04:09+00:00","description":"Norite sustiprinti pe\u010di\u0173 j\u0117g\u0105? Pe\u010di\u0173 spaudimo aparatas skirtas nam\u0173 ar komercin\u0117ms treniruokli\u0173 sal\u0117ms, kuriose galima skland\u017eiai ir kontroliuojamai treniruoti vir\u0161ugalv\u012f.","breadcrumb":{"@id":"https:\/\/gymfactory.eu\/lt\/produktas\/p1-peciu-spaudimo-masina\/#breadcrumb"},"inLanguage":"lt-LT","potentialAction":[{"@type":"ReadAction","target":["https:\/\/gymfactory.eu\/lt\/produktas\/p1-peciu-spaudimo-masina\/"]}]},{"@type":"ImageObject","inLanguage":"lt-LT","@id":"https:\/\/gymfactory.eu\/lt\/produktas\/p1-peciu-spaudimo-masina\/#primaryimage","url":"https:\/\/gymfactory.eu\/wp-content\/uploads\/2025\/02\/gym-machine-P1-shoulder-press-machine-angle-view-1.webp","contentUrl":"https:\/\/gymfactory.eu\/wp-content\/uploads\/2025\/02\/gym-machine-P1-shoulder-press-machine-angle-view-1.webp","width":1500,"height":1500,"caption":"Auk\u0161tos kokyb\u0117s pe\u010di\u0173 spaudimo treniruoklis su tvirtu juodo plieno r\u0117mu, raudona mink\u0161ta nugar\u0117le ir patogia s\u0117dyne. Svorio \u012fkrovos kai\u0161\u010diai leid\u017eia pritaikyti pasiprie\u0161inim\u0105, o ergonomi\u0161kos rankenos u\u017etikrina kontroliuojamus judesius. \u0160is j\u0117gos treniruoklis skirtas pe\u010di\u0173, triceps\u0173 ir vir\u0161utin\u0117s kr\u016btin\u0117s dalies raumenims."},{"@type":"BreadcrumbList","@id":"https:\/\/gymfactory.eu\/lt\/produktas\/p1-peciu-spaudimo-masina\/#breadcrumb","itemListElement":[{"@type":"ListItem","position":1,"name":"Pagrindinis","item":"https:\/\/gymfactory.eu\/lt\/"},{"@type":"ListItem","position":2,"name":"Katalogas","item":"https:\/\/gymfactory.eu\/lt\/katalogas\/"},{"@type":"ListItem","position":3,"name":"P1 Pe\u010di\u0173 spaudimo treniruoklis"}]},{"@type":"WebSite","@id":"https:\/\/gymfactory.eu\/lt\/#website","url":"https:\/\/gymfactory.eu\/lt\/","name":"Gym Factory","description":"","publisher":{"@id":"https:\/\/gymfactory.eu\/lt\/#organization"},"potentialAction":[{"@type":"SearchAction","target":{"@type":"EntryPoint","urlTemplate":"https:\/\/gymfactory.eu\/lt\/?s={search_term_string}"},"query-input":{"@type":"PropertyValueSpecification","valueRequired":true,"valueName":"search_term_string"}}],"inLanguage":"lt-LT"},{"@type":"Organization","@id":"https:\/\/gymfactory.eu\/lt\/#organization","name":"Sporto sal\u0117s gamykla","url":"https:\/\/gymfactory.eu\/lt\/","logo":{"@type":"ImageObject","inLanguage":"lt-LT","@id":"https:\/\/gymfactory.eu\/lt\/#\/schema\/logo\/image\/","url":"https:\/\/gymfactory.eu\/wp-content\/uploads\/2024\/11\/Component-1.svg","contentUrl":"https:\/\/gymfactory.eu\/wp-content\/uploads\/2024\/11\/Component-1.svg","width":54,"height":44,"caption":"Sporto sal\u0117s gamykla"},"image":{"@id":"https:\/\/gymfactory.eu\/lt\/#\/schema\/logo\/image\/"}}]}},"_links":{"self":[{"href":"https:\/\/gymfactory.eu\/lt\/wp-json\/wp\/v2\/product\/10164","targetHints":{"allow":["GET"]}}],"collection":[{"href":"https:\/\/gymfactory.eu\/lt\/wp-json\/wp\/v2\/product"}],"about":[{"href":"https:\/\/gymfactory.eu\/lt\/wp-json\/wp\/v2\/types\/product"}],"wp:featuredmedia":[{"embeddable":true,"href":"https:\/\/gymfactory.eu\/lt\/wp-json\/wp\/v2\/media\/8600"}],"wp:attachment":[{"href":"https:\/\/gymfactory.eu\/lt\/wp-json\/wp\/v2\/media?parent=10164"}],"wp:term":[{"taxonomy":"product_brand","embeddable":true,"href":"https:\/\/gymfactory.eu\/lt\/wp-json\/wp\/v2\/product_brand?post=10164"},{"taxonomy":"product_cat","embeddable":true,"href":"https:\/\/gymfactory.eu\/lt\/wp-json\/wp\/v2\/product_cat?post=10164"},{"taxonomy":"product_tag","embeddable":true,"href":"https:\/\/gymfactory.eu\/lt\/wp-json\/wp\/v2\/product_tag?post=10164"}],"curies":[{"name":"wp","href":"https:\/\/api.w.org\/{rel}","templated":true}]}}