{"id":10162,"date":"2025-02-04T07:37:16","date_gmt":"2025-02-04T05:37:16","guid":{"rendered":"https:\/\/gymfactory.eu\/product\/p3-soninio-peciu-pakelimo-masina\/"},"modified":"2025-09-03T11:36:28","modified_gmt":"2025-09-03T08:36:28","slug":"p3-soninio-peciu-pakelimo-masina","status":"publish","type":"product","link":"https:\/\/gymfactory.eu\/lt\/produktas\/p3-soninio-peciu-pakelimo-masina\/","title":{"rendered":"P3 Pe\u010di\u0173 most\u0173 treniruoklis"},"content":{"rendered":"<p>P3 pe\u010di\u0173 most\u0173 treniruoklis \u2013 tai kompakti\u0161kas, prie sienos tvirtinamas \u012frenginys, skirtas tikslingai pe\u010di\u0173 treniruotei. Jis sukurtas taip, kad u\u017eimt\u0173 minimaliai vietos, bet i\u0161laikyt\u0173 vis\u0105 funkcionalum\u0105 \u2013 puikiai tinka tiek nam\u0173 treniruo\u010di\u0173 erdvei, tiek profesionalioms sporto sal\u0117ms, kur svarbus efektyvus i\u0161planavimas.<\/p>\n<p>Treniruoklis skirtas \u0161oniniams pe\u010di\u0173 k\u0117limams, kurie lavina vidurin\u0119 deltini\u0173 raumen\u0173 dal\u012f ir padeda formuoti pe\u010di\u0173 plot\u012f. Galima atlikti ir vienos rankos k\u0117limus, siekiant geresn\u0117s kontrol\u0117s ir raumen\u0173 balanso. Kei\u010diant k\u016bno pad\u0117t\u012f ir su\u0117mim\u0105, galima atlikti ir priekinius k\u0117limus, aktyvuojan\u010dius priekinius deltinius bei vir\u0161utinius trapecijos raumenis.<\/p>\n<p>Ranken\u0173 svirtys juda laisvai, tod\u0117l nat\u016braliai prisitaiko prie peties judesio ir leid\u017eia dirbti per saugi\u0105, s\u0105nariams palanki\u0105 amplitud\u0119. Reguliuojamas auk\u0161tis leid\u017eia tiksliai sulygiuoti sukimosi a\u0161\u012f su peties s\u0105nariu \u2013 tai ypa\u010d svarbu saugumui ir efektyvumui.<\/p>\n<p>P3 tvirtinamas tiesiai prie sienos su 8 tvirtinimo var\u017etais, tod\u0117l garantuoja stabilum\u0105 naudojimo metu ir i\u0161laiko minimal\u0173 u\u017eimam\u0105 plot\u0105.<\/p>\n\n    <div class=\"xs_social_share_widget xs_share_url after_content \t\tmain_content  wslu-style-1 wslu-share-box-shaped wslu-fill-colored wslu-none wslu-share-horizontal wslu-theme-font-no wslu-main_content\">\n\n\t\t\n        <ul>\n\t\t\t        <\/ul>\n    <\/div> \n","protected":false},"excerpt":{"rendered":"<p>P3 pe\u010di\u0173 most\u0173 treniruoklis \u2013 tai kompakti\u0161kas, prie sienos tvirtinamas \u012frenginys, skirtas tikslingai pe\u010di\u0173 treniruotei. Jis sukurtas taip, kad u\u017eimt\u0173 minimaliai vietos, bet i\u0161laikyt\u0173 vis\u0105 funkcionalum\u0105 \u2013 puikiai tinka tiek nam\u0173 treniruo\u010di\u0173 erdvei, tiek profesionalioms sporto sal\u0117ms, kur svarbus efektyvus i\u0161planavimas. Treniruoklis skirtas \u0161oniniams pe\u010di\u0173 k\u0117limams, kurie lavina vidurin\u0119 deltini\u0173 raumen\u0173 dal\u012f ir padeda formuoti [&hellip;]<\/p>\n","protected":false},"featured_media":8624,"template":"","meta":{"_acf_changed":false},"product_brand":[817],"product_cat":[421],"product_tag":[415],"class_list":{"0":"post-10162","1":"product","2":"type-product","3":"status-publish","4":"has-post-thumbnail","6":"product_brand-gym-factory-lt","7":"product_cat-laisvu-svoriu-treniruokliai","8":"product_tag-spalva-tik-metaline","10":"first","11":"onbackorder","12":"taxable","13":"shipping-taxable","14":"purchasable","15":"product-type-variable","16":"has-default-attributes"},"acf":[],"yoast_head":"<!-- This site is optimized with the Yoast SEO plugin v25.2 - https:\/\/yoast.com\/wordpress\/plugins\/seo\/ -->\n<title>P3 \u0161oninio pe\u010di\u0173 pak\u0117limo ma\u0161ina | Sienin\u0117 \u012franga<\/title>\n<meta name=\"description\" content=\"Reikia izoliuoti pe\u010dius naudojant kompakti\u0161k\u0105 treniruokl\u012f? &quot;P3 Lateral Shoulder Raise&quot; - tai ant sienos tvirtinama \u012franga, skirta \u0161onin\u0117ms j\u0117gos treniruot\u0117ms.\" \/>\n<meta name=\"robots\" content=\"index, follow, max-snippet:-1, max-image-preview:large, max-video-preview:-1\" \/>\n<link rel=\"canonical\" href=\"https:\/\/gymfactory.eu\/lt\/produktas\/p3-soninio-peciu-pakelimo-masina\/\" \/>\n<meta property=\"og:locale\" content=\"lt_LT\" \/>\n<meta property=\"og:type\" content=\"article\" \/>\n<meta property=\"og:title\" content=\"P3 \u0161oninio pe\u010di\u0173 pak\u0117limo ma\u0161ina | Sienin\u0117 \u012franga\" \/>\n<meta property=\"og:description\" content=\"Reikia izoliuoti pe\u010dius naudojant kompakti\u0161k\u0105 treniruokl\u012f? &quot;P3 Lateral Shoulder Raise&quot; - tai ant sienos tvirtinama \u012franga, skirta \u0161onin\u0117ms j\u0117gos treniruot\u0117ms.\" \/>\n<meta property=\"og:url\" content=\"https:\/\/gymfactory.eu\/lt\/produktas\/p3-soninio-peciu-pakelimo-masina\/\" \/>\n<meta property=\"og:site_name\" content=\"Gym Factory\" \/>\n<meta property=\"article:modified_time\" content=\"2025-09-03T08:36:28+00:00\" \/>\n<meta property=\"og:image\" content=\"https:\/\/gymfactory.eu\/wp-content\/uploads\/2025\/02\/gym-machine-P3-lateral-shoulder-raise-wall-mounted-front-view-1-1.webp\" \/>\n\t<meta property=\"og:image:width\" content=\"1500\" \/>\n\t<meta property=\"og:image:height\" content=\"1500\" \/>\n\t<meta property=\"og:image:type\" content=\"image\/webp\" \/>\n<meta name=\"twitter:card\" content=\"summary_large_image\" \/>\n<meta name=\"twitter:label1\" content=\"Est. reading time\" \/>\n\t<meta name=\"twitter:data1\" content=\"1 minut\u0117\" \/>\n<script type=\"application\/ld+json\" class=\"yoast-schema-graph\">{\"@context\":\"https:\/\/schema.org\",\"@graph\":[{\"@type\":\"WebPage\",\"@id\":\"https:\/\/gymfactory.eu\/lt\/produktas\/p3-soninio-peciu-pakelimo-masina\/\",\"url\":\"https:\/\/gymfactory.eu\/lt\/produktas\/p3-soninio-peciu-pakelimo-masina\/\",\"name\":\"P3 \u0161oninio pe\u010di\u0173 pak\u0117limo ma\u0161ina | Sienin\u0117 \u012franga\",\"isPartOf\":{\"@id\":\"https:\/\/gymfactory.eu\/lt\/#website\"},\"primaryImageOfPage\":{\"@id\":\"https:\/\/gymfactory.eu\/lt\/produktas\/p3-soninio-peciu-pakelimo-masina\/#primaryimage\"},\"image\":{\"@id\":\"https:\/\/gymfactory.eu\/lt\/produktas\/p3-soninio-peciu-pakelimo-masina\/#primaryimage\"},\"thumbnailUrl\":\"https:\/\/gymfactory.eu\/wp-content\/uploads\/2025\/02\/gym-machine-P3-lateral-shoulder-raise-wall-mounted-front-view-1-1.webp\",\"datePublished\":\"2025-02-04T05:37:16+00:00\",\"dateModified\":\"2025-09-03T08:36:28+00:00\",\"description\":\"Reikia izoliuoti pe\u010dius naudojant kompakti\u0161k\u0105 treniruokl\u012f? \\\"P3 Lateral Shoulder Raise\\\" - tai ant sienos tvirtinama \u012franga, skirta \u0161onin\u0117ms j\u0117gos treniruot\u0117ms.\",\"breadcrumb\":{\"@id\":\"https:\/\/gymfactory.eu\/lt\/produktas\/p3-soninio-peciu-pakelimo-masina\/#breadcrumb\"},\"inLanguage\":\"lt-LT\",\"potentialAction\":[{\"@type\":\"ReadAction\",\"target\":[\"https:\/\/gymfactory.eu\/lt\/produktas\/p3-soninio-peciu-pakelimo-masina\/\"]}]},{\"@type\":\"ImageObject\",\"inLanguage\":\"lt-LT\",\"@id\":\"https:\/\/gymfactory.eu\/lt\/produktas\/p3-soninio-peciu-pakelimo-masina\/#primaryimage\",\"url\":\"https:\/\/gymfactory.eu\/wp-content\/uploads\/2025\/02\/gym-machine-P3-lateral-shoulder-raise-wall-mounted-front-view-1-1.webp\",\"contentUrl\":\"https:\/\/gymfactory.eu\/wp-content\/uploads\/2025\/02\/gym-machine-P3-lateral-shoulder-raise-wall-mounted-front-view-1-1.webp\",\"width\":1500,\"height\":1500,\"caption\":\"treniruokli\u0173 sal\u0117-P3-2-sieninis pe\u010di\u0173 pak\u0117limas-priekinis vaizdas\"},{\"@type\":\"BreadcrumbList\",\"@id\":\"https:\/\/gymfactory.eu\/lt\/produktas\/p3-soninio-peciu-pakelimo-masina\/#breadcrumb\",\"itemListElement\":[{\"@type\":\"ListItem\",\"position\":1,\"name\":\"Pagrindinis\",\"item\":\"https:\/\/gymfactory.eu\/lt\/\"},{\"@type\":\"ListItem\",\"position\":2,\"name\":\"Katalogas\",\"item\":\"https:\/\/gymfactory.eu\/lt\/katalogas\/\"},{\"@type\":\"ListItem\",\"position\":3,\"name\":\"P3 Pe\u010di\u0173 most\u0173 treniruoklis\"}]},{\"@type\":\"WebSite\",\"@id\":\"https:\/\/gymfactory.eu\/lt\/#website\",\"url\":\"https:\/\/gymfactory.eu\/lt\/\",\"name\":\"Gym Factory\",\"description\":\"\",\"publisher\":{\"@id\":\"https:\/\/gymfactory.eu\/lt\/#organization\"},\"potentialAction\":[{\"@type\":\"SearchAction\",\"target\":{\"@type\":\"EntryPoint\",\"urlTemplate\":\"https:\/\/gymfactory.eu\/lt\/?s={search_term_string}\"},\"query-input\":{\"@type\":\"PropertyValueSpecification\",\"valueRequired\":true,\"valueName\":\"search_term_string\"}}],\"inLanguage\":\"lt-LT\"},{\"@type\":\"Organization\",\"@id\":\"https:\/\/gymfactory.eu\/lt\/#organization\",\"name\":\"Sporto sal\u0117s gamykla\",\"url\":\"https:\/\/gymfactory.eu\/lt\/\",\"logo\":{\"@type\":\"ImageObject\",\"inLanguage\":\"lt-LT\",\"@id\":\"https:\/\/gymfactory.eu\/lt\/#\/schema\/logo\/image\/\",\"url\":\"https:\/\/gymfactory.eu\/wp-content\/uploads\/2024\/11\/Component-1.svg\",\"contentUrl\":\"https:\/\/gymfactory.eu\/wp-content\/uploads\/2024\/11\/Component-1.svg\",\"width\":54,\"height\":44,\"caption\":\"Sporto sal\u0117s gamykla\"},\"image\":{\"@id\":\"https:\/\/gymfactory.eu\/lt\/#\/schema\/logo\/image\/\"}}]}<\/script>\n<!-- \/ Yoast SEO plugin. -->","yoast_head_json":{"title":"P3 \u0161oninio pe\u010di\u0173 pak\u0117limo ma\u0161ina | Sienin\u0117 \u012franga","description":"Reikia izoliuoti pe\u010dius naudojant kompakti\u0161k\u0105 treniruokl\u012f? \"P3 Lateral Shoulder Raise\" - tai ant sienos tvirtinama \u012franga, skirta \u0161onin\u0117ms j\u0117gos treniruot\u0117ms.","robots":{"index":"index","follow":"follow","max-snippet":"max-snippet:-1","max-image-preview":"max-image-preview:large","max-video-preview":"max-video-preview:-1"},"canonical":"https:\/\/gymfactory.eu\/lt\/produktas\/p3-soninio-peciu-pakelimo-masina\/","og_locale":"lt_LT","og_type":"article","og_title":"P3 \u0161oninio pe\u010di\u0173 pak\u0117limo ma\u0161ina | Sienin\u0117 \u012franga","og_description":"Reikia izoliuoti pe\u010dius naudojant kompakti\u0161k\u0105 treniruokl\u012f? \"P3 Lateral Shoulder Raise\" - tai ant sienos tvirtinama \u012franga, skirta \u0161onin\u0117ms j\u0117gos treniruot\u0117ms.","og_url":"https:\/\/gymfactory.eu\/lt\/produktas\/p3-soninio-peciu-pakelimo-masina\/","og_site_name":"Gym Factory","article_modified_time":"2025-09-03T08:36:28+00:00","og_image":[{"width":1500,"height":1500,"url":"https:\/\/gymfactory.eu\/wp-content\/uploads\/2025\/02\/gym-machine-P3-lateral-shoulder-raise-wall-mounted-front-view-1-1.webp","type":"image\/webp"}],"twitter_card":"summary_large_image","twitter_misc":{"Est. reading time":"1 minut\u0117"},"schema":{"@context":"https:\/\/schema.org","@graph":[{"@type":"WebPage","@id":"https:\/\/gymfactory.eu\/lt\/produktas\/p3-soninio-peciu-pakelimo-masina\/","url":"https:\/\/gymfactory.eu\/lt\/produktas\/p3-soninio-peciu-pakelimo-masina\/","name":"P3 \u0161oninio pe\u010di\u0173 pak\u0117limo ma\u0161ina | Sienin\u0117 \u012franga","isPartOf":{"@id":"https:\/\/gymfactory.eu\/lt\/#website"},"primaryImageOfPage":{"@id":"https:\/\/gymfactory.eu\/lt\/produktas\/p3-soninio-peciu-pakelimo-masina\/#primaryimage"},"image":{"@id":"https:\/\/gymfactory.eu\/lt\/produktas\/p3-soninio-peciu-pakelimo-masina\/#primaryimage"},"thumbnailUrl":"https:\/\/gymfactory.eu\/wp-content\/uploads\/2025\/02\/gym-machine-P3-lateral-shoulder-raise-wall-mounted-front-view-1-1.webp","datePublished":"2025-02-04T05:37:16+00:00","dateModified":"2025-09-03T08:36:28+00:00","description":"Reikia izoliuoti pe\u010dius naudojant kompakti\u0161k\u0105 treniruokl\u012f? \"P3 Lateral Shoulder Raise\" - tai ant sienos tvirtinama \u012franga, skirta \u0161onin\u0117ms j\u0117gos treniruot\u0117ms.","breadcrumb":{"@id":"https:\/\/gymfactory.eu\/lt\/produktas\/p3-soninio-peciu-pakelimo-masina\/#breadcrumb"},"inLanguage":"lt-LT","potentialAction":[{"@type":"ReadAction","target":["https:\/\/gymfactory.eu\/lt\/produktas\/p3-soninio-peciu-pakelimo-masina\/"]}]},{"@type":"ImageObject","inLanguage":"lt-LT","@id":"https:\/\/gymfactory.eu\/lt\/produktas\/p3-soninio-peciu-pakelimo-masina\/#primaryimage","url":"https:\/\/gymfactory.eu\/wp-content\/uploads\/2025\/02\/gym-machine-P3-lateral-shoulder-raise-wall-mounted-front-view-1-1.webp","contentUrl":"https:\/\/gymfactory.eu\/wp-content\/uploads\/2025\/02\/gym-machine-P3-lateral-shoulder-raise-wall-mounted-front-view-1-1.webp","width":1500,"height":1500,"caption":"treniruokli\u0173 sal\u0117-P3-2-sieninis pe\u010di\u0173 pak\u0117limas-priekinis vaizdas"},{"@type":"BreadcrumbList","@id":"https:\/\/gymfactory.eu\/lt\/produktas\/p3-soninio-peciu-pakelimo-masina\/#breadcrumb","itemListElement":[{"@type":"ListItem","position":1,"name":"Pagrindinis","item":"https:\/\/gymfactory.eu\/lt\/"},{"@type":"ListItem","position":2,"name":"Katalogas","item":"https:\/\/gymfactory.eu\/lt\/katalogas\/"},{"@type":"ListItem","position":3,"name":"P3 Pe\u010di\u0173 most\u0173 treniruoklis"}]},{"@type":"WebSite","@id":"https:\/\/gymfactory.eu\/lt\/#website","url":"https:\/\/gymfactory.eu\/lt\/","name":"Gym Factory","description":"","publisher":{"@id":"https:\/\/gymfactory.eu\/lt\/#organization"},"potentialAction":[{"@type":"SearchAction","target":{"@type":"EntryPoint","urlTemplate":"https:\/\/gymfactory.eu\/lt\/?s={search_term_string}"},"query-input":{"@type":"PropertyValueSpecification","valueRequired":true,"valueName":"search_term_string"}}],"inLanguage":"lt-LT"},{"@type":"Organization","@id":"https:\/\/gymfactory.eu\/lt\/#organization","name":"Sporto sal\u0117s gamykla","url":"https:\/\/gymfactory.eu\/lt\/","logo":{"@type":"ImageObject","inLanguage":"lt-LT","@id":"https:\/\/gymfactory.eu\/lt\/#\/schema\/logo\/image\/","url":"https:\/\/gymfactory.eu\/wp-content\/uploads\/2024\/11\/Component-1.svg","contentUrl":"https:\/\/gymfactory.eu\/wp-content\/uploads\/2024\/11\/Component-1.svg","width":54,"height":44,"caption":"Sporto sal\u0117s gamykla"},"image":{"@id":"https:\/\/gymfactory.eu\/lt\/#\/schema\/logo\/image\/"}}]}},"_links":{"self":[{"href":"https:\/\/gymfactory.eu\/lt\/wp-json\/wp\/v2\/product\/10162","targetHints":{"allow":["GET"]}}],"collection":[{"href":"https:\/\/gymfactory.eu\/lt\/wp-json\/wp\/v2\/product"}],"about":[{"href":"https:\/\/gymfactory.eu\/lt\/wp-json\/wp\/v2\/types\/product"}],"wp:featuredmedia":[{"embeddable":true,"href":"https:\/\/gymfactory.eu\/lt\/wp-json\/wp\/v2\/media\/8624"}],"wp:attachment":[{"href":"https:\/\/gymfactory.eu\/lt\/wp-json\/wp\/v2\/media?parent=10162"}],"wp:term":[{"taxonomy":"product_brand","embeddable":true,"href":"https:\/\/gymfactory.eu\/lt\/wp-json\/wp\/v2\/product_brand?post=10162"},{"taxonomy":"product_cat","embeddable":true,"href":"https:\/\/gymfactory.eu\/lt\/wp-json\/wp\/v2\/product_cat?post=10162"},{"taxonomy":"product_tag","embeddable":true,"href":"https:\/\/gymfactory.eu\/lt\/wp-json\/wp\/v2\/product_tag?post=10162"}],"curies":[{"name":"wp","href":"https:\/\/api.w.org\/{rel}","templated":true}]}}