{"id":10159,"date":"2025-02-03T12:14:43","date_gmt":"2025-02-03T10:14:43","guid":{"rendered":"https:\/\/gymfactory.eu\/product\/o3-blauzdu-kelimo-masina\/"},"modified":"2025-11-21T15:02:18","modified_gmt":"2025-11-21T13:02:18","slug":"o3-blauzdu-kelimo-masina","status":"publish","type":"product","link":"https:\/\/gymfactory.eu\/lt\/produktas\/o3-blauzdu-kelimo-masina\/","title":{"rendered":"O3 Blauzd\u0173 treniruoklis"},"content":{"rendered":"<p>O3 blauzd\u0173 treniruoklis sukurtas blauzd\u0173 k\u0117limui stovint \u2013 vienam pagrindini\u0173 pratim\u0173, lavinan\u010di\u0173 j\u0117g\u0105, i\u0161tverm\u0119 ir stabilum\u0105 apatin\u0117je k\u016bno dalyje. Tvirta konstrukcija ir ai\u0161kus veikimo principas leid\u017eia susitelkti \u012f treniruot\u0119 be nereikaling\u0173 trukd\u017ei\u0173 \u2013 tiek nam\u0173 aplinkoje, tiek profesionalioje sporto sal\u0117je.<\/p>\n<p>Treniruoklis stiprina blauzdos raumenis, gerina \u010diurn\u0173 stabilum\u0105, raumen\u0173 kontrol\u0119 ir pusiausvyr\u0105. Vertikali pad\u0117tis leid\u017eia atlikti judes\u012f per vis\u0105 amplitud\u0119 \u2013 nuo pilno tempimo iki maksimalaus susitraukimo, taip i\u0161naudojant vis\u0105 blauzdos raumen\u0173 potencial\u0105.<\/p>\n<p>Reguliuojamas pe\u010di\u0173 atramos auk\u0161tis leid\u017eia pritaikyti treniruokl\u012f skirtingo \u016bgio naudotojams. Keli ranken\u0173 variantai padeda rasti patogiausi\u0105 ir stabiliausi\u0105 rank\u0173 pad\u0117t\u012f pak\u0117limo metu.<\/p>\n<p>O3 \u2013 tai patikimas, tvirtas ir efektyvus sprendimas norintiems kryptingai treniruoti blauzdas bet kokioje treniruo\u010di\u0173 aplinkoje.<\/p>\n\n    <div class=\"xs_social_share_widget xs_share_url after_content \t\tmain_content  wslu-style-1 wslu-share-box-shaped wslu-fill-colored wslu-none wslu-share-horizontal wslu-theme-font-no wslu-main_content\">\n\n\t\t\n        <ul>\n\t\t\t        <\/ul>\n    <\/div> \n","protected":false},"excerpt":{"rendered":"<p>O3 blauzd\u0173 treniruoklis sukurtas blauzd\u0173 k\u0117limui stovint \u2013 vienam pagrindini\u0173 pratim\u0173, lavinan\u010di\u0173 j\u0117g\u0105, i\u0161tverm\u0119 ir stabilum\u0105 apatin\u0117je k\u016bno dalyje. Tvirta konstrukcija ir ai\u0161kus veikimo principas leid\u017eia susitelkti \u012f treniruot\u0119 be nereikaling\u0173 trukd\u017ei\u0173 \u2013 tiek nam\u0173 aplinkoje, tiek profesionalioje sporto sal\u0117je. Treniruoklis stiprina blauzdos raumenis, gerina \u010diurn\u0173 stabilum\u0105, raumen\u0173 kontrol\u0119 ir pusiausvyr\u0105. Vertikali pad\u0117tis leid\u017eia atlikti [&hellip;]<\/p>\n","protected":false},"featured_media":8599,"template":"","meta":{"_acf_changed":false},"product_brand":[817],"product_cat":[421],"product_tag":[],"class_list":{"0":"post-10159","1":"product","2":"type-product","3":"status-publish","4":"has-post-thumbnail","6":"product_brand-gym-factory-lt","7":"product_cat-laisvu-svoriu-treniruokliai","9":"first","10":"onbackorder","11":"taxable","12":"shipping-taxable","13":"purchasable","14":"product-type-variable","15":"has-default-attributes"},"acf":[],"yoast_head":"<!-- This site is optimized with the Yoast SEO plugin v25.2 - https:\/\/yoast.com\/wordpress\/plugins\/seo\/ -->\n<title>&quot;O3 Calf Raise Machine&quot; | Nam\u0173 ar komercin\u0117s sporto sal\u0117s \u012franga<\/title>\n<meta name=\"description\" content=\"Ie\u0161kote universalios ver\u0161iavimosi ma\u0161inos? O3 blauzd\u0173 k\u0117limo treniruoklis sukurtas veiksmingoms blauzd\u0173 treniruot\u0117ms nam\u0173 treniruokli\u0173 sal\u0117se arba komercin\u0117se treniruokli\u0173 sal\u0117se.\" \/>\n<meta name=\"robots\" content=\"index, follow, max-snippet:-1, max-image-preview:large, max-video-preview:-1\" \/>\n<link rel=\"canonical\" href=\"https:\/\/gymfactory.eu\/lt\/produktas\/o3-blauzdu-kelimo-masina\/\" \/>\n<meta property=\"og:locale\" content=\"lt_LT\" \/>\n<meta property=\"og:type\" content=\"article\" \/>\n<meta property=\"og:title\" content=\"&quot;O3 Calf Raise Machine&quot; | Nam\u0173 ar komercin\u0117s sporto sal\u0117s \u012franga\" \/>\n<meta property=\"og:description\" content=\"Ie\u0161kote universalios ver\u0161iavimosi ma\u0161inos? O3 blauzd\u0173 k\u0117limo treniruoklis sukurtas veiksmingoms blauzd\u0173 treniruot\u0117ms nam\u0173 treniruokli\u0173 sal\u0117se arba komercin\u0117se treniruokli\u0173 sal\u0117se.\" \/>\n<meta property=\"og:url\" content=\"https:\/\/gymfactory.eu\/lt\/produktas\/o3-blauzdu-kelimo-masina\/\" \/>\n<meta property=\"og:site_name\" content=\"Gym Factory\" \/>\n<meta property=\"article:modified_time\" content=\"2025-11-21T13:02:18+00:00\" \/>\n<meta property=\"og:image\" content=\"https:\/\/gymfactory.eu\/wp-content\/uploads\/2025\/02\/gym-machine-O3-calf-raise-front-view-1.webp\" \/>\n\t<meta property=\"og:image:width\" content=\"1500\" \/>\n\t<meta property=\"og:image:height\" content=\"1500\" \/>\n\t<meta property=\"og:image:type\" content=\"image\/webp\" \/>\n<meta name=\"twitter:card\" content=\"summary_large_image\" \/>\n<meta name=\"twitter:label1\" content=\"Est. reading time\" \/>\n\t<meta name=\"twitter:data1\" content=\"1 minut\u0117\" \/>\n<script type=\"application\/ld+json\" class=\"yoast-schema-graph\">{\"@context\":\"https:\/\/schema.org\",\"@graph\":[{\"@type\":\"WebPage\",\"@id\":\"https:\/\/gymfactory.eu\/lt\/produktas\/o3-blauzdu-kelimo-masina\/\",\"url\":\"https:\/\/gymfactory.eu\/lt\/produktas\/o3-blauzdu-kelimo-masina\/\",\"name\":\"\\\"O3 Calf Raise Machine\\\" | Nam\u0173 ar komercin\u0117s sporto sal\u0117s \u012franga\",\"isPartOf\":{\"@id\":\"https:\/\/gymfactory.eu\/lt\/#website\"},\"primaryImageOfPage\":{\"@id\":\"https:\/\/gymfactory.eu\/lt\/produktas\/o3-blauzdu-kelimo-masina\/#primaryimage\"},\"image\":{\"@id\":\"https:\/\/gymfactory.eu\/lt\/produktas\/o3-blauzdu-kelimo-masina\/#primaryimage\"},\"thumbnailUrl\":\"https:\/\/gymfactory.eu\/wp-content\/uploads\/2025\/02\/gym-machine-O3-calf-raise-front-view-1.webp\",\"datePublished\":\"2025-02-03T10:14:43+00:00\",\"dateModified\":\"2025-11-21T13:02:18+00:00\",\"description\":\"Ie\u0161kote universalios ver\u0161iavimosi ma\u0161inos? O3 blauzd\u0173 k\u0117limo treniruoklis sukurtas veiksmingoms blauzd\u0173 treniruot\u0117ms nam\u0173 treniruokli\u0173 sal\u0117se arba komercin\u0117se treniruokli\u0173 sal\u0117se.\",\"breadcrumb\":{\"@id\":\"https:\/\/gymfactory.eu\/lt\/produktas\/o3-blauzdu-kelimo-masina\/#breadcrumb\"},\"inLanguage\":\"lt-LT\",\"potentialAction\":[{\"@type\":\"ReadAction\",\"target\":[\"https:\/\/gymfactory.eu\/lt\/produktas\/o3-blauzdu-kelimo-masina\/\"]}]},{\"@type\":\"ImageObject\",\"inLanguage\":\"lt-LT\",\"@id\":\"https:\/\/gymfactory.eu\/lt\/produktas\/o3-blauzdu-kelimo-masina\/#primaryimage\",\"url\":\"https:\/\/gymfactory.eu\/wp-content\/uploads\/2025\/02\/gym-machine-O3-calf-raise-front-view-1.webp\",\"contentUrl\":\"https:\/\/gymfactory.eu\/wp-content\/uploads\/2025\/02\/gym-machine-O3-calf-raise-front-view-1.webp\",\"width\":1500,\"height\":1500,\"caption\":\"Vis\u0105 treniruoklio vaizd\u0105 i\u0161 priekio rodo tvirtas juodas plieninis r\u0117mas su raudonai pamink\u0161tintomis atramomis. Ergonomi\u0161kas dizainas u\u017etikrina tinkam\u0105 form\u0105, o p\u0117d\u0173 plok\u0161t\u0117 ir svori\u0173 apkrovos sistema leid\u017eia palaipsniui treniruoti blauzd\u0173 raumenis.\"},{\"@type\":\"BreadcrumbList\",\"@id\":\"https:\/\/gymfactory.eu\/lt\/produktas\/o3-blauzdu-kelimo-masina\/#breadcrumb\",\"itemListElement\":[{\"@type\":\"ListItem\",\"position\":1,\"name\":\"Pagrindinis\",\"item\":\"https:\/\/gymfactory.eu\/lt\/\"},{\"@type\":\"ListItem\",\"position\":2,\"name\":\"Katalogas\",\"item\":\"https:\/\/gymfactory.eu\/lt\/katalogas\/\"},{\"@type\":\"ListItem\",\"position\":3,\"name\":\"O3 Blauzd\u0173 treniruoklis\"}]},{\"@type\":\"WebSite\",\"@id\":\"https:\/\/gymfactory.eu\/lt\/#website\",\"url\":\"https:\/\/gymfactory.eu\/lt\/\",\"name\":\"Gym Factory\",\"description\":\"\",\"publisher\":{\"@id\":\"https:\/\/gymfactory.eu\/lt\/#organization\"},\"potentialAction\":[{\"@type\":\"SearchAction\",\"target\":{\"@type\":\"EntryPoint\",\"urlTemplate\":\"https:\/\/gymfactory.eu\/lt\/?s={search_term_string}\"},\"query-input\":{\"@type\":\"PropertyValueSpecification\",\"valueRequired\":true,\"valueName\":\"search_term_string\"}}],\"inLanguage\":\"lt-LT\"},{\"@type\":\"Organization\",\"@id\":\"https:\/\/gymfactory.eu\/lt\/#organization\",\"name\":\"Sporto sal\u0117s gamykla\",\"url\":\"https:\/\/gymfactory.eu\/lt\/\",\"logo\":{\"@type\":\"ImageObject\",\"inLanguage\":\"lt-LT\",\"@id\":\"https:\/\/gymfactory.eu\/lt\/#\/schema\/logo\/image\/\",\"url\":\"https:\/\/gymfactory.eu\/wp-content\/uploads\/2024\/11\/Component-1.svg\",\"contentUrl\":\"https:\/\/gymfactory.eu\/wp-content\/uploads\/2024\/11\/Component-1.svg\",\"width\":54,\"height\":44,\"caption\":\"Sporto sal\u0117s gamykla\"},\"image\":{\"@id\":\"https:\/\/gymfactory.eu\/lt\/#\/schema\/logo\/image\/\"}}]}<\/script>\n<!-- \/ Yoast SEO plugin. -->","yoast_head_json":{"title":"\"O3 Calf Raise Machine\" | Nam\u0173 ar komercin\u0117s sporto sal\u0117s \u012franga","description":"Ie\u0161kote universalios ver\u0161iavimosi ma\u0161inos? O3 blauzd\u0173 k\u0117limo treniruoklis sukurtas veiksmingoms blauzd\u0173 treniruot\u0117ms nam\u0173 treniruokli\u0173 sal\u0117se arba komercin\u0117se treniruokli\u0173 sal\u0117se.","robots":{"index":"index","follow":"follow","max-snippet":"max-snippet:-1","max-image-preview":"max-image-preview:large","max-video-preview":"max-video-preview:-1"},"canonical":"https:\/\/gymfactory.eu\/lt\/produktas\/o3-blauzdu-kelimo-masina\/","og_locale":"lt_LT","og_type":"article","og_title":"\"O3 Calf Raise Machine\" | Nam\u0173 ar komercin\u0117s sporto sal\u0117s \u012franga","og_description":"Ie\u0161kote universalios ver\u0161iavimosi ma\u0161inos? O3 blauzd\u0173 k\u0117limo treniruoklis sukurtas veiksmingoms blauzd\u0173 treniruot\u0117ms nam\u0173 treniruokli\u0173 sal\u0117se arba komercin\u0117se treniruokli\u0173 sal\u0117se.","og_url":"https:\/\/gymfactory.eu\/lt\/produktas\/o3-blauzdu-kelimo-masina\/","og_site_name":"Gym Factory","article_modified_time":"2025-11-21T13:02:18+00:00","og_image":[{"width":1500,"height":1500,"url":"https:\/\/gymfactory.eu\/wp-content\/uploads\/2025\/02\/gym-machine-O3-calf-raise-front-view-1.webp","type":"image\/webp"}],"twitter_card":"summary_large_image","twitter_misc":{"Est. reading time":"1 minut\u0117"},"schema":{"@context":"https:\/\/schema.org","@graph":[{"@type":"WebPage","@id":"https:\/\/gymfactory.eu\/lt\/produktas\/o3-blauzdu-kelimo-masina\/","url":"https:\/\/gymfactory.eu\/lt\/produktas\/o3-blauzdu-kelimo-masina\/","name":"\"O3 Calf Raise Machine\" | Nam\u0173 ar komercin\u0117s sporto sal\u0117s \u012franga","isPartOf":{"@id":"https:\/\/gymfactory.eu\/lt\/#website"},"primaryImageOfPage":{"@id":"https:\/\/gymfactory.eu\/lt\/produktas\/o3-blauzdu-kelimo-masina\/#primaryimage"},"image":{"@id":"https:\/\/gymfactory.eu\/lt\/produktas\/o3-blauzdu-kelimo-masina\/#primaryimage"},"thumbnailUrl":"https:\/\/gymfactory.eu\/wp-content\/uploads\/2025\/02\/gym-machine-O3-calf-raise-front-view-1.webp","datePublished":"2025-02-03T10:14:43+00:00","dateModified":"2025-11-21T13:02:18+00:00","description":"Ie\u0161kote universalios ver\u0161iavimosi ma\u0161inos? O3 blauzd\u0173 k\u0117limo treniruoklis sukurtas veiksmingoms blauzd\u0173 treniruot\u0117ms nam\u0173 treniruokli\u0173 sal\u0117se arba komercin\u0117se treniruokli\u0173 sal\u0117se.","breadcrumb":{"@id":"https:\/\/gymfactory.eu\/lt\/produktas\/o3-blauzdu-kelimo-masina\/#breadcrumb"},"inLanguage":"lt-LT","potentialAction":[{"@type":"ReadAction","target":["https:\/\/gymfactory.eu\/lt\/produktas\/o3-blauzdu-kelimo-masina\/"]}]},{"@type":"ImageObject","inLanguage":"lt-LT","@id":"https:\/\/gymfactory.eu\/lt\/produktas\/o3-blauzdu-kelimo-masina\/#primaryimage","url":"https:\/\/gymfactory.eu\/wp-content\/uploads\/2025\/02\/gym-machine-O3-calf-raise-front-view-1.webp","contentUrl":"https:\/\/gymfactory.eu\/wp-content\/uploads\/2025\/02\/gym-machine-O3-calf-raise-front-view-1.webp","width":1500,"height":1500,"caption":"Vis\u0105 treniruoklio vaizd\u0105 i\u0161 priekio rodo tvirtas juodas plieninis r\u0117mas su raudonai pamink\u0161tintomis atramomis. Ergonomi\u0161kas dizainas u\u017etikrina tinkam\u0105 form\u0105, o p\u0117d\u0173 plok\u0161t\u0117 ir svori\u0173 apkrovos sistema leid\u017eia palaipsniui treniruoti blauzd\u0173 raumenis."},{"@type":"BreadcrumbList","@id":"https:\/\/gymfactory.eu\/lt\/produktas\/o3-blauzdu-kelimo-masina\/#breadcrumb","itemListElement":[{"@type":"ListItem","position":1,"name":"Pagrindinis","item":"https:\/\/gymfactory.eu\/lt\/"},{"@type":"ListItem","position":2,"name":"Katalogas","item":"https:\/\/gymfactory.eu\/lt\/katalogas\/"},{"@type":"ListItem","position":3,"name":"O3 Blauzd\u0173 treniruoklis"}]},{"@type":"WebSite","@id":"https:\/\/gymfactory.eu\/lt\/#website","url":"https:\/\/gymfactory.eu\/lt\/","name":"Gym Factory","description":"","publisher":{"@id":"https:\/\/gymfactory.eu\/lt\/#organization"},"potentialAction":[{"@type":"SearchAction","target":{"@type":"EntryPoint","urlTemplate":"https:\/\/gymfactory.eu\/lt\/?s={search_term_string}"},"query-input":{"@type":"PropertyValueSpecification","valueRequired":true,"valueName":"search_term_string"}}],"inLanguage":"lt-LT"},{"@type":"Organization","@id":"https:\/\/gymfactory.eu\/lt\/#organization","name":"Sporto sal\u0117s gamykla","url":"https:\/\/gymfactory.eu\/lt\/","logo":{"@type":"ImageObject","inLanguage":"lt-LT","@id":"https:\/\/gymfactory.eu\/lt\/#\/schema\/logo\/image\/","url":"https:\/\/gymfactory.eu\/wp-content\/uploads\/2024\/11\/Component-1.svg","contentUrl":"https:\/\/gymfactory.eu\/wp-content\/uploads\/2024\/11\/Component-1.svg","width":54,"height":44,"caption":"Sporto sal\u0117s gamykla"},"image":{"@id":"https:\/\/gymfactory.eu\/lt\/#\/schema\/logo\/image\/"}}]}},"_links":{"self":[{"href":"https:\/\/gymfactory.eu\/lt\/wp-json\/wp\/v2\/product\/10159","targetHints":{"allow":["GET"]}}],"collection":[{"href":"https:\/\/gymfactory.eu\/lt\/wp-json\/wp\/v2\/product"}],"about":[{"href":"https:\/\/gymfactory.eu\/lt\/wp-json\/wp\/v2\/types\/product"}],"wp:featuredmedia":[{"embeddable":true,"href":"https:\/\/gymfactory.eu\/lt\/wp-json\/wp\/v2\/media\/8599"}],"wp:attachment":[{"href":"https:\/\/gymfactory.eu\/lt\/wp-json\/wp\/v2\/media?parent=10159"}],"wp:term":[{"taxonomy":"product_brand","embeddable":true,"href":"https:\/\/gymfactory.eu\/lt\/wp-json\/wp\/v2\/product_brand?post=10159"},{"taxonomy":"product_cat","embeddable":true,"href":"https:\/\/gymfactory.eu\/lt\/wp-json\/wp\/v2\/product_cat?post=10159"},{"taxonomy":"product_tag","embeddable":true,"href":"https:\/\/gymfactory.eu\/lt\/wp-json\/wp\/v2\/product_tag?post=10159"}],"curies":[{"name":"wp","href":"https:\/\/api.w.org\/{rel}","templated":true}]}}