{"id":10147,"date":"2025-02-03T11:42:14","date_gmt":"2025-02-03T09:42:14","guid":{"rendered":"https:\/\/gymfactory.eu\/product\/o1x-blauzdos-ir-slaunikaulio-pakelimo-masina\/"},"modified":"2025-11-21T14:58:10","modified_gmt":"2025-11-21T12:58:10","slug":"o1x-blauzdos-ir-slaunikaulio-pakelimo-masina","status":"publish","type":"product","link":"https:\/\/gymfactory.eu\/lt\/produktas\/o1x-blauzdos-ir-slaunikaulio-pakelimo-masina\/","title":{"rendered":"O1X Blauzd\u0173 ir priekin\u0117s blauzdos raumen\u0173 treniruoklis"},"content":{"rendered":"<p>O1X blauzd\u0173 ir priekin\u0117s blauzdos raumen\u0173 treniruoklis \u2013 dvigubos funkcijos sprendimas apatinei koj\u0173 daliai stiprinti. Tinka tiek profesionalioms sal\u0117ms, tiek nam\u0173 sporto erdv\u0117ms. Tvirta konstrukcija ir i\u0161man\u016bs reguliavimo sprendimai leid\u017eia prisitaikyti prie \u012fvairi\u0173 naudotoj\u0173 ir u\u017etikrina komfort\u0105 bei judesio kontrol\u0119.<\/p>\n<p>Treniruoklis leid\u017eia atlikti s\u0117dimus blauzd\u0173 k\u0117limus, kurie stiprina blauzd\u0173 raumenis, gerina pusiausvyr\u0105, \u010diurn\u0173 stabilum\u0105. Integruota starto svirtis padeda prad\u0117ti judes\u012f i\u0161 auk\u0161tesn\u0117s, patogesn\u0117s pad\u0117ties. Kelio atramos auk\u0161tis reguliuojamas, tod\u0117l galima tiksliai prisiderinti prie naudotojo \u016bgio.<\/p>\n<p>O1X taip pat leid\u017eia atlikti \u201etibialis\u201c (priekin\u0117s blauzdos dalies) k\u0117limus. \u0160is da\u017enai pamir\u0161tamas pratimas stiprina priekin\u0119 koj\u0173 pus\u0119. Pagalv\u0117l\u0117s pad\u0117tis reguliuojama pagal \u016bg\u012f, o \u0161onin\u0117s rankenos suteikia papildom\u0105 atram\u0105 atliekant pratim\u0105 su didesniu kr\u016bviu. Pratim\u0105 galima atlikti ir viena koja \u2013 tai padeda geriau kontroliuoti judes\u012f ir tolygiai lavinti abi puses.<\/p>\n\n    <div class=\"xs_social_share_widget xs_share_url after_content \t\tmain_content  wslu-style-1 wslu-share-box-shaped wslu-fill-colored wslu-none wslu-share-horizontal wslu-theme-font-no wslu-main_content\">\n\n\t\t\n        <ul>\n\t\t\t        <\/ul>\n    <\/div> \n","protected":false},"excerpt":{"rendered":"<p>O1X blauzd\u0173 ir priekin\u0117s blauzdos raumen\u0173 treniruoklis \u2013 dvigubos funkcijos sprendimas apatinei koj\u0173 daliai stiprinti. Tinka tiek profesionalioms sal\u0117ms, tiek nam\u0173 sporto erdv\u0117ms. Tvirta konstrukcija ir i\u0161man\u016bs reguliavimo sprendimai leid\u017eia prisitaikyti prie \u012fvairi\u0173 naudotoj\u0173 ir u\u017etikrina komfort\u0105 bei judesio kontrol\u0119. Treniruoklis leid\u017eia atlikti s\u0117dimus blauzd\u0173 k\u0117limus, kurie stiprina blauzd\u0173 raumenis, gerina pusiausvyr\u0105, \u010diurn\u0173 stabilum\u0105. Integruota [&hellip;]<\/p>\n","protected":false},"featured_media":8597,"template":"","meta":{"_acf_changed":false},"product_brand":[817],"product_cat":[421],"product_tag":[],"class_list":{"0":"post-10147","1":"product","2":"type-product","3":"status-publish","4":"has-post-thumbnail","6":"product_brand-gym-factory-lt","7":"product_cat-laisvu-svoriu-treniruokliai","9":"first","10":"onbackorder","11":"taxable","12":"shipping-taxable","13":"purchasable","14":"product-type-variable","15":"has-default-attributes"},"acf":[],"yoast_head":"<!-- This site is optimized with the Yoast SEO plugin v25.2 - https:\/\/yoast.com\/wordpress\/plugins\/seo\/ -->\n<title>&quot;O1X Calf &amp; Tibia Raise Machine&quot; | Svorio treniruokli\u0173 \u012franga<\/title>\n<meta name=\"description\" content=\"Norite treniruoti blauzdas ir blauzdas? O1X blauzd\u0173 ir blauzdikauli\u0173 k\u0117limo treniruoklis - tai \u012franga, skirta subalansuotam blauzd\u0173 vystymuisi ir treniruo\u010di\u0173 su svoriu rezultatams pasiekti.\" \/>\n<meta name=\"robots\" content=\"index, follow, max-snippet:-1, max-image-preview:large, max-video-preview:-1\" \/>\n<link rel=\"canonical\" href=\"https:\/\/gymfactory.eu\/lt\/produktas\/o1x-blauzdos-ir-slaunikaulio-pakelimo-masina\/\" \/>\n<meta property=\"og:locale\" content=\"lt_LT\" \/>\n<meta property=\"og:type\" content=\"article\" \/>\n<meta property=\"og:title\" content=\"&quot;O1X Calf &amp; Tibia Raise Machine&quot; | Svorio treniruokli\u0173 \u012franga\" \/>\n<meta property=\"og:description\" content=\"Norite treniruoti blauzdas ir blauzdas? O1X blauzd\u0173 ir blauzdikauli\u0173 k\u0117limo treniruoklis - tai \u012franga, skirta subalansuotam blauzd\u0173 vystymuisi ir treniruo\u010di\u0173 su svoriu rezultatams pasiekti.\" \/>\n<meta property=\"og:url\" content=\"https:\/\/gymfactory.eu\/lt\/produktas\/o1x-blauzdos-ir-slaunikaulio-pakelimo-masina\/\" \/>\n<meta property=\"og:site_name\" content=\"Gym Factory\" \/>\n<meta property=\"article:modified_time\" content=\"2025-11-21T12:58:10+00:00\" \/>\n<meta property=\"og:image\" content=\"https:\/\/gymfactory.eu\/wp-content\/uploads\/2025\/02\/gym-machine-O1X-calf-raise-front-view-1.webp\" \/>\n\t<meta property=\"og:image:width\" content=\"1500\" \/>\n\t<meta property=\"og:image:height\" content=\"1500\" \/>\n\t<meta property=\"og:image:type\" content=\"image\/webp\" \/>\n<meta name=\"twitter:card\" content=\"summary_large_image\" \/>\n<meta name=\"twitter:label1\" content=\"Est. reading time\" \/>\n\t<meta name=\"twitter:data1\" content=\"1 minut\u0117\" \/>\n<script type=\"application\/ld+json\" class=\"yoast-schema-graph\">{\"@context\":\"https:\/\/schema.org\",\"@graph\":[{\"@type\":\"WebPage\",\"@id\":\"https:\/\/gymfactory.eu\/lt\/produktas\/o1x-blauzdos-ir-slaunikaulio-pakelimo-masina\/\",\"url\":\"https:\/\/gymfactory.eu\/lt\/produktas\/o1x-blauzdos-ir-slaunikaulio-pakelimo-masina\/\",\"name\":\"\\\"O1X Calf & Tibia Raise Machine\\\" | Svorio treniruokli\u0173 \u012franga\",\"isPartOf\":{\"@id\":\"https:\/\/gymfactory.eu\/lt\/#website\"},\"primaryImageOfPage\":{\"@id\":\"https:\/\/gymfactory.eu\/lt\/produktas\/o1x-blauzdos-ir-slaunikaulio-pakelimo-masina\/#primaryimage\"},\"image\":{\"@id\":\"https:\/\/gymfactory.eu\/lt\/produktas\/o1x-blauzdos-ir-slaunikaulio-pakelimo-masina\/#primaryimage\"},\"thumbnailUrl\":\"https:\/\/gymfactory.eu\/wp-content\/uploads\/2025\/02\/gym-machine-O1X-calf-raise-front-view-1.webp\",\"datePublished\":\"2025-02-03T09:42:14+00:00\",\"dateModified\":\"2025-11-21T12:58:10+00:00\",\"description\":\"Norite treniruoti blauzdas ir blauzdas? O1X blauzd\u0173 ir blauzdikauli\u0173 k\u0117limo treniruoklis - tai \u012franga, skirta subalansuotam blauzd\u0173 vystymuisi ir treniruo\u010di\u0173 su svoriu rezultatams pasiekti.\",\"breadcrumb\":{\"@id\":\"https:\/\/gymfactory.eu\/lt\/produktas\/o1x-blauzdos-ir-slaunikaulio-pakelimo-masina\/#breadcrumb\"},\"inLanguage\":\"lt-LT\",\"potentialAction\":[{\"@type\":\"ReadAction\",\"target\":[\"https:\/\/gymfactory.eu\/lt\/produktas\/o1x-blauzdos-ir-slaunikaulio-pakelimo-masina\/\"]}]},{\"@type\":\"ImageObject\",\"inLanguage\":\"lt-LT\",\"@id\":\"https:\/\/gymfactory.eu\/lt\/produktas\/o1x-blauzdos-ir-slaunikaulio-pakelimo-masina\/#primaryimage\",\"url\":\"https:\/\/gymfactory.eu\/wp-content\/uploads\/2025\/02\/gym-machine-O1X-calf-raise-front-view-1.webp\",\"contentUrl\":\"https:\/\/gymfactory.eu\/wp-content\/uploads\/2025\/02\/gym-machine-O1X-calf-raise-front-view-1.webp\",\"width\":1500,\"height\":1500,\"caption\":\"Auk\u0161tos kokyb\u0117s stovintis blauzd\u0173 k\u0117limo treniruoklis, skirtas apatin\u0117s koj\u0173 dalies j\u0117gai treniruoti, turi tvirt\u0105 juod\u0105 plienin\u012f r\u0117m\u0105 su raudona pamink\u0161tinta atrama, u\u017etikrinan\u010dia komfort\u0105. Svorio apkrovos kai\u0161\u010diai leid\u017eia reguliuoti pasiprie\u0161inim\u0105 blauzd\u0173 raumenims lavinti. Ergonomi\u0161kos rankenos u\u017etikrina stabilum\u0105 atliekant judes\u012f.\"},{\"@type\":\"BreadcrumbList\",\"@id\":\"https:\/\/gymfactory.eu\/lt\/produktas\/o1x-blauzdos-ir-slaunikaulio-pakelimo-masina\/#breadcrumb\",\"itemListElement\":[{\"@type\":\"ListItem\",\"position\":1,\"name\":\"Pagrindinis\",\"item\":\"https:\/\/gymfactory.eu\/lt\/\"},{\"@type\":\"ListItem\",\"position\":2,\"name\":\"Katalogas\",\"item\":\"https:\/\/gymfactory.eu\/lt\/katalogas\/\"},{\"@type\":\"ListItem\",\"position\":3,\"name\":\"O1X Blauzd\u0173 ir priekin\u0117s blauzdos raumen\u0173 treniruoklis\"}]},{\"@type\":\"WebSite\",\"@id\":\"https:\/\/gymfactory.eu\/lt\/#website\",\"url\":\"https:\/\/gymfactory.eu\/lt\/\",\"name\":\"Gym Factory\",\"description\":\"\",\"publisher\":{\"@id\":\"https:\/\/gymfactory.eu\/lt\/#organization\"},\"potentialAction\":[{\"@type\":\"SearchAction\",\"target\":{\"@type\":\"EntryPoint\",\"urlTemplate\":\"https:\/\/gymfactory.eu\/lt\/?s={search_term_string}\"},\"query-input\":{\"@type\":\"PropertyValueSpecification\",\"valueRequired\":true,\"valueName\":\"search_term_string\"}}],\"inLanguage\":\"lt-LT\"},{\"@type\":\"Organization\",\"@id\":\"https:\/\/gymfactory.eu\/lt\/#organization\",\"name\":\"Sporto sal\u0117s gamykla\",\"url\":\"https:\/\/gymfactory.eu\/lt\/\",\"logo\":{\"@type\":\"ImageObject\",\"inLanguage\":\"lt-LT\",\"@id\":\"https:\/\/gymfactory.eu\/lt\/#\/schema\/logo\/image\/\",\"url\":\"https:\/\/gymfactory.eu\/wp-content\/uploads\/2024\/11\/Component-1.svg\",\"contentUrl\":\"https:\/\/gymfactory.eu\/wp-content\/uploads\/2024\/11\/Component-1.svg\",\"width\":54,\"height\":44,\"caption\":\"Sporto sal\u0117s gamykla\"},\"image\":{\"@id\":\"https:\/\/gymfactory.eu\/lt\/#\/schema\/logo\/image\/\"}}]}<\/script>\n<!-- \/ Yoast SEO plugin. -->","yoast_head_json":{"title":"\"O1X Calf & Tibia Raise Machine\" | Svorio treniruokli\u0173 \u012franga","description":"Norite treniruoti blauzdas ir blauzdas? O1X blauzd\u0173 ir blauzdikauli\u0173 k\u0117limo treniruoklis - tai \u012franga, skirta subalansuotam blauzd\u0173 vystymuisi ir treniruo\u010di\u0173 su svoriu rezultatams pasiekti.","robots":{"index":"index","follow":"follow","max-snippet":"max-snippet:-1","max-image-preview":"max-image-preview:large","max-video-preview":"max-video-preview:-1"},"canonical":"https:\/\/gymfactory.eu\/lt\/produktas\/o1x-blauzdos-ir-slaunikaulio-pakelimo-masina\/","og_locale":"lt_LT","og_type":"article","og_title":"\"O1X Calf & Tibia Raise Machine\" | Svorio treniruokli\u0173 \u012franga","og_description":"Norite treniruoti blauzdas ir blauzdas? O1X blauzd\u0173 ir blauzdikauli\u0173 k\u0117limo treniruoklis - tai \u012franga, skirta subalansuotam blauzd\u0173 vystymuisi ir treniruo\u010di\u0173 su svoriu rezultatams pasiekti.","og_url":"https:\/\/gymfactory.eu\/lt\/produktas\/o1x-blauzdos-ir-slaunikaulio-pakelimo-masina\/","og_site_name":"Gym Factory","article_modified_time":"2025-11-21T12:58:10+00:00","og_image":[{"width":1500,"height":1500,"url":"https:\/\/gymfactory.eu\/wp-content\/uploads\/2025\/02\/gym-machine-O1X-calf-raise-front-view-1.webp","type":"image\/webp"}],"twitter_card":"summary_large_image","twitter_misc":{"Est. reading time":"1 minut\u0117"},"schema":{"@context":"https:\/\/schema.org","@graph":[{"@type":"WebPage","@id":"https:\/\/gymfactory.eu\/lt\/produktas\/o1x-blauzdos-ir-slaunikaulio-pakelimo-masina\/","url":"https:\/\/gymfactory.eu\/lt\/produktas\/o1x-blauzdos-ir-slaunikaulio-pakelimo-masina\/","name":"\"O1X Calf & Tibia Raise Machine\" | Svorio treniruokli\u0173 \u012franga","isPartOf":{"@id":"https:\/\/gymfactory.eu\/lt\/#website"},"primaryImageOfPage":{"@id":"https:\/\/gymfactory.eu\/lt\/produktas\/o1x-blauzdos-ir-slaunikaulio-pakelimo-masina\/#primaryimage"},"image":{"@id":"https:\/\/gymfactory.eu\/lt\/produktas\/o1x-blauzdos-ir-slaunikaulio-pakelimo-masina\/#primaryimage"},"thumbnailUrl":"https:\/\/gymfactory.eu\/wp-content\/uploads\/2025\/02\/gym-machine-O1X-calf-raise-front-view-1.webp","datePublished":"2025-02-03T09:42:14+00:00","dateModified":"2025-11-21T12:58:10+00:00","description":"Norite treniruoti blauzdas ir blauzdas? O1X blauzd\u0173 ir blauzdikauli\u0173 k\u0117limo treniruoklis - tai \u012franga, skirta subalansuotam blauzd\u0173 vystymuisi ir treniruo\u010di\u0173 su svoriu rezultatams pasiekti.","breadcrumb":{"@id":"https:\/\/gymfactory.eu\/lt\/produktas\/o1x-blauzdos-ir-slaunikaulio-pakelimo-masina\/#breadcrumb"},"inLanguage":"lt-LT","potentialAction":[{"@type":"ReadAction","target":["https:\/\/gymfactory.eu\/lt\/produktas\/o1x-blauzdos-ir-slaunikaulio-pakelimo-masina\/"]}]},{"@type":"ImageObject","inLanguage":"lt-LT","@id":"https:\/\/gymfactory.eu\/lt\/produktas\/o1x-blauzdos-ir-slaunikaulio-pakelimo-masina\/#primaryimage","url":"https:\/\/gymfactory.eu\/wp-content\/uploads\/2025\/02\/gym-machine-O1X-calf-raise-front-view-1.webp","contentUrl":"https:\/\/gymfactory.eu\/wp-content\/uploads\/2025\/02\/gym-machine-O1X-calf-raise-front-view-1.webp","width":1500,"height":1500,"caption":"Auk\u0161tos kokyb\u0117s stovintis blauzd\u0173 k\u0117limo treniruoklis, skirtas apatin\u0117s koj\u0173 dalies j\u0117gai treniruoti, turi tvirt\u0105 juod\u0105 plienin\u012f r\u0117m\u0105 su raudona pamink\u0161tinta atrama, u\u017etikrinan\u010dia komfort\u0105. Svorio apkrovos kai\u0161\u010diai leid\u017eia reguliuoti pasiprie\u0161inim\u0105 blauzd\u0173 raumenims lavinti. Ergonomi\u0161kos rankenos u\u017etikrina stabilum\u0105 atliekant judes\u012f."},{"@type":"BreadcrumbList","@id":"https:\/\/gymfactory.eu\/lt\/produktas\/o1x-blauzdos-ir-slaunikaulio-pakelimo-masina\/#breadcrumb","itemListElement":[{"@type":"ListItem","position":1,"name":"Pagrindinis","item":"https:\/\/gymfactory.eu\/lt\/"},{"@type":"ListItem","position":2,"name":"Katalogas","item":"https:\/\/gymfactory.eu\/lt\/katalogas\/"},{"@type":"ListItem","position":3,"name":"O1X Blauzd\u0173 ir priekin\u0117s blauzdos raumen\u0173 treniruoklis"}]},{"@type":"WebSite","@id":"https:\/\/gymfactory.eu\/lt\/#website","url":"https:\/\/gymfactory.eu\/lt\/","name":"Gym Factory","description":"","publisher":{"@id":"https:\/\/gymfactory.eu\/lt\/#organization"},"potentialAction":[{"@type":"SearchAction","target":{"@type":"EntryPoint","urlTemplate":"https:\/\/gymfactory.eu\/lt\/?s={search_term_string}"},"query-input":{"@type":"PropertyValueSpecification","valueRequired":true,"valueName":"search_term_string"}}],"inLanguage":"lt-LT"},{"@type":"Organization","@id":"https:\/\/gymfactory.eu\/lt\/#organization","name":"Sporto sal\u0117s gamykla","url":"https:\/\/gymfactory.eu\/lt\/","logo":{"@type":"ImageObject","inLanguage":"lt-LT","@id":"https:\/\/gymfactory.eu\/lt\/#\/schema\/logo\/image\/","url":"https:\/\/gymfactory.eu\/wp-content\/uploads\/2024\/11\/Component-1.svg","contentUrl":"https:\/\/gymfactory.eu\/wp-content\/uploads\/2024\/11\/Component-1.svg","width":54,"height":44,"caption":"Sporto sal\u0117s gamykla"},"image":{"@id":"https:\/\/gymfactory.eu\/lt\/#\/schema\/logo\/image\/"}}]}},"_links":{"self":[{"href":"https:\/\/gymfactory.eu\/lt\/wp-json\/wp\/v2\/product\/10147","targetHints":{"allow":["GET"]}}],"collection":[{"href":"https:\/\/gymfactory.eu\/lt\/wp-json\/wp\/v2\/product"}],"about":[{"href":"https:\/\/gymfactory.eu\/lt\/wp-json\/wp\/v2\/types\/product"}],"wp:featuredmedia":[{"embeddable":true,"href":"https:\/\/gymfactory.eu\/lt\/wp-json\/wp\/v2\/media\/8597"}],"wp:attachment":[{"href":"https:\/\/gymfactory.eu\/lt\/wp-json\/wp\/v2\/media?parent=10147"}],"wp:term":[{"taxonomy":"product_brand","embeddable":true,"href":"https:\/\/gymfactory.eu\/lt\/wp-json\/wp\/v2\/product_brand?post=10147"},{"taxonomy":"product_cat","embeddable":true,"href":"https:\/\/gymfactory.eu\/lt\/wp-json\/wp\/v2\/product_cat?post=10147"},{"taxonomy":"product_tag","embeddable":true,"href":"https:\/\/gymfactory.eu\/lt\/wp-json\/wp\/v2\/product_tag?post=10147"}],"curies":[{"name":"wp","href":"https:\/\/api.w.org\/{rel}","templated":true}]}}