{"id":10144,"date":"2025-02-03T11:30:33","date_gmt":"2025-02-03T09:30:33","guid":{"rendered":"https:\/\/gymfactory.eu\/product\/o1-blauzdu-kelimo-masina\/"},"modified":"2025-11-21T14:52:56","modified_gmt":"2025-11-21T12:52:56","slug":"o1-blauzdu-kelimo-masina","status":"publish","type":"product","link":"https:\/\/gymfactory.eu\/lt\/produktas\/o1-blauzdu-kelimo-masina\/","title":{"rendered":"O1 Blauzd\u0173 treniruoklis"},"content":{"rendered":"<p>O1 s\u0117dimas blauzd\u0173 treniruoklis \u2013 kompakti\u0161kas ir efektyvus sprendimas apatini\u0173 koj\u0173 raumen\u0173 stiprinimui, tinkantis tiek nam\u0173 treniruot\u0117ms, tiek profesionalioms sporto sal\u0117ms. Tvirta platforma ir sklandus judesys leid\u017eia susikoncentruoti \u012f tiksling\u0105 blauzd\u0173 apkrovim\u0105.<\/p>\n<p>Treniruoklis skirtas s\u0117dimo blauzd\u0173 k\u0117limo pratimui, kuris padeda stiprinti blauzdos raumenis, gerina \u010diurn\u0173 stabilum\u0105 ir formuoja apatin\u0119 koj\u0173 dal\u012f. Reguliuojamas keli\u0173 atramos auk\u0161tis leid\u017eia treniruokl\u012f pritaikyti skirtingo \u016bgio naudotojams, o startin\u0117 svirtis padeda prad\u0117ti pratim\u0105 i\u0161 patogesn\u0117s, pakeltos pad\u0117ties \u2013 tik tada pereinama \u012f vis\u0105 judesio amplitud\u0119.<\/p>\n<p>O1 \u2013 prakti\u0161kas b\u016bdas \u012ftraukti tikslin\u0119 blauzd\u0173 treniruot\u0119 \u012f savo program\u0105 neu\u017eimant daug vietos.<\/p>\n\n    <div class=\"xs_social_share_widget xs_share_url after_content \t\tmain_content  wslu-style-1 wslu-share-box-shaped wslu-fill-colored wslu-none wslu-share-horizontal wslu-theme-font-no wslu-main_content\">\n\n\t\t\n        <ul>\n\t\t\t        <\/ul>\n    <\/div> \n","protected":false},"excerpt":{"rendered":"<p>O1 s\u0117dimas blauzd\u0173 treniruoklis \u2013 kompakti\u0161kas ir efektyvus sprendimas apatini\u0173 koj\u0173 raumen\u0173 stiprinimui, tinkantis tiek nam\u0173 treniruot\u0117ms, tiek profesionalioms sporto sal\u0117ms. Tvirta platforma ir sklandus judesys leid\u017eia susikoncentruoti \u012f tiksling\u0105 blauzd\u0173 apkrovim\u0105. Treniruoklis skirtas s\u0117dimo blauzd\u0173 k\u0117limo pratimui, kuris padeda stiprinti blauzdos raumenis, gerina \u010diurn\u0173 stabilum\u0105 ir formuoja apatin\u0119 koj\u0173 dal\u012f. Reguliuojamas keli\u0173 atramos auk\u0161tis [&hellip;]<\/p>\n","protected":false},"featured_media":8622,"template":"","meta":{"_acf_changed":false},"product_brand":[817],"product_cat":[421],"product_tag":[],"class_list":{"0":"post-10144","1":"product","2":"type-product","3":"status-publish","4":"has-post-thumbnail","6":"product_brand-gym-factory-lt","7":"product_cat-laisvu-svoriu-treniruokliai","9":"first","10":"onbackorder","11":"taxable","12":"shipping-taxable","13":"purchasable","14":"product-type-variable","15":"has-default-attributes"},"acf":[],"yoast_head":"<!-- This site is optimized with the Yoast SEO plugin v25.2 - https:\/\/yoast.com\/wordpress\/plugins\/seo\/ -->\n<title>&quot;O1 Calf Raise Machine&quot; | Sporto sal\u0117s \u012franga kojoms stiprinti<\/title>\n<meta name=\"description\" content=\"Norite sustiprinti blauzdas? O1 blauzd\u0173 k\u0117limo treniruoklis - tai treniruokli\u0173 sal\u0117s \u012franga, skirta galingoms, izoliuotoms blauzd\u0173 treniruot\u0117ms ir raumen\u0173 augimui.\" \/>\n<meta name=\"robots\" content=\"index, follow, max-snippet:-1, max-image-preview:large, max-video-preview:-1\" \/>\n<link rel=\"canonical\" href=\"https:\/\/gymfactory.eu\/lt\/produktas\/o1-blauzdu-kelimo-masina\/\" \/>\n<meta property=\"og:locale\" content=\"lt_LT\" \/>\n<meta property=\"og:type\" content=\"article\" \/>\n<meta property=\"og:title\" content=\"&quot;O1 Calf Raise Machine&quot; | Sporto sal\u0117s \u012franga kojoms stiprinti\" \/>\n<meta property=\"og:description\" content=\"Norite sustiprinti blauzdas? O1 blauzd\u0173 k\u0117limo treniruoklis - tai treniruokli\u0173 sal\u0117s \u012franga, skirta galingoms, izoliuotoms blauzd\u0173 treniruot\u0117ms ir raumen\u0173 augimui.\" \/>\n<meta property=\"og:url\" content=\"https:\/\/gymfactory.eu\/lt\/produktas\/o1-blauzdu-kelimo-masina\/\" \/>\n<meta property=\"og:site_name\" content=\"Gym Factory\" \/>\n<meta property=\"article:modified_time\" content=\"2025-11-21T12:52:56+00:00\" \/>\n<meta property=\"og:image\" content=\"https:\/\/gymfactory.eu\/wp-content\/uploads\/2025\/02\/gym-machine-O1-seated-calf-raise-front-view-2.webp\" \/>\n\t<meta property=\"og:image:width\" content=\"1500\" \/>\n\t<meta property=\"og:image:height\" content=\"1500\" \/>\n\t<meta property=\"og:image:type\" content=\"image\/webp\" \/>\n<meta name=\"twitter:card\" content=\"summary_large_image\" \/>\n<meta name=\"twitter:label1\" content=\"Est. reading time\" \/>\n\t<meta name=\"twitter:data1\" content=\"1 minut\u0117\" \/>\n<script type=\"application\/ld+json\" class=\"yoast-schema-graph\">{\"@context\":\"https:\/\/schema.org\",\"@graph\":[{\"@type\":\"WebPage\",\"@id\":\"https:\/\/gymfactory.eu\/lt\/produktas\/o1-blauzdu-kelimo-masina\/\",\"url\":\"https:\/\/gymfactory.eu\/lt\/produktas\/o1-blauzdu-kelimo-masina\/\",\"name\":\"\\\"O1 Calf Raise Machine\\\" | Sporto sal\u0117s \u012franga kojoms stiprinti\",\"isPartOf\":{\"@id\":\"https:\/\/gymfactory.eu\/lt\/#website\"},\"primaryImageOfPage\":{\"@id\":\"https:\/\/gymfactory.eu\/lt\/produktas\/o1-blauzdu-kelimo-masina\/#primaryimage\"},\"image\":{\"@id\":\"https:\/\/gymfactory.eu\/lt\/produktas\/o1-blauzdu-kelimo-masina\/#primaryimage\"},\"thumbnailUrl\":\"https:\/\/gymfactory.eu\/wp-content\/uploads\/2025\/02\/gym-machine-O1-seated-calf-raise-front-view-2.webp\",\"datePublished\":\"2025-02-03T09:30:33+00:00\",\"dateModified\":\"2025-11-21T12:52:56+00:00\",\"description\":\"Norite sustiprinti blauzdas? O1 blauzd\u0173 k\u0117limo treniruoklis - tai treniruokli\u0173 sal\u0117s \u012franga, skirta galingoms, izoliuotoms blauzd\u0173 treniruot\u0117ms ir raumen\u0173 augimui.\",\"breadcrumb\":{\"@id\":\"https:\/\/gymfactory.eu\/lt\/produktas\/o1-blauzdu-kelimo-masina\/#breadcrumb\"},\"inLanguage\":\"lt-LT\",\"potentialAction\":[{\"@type\":\"ReadAction\",\"target\":[\"https:\/\/gymfactory.eu\/lt\/produktas\/o1-blauzdu-kelimo-masina\/\"]}]},{\"@type\":\"ImageObject\",\"inLanguage\":\"lt-LT\",\"@id\":\"https:\/\/gymfactory.eu\/lt\/produktas\/o1-blauzdu-kelimo-masina\/#primaryimage\",\"url\":\"https:\/\/gymfactory.eu\/wp-content\/uploads\/2025\/02\/gym-machine-O1-seated-calf-raise-front-view-2.webp\",\"contentUrl\":\"https:\/\/gymfactory.eu\/wp-content\/uploads\/2025\/02\/gym-machine-O1-seated-calf-raise-front-view-2.webp\",\"width\":1500,\"height\":1500,\"caption\":\"S\u0117dimas blauzd\u0173 k\u0117limo treniruoklis, skirtas apatin\u0117s koj\u0173 dalies j\u0117gai lavinti, turi raudon\u0105 plienin\u012f r\u0117m\u0105 su pamink\u0161tinta \u0161laun\u0173 atrama ir ergonomi\u0161kas rankenas stabilumui u\u017etikrinti. Priekyje esantis svor\u012f \u012fkraunantis kai\u0161tis leid\u017eia laipsni\u0161kai didinti pasiprie\u0161inim\u0105, tod\u0117l \u0161is treniruoklis yra b\u016btinas \u012frankis blauzd\u0173 raumenims stiprinti. Tekst\u016bruota p\u0117d\u0173 platforma u\u017etikrina saug\u0173 sukibim\u0105 atliekant pratimus.\"},{\"@type\":\"BreadcrumbList\",\"@id\":\"https:\/\/gymfactory.eu\/lt\/produktas\/o1-blauzdu-kelimo-masina\/#breadcrumb\",\"itemListElement\":[{\"@type\":\"ListItem\",\"position\":1,\"name\":\"Pagrindinis\",\"item\":\"https:\/\/gymfactory.eu\/lt\/\"},{\"@type\":\"ListItem\",\"position\":2,\"name\":\"Katalogas\",\"item\":\"https:\/\/gymfactory.eu\/lt\/katalogas\/\"},{\"@type\":\"ListItem\",\"position\":3,\"name\":\"O1 Blauzd\u0173 treniruoklis\"}]},{\"@type\":\"WebSite\",\"@id\":\"https:\/\/gymfactory.eu\/lt\/#website\",\"url\":\"https:\/\/gymfactory.eu\/lt\/\",\"name\":\"Gym Factory\",\"description\":\"\",\"publisher\":{\"@id\":\"https:\/\/gymfactory.eu\/lt\/#organization\"},\"potentialAction\":[{\"@type\":\"SearchAction\",\"target\":{\"@type\":\"EntryPoint\",\"urlTemplate\":\"https:\/\/gymfactory.eu\/lt\/?s={search_term_string}\"},\"query-input\":{\"@type\":\"PropertyValueSpecification\",\"valueRequired\":true,\"valueName\":\"search_term_string\"}}],\"inLanguage\":\"lt-LT\"},{\"@type\":\"Organization\",\"@id\":\"https:\/\/gymfactory.eu\/lt\/#organization\",\"name\":\"Sporto sal\u0117s gamykla\",\"url\":\"https:\/\/gymfactory.eu\/lt\/\",\"logo\":{\"@type\":\"ImageObject\",\"inLanguage\":\"lt-LT\",\"@id\":\"https:\/\/gymfactory.eu\/lt\/#\/schema\/logo\/image\/\",\"url\":\"https:\/\/gymfactory.eu\/wp-content\/uploads\/2024\/11\/Component-1.svg\",\"contentUrl\":\"https:\/\/gymfactory.eu\/wp-content\/uploads\/2024\/11\/Component-1.svg\",\"width\":54,\"height\":44,\"caption\":\"Sporto sal\u0117s gamykla\"},\"image\":{\"@id\":\"https:\/\/gymfactory.eu\/lt\/#\/schema\/logo\/image\/\"}}]}<\/script>\n<!-- \/ Yoast SEO plugin. -->","yoast_head_json":{"title":"\"O1 Calf Raise Machine\" | Sporto sal\u0117s \u012franga kojoms stiprinti","description":"Norite sustiprinti blauzdas? O1 blauzd\u0173 k\u0117limo treniruoklis - tai treniruokli\u0173 sal\u0117s \u012franga, skirta galingoms, izoliuotoms blauzd\u0173 treniruot\u0117ms ir raumen\u0173 augimui.","robots":{"index":"index","follow":"follow","max-snippet":"max-snippet:-1","max-image-preview":"max-image-preview:large","max-video-preview":"max-video-preview:-1"},"canonical":"https:\/\/gymfactory.eu\/lt\/produktas\/o1-blauzdu-kelimo-masina\/","og_locale":"lt_LT","og_type":"article","og_title":"\"O1 Calf Raise Machine\" | Sporto sal\u0117s \u012franga kojoms stiprinti","og_description":"Norite sustiprinti blauzdas? O1 blauzd\u0173 k\u0117limo treniruoklis - tai treniruokli\u0173 sal\u0117s \u012franga, skirta galingoms, izoliuotoms blauzd\u0173 treniruot\u0117ms ir raumen\u0173 augimui.","og_url":"https:\/\/gymfactory.eu\/lt\/produktas\/o1-blauzdu-kelimo-masina\/","og_site_name":"Gym Factory","article_modified_time":"2025-11-21T12:52:56+00:00","og_image":[{"width":1500,"height":1500,"url":"https:\/\/gymfactory.eu\/wp-content\/uploads\/2025\/02\/gym-machine-O1-seated-calf-raise-front-view-2.webp","type":"image\/webp"}],"twitter_card":"summary_large_image","twitter_misc":{"Est. reading time":"1 minut\u0117"},"schema":{"@context":"https:\/\/schema.org","@graph":[{"@type":"WebPage","@id":"https:\/\/gymfactory.eu\/lt\/produktas\/o1-blauzdu-kelimo-masina\/","url":"https:\/\/gymfactory.eu\/lt\/produktas\/o1-blauzdu-kelimo-masina\/","name":"\"O1 Calf Raise Machine\" | Sporto sal\u0117s \u012franga kojoms stiprinti","isPartOf":{"@id":"https:\/\/gymfactory.eu\/lt\/#website"},"primaryImageOfPage":{"@id":"https:\/\/gymfactory.eu\/lt\/produktas\/o1-blauzdu-kelimo-masina\/#primaryimage"},"image":{"@id":"https:\/\/gymfactory.eu\/lt\/produktas\/o1-blauzdu-kelimo-masina\/#primaryimage"},"thumbnailUrl":"https:\/\/gymfactory.eu\/wp-content\/uploads\/2025\/02\/gym-machine-O1-seated-calf-raise-front-view-2.webp","datePublished":"2025-02-03T09:30:33+00:00","dateModified":"2025-11-21T12:52:56+00:00","description":"Norite sustiprinti blauzdas? O1 blauzd\u0173 k\u0117limo treniruoklis - tai treniruokli\u0173 sal\u0117s \u012franga, skirta galingoms, izoliuotoms blauzd\u0173 treniruot\u0117ms ir raumen\u0173 augimui.","breadcrumb":{"@id":"https:\/\/gymfactory.eu\/lt\/produktas\/o1-blauzdu-kelimo-masina\/#breadcrumb"},"inLanguage":"lt-LT","potentialAction":[{"@type":"ReadAction","target":["https:\/\/gymfactory.eu\/lt\/produktas\/o1-blauzdu-kelimo-masina\/"]}]},{"@type":"ImageObject","inLanguage":"lt-LT","@id":"https:\/\/gymfactory.eu\/lt\/produktas\/o1-blauzdu-kelimo-masina\/#primaryimage","url":"https:\/\/gymfactory.eu\/wp-content\/uploads\/2025\/02\/gym-machine-O1-seated-calf-raise-front-view-2.webp","contentUrl":"https:\/\/gymfactory.eu\/wp-content\/uploads\/2025\/02\/gym-machine-O1-seated-calf-raise-front-view-2.webp","width":1500,"height":1500,"caption":"S\u0117dimas blauzd\u0173 k\u0117limo treniruoklis, skirtas apatin\u0117s koj\u0173 dalies j\u0117gai lavinti, turi raudon\u0105 plienin\u012f r\u0117m\u0105 su pamink\u0161tinta \u0161laun\u0173 atrama ir ergonomi\u0161kas rankenas stabilumui u\u017etikrinti. Priekyje esantis svor\u012f \u012fkraunantis kai\u0161tis leid\u017eia laipsni\u0161kai didinti pasiprie\u0161inim\u0105, tod\u0117l \u0161is treniruoklis yra b\u016btinas \u012frankis blauzd\u0173 raumenims stiprinti. Tekst\u016bruota p\u0117d\u0173 platforma u\u017etikrina saug\u0173 sukibim\u0105 atliekant pratimus."},{"@type":"BreadcrumbList","@id":"https:\/\/gymfactory.eu\/lt\/produktas\/o1-blauzdu-kelimo-masina\/#breadcrumb","itemListElement":[{"@type":"ListItem","position":1,"name":"Pagrindinis","item":"https:\/\/gymfactory.eu\/lt\/"},{"@type":"ListItem","position":2,"name":"Katalogas","item":"https:\/\/gymfactory.eu\/lt\/katalogas\/"},{"@type":"ListItem","position":3,"name":"O1 Blauzd\u0173 treniruoklis"}]},{"@type":"WebSite","@id":"https:\/\/gymfactory.eu\/lt\/#website","url":"https:\/\/gymfactory.eu\/lt\/","name":"Gym Factory","description":"","publisher":{"@id":"https:\/\/gymfactory.eu\/lt\/#organization"},"potentialAction":[{"@type":"SearchAction","target":{"@type":"EntryPoint","urlTemplate":"https:\/\/gymfactory.eu\/lt\/?s={search_term_string}"},"query-input":{"@type":"PropertyValueSpecification","valueRequired":true,"valueName":"search_term_string"}}],"inLanguage":"lt-LT"},{"@type":"Organization","@id":"https:\/\/gymfactory.eu\/lt\/#organization","name":"Sporto sal\u0117s gamykla","url":"https:\/\/gymfactory.eu\/lt\/","logo":{"@type":"ImageObject","inLanguage":"lt-LT","@id":"https:\/\/gymfactory.eu\/lt\/#\/schema\/logo\/image\/","url":"https:\/\/gymfactory.eu\/wp-content\/uploads\/2024\/11\/Component-1.svg","contentUrl":"https:\/\/gymfactory.eu\/wp-content\/uploads\/2024\/11\/Component-1.svg","width":54,"height":44,"caption":"Sporto sal\u0117s gamykla"},"image":{"@id":"https:\/\/gymfactory.eu\/lt\/#\/schema\/logo\/image\/"}}]}},"_links":{"self":[{"href":"https:\/\/gymfactory.eu\/lt\/wp-json\/wp\/v2\/product\/10144","targetHints":{"allow":["GET"]}}],"collection":[{"href":"https:\/\/gymfactory.eu\/lt\/wp-json\/wp\/v2\/product"}],"about":[{"href":"https:\/\/gymfactory.eu\/lt\/wp-json\/wp\/v2\/types\/product"}],"wp:featuredmedia":[{"embeddable":true,"href":"https:\/\/gymfactory.eu\/lt\/wp-json\/wp\/v2\/media\/8622"}],"wp:attachment":[{"href":"https:\/\/gymfactory.eu\/lt\/wp-json\/wp\/v2\/media?parent=10144"}],"wp:term":[{"taxonomy":"product_brand","embeddable":true,"href":"https:\/\/gymfactory.eu\/lt\/wp-json\/wp\/v2\/product_brand?post=10144"},{"taxonomy":"product_cat","embeddable":true,"href":"https:\/\/gymfactory.eu\/lt\/wp-json\/wp\/v2\/product_cat?post=10144"},{"taxonomy":"product_tag","embeddable":true,"href":"https:\/\/gymfactory.eu\/lt\/wp-json\/wp\/v2\/product_tag?post=10144"}],"curies":[{"name":"wp","href":"https:\/\/api.w.org\/{rel}","templated":true}]}}