{"id":10141,"date":"2025-02-03T09:21:40","date_gmt":"2025-02-03T07:21:40","guid":{"rendered":"https:\/\/gymfactory.eu\/product\/l8xxx-lat-pulldown-masina\/"},"modified":"2025-11-21T14:29:10","modified_gmt":"2025-11-21T12:29:10","slug":"l8xxx-lat-pulldown-masina","status":"publish","type":"product","link":"https:\/\/gymfactory.eu\/lt\/produktas\/l8xxx-lat-pulldown-masina\/","title":{"rendered":"L8XXX Nugaros treniruoklis &#8211; vertikali trauka"},"content":{"rendered":"<p>L8XXX nugaros treniruoklis, vertikali trauka \u2013 tai tvirta, didel\u012f svor\u012f atlaikanti sporto \u012franga, skirta intensyvioms vir\u0161utin\u0117s k\u016bno dalies treniruot\u0117ms. Jo konstrukcija sukurta profesionaliam naudojimui sporto klubuose, o skland\u017eiai veikiantis mechanizmas u\u017etikrina nuosekl\u0173 ir kontroliuojam\u0105 judes\u012f net dirbant su didel\u0117mis apkrovomis.<\/p>\n<p>Treniruoklis skirtas \u012fvairiems &#8222;lat pulldown&#8221; pratim\u0173 variantams. Ranken\u0173 sistema juda guoliais, tod\u0117l prisitaiko prie nat\u016bralaus judesio trajektorijos. Keli su\u0117mimo ta\u0161kai leid\u017eia lengvai keisti traukos kamp\u0105 \u2013 nuo plataus iki siauro su\u0117mimo \u2013 ir pagal poreik\u012f perkelti kr\u016bv\u012f \u012f skirtingas vir\u0161utin\u0117s k\u016bno dalies sritis.<\/p>\n<p>Reguliuojama s\u0117dyn\u0117s pad\u0117tis (\u012f priek\u012f arba atgal) leid\u017eia pasirinkti tinkam\u0105 pozicij\u0105, o \u0161laun\u0173 fiksavimo pagalv\u0117l\u0117 u\u017etikrina stabilum\u0105 traukos metu.<\/p>\n<p>L8XXX \u2013 tai patikimas, auk\u0161tos apkrovos treniruoklis sporto sal\u0117ms, siekian\u010dioms maksimalaus efektyvumo ir funkcionalumo vir\u0161utin\u0117s k\u016bno dalies lavinimui.<\/p>\n\n    <div class=\"xs_social_share_widget xs_share_url after_content \t\tmain_content  wslu-style-1 wslu-share-box-shaped wslu-fill-colored wslu-none wslu-share-horizontal wslu-theme-font-no wslu-main_content\">\n\n\t\t\n        <ul>\n\t\t\t        <\/ul>\n    <\/div> \n","protected":false},"excerpt":{"rendered":"<p>L8XXX nugaros treniruoklis, vertikali trauka \u2013 tai tvirta, didel\u012f svor\u012f atlaikanti sporto \u012franga, skirta intensyvioms vir\u0161utin\u0117s k\u016bno dalies treniruot\u0117ms. Jo konstrukcija sukurta profesionaliam naudojimui sporto klubuose, o skland\u017eiai veikiantis mechanizmas u\u017etikrina nuosekl\u0173 ir kontroliuojam\u0105 judes\u012f net dirbant su didel\u0117mis apkrovomis. Treniruoklis skirtas \u012fvairiems &#8222;lat pulldown&#8221; pratim\u0173 variantams. Ranken\u0173 sistema juda guoliais, tod\u0117l prisitaiko prie nat\u016bralaus [&hellip;]<\/p>\n","protected":false},"featured_media":7585,"template":"","meta":{"_acf_changed":false},"product_brand":[817],"product_cat":[421],"product_tag":[],"class_list":{"0":"post-10141","1":"product","2":"type-product","3":"status-publish","4":"has-post-thumbnail","6":"product_brand-gym-factory-lt","7":"product_cat-laisvu-svoriu-treniruokliai","9":"first","10":"onbackorder","11":"taxable","12":"shipping-taxable","13":"purchasable","14":"product-type-variable","15":"has-default-attributes"},"acf":[],"yoast_head":"<!-- This site is optimized with the Yoast SEO plugin v25.2 - https:\/\/yoast.com\/wordpress\/plugins\/seo\/ -->\n<title>&quot;L8XXX Lat Pulldown Machine&quot; | Vis\u0173 sporto sali\u0173 \u012franga<\/title>\n<meta name=\"description\" content=\"Ie\u0161kote universalios treniruokli\u0173 sal\u0117s \u012frangos? L8XXX Lat Pulldown Machine yra pritaikytas visoms treniruo\u010di\u0173 r\u016b\u0161ims ir si\u016blo skland\u017eias, veiksmingas latak\u0173 ir vir\u0161utin\u0117s k\u016bno dalies treniruotes.\" \/>\n<meta name=\"robots\" content=\"index, follow, max-snippet:-1, max-image-preview:large, max-video-preview:-1\" \/>\n<link rel=\"canonical\" href=\"https:\/\/gymfactory.eu\/lt\/produktas\/l8xxx-lat-pulldown-masina\/\" \/>\n<meta property=\"og:locale\" content=\"lt_LT\" \/>\n<meta property=\"og:type\" content=\"article\" \/>\n<meta property=\"og:title\" content=\"&quot;L8XXX Lat Pulldown Machine&quot; | Vis\u0173 sporto sali\u0173 \u012franga\" \/>\n<meta property=\"og:description\" content=\"Ie\u0161kote universalios treniruokli\u0173 sal\u0117s \u012frangos? L8XXX Lat Pulldown Machine yra pritaikytas visoms treniruo\u010di\u0173 r\u016b\u0161ims ir si\u016blo skland\u017eias, veiksmingas latak\u0173 ir vir\u0161utin\u0117s k\u016bno dalies treniruotes.\" \/>\n<meta property=\"og:url\" content=\"https:\/\/gymfactory.eu\/lt\/produktas\/l8xxx-lat-pulldown-masina\/\" \/>\n<meta property=\"og:site_name\" content=\"Gym Factory\" \/>\n<meta property=\"article:modified_time\" content=\"2025-11-21T12:29:10+00:00\" \/>\n<meta property=\"og:image\" content=\"https:\/\/gymfactory.eu\/wp-content\/uploads\/2025\/02\/gym-machine-L8XX-3-side-view.webp\" \/>\n\t<meta property=\"og:image:width\" content=\"1500\" \/>\n\t<meta property=\"og:image:height\" content=\"1500\" \/>\n\t<meta property=\"og:image:type\" content=\"image\/webp\" \/>\n<meta name=\"twitter:card\" content=\"summary_large_image\" \/>\n<meta name=\"twitter:label1\" content=\"Est. reading time\" \/>\n\t<meta name=\"twitter:data1\" content=\"1 minut\u0117\" \/>\n<script type=\"application\/ld+json\" class=\"yoast-schema-graph\">{\"@context\":\"https:\/\/schema.org\",\"@graph\":[{\"@type\":\"WebPage\",\"@id\":\"https:\/\/gymfactory.eu\/lt\/produktas\/l8xxx-lat-pulldown-masina\/\",\"url\":\"https:\/\/gymfactory.eu\/lt\/produktas\/l8xxx-lat-pulldown-masina\/\",\"name\":\"\\\"L8XXX Lat Pulldown Machine\\\" | Vis\u0173 sporto sali\u0173 \u012franga\",\"isPartOf\":{\"@id\":\"https:\/\/gymfactory.eu\/lt\/#website\"},\"primaryImageOfPage\":{\"@id\":\"https:\/\/gymfactory.eu\/lt\/produktas\/l8xxx-lat-pulldown-masina\/#primaryimage\"},\"image\":{\"@id\":\"https:\/\/gymfactory.eu\/lt\/produktas\/l8xxx-lat-pulldown-masina\/#primaryimage\"},\"thumbnailUrl\":\"https:\/\/gymfactory.eu\/wp-content\/uploads\/2025\/02\/gym-machine-L8XX-3-side-view.webp\",\"datePublished\":\"2025-02-03T07:21:40+00:00\",\"dateModified\":\"2025-11-21T12:29:10+00:00\",\"description\":\"Ie\u0161kote universalios treniruokli\u0173 sal\u0117s \u012frangos? L8XXX Lat Pulldown Machine yra pritaikytas visoms treniruo\u010di\u0173 r\u016b\u0161ims ir si\u016blo skland\u017eias, veiksmingas latak\u0173 ir vir\u0161utin\u0117s k\u016bno dalies treniruotes.\",\"breadcrumb\":{\"@id\":\"https:\/\/gymfactory.eu\/lt\/produktas\/l8xxx-lat-pulldown-masina\/#breadcrumb\"},\"inLanguage\":\"lt-LT\",\"potentialAction\":[{\"@type\":\"ReadAction\",\"target\":[\"https:\/\/gymfactory.eu\/lt\/produktas\/l8xxx-lat-pulldown-masina\/\"]}]},{\"@type\":\"ImageObject\",\"inLanguage\":\"lt-LT\",\"@id\":\"https:\/\/gymfactory.eu\/lt\/produktas\/l8xxx-lat-pulldown-masina\/#primaryimage\",\"url\":\"https:\/\/gymfactory.eu\/wp-content\/uploads\/2025\/02\/gym-machine-L8XX-3-side-view.webp\",\"contentUrl\":\"https:\/\/gymfactory.eu\/wp-content\/uploads\/2025\/02\/gym-machine-L8XX-3-side-view.webp\",\"width\":1500,\"height\":1500,\"caption\":\"I\u0161 priekio \u017evelgiant \u012f treniruokl\u012f i\u0161ry\u0161k\u0117ja jo tvirtas r\u0117mas ir svori\u0173 sistema. Pamink\u0161tinta s\u0117dyn\u0117 ir \u0161laun\u0173 stabilizatoriai u\u017etikrina naudotojo komfort\u0105 treniruo\u010di\u0173 metu, o i\u0161traukimo baras leid\u017eia skland\u017eiai atlikti judesius. \u0160is s\u0117dimas traukimo treniruoklis idealiai tinka s\u0117dmen\u0173, pe\u010di\u0173 ir nugaros raumenims treniruoti komercin\u0117se ir nam\u0173 sporto sal\u0117se.\"},{\"@type\":\"BreadcrumbList\",\"@id\":\"https:\/\/gymfactory.eu\/lt\/produktas\/l8xxx-lat-pulldown-masina\/#breadcrumb\",\"itemListElement\":[{\"@type\":\"ListItem\",\"position\":1,\"name\":\"Pagrindinis\",\"item\":\"https:\/\/gymfactory.eu\/lt\/\"},{\"@type\":\"ListItem\",\"position\":2,\"name\":\"Katalogas\",\"item\":\"https:\/\/gymfactory.eu\/lt\/katalogas\/\"},{\"@type\":\"ListItem\",\"position\":3,\"name\":\"L8XXX Nugaros treniruoklis &#8211; vertikali trauka\"}]},{\"@type\":\"WebSite\",\"@id\":\"https:\/\/gymfactory.eu\/lt\/#website\",\"url\":\"https:\/\/gymfactory.eu\/lt\/\",\"name\":\"Gym Factory\",\"description\":\"\",\"publisher\":{\"@id\":\"https:\/\/gymfactory.eu\/lt\/#organization\"},\"potentialAction\":[{\"@type\":\"SearchAction\",\"target\":{\"@type\":\"EntryPoint\",\"urlTemplate\":\"https:\/\/gymfactory.eu\/lt\/?s={search_term_string}\"},\"query-input\":{\"@type\":\"PropertyValueSpecification\",\"valueRequired\":true,\"valueName\":\"search_term_string\"}}],\"inLanguage\":\"lt-LT\"},{\"@type\":\"Organization\",\"@id\":\"https:\/\/gymfactory.eu\/lt\/#organization\",\"name\":\"Sporto sal\u0117s gamykla\",\"url\":\"https:\/\/gymfactory.eu\/lt\/\",\"logo\":{\"@type\":\"ImageObject\",\"inLanguage\":\"lt-LT\",\"@id\":\"https:\/\/gymfactory.eu\/lt\/#\/schema\/logo\/image\/\",\"url\":\"https:\/\/gymfactory.eu\/wp-content\/uploads\/2024\/11\/Component-1.svg\",\"contentUrl\":\"https:\/\/gymfactory.eu\/wp-content\/uploads\/2024\/11\/Component-1.svg\",\"width\":54,\"height\":44,\"caption\":\"Sporto sal\u0117s gamykla\"},\"image\":{\"@id\":\"https:\/\/gymfactory.eu\/lt\/#\/schema\/logo\/image\/\"}}]}<\/script>\n<!-- \/ Yoast SEO plugin. -->","yoast_head_json":{"title":"\"L8XXX Lat Pulldown Machine\" | Vis\u0173 sporto sali\u0173 \u012franga","description":"Ie\u0161kote universalios treniruokli\u0173 sal\u0117s \u012frangos? L8XXX Lat Pulldown Machine yra pritaikytas visoms treniruo\u010di\u0173 r\u016b\u0161ims ir si\u016blo skland\u017eias, veiksmingas latak\u0173 ir vir\u0161utin\u0117s k\u016bno dalies treniruotes.","robots":{"index":"index","follow":"follow","max-snippet":"max-snippet:-1","max-image-preview":"max-image-preview:large","max-video-preview":"max-video-preview:-1"},"canonical":"https:\/\/gymfactory.eu\/lt\/produktas\/l8xxx-lat-pulldown-masina\/","og_locale":"lt_LT","og_type":"article","og_title":"\"L8XXX Lat Pulldown Machine\" | Vis\u0173 sporto sali\u0173 \u012franga","og_description":"Ie\u0161kote universalios treniruokli\u0173 sal\u0117s \u012frangos? L8XXX Lat Pulldown Machine yra pritaikytas visoms treniruo\u010di\u0173 r\u016b\u0161ims ir si\u016blo skland\u017eias, veiksmingas latak\u0173 ir vir\u0161utin\u0117s k\u016bno dalies treniruotes.","og_url":"https:\/\/gymfactory.eu\/lt\/produktas\/l8xxx-lat-pulldown-masina\/","og_site_name":"Gym Factory","article_modified_time":"2025-11-21T12:29:10+00:00","og_image":[{"width":1500,"height":1500,"url":"https:\/\/gymfactory.eu\/wp-content\/uploads\/2025\/02\/gym-machine-L8XX-3-side-view.webp","type":"image\/webp"}],"twitter_card":"summary_large_image","twitter_misc":{"Est. reading time":"1 minut\u0117"},"schema":{"@context":"https:\/\/schema.org","@graph":[{"@type":"WebPage","@id":"https:\/\/gymfactory.eu\/lt\/produktas\/l8xxx-lat-pulldown-masina\/","url":"https:\/\/gymfactory.eu\/lt\/produktas\/l8xxx-lat-pulldown-masina\/","name":"\"L8XXX Lat Pulldown Machine\" | Vis\u0173 sporto sali\u0173 \u012franga","isPartOf":{"@id":"https:\/\/gymfactory.eu\/lt\/#website"},"primaryImageOfPage":{"@id":"https:\/\/gymfactory.eu\/lt\/produktas\/l8xxx-lat-pulldown-masina\/#primaryimage"},"image":{"@id":"https:\/\/gymfactory.eu\/lt\/produktas\/l8xxx-lat-pulldown-masina\/#primaryimage"},"thumbnailUrl":"https:\/\/gymfactory.eu\/wp-content\/uploads\/2025\/02\/gym-machine-L8XX-3-side-view.webp","datePublished":"2025-02-03T07:21:40+00:00","dateModified":"2025-11-21T12:29:10+00:00","description":"Ie\u0161kote universalios treniruokli\u0173 sal\u0117s \u012frangos? L8XXX Lat Pulldown Machine yra pritaikytas visoms treniruo\u010di\u0173 r\u016b\u0161ims ir si\u016blo skland\u017eias, veiksmingas latak\u0173 ir vir\u0161utin\u0117s k\u016bno dalies treniruotes.","breadcrumb":{"@id":"https:\/\/gymfactory.eu\/lt\/produktas\/l8xxx-lat-pulldown-masina\/#breadcrumb"},"inLanguage":"lt-LT","potentialAction":[{"@type":"ReadAction","target":["https:\/\/gymfactory.eu\/lt\/produktas\/l8xxx-lat-pulldown-masina\/"]}]},{"@type":"ImageObject","inLanguage":"lt-LT","@id":"https:\/\/gymfactory.eu\/lt\/produktas\/l8xxx-lat-pulldown-masina\/#primaryimage","url":"https:\/\/gymfactory.eu\/wp-content\/uploads\/2025\/02\/gym-machine-L8XX-3-side-view.webp","contentUrl":"https:\/\/gymfactory.eu\/wp-content\/uploads\/2025\/02\/gym-machine-L8XX-3-side-view.webp","width":1500,"height":1500,"caption":"I\u0161 priekio \u017evelgiant \u012f treniruokl\u012f i\u0161ry\u0161k\u0117ja jo tvirtas r\u0117mas ir svori\u0173 sistema. Pamink\u0161tinta s\u0117dyn\u0117 ir \u0161laun\u0173 stabilizatoriai u\u017etikrina naudotojo komfort\u0105 treniruo\u010di\u0173 metu, o i\u0161traukimo baras leid\u017eia skland\u017eiai atlikti judesius. \u0160is s\u0117dimas traukimo treniruoklis idealiai tinka s\u0117dmen\u0173, pe\u010di\u0173 ir nugaros raumenims treniruoti komercin\u0117se ir nam\u0173 sporto sal\u0117se."},{"@type":"BreadcrumbList","@id":"https:\/\/gymfactory.eu\/lt\/produktas\/l8xxx-lat-pulldown-masina\/#breadcrumb","itemListElement":[{"@type":"ListItem","position":1,"name":"Pagrindinis","item":"https:\/\/gymfactory.eu\/lt\/"},{"@type":"ListItem","position":2,"name":"Katalogas","item":"https:\/\/gymfactory.eu\/lt\/katalogas\/"},{"@type":"ListItem","position":3,"name":"L8XXX Nugaros treniruoklis &#8211; vertikali trauka"}]},{"@type":"WebSite","@id":"https:\/\/gymfactory.eu\/lt\/#website","url":"https:\/\/gymfactory.eu\/lt\/","name":"Gym Factory","description":"","publisher":{"@id":"https:\/\/gymfactory.eu\/lt\/#organization"},"potentialAction":[{"@type":"SearchAction","target":{"@type":"EntryPoint","urlTemplate":"https:\/\/gymfactory.eu\/lt\/?s={search_term_string}"},"query-input":{"@type":"PropertyValueSpecification","valueRequired":true,"valueName":"search_term_string"}}],"inLanguage":"lt-LT"},{"@type":"Organization","@id":"https:\/\/gymfactory.eu\/lt\/#organization","name":"Sporto sal\u0117s gamykla","url":"https:\/\/gymfactory.eu\/lt\/","logo":{"@type":"ImageObject","inLanguage":"lt-LT","@id":"https:\/\/gymfactory.eu\/lt\/#\/schema\/logo\/image\/","url":"https:\/\/gymfactory.eu\/wp-content\/uploads\/2024\/11\/Component-1.svg","contentUrl":"https:\/\/gymfactory.eu\/wp-content\/uploads\/2024\/11\/Component-1.svg","width":54,"height":44,"caption":"Sporto sal\u0117s gamykla"},"image":{"@id":"https:\/\/gymfactory.eu\/lt\/#\/schema\/logo\/image\/"}}]}},"_links":{"self":[{"href":"https:\/\/gymfactory.eu\/lt\/wp-json\/wp\/v2\/product\/10141","targetHints":{"allow":["GET"]}}],"collection":[{"href":"https:\/\/gymfactory.eu\/lt\/wp-json\/wp\/v2\/product"}],"about":[{"href":"https:\/\/gymfactory.eu\/lt\/wp-json\/wp\/v2\/types\/product"}],"wp:featuredmedia":[{"embeddable":true,"href":"https:\/\/gymfactory.eu\/lt\/wp-json\/wp\/v2\/media\/7585"}],"wp:attachment":[{"href":"https:\/\/gymfactory.eu\/lt\/wp-json\/wp\/v2\/media?parent=10141"}],"wp:term":[{"taxonomy":"product_brand","embeddable":true,"href":"https:\/\/gymfactory.eu\/lt\/wp-json\/wp\/v2\/product_brand?post=10141"},{"taxonomy":"product_cat","embeddable":true,"href":"https:\/\/gymfactory.eu\/lt\/wp-json\/wp\/v2\/product_cat?post=10141"},{"taxonomy":"product_tag","embeddable":true,"href":"https:\/\/gymfactory.eu\/lt\/wp-json\/wp\/v2\/product_tag?post=10141"}],"curies":[{"name":"wp","href":"https:\/\/api.w.org\/{rel}","templated":true}]}}