{"id":10138,"date":"2025-02-03T10:55:16","date_gmt":"2025-02-03T08:55:16","guid":{"rendered":"https:\/\/gymfactory.eu\/product\/m8xx-koju-ilginimo-ir-lenkimo-masina\/"},"modified":"2025-11-21T14:45:04","modified_gmt":"2025-11-21T12:45:04","slug":"m8xx-koju-ilginimo-ir-lenkimo-masina","status":"publish","type":"product","link":"https:\/\/gymfactory.eu\/lt\/produktas\/m8xx-koju-ilginimo-ir-lenkimo-masina\/","title":{"rendered":"M8XX Koj\u0173 tiesimo &#8211; lenkimo treniruoklis"},"content":{"rendered":"<p>M8XX koj\u0173 tiesimo ir lenkimo treniruoklis \u2013 kompakti\u0161kas ir prakti\u0161kas sprendimas apatinei k\u016bno daliai treniruoti, ypa\u010d tinkamas naudoti nam\u0173 sporto erdv\u0117je. Tvirta konstrukcija ir paprasti reguliavimo sprendimai leid\u017eia lengvai naudotis ir u\u017etikrina skland\u0173, saug\u0173 judes\u012f.<\/p>\n<p>Treniruoklis leid\u017eia atlikti koj\u0173 tiesimus, kurie stiprina priekines \u0161laun\u0173 dalis (keturgalvius raumenis), o nuleidus atlo\u0161\u0105 \u2013 pereiti prie koj\u0173 lenkimo pratim\u0173, skirt\u0173 u\u017epakalinei \u0161laun\u0173 daliai (dvigalviams raumenims). Reguliuojamas atlo\u0161o kampas ir koj\u0173 volelio pad\u0117tis padeda pritaikyti treniruokl\u012f prie skirtingo k\u016bno sud\u0117jimo ir judesio trajektorijos.<\/p>\n<p>M8XX padeda tikslingai stiprinti kojas, gerina raumen\u0173 balans\u0105, stabilum\u0105 ir bendr\u0105 funkcin\u0119 j\u0117g\u0105.<\/p>\n\n    <div class=\"xs_social_share_widget xs_share_url after_content \t\tmain_content  wslu-style-1 wslu-share-box-shaped wslu-fill-colored wslu-none wslu-share-horizontal wslu-theme-font-no wslu-main_content\">\n\n\t\t\n        <ul>\n\t\t\t        <\/ul>\n    <\/div> \n","protected":false},"excerpt":{"rendered":"<p>M8XX koj\u0173 tiesimo ir lenkimo treniruoklis \u2013 kompakti\u0161kas ir prakti\u0161kas sprendimas apatinei k\u016bno daliai treniruoti, ypa\u010d tinkamas naudoti nam\u0173 sporto erdv\u0117je. Tvirta konstrukcija ir paprasti reguliavimo sprendimai leid\u017eia lengvai naudotis ir u\u017etikrina skland\u0173, saug\u0173 judes\u012f. Treniruoklis leid\u017eia atlikti koj\u0173 tiesimus, kurie stiprina priekines \u0161laun\u0173 dalis (keturgalvius raumenis), o nuleidus atlo\u0161\u0105 \u2013 pereiti prie koj\u0173 lenkimo [&hellip;]<\/p>\n","protected":false},"featured_media":8596,"template":"","meta":{"_acf_changed":false},"product_brand":[817],"product_cat":[421],"product_tag":[],"class_list":{"0":"post-10138","1":"product","2":"type-product","3":"status-publish","4":"has-post-thumbnail","6":"product_brand-gym-factory-lt","7":"product_cat-laisvu-svoriu-treniruokliai","9":"first","10":"onbackorder","11":"taxable","12":"shipping-taxable","13":"purchasable","14":"product-type-variable","15":"has-default-attributes"},"acf":[],"yoast_head":"<!-- This site is optimized with the Yoast SEO plugin v25.2 - https:\/\/yoast.com\/wordpress\/plugins\/seo\/ -->\n<title>M8XX koj\u0173 tiesimo ir lenkimo ma\u0161ina | Sukurta koj\u0173 treniruot\u0117ms<\/title>\n<meta name=\"description\" content=\"Reikia vieno treniruoklio visoms koj\u0173 treniruot\u0117ms? M8XX koj\u0173 tiesimo ir lenkimo treniruoklis skirtas keturgalviams ir \u0161launies raumenims, o jo pasiprie\u0161inimas yra tolygiai reguliuojamas.\" \/>\n<meta name=\"robots\" content=\"index, follow, max-snippet:-1, max-image-preview:large, max-video-preview:-1\" \/>\n<link rel=\"canonical\" href=\"https:\/\/gymfactory.eu\/lt\/produktas\/m8xx-koju-ilginimo-ir-lenkimo-masina\/\" \/>\n<meta property=\"og:locale\" content=\"lt_LT\" \/>\n<meta property=\"og:type\" content=\"article\" \/>\n<meta property=\"og:title\" content=\"M8XX koj\u0173 tiesimo ir lenkimo ma\u0161ina | Sukurta koj\u0173 treniruot\u0117ms\" \/>\n<meta property=\"og:description\" content=\"Reikia vieno treniruoklio visoms koj\u0173 treniruot\u0117ms? M8XX koj\u0173 tiesimo ir lenkimo treniruoklis skirtas keturgalviams ir \u0161launies raumenims, o jo pasiprie\u0161inimas yra tolygiai reguliuojamas.\" \/>\n<meta property=\"og:url\" content=\"https:\/\/gymfactory.eu\/lt\/produktas\/m8xx-koju-ilginimo-ir-lenkimo-masina\/\" \/>\n<meta property=\"og:site_name\" content=\"Gym Factory\" \/>\n<meta property=\"article:modified_time\" content=\"2025-11-21T12:45:04+00:00\" \/>\n<meta property=\"og:image\" content=\"https:\/\/gymfactory.eu\/wp-content\/uploads\/2025\/02\/gym-machine-M8XX-leg-extension-side-view-1-1.webp\" \/>\n\t<meta property=\"og:image:width\" content=\"1500\" \/>\n\t<meta property=\"og:image:height\" content=\"1500\" \/>\n\t<meta property=\"og:image:type\" content=\"image\/webp\" \/>\n<meta name=\"twitter:card\" content=\"summary_large_image\" \/>\n<meta name=\"twitter:label1\" content=\"Est. reading time\" \/>\n\t<meta name=\"twitter:data1\" content=\"1 minut\u0117\" \/>\n<script type=\"application\/ld+json\" class=\"yoast-schema-graph\">{\"@context\":\"https:\/\/schema.org\",\"@graph\":[{\"@type\":\"WebPage\",\"@id\":\"https:\/\/gymfactory.eu\/lt\/produktas\/m8xx-koju-ilginimo-ir-lenkimo-masina\/\",\"url\":\"https:\/\/gymfactory.eu\/lt\/produktas\/m8xx-koju-ilginimo-ir-lenkimo-masina\/\",\"name\":\"M8XX koj\u0173 tiesimo ir lenkimo ma\u0161ina | Sukurta koj\u0173 treniruot\u0117ms\",\"isPartOf\":{\"@id\":\"https:\/\/gymfactory.eu\/lt\/#website\"},\"primaryImageOfPage\":{\"@id\":\"https:\/\/gymfactory.eu\/lt\/produktas\/m8xx-koju-ilginimo-ir-lenkimo-masina\/#primaryimage\"},\"image\":{\"@id\":\"https:\/\/gymfactory.eu\/lt\/produktas\/m8xx-koju-ilginimo-ir-lenkimo-masina\/#primaryimage\"},\"thumbnailUrl\":\"https:\/\/gymfactory.eu\/wp-content\/uploads\/2025\/02\/gym-machine-M8XX-leg-extension-side-view-1-1.webp\",\"datePublished\":\"2025-02-03T08:55:16+00:00\",\"dateModified\":\"2025-11-21T12:45:04+00:00\",\"description\":\"Reikia vieno treniruoklio visoms koj\u0173 treniruot\u0117ms? M8XX koj\u0173 tiesimo ir lenkimo treniruoklis skirtas keturgalviams ir \u0161launies raumenims, o jo pasiprie\u0161inimas yra tolygiai reguliuojamas.\",\"breadcrumb\":{\"@id\":\"https:\/\/gymfactory.eu\/lt\/produktas\/m8xx-koju-ilginimo-ir-lenkimo-masina\/#breadcrumb\"},\"inLanguage\":\"lt-LT\",\"potentialAction\":[{\"@type\":\"ReadAction\",\"target\":[\"https:\/\/gymfactory.eu\/lt\/produktas\/m8xx-koju-ilginimo-ir-lenkimo-masina\/\"]}]},{\"@type\":\"ImageObject\",\"inLanguage\":\"lt-LT\",\"@id\":\"https:\/\/gymfactory.eu\/lt\/produktas\/m8xx-koju-ilginimo-ir-lenkimo-masina\/#primaryimage\",\"url\":\"https:\/\/gymfactory.eu\/wp-content\/uploads\/2025\/02\/gym-machine-M8XX-leg-extension-side-view-1-1.webp\",\"contentUrl\":\"https:\/\/gymfactory.eu\/wp-content\/uploads\/2025\/02\/gym-machine-M8XX-leg-extension-side-view-1-1.webp\",\"width\":1500,\"height\":1500,\"caption\":\"Koj\u0173 ilginimo treniruoklio nuotraukoje i\u0161 \u0161ono matyti ergonomi\u0161ka s\u0117dyn\u0117, pamink\u0161tinta atrama ir svorio k\u0117limo mechanizmas. \u0160is treniruoklis puikiai tinka keturgalviams \u0161launies raumenims izoliuoti, tod\u0117l jis yra pagrindinis bet kurios koj\u0173 treniruot\u0117s elementas.\"},{\"@type\":\"BreadcrumbList\",\"@id\":\"https:\/\/gymfactory.eu\/lt\/produktas\/m8xx-koju-ilginimo-ir-lenkimo-masina\/#breadcrumb\",\"itemListElement\":[{\"@type\":\"ListItem\",\"position\":1,\"name\":\"Pagrindinis\",\"item\":\"https:\/\/gymfactory.eu\/lt\/\"},{\"@type\":\"ListItem\",\"position\":2,\"name\":\"Katalogas\",\"item\":\"https:\/\/gymfactory.eu\/lt\/katalogas\/\"},{\"@type\":\"ListItem\",\"position\":3,\"name\":\"M8XX Koj\u0173 tiesimo &#8211; lenkimo treniruoklis\"}]},{\"@type\":\"WebSite\",\"@id\":\"https:\/\/gymfactory.eu\/lt\/#website\",\"url\":\"https:\/\/gymfactory.eu\/lt\/\",\"name\":\"Gym Factory\",\"description\":\"\",\"publisher\":{\"@id\":\"https:\/\/gymfactory.eu\/lt\/#organization\"},\"potentialAction\":[{\"@type\":\"SearchAction\",\"target\":{\"@type\":\"EntryPoint\",\"urlTemplate\":\"https:\/\/gymfactory.eu\/lt\/?s={search_term_string}\"},\"query-input\":{\"@type\":\"PropertyValueSpecification\",\"valueRequired\":true,\"valueName\":\"search_term_string\"}}],\"inLanguage\":\"lt-LT\"},{\"@type\":\"Organization\",\"@id\":\"https:\/\/gymfactory.eu\/lt\/#organization\",\"name\":\"Sporto sal\u0117s gamykla\",\"url\":\"https:\/\/gymfactory.eu\/lt\/\",\"logo\":{\"@type\":\"ImageObject\",\"inLanguage\":\"lt-LT\",\"@id\":\"https:\/\/gymfactory.eu\/lt\/#\/schema\/logo\/image\/\",\"url\":\"https:\/\/gymfactory.eu\/wp-content\/uploads\/2024\/11\/Component-1.svg\",\"contentUrl\":\"https:\/\/gymfactory.eu\/wp-content\/uploads\/2024\/11\/Component-1.svg\",\"width\":54,\"height\":44,\"caption\":\"Sporto sal\u0117s gamykla\"},\"image\":{\"@id\":\"https:\/\/gymfactory.eu\/lt\/#\/schema\/logo\/image\/\"}}]}<\/script>\n<!-- \/ Yoast SEO plugin. -->","yoast_head_json":{"title":"M8XX koj\u0173 tiesimo ir lenkimo ma\u0161ina | Sukurta koj\u0173 treniruot\u0117ms","description":"Reikia vieno treniruoklio visoms koj\u0173 treniruot\u0117ms? M8XX koj\u0173 tiesimo ir lenkimo treniruoklis skirtas keturgalviams ir \u0161launies raumenims, o jo pasiprie\u0161inimas yra tolygiai reguliuojamas.","robots":{"index":"index","follow":"follow","max-snippet":"max-snippet:-1","max-image-preview":"max-image-preview:large","max-video-preview":"max-video-preview:-1"},"canonical":"https:\/\/gymfactory.eu\/lt\/produktas\/m8xx-koju-ilginimo-ir-lenkimo-masina\/","og_locale":"lt_LT","og_type":"article","og_title":"M8XX koj\u0173 tiesimo ir lenkimo ma\u0161ina | Sukurta koj\u0173 treniruot\u0117ms","og_description":"Reikia vieno treniruoklio visoms koj\u0173 treniruot\u0117ms? M8XX koj\u0173 tiesimo ir lenkimo treniruoklis skirtas keturgalviams ir \u0161launies raumenims, o jo pasiprie\u0161inimas yra tolygiai reguliuojamas.","og_url":"https:\/\/gymfactory.eu\/lt\/produktas\/m8xx-koju-ilginimo-ir-lenkimo-masina\/","og_site_name":"Gym Factory","article_modified_time":"2025-11-21T12:45:04+00:00","og_image":[{"width":1500,"height":1500,"url":"https:\/\/gymfactory.eu\/wp-content\/uploads\/2025\/02\/gym-machine-M8XX-leg-extension-side-view-1-1.webp","type":"image\/webp"}],"twitter_card":"summary_large_image","twitter_misc":{"Est. reading time":"1 minut\u0117"},"schema":{"@context":"https:\/\/schema.org","@graph":[{"@type":"WebPage","@id":"https:\/\/gymfactory.eu\/lt\/produktas\/m8xx-koju-ilginimo-ir-lenkimo-masina\/","url":"https:\/\/gymfactory.eu\/lt\/produktas\/m8xx-koju-ilginimo-ir-lenkimo-masina\/","name":"M8XX koj\u0173 tiesimo ir lenkimo ma\u0161ina | Sukurta koj\u0173 treniruot\u0117ms","isPartOf":{"@id":"https:\/\/gymfactory.eu\/lt\/#website"},"primaryImageOfPage":{"@id":"https:\/\/gymfactory.eu\/lt\/produktas\/m8xx-koju-ilginimo-ir-lenkimo-masina\/#primaryimage"},"image":{"@id":"https:\/\/gymfactory.eu\/lt\/produktas\/m8xx-koju-ilginimo-ir-lenkimo-masina\/#primaryimage"},"thumbnailUrl":"https:\/\/gymfactory.eu\/wp-content\/uploads\/2025\/02\/gym-machine-M8XX-leg-extension-side-view-1-1.webp","datePublished":"2025-02-03T08:55:16+00:00","dateModified":"2025-11-21T12:45:04+00:00","description":"Reikia vieno treniruoklio visoms koj\u0173 treniruot\u0117ms? M8XX koj\u0173 tiesimo ir lenkimo treniruoklis skirtas keturgalviams ir \u0161launies raumenims, o jo pasiprie\u0161inimas yra tolygiai reguliuojamas.","breadcrumb":{"@id":"https:\/\/gymfactory.eu\/lt\/produktas\/m8xx-koju-ilginimo-ir-lenkimo-masina\/#breadcrumb"},"inLanguage":"lt-LT","potentialAction":[{"@type":"ReadAction","target":["https:\/\/gymfactory.eu\/lt\/produktas\/m8xx-koju-ilginimo-ir-lenkimo-masina\/"]}]},{"@type":"ImageObject","inLanguage":"lt-LT","@id":"https:\/\/gymfactory.eu\/lt\/produktas\/m8xx-koju-ilginimo-ir-lenkimo-masina\/#primaryimage","url":"https:\/\/gymfactory.eu\/wp-content\/uploads\/2025\/02\/gym-machine-M8XX-leg-extension-side-view-1-1.webp","contentUrl":"https:\/\/gymfactory.eu\/wp-content\/uploads\/2025\/02\/gym-machine-M8XX-leg-extension-side-view-1-1.webp","width":1500,"height":1500,"caption":"Koj\u0173 ilginimo treniruoklio nuotraukoje i\u0161 \u0161ono matyti ergonomi\u0161ka s\u0117dyn\u0117, pamink\u0161tinta atrama ir svorio k\u0117limo mechanizmas. \u0160is treniruoklis puikiai tinka keturgalviams \u0161launies raumenims izoliuoti, tod\u0117l jis yra pagrindinis bet kurios koj\u0173 treniruot\u0117s elementas."},{"@type":"BreadcrumbList","@id":"https:\/\/gymfactory.eu\/lt\/produktas\/m8xx-koju-ilginimo-ir-lenkimo-masina\/#breadcrumb","itemListElement":[{"@type":"ListItem","position":1,"name":"Pagrindinis","item":"https:\/\/gymfactory.eu\/lt\/"},{"@type":"ListItem","position":2,"name":"Katalogas","item":"https:\/\/gymfactory.eu\/lt\/katalogas\/"},{"@type":"ListItem","position":3,"name":"M8XX Koj\u0173 tiesimo &#8211; lenkimo treniruoklis"}]},{"@type":"WebSite","@id":"https:\/\/gymfactory.eu\/lt\/#website","url":"https:\/\/gymfactory.eu\/lt\/","name":"Gym Factory","description":"","publisher":{"@id":"https:\/\/gymfactory.eu\/lt\/#organization"},"potentialAction":[{"@type":"SearchAction","target":{"@type":"EntryPoint","urlTemplate":"https:\/\/gymfactory.eu\/lt\/?s={search_term_string}"},"query-input":{"@type":"PropertyValueSpecification","valueRequired":true,"valueName":"search_term_string"}}],"inLanguage":"lt-LT"},{"@type":"Organization","@id":"https:\/\/gymfactory.eu\/lt\/#organization","name":"Sporto sal\u0117s gamykla","url":"https:\/\/gymfactory.eu\/lt\/","logo":{"@type":"ImageObject","inLanguage":"lt-LT","@id":"https:\/\/gymfactory.eu\/lt\/#\/schema\/logo\/image\/","url":"https:\/\/gymfactory.eu\/wp-content\/uploads\/2024\/11\/Component-1.svg","contentUrl":"https:\/\/gymfactory.eu\/wp-content\/uploads\/2024\/11\/Component-1.svg","width":54,"height":44,"caption":"Sporto sal\u0117s gamykla"},"image":{"@id":"https:\/\/gymfactory.eu\/lt\/#\/schema\/logo\/image\/"}}]}},"_links":{"self":[{"href":"https:\/\/gymfactory.eu\/lt\/wp-json\/wp\/v2\/product\/10138","targetHints":{"allow":["GET"]}}],"collection":[{"href":"https:\/\/gymfactory.eu\/lt\/wp-json\/wp\/v2\/product"}],"about":[{"href":"https:\/\/gymfactory.eu\/lt\/wp-json\/wp\/v2\/types\/product"}],"wp:featuredmedia":[{"embeddable":true,"href":"https:\/\/gymfactory.eu\/lt\/wp-json\/wp\/v2\/media\/8596"}],"wp:attachment":[{"href":"https:\/\/gymfactory.eu\/lt\/wp-json\/wp\/v2\/media?parent=10138"}],"wp:term":[{"taxonomy":"product_brand","embeddable":true,"href":"https:\/\/gymfactory.eu\/lt\/wp-json\/wp\/v2\/product_brand?post=10138"},{"taxonomy":"product_cat","embeddable":true,"href":"https:\/\/gymfactory.eu\/lt\/wp-json\/wp\/v2\/product_cat?post=10138"},{"taxonomy":"product_tag","embeddable":true,"href":"https:\/\/gymfactory.eu\/lt\/wp-json\/wp\/v2\/product_tag?post=10138"}],"curies":[{"name":"wp","href":"https:\/\/api.w.org\/{rel}","templated":true}]}}