{"id":10135,"date":"2025-02-03T08:58:50","date_gmt":"2025-02-03T06:58:50","guid":{"rendered":"https:\/\/gymfactory.eu\/product\/l8xx-lat-pulldown-masina\/"},"modified":"2025-11-21T14:27:30","modified_gmt":"2025-11-21T12:27:30","slug":"l8xx-lat-pulldown-masina","status":"publish","type":"product","link":"https:\/\/gymfactory.eu\/lt\/produktas\/l8xx-lat-pulldown-masina\/","title":{"rendered":"L8XX Nugaros treniruoklis &#8211; vertikali trauka"},"content":{"rendered":"<p>L8XX nugaros ir traukos i\u0161 vir\u0161aus treniruoklis sukurtas tikslingai vir\u0161utin\u0117s k\u016bno dalies treniruotei tiek nam\u0173, tiek komercin\u0117je sporto aplinkoje. Tvirta konstrukcija ir sklandus veikimas leid\u017eia atlikti traukos judesius tiksliai, stabiliai ir koordinuotai.<\/p>\n<p>Treniruoklis skirtas vir\u0161utin\u0117s traukos pratimams, stiprinantiems nugar\u0105, rankas ir galinius delt\u0173 raumenis. D\u0117l traukos trajektorijos, einan\u010dios \u0161iek tiek i\u0161 priekio, daugiau kr\u016bvio tenka apatinei nugaros daliai, ypa\u010d apatinei pla\u010diojo nugaros raumens sri\u010diai. Tai padeda pilniau \u012ftraukti traukos raumenis per vis\u0105 judesio amplitud\u0119.<\/p>\n<p>Treniruoklis turi laisvai judan\u010dias 360\u00b0 kampu besisukan\u010dias rankenas, kurios prisitaiko prie nat\u016bralaus judesio. Reguliuojamas s\u0117dyn\u0117s auk\u0161tis ir \u0161laun\u0173 fiksavimo pagalv\u0117l\u0117 u\u017etikrina taisykling\u0105 k\u016bno pad\u0117t\u012f ir stabilum\u0105 visos treniruot\u0117s metu.<\/p>\n<p>L8XX \u2013 tai patikimas pasirinkimas norintiems lavinti vir\u0161utin\u0119 k\u016bno dal\u012f su skland\u017eiu judesiu ir lanks\u010diu, individualiai prisitaikan\u010diu mechanizmu.<\/p>\n\n    <div class=\"xs_social_share_widget xs_share_url after_content \t\tmain_content  wslu-style-1 wslu-share-box-shaped wslu-fill-colored wslu-none wslu-share-horizontal wslu-theme-font-no wslu-main_content\">\n\n\t\t\n        <ul>\n\t\t\t        <\/ul>\n    <\/div> \n","protected":false},"excerpt":{"rendered":"<p>L8XX nugaros ir traukos i\u0161 vir\u0161aus treniruoklis sukurtas tikslingai vir\u0161utin\u0117s k\u016bno dalies treniruotei tiek nam\u0173, tiek komercin\u0117je sporto aplinkoje. Tvirta konstrukcija ir sklandus veikimas leid\u017eia atlikti traukos judesius tiksliai, stabiliai ir koordinuotai. Treniruoklis skirtas vir\u0161utin\u0117s traukos pratimams, stiprinantiems nugar\u0105, rankas ir galinius delt\u0173 raumenis. D\u0117l traukos trajektorijos, einan\u010dios \u0161iek tiek i\u0161 priekio, daugiau kr\u016bvio tenka [&hellip;]<\/p>\n","protected":false},"featured_media":8253,"template":"","meta":{"_acf_changed":false},"product_brand":[817],"product_cat":[421],"product_tag":[],"class_list":{"0":"post-10135","1":"product","2":"type-product","3":"status-publish","4":"has-post-thumbnail","6":"product_brand-gym-factory-lt","7":"product_cat-laisvu-svoriu-treniruokliai","9":"first","10":"onbackorder","11":"taxable","12":"shipping-taxable","13":"purchasable","14":"product-type-variable","15":"has-default-attributes"},"acf":[],"yoast_head":"<!-- This site is optimized with the Yoast SEO plugin v25.2 - https:\/\/yoast.com\/wordpress\/plugins\/seo\/ -->\n<title>L8XX Lat Pulldown Machine | \u012eranga, skirta stiprinti liemens raumenis<\/title>\n<meta name=\"description\" content=\"Norite sustiprinti sprand\u0105? L8XX Lat Pulldown Machine - tai j\u0117gos treniruokliai, skirti skland\u017eiam jud\u0117jimui ir galingoms nugaros treniruot\u0117ms.\" \/>\n<meta name=\"robots\" content=\"index, follow, max-snippet:-1, max-image-preview:large, max-video-preview:-1\" \/>\n<link rel=\"canonical\" href=\"https:\/\/gymfactory.eu\/lt\/produktas\/l8xx-lat-pulldown-masina\/\" \/>\n<meta property=\"og:locale\" content=\"lt_LT\" \/>\n<meta property=\"og:type\" content=\"article\" \/>\n<meta property=\"og:title\" content=\"L8XX Lat Pulldown Machine | \u012eranga, skirta stiprinti liemens raumenis\" \/>\n<meta property=\"og:description\" content=\"Norite sustiprinti sprand\u0105? L8XX Lat Pulldown Machine - tai j\u0117gos treniruokliai, skirti skland\u017eiam jud\u0117jimui ir galingoms nugaros treniruot\u0117ms.\" \/>\n<meta property=\"og:url\" content=\"https:\/\/gymfactory.eu\/lt\/produktas\/l8xx-lat-pulldown-masina\/\" \/>\n<meta property=\"og:site_name\" content=\"Gym Factory\" \/>\n<meta property=\"article:modified_time\" content=\"2025-11-21T12:27:30+00:00\" \/>\n<meta property=\"og:image\" content=\"https:\/\/gymfactory.eu\/wp-content\/uploads\/2025\/02\/gym-machine-L8XX-lat-pulldown-full-side-view-1.webp\" \/>\n\t<meta property=\"og:image:width\" content=\"1500\" \/>\n\t<meta property=\"og:image:height\" content=\"1500\" \/>\n\t<meta property=\"og:image:type\" content=\"image\/webp\" \/>\n<meta name=\"twitter:card\" content=\"summary_large_image\" \/>\n<meta name=\"twitter:label1\" content=\"Est. reading time\" \/>\n\t<meta name=\"twitter:data1\" content=\"1 minut\u0117\" \/>\n<script type=\"application\/ld+json\" class=\"yoast-schema-graph\">{\"@context\":\"https:\/\/schema.org\",\"@graph\":[{\"@type\":\"WebPage\",\"@id\":\"https:\/\/gymfactory.eu\/lt\/produktas\/l8xx-lat-pulldown-masina\/\",\"url\":\"https:\/\/gymfactory.eu\/lt\/produktas\/l8xx-lat-pulldown-masina\/\",\"name\":\"L8XX Lat Pulldown Machine | \u012eranga, skirta stiprinti liemens raumenis\",\"isPartOf\":{\"@id\":\"https:\/\/gymfactory.eu\/lt\/#website\"},\"primaryImageOfPage\":{\"@id\":\"https:\/\/gymfactory.eu\/lt\/produktas\/l8xx-lat-pulldown-masina\/#primaryimage\"},\"image\":{\"@id\":\"https:\/\/gymfactory.eu\/lt\/produktas\/l8xx-lat-pulldown-masina\/#primaryimage\"},\"thumbnailUrl\":\"https:\/\/gymfactory.eu\/wp-content\/uploads\/2025\/02\/gym-machine-L8XX-lat-pulldown-full-side-view-1.webp\",\"datePublished\":\"2025-02-03T06:58:50+00:00\",\"dateModified\":\"2025-11-21T12:27:30+00:00\",\"description\":\"Norite sustiprinti sprand\u0105? L8XX Lat Pulldown Machine - tai j\u0117gos treniruokliai, skirti skland\u017eiam jud\u0117jimui ir galingoms nugaros treniruot\u0117ms.\",\"breadcrumb\":{\"@id\":\"https:\/\/gymfactory.eu\/lt\/produktas\/l8xx-lat-pulldown-masina\/#breadcrumb\"},\"inLanguage\":\"lt-LT\",\"potentialAction\":[{\"@type\":\"ReadAction\",\"target\":[\"https:\/\/gymfactory.eu\/lt\/produktas\/l8xx-lat-pulldown-masina\/\"]}]},{\"@type\":\"ImageObject\",\"inLanguage\":\"lt-LT\",\"@id\":\"https:\/\/gymfactory.eu\/lt\/produktas\/l8xx-lat-pulldown-masina\/#primaryimage\",\"url\":\"https:\/\/gymfactory.eu\/wp-content\/uploads\/2025\/02\/gym-machine-L8XX-lat-pulldown-full-side-view-1.webp\",\"contentUrl\":\"https:\/\/gymfactory.eu\/wp-content\/uploads\/2025\/02\/gym-machine-L8XX-lat-pulldown-full-side-view-1.webp\",\"width\":1500,\"height\":1500,\"caption\":\"Profesionalaus vir\u0161utin\u0117s k\u016bno dalies j\u0117gos treniruoklio, skirto vir\u0161utinei k\u016bno daliai treniruoti, vaizdas i\u0161 \u0161ono. Juodas plieninis r\u0117mas pagamintas d\u0117l patvarumo, turi reguliuojam\u0105 s\u0117dyn\u0119 su patogiai pamink\u0161tinta atrama. Dvigubi kabelio skriemuliai u\u017etikrina skland\u0173 jud\u0117jim\u0105, o plok\u0161teli\u0173 svori\u0173 sistema leid\u017eia pritaikyti pasiprie\u0161inim\u0105. \u0160is treniruoklis skirtas nugaros ir pe\u010di\u0173 raumenims, atliekant kontroliuojamas ir veiksmingas treniruotes.\"},{\"@type\":\"BreadcrumbList\",\"@id\":\"https:\/\/gymfactory.eu\/lt\/produktas\/l8xx-lat-pulldown-masina\/#breadcrumb\",\"itemListElement\":[{\"@type\":\"ListItem\",\"position\":1,\"name\":\"Pagrindinis\",\"item\":\"https:\/\/gymfactory.eu\/lt\/\"},{\"@type\":\"ListItem\",\"position\":2,\"name\":\"Katalogas\",\"item\":\"https:\/\/gymfactory.eu\/lt\/katalogas\/\"},{\"@type\":\"ListItem\",\"position\":3,\"name\":\"L8XX Nugaros treniruoklis &#8211; vertikali trauka\"}]},{\"@type\":\"WebSite\",\"@id\":\"https:\/\/gymfactory.eu\/lt\/#website\",\"url\":\"https:\/\/gymfactory.eu\/lt\/\",\"name\":\"Gym Factory\",\"description\":\"\",\"publisher\":{\"@id\":\"https:\/\/gymfactory.eu\/lt\/#organization\"},\"potentialAction\":[{\"@type\":\"SearchAction\",\"target\":{\"@type\":\"EntryPoint\",\"urlTemplate\":\"https:\/\/gymfactory.eu\/lt\/?s={search_term_string}\"},\"query-input\":{\"@type\":\"PropertyValueSpecification\",\"valueRequired\":true,\"valueName\":\"search_term_string\"}}],\"inLanguage\":\"lt-LT\"},{\"@type\":\"Organization\",\"@id\":\"https:\/\/gymfactory.eu\/lt\/#organization\",\"name\":\"Sporto sal\u0117s gamykla\",\"url\":\"https:\/\/gymfactory.eu\/lt\/\",\"logo\":{\"@type\":\"ImageObject\",\"inLanguage\":\"lt-LT\",\"@id\":\"https:\/\/gymfactory.eu\/lt\/#\/schema\/logo\/image\/\",\"url\":\"https:\/\/gymfactory.eu\/wp-content\/uploads\/2024\/11\/Component-1.svg\",\"contentUrl\":\"https:\/\/gymfactory.eu\/wp-content\/uploads\/2024\/11\/Component-1.svg\",\"width\":54,\"height\":44,\"caption\":\"Sporto sal\u0117s gamykla\"},\"image\":{\"@id\":\"https:\/\/gymfactory.eu\/lt\/#\/schema\/logo\/image\/\"}}]}<\/script>\n<!-- \/ Yoast SEO plugin. -->","yoast_head_json":{"title":"L8XX Lat Pulldown Machine | \u012eranga, skirta stiprinti liemens raumenis","description":"Norite sustiprinti sprand\u0105? L8XX Lat Pulldown Machine - tai j\u0117gos treniruokliai, skirti skland\u017eiam jud\u0117jimui ir galingoms nugaros treniruot\u0117ms.","robots":{"index":"index","follow":"follow","max-snippet":"max-snippet:-1","max-image-preview":"max-image-preview:large","max-video-preview":"max-video-preview:-1"},"canonical":"https:\/\/gymfactory.eu\/lt\/produktas\/l8xx-lat-pulldown-masina\/","og_locale":"lt_LT","og_type":"article","og_title":"L8XX Lat Pulldown Machine | \u012eranga, skirta stiprinti liemens raumenis","og_description":"Norite sustiprinti sprand\u0105? L8XX Lat Pulldown Machine - tai j\u0117gos treniruokliai, skirti skland\u017eiam jud\u0117jimui ir galingoms nugaros treniruot\u0117ms.","og_url":"https:\/\/gymfactory.eu\/lt\/produktas\/l8xx-lat-pulldown-masina\/","og_site_name":"Gym Factory","article_modified_time":"2025-11-21T12:27:30+00:00","og_image":[{"width":1500,"height":1500,"url":"https:\/\/gymfactory.eu\/wp-content\/uploads\/2025\/02\/gym-machine-L8XX-lat-pulldown-full-side-view-1.webp","type":"image\/webp"}],"twitter_card":"summary_large_image","twitter_misc":{"Est. reading time":"1 minut\u0117"},"schema":{"@context":"https:\/\/schema.org","@graph":[{"@type":"WebPage","@id":"https:\/\/gymfactory.eu\/lt\/produktas\/l8xx-lat-pulldown-masina\/","url":"https:\/\/gymfactory.eu\/lt\/produktas\/l8xx-lat-pulldown-masina\/","name":"L8XX Lat Pulldown Machine | \u012eranga, skirta stiprinti liemens raumenis","isPartOf":{"@id":"https:\/\/gymfactory.eu\/lt\/#website"},"primaryImageOfPage":{"@id":"https:\/\/gymfactory.eu\/lt\/produktas\/l8xx-lat-pulldown-masina\/#primaryimage"},"image":{"@id":"https:\/\/gymfactory.eu\/lt\/produktas\/l8xx-lat-pulldown-masina\/#primaryimage"},"thumbnailUrl":"https:\/\/gymfactory.eu\/wp-content\/uploads\/2025\/02\/gym-machine-L8XX-lat-pulldown-full-side-view-1.webp","datePublished":"2025-02-03T06:58:50+00:00","dateModified":"2025-11-21T12:27:30+00:00","description":"Norite sustiprinti sprand\u0105? L8XX Lat Pulldown Machine - tai j\u0117gos treniruokliai, skirti skland\u017eiam jud\u0117jimui ir galingoms nugaros treniruot\u0117ms.","breadcrumb":{"@id":"https:\/\/gymfactory.eu\/lt\/produktas\/l8xx-lat-pulldown-masina\/#breadcrumb"},"inLanguage":"lt-LT","potentialAction":[{"@type":"ReadAction","target":["https:\/\/gymfactory.eu\/lt\/produktas\/l8xx-lat-pulldown-masina\/"]}]},{"@type":"ImageObject","inLanguage":"lt-LT","@id":"https:\/\/gymfactory.eu\/lt\/produktas\/l8xx-lat-pulldown-masina\/#primaryimage","url":"https:\/\/gymfactory.eu\/wp-content\/uploads\/2025\/02\/gym-machine-L8XX-lat-pulldown-full-side-view-1.webp","contentUrl":"https:\/\/gymfactory.eu\/wp-content\/uploads\/2025\/02\/gym-machine-L8XX-lat-pulldown-full-side-view-1.webp","width":1500,"height":1500,"caption":"Profesionalaus vir\u0161utin\u0117s k\u016bno dalies j\u0117gos treniruoklio, skirto vir\u0161utinei k\u016bno daliai treniruoti, vaizdas i\u0161 \u0161ono. Juodas plieninis r\u0117mas pagamintas d\u0117l patvarumo, turi reguliuojam\u0105 s\u0117dyn\u0119 su patogiai pamink\u0161tinta atrama. Dvigubi kabelio skriemuliai u\u017etikrina skland\u0173 jud\u0117jim\u0105, o plok\u0161teli\u0173 svori\u0173 sistema leid\u017eia pritaikyti pasiprie\u0161inim\u0105. \u0160is treniruoklis skirtas nugaros ir pe\u010di\u0173 raumenims, atliekant kontroliuojamas ir veiksmingas treniruotes."},{"@type":"BreadcrumbList","@id":"https:\/\/gymfactory.eu\/lt\/produktas\/l8xx-lat-pulldown-masina\/#breadcrumb","itemListElement":[{"@type":"ListItem","position":1,"name":"Pagrindinis","item":"https:\/\/gymfactory.eu\/lt\/"},{"@type":"ListItem","position":2,"name":"Katalogas","item":"https:\/\/gymfactory.eu\/lt\/katalogas\/"},{"@type":"ListItem","position":3,"name":"L8XX Nugaros treniruoklis &#8211; vertikali trauka"}]},{"@type":"WebSite","@id":"https:\/\/gymfactory.eu\/lt\/#website","url":"https:\/\/gymfactory.eu\/lt\/","name":"Gym Factory","description":"","publisher":{"@id":"https:\/\/gymfactory.eu\/lt\/#organization"},"potentialAction":[{"@type":"SearchAction","target":{"@type":"EntryPoint","urlTemplate":"https:\/\/gymfactory.eu\/lt\/?s={search_term_string}"},"query-input":{"@type":"PropertyValueSpecification","valueRequired":true,"valueName":"search_term_string"}}],"inLanguage":"lt-LT"},{"@type":"Organization","@id":"https:\/\/gymfactory.eu\/lt\/#organization","name":"Sporto sal\u0117s gamykla","url":"https:\/\/gymfactory.eu\/lt\/","logo":{"@type":"ImageObject","inLanguage":"lt-LT","@id":"https:\/\/gymfactory.eu\/lt\/#\/schema\/logo\/image\/","url":"https:\/\/gymfactory.eu\/wp-content\/uploads\/2024\/11\/Component-1.svg","contentUrl":"https:\/\/gymfactory.eu\/wp-content\/uploads\/2024\/11\/Component-1.svg","width":54,"height":44,"caption":"Sporto sal\u0117s gamykla"},"image":{"@id":"https:\/\/gymfactory.eu\/lt\/#\/schema\/logo\/image\/"}}]}},"_links":{"self":[{"href":"https:\/\/gymfactory.eu\/lt\/wp-json\/wp\/v2\/product\/10135","targetHints":{"allow":["GET"]}}],"collection":[{"href":"https:\/\/gymfactory.eu\/lt\/wp-json\/wp\/v2\/product"}],"about":[{"href":"https:\/\/gymfactory.eu\/lt\/wp-json\/wp\/v2\/types\/product"}],"wp:featuredmedia":[{"embeddable":true,"href":"https:\/\/gymfactory.eu\/lt\/wp-json\/wp\/v2\/media\/8253"}],"wp:attachment":[{"href":"https:\/\/gymfactory.eu\/lt\/wp-json\/wp\/v2\/media?parent=10135"}],"wp:term":[{"taxonomy":"product_brand","embeddable":true,"href":"https:\/\/gymfactory.eu\/lt\/wp-json\/wp\/v2\/product_brand?post=10135"},{"taxonomy":"product_cat","embeddable":true,"href":"https:\/\/gymfactory.eu\/lt\/wp-json\/wp\/v2\/product_cat?post=10135"},{"taxonomy":"product_tag","embeddable":true,"href":"https:\/\/gymfactory.eu\/lt\/wp-json\/wp\/v2\/product_tag?post=10135"}],"curies":[{"name":"wp","href":"https:\/\/api.w.org\/{rel}","templated":true}]}}