{"id":10130,"date":"2025-02-03T10:33:31","date_gmt":"2025-02-03T08:33:31","guid":{"rendered":"https:\/\/gymfactory.eu\/product\/m5x-sedimoji-eilute-ir-lat-pulldown-masina\/"},"modified":"2025-11-21T14:43:35","modified_gmt":"2025-11-21T12:43:35","slug":"m5x-sedimoji-eilute-ir-lat-pulldown-masina","status":"publish","type":"product","link":"https:\/\/gymfactory.eu\/lt\/produktas\/m5x-sedimoji-eilute-ir-lat-pulldown-masina\/","title":{"rendered":"M5X Nugaros treniruoklis &#8211; horizontali ir vertikali trauka"},"content":{"rendered":"<p>M5X treniruoklis sujungia dvi svarbiausias traukos funkcijas viename \u012frenginyje \u2013 vertikali ir horizontali trauka. Tai prakti\u0161kas sprendimas tiek profesionalioms sporto sal\u0117ms, tiek nam\u0173 treniruot\u0117ms, kai reikalinga daugiafunkcin\u0117, viet\u0105 taupanti \u012franga. Tvirta tros\u0173 sistema u\u017etikrina skland\u0173 veikim\u0105 tiek vertikaliems, tiek horizontaliems traukos judesiams.<\/p>\n<p>Atliekant traukas vir\u0161 galvos galima naudoti plat\u0173 arba siaur\u0105 su\u0117mim\u0105, pagrindinis kr\u016bvis tenka nugarai, papildomai \u012ftraukiami rank\u0173 ir galini\u0173 delt\u0173 raumenys. S\u0117dima trauka labiau akcentuoja vidurin\u0119 nugaros dal\u012f ir bicepsus, tod\u0117l treniruot\u0117 tampa pilnesn\u0117 ir labiau subalansuota vir\u0161utinei k\u016bno daliai lavinti.<\/p>\n<p>Nors s\u0117dyn\u0117s auk\u0161tis yra fiksuotas, reguliuojamos \u0161laun\u0173 fiksavimo pagalv\u0117l\u0117s ir koj\u0173 atramos pad\u0117tis leid\u017eia prisitaikyti prie skirting\u0173 naudotoj\u0173 ir u\u017etikrina taisykling\u0105 k\u016bno pad\u0117t\u012f. Treniruoklis komplektuojamas su plataus ir siauro su\u0117mimo rankenomis, o maksimaliai treniruo\u010di\u0173 \u012fvairovei rekomenduojame papildomai \u012fsigyti <a href=\"https:\/\/gymfactory.eu\/lt\/produktas\/w10-ivairiu-rankenu-rinkinys\/\" target=\"_blank\" rel=\"noopener\">W10 daugiafunkc\u012f ranken\u0173 rinkin\u012f<\/a> \u2013 jis leid\u017eia tiksliau nukreipti kr\u016bv\u012f \u012f konkre\u010dias raumen\u0173 grupes.<\/p>\n<p>M5X \u2013 tai funkcionalus, patikimas ir universalus sprendimas visapusei vir\u0161utin\u0117s k\u016bno dalies treniruotei.<\/p>\n\n    <div class=\"xs_social_share_widget xs_share_url after_content \t\tmain_content  wslu-style-1 wslu-share-box-shaped wslu-fill-colored wslu-none wslu-share-horizontal wslu-theme-font-no wslu-main_content\">\n\n\t\t\n        <ul>\n\t\t\t        <\/ul>\n    <\/div> \n","protected":false},"excerpt":{"rendered":"<p>M5X treniruoklis sujungia dvi svarbiausias traukos funkcijas viename \u012frenginyje \u2013 vertikali ir horizontali trauka. Tai prakti\u0161kas sprendimas tiek profesionalioms sporto sal\u0117ms, tiek nam\u0173 treniruot\u0117ms, kai reikalinga daugiafunkcin\u0117, viet\u0105 taupanti \u012franga. Tvirta tros\u0173 sistema u\u017etikrina skland\u0173 veikim\u0105 tiek vertikaliems, tiek horizontaliems traukos judesiams. Atliekant traukas vir\u0161 galvos galima naudoti plat\u0173 arba siaur\u0105 su\u0117mim\u0105, pagrindinis kr\u016bvis tenka [&hellip;]<\/p>\n","protected":false},"featured_media":27782,"template":"","meta":{"_acf_changed":false},"product_brand":[817],"product_cat":[421],"product_tag":[],"class_list":{"0":"post-10130","1":"product","2":"type-product","3":"status-publish","4":"has-post-thumbnail","6":"product_brand-gym-factory-lt","7":"product_cat-laisvu-svoriu-treniruokliai","9":"first","10":"onbackorder","11":"taxable","12":"shipping-taxable","13":"purchasable","14":"product-type-variable","15":"has-default-attributes"},"acf":[],"yoast_head":"<!-- This site is optimized with the Yoast SEO plugin v25.2 - https:\/\/yoast.com\/wordpress\/plugins\/seo\/ -->\n<title>&quot;M5X&quot; s\u0117dim\u0173j\u0173 eili\u0173 ir Lat Pulldown ma\u0161ina j\u0117gos treniruot\u0117ms<\/title>\n<meta name=\"description\" content=\"Reikia universalios nugaros ma\u0161inos? M5X treniruoklyje derinamos lat pulldown ir s\u0117dimos eilut\u0117s funkcijos, kad b\u016bt\u0173 galima efektyviai treniruoti j\u0117g\u0105 ir lavinti vir\u0161utin\u0119 k\u016bno dal\u012f.\" \/>\n<meta name=\"robots\" content=\"index, follow, max-snippet:-1, max-image-preview:large, max-video-preview:-1\" \/>\n<link rel=\"canonical\" href=\"https:\/\/gymfactory.eu\/lt\/produktas\/m5x-sedimoji-eilute-ir-lat-pulldown-masina\/\" \/>\n<meta property=\"og:locale\" content=\"lt_LT\" \/>\n<meta property=\"og:type\" content=\"article\" \/>\n<meta property=\"og:title\" content=\"&quot;M5X&quot; s\u0117dim\u0173j\u0173 eili\u0173 ir Lat Pulldown ma\u0161ina j\u0117gos treniruot\u0117ms\" \/>\n<meta property=\"og:description\" content=\"Reikia universalios nugaros ma\u0161inos? M5X treniruoklyje derinamos lat pulldown ir s\u0117dimos eilut\u0117s funkcijos, kad b\u016bt\u0173 galima efektyviai treniruoti j\u0117g\u0105 ir lavinti vir\u0161utin\u0119 k\u016bno dal\u012f.\" \/>\n<meta property=\"og:url\" content=\"https:\/\/gymfactory.eu\/lt\/produktas\/m5x-sedimoji-eilute-ir-lat-pulldown-masina\/\" \/>\n<meta property=\"og:site_name\" content=\"Gym Factory\" \/>\n<meta property=\"article:modified_time\" content=\"2025-11-21T12:43:35+00:00\" \/>\n<meta property=\"og:image\" content=\"https:\/\/gymfactory.eu\/wp-content\/uploads\/2025\/02\/gym-machine-M5X-lat-pulldown-seated-row-1.webp\" \/>\n\t<meta property=\"og:image:width\" content=\"1500\" \/>\n\t<meta property=\"og:image:height\" content=\"1500\" \/>\n\t<meta property=\"og:image:type\" content=\"image\/webp\" \/>\n<meta name=\"twitter:card\" content=\"summary_large_image\" \/>\n<meta name=\"twitter:label1\" content=\"Est. reading time\" \/>\n\t<meta name=\"twitter:data1\" content=\"1 minut\u0117\" \/>\n<script type=\"application\/ld+json\" class=\"yoast-schema-graph\">{\"@context\":\"https:\/\/schema.org\",\"@graph\":[{\"@type\":\"WebPage\",\"@id\":\"https:\/\/gymfactory.eu\/lt\/produktas\/m5x-sedimoji-eilute-ir-lat-pulldown-masina\/\",\"url\":\"https:\/\/gymfactory.eu\/lt\/produktas\/m5x-sedimoji-eilute-ir-lat-pulldown-masina\/\",\"name\":\"\\\"M5X\\\" s\u0117dim\u0173j\u0173 eili\u0173 ir Lat Pulldown ma\u0161ina j\u0117gos treniruot\u0117ms\",\"isPartOf\":{\"@id\":\"https:\/\/gymfactory.eu\/lt\/#website\"},\"primaryImageOfPage\":{\"@id\":\"https:\/\/gymfactory.eu\/lt\/produktas\/m5x-sedimoji-eilute-ir-lat-pulldown-masina\/#primaryimage\"},\"image\":{\"@id\":\"https:\/\/gymfactory.eu\/lt\/produktas\/m5x-sedimoji-eilute-ir-lat-pulldown-masina\/#primaryimage\"},\"thumbnailUrl\":\"https:\/\/gymfactory.eu\/wp-content\/uploads\/2025\/02\/M5X-s.webp\",\"datePublished\":\"2025-02-03T08:33:31+00:00\",\"dateModified\":\"2025-11-21T12:43:35+00:00\",\"description\":\"Reikia universalios nugaros ma\u0161inos? M5X treniruoklyje derinamos lat pulldown ir s\u0117dimos eilut\u0117s funkcijos, kad b\u016bt\u0173 galima efektyviai treniruoti j\u0117g\u0105 ir lavinti vir\u0161utin\u0119 k\u016bno dal\u012f.\",\"breadcrumb\":{\"@id\":\"https:\/\/gymfactory.eu\/lt\/produktas\/m5x-sedimoji-eilute-ir-lat-pulldown-masina\/#breadcrumb\"},\"inLanguage\":\"lt-LT\",\"potentialAction\":[{\"@type\":\"ReadAction\",\"target\":[\"https:\/\/gymfactory.eu\/lt\/produktas\/m5x-sedimoji-eilute-ir-lat-pulldown-masina\/\"]}]},{\"@type\":\"ImageObject\",\"inLanguage\":\"lt-LT\",\"@id\":\"https:\/\/gymfactory.eu\/lt\/produktas\/m5x-sedimoji-eilute-ir-lat-pulldown-masina\/#primaryimage\",\"url\":\"https:\/\/gymfactory.eu\/wp-content\/uploads\/2025\/02\/M5X-s.webp\",\"contentUrl\":\"https:\/\/gymfactory.eu\/wp-content\/uploads\/2025\/02\/M5X-s.webp\",\"width\":1500,\"height\":1500,\"caption\":\"Seated Row and Lat Pulldown Machine\"},{\"@type\":\"BreadcrumbList\",\"@id\":\"https:\/\/gymfactory.eu\/lt\/produktas\/m5x-sedimoji-eilute-ir-lat-pulldown-masina\/#breadcrumb\",\"itemListElement\":[{\"@type\":\"ListItem\",\"position\":1,\"name\":\"Pagrindinis\",\"item\":\"https:\/\/gymfactory.eu\/lt\/\"},{\"@type\":\"ListItem\",\"position\":2,\"name\":\"Katalogas\",\"item\":\"https:\/\/gymfactory.eu\/lt\/katalogas\/\"},{\"@type\":\"ListItem\",\"position\":3,\"name\":\"M5X Nugaros treniruoklis &#8211; horizontali ir vertikali trauka\"}]},{\"@type\":\"WebSite\",\"@id\":\"https:\/\/gymfactory.eu\/lt\/#website\",\"url\":\"https:\/\/gymfactory.eu\/lt\/\",\"name\":\"Gym Factory\",\"description\":\"\",\"publisher\":{\"@id\":\"https:\/\/gymfactory.eu\/lt\/#organization\"},\"potentialAction\":[{\"@type\":\"SearchAction\",\"target\":{\"@type\":\"EntryPoint\",\"urlTemplate\":\"https:\/\/gymfactory.eu\/lt\/?s={search_term_string}\"},\"query-input\":{\"@type\":\"PropertyValueSpecification\",\"valueRequired\":true,\"valueName\":\"search_term_string\"}}],\"inLanguage\":\"lt-LT\"},{\"@type\":\"Organization\",\"@id\":\"https:\/\/gymfactory.eu\/lt\/#organization\",\"name\":\"Sporto sal\u0117s gamykla\",\"url\":\"https:\/\/gymfactory.eu\/lt\/\",\"logo\":{\"@type\":\"ImageObject\",\"inLanguage\":\"lt-LT\",\"@id\":\"https:\/\/gymfactory.eu\/lt\/#\/schema\/logo\/image\/\",\"url\":\"https:\/\/gymfactory.eu\/wp-content\/uploads\/2024\/11\/Component-1.svg\",\"contentUrl\":\"https:\/\/gymfactory.eu\/wp-content\/uploads\/2024\/11\/Component-1.svg\",\"width\":54,\"height\":44,\"caption\":\"Sporto sal\u0117s gamykla\"},\"image\":{\"@id\":\"https:\/\/gymfactory.eu\/lt\/#\/schema\/logo\/image\/\"}}]}<\/script>\n<!-- \/ Yoast SEO plugin. -->","yoast_head_json":{"title":"\"M5X\" s\u0117dim\u0173j\u0173 eili\u0173 ir Lat Pulldown ma\u0161ina j\u0117gos treniruot\u0117ms","description":"Reikia universalios nugaros ma\u0161inos? M5X treniruoklyje derinamos lat pulldown ir s\u0117dimos eilut\u0117s funkcijos, kad b\u016bt\u0173 galima efektyviai treniruoti j\u0117g\u0105 ir lavinti vir\u0161utin\u0119 k\u016bno dal\u012f.","robots":{"index":"index","follow":"follow","max-snippet":"max-snippet:-1","max-image-preview":"max-image-preview:large","max-video-preview":"max-video-preview:-1"},"canonical":"https:\/\/gymfactory.eu\/lt\/produktas\/m5x-sedimoji-eilute-ir-lat-pulldown-masina\/","og_locale":"lt_LT","og_type":"article","og_title":"\"M5X\" s\u0117dim\u0173j\u0173 eili\u0173 ir Lat Pulldown ma\u0161ina j\u0117gos treniruot\u0117ms","og_description":"Reikia universalios nugaros ma\u0161inos? M5X treniruoklyje derinamos lat pulldown ir s\u0117dimos eilut\u0117s funkcijos, kad b\u016bt\u0173 galima efektyviai treniruoti j\u0117g\u0105 ir lavinti vir\u0161utin\u0119 k\u016bno dal\u012f.","og_url":"https:\/\/gymfactory.eu\/lt\/produktas\/m5x-sedimoji-eilute-ir-lat-pulldown-masina\/","og_site_name":"Gym Factory","article_modified_time":"2025-11-21T12:43:35+00:00","og_image":[{"width":1500,"height":1500,"url":"https:\/\/gymfactory.eu\/wp-content\/uploads\/2025\/02\/gym-machine-M5X-lat-pulldown-seated-row-1.webp","type":"image\/webp"}],"twitter_card":"summary_large_image","twitter_misc":{"Est. reading time":"1 minut\u0117"},"schema":{"@context":"https:\/\/schema.org","@graph":[{"@type":"WebPage","@id":"https:\/\/gymfactory.eu\/lt\/produktas\/m5x-sedimoji-eilute-ir-lat-pulldown-masina\/","url":"https:\/\/gymfactory.eu\/lt\/produktas\/m5x-sedimoji-eilute-ir-lat-pulldown-masina\/","name":"\"M5X\" s\u0117dim\u0173j\u0173 eili\u0173 ir Lat Pulldown ma\u0161ina j\u0117gos treniruot\u0117ms","isPartOf":{"@id":"https:\/\/gymfactory.eu\/lt\/#website"},"primaryImageOfPage":{"@id":"https:\/\/gymfactory.eu\/lt\/produktas\/m5x-sedimoji-eilute-ir-lat-pulldown-masina\/#primaryimage"},"image":{"@id":"https:\/\/gymfactory.eu\/lt\/produktas\/m5x-sedimoji-eilute-ir-lat-pulldown-masina\/#primaryimage"},"thumbnailUrl":"https:\/\/gymfactory.eu\/wp-content\/uploads\/2025\/02\/M5X-s.webp","datePublished":"2025-02-03T08:33:31+00:00","dateModified":"2025-11-21T12:43:35+00:00","description":"Reikia universalios nugaros ma\u0161inos? M5X treniruoklyje derinamos lat pulldown ir s\u0117dimos eilut\u0117s funkcijos, kad b\u016bt\u0173 galima efektyviai treniruoti j\u0117g\u0105 ir lavinti vir\u0161utin\u0119 k\u016bno dal\u012f.","breadcrumb":{"@id":"https:\/\/gymfactory.eu\/lt\/produktas\/m5x-sedimoji-eilute-ir-lat-pulldown-masina\/#breadcrumb"},"inLanguage":"lt-LT","potentialAction":[{"@type":"ReadAction","target":["https:\/\/gymfactory.eu\/lt\/produktas\/m5x-sedimoji-eilute-ir-lat-pulldown-masina\/"]}]},{"@type":"ImageObject","inLanguage":"lt-LT","@id":"https:\/\/gymfactory.eu\/lt\/produktas\/m5x-sedimoji-eilute-ir-lat-pulldown-masina\/#primaryimage","url":"https:\/\/gymfactory.eu\/wp-content\/uploads\/2025\/02\/M5X-s.webp","contentUrl":"https:\/\/gymfactory.eu\/wp-content\/uploads\/2025\/02\/M5X-s.webp","width":1500,"height":1500,"caption":"Seated Row and Lat Pulldown Machine"},{"@type":"BreadcrumbList","@id":"https:\/\/gymfactory.eu\/lt\/produktas\/m5x-sedimoji-eilute-ir-lat-pulldown-masina\/#breadcrumb","itemListElement":[{"@type":"ListItem","position":1,"name":"Pagrindinis","item":"https:\/\/gymfactory.eu\/lt\/"},{"@type":"ListItem","position":2,"name":"Katalogas","item":"https:\/\/gymfactory.eu\/lt\/katalogas\/"},{"@type":"ListItem","position":3,"name":"M5X Nugaros treniruoklis &#8211; horizontali ir vertikali trauka"}]},{"@type":"WebSite","@id":"https:\/\/gymfactory.eu\/lt\/#website","url":"https:\/\/gymfactory.eu\/lt\/","name":"Gym Factory","description":"","publisher":{"@id":"https:\/\/gymfactory.eu\/lt\/#organization"},"potentialAction":[{"@type":"SearchAction","target":{"@type":"EntryPoint","urlTemplate":"https:\/\/gymfactory.eu\/lt\/?s={search_term_string}"},"query-input":{"@type":"PropertyValueSpecification","valueRequired":true,"valueName":"search_term_string"}}],"inLanguage":"lt-LT"},{"@type":"Organization","@id":"https:\/\/gymfactory.eu\/lt\/#organization","name":"Sporto sal\u0117s gamykla","url":"https:\/\/gymfactory.eu\/lt\/","logo":{"@type":"ImageObject","inLanguage":"lt-LT","@id":"https:\/\/gymfactory.eu\/lt\/#\/schema\/logo\/image\/","url":"https:\/\/gymfactory.eu\/wp-content\/uploads\/2024\/11\/Component-1.svg","contentUrl":"https:\/\/gymfactory.eu\/wp-content\/uploads\/2024\/11\/Component-1.svg","width":54,"height":44,"caption":"Sporto sal\u0117s gamykla"},"image":{"@id":"https:\/\/gymfactory.eu\/lt\/#\/schema\/logo\/image\/"}}]}},"_links":{"self":[{"href":"https:\/\/gymfactory.eu\/lt\/wp-json\/wp\/v2\/product\/10130","targetHints":{"allow":["GET"]}}],"collection":[{"href":"https:\/\/gymfactory.eu\/lt\/wp-json\/wp\/v2\/product"}],"about":[{"href":"https:\/\/gymfactory.eu\/lt\/wp-json\/wp\/v2\/types\/product"}],"wp:featuredmedia":[{"embeddable":true,"href":"https:\/\/gymfactory.eu\/lt\/wp-json\/wp\/v2\/media\/27782"}],"wp:attachment":[{"href":"https:\/\/gymfactory.eu\/lt\/wp-json\/wp\/v2\/media?parent=10130"}],"wp:term":[{"taxonomy":"product_brand","embeddable":true,"href":"https:\/\/gymfactory.eu\/lt\/wp-json\/wp\/v2\/product_brand?post=10130"},{"taxonomy":"product_cat","embeddable":true,"href":"https:\/\/gymfactory.eu\/lt\/wp-json\/wp\/v2\/product_cat?post=10130"},{"taxonomy":"product_tag","embeddable":true,"href":"https:\/\/gymfactory.eu\/lt\/wp-json\/wp\/v2\/product_tag?post=10130"}],"curies":[{"name":"wp","href":"https:\/\/api.w.org\/{rel}","templated":true}]}}