{"id":10129,"date":"2025-02-03T08:39:37","date_gmt":"2025-02-03T06:39:37","guid":{"rendered":"https:\/\/gymfactory.eu\/product\/l8x-lat-pulldown-masina-priekinis-traukimas\/"},"modified":"2025-11-21T14:25:40","modified_gmt":"2025-11-21T12:25:40","slug":"l8x-lat-pulldown-masina-priekinis-traukimas","status":"publish","type":"product","link":"https:\/\/gymfactory.eu\/lt\/produktas\/l8x-lat-pulldown-masina-priekinis-traukimas\/","title":{"rendered":"L8X Nugaros treniruoklis &#8211; vertikali trauka"},"content":{"rendered":"<p>L8X treniruoklis nugarai &#8211; trauka i\u0161 vir\u0161aus \u2013 tvirtas ir patikimas sprendimas vir\u0161utin\u0117s k\u016bno dalies stiprinimui. Skland\u017eiai veikiantis mechanizmas leid\u017eia atlikti nuoseklius, kontroliuojamus traukos judesius tiek namuose, tiek profesionalioje sporto sal\u0117je.<\/p>\n<p>Treniruoklis skirtas traukoms vir\u0161 galvos \u2013 pagrindinis kr\u016bvis tenka nugarai, bet taip pat dirba rankos ir galiniai delt\u0173 raumenys. \u0160is pratimas padeda ugdyti traukos j\u0117g\u0105, gerinti laikysen\u0105 ir aktyvinti pagrindines vir\u0161utin\u0117s k\u016bno dalies raumen\u0173 grupes.<\/p>\n<p>Reguliuojamas s\u0117dyn\u0117s auk\u0161tis ir \u0161laun\u0173 fiksavimo pagalv\u0117l\u0117 padeda u\u017etikrinti stabili\u0105, taisykling\u0105 k\u016bno pad\u0117t\u012f visos treniruot\u0117s metu.<\/p>\n<p>L8X \u2013 patikima sporto \u012franga tiems, kurie siekia stiprinti nugar\u0105 ir vir\u0161utin\u0119 k\u016bno dal\u012f per tiksli\u0105, pakartojam\u0105 traukos judesi\u0173 eig\u0105.<\/p>\n\n    <div class=\"xs_social_share_widget xs_share_url after_content \t\tmain_content  wslu-style-1 wslu-share-box-shaped wslu-fill-colored wslu-none wslu-share-horizontal wslu-theme-font-no wslu-main_content\">\n\n\t\t\n        <ul>\n\t\t\t        <\/ul>\n    <\/div> \n","protected":false},"excerpt":{"rendered":"<p>L8X treniruoklis nugarai &#8211; trauka i\u0161 vir\u0161aus \u2013 tvirtas ir patikimas sprendimas vir\u0161utin\u0117s k\u016bno dalies stiprinimui. Skland\u017eiai veikiantis mechanizmas leid\u017eia atlikti nuoseklius, kontroliuojamus traukos judesius tiek namuose, tiek profesionalioje sporto sal\u0117je. Treniruoklis skirtas traukoms vir\u0161 galvos \u2013 pagrindinis kr\u016bvis tenka nugarai, bet taip pat dirba rankos ir galiniai delt\u0173 raumenys. \u0160is pratimas padeda ugdyti traukos [&hellip;]<\/p>\n","protected":false},"featured_media":8654,"template":"","meta":{"_acf_changed":false},"product_brand":[817],"product_cat":[421],"product_tag":[],"class_list":{"0":"post-10129","1":"product","2":"type-product","3":"status-publish","4":"has-post-thumbnail","6":"product_brand-gym-factory-lt","7":"product_cat-laisvu-svoriu-treniruokliai","9":"first","10":"onbackorder","11":"taxable","12":"shipping-taxable","13":"purchasable","14":"product-type-variable","15":"has-default-attributes"},"acf":[],"yoast_head":"<!-- This site is optimized with the Yoast SEO plugin v25.2 - https:\/\/yoast.com\/wordpress\/plugins\/seo\/ -->\n<title>&quot;L8X Lat Pulldown Machine&quot; | Nam\u0173 ar komercini\u0173 sporto sali\u0173 nustatymams<\/title>\n<meta name=\"description\" content=\"Ie\u0161kote bet kokiai erdvei tinkan\u010dio lat pulldown \u012frenginio? L8X yra pritaikytas nam\u0173 ar komercin\u0117ms sporto sal\u0117ms ir u\u017etikrina skland\u017eias ir veiksmingas nugaros treniruotes.\" \/>\n<meta name=\"robots\" content=\"index, follow, max-snippet:-1, max-image-preview:large, max-video-preview:-1\" \/>\n<link rel=\"canonical\" href=\"https:\/\/gymfactory.eu\/lt\/produktas\/l8x-lat-pulldown-masina-priekinis-traukimas\/\" \/>\n<meta property=\"og:locale\" content=\"lt_LT\" \/>\n<meta property=\"og:type\" content=\"article\" \/>\n<meta property=\"og:title\" content=\"&quot;L8X Lat Pulldown Machine&quot; | Nam\u0173 ar komercini\u0173 sporto sali\u0173 nustatymams\" \/>\n<meta property=\"og:description\" content=\"Ie\u0161kote bet kokiai erdvei tinkan\u010dio lat pulldown \u012frenginio? L8X yra pritaikytas nam\u0173 ar komercin\u0117ms sporto sal\u0117ms ir u\u017etikrina skland\u017eias ir veiksmingas nugaros treniruotes.\" \/>\n<meta property=\"og:url\" content=\"https:\/\/gymfactory.eu\/lt\/produktas\/l8x-lat-pulldown-masina-priekinis-traukimas\/\" \/>\n<meta property=\"og:site_name\" content=\"Gym Factory\" \/>\n<meta property=\"article:modified_time\" content=\"2025-11-21T12:25:40+00:00\" \/>\n<meta property=\"og:image\" content=\"https:\/\/gymfactory.eu\/wp-content\/uploads\/2025\/02\/gym-machine-L8X-seated-row-front-view-1-1.webp\" \/>\n\t<meta property=\"og:image:width\" content=\"1500\" \/>\n\t<meta property=\"og:image:height\" content=\"1500\" \/>\n\t<meta property=\"og:image:type\" content=\"image\/webp\" \/>\n<meta name=\"twitter:card\" content=\"summary_large_image\" \/>\n<meta name=\"twitter:label1\" content=\"Est. reading time\" \/>\n\t<meta name=\"twitter:data1\" content=\"1 minut\u0117\" \/>\n<script type=\"application\/ld+json\" class=\"yoast-schema-graph\">{\"@context\":\"https:\/\/schema.org\",\"@graph\":[{\"@type\":\"WebPage\",\"@id\":\"https:\/\/gymfactory.eu\/lt\/produktas\/l8x-lat-pulldown-masina-priekinis-traukimas\/\",\"url\":\"https:\/\/gymfactory.eu\/lt\/produktas\/l8x-lat-pulldown-masina-priekinis-traukimas\/\",\"name\":\"\\\"L8X Lat Pulldown Machine\\\" | Nam\u0173 ar komercini\u0173 sporto sali\u0173 nustatymams\",\"isPartOf\":{\"@id\":\"https:\/\/gymfactory.eu\/lt\/#website\"},\"primaryImageOfPage\":{\"@id\":\"https:\/\/gymfactory.eu\/lt\/produktas\/l8x-lat-pulldown-masina-priekinis-traukimas\/#primaryimage\"},\"image\":{\"@id\":\"https:\/\/gymfactory.eu\/lt\/produktas\/l8x-lat-pulldown-masina-priekinis-traukimas\/#primaryimage\"},\"thumbnailUrl\":\"https:\/\/gymfactory.eu\/wp-content\/uploads\/2025\/02\/gym-machine-L8X-seated-row-front-view-1-1.webp\",\"datePublished\":\"2025-02-03T06:39:37+00:00\",\"dateModified\":\"2025-11-21T12:25:40+00:00\",\"description\":\"Ie\u0161kote bet kokiai erdvei tinkan\u010dio lat pulldown \u012frenginio? L8X yra pritaikytas nam\u0173 ar komercin\u0117ms sporto sal\u0117ms ir u\u017etikrina skland\u017eias ir veiksmingas nugaros treniruotes.\",\"breadcrumb\":{\"@id\":\"https:\/\/gymfactory.eu\/lt\/produktas\/l8x-lat-pulldown-masina-priekinis-traukimas\/#breadcrumb\"},\"inLanguage\":\"lt-LT\",\"potentialAction\":[{\"@type\":\"ReadAction\",\"target\":[\"https:\/\/gymfactory.eu\/lt\/produktas\/l8x-lat-pulldown-masina-priekinis-traukimas\/\"]}]},{\"@type\":\"ImageObject\",\"inLanguage\":\"lt-LT\",\"@id\":\"https:\/\/gymfactory.eu\/lt\/produktas\/l8x-lat-pulldown-masina-priekinis-traukimas\/#primaryimage\",\"url\":\"https:\/\/gymfactory.eu\/wp-content\/uploads\/2025\/02\/gym-machine-L8X-seated-row-front-view-1-1.webp\",\"contentUrl\":\"https:\/\/gymfactory.eu\/wp-content\/uploads\/2025\/02\/gym-machine-L8X-seated-row-front-view-1-1.webp\",\"width\":1500,\"height\":1500,\"caption\":\"Profesionalus s\u0117dim\u0173j\u0173 eili\u0173 treniruoklis su \u012fsp\u016bdingu raudono plieno r\u0117mu, skirtas nugaros j\u0117gai stiprinti. \u0160is treniruoklis turi dvigubas kampuotas rankenas su nubr\u0117\u017etomis rankenomis, leid\u017eian\u010diomis pasirinkti \u012fvairias su\u0117mimo pad\u0117tis ir u\u017etikrinan\u010diomis veiksming\u0105 raumen\u0173 \u012ftempim\u0105. Reguliuojama pamink\u0161tinta s\u0117dyn\u0117 ir \u0161laun\u0173 atrama u\u017etikrina patogum\u0105 ir stabilum\u0105 treniruo\u010di\u0173 metu. Plok\u0161\u010di\u0173 sistema leid\u017eia pritaikyti pasiprie\u0161inim\u0105, tod\u0117l \u0161is treniruoklis idealiai tinka progresyvioms j\u0117gos treniruot\u0117ms. Pagaminta i\u0161 didelio atsparumo konstrukcijos \u012frangos, tinkan\u010dios komercin\u0117ms ir nam\u0173 sporto sal\u0117ms.\"},{\"@type\":\"BreadcrumbList\",\"@id\":\"https:\/\/gymfactory.eu\/lt\/produktas\/l8x-lat-pulldown-masina-priekinis-traukimas\/#breadcrumb\",\"itemListElement\":[{\"@type\":\"ListItem\",\"position\":1,\"name\":\"Pagrindinis\",\"item\":\"https:\/\/gymfactory.eu\/lt\/\"},{\"@type\":\"ListItem\",\"position\":2,\"name\":\"Katalogas\",\"item\":\"https:\/\/gymfactory.eu\/lt\/katalogas\/\"},{\"@type\":\"ListItem\",\"position\":3,\"name\":\"L8X Nugaros treniruoklis &#8211; vertikali trauka\"}]},{\"@type\":\"WebSite\",\"@id\":\"https:\/\/gymfactory.eu\/lt\/#website\",\"url\":\"https:\/\/gymfactory.eu\/lt\/\",\"name\":\"Gym Factory\",\"description\":\"\",\"publisher\":{\"@id\":\"https:\/\/gymfactory.eu\/lt\/#organization\"},\"potentialAction\":[{\"@type\":\"SearchAction\",\"target\":{\"@type\":\"EntryPoint\",\"urlTemplate\":\"https:\/\/gymfactory.eu\/lt\/?s={search_term_string}\"},\"query-input\":{\"@type\":\"PropertyValueSpecification\",\"valueRequired\":true,\"valueName\":\"search_term_string\"}}],\"inLanguage\":\"lt-LT\"},{\"@type\":\"Organization\",\"@id\":\"https:\/\/gymfactory.eu\/lt\/#organization\",\"name\":\"Sporto sal\u0117s gamykla\",\"url\":\"https:\/\/gymfactory.eu\/lt\/\",\"logo\":{\"@type\":\"ImageObject\",\"inLanguage\":\"lt-LT\",\"@id\":\"https:\/\/gymfactory.eu\/lt\/#\/schema\/logo\/image\/\",\"url\":\"https:\/\/gymfactory.eu\/wp-content\/uploads\/2024\/11\/Component-1.svg\",\"contentUrl\":\"https:\/\/gymfactory.eu\/wp-content\/uploads\/2024\/11\/Component-1.svg\",\"width\":54,\"height\":44,\"caption\":\"Sporto sal\u0117s gamykla\"},\"image\":{\"@id\":\"https:\/\/gymfactory.eu\/lt\/#\/schema\/logo\/image\/\"}}]}<\/script>\n<!-- \/ Yoast SEO plugin. -->","yoast_head_json":{"title":"\"L8X Lat Pulldown Machine\" | Nam\u0173 ar komercini\u0173 sporto sali\u0173 nustatymams","description":"Ie\u0161kote bet kokiai erdvei tinkan\u010dio lat pulldown \u012frenginio? L8X yra pritaikytas nam\u0173 ar komercin\u0117ms sporto sal\u0117ms ir u\u017etikrina skland\u017eias ir veiksmingas nugaros treniruotes.","robots":{"index":"index","follow":"follow","max-snippet":"max-snippet:-1","max-image-preview":"max-image-preview:large","max-video-preview":"max-video-preview:-1"},"canonical":"https:\/\/gymfactory.eu\/lt\/produktas\/l8x-lat-pulldown-masina-priekinis-traukimas\/","og_locale":"lt_LT","og_type":"article","og_title":"\"L8X Lat Pulldown Machine\" | Nam\u0173 ar komercini\u0173 sporto sali\u0173 nustatymams","og_description":"Ie\u0161kote bet kokiai erdvei tinkan\u010dio lat pulldown \u012frenginio? L8X yra pritaikytas nam\u0173 ar komercin\u0117ms sporto sal\u0117ms ir u\u017etikrina skland\u017eias ir veiksmingas nugaros treniruotes.","og_url":"https:\/\/gymfactory.eu\/lt\/produktas\/l8x-lat-pulldown-masina-priekinis-traukimas\/","og_site_name":"Gym Factory","article_modified_time":"2025-11-21T12:25:40+00:00","og_image":[{"width":1500,"height":1500,"url":"https:\/\/gymfactory.eu\/wp-content\/uploads\/2025\/02\/gym-machine-L8X-seated-row-front-view-1-1.webp","type":"image\/webp"}],"twitter_card":"summary_large_image","twitter_misc":{"Est. reading time":"1 minut\u0117"},"schema":{"@context":"https:\/\/schema.org","@graph":[{"@type":"WebPage","@id":"https:\/\/gymfactory.eu\/lt\/produktas\/l8x-lat-pulldown-masina-priekinis-traukimas\/","url":"https:\/\/gymfactory.eu\/lt\/produktas\/l8x-lat-pulldown-masina-priekinis-traukimas\/","name":"\"L8X Lat Pulldown Machine\" | Nam\u0173 ar komercini\u0173 sporto sali\u0173 nustatymams","isPartOf":{"@id":"https:\/\/gymfactory.eu\/lt\/#website"},"primaryImageOfPage":{"@id":"https:\/\/gymfactory.eu\/lt\/produktas\/l8x-lat-pulldown-masina-priekinis-traukimas\/#primaryimage"},"image":{"@id":"https:\/\/gymfactory.eu\/lt\/produktas\/l8x-lat-pulldown-masina-priekinis-traukimas\/#primaryimage"},"thumbnailUrl":"https:\/\/gymfactory.eu\/wp-content\/uploads\/2025\/02\/gym-machine-L8X-seated-row-front-view-1-1.webp","datePublished":"2025-02-03T06:39:37+00:00","dateModified":"2025-11-21T12:25:40+00:00","description":"Ie\u0161kote bet kokiai erdvei tinkan\u010dio lat pulldown \u012frenginio? L8X yra pritaikytas nam\u0173 ar komercin\u0117ms sporto sal\u0117ms ir u\u017etikrina skland\u017eias ir veiksmingas nugaros treniruotes.","breadcrumb":{"@id":"https:\/\/gymfactory.eu\/lt\/produktas\/l8x-lat-pulldown-masina-priekinis-traukimas\/#breadcrumb"},"inLanguage":"lt-LT","potentialAction":[{"@type":"ReadAction","target":["https:\/\/gymfactory.eu\/lt\/produktas\/l8x-lat-pulldown-masina-priekinis-traukimas\/"]}]},{"@type":"ImageObject","inLanguage":"lt-LT","@id":"https:\/\/gymfactory.eu\/lt\/produktas\/l8x-lat-pulldown-masina-priekinis-traukimas\/#primaryimage","url":"https:\/\/gymfactory.eu\/wp-content\/uploads\/2025\/02\/gym-machine-L8X-seated-row-front-view-1-1.webp","contentUrl":"https:\/\/gymfactory.eu\/wp-content\/uploads\/2025\/02\/gym-machine-L8X-seated-row-front-view-1-1.webp","width":1500,"height":1500,"caption":"Profesionalus s\u0117dim\u0173j\u0173 eili\u0173 treniruoklis su \u012fsp\u016bdingu raudono plieno r\u0117mu, skirtas nugaros j\u0117gai stiprinti. \u0160is treniruoklis turi dvigubas kampuotas rankenas su nubr\u0117\u017etomis rankenomis, leid\u017eian\u010diomis pasirinkti \u012fvairias su\u0117mimo pad\u0117tis ir u\u017etikrinan\u010diomis veiksming\u0105 raumen\u0173 \u012ftempim\u0105. Reguliuojama pamink\u0161tinta s\u0117dyn\u0117 ir \u0161laun\u0173 atrama u\u017etikrina patogum\u0105 ir stabilum\u0105 treniruo\u010di\u0173 metu. Plok\u0161\u010di\u0173 sistema leid\u017eia pritaikyti pasiprie\u0161inim\u0105, tod\u0117l \u0161is treniruoklis idealiai tinka progresyvioms j\u0117gos treniruot\u0117ms. Pagaminta i\u0161 didelio atsparumo konstrukcijos \u012frangos, tinkan\u010dios komercin\u0117ms ir nam\u0173 sporto sal\u0117ms."},{"@type":"BreadcrumbList","@id":"https:\/\/gymfactory.eu\/lt\/produktas\/l8x-lat-pulldown-masina-priekinis-traukimas\/#breadcrumb","itemListElement":[{"@type":"ListItem","position":1,"name":"Pagrindinis","item":"https:\/\/gymfactory.eu\/lt\/"},{"@type":"ListItem","position":2,"name":"Katalogas","item":"https:\/\/gymfactory.eu\/lt\/katalogas\/"},{"@type":"ListItem","position":3,"name":"L8X Nugaros treniruoklis &#8211; vertikali trauka"}]},{"@type":"WebSite","@id":"https:\/\/gymfactory.eu\/lt\/#website","url":"https:\/\/gymfactory.eu\/lt\/","name":"Gym Factory","description":"","publisher":{"@id":"https:\/\/gymfactory.eu\/lt\/#organization"},"potentialAction":[{"@type":"SearchAction","target":{"@type":"EntryPoint","urlTemplate":"https:\/\/gymfactory.eu\/lt\/?s={search_term_string}"},"query-input":{"@type":"PropertyValueSpecification","valueRequired":true,"valueName":"search_term_string"}}],"inLanguage":"lt-LT"},{"@type":"Organization","@id":"https:\/\/gymfactory.eu\/lt\/#organization","name":"Sporto sal\u0117s gamykla","url":"https:\/\/gymfactory.eu\/lt\/","logo":{"@type":"ImageObject","inLanguage":"lt-LT","@id":"https:\/\/gymfactory.eu\/lt\/#\/schema\/logo\/image\/","url":"https:\/\/gymfactory.eu\/wp-content\/uploads\/2024\/11\/Component-1.svg","contentUrl":"https:\/\/gymfactory.eu\/wp-content\/uploads\/2024\/11\/Component-1.svg","width":54,"height":44,"caption":"Sporto sal\u0117s gamykla"},"image":{"@id":"https:\/\/gymfactory.eu\/lt\/#\/schema\/logo\/image\/"}}]}},"_links":{"self":[{"href":"https:\/\/gymfactory.eu\/lt\/wp-json\/wp\/v2\/product\/10129","targetHints":{"allow":["GET"]}}],"collection":[{"href":"https:\/\/gymfactory.eu\/lt\/wp-json\/wp\/v2\/product"}],"about":[{"href":"https:\/\/gymfactory.eu\/lt\/wp-json\/wp\/v2\/types\/product"}],"wp:featuredmedia":[{"embeddable":true,"href":"https:\/\/gymfactory.eu\/lt\/wp-json\/wp\/v2\/media\/8654"}],"wp:attachment":[{"href":"https:\/\/gymfactory.eu\/lt\/wp-json\/wp\/v2\/media?parent=10129"}],"wp:term":[{"taxonomy":"product_brand","embeddable":true,"href":"https:\/\/gymfactory.eu\/lt\/wp-json\/wp\/v2\/product_brand?post=10129"},{"taxonomy":"product_cat","embeddable":true,"href":"https:\/\/gymfactory.eu\/lt\/wp-json\/wp\/v2\/product_cat?post=10129"},{"taxonomy":"product_tag","embeddable":true,"href":"https:\/\/gymfactory.eu\/lt\/wp-json\/wp\/v2\/product_tag?post=10129"}],"curies":[{"name":"wp","href":"https:\/\/api.w.org\/{rel}","templated":true}]}}