{"id":10124,"date":"2025-02-03T08:16:11","date_gmt":"2025-02-03T06:16:11","guid":{"rendered":"https:\/\/gymfactory.eu\/product\/l7xy-eiliavimo-masina\/"},"modified":"2025-11-21T14:17:03","modified_gmt":"2025-11-21T12:17:03","slug":"l7xy-eiliavimo-masina","status":"publish","type":"product","link":"https:\/\/gymfactory.eu\/lt\/produktas\/l7xy-eiliavimo-masina\/","title":{"rendered":"L7XY Nugaros treniruoklis &#8211; horizontali trauka"},"content":{"rendered":"<p>L7XY nugaros, horizontalios traukos treniruoklis sukurtas pratimams, stiprinantiems vir\u0161utin\u0119 k\u016bno dal\u012f. Precizi\u0161ka konstrukcija ir sklandus mechanizmas u\u017etikrina patikim\u0105 veikim\u0105 tiek profesionalioje sporto sal\u0117je, tiek nam\u0173 aplinkoje.<\/p>\n<p>Reguliuojamas ranken\u0173 atstumas leid\u017eia prisitaikyti prie individualaus rank\u0173 ilgio ir judesio amplitud\u0117s \u2013 rankenas galima priartinti arba atitraukti nuo k\u016bno. 360\u00b0 kampu besisukan\u010dios rankenos su lanks\u010diu tvirtinimu taip pat \u0161iek tiek juda auk\u0161tyn \u2013 \u017eemyn, tod\u0117l nat\u016braliai prisitaiko prie traukos judesio ir ma\u017eina apkrov\u0105 s\u0105nariams.<\/p>\n<p>Pratimus galima atlikti abiem rankom vienu metu arba viena ranka. Traukos judesys vyksta tiesia horizontalia trajektorija, kuri akcentuoja plat\u0173j\u012f nugaros raumen\u012f, vidurin\u0119 nugaros dal\u012f, galinius delt\u0173 raumenis.<\/p>\n<p>L7XY \u2013 treniruoklis, u\u017etikrinantis skland\u0173 judes\u012f, nat\u016bral\u0173 su\u0117mim\u0105 ir s\u0105nariams ergonomi\u0161k\u0105 trauk\u0105 vir\u0161utinei k\u016bno daliai lavinti.<\/p>\n\n    <div class=\"xs_social_share_widget xs_share_url after_content \t\tmain_content  wslu-style-1 wslu-share-box-shaped wslu-fill-colored wslu-none wslu-share-horizontal wslu-theme-font-no wslu-main_content\">\n\n\t\t\n        <ul>\n\t\t\t        <\/ul>\n    <\/div> \n","protected":false},"excerpt":{"rendered":"<p>L7XY nugaros, horizontalios traukos treniruoklis sukurtas pratimams, stiprinantiems vir\u0161utin\u0119 k\u016bno dal\u012f. Precizi\u0161ka konstrukcija ir sklandus mechanizmas u\u017etikrina patikim\u0105 veikim\u0105 tiek profesionalioje sporto sal\u0117je, tiek nam\u0173 aplinkoje. Reguliuojamas ranken\u0173 atstumas leid\u017eia prisitaikyti prie individualaus rank\u0173 ilgio ir judesio amplitud\u0117s \u2013 rankenas galima priartinti arba atitraukti nuo k\u016bno. 360\u00b0 kampu besisukan\u010dios rankenos su lanks\u010diu tvirtinimu taip pat [&hellip;]<\/p>\n","protected":false},"featured_media":8254,"template":"","meta":{"_acf_changed":false},"product_brand":[817],"product_cat":[421],"product_tag":[],"class_list":{"0":"post-10124","1":"product","2":"type-product","3":"status-publish","4":"has-post-thumbnail","6":"product_brand-gym-factory-lt","7":"product_cat-laisvu-svoriu-treniruokliai","9":"first","10":"onbackorder","11":"taxable","12":"shipping-taxable","13":"purchasable","14":"product-type-variable","15":"has-default-attributes"},"acf":[],"yoast_head":"<!-- This site is optimized with the Yoast SEO plugin v25.2 - https:\/\/yoast.com\/wordpress\/plugins\/seo\/ -->\n<title>L7XY eiliavimo ma\u0161ina | Stiprinimo pratim\u0173 \u012franga<\/title>\n<meta name=\"description\" content=\"Norite pagerinti nugaros tvirtum\u0105? L7XY irklavimo treniruoklis - tai \u012franga, skirta j\u0117gos pratimams, kurie skirti vir\u0161utin\u0117s k\u016bno dalies j\u0117gai ir traukos judesiams.\" \/>\n<meta name=\"robots\" content=\"index, follow, max-snippet:-1, max-image-preview:large, max-video-preview:-1\" \/>\n<link rel=\"canonical\" href=\"https:\/\/gymfactory.eu\/lt\/produktas\/l7xy-eiliavimo-masina\/\" \/>\n<meta property=\"og:locale\" content=\"lt_LT\" \/>\n<meta property=\"og:type\" content=\"article\" \/>\n<meta property=\"og:title\" content=\"L7XY eiliavimo ma\u0161ina | Stiprinimo pratim\u0173 \u012franga\" \/>\n<meta property=\"og:description\" content=\"Norite pagerinti nugaros tvirtum\u0105? L7XY irklavimo treniruoklis - tai \u012franga, skirta j\u0117gos pratimams, kurie skirti vir\u0161utin\u0117s k\u016bno dalies j\u0117gai ir traukos judesiams.\" \/>\n<meta property=\"og:url\" content=\"https:\/\/gymfactory.eu\/lt\/produktas\/l7xy-eiliavimo-masina\/\" \/>\n<meta property=\"og:site_name\" content=\"Gym Factory\" \/>\n<meta property=\"article:modified_time\" content=\"2025-11-21T12:17:03+00:00\" \/>\n<meta property=\"og:image\" content=\"https:\/\/gymfactory.eu\/wp-content\/uploads\/2025\/02\/gym-machine-L7XY-seated-row-side-view-1.webp\" \/>\n\t<meta property=\"og:image:width\" content=\"1500\" \/>\n\t<meta property=\"og:image:height\" content=\"1500\" \/>\n\t<meta property=\"og:image:type\" content=\"image\/webp\" \/>\n<meta name=\"twitter:card\" content=\"summary_large_image\" \/>\n<meta name=\"twitter:label1\" content=\"Est. reading time\" \/>\n\t<meta name=\"twitter:data1\" content=\"1 minut\u0117\" \/>\n<script type=\"application\/ld+json\" class=\"yoast-schema-graph\">{\"@context\":\"https:\/\/schema.org\",\"@graph\":[{\"@type\":\"WebPage\",\"@id\":\"https:\/\/gymfactory.eu\/lt\/produktas\/l7xy-eiliavimo-masina\/\",\"url\":\"https:\/\/gymfactory.eu\/lt\/produktas\/l7xy-eiliavimo-masina\/\",\"name\":\"L7XY eiliavimo ma\u0161ina | Stiprinimo pratim\u0173 \u012franga\",\"isPartOf\":{\"@id\":\"https:\/\/gymfactory.eu\/lt\/#website\"},\"primaryImageOfPage\":{\"@id\":\"https:\/\/gymfactory.eu\/lt\/produktas\/l7xy-eiliavimo-masina\/#primaryimage\"},\"image\":{\"@id\":\"https:\/\/gymfactory.eu\/lt\/produktas\/l7xy-eiliavimo-masina\/#primaryimage\"},\"thumbnailUrl\":\"https:\/\/gymfactory.eu\/wp-content\/uploads\/2025\/02\/gym-machine-L7XY-seated-row-side-view-1.webp\",\"datePublished\":\"2025-02-03T06:16:11+00:00\",\"dateModified\":\"2025-11-21T12:17:03+00:00\",\"description\":\"Norite pagerinti nugaros tvirtum\u0105? L7XY irklavimo treniruoklis - tai \u012franga, skirta j\u0117gos pratimams, kurie skirti vir\u0161utin\u0117s k\u016bno dalies j\u0117gai ir traukos judesiams.\",\"breadcrumb\":{\"@id\":\"https:\/\/gymfactory.eu\/lt\/produktas\/l7xy-eiliavimo-masina\/#breadcrumb\"},\"inLanguage\":\"lt-LT\",\"potentialAction\":[{\"@type\":\"ReadAction\",\"target\":[\"https:\/\/gymfactory.eu\/lt\/produktas\/l7xy-eiliavimo-masina\/\"]}]},{\"@type\":\"ImageObject\",\"inLanguage\":\"lt-LT\",\"@id\":\"https:\/\/gymfactory.eu\/lt\/produktas\/l7xy-eiliavimo-masina\/#primaryimage\",\"url\":\"https:\/\/gymfactory.eu\/wp-content\/uploads\/2025\/02\/gym-machine-L7XY-seated-row-side-view-1.webp\",\"contentUrl\":\"https:\/\/gymfactory.eu\/wp-content\/uploads\/2025\/02\/gym-machine-L7XY-seated-row-side-view-1.webp\",\"width\":1500,\"height\":1500,\"caption\":\"S\u0117dimojo treniruoklio su l\u0117k\u0161t\u0117mis vaizdas i\u0161 \u0161ono, matomas tvirtas r\u0117mas ir ergonomi\u0161kas dizainas. Kampu pasuktas traukimo mechanizmas u\u017etikrina optimal\u0173 raumen\u0173 \u012ftempim\u0105, o pamink\u0161tinta atrama palaiko stabili\u0105 naudotojo pad\u0117t\u012f. D\u0117l skland\u017eios jud\u0117jimo sistemos ir svorio plok\u0161\u010di\u0173 \u012fkrovimo kai\u0161\u010di\u0173 \u0161is treniruoklis yra puiki priemon\u0117 stipriai ir raumeningai nugarai lavinti.\"},{\"@type\":\"BreadcrumbList\",\"@id\":\"https:\/\/gymfactory.eu\/lt\/produktas\/l7xy-eiliavimo-masina\/#breadcrumb\",\"itemListElement\":[{\"@type\":\"ListItem\",\"position\":1,\"name\":\"Pagrindinis\",\"item\":\"https:\/\/gymfactory.eu\/lt\/\"},{\"@type\":\"ListItem\",\"position\":2,\"name\":\"Katalogas\",\"item\":\"https:\/\/gymfactory.eu\/lt\/katalogas\/\"},{\"@type\":\"ListItem\",\"position\":3,\"name\":\"L7XY Nugaros treniruoklis &#8211; horizontali trauka\"}]},{\"@type\":\"WebSite\",\"@id\":\"https:\/\/gymfactory.eu\/lt\/#website\",\"url\":\"https:\/\/gymfactory.eu\/lt\/\",\"name\":\"Gym Factory\",\"description\":\"\",\"publisher\":{\"@id\":\"https:\/\/gymfactory.eu\/lt\/#organization\"},\"potentialAction\":[{\"@type\":\"SearchAction\",\"target\":{\"@type\":\"EntryPoint\",\"urlTemplate\":\"https:\/\/gymfactory.eu\/lt\/?s={search_term_string}\"},\"query-input\":{\"@type\":\"PropertyValueSpecification\",\"valueRequired\":true,\"valueName\":\"search_term_string\"}}],\"inLanguage\":\"lt-LT\"},{\"@type\":\"Organization\",\"@id\":\"https:\/\/gymfactory.eu\/lt\/#organization\",\"name\":\"Sporto sal\u0117s gamykla\",\"url\":\"https:\/\/gymfactory.eu\/lt\/\",\"logo\":{\"@type\":\"ImageObject\",\"inLanguage\":\"lt-LT\",\"@id\":\"https:\/\/gymfactory.eu\/lt\/#\/schema\/logo\/image\/\",\"url\":\"https:\/\/gymfactory.eu\/wp-content\/uploads\/2024\/11\/Component-1.svg\",\"contentUrl\":\"https:\/\/gymfactory.eu\/wp-content\/uploads\/2024\/11\/Component-1.svg\",\"width\":54,\"height\":44,\"caption\":\"Sporto sal\u0117s gamykla\"},\"image\":{\"@id\":\"https:\/\/gymfactory.eu\/lt\/#\/schema\/logo\/image\/\"}}]}<\/script>\n<!-- \/ Yoast SEO plugin. -->","yoast_head_json":{"title":"L7XY eiliavimo ma\u0161ina | Stiprinimo pratim\u0173 \u012franga","description":"Norite pagerinti nugaros tvirtum\u0105? L7XY irklavimo treniruoklis - tai \u012franga, skirta j\u0117gos pratimams, kurie skirti vir\u0161utin\u0117s k\u016bno dalies j\u0117gai ir traukos judesiams.","robots":{"index":"index","follow":"follow","max-snippet":"max-snippet:-1","max-image-preview":"max-image-preview:large","max-video-preview":"max-video-preview:-1"},"canonical":"https:\/\/gymfactory.eu\/lt\/produktas\/l7xy-eiliavimo-masina\/","og_locale":"lt_LT","og_type":"article","og_title":"L7XY eiliavimo ma\u0161ina | Stiprinimo pratim\u0173 \u012franga","og_description":"Norite pagerinti nugaros tvirtum\u0105? L7XY irklavimo treniruoklis - tai \u012franga, skirta j\u0117gos pratimams, kurie skirti vir\u0161utin\u0117s k\u016bno dalies j\u0117gai ir traukos judesiams.","og_url":"https:\/\/gymfactory.eu\/lt\/produktas\/l7xy-eiliavimo-masina\/","og_site_name":"Gym Factory","article_modified_time":"2025-11-21T12:17:03+00:00","og_image":[{"width":1500,"height":1500,"url":"https:\/\/gymfactory.eu\/wp-content\/uploads\/2025\/02\/gym-machine-L7XY-seated-row-side-view-1.webp","type":"image\/webp"}],"twitter_card":"summary_large_image","twitter_misc":{"Est. reading time":"1 minut\u0117"},"schema":{"@context":"https:\/\/schema.org","@graph":[{"@type":"WebPage","@id":"https:\/\/gymfactory.eu\/lt\/produktas\/l7xy-eiliavimo-masina\/","url":"https:\/\/gymfactory.eu\/lt\/produktas\/l7xy-eiliavimo-masina\/","name":"L7XY eiliavimo ma\u0161ina | Stiprinimo pratim\u0173 \u012franga","isPartOf":{"@id":"https:\/\/gymfactory.eu\/lt\/#website"},"primaryImageOfPage":{"@id":"https:\/\/gymfactory.eu\/lt\/produktas\/l7xy-eiliavimo-masina\/#primaryimage"},"image":{"@id":"https:\/\/gymfactory.eu\/lt\/produktas\/l7xy-eiliavimo-masina\/#primaryimage"},"thumbnailUrl":"https:\/\/gymfactory.eu\/wp-content\/uploads\/2025\/02\/gym-machine-L7XY-seated-row-side-view-1.webp","datePublished":"2025-02-03T06:16:11+00:00","dateModified":"2025-11-21T12:17:03+00:00","description":"Norite pagerinti nugaros tvirtum\u0105? L7XY irklavimo treniruoklis - tai \u012franga, skirta j\u0117gos pratimams, kurie skirti vir\u0161utin\u0117s k\u016bno dalies j\u0117gai ir traukos judesiams.","breadcrumb":{"@id":"https:\/\/gymfactory.eu\/lt\/produktas\/l7xy-eiliavimo-masina\/#breadcrumb"},"inLanguage":"lt-LT","potentialAction":[{"@type":"ReadAction","target":["https:\/\/gymfactory.eu\/lt\/produktas\/l7xy-eiliavimo-masina\/"]}]},{"@type":"ImageObject","inLanguage":"lt-LT","@id":"https:\/\/gymfactory.eu\/lt\/produktas\/l7xy-eiliavimo-masina\/#primaryimage","url":"https:\/\/gymfactory.eu\/wp-content\/uploads\/2025\/02\/gym-machine-L7XY-seated-row-side-view-1.webp","contentUrl":"https:\/\/gymfactory.eu\/wp-content\/uploads\/2025\/02\/gym-machine-L7XY-seated-row-side-view-1.webp","width":1500,"height":1500,"caption":"S\u0117dimojo treniruoklio su l\u0117k\u0161t\u0117mis vaizdas i\u0161 \u0161ono, matomas tvirtas r\u0117mas ir ergonomi\u0161kas dizainas. Kampu pasuktas traukimo mechanizmas u\u017etikrina optimal\u0173 raumen\u0173 \u012ftempim\u0105, o pamink\u0161tinta atrama palaiko stabili\u0105 naudotojo pad\u0117t\u012f. D\u0117l skland\u017eios jud\u0117jimo sistemos ir svorio plok\u0161\u010di\u0173 \u012fkrovimo kai\u0161\u010di\u0173 \u0161is treniruoklis yra puiki priemon\u0117 stipriai ir raumeningai nugarai lavinti."},{"@type":"BreadcrumbList","@id":"https:\/\/gymfactory.eu\/lt\/produktas\/l7xy-eiliavimo-masina\/#breadcrumb","itemListElement":[{"@type":"ListItem","position":1,"name":"Pagrindinis","item":"https:\/\/gymfactory.eu\/lt\/"},{"@type":"ListItem","position":2,"name":"Katalogas","item":"https:\/\/gymfactory.eu\/lt\/katalogas\/"},{"@type":"ListItem","position":3,"name":"L7XY Nugaros treniruoklis &#8211; horizontali trauka"}]},{"@type":"WebSite","@id":"https:\/\/gymfactory.eu\/lt\/#website","url":"https:\/\/gymfactory.eu\/lt\/","name":"Gym Factory","description":"","publisher":{"@id":"https:\/\/gymfactory.eu\/lt\/#organization"},"potentialAction":[{"@type":"SearchAction","target":{"@type":"EntryPoint","urlTemplate":"https:\/\/gymfactory.eu\/lt\/?s={search_term_string}"},"query-input":{"@type":"PropertyValueSpecification","valueRequired":true,"valueName":"search_term_string"}}],"inLanguage":"lt-LT"},{"@type":"Organization","@id":"https:\/\/gymfactory.eu\/lt\/#organization","name":"Sporto sal\u0117s gamykla","url":"https:\/\/gymfactory.eu\/lt\/","logo":{"@type":"ImageObject","inLanguage":"lt-LT","@id":"https:\/\/gymfactory.eu\/lt\/#\/schema\/logo\/image\/","url":"https:\/\/gymfactory.eu\/wp-content\/uploads\/2024\/11\/Component-1.svg","contentUrl":"https:\/\/gymfactory.eu\/wp-content\/uploads\/2024\/11\/Component-1.svg","width":54,"height":44,"caption":"Sporto sal\u0117s gamykla"},"image":{"@id":"https:\/\/gymfactory.eu\/lt\/#\/schema\/logo\/image\/"}}]}},"_links":{"self":[{"href":"https:\/\/gymfactory.eu\/lt\/wp-json\/wp\/v2\/product\/10124","targetHints":{"allow":["GET"]}}],"collection":[{"href":"https:\/\/gymfactory.eu\/lt\/wp-json\/wp\/v2\/product"}],"about":[{"href":"https:\/\/gymfactory.eu\/lt\/wp-json\/wp\/v2\/types\/product"}],"wp:featuredmedia":[{"embeddable":true,"href":"https:\/\/gymfactory.eu\/lt\/wp-json\/wp\/v2\/media\/8254"}],"wp:attachment":[{"href":"https:\/\/gymfactory.eu\/lt\/wp-json\/wp\/v2\/media?parent=10124"}],"wp:term":[{"taxonomy":"product_brand","embeddable":true,"href":"https:\/\/gymfactory.eu\/lt\/wp-json\/wp\/v2\/product_brand?post=10124"},{"taxonomy":"product_cat","embeddable":true,"href":"https:\/\/gymfactory.eu\/lt\/wp-json\/wp\/v2\/product_cat?post=10124"},{"taxonomy":"product_tag","embeddable":true,"href":"https:\/\/gymfactory.eu\/lt\/wp-json\/wp\/v2\/product_tag?post=10124"}],"curies":[{"name":"wp","href":"https:\/\/api.w.org\/{rel}","templated":true}]}}