{"id":10123,"date":"2025-02-03T10:24:58","date_gmt":"2025-02-03T08:24:58","guid":{"rendered":"https:\/\/gymfactory.eu\/product\/m1xp-lat-pulldown-masina\/"},"modified":"2025-11-21T14:40:10","modified_gmt":"2025-11-21T12:40:10","slug":"m1xp-lat-pulldown-masina","status":"publish","type":"product","link":"https:\/\/gymfactory.eu\/lt\/produktas\/m1xp-lat-pulldown-masina\/","title":{"rendered":"M1XP Nugaros treniruoklis &#8211; vertikali trauka"},"content":{"rendered":"<p>M1XP treniruoklis nugarai (vertikali trauka) &#8211; skirtas vir\u0161utin\u0117s k\u016bno dalies stiprinimui tiek nam\u0173, tiek profesionalioje sporto sal\u0117je. Tvirta konstrukcija, skland\u017eiai veikianti skriemuli\u0173 sistema ir standartin\u0117 plati traukos rankena leid\u017eia atlikti kontroliuojamus ir efektyvius traukos judesius.<\/p>\n<p>Treniruoklis skirtas traukoms vir\u0161 galvos, kuri\u0173 pagrindinis tikslas \u2013 lavinti nugar\u0105. Kei\u010diant su\u0117mimo tip\u0105, \u012f judes\u012f \u012fsitraukia ir galiniai delt\u0173 raumenys, vir\u0161utin\u0117 nugaros dalis bei rankos. Traukos trajektorija eina nat\u016braliu lanku, tod\u0117l leid\u017eia tolygiai dirbti per vis\u0105 nugaros plot\u012f \u2013 tiek j\u0117gai, tiek raumen\u0173 masei auginti.<\/p>\n<p>Reguliuojamas s\u0117dyn\u0117s auk\u0161tis ir \u0161laun\u0173 fiksavimo pagalv\u0117l\u0117s pad\u0117tis padeda i\u0161laikyti taisykling\u0105 k\u016bno pad\u0117t\u012f ir stabilum\u0105 kiekvienos serijos metu.<\/p>\n<p>M1XP tiekiamas su standartine plataus su\u0117mimo rankena, ta\u010diau rekomenduojame komplektuoti su papildomu <a href=\"https:\/\/gymfactory.eu\/lt\/produktas\/w10-ivairiu-rankenu-rinkinys\/\" target=\"_blank\" rel=\"noopener\">W10 daugiafunkciu ranken\u0173 rinkiniu<\/a>. Jis leid\u017eia keisti su\u0117mimo kampus ir plot\u012f, padedant tiksliau izoliuoti skirtingas nugaros raumen\u0173 sritis ir prapl\u0117sti treniruo\u010di\u0173 galimybes.<\/p>\n\n    <div class=\"xs_social_share_widget xs_share_url after_content \t\tmain_content  wslu-style-1 wslu-share-box-shaped wslu-fill-colored wslu-none wslu-share-horizontal wslu-theme-font-no wslu-main_content\">\n\n\t\t\n        <ul>\n\t\t\t        <\/ul>\n    <\/div> \n","protected":false},"excerpt":{"rendered":"<p>M1XP treniruoklis nugarai (vertikali trauka) &#8211; skirtas vir\u0161utin\u0117s k\u016bno dalies stiprinimui tiek nam\u0173, tiek profesionalioje sporto sal\u0117je. Tvirta konstrukcija, skland\u017eiai veikianti skriemuli\u0173 sistema ir standartin\u0117 plati traukos rankena leid\u017eia atlikti kontroliuojamus ir efektyvius traukos judesius. Treniruoklis skirtas traukoms vir\u0161 galvos, kuri\u0173 pagrindinis tikslas \u2013 lavinti nugar\u0105. Kei\u010diant su\u0117mimo tip\u0105, \u012f judes\u012f \u012fsitraukia ir galiniai delt\u0173 [&hellip;]<\/p>\n","protected":false},"featured_media":8991,"template":"","meta":{"_acf_changed":false},"product_brand":[817],"product_cat":[421],"product_tag":[],"class_list":{"0":"post-10123","1":"product","2":"type-product","3":"status-publish","4":"has-post-thumbnail","6":"product_brand-gym-factory-lt","7":"product_cat-laisvu-svoriu-treniruokliai","9":"first","10":"onbackorder","11":"taxable","12":"shipping-taxable","13":"purchasable","14":"product-type-variable","15":"has-default-attributes"},"acf":[],"yoast_head":"<!-- This site is optimized with the Yoast SEO plugin v25.2 - https:\/\/yoast.com\/wordpress\/plugins\/seo\/ -->\n<title>&quot;M1XP Lat Pulldown Machine&quot; | Fitneso \u012franga j\u0117gos treniruot\u0117ms<\/title>\n<meta name=\"description\" content=\"Norite sustiprinti vir\u0161utin\u0119 k\u016bno dal\u012f? M1XP Lat Pulldown Machine - tai treniruokli\u0173 sal\u0117s \u012franga, skirta skland\u017eioms, veiksmingoms j\u0117gos treniruot\u0117ms ir raumen\u0173 augimui.\" \/>\n<meta name=\"robots\" content=\"index, follow, max-snippet:-1, max-image-preview:large, max-video-preview:-1\" \/>\n<link rel=\"canonical\" href=\"https:\/\/gymfactory.eu\/lt\/produktas\/m1xp-lat-pulldown-masina\/\" \/>\n<meta property=\"og:locale\" content=\"lt_LT\" \/>\n<meta property=\"og:type\" content=\"article\" \/>\n<meta property=\"og:title\" content=\"&quot;M1XP Lat Pulldown Machine&quot; | Fitneso \u012franga j\u0117gos treniruot\u0117ms\" \/>\n<meta property=\"og:description\" content=\"Norite sustiprinti vir\u0161utin\u0119 k\u016bno dal\u012f? M1XP Lat Pulldown Machine - tai treniruokli\u0173 sal\u0117s \u012franga, skirta skland\u017eioms, veiksmingoms j\u0117gos treniruot\u0117ms ir raumen\u0173 augimui.\" \/>\n<meta property=\"og:url\" content=\"https:\/\/gymfactory.eu\/lt\/produktas\/m1xp-lat-pulldown-masina\/\" \/>\n<meta property=\"og:site_name\" content=\"Gym Factory\" \/>\n<meta property=\"article:modified_time\" content=\"2025-11-21T12:40:10+00:00\" \/>\n<meta property=\"og:image\" content=\"https:\/\/gymfactory.eu\/wp-content\/uploads\/2025\/02\/gym-machine-M1XP-lat-pulldown-front-view-3.webp\" \/>\n\t<meta property=\"og:image:width\" content=\"1500\" \/>\n\t<meta property=\"og:image:height\" content=\"1500\" \/>\n\t<meta property=\"og:image:type\" content=\"image\/webp\" \/>\n<meta name=\"twitter:card\" content=\"summary_large_image\" \/>\n<meta name=\"twitter:label1\" content=\"Est. reading time\" \/>\n\t<meta name=\"twitter:data1\" content=\"1 minut\u0117\" \/>\n<script type=\"application\/ld+json\" class=\"yoast-schema-graph\">{\"@context\":\"https:\/\/schema.org\",\"@graph\":[{\"@type\":\"WebPage\",\"@id\":\"https:\/\/gymfactory.eu\/lt\/produktas\/m1xp-lat-pulldown-masina\/\",\"url\":\"https:\/\/gymfactory.eu\/lt\/produktas\/m1xp-lat-pulldown-masina\/\",\"name\":\"\\\"M1XP Lat Pulldown Machine\\\" | Fitneso \u012franga j\u0117gos treniruot\u0117ms\",\"isPartOf\":{\"@id\":\"https:\/\/gymfactory.eu\/lt\/#website\"},\"primaryImageOfPage\":{\"@id\":\"https:\/\/gymfactory.eu\/lt\/produktas\/m1xp-lat-pulldown-masina\/#primaryimage\"},\"image\":{\"@id\":\"https:\/\/gymfactory.eu\/lt\/produktas\/m1xp-lat-pulldown-masina\/#primaryimage\"},\"thumbnailUrl\":\"https:\/\/gymfactory.eu\/wp-content\/uploads\/2025\/02\/gym-machine-M1XP-lat-pulldown-front-view-3.webp\",\"datePublished\":\"2025-02-03T08:24:58+00:00\",\"dateModified\":\"2025-11-21T12:40:10+00:00\",\"description\":\"Norite sustiprinti vir\u0161utin\u0119 k\u016bno dal\u012f? M1XP Lat Pulldown Machine - tai treniruokli\u0173 sal\u0117s \u012franga, skirta skland\u017eioms, veiksmingoms j\u0117gos treniruot\u0117ms ir raumen\u0173 augimui.\",\"breadcrumb\":{\"@id\":\"https:\/\/gymfactory.eu\/lt\/produktas\/m1xp-lat-pulldown-masina\/#breadcrumb\"},\"inLanguage\":\"lt-LT\",\"potentialAction\":[{\"@type\":\"ReadAction\",\"target\":[\"https:\/\/gymfactory.eu\/lt\/produktas\/m1xp-lat-pulldown-masina\/\"]}]},{\"@type\":\"ImageObject\",\"inLanguage\":\"lt-LT\",\"@id\":\"https:\/\/gymfactory.eu\/lt\/produktas\/m1xp-lat-pulldown-masina\/#primaryimage\",\"url\":\"https:\/\/gymfactory.eu\/wp-content\/uploads\/2025\/02\/gym-machine-M1XP-lat-pulldown-front-view-3.webp\",\"contentUrl\":\"https:\/\/gymfactory.eu\/wp-content\/uploads\/2025\/02\/gym-machine-M1XP-lat-pulldown-front-view-3.webp\",\"width\":1500,\"height\":1500,\"caption\":\"Auk\u0161tos kokyb\u0117s treniruoklis, skirtas lat pulldown pratimams, turi tvirt\u0105 raudono plieno r\u0117m\u0105 su juoda pamink\u0161tinta s\u0117dyne ir stabilum\u0105 u\u017etikrinan\u010diomis \u0161laun\u0173 pagalv\u0117l\u0117mis. Vir\u0161ugalvio skriemuli\u0173 sistema jungiama prie ilgo skersinio, kad b\u016bt\u0173 galima skland\u017eiai ir kontroliuojamai jud\u0117ti ir treniruoti vir\u0161utin\u0119 nugaros dal\u012f, pe\u010dius ir rankas. Nugar\u0117l\u0117je esantis svorio k\u0117limo mechanizmas u\u017etikrina reguliuojam\u0105 pasiprie\u0161inim\u0105, tod\u0117l \u0161is treniruoklis puikiai papildys bet kuri\u0105 j\u0117gos treniruokli\u0173 sal\u0117s \u012frang\u0105.\"},{\"@type\":\"BreadcrumbList\",\"@id\":\"https:\/\/gymfactory.eu\/lt\/produktas\/m1xp-lat-pulldown-masina\/#breadcrumb\",\"itemListElement\":[{\"@type\":\"ListItem\",\"position\":1,\"name\":\"Pagrindinis\",\"item\":\"https:\/\/gymfactory.eu\/lt\/\"},{\"@type\":\"ListItem\",\"position\":2,\"name\":\"Katalogas\",\"item\":\"https:\/\/gymfactory.eu\/lt\/katalogas\/\"},{\"@type\":\"ListItem\",\"position\":3,\"name\":\"M1XP Nugaros treniruoklis &#8211; vertikali trauka\"}]},{\"@type\":\"WebSite\",\"@id\":\"https:\/\/gymfactory.eu\/lt\/#website\",\"url\":\"https:\/\/gymfactory.eu\/lt\/\",\"name\":\"Gym Factory\",\"description\":\"\",\"publisher\":{\"@id\":\"https:\/\/gymfactory.eu\/lt\/#organization\"},\"potentialAction\":[{\"@type\":\"SearchAction\",\"target\":{\"@type\":\"EntryPoint\",\"urlTemplate\":\"https:\/\/gymfactory.eu\/lt\/?s={search_term_string}\"},\"query-input\":{\"@type\":\"PropertyValueSpecification\",\"valueRequired\":true,\"valueName\":\"search_term_string\"}}],\"inLanguage\":\"lt-LT\"},{\"@type\":\"Organization\",\"@id\":\"https:\/\/gymfactory.eu\/lt\/#organization\",\"name\":\"Sporto sal\u0117s gamykla\",\"url\":\"https:\/\/gymfactory.eu\/lt\/\",\"logo\":{\"@type\":\"ImageObject\",\"inLanguage\":\"lt-LT\",\"@id\":\"https:\/\/gymfactory.eu\/lt\/#\/schema\/logo\/image\/\",\"url\":\"https:\/\/gymfactory.eu\/wp-content\/uploads\/2024\/11\/Component-1.svg\",\"contentUrl\":\"https:\/\/gymfactory.eu\/wp-content\/uploads\/2024\/11\/Component-1.svg\",\"width\":54,\"height\":44,\"caption\":\"Sporto sal\u0117s gamykla\"},\"image\":{\"@id\":\"https:\/\/gymfactory.eu\/lt\/#\/schema\/logo\/image\/\"}}]}<\/script>\n<!-- \/ Yoast SEO plugin. -->","yoast_head_json":{"title":"\"M1XP Lat Pulldown Machine\" | Fitneso \u012franga j\u0117gos treniruot\u0117ms","description":"Norite sustiprinti vir\u0161utin\u0119 k\u016bno dal\u012f? M1XP Lat Pulldown Machine - tai treniruokli\u0173 sal\u0117s \u012franga, skirta skland\u017eioms, veiksmingoms j\u0117gos treniruot\u0117ms ir raumen\u0173 augimui.","robots":{"index":"index","follow":"follow","max-snippet":"max-snippet:-1","max-image-preview":"max-image-preview:large","max-video-preview":"max-video-preview:-1"},"canonical":"https:\/\/gymfactory.eu\/lt\/produktas\/m1xp-lat-pulldown-masina\/","og_locale":"lt_LT","og_type":"article","og_title":"\"M1XP Lat Pulldown Machine\" | Fitneso \u012franga j\u0117gos treniruot\u0117ms","og_description":"Norite sustiprinti vir\u0161utin\u0119 k\u016bno dal\u012f? M1XP Lat Pulldown Machine - tai treniruokli\u0173 sal\u0117s \u012franga, skirta skland\u017eioms, veiksmingoms j\u0117gos treniruot\u0117ms ir raumen\u0173 augimui.","og_url":"https:\/\/gymfactory.eu\/lt\/produktas\/m1xp-lat-pulldown-masina\/","og_site_name":"Gym Factory","article_modified_time":"2025-11-21T12:40:10+00:00","og_image":[{"width":1500,"height":1500,"url":"https:\/\/gymfactory.eu\/wp-content\/uploads\/2025\/02\/gym-machine-M1XP-lat-pulldown-front-view-3.webp","type":"image\/webp"}],"twitter_card":"summary_large_image","twitter_misc":{"Est. reading time":"1 minut\u0117"},"schema":{"@context":"https:\/\/schema.org","@graph":[{"@type":"WebPage","@id":"https:\/\/gymfactory.eu\/lt\/produktas\/m1xp-lat-pulldown-masina\/","url":"https:\/\/gymfactory.eu\/lt\/produktas\/m1xp-lat-pulldown-masina\/","name":"\"M1XP Lat Pulldown Machine\" | Fitneso \u012franga j\u0117gos treniruot\u0117ms","isPartOf":{"@id":"https:\/\/gymfactory.eu\/lt\/#website"},"primaryImageOfPage":{"@id":"https:\/\/gymfactory.eu\/lt\/produktas\/m1xp-lat-pulldown-masina\/#primaryimage"},"image":{"@id":"https:\/\/gymfactory.eu\/lt\/produktas\/m1xp-lat-pulldown-masina\/#primaryimage"},"thumbnailUrl":"https:\/\/gymfactory.eu\/wp-content\/uploads\/2025\/02\/gym-machine-M1XP-lat-pulldown-front-view-3.webp","datePublished":"2025-02-03T08:24:58+00:00","dateModified":"2025-11-21T12:40:10+00:00","description":"Norite sustiprinti vir\u0161utin\u0119 k\u016bno dal\u012f? M1XP Lat Pulldown Machine - tai treniruokli\u0173 sal\u0117s \u012franga, skirta skland\u017eioms, veiksmingoms j\u0117gos treniruot\u0117ms ir raumen\u0173 augimui.","breadcrumb":{"@id":"https:\/\/gymfactory.eu\/lt\/produktas\/m1xp-lat-pulldown-masina\/#breadcrumb"},"inLanguage":"lt-LT","potentialAction":[{"@type":"ReadAction","target":["https:\/\/gymfactory.eu\/lt\/produktas\/m1xp-lat-pulldown-masina\/"]}]},{"@type":"ImageObject","inLanguage":"lt-LT","@id":"https:\/\/gymfactory.eu\/lt\/produktas\/m1xp-lat-pulldown-masina\/#primaryimage","url":"https:\/\/gymfactory.eu\/wp-content\/uploads\/2025\/02\/gym-machine-M1XP-lat-pulldown-front-view-3.webp","contentUrl":"https:\/\/gymfactory.eu\/wp-content\/uploads\/2025\/02\/gym-machine-M1XP-lat-pulldown-front-view-3.webp","width":1500,"height":1500,"caption":"Auk\u0161tos kokyb\u0117s treniruoklis, skirtas lat pulldown pratimams, turi tvirt\u0105 raudono plieno r\u0117m\u0105 su juoda pamink\u0161tinta s\u0117dyne ir stabilum\u0105 u\u017etikrinan\u010diomis \u0161laun\u0173 pagalv\u0117l\u0117mis. Vir\u0161ugalvio skriemuli\u0173 sistema jungiama prie ilgo skersinio, kad b\u016bt\u0173 galima skland\u017eiai ir kontroliuojamai jud\u0117ti ir treniruoti vir\u0161utin\u0119 nugaros dal\u012f, pe\u010dius ir rankas. Nugar\u0117l\u0117je esantis svorio k\u0117limo mechanizmas u\u017etikrina reguliuojam\u0105 pasiprie\u0161inim\u0105, tod\u0117l \u0161is treniruoklis puikiai papildys bet kuri\u0105 j\u0117gos treniruokli\u0173 sal\u0117s \u012frang\u0105."},{"@type":"BreadcrumbList","@id":"https:\/\/gymfactory.eu\/lt\/produktas\/m1xp-lat-pulldown-masina\/#breadcrumb","itemListElement":[{"@type":"ListItem","position":1,"name":"Pagrindinis","item":"https:\/\/gymfactory.eu\/lt\/"},{"@type":"ListItem","position":2,"name":"Katalogas","item":"https:\/\/gymfactory.eu\/lt\/katalogas\/"},{"@type":"ListItem","position":3,"name":"M1XP Nugaros treniruoklis &#8211; vertikali trauka"}]},{"@type":"WebSite","@id":"https:\/\/gymfactory.eu\/lt\/#website","url":"https:\/\/gymfactory.eu\/lt\/","name":"Gym Factory","description":"","publisher":{"@id":"https:\/\/gymfactory.eu\/lt\/#organization"},"potentialAction":[{"@type":"SearchAction","target":{"@type":"EntryPoint","urlTemplate":"https:\/\/gymfactory.eu\/lt\/?s={search_term_string}"},"query-input":{"@type":"PropertyValueSpecification","valueRequired":true,"valueName":"search_term_string"}}],"inLanguage":"lt-LT"},{"@type":"Organization","@id":"https:\/\/gymfactory.eu\/lt\/#organization","name":"Sporto sal\u0117s gamykla","url":"https:\/\/gymfactory.eu\/lt\/","logo":{"@type":"ImageObject","inLanguage":"lt-LT","@id":"https:\/\/gymfactory.eu\/lt\/#\/schema\/logo\/image\/","url":"https:\/\/gymfactory.eu\/wp-content\/uploads\/2024\/11\/Component-1.svg","contentUrl":"https:\/\/gymfactory.eu\/wp-content\/uploads\/2024\/11\/Component-1.svg","width":54,"height":44,"caption":"Sporto sal\u0117s gamykla"},"image":{"@id":"https:\/\/gymfactory.eu\/lt\/#\/schema\/logo\/image\/"}}]}},"_links":{"self":[{"href":"https:\/\/gymfactory.eu\/lt\/wp-json\/wp\/v2\/product\/10123","targetHints":{"allow":["GET"]}}],"collection":[{"href":"https:\/\/gymfactory.eu\/lt\/wp-json\/wp\/v2\/product"}],"about":[{"href":"https:\/\/gymfactory.eu\/lt\/wp-json\/wp\/v2\/types\/product"}],"wp:featuredmedia":[{"embeddable":true,"href":"https:\/\/gymfactory.eu\/lt\/wp-json\/wp\/v2\/media\/8991"}],"wp:attachment":[{"href":"https:\/\/gymfactory.eu\/lt\/wp-json\/wp\/v2\/media?parent=10123"}],"wp:term":[{"taxonomy":"product_brand","embeddable":true,"href":"https:\/\/gymfactory.eu\/lt\/wp-json\/wp\/v2\/product_brand?post=10123"},{"taxonomy":"product_cat","embeddable":true,"href":"https:\/\/gymfactory.eu\/lt\/wp-json\/wp\/v2\/product_cat?post=10123"},{"taxonomy":"product_tag","embeddable":true,"href":"https:\/\/gymfactory.eu\/lt\/wp-json\/wp\/v2\/product_tag?post=10123"}],"curies":[{"name":"wp","href":"https:\/\/api.w.org\/{rel}","templated":true}]}}