{"id":10118,"date":"2025-02-03T09:51:52","date_gmt":"2025-02-03T07:51:52","guid":{"rendered":"https:\/\/gymfactory.eu\/product\/l9-zemos-eiles-masina-sverto-sedimoji-eilute\/"},"modified":"2025-11-21T14:36:06","modified_gmt":"2025-11-21T12:36:06","slug":"l9-zemos-eiles-masina-sverto-sedimoji-eilute","status":"publish","type":"product","link":"https:\/\/gymfactory.eu\/lt\/produktas\/l9-zemos-eiles-masina-sverto-sedimoji-eilute\/","title":{"rendered":"L9 Nugaros treniruoklis &#8211; horizontali trauka"},"content":{"rendered":"<p>L9 treniruoklis nugarai ir trauka i\u0161 apa\u010dios sukurtas tikslingai nugaros treniruotei profesionalioje sporto sal\u0117s aplinkoje. Tvirta konstrukcija ir skland\u017eiai veikiantis svirties mechanizmas u\u017etikrina stabil\u0173 ir kontroliuojam\u0105 traukos judes\u012f per vis\u0105 judesio amplitud\u0119.<\/p>\n<p>Treniruoklis skirtas apatinei traukai s\u0117dint, kuri akcentuoja nugar\u0105 ir galinius delt\u0173 raumenis. Traukos eiga prasideda siauru su\u0117mimu ir baigiasi pla\u010diau \u2013 tai leid\u017eia nat\u016braliai \u012ftraukti daugiau nugaros raumen\u0173 per vis\u0105 judes\u012f.<\/p>\n<p>Pratim\u0105 galima atlikti abiem rankomis vienu metu arba viena ranka, pasinaudojant \u0161onine atramine rankena k\u016bnui stabilizuoti atliekant vienpus\u0119 trauk\u0105.<\/p>\n<p>Reguliuojamas s\u0117dyn\u0117s auk\u0161tis ir kr\u016btin\u0117s atramos pad\u0117tis leid\u017eia pritaikyti treniruokl\u012f individualiai, o skirtingos ranken\u0173 pad\u0117tys suteikia galimyb\u0119 keisti su\u0117mim\u0105 ir paskirstyti kr\u016bv\u012f \u012f skirtingas raumen\u0173 grupes.<\/p>\n<p>L9 \u2013 prakti\u0161kas ir funkcionalus sprendimas efektyviai nugaros treniruotei su ai\u0161kiu raumen\u0173 \u012fsitraukimu ir valdomu judesiu.<\/p>\n\n    <div class=\"xs_social_share_widget xs_share_url after_content \t\tmain_content  wslu-style-1 wslu-share-box-shaped wslu-fill-colored wslu-none wslu-share-horizontal wslu-theme-font-no wslu-main_content\">\n\n\t\t\n        <ul>\n\t\t\t        <\/ul>\n    <\/div> \n","protected":false},"excerpt":{"rendered":"<p>L9 treniruoklis nugarai ir trauka i\u0161 apa\u010dios sukurtas tikslingai nugaros treniruotei profesionalioje sporto sal\u0117s aplinkoje. Tvirta konstrukcija ir skland\u017eiai veikiantis svirties mechanizmas u\u017etikrina stabil\u0173 ir kontroliuojam\u0105 traukos judes\u012f per vis\u0105 judesio amplitud\u0119. Treniruoklis skirtas apatinei traukai s\u0117dint, kuri akcentuoja nugar\u0105 ir galinius delt\u0173 raumenis. Traukos eiga prasideda siauru su\u0117mimu ir baigiasi pla\u010diau \u2013 tai leid\u017eia [&hellip;]<\/p>\n","protected":false},"featured_media":8594,"template":"","meta":{"_acf_changed":false},"product_brand":[817],"product_cat":[421],"product_tag":[],"class_list":{"0":"post-10118","1":"product","2":"type-product","3":"status-publish","4":"has-post-thumbnail","6":"product_brand-gym-factory-lt","7":"product_cat-laisvu-svoriu-treniruokliai","9":"first","10":"onbackorder","11":"taxable","12":"shipping-taxable","13":"purchasable","14":"product-type-variable"},"acf":[],"yoast_head":"<!-- This site is optimized with the Yoast SEO plugin v25.2 - https:\/\/yoast.com\/wordpress\/plugins\/seo\/ -->\n<title>L9 Low Row Machine | Nugaros stiprinimo treniruo\u010di\u0173 \u012franga<\/title>\n<meta name=\"description\" content=\"Norite rimtai treniruoti nugar\u0105? L9 \u017eem\u0173 eili\u0173 treniruoklis sukurtas kontroliuojamiems, efektyviems traukimo pratimams ir raumen\u0173 vystymui.\" \/>\n<meta name=\"robots\" content=\"index, follow, max-snippet:-1, max-image-preview:large, max-video-preview:-1\" \/>\n<link rel=\"canonical\" href=\"https:\/\/gymfactory.eu\/lt\/produktas\/l9-zemos-eiles-masina-sverto-sedimoji-eilute\/\" \/>\n<meta property=\"og:locale\" content=\"lt_LT\" \/>\n<meta property=\"og:type\" content=\"article\" \/>\n<meta property=\"og:title\" content=\"L9 Low Row Machine | Nugaros stiprinimo treniruo\u010di\u0173 \u012franga\" \/>\n<meta property=\"og:description\" content=\"Norite rimtai treniruoti nugar\u0105? L9 \u017eem\u0173 eili\u0173 treniruoklis sukurtas kontroliuojamiems, efektyviems traukimo pratimams ir raumen\u0173 vystymui.\" \/>\n<meta property=\"og:url\" content=\"https:\/\/gymfactory.eu\/lt\/produktas\/l9-zemos-eiles-masina-sverto-sedimoji-eilute\/\" \/>\n<meta property=\"og:site_name\" content=\"Gym Factory\" \/>\n<meta property=\"article:modified_time\" content=\"2025-11-21T12:36:06+00:00\" \/>\n<meta property=\"og:image\" content=\"https:\/\/gymfactory.eu\/wp-content\/uploads\/2025\/02\/gym-machine-L9-side-view-1.webp\" \/>\n\t<meta property=\"og:image:width\" content=\"1500\" \/>\n\t<meta property=\"og:image:height\" content=\"1500\" \/>\n\t<meta property=\"og:image:type\" content=\"image\/webp\" \/>\n<meta name=\"twitter:card\" content=\"summary_large_image\" \/>\n<meta name=\"twitter:label1\" content=\"Est. reading time\" \/>\n\t<meta name=\"twitter:data1\" content=\"1 minut\u0117\" \/>\n<script type=\"application\/ld+json\" class=\"yoast-schema-graph\">{\"@context\":\"https:\/\/schema.org\",\"@graph\":[{\"@type\":\"WebPage\",\"@id\":\"https:\/\/gymfactory.eu\/lt\/produktas\/l9-zemos-eiles-masina-sverto-sedimoji-eilute\/\",\"url\":\"https:\/\/gymfactory.eu\/lt\/produktas\/l9-zemos-eiles-masina-sverto-sedimoji-eilute\/\",\"name\":\"L9 Low Row Machine | Nugaros stiprinimo treniruo\u010di\u0173 \u012franga\",\"isPartOf\":{\"@id\":\"https:\/\/gymfactory.eu\/lt\/#website\"},\"primaryImageOfPage\":{\"@id\":\"https:\/\/gymfactory.eu\/lt\/produktas\/l9-zemos-eiles-masina-sverto-sedimoji-eilute\/#primaryimage\"},\"image\":{\"@id\":\"https:\/\/gymfactory.eu\/lt\/produktas\/l9-zemos-eiles-masina-sverto-sedimoji-eilute\/#primaryimage\"},\"thumbnailUrl\":\"https:\/\/gymfactory.eu\/wp-content\/uploads\/2025\/02\/gym-machine-L9-side-view-1.webp\",\"datePublished\":\"2025-02-03T07:51:52+00:00\",\"dateModified\":\"2025-11-21T12:36:06+00:00\",\"description\":\"Norite rimtai treniruoti nugar\u0105? L9 \u017eem\u0173 eili\u0173 treniruoklis sukurtas kontroliuojamiems, efektyviems traukimo pratimams ir raumen\u0173 vystymui.\",\"breadcrumb\":{\"@id\":\"https:\/\/gymfactory.eu\/lt\/produktas\/l9-zemos-eiles-masina-sverto-sedimoji-eilute\/#breadcrumb\"},\"inLanguage\":\"lt-LT\",\"potentialAction\":[{\"@type\":\"ReadAction\",\"target\":[\"https:\/\/gymfactory.eu\/lt\/produktas\/l9-zemos-eiles-masina-sverto-sedimoji-eilute\/\"]}]},{\"@type\":\"ImageObject\",\"inLanguage\":\"lt-LT\",\"@id\":\"https:\/\/gymfactory.eu\/lt\/produktas\/l9-zemos-eiles-masina-sverto-sedimoji-eilute\/#primaryimage\",\"url\":\"https:\/\/gymfactory.eu\/wp-content\/uploads\/2025\/02\/gym-machine-L9-side-view-1.webp\",\"contentUrl\":\"https:\/\/gymfactory.eu\/wp-content\/uploads\/2025\/02\/gym-machine-L9-side-view-1.webp\",\"width\":1500,\"height\":1500,\"caption\":\"Sporto treniruoklio vaizdas i\u0161 \u0161ono i\u0161ry\u0161kina sustiprint\u0105 plienin\u0119 konstrukcij\u0105 ir strategi\u0161kai i\u0161d\u0117stytas rankenas. Juoda mink\u0161ta s\u0117dyn\u0117 ir atlo\u0161as u\u017etikrina ergonomi\u0161k\u0105 atram\u0105, o svori\u0173 \u012fkrovos ta\u0161kai leid\u017eia palaipsniui treniruoti pasiprie\u0161inim\u0105.\"},{\"@type\":\"BreadcrumbList\",\"@id\":\"https:\/\/gymfactory.eu\/lt\/produktas\/l9-zemos-eiles-masina-sverto-sedimoji-eilute\/#breadcrumb\",\"itemListElement\":[{\"@type\":\"ListItem\",\"position\":1,\"name\":\"Pagrindinis\",\"item\":\"https:\/\/gymfactory.eu\/lt\/\"},{\"@type\":\"ListItem\",\"position\":2,\"name\":\"Katalogas\",\"item\":\"https:\/\/gymfactory.eu\/lt\/katalogas\/\"},{\"@type\":\"ListItem\",\"position\":3,\"name\":\"L9 Nugaros treniruoklis &#8211; horizontali trauka\"}]},{\"@type\":\"WebSite\",\"@id\":\"https:\/\/gymfactory.eu\/lt\/#website\",\"url\":\"https:\/\/gymfactory.eu\/lt\/\",\"name\":\"Gym Factory\",\"description\":\"\",\"publisher\":{\"@id\":\"https:\/\/gymfactory.eu\/lt\/#organization\"},\"potentialAction\":[{\"@type\":\"SearchAction\",\"target\":{\"@type\":\"EntryPoint\",\"urlTemplate\":\"https:\/\/gymfactory.eu\/lt\/?s={search_term_string}\"},\"query-input\":{\"@type\":\"PropertyValueSpecification\",\"valueRequired\":true,\"valueName\":\"search_term_string\"}}],\"inLanguage\":\"lt-LT\"},{\"@type\":\"Organization\",\"@id\":\"https:\/\/gymfactory.eu\/lt\/#organization\",\"name\":\"Sporto sal\u0117s gamykla\",\"url\":\"https:\/\/gymfactory.eu\/lt\/\",\"logo\":{\"@type\":\"ImageObject\",\"inLanguage\":\"lt-LT\",\"@id\":\"https:\/\/gymfactory.eu\/lt\/#\/schema\/logo\/image\/\",\"url\":\"https:\/\/gymfactory.eu\/wp-content\/uploads\/2024\/11\/Component-1.svg\",\"contentUrl\":\"https:\/\/gymfactory.eu\/wp-content\/uploads\/2024\/11\/Component-1.svg\",\"width\":54,\"height\":44,\"caption\":\"Sporto sal\u0117s gamykla\"},\"image\":{\"@id\":\"https:\/\/gymfactory.eu\/lt\/#\/schema\/logo\/image\/\"}}]}<\/script>\n<!-- \/ Yoast SEO plugin. -->","yoast_head_json":{"title":"L9 Low Row Machine | Nugaros stiprinimo treniruo\u010di\u0173 \u012franga","description":"Norite rimtai treniruoti nugar\u0105? L9 \u017eem\u0173 eili\u0173 treniruoklis sukurtas kontroliuojamiems, efektyviems traukimo pratimams ir raumen\u0173 vystymui.","robots":{"index":"index","follow":"follow","max-snippet":"max-snippet:-1","max-image-preview":"max-image-preview:large","max-video-preview":"max-video-preview:-1"},"canonical":"https:\/\/gymfactory.eu\/lt\/produktas\/l9-zemos-eiles-masina-sverto-sedimoji-eilute\/","og_locale":"lt_LT","og_type":"article","og_title":"L9 Low Row Machine | Nugaros stiprinimo treniruo\u010di\u0173 \u012franga","og_description":"Norite rimtai treniruoti nugar\u0105? L9 \u017eem\u0173 eili\u0173 treniruoklis sukurtas kontroliuojamiems, efektyviems traukimo pratimams ir raumen\u0173 vystymui.","og_url":"https:\/\/gymfactory.eu\/lt\/produktas\/l9-zemos-eiles-masina-sverto-sedimoji-eilute\/","og_site_name":"Gym Factory","article_modified_time":"2025-11-21T12:36:06+00:00","og_image":[{"width":1500,"height":1500,"url":"https:\/\/gymfactory.eu\/wp-content\/uploads\/2025\/02\/gym-machine-L9-side-view-1.webp","type":"image\/webp"}],"twitter_card":"summary_large_image","twitter_misc":{"Est. reading time":"1 minut\u0117"},"schema":{"@context":"https:\/\/schema.org","@graph":[{"@type":"WebPage","@id":"https:\/\/gymfactory.eu\/lt\/produktas\/l9-zemos-eiles-masina-sverto-sedimoji-eilute\/","url":"https:\/\/gymfactory.eu\/lt\/produktas\/l9-zemos-eiles-masina-sverto-sedimoji-eilute\/","name":"L9 Low Row Machine | Nugaros stiprinimo treniruo\u010di\u0173 \u012franga","isPartOf":{"@id":"https:\/\/gymfactory.eu\/lt\/#website"},"primaryImageOfPage":{"@id":"https:\/\/gymfactory.eu\/lt\/produktas\/l9-zemos-eiles-masina-sverto-sedimoji-eilute\/#primaryimage"},"image":{"@id":"https:\/\/gymfactory.eu\/lt\/produktas\/l9-zemos-eiles-masina-sverto-sedimoji-eilute\/#primaryimage"},"thumbnailUrl":"https:\/\/gymfactory.eu\/wp-content\/uploads\/2025\/02\/gym-machine-L9-side-view-1.webp","datePublished":"2025-02-03T07:51:52+00:00","dateModified":"2025-11-21T12:36:06+00:00","description":"Norite rimtai treniruoti nugar\u0105? L9 \u017eem\u0173 eili\u0173 treniruoklis sukurtas kontroliuojamiems, efektyviems traukimo pratimams ir raumen\u0173 vystymui.","breadcrumb":{"@id":"https:\/\/gymfactory.eu\/lt\/produktas\/l9-zemos-eiles-masina-sverto-sedimoji-eilute\/#breadcrumb"},"inLanguage":"lt-LT","potentialAction":[{"@type":"ReadAction","target":["https:\/\/gymfactory.eu\/lt\/produktas\/l9-zemos-eiles-masina-sverto-sedimoji-eilute\/"]}]},{"@type":"ImageObject","inLanguage":"lt-LT","@id":"https:\/\/gymfactory.eu\/lt\/produktas\/l9-zemos-eiles-masina-sverto-sedimoji-eilute\/#primaryimage","url":"https:\/\/gymfactory.eu\/wp-content\/uploads\/2025\/02\/gym-machine-L9-side-view-1.webp","contentUrl":"https:\/\/gymfactory.eu\/wp-content\/uploads\/2025\/02\/gym-machine-L9-side-view-1.webp","width":1500,"height":1500,"caption":"Sporto treniruoklio vaizdas i\u0161 \u0161ono i\u0161ry\u0161kina sustiprint\u0105 plienin\u0119 konstrukcij\u0105 ir strategi\u0161kai i\u0161d\u0117stytas rankenas. Juoda mink\u0161ta s\u0117dyn\u0117 ir atlo\u0161as u\u017etikrina ergonomi\u0161k\u0105 atram\u0105, o svori\u0173 \u012fkrovos ta\u0161kai leid\u017eia palaipsniui treniruoti pasiprie\u0161inim\u0105."},{"@type":"BreadcrumbList","@id":"https:\/\/gymfactory.eu\/lt\/produktas\/l9-zemos-eiles-masina-sverto-sedimoji-eilute\/#breadcrumb","itemListElement":[{"@type":"ListItem","position":1,"name":"Pagrindinis","item":"https:\/\/gymfactory.eu\/lt\/"},{"@type":"ListItem","position":2,"name":"Katalogas","item":"https:\/\/gymfactory.eu\/lt\/katalogas\/"},{"@type":"ListItem","position":3,"name":"L9 Nugaros treniruoklis &#8211; horizontali trauka"}]},{"@type":"WebSite","@id":"https:\/\/gymfactory.eu\/lt\/#website","url":"https:\/\/gymfactory.eu\/lt\/","name":"Gym Factory","description":"","publisher":{"@id":"https:\/\/gymfactory.eu\/lt\/#organization"},"potentialAction":[{"@type":"SearchAction","target":{"@type":"EntryPoint","urlTemplate":"https:\/\/gymfactory.eu\/lt\/?s={search_term_string}"},"query-input":{"@type":"PropertyValueSpecification","valueRequired":true,"valueName":"search_term_string"}}],"inLanguage":"lt-LT"},{"@type":"Organization","@id":"https:\/\/gymfactory.eu\/lt\/#organization","name":"Sporto sal\u0117s gamykla","url":"https:\/\/gymfactory.eu\/lt\/","logo":{"@type":"ImageObject","inLanguage":"lt-LT","@id":"https:\/\/gymfactory.eu\/lt\/#\/schema\/logo\/image\/","url":"https:\/\/gymfactory.eu\/wp-content\/uploads\/2024\/11\/Component-1.svg","contentUrl":"https:\/\/gymfactory.eu\/wp-content\/uploads\/2024\/11\/Component-1.svg","width":54,"height":44,"caption":"Sporto sal\u0117s gamykla"},"image":{"@id":"https:\/\/gymfactory.eu\/lt\/#\/schema\/logo\/image\/"}}]}},"_links":{"self":[{"href":"https:\/\/gymfactory.eu\/lt\/wp-json\/wp\/v2\/product\/10118","targetHints":{"allow":["GET"]}}],"collection":[{"href":"https:\/\/gymfactory.eu\/lt\/wp-json\/wp\/v2\/product"}],"about":[{"href":"https:\/\/gymfactory.eu\/lt\/wp-json\/wp\/v2\/types\/product"}],"wp:featuredmedia":[{"embeddable":true,"href":"https:\/\/gymfactory.eu\/lt\/wp-json\/wp\/v2\/media\/8594"}],"wp:attachment":[{"href":"https:\/\/gymfactory.eu\/lt\/wp-json\/wp\/v2\/media?parent=10118"}],"wp:term":[{"taxonomy":"product_brand","embeddable":true,"href":"https:\/\/gymfactory.eu\/lt\/wp-json\/wp\/v2\/product_brand?post=10118"},{"taxonomy":"product_cat","embeddable":true,"href":"https:\/\/gymfactory.eu\/lt\/wp-json\/wp\/v2\/product_cat?post=10118"},{"taxonomy":"product_tag","embeddable":true,"href":"https:\/\/gymfactory.eu\/lt\/wp-json\/wp\/v2\/product_tag?post=10118"}],"curies":[{"name":"wp","href":"https:\/\/api.w.org\/{rel}","templated":true}]}}