{"id":10117,"date":"2025-02-03T07:55:14","date_gmt":"2025-02-03T05:55:14","guid":{"rendered":"https:\/\/gymfactory.eu\/product\/l8-lat-pulldown-masina-priekinis-traukimas\/"},"modified":"2025-11-21T14:22:10","modified_gmt":"2025-11-21T12:22:10","slug":"l8-lat-pulldown-masina-priekinis-traukimas","status":"publish","type":"product","link":"https:\/\/gymfactory.eu\/lt\/produktas\/l8-lat-pulldown-masina-priekinis-traukimas\/","title":{"rendered":"L8 Nugaros treniruoklis &#8211; vertikali trauka"},"content":{"rendered":"<p>L8 nugaros treniruoklis &#8211; trauka i\u0161 vir\u0161aus \u2013 patikima priemon\u0117 efektyvioms vir\u0161utin\u0117s k\u016bno dalies treniruot\u0117ms tiek namuose, tiek profesionaliose sporto sal\u0117se. Tvirta konstrukcija ir skland\u017eiai veikiantis mechanizmas leid\u017eia atlikti kontroliuojamus, tikslingus traukos judesius.<\/p>\n<p>Treniruoklis skirtas traukoms vir\u0161 galvos (i\u0161 priekio) \u2013 \u0161is pratimas stiprina plat\u0173j\u012f nugaros raumen\u012f, vir\u0161utin\u0119 nugaros dal\u012f, galinius delt\u0173 raumenis. Traukos eiga seka nat\u016brali\u0105 alk\u016bni\u0173 trajektorij\u0105 \u2013 \u017eemyn ir \u0161iek tiek atgal \u2013 tod\u0117l rankenos traukiasi ar\u010diau k\u016bno, o ne tiesiai. Tai padeda geriau \u012ftraukti traukos raumenis ir i\u0161laikyti taisykling\u0105 technik\u0105.<\/p>\n<p>Reguliuojamas s\u0117dyn\u0117s auk\u0161tis ir \u0161laun\u0173 fiksavimo pagalv\u0117l\u0117 leid\u017eia tiksliai prisitaikyti prie k\u016bno pad\u0117ties, u\u017etikrinant komfort\u0105 ir stabilum\u0105 kiekvienos serijos metu.<\/p>\n<p>L8 \u2013 prakti\u0161kas, funkcionalus ir patikimas treniruoklis pagrindiniams vir\u0161utin\u0117s k\u016bno dalies raumenims stiprinti.<\/p>\n\n    <div class=\"xs_social_share_widget xs_share_url after_content \t\tmain_content  wslu-style-1 wslu-share-box-shaped wslu-fill-colored wslu-none wslu-share-horizontal wslu-theme-font-no wslu-main_content\">\n\n\t\t\n        <ul>\n\t\t\t        <\/ul>\n    <\/div> \n","protected":false},"excerpt":{"rendered":"<p>L8 nugaros treniruoklis &#8211; trauka i\u0161 vir\u0161aus \u2013 patikima priemon\u0117 efektyvioms vir\u0161utin\u0117s k\u016bno dalies treniruot\u0117ms tiek namuose, tiek profesionaliose sporto sal\u0117se. Tvirta konstrukcija ir skland\u017eiai veikiantis mechanizmas leid\u017eia atlikti kontroliuojamus, tikslingus traukos judesius. Treniruoklis skirtas traukoms vir\u0161 galvos (i\u0161 priekio) \u2013 \u0161is pratimas stiprina plat\u0173j\u012f nugaros raumen\u012f, vir\u0161utin\u0119 nugaros dal\u012f, galinius delt\u0173 raumenis. Traukos eiga [&hellip;]<\/p>\n","protected":false},"featured_media":9055,"template":"","meta":{"_acf_changed":false},"product_brand":[817],"product_cat":[421],"product_tag":[],"class_list":{"0":"post-10117","1":"product","2":"type-product","3":"status-publish","4":"has-post-thumbnail","6":"product_brand-gym-factory-lt","7":"product_cat-laisvu-svoriu-treniruokliai","9":"first","10":"onbackorder","11":"taxable","12":"shipping-taxable","13":"purchasable","14":"product-type-variable","15":"has-default-attributes"},"acf":[],"yoast_head":"<!-- This site is optimized with the Yoast SEO plugin v25.2 - https:\/\/yoast.com\/wordpress\/plugins\/seo\/ -->\n<title>L8 Lat Pulldown Machine | Nam\u0173 ir profesionalios sporto sal\u0117s nustatymas<\/title>\n<meta name=\"description\" content=\"Reikia lat treniruoklio bet kokiai sporto sal\u0117s \u012frangai? L8 Lat Pulldown Machine puikiai tinka naudoti namuose ar profesionalams, nes u\u017etikrina skland\u0173 jud\u0117jim\u0105 ir treniruotes, skirtas nugarai.\" \/>\n<meta name=\"robots\" content=\"index, follow, max-snippet:-1, max-image-preview:large, max-video-preview:-1\" \/>\n<link rel=\"canonical\" href=\"https:\/\/gymfactory.eu\/lt\/produktas\/l8-lat-pulldown-masina-priekinis-traukimas\/\" \/>\n<meta property=\"og:locale\" content=\"lt_LT\" \/>\n<meta property=\"og:type\" content=\"article\" \/>\n<meta property=\"og:title\" content=\"L8 Lat Pulldown Machine | Nam\u0173 ir profesionalios sporto sal\u0117s nustatymas\" \/>\n<meta property=\"og:description\" content=\"Reikia lat treniruoklio bet kokiai sporto sal\u0117s \u012frangai? L8 Lat Pulldown Machine puikiai tinka naudoti namuose ar profesionalams, nes u\u017etikrina skland\u0173 jud\u0117jim\u0105 ir treniruotes, skirtas nugarai.\" \/>\n<meta property=\"og:url\" content=\"https:\/\/gymfactory.eu\/lt\/produktas\/l8-lat-pulldown-masina-priekinis-traukimas\/\" \/>\n<meta property=\"og:site_name\" content=\"Gym Factory\" \/>\n<meta property=\"article:modified_time\" content=\"2025-11-21T12:22:10+00:00\" \/>\n<meta property=\"og:image\" content=\"https:\/\/gymfactory.eu\/wp-content\/uploads\/2025\/02\/gym-machine-L8-lat-pulldown-side-view-1-1.webp\" \/>\n\t<meta property=\"og:image:width\" content=\"1500\" \/>\n\t<meta property=\"og:image:height\" content=\"1500\" \/>\n\t<meta property=\"og:image:type\" content=\"image\/webp\" \/>\n<meta name=\"twitter:card\" content=\"summary_large_image\" \/>\n<meta name=\"twitter:label1\" content=\"Est. reading time\" \/>\n\t<meta name=\"twitter:data1\" content=\"1 minut\u0117\" \/>\n<script type=\"application\/ld+json\" class=\"yoast-schema-graph\">{\"@context\":\"https:\/\/schema.org\",\"@graph\":[{\"@type\":\"WebPage\",\"@id\":\"https:\/\/gymfactory.eu\/lt\/produktas\/l8-lat-pulldown-masina-priekinis-traukimas\/\",\"url\":\"https:\/\/gymfactory.eu\/lt\/produktas\/l8-lat-pulldown-masina-priekinis-traukimas\/\",\"name\":\"L8 Lat Pulldown Machine | Nam\u0173 ir profesionalios sporto sal\u0117s nustatymas\",\"isPartOf\":{\"@id\":\"https:\/\/gymfactory.eu\/lt\/#website\"},\"primaryImageOfPage\":{\"@id\":\"https:\/\/gymfactory.eu\/lt\/produktas\/l8-lat-pulldown-masina-priekinis-traukimas\/#primaryimage\"},\"image\":{\"@id\":\"https:\/\/gymfactory.eu\/lt\/produktas\/l8-lat-pulldown-masina-priekinis-traukimas\/#primaryimage\"},\"thumbnailUrl\":\"https:\/\/gymfactory.eu\/wp-content\/uploads\/2025\/02\/gym-machine-L8-lat-pulldown-side-view-1-1.webp\",\"datePublished\":\"2025-02-03T05:55:14+00:00\",\"dateModified\":\"2025-11-21T12:22:10+00:00\",\"description\":\"Reikia lat treniruoklio bet kokiai sporto sal\u0117s \u012frangai? L8 Lat Pulldown Machine puikiai tinka naudoti namuose ar profesionalams, nes u\u017etikrina skland\u0173 jud\u0117jim\u0105 ir treniruotes, skirtas nugarai.\",\"breadcrumb\":{\"@id\":\"https:\/\/gymfactory.eu\/lt\/produktas\/l8-lat-pulldown-masina-priekinis-traukimas\/#breadcrumb\"},\"inLanguage\":\"lt-LT\",\"potentialAction\":[{\"@type\":\"ReadAction\",\"target\":[\"https:\/\/gymfactory.eu\/lt\/produktas\/l8-lat-pulldown-masina-priekinis-traukimas\/\"]}]},{\"@type\":\"ImageObject\",\"inLanguage\":\"lt-LT\",\"@id\":\"https:\/\/gymfactory.eu\/lt\/produktas\/l8-lat-pulldown-masina-priekinis-traukimas\/#primaryimage\",\"url\":\"https:\/\/gymfactory.eu\/wp-content\/uploads\/2025\/02\/gym-machine-L8-lat-pulldown-side-view-1-1.webp\",\"contentUrl\":\"https:\/\/gymfactory.eu\/wp-content\/uploads\/2025\/02\/gym-machine-L8-lat-pulldown-side-view-1-1.webp\",\"width\":1500,\"height\":1500,\"caption\":\"Profesionalaus treniruoklio \\\"Lat pulldown\\\" \u0161oninis vaizdas, kuriame matyti tvirtas plieninis r\u0117mas ir auk\u0161tos kokyb\u0117s konstrukcija. \u0160is treniruoklis skirtas vir\u0161utinei k\u016bno daliai treniruoti, turi skland\u017ei\u0105 jud\u0117jimo lynu sistem\u0105, reguliuojam\u0105 s\u0117dyn\u0117s auk\u0161t\u012f ir svori\u0173 plok\u0161teli\u0173 laikiklius individualiam pasiprie\u0161inimo lygiui.\"},{\"@type\":\"BreadcrumbList\",\"@id\":\"https:\/\/gymfactory.eu\/lt\/produktas\/l8-lat-pulldown-masina-priekinis-traukimas\/#breadcrumb\",\"itemListElement\":[{\"@type\":\"ListItem\",\"position\":1,\"name\":\"Pagrindinis\",\"item\":\"https:\/\/gymfactory.eu\/lt\/\"},{\"@type\":\"ListItem\",\"position\":2,\"name\":\"Katalogas\",\"item\":\"https:\/\/gymfactory.eu\/lt\/katalogas\/\"},{\"@type\":\"ListItem\",\"position\":3,\"name\":\"L8 Nugaros treniruoklis &#8211; vertikali trauka\"}]},{\"@type\":\"WebSite\",\"@id\":\"https:\/\/gymfactory.eu\/lt\/#website\",\"url\":\"https:\/\/gymfactory.eu\/lt\/\",\"name\":\"Gym Factory\",\"description\":\"\",\"publisher\":{\"@id\":\"https:\/\/gymfactory.eu\/lt\/#organization\"},\"potentialAction\":[{\"@type\":\"SearchAction\",\"target\":{\"@type\":\"EntryPoint\",\"urlTemplate\":\"https:\/\/gymfactory.eu\/lt\/?s={search_term_string}\"},\"query-input\":{\"@type\":\"PropertyValueSpecification\",\"valueRequired\":true,\"valueName\":\"search_term_string\"}}],\"inLanguage\":\"lt-LT\"},{\"@type\":\"Organization\",\"@id\":\"https:\/\/gymfactory.eu\/lt\/#organization\",\"name\":\"Sporto sal\u0117s gamykla\",\"url\":\"https:\/\/gymfactory.eu\/lt\/\",\"logo\":{\"@type\":\"ImageObject\",\"inLanguage\":\"lt-LT\",\"@id\":\"https:\/\/gymfactory.eu\/lt\/#\/schema\/logo\/image\/\",\"url\":\"https:\/\/gymfactory.eu\/wp-content\/uploads\/2024\/11\/Component-1.svg\",\"contentUrl\":\"https:\/\/gymfactory.eu\/wp-content\/uploads\/2024\/11\/Component-1.svg\",\"width\":54,\"height\":44,\"caption\":\"Sporto sal\u0117s gamykla\"},\"image\":{\"@id\":\"https:\/\/gymfactory.eu\/lt\/#\/schema\/logo\/image\/\"}}]}<\/script>\n<!-- \/ Yoast SEO plugin. -->","yoast_head_json":{"title":"L8 Lat Pulldown Machine | Nam\u0173 ir profesionalios sporto sal\u0117s nustatymas","description":"Reikia lat treniruoklio bet kokiai sporto sal\u0117s \u012frangai? L8 Lat Pulldown Machine puikiai tinka naudoti namuose ar profesionalams, nes u\u017etikrina skland\u0173 jud\u0117jim\u0105 ir treniruotes, skirtas nugarai.","robots":{"index":"index","follow":"follow","max-snippet":"max-snippet:-1","max-image-preview":"max-image-preview:large","max-video-preview":"max-video-preview:-1"},"canonical":"https:\/\/gymfactory.eu\/lt\/produktas\/l8-lat-pulldown-masina-priekinis-traukimas\/","og_locale":"lt_LT","og_type":"article","og_title":"L8 Lat Pulldown Machine | Nam\u0173 ir profesionalios sporto sal\u0117s nustatymas","og_description":"Reikia lat treniruoklio bet kokiai sporto sal\u0117s \u012frangai? L8 Lat Pulldown Machine puikiai tinka naudoti namuose ar profesionalams, nes u\u017etikrina skland\u0173 jud\u0117jim\u0105 ir treniruotes, skirtas nugarai.","og_url":"https:\/\/gymfactory.eu\/lt\/produktas\/l8-lat-pulldown-masina-priekinis-traukimas\/","og_site_name":"Gym Factory","article_modified_time":"2025-11-21T12:22:10+00:00","og_image":[{"width":1500,"height":1500,"url":"https:\/\/gymfactory.eu\/wp-content\/uploads\/2025\/02\/gym-machine-L8-lat-pulldown-side-view-1-1.webp","type":"image\/webp"}],"twitter_card":"summary_large_image","twitter_misc":{"Est. reading time":"1 minut\u0117"},"schema":{"@context":"https:\/\/schema.org","@graph":[{"@type":"WebPage","@id":"https:\/\/gymfactory.eu\/lt\/produktas\/l8-lat-pulldown-masina-priekinis-traukimas\/","url":"https:\/\/gymfactory.eu\/lt\/produktas\/l8-lat-pulldown-masina-priekinis-traukimas\/","name":"L8 Lat Pulldown Machine | Nam\u0173 ir profesionalios sporto sal\u0117s nustatymas","isPartOf":{"@id":"https:\/\/gymfactory.eu\/lt\/#website"},"primaryImageOfPage":{"@id":"https:\/\/gymfactory.eu\/lt\/produktas\/l8-lat-pulldown-masina-priekinis-traukimas\/#primaryimage"},"image":{"@id":"https:\/\/gymfactory.eu\/lt\/produktas\/l8-lat-pulldown-masina-priekinis-traukimas\/#primaryimage"},"thumbnailUrl":"https:\/\/gymfactory.eu\/wp-content\/uploads\/2025\/02\/gym-machine-L8-lat-pulldown-side-view-1-1.webp","datePublished":"2025-02-03T05:55:14+00:00","dateModified":"2025-11-21T12:22:10+00:00","description":"Reikia lat treniruoklio bet kokiai sporto sal\u0117s \u012frangai? L8 Lat Pulldown Machine puikiai tinka naudoti namuose ar profesionalams, nes u\u017etikrina skland\u0173 jud\u0117jim\u0105 ir treniruotes, skirtas nugarai.","breadcrumb":{"@id":"https:\/\/gymfactory.eu\/lt\/produktas\/l8-lat-pulldown-masina-priekinis-traukimas\/#breadcrumb"},"inLanguage":"lt-LT","potentialAction":[{"@type":"ReadAction","target":["https:\/\/gymfactory.eu\/lt\/produktas\/l8-lat-pulldown-masina-priekinis-traukimas\/"]}]},{"@type":"ImageObject","inLanguage":"lt-LT","@id":"https:\/\/gymfactory.eu\/lt\/produktas\/l8-lat-pulldown-masina-priekinis-traukimas\/#primaryimage","url":"https:\/\/gymfactory.eu\/wp-content\/uploads\/2025\/02\/gym-machine-L8-lat-pulldown-side-view-1-1.webp","contentUrl":"https:\/\/gymfactory.eu\/wp-content\/uploads\/2025\/02\/gym-machine-L8-lat-pulldown-side-view-1-1.webp","width":1500,"height":1500,"caption":"Profesionalaus treniruoklio \"Lat pulldown\" \u0161oninis vaizdas, kuriame matyti tvirtas plieninis r\u0117mas ir auk\u0161tos kokyb\u0117s konstrukcija. \u0160is treniruoklis skirtas vir\u0161utinei k\u016bno daliai treniruoti, turi skland\u017ei\u0105 jud\u0117jimo lynu sistem\u0105, reguliuojam\u0105 s\u0117dyn\u0117s auk\u0161t\u012f ir svori\u0173 plok\u0161teli\u0173 laikiklius individualiam pasiprie\u0161inimo lygiui."},{"@type":"BreadcrumbList","@id":"https:\/\/gymfactory.eu\/lt\/produktas\/l8-lat-pulldown-masina-priekinis-traukimas\/#breadcrumb","itemListElement":[{"@type":"ListItem","position":1,"name":"Pagrindinis","item":"https:\/\/gymfactory.eu\/lt\/"},{"@type":"ListItem","position":2,"name":"Katalogas","item":"https:\/\/gymfactory.eu\/lt\/katalogas\/"},{"@type":"ListItem","position":3,"name":"L8 Nugaros treniruoklis &#8211; vertikali trauka"}]},{"@type":"WebSite","@id":"https:\/\/gymfactory.eu\/lt\/#website","url":"https:\/\/gymfactory.eu\/lt\/","name":"Gym Factory","description":"","publisher":{"@id":"https:\/\/gymfactory.eu\/lt\/#organization"},"potentialAction":[{"@type":"SearchAction","target":{"@type":"EntryPoint","urlTemplate":"https:\/\/gymfactory.eu\/lt\/?s={search_term_string}"},"query-input":{"@type":"PropertyValueSpecification","valueRequired":true,"valueName":"search_term_string"}}],"inLanguage":"lt-LT"},{"@type":"Organization","@id":"https:\/\/gymfactory.eu\/lt\/#organization","name":"Sporto sal\u0117s gamykla","url":"https:\/\/gymfactory.eu\/lt\/","logo":{"@type":"ImageObject","inLanguage":"lt-LT","@id":"https:\/\/gymfactory.eu\/lt\/#\/schema\/logo\/image\/","url":"https:\/\/gymfactory.eu\/wp-content\/uploads\/2024\/11\/Component-1.svg","contentUrl":"https:\/\/gymfactory.eu\/wp-content\/uploads\/2024\/11\/Component-1.svg","width":54,"height":44,"caption":"Sporto sal\u0117s gamykla"},"image":{"@id":"https:\/\/gymfactory.eu\/lt\/#\/schema\/logo\/image\/"}}]}},"_links":{"self":[{"href":"https:\/\/gymfactory.eu\/lt\/wp-json\/wp\/v2\/product\/10117","targetHints":{"allow":["GET"]}}],"collection":[{"href":"https:\/\/gymfactory.eu\/lt\/wp-json\/wp\/v2\/product"}],"about":[{"href":"https:\/\/gymfactory.eu\/lt\/wp-json\/wp\/v2\/types\/product"}],"wp:featuredmedia":[{"embeddable":true,"href":"https:\/\/gymfactory.eu\/lt\/wp-json\/wp\/v2\/media\/9055"}],"wp:attachment":[{"href":"https:\/\/gymfactory.eu\/lt\/wp-json\/wp\/v2\/media?parent=10117"}],"wp:term":[{"taxonomy":"product_brand","embeddable":true,"href":"https:\/\/gymfactory.eu\/lt\/wp-json\/wp\/v2\/product_brand?post=10117"},{"taxonomy":"product_cat","embeddable":true,"href":"https:\/\/gymfactory.eu\/lt\/wp-json\/wp\/v2\/product_cat?post=10117"},{"taxonomy":"product_tag","embeddable":true,"href":"https:\/\/gymfactory.eu\/lt\/wp-json\/wp\/v2\/product_tag?post=10117"}],"curies":[{"name":"wp","href":"https:\/\/api.w.org\/{rel}","templated":true}]}}