{"id":10115,"date":"2025-02-11T09:56:03","date_gmt":"2025-02-11T07:56:03","guid":{"rendered":"https:\/\/gymfactory.eu\/product\/f1x-scott-suoliukas\/"},"modified":"2025-12-03T13:39:30","modified_gmt":"2025-12-03T11:39:30","slug":"f1x-scott-suoliukas","status":"publish","type":"product","link":"https:\/\/gymfactory.eu\/lt\/produktas\/f1x-scott-suoliukas\/","title":{"rendered":"F1X &#8222;Skoto&#8221; suoliukas"},"content":{"rendered":"<p>F1X &#8222;Skoto&#8221; suoliukas \u2013 specializuotas treniruoklis izoliuotam biceps\u0173 lavinimui. Tinka tiek nam\u0173 treniruo\u010di\u0173 erdv\u0117ms, tiek profesionalioms sporto sal\u0117ms, kur svarbi taisyklinga atlikimo technika ir judesio kontrol\u0117.<\/p>\n<p>\u012erengtas \u0161tangos laikiklis leid\u017eia patogiai pasiruo\u0161ti kiekvienam pakartojimui. Reguliuojamas s\u0117dyn\u0117s auk\u0161tis padeda pritaikyti pozicij\u0105 pagal sportuojan\u010dio \u016bg\u012f ir rank\u0173 ilg\u012f. Po kampu esan\u010dios rank\u0173 atramos stabilizuoja judes\u012f ir leid\u017eia vis\u0105 apkrov\u0105 sutelkti \u012f bicepsus.<\/p>\n<p>\u0160is suoliukas sukurtas tam, kad maksimaliai i\u0161naudotum izoliacinius biceps\u0173 pratimus su \u0161tanga, EZ \u0161tanga ar hanteliais \u2013 stiprinant j\u0117g\u0105, form\u0105 ir kontrol\u0119.<\/p>\n\n    <div class=\"xs_social_share_widget xs_share_url after_content \t\tmain_content  wslu-style-1 wslu-share-box-shaped wslu-fill-colored wslu-none wslu-share-horizontal wslu-theme-font-no wslu-main_content\">\n\n\t\t\n        <ul>\n\t\t\t        <\/ul>\n    <\/div> \n","protected":false},"excerpt":{"rendered":"<p>F1X &#8222;Skoto&#8221; suoliukas \u2013 specializuotas treniruoklis izoliuotam biceps\u0173 lavinimui. Tinka tiek nam\u0173 treniruo\u010di\u0173 erdv\u0117ms, tiek profesionalioms sporto sal\u0117ms, kur svarbi taisyklinga atlikimo technika ir judesio kontrol\u0117. \u012erengtas \u0161tangos laikiklis leid\u017eia patogiai pasiruo\u0161ti kiekvienam pakartojimui. Reguliuojamas s\u0117dyn\u0117s auk\u0161tis padeda pritaikyti pozicij\u0105 pagal sportuojan\u010dio \u016bg\u012f ir rank\u0173 ilg\u012f. Po kampu esan\u010dios rank\u0173 atramos stabilizuoja judes\u012f ir leid\u017eia [&hellip;]<\/p>\n","protected":false},"featured_media":8836,"template":"","meta":{"_acf_changed":false},"product_brand":[817],"product_cat":[437],"product_tag":[],"class_list":{"0":"post-10115","1":"product","2":"type-product","3":"status-publish","4":"has-post-thumbnail","6":"product_brand-gym-factory-lt","7":"product_cat-treniruociu-suolai","9":"first","10":"onbackorder","11":"taxable","12":"shipping-taxable","13":"purchasable","14":"product-type-variable","15":"has-default-attributes"},"acf":[],"yoast_head":"<!-- This site is optimized with the Yoast SEO plugin v25.2 - https:\/\/yoast.com\/wordpress\/plugins\/seo\/ -->\n<title>&quot;F1x Scott Bench&quot; - geriausias treniruo\u010di\u0173 suolas j\u0117gos treniruot\u0117ms<\/title>\n<meta name=\"description\" content=\"Geriausias treniruo\u010di\u0173 suolas yra privalomas j\u0117gos treniruo\u010di\u0173 elementas. \u0160is &quot;Scott&quot; suoliukas suteikia patogumo ir atramos, tod\u0117l idealiai tinka treniruot\u0117ms namuose.\" \/>\n<meta name=\"robots\" content=\"index, follow, max-snippet:-1, max-image-preview:large, max-video-preview:-1\" \/>\n<link rel=\"canonical\" href=\"https:\/\/gymfactory.eu\/lt\/produktas\/f1x-scott-suoliukas\/\" \/>\n<meta property=\"og:locale\" content=\"lt_LT\" \/>\n<meta property=\"og:type\" content=\"article\" \/>\n<meta property=\"og:title\" content=\"&quot;F1x Scott Bench&quot; - geriausias treniruo\u010di\u0173 suolas j\u0117gos treniruot\u0117ms\" \/>\n<meta property=\"og:description\" content=\"Geriausias treniruo\u010di\u0173 suolas yra privalomas j\u0117gos treniruo\u010di\u0173 elementas. \u0160is &quot;Scott&quot; suoliukas suteikia patogumo ir atramos, tod\u0117l idealiai tinka treniruot\u0117ms namuose.\" \/>\n<meta property=\"og:url\" content=\"https:\/\/gymfactory.eu\/lt\/produktas\/f1x-scott-suoliukas\/\" \/>\n<meta property=\"og:site_name\" content=\"Gym Factory\" \/>\n<meta property=\"article:modified_time\" content=\"2025-12-03T11:39:30+00:00\" \/>\n<meta property=\"og:image\" content=\"https:\/\/gymfactory.eu\/wp-content\/uploads\/2025\/02\/best-workout-bench-preacher-curl-1.webp\" \/>\n\t<meta property=\"og:image:width\" content=\"1500\" \/>\n\t<meta property=\"og:image:height\" content=\"1500\" \/>\n\t<meta property=\"og:image:type\" content=\"image\/webp\" \/>\n<meta name=\"twitter:card\" content=\"summary_large_image\" \/>\n<meta name=\"twitter:label1\" content=\"Est. reading time\" \/>\n\t<meta name=\"twitter:data1\" content=\"1 minut\u0117\" \/>\n<script type=\"application\/ld+json\" class=\"yoast-schema-graph\">{\"@context\":\"https:\/\/schema.org\",\"@graph\":[{\"@type\":\"WebPage\",\"@id\":\"https:\/\/gymfactory.eu\/lt\/produktas\/f1x-scott-suoliukas\/\",\"url\":\"https:\/\/gymfactory.eu\/lt\/produktas\/f1x-scott-suoliukas\/\",\"name\":\"\\\"F1x Scott Bench\\\" - geriausias treniruo\u010di\u0173 suolas j\u0117gos treniruot\u0117ms\",\"isPartOf\":{\"@id\":\"https:\/\/gymfactory.eu\/lt\/#website\"},\"primaryImageOfPage\":{\"@id\":\"https:\/\/gymfactory.eu\/lt\/produktas\/f1x-scott-suoliukas\/#primaryimage\"},\"image\":{\"@id\":\"https:\/\/gymfactory.eu\/lt\/produktas\/f1x-scott-suoliukas\/#primaryimage\"},\"thumbnailUrl\":\"https:\/\/gymfactory.eu\/wp-content\/uploads\/2025\/02\/best-workout-bench-preacher-curl-1.webp\",\"datePublished\":\"2025-02-11T07:56:03+00:00\",\"dateModified\":\"2025-12-03T11:39:30+00:00\",\"description\":\"Geriausias treniruo\u010di\u0173 suolas yra privalomas j\u0117gos treniruo\u010di\u0173 elementas. \u0160is \\\"Scott\\\" suoliukas suteikia patogumo ir atramos, tod\u0117l idealiai tinka treniruot\u0117ms namuose.\",\"breadcrumb\":{\"@id\":\"https:\/\/gymfactory.eu\/lt\/produktas\/f1x-scott-suoliukas\/#breadcrumb\"},\"inLanguage\":\"lt-LT\",\"potentialAction\":[{\"@type\":\"ReadAction\",\"target\":[\"https:\/\/gymfactory.eu\/lt\/produktas\/f1x-scott-suoliukas\/\"]}]},{\"@type\":\"ImageObject\",\"inLanguage\":\"lt-LT\",\"@id\":\"https:\/\/gymfactory.eu\/lt\/produktas\/f1x-scott-suoliukas\/#primaryimage\",\"url\":\"https:\/\/gymfactory.eu\/wp-content\/uploads\/2025\/02\/best-workout-bench-preacher-curl-1.webp\",\"contentUrl\":\"https:\/\/gymfactory.eu\/wp-content\/uploads\/2025\/02\/best-workout-bench-preacher-curl-1.webp\",\"width\":1500,\"height\":1500,\"caption\":\"Kampu nufotografuota nam\u0173 j\u0117gos treniruoklio \\\"preacher curl\\\" treniruoklio \u012franga, kurioje matoma ergonomi\u0161ka rank\u0173 atramos pagalv\u0117l\u0117, tvirta s\u0117dyn\u0117 ir tvirtos metalin\u0117s rankenos, skirtos patogiai treniruoti bicepsus.\"},{\"@type\":\"BreadcrumbList\",\"@id\":\"https:\/\/gymfactory.eu\/lt\/produktas\/f1x-scott-suoliukas\/#breadcrumb\",\"itemListElement\":[{\"@type\":\"ListItem\",\"position\":1,\"name\":\"Pagrindinis\",\"item\":\"https:\/\/gymfactory.eu\/lt\/\"},{\"@type\":\"ListItem\",\"position\":2,\"name\":\"Katalogas\",\"item\":\"https:\/\/gymfactory.eu\/lt\/katalogas\/\"},{\"@type\":\"ListItem\",\"position\":3,\"name\":\"F1X &#8220;Skoto&#8221; suoliukas\"}]},{\"@type\":\"WebSite\",\"@id\":\"https:\/\/gymfactory.eu\/lt\/#website\",\"url\":\"https:\/\/gymfactory.eu\/lt\/\",\"name\":\"Gym Factory\",\"description\":\"\",\"publisher\":{\"@id\":\"https:\/\/gymfactory.eu\/lt\/#organization\"},\"potentialAction\":[{\"@type\":\"SearchAction\",\"target\":{\"@type\":\"EntryPoint\",\"urlTemplate\":\"https:\/\/gymfactory.eu\/lt\/?s={search_term_string}\"},\"query-input\":{\"@type\":\"PropertyValueSpecification\",\"valueRequired\":true,\"valueName\":\"search_term_string\"}}],\"inLanguage\":\"lt-LT\"},{\"@type\":\"Organization\",\"@id\":\"https:\/\/gymfactory.eu\/lt\/#organization\",\"name\":\"Sporto sal\u0117s gamykla\",\"url\":\"https:\/\/gymfactory.eu\/lt\/\",\"logo\":{\"@type\":\"ImageObject\",\"inLanguage\":\"lt-LT\",\"@id\":\"https:\/\/gymfactory.eu\/lt\/#\/schema\/logo\/image\/\",\"url\":\"https:\/\/gymfactory.eu\/wp-content\/uploads\/2024\/11\/Component-1.svg\",\"contentUrl\":\"https:\/\/gymfactory.eu\/wp-content\/uploads\/2024\/11\/Component-1.svg\",\"width\":54,\"height\":44,\"caption\":\"Sporto sal\u0117s gamykla\"},\"image\":{\"@id\":\"https:\/\/gymfactory.eu\/lt\/#\/schema\/logo\/image\/\"}}]}<\/script>\n<!-- \/ Yoast SEO plugin. -->","yoast_head_json":{"title":"\"F1x Scott Bench\" - geriausias treniruo\u010di\u0173 suolas j\u0117gos treniruot\u0117ms","description":"Geriausias treniruo\u010di\u0173 suolas yra privalomas j\u0117gos treniruo\u010di\u0173 elementas. \u0160is \"Scott\" suoliukas suteikia patogumo ir atramos, tod\u0117l idealiai tinka treniruot\u0117ms namuose.","robots":{"index":"index","follow":"follow","max-snippet":"max-snippet:-1","max-image-preview":"max-image-preview:large","max-video-preview":"max-video-preview:-1"},"canonical":"https:\/\/gymfactory.eu\/lt\/produktas\/f1x-scott-suoliukas\/","og_locale":"lt_LT","og_type":"article","og_title":"\"F1x Scott Bench\" - geriausias treniruo\u010di\u0173 suolas j\u0117gos treniruot\u0117ms","og_description":"Geriausias treniruo\u010di\u0173 suolas yra privalomas j\u0117gos treniruo\u010di\u0173 elementas. \u0160is \"Scott\" suoliukas suteikia patogumo ir atramos, tod\u0117l idealiai tinka treniruot\u0117ms namuose.","og_url":"https:\/\/gymfactory.eu\/lt\/produktas\/f1x-scott-suoliukas\/","og_site_name":"Gym Factory","article_modified_time":"2025-12-03T11:39:30+00:00","og_image":[{"width":1500,"height":1500,"url":"https:\/\/gymfactory.eu\/wp-content\/uploads\/2025\/02\/best-workout-bench-preacher-curl-1.webp","type":"image\/webp"}],"twitter_card":"summary_large_image","twitter_misc":{"Est. reading time":"1 minut\u0117"},"schema":{"@context":"https:\/\/schema.org","@graph":[{"@type":"WebPage","@id":"https:\/\/gymfactory.eu\/lt\/produktas\/f1x-scott-suoliukas\/","url":"https:\/\/gymfactory.eu\/lt\/produktas\/f1x-scott-suoliukas\/","name":"\"F1x Scott Bench\" - geriausias treniruo\u010di\u0173 suolas j\u0117gos treniruot\u0117ms","isPartOf":{"@id":"https:\/\/gymfactory.eu\/lt\/#website"},"primaryImageOfPage":{"@id":"https:\/\/gymfactory.eu\/lt\/produktas\/f1x-scott-suoliukas\/#primaryimage"},"image":{"@id":"https:\/\/gymfactory.eu\/lt\/produktas\/f1x-scott-suoliukas\/#primaryimage"},"thumbnailUrl":"https:\/\/gymfactory.eu\/wp-content\/uploads\/2025\/02\/best-workout-bench-preacher-curl-1.webp","datePublished":"2025-02-11T07:56:03+00:00","dateModified":"2025-12-03T11:39:30+00:00","description":"Geriausias treniruo\u010di\u0173 suolas yra privalomas j\u0117gos treniruo\u010di\u0173 elementas. \u0160is \"Scott\" suoliukas suteikia patogumo ir atramos, tod\u0117l idealiai tinka treniruot\u0117ms namuose.","breadcrumb":{"@id":"https:\/\/gymfactory.eu\/lt\/produktas\/f1x-scott-suoliukas\/#breadcrumb"},"inLanguage":"lt-LT","potentialAction":[{"@type":"ReadAction","target":["https:\/\/gymfactory.eu\/lt\/produktas\/f1x-scott-suoliukas\/"]}]},{"@type":"ImageObject","inLanguage":"lt-LT","@id":"https:\/\/gymfactory.eu\/lt\/produktas\/f1x-scott-suoliukas\/#primaryimage","url":"https:\/\/gymfactory.eu\/wp-content\/uploads\/2025\/02\/best-workout-bench-preacher-curl-1.webp","contentUrl":"https:\/\/gymfactory.eu\/wp-content\/uploads\/2025\/02\/best-workout-bench-preacher-curl-1.webp","width":1500,"height":1500,"caption":"Kampu nufotografuota nam\u0173 j\u0117gos treniruoklio \"preacher curl\" treniruoklio \u012franga, kurioje matoma ergonomi\u0161ka rank\u0173 atramos pagalv\u0117l\u0117, tvirta s\u0117dyn\u0117 ir tvirtos metalin\u0117s rankenos, skirtos patogiai treniruoti bicepsus."},{"@type":"BreadcrumbList","@id":"https:\/\/gymfactory.eu\/lt\/produktas\/f1x-scott-suoliukas\/#breadcrumb","itemListElement":[{"@type":"ListItem","position":1,"name":"Pagrindinis","item":"https:\/\/gymfactory.eu\/lt\/"},{"@type":"ListItem","position":2,"name":"Katalogas","item":"https:\/\/gymfactory.eu\/lt\/katalogas\/"},{"@type":"ListItem","position":3,"name":"F1X &#8220;Skoto&#8221; suoliukas"}]},{"@type":"WebSite","@id":"https:\/\/gymfactory.eu\/lt\/#website","url":"https:\/\/gymfactory.eu\/lt\/","name":"Gym Factory","description":"","publisher":{"@id":"https:\/\/gymfactory.eu\/lt\/#organization"},"potentialAction":[{"@type":"SearchAction","target":{"@type":"EntryPoint","urlTemplate":"https:\/\/gymfactory.eu\/lt\/?s={search_term_string}"},"query-input":{"@type":"PropertyValueSpecification","valueRequired":true,"valueName":"search_term_string"}}],"inLanguage":"lt-LT"},{"@type":"Organization","@id":"https:\/\/gymfactory.eu\/lt\/#organization","name":"Sporto sal\u0117s gamykla","url":"https:\/\/gymfactory.eu\/lt\/","logo":{"@type":"ImageObject","inLanguage":"lt-LT","@id":"https:\/\/gymfactory.eu\/lt\/#\/schema\/logo\/image\/","url":"https:\/\/gymfactory.eu\/wp-content\/uploads\/2024\/11\/Component-1.svg","contentUrl":"https:\/\/gymfactory.eu\/wp-content\/uploads\/2024\/11\/Component-1.svg","width":54,"height":44,"caption":"Sporto sal\u0117s gamykla"},"image":{"@id":"https:\/\/gymfactory.eu\/lt\/#\/schema\/logo\/image\/"}}]}},"_links":{"self":[{"href":"https:\/\/gymfactory.eu\/lt\/wp-json\/wp\/v2\/product\/10115","targetHints":{"allow":["GET"]}}],"collection":[{"href":"https:\/\/gymfactory.eu\/lt\/wp-json\/wp\/v2\/product"}],"about":[{"href":"https:\/\/gymfactory.eu\/lt\/wp-json\/wp\/v2\/types\/product"}],"wp:featuredmedia":[{"embeddable":true,"href":"https:\/\/gymfactory.eu\/lt\/wp-json\/wp\/v2\/media\/8836"}],"wp:attachment":[{"href":"https:\/\/gymfactory.eu\/lt\/wp-json\/wp\/v2\/media?parent=10115"}],"wp:term":[{"taxonomy":"product_brand","embeddable":true,"href":"https:\/\/gymfactory.eu\/lt\/wp-json\/wp\/v2\/product_brand?post=10115"},{"taxonomy":"product_cat","embeddable":true,"href":"https:\/\/gymfactory.eu\/lt\/wp-json\/wp\/v2\/product_cat?post=10115"},{"taxonomy":"product_tag","embeddable":true,"href":"https:\/\/gymfactory.eu\/lt\/wp-json\/wp\/v2\/product_tag?post=10115"}],"curies":[{"name":"wp","href":"https:\/\/api.w.org\/{rel}","templated":true}]}}