{"id":10111,"date":"2025-02-11T15:09:13","date_gmt":"2025-02-11T13:09:13","guid":{"rendered":"https:\/\/gymfactory.eu\/product\/j6-reguliuojamas-suolas\/"},"modified":"2025-12-03T14:06:16","modified_gmt":"2025-12-03T12:06:16","slug":"j6-reguliuojamas-suolas","status":"publish","type":"product","link":"https:\/\/gymfactory.eu\/lt\/produktas\/j6-reguliuojamas-suolas\/","title":{"rendered":"J6 Suoliukas kampu su rank\u0173 atramomis"},"content":{"rendered":"<p>J6 suoliukas kampu \u2013 treniruo\u010di\u0173 \u012franga, skirta kryptingam vir\u0161utin\u0117s k\u016bno dalies lavinimui nam\u0173 ar profesionalioje sporto aplinkoje. Fiksuoto kampo atlo\u0161as u\u017etikrina patogi\u0105 pad\u0117t\u012f spaudimo ar vir\u0161 galvos atliekamiems pratimams, o integruota p\u0117d\u0173 atrama padeda i\u0161laikyti stabilum\u0105.<\/p>\n<p>Trumpesn\u0117 atlo\u0161o pagalv\u0117l\u0117 palieka pakankamai vietos tricepso tiesimui ar kitiems vir\u0161 galvos judesiams. U\u017e suoliuko \u012frengtas reguliuojamo auk\u0161\u010dio \u0161tangos laikiklis leid\u017eia saugiai pasiruo\u0161ti pratimui, netrikdant judesio amplitud\u0117s ar k\u016bno pad\u0117ties.<\/p>\n<p>Papildomos rank\u0173 atramos suteikia galimyb\u0119 atlikti izoliuotus biceps\u0173 pratimus \u2013 tai kompakti\u0161kas, bet funkcionalus sprendimas rank\u0173 ir pe\u010di\u0173 treniruot\u0117ms.<\/p>\n\n    <div class=\"xs_social_share_widget xs_share_url after_content \t\tmain_content  wslu-style-1 wslu-share-box-shaped wslu-fill-colored wslu-none wslu-share-horizontal wslu-theme-font-no wslu-main_content\">\n\n\t\t\n        <ul>\n\t\t\t        <\/ul>\n    <\/div> \n","protected":false},"excerpt":{"rendered":"<p>J6 suoliukas kampu \u2013 treniruo\u010di\u0173 \u012franga, skirta kryptingam vir\u0161utin\u0117s k\u016bno dalies lavinimui nam\u0173 ar profesionalioje sporto aplinkoje. Fiksuoto kampo atlo\u0161as u\u017etikrina patogi\u0105 pad\u0117t\u012f spaudimo ar vir\u0161 galvos atliekamiems pratimams, o integruota p\u0117d\u0173 atrama padeda i\u0161laikyti stabilum\u0105. Trumpesn\u0117 atlo\u0161o pagalv\u0117l\u0117 palieka pakankamai vietos tricepso tiesimui ar kitiems vir\u0161 galvos judesiams. U\u017e suoliuko \u012frengtas reguliuojamo auk\u0161\u010dio \u0161tangos [&hellip;]<\/p>\n","protected":false},"featured_media":9079,"template":"","meta":{"_acf_changed":false},"product_brand":[817],"product_cat":[437],"product_tag":[],"class_list":{"0":"post-10111","1":"product","2":"type-product","3":"status-publish","4":"has-post-thumbnail","6":"product_brand-gym-factory-lt","7":"product_cat-treniruociu-suolai","9":"first","10":"onbackorder","11":"taxable","12":"shipping-taxable","13":"purchasable","14":"product-type-variable","15":"has-default-attributes"},"acf":[],"yoast_head":"<!-- This site is optimized with the Yoast SEO plugin v25.2 - https:\/\/yoast.com\/wordpress\/plugins\/seo\/ -->\n<title>J6 reguliuojamas suolas - geriausias reguliuojamas suolas j\u0117gos treniruot\u0117ms<\/title>\n<meta name=\"description\" content=\"\u0160is treniruoklis namams idealiai tinka fitneso ir j\u0117gos treniruot\u0117ms ir padeda siekti treniruo\u010di\u0173 tiksl\u0173.\" \/>\n<meta name=\"robots\" content=\"index, follow, max-snippet:-1, max-image-preview:large, max-video-preview:-1\" \/>\n<link rel=\"canonical\" href=\"https:\/\/gymfactory.eu\/lt\/produktas\/j6-reguliuojamas-suolas\/\" \/>\n<meta property=\"og:locale\" content=\"lt_LT\" \/>\n<meta property=\"og:type\" content=\"article\" \/>\n<meta property=\"og:title\" content=\"J6 reguliuojamas suolas - geriausias reguliuojamas suolas j\u0117gos treniruot\u0117ms\" \/>\n<meta property=\"og:description\" content=\"\u0160is treniruoklis namams idealiai tinka fitneso ir j\u0117gos treniruot\u0117ms ir padeda siekti treniruo\u010di\u0173 tiksl\u0173.\" \/>\n<meta property=\"og:url\" content=\"https:\/\/gymfactory.eu\/lt\/produktas\/j6-reguliuojamas-suolas\/\" \/>\n<meta property=\"og:site_name\" content=\"Gym Factory\" \/>\n<meta property=\"article:modified_time\" content=\"2025-12-03T12:06:16+00:00\" \/>\n<meta property=\"og:image\" content=\"https:\/\/gymfactory.eu\/wp-content\/uploads\/2025\/02\/best-workout-bench-black-squat-bench-padded-1-1.webp\" \/>\n\t<meta property=\"og:image:width\" content=\"1500\" \/>\n\t<meta property=\"og:image:height\" content=\"1500\" \/>\n\t<meta property=\"og:image:type\" content=\"image\/webp\" \/>\n<meta name=\"twitter:card\" content=\"summary_large_image\" \/>\n<meta name=\"twitter:label1\" content=\"Est. reading time\" \/>\n\t<meta name=\"twitter:data1\" content=\"1 minut\u0117\" \/>\n<script type=\"application\/ld+json\" class=\"yoast-schema-graph\">{\"@context\":\"https:\/\/schema.org\",\"@graph\":[{\"@type\":\"WebPage\",\"@id\":\"https:\/\/gymfactory.eu\/lt\/produktas\/j6-reguliuojamas-suolas\/\",\"url\":\"https:\/\/gymfactory.eu\/lt\/produktas\/j6-reguliuojamas-suolas\/\",\"name\":\"J6 reguliuojamas suolas - geriausias reguliuojamas suolas j\u0117gos treniruot\u0117ms\",\"isPartOf\":{\"@id\":\"https:\/\/gymfactory.eu\/lt\/#website\"},\"primaryImageOfPage\":{\"@id\":\"https:\/\/gymfactory.eu\/lt\/produktas\/j6-reguliuojamas-suolas\/#primaryimage\"},\"image\":{\"@id\":\"https:\/\/gymfactory.eu\/lt\/produktas\/j6-reguliuojamas-suolas\/#primaryimage\"},\"thumbnailUrl\":\"https:\/\/gymfactory.eu\/wp-content\/uploads\/2025\/02\/best-workout-bench-black-squat-bench-padded-1-1.webp\",\"datePublished\":\"2025-02-11T13:09:13+00:00\",\"dateModified\":\"2025-12-03T12:06:16+00:00\",\"description\":\"\u0160is treniruoklis namams idealiai tinka fitneso ir j\u0117gos treniruot\u0117ms ir padeda siekti treniruo\u010di\u0173 tiksl\u0173.\",\"breadcrumb\":{\"@id\":\"https:\/\/gymfactory.eu\/lt\/produktas\/j6-reguliuojamas-suolas\/#breadcrumb\"},\"inLanguage\":\"lt-LT\",\"potentialAction\":[{\"@type\":\"ReadAction\",\"target\":[\"https:\/\/gymfactory.eu\/lt\/produktas\/j6-reguliuojamas-suolas\/\"]}]},{\"@type\":\"ImageObject\",\"inLanguage\":\"lt-LT\",\"@id\":\"https:\/\/gymfactory.eu\/lt\/produktas\/j6-reguliuojamas-suolas\/#primaryimage\",\"url\":\"https:\/\/gymfactory.eu\/wp-content\/uploads\/2025\/02\/best-workout-bench-black-squat-bench-padded-1-1.webp\",\"contentUrl\":\"https:\/\/gymfactory.eu\/wp-content\/uploads\/2025\/02\/best-workout-bench-black-squat-bench-padded-1-1.webp\",\"width\":1500,\"height\":1500,\"caption\":\"Juodas prit\u016bpim\u0173 suoliukas su pamink\u0161tinta nugara ir \u0161onin\u0117mis pagalv\u0117l\u0117mis - j\u0117gos treniruokli\u0173 \u012franga namuose, skirta patogiai s\u0117d\u0117ti treniruojantis su svoriais, turinti tvirt\u0105 r\u0117m\u0105 ir koj\u0173 atram\u0105.\"},{\"@type\":\"BreadcrumbList\",\"@id\":\"https:\/\/gymfactory.eu\/lt\/produktas\/j6-reguliuojamas-suolas\/#breadcrumb\",\"itemListElement\":[{\"@type\":\"ListItem\",\"position\":1,\"name\":\"Pagrindinis\",\"item\":\"https:\/\/gymfactory.eu\/lt\/\"},{\"@type\":\"ListItem\",\"position\":2,\"name\":\"Katalogas\",\"item\":\"https:\/\/gymfactory.eu\/lt\/katalogas\/\"},{\"@type\":\"ListItem\",\"position\":3,\"name\":\"J6 Suoliukas kampu su rank\u0173 atramomis\"}]},{\"@type\":\"WebSite\",\"@id\":\"https:\/\/gymfactory.eu\/lt\/#website\",\"url\":\"https:\/\/gymfactory.eu\/lt\/\",\"name\":\"Gym Factory\",\"description\":\"\",\"publisher\":{\"@id\":\"https:\/\/gymfactory.eu\/lt\/#organization\"},\"potentialAction\":[{\"@type\":\"SearchAction\",\"target\":{\"@type\":\"EntryPoint\",\"urlTemplate\":\"https:\/\/gymfactory.eu\/lt\/?s={search_term_string}\"},\"query-input\":{\"@type\":\"PropertyValueSpecification\",\"valueRequired\":true,\"valueName\":\"search_term_string\"}}],\"inLanguage\":\"lt-LT\"},{\"@type\":\"Organization\",\"@id\":\"https:\/\/gymfactory.eu\/lt\/#organization\",\"name\":\"Sporto sal\u0117s gamykla\",\"url\":\"https:\/\/gymfactory.eu\/lt\/\",\"logo\":{\"@type\":\"ImageObject\",\"inLanguage\":\"lt-LT\",\"@id\":\"https:\/\/gymfactory.eu\/lt\/#\/schema\/logo\/image\/\",\"url\":\"https:\/\/gymfactory.eu\/wp-content\/uploads\/2024\/11\/Component-1.svg\",\"contentUrl\":\"https:\/\/gymfactory.eu\/wp-content\/uploads\/2024\/11\/Component-1.svg\",\"width\":54,\"height\":44,\"caption\":\"Sporto sal\u0117s gamykla\"},\"image\":{\"@id\":\"https:\/\/gymfactory.eu\/lt\/#\/schema\/logo\/image\/\"}}]}<\/script>\n<!-- \/ Yoast SEO plugin. -->","yoast_head_json":{"title":"J6 reguliuojamas suolas - geriausias reguliuojamas suolas j\u0117gos treniruot\u0117ms","description":"\u0160is treniruoklis namams idealiai tinka fitneso ir j\u0117gos treniruot\u0117ms ir padeda siekti treniruo\u010di\u0173 tiksl\u0173.","robots":{"index":"index","follow":"follow","max-snippet":"max-snippet:-1","max-image-preview":"max-image-preview:large","max-video-preview":"max-video-preview:-1"},"canonical":"https:\/\/gymfactory.eu\/lt\/produktas\/j6-reguliuojamas-suolas\/","og_locale":"lt_LT","og_type":"article","og_title":"J6 reguliuojamas suolas - geriausias reguliuojamas suolas j\u0117gos treniruot\u0117ms","og_description":"\u0160is treniruoklis namams idealiai tinka fitneso ir j\u0117gos treniruot\u0117ms ir padeda siekti treniruo\u010di\u0173 tiksl\u0173.","og_url":"https:\/\/gymfactory.eu\/lt\/produktas\/j6-reguliuojamas-suolas\/","og_site_name":"Gym Factory","article_modified_time":"2025-12-03T12:06:16+00:00","og_image":[{"width":1500,"height":1500,"url":"https:\/\/gymfactory.eu\/wp-content\/uploads\/2025\/02\/best-workout-bench-black-squat-bench-padded-1-1.webp","type":"image\/webp"}],"twitter_card":"summary_large_image","twitter_misc":{"Est. reading time":"1 minut\u0117"},"schema":{"@context":"https:\/\/schema.org","@graph":[{"@type":"WebPage","@id":"https:\/\/gymfactory.eu\/lt\/produktas\/j6-reguliuojamas-suolas\/","url":"https:\/\/gymfactory.eu\/lt\/produktas\/j6-reguliuojamas-suolas\/","name":"J6 reguliuojamas suolas - geriausias reguliuojamas suolas j\u0117gos treniruot\u0117ms","isPartOf":{"@id":"https:\/\/gymfactory.eu\/lt\/#website"},"primaryImageOfPage":{"@id":"https:\/\/gymfactory.eu\/lt\/produktas\/j6-reguliuojamas-suolas\/#primaryimage"},"image":{"@id":"https:\/\/gymfactory.eu\/lt\/produktas\/j6-reguliuojamas-suolas\/#primaryimage"},"thumbnailUrl":"https:\/\/gymfactory.eu\/wp-content\/uploads\/2025\/02\/best-workout-bench-black-squat-bench-padded-1-1.webp","datePublished":"2025-02-11T13:09:13+00:00","dateModified":"2025-12-03T12:06:16+00:00","description":"\u0160is treniruoklis namams idealiai tinka fitneso ir j\u0117gos treniruot\u0117ms ir padeda siekti treniruo\u010di\u0173 tiksl\u0173.","breadcrumb":{"@id":"https:\/\/gymfactory.eu\/lt\/produktas\/j6-reguliuojamas-suolas\/#breadcrumb"},"inLanguage":"lt-LT","potentialAction":[{"@type":"ReadAction","target":["https:\/\/gymfactory.eu\/lt\/produktas\/j6-reguliuojamas-suolas\/"]}]},{"@type":"ImageObject","inLanguage":"lt-LT","@id":"https:\/\/gymfactory.eu\/lt\/produktas\/j6-reguliuojamas-suolas\/#primaryimage","url":"https:\/\/gymfactory.eu\/wp-content\/uploads\/2025\/02\/best-workout-bench-black-squat-bench-padded-1-1.webp","contentUrl":"https:\/\/gymfactory.eu\/wp-content\/uploads\/2025\/02\/best-workout-bench-black-squat-bench-padded-1-1.webp","width":1500,"height":1500,"caption":"Juodas prit\u016bpim\u0173 suoliukas su pamink\u0161tinta nugara ir \u0161onin\u0117mis pagalv\u0117l\u0117mis - j\u0117gos treniruokli\u0173 \u012franga namuose, skirta patogiai s\u0117d\u0117ti treniruojantis su svoriais, turinti tvirt\u0105 r\u0117m\u0105 ir koj\u0173 atram\u0105."},{"@type":"BreadcrumbList","@id":"https:\/\/gymfactory.eu\/lt\/produktas\/j6-reguliuojamas-suolas\/#breadcrumb","itemListElement":[{"@type":"ListItem","position":1,"name":"Pagrindinis","item":"https:\/\/gymfactory.eu\/lt\/"},{"@type":"ListItem","position":2,"name":"Katalogas","item":"https:\/\/gymfactory.eu\/lt\/katalogas\/"},{"@type":"ListItem","position":3,"name":"J6 Suoliukas kampu su rank\u0173 atramomis"}]},{"@type":"WebSite","@id":"https:\/\/gymfactory.eu\/lt\/#website","url":"https:\/\/gymfactory.eu\/lt\/","name":"Gym Factory","description":"","publisher":{"@id":"https:\/\/gymfactory.eu\/lt\/#organization"},"potentialAction":[{"@type":"SearchAction","target":{"@type":"EntryPoint","urlTemplate":"https:\/\/gymfactory.eu\/lt\/?s={search_term_string}"},"query-input":{"@type":"PropertyValueSpecification","valueRequired":true,"valueName":"search_term_string"}}],"inLanguage":"lt-LT"},{"@type":"Organization","@id":"https:\/\/gymfactory.eu\/lt\/#organization","name":"Sporto sal\u0117s gamykla","url":"https:\/\/gymfactory.eu\/lt\/","logo":{"@type":"ImageObject","inLanguage":"lt-LT","@id":"https:\/\/gymfactory.eu\/lt\/#\/schema\/logo\/image\/","url":"https:\/\/gymfactory.eu\/wp-content\/uploads\/2024\/11\/Component-1.svg","contentUrl":"https:\/\/gymfactory.eu\/wp-content\/uploads\/2024\/11\/Component-1.svg","width":54,"height":44,"caption":"Sporto sal\u0117s gamykla"},"image":{"@id":"https:\/\/gymfactory.eu\/lt\/#\/schema\/logo\/image\/"}}]}},"_links":{"self":[{"href":"https:\/\/gymfactory.eu\/lt\/wp-json\/wp\/v2\/product\/10111","targetHints":{"allow":["GET"]}}],"collection":[{"href":"https:\/\/gymfactory.eu\/lt\/wp-json\/wp\/v2\/product"}],"about":[{"href":"https:\/\/gymfactory.eu\/lt\/wp-json\/wp\/v2\/types\/product"}],"wp:featuredmedia":[{"embeddable":true,"href":"https:\/\/gymfactory.eu\/lt\/wp-json\/wp\/v2\/media\/9079"}],"wp:attachment":[{"href":"https:\/\/gymfactory.eu\/lt\/wp-json\/wp\/v2\/media?parent=10111"}],"wp:term":[{"taxonomy":"product_brand","embeddable":true,"href":"https:\/\/gymfactory.eu\/lt\/wp-json\/wp\/v2\/product_brand?post=10111"},{"taxonomy":"product_cat","embeddable":true,"href":"https:\/\/gymfactory.eu\/lt\/wp-json\/wp\/v2\/product_cat?post=10111"},{"taxonomy":"product_tag","embeddable":true,"href":"https:\/\/gymfactory.eu\/lt\/wp-json\/wp\/v2\/product_tag?post=10111"}],"curies":[{"name":"wp","href":"https:\/\/api.w.org\/{rel}","templated":true}]}}