{"id":10108,"date":"2025-02-11T11:22:25","date_gmt":"2025-02-11T09:22:25","guid":{"rendered":"https:\/\/gymfactory.eu\/product\/j2-reguliuojamas-suolas\/"},"modified":"2025-12-03T13:50:46","modified_gmt":"2025-12-03T11:50:46","slug":"j2-reguliuojamas-suolas","status":"publish","type":"product","link":"https:\/\/gymfactory.eu\/lt\/produktas\/j2-reguliuojamas-suolas\/","title":{"rendered":"J2 Universalus suoliukas"},"content":{"rendered":"<p>J2 universalus suoliukas \u2013 prakti\u0161kas pasirinkimas norintiems i\u0161pl\u0117sti savo j\u0117gos treniruo\u010di\u0173 galimybes. Tinka tiek nam\u0173 treniruo\u010di\u0173 erdv\u0117ms, tiek profesionalioms sporto sal\u0117ms.<\/p>\n<p>Atlo\u0161as ir s\u0117dyn\u0117 turi kelias pad\u0117\u010di\u0173 parinktis \u2013 galima treniruotis tiek tiesioje, tiek nuo\u017eulnioje pad\u0117tyje. Suoliukas pritaikytas viso k\u016bno treniruot\u0117ms: nuo spaudim\u0173 kampu ir kr\u016btin\u0117s i\u0161sk\u0117tim\u0173 iki hanteli\u0173 trauk\u0173 ar s\u0117dim\u0173 biceps\u0173 pratim\u0173.<\/p>\n<p>Integruoti ratukai ir rankena leid\u017eia lengvai perstumti suoliuk\u0105 \u012f reikiam\u0105 viet\u0105.<\/p>\n<p>Stabilus ir funkcionalus sprendimas tiems, kurie ie\u0161ko reguliuojamo suoliuko, prisitaikan\u010dio prie \u012fvairi\u0173 treniruo\u010di\u0173 poreiki\u0173.<\/p>\n\n    <div class=\"xs_social_share_widget xs_share_url after_content \t\tmain_content  wslu-style-1 wslu-share-box-shaped wslu-fill-colored wslu-none wslu-share-horizontal wslu-theme-font-no wslu-main_content\">\n\n\t\t\n        <ul>\n\t\t\t        <\/ul>\n    <\/div> \n","protected":false},"excerpt":{"rendered":"<p>J2 universalus suoliukas \u2013 prakti\u0161kas pasirinkimas norintiems i\u0161pl\u0117sti savo j\u0117gos treniruo\u010di\u0173 galimybes. Tinka tiek nam\u0173 treniruo\u010di\u0173 erdv\u0117ms, tiek profesionalioms sporto sal\u0117ms. Atlo\u0161as ir s\u0117dyn\u0117 turi kelias pad\u0117\u010di\u0173 parinktis \u2013 galima treniruotis tiek tiesioje, tiek nuo\u017eulnioje pad\u0117tyje. Suoliukas pritaikytas viso k\u016bno treniruot\u0117ms: nuo spaudim\u0173 kampu ir kr\u016btin\u0117s i\u0161sk\u0117tim\u0173 iki hanteli\u0173 trauk\u0173 ar s\u0117dim\u0173 biceps\u0173 pratim\u0173. Integruoti [&hellip;]<\/p>\n","protected":false},"featured_media":27546,"template":"","meta":{"_acf_changed":false},"product_brand":[817],"product_cat":[437],"product_tag":[],"class_list":{"0":"post-10108","1":"product","2":"type-product","3":"status-publish","4":"has-post-thumbnail","6":"product_brand-gym-factory-lt","7":"product_cat-treniruociu-suolai","9":"first","10":"onbackorder","11":"taxable","12":"shipping-taxable","13":"purchasable","14":"product-type-simple"},"acf":[],"yoast_head":"<!-- This site is optimized with the Yoast SEO plugin v25.2 - https:\/\/yoast.com\/wordpress\/plugins\/seo\/ -->\n<title>&quot;J2&quot; reguliuojamas suolas - geriausias suolas komercinei ir nam\u0173 sporto salei<\/title>\n<meta name=\"description\" content=\"\u012esigykite geriausi\u0105 reguliuojam\u0105 suoliuk\u0105 savo nam\u0173 sporto salei. \u0160i \u012franga u\u017etikrina lankstum\u0105 ir atram\u0105 \u012fvairiems pratimams, puikiai tinka j\u0117gos treniruot\u0117ms.\" \/>\n<meta name=\"robots\" content=\"index, follow, max-snippet:-1, max-image-preview:large, max-video-preview:-1\" \/>\n<link rel=\"canonical\" href=\"https:\/\/gymfactory.eu\/lt\/produktas\/j2-reguliuojamas-suolas\/\" \/>\n<meta property=\"og:locale\" content=\"lt_LT\" \/>\n<meta property=\"og:type\" content=\"article\" \/>\n<meta property=\"og:title\" content=\"&quot;J2&quot; reguliuojamas suolas - geriausias suolas komercinei ir nam\u0173 sporto salei\" \/>\n<meta property=\"og:description\" content=\"\u012esigykite geriausi\u0105 reguliuojam\u0105 suoliuk\u0105 savo nam\u0173 sporto salei. \u0160i \u012franga u\u017etikrina lankstum\u0105 ir atram\u0105 \u012fvairiems pratimams, puikiai tinka j\u0117gos treniruot\u0117ms.\" \/>\n<meta property=\"og:url\" content=\"https:\/\/gymfactory.eu\/lt\/produktas\/j2-reguliuojamas-suolas\/\" \/>\n<meta property=\"og:site_name\" content=\"Gym Factory\" \/>\n<meta property=\"article:modified_time\" content=\"2025-12-03T11:50:46+00:00\" \/>\n<meta property=\"og:image\" content=\"https:\/\/gymfactory.eu\/wp-content\/uploads\/2026\/02\/workout-bench-black-adjustable-premium.webp\" \/>\n\t<meta property=\"og:image:width\" content=\"1500\" \/>\n\t<meta property=\"og:image:height\" content=\"1500\" \/>\n\t<meta property=\"og:image:type\" content=\"image\/webp\" \/>\n<meta name=\"twitter:card\" content=\"summary_large_image\" \/>\n<meta name=\"twitter:label1\" content=\"Est. reading time\" \/>\n\t<meta name=\"twitter:data1\" content=\"1 minut\u0117\" \/>\n<script type=\"application\/ld+json\" class=\"yoast-schema-graph\">{\"@context\":\"https:\/\/schema.org\",\"@graph\":[{\"@type\":\"WebPage\",\"@id\":\"https:\/\/gymfactory.eu\/lt\/produktas\/j2-reguliuojamas-suolas\/\",\"url\":\"https:\/\/gymfactory.eu\/lt\/produktas\/j2-reguliuojamas-suolas\/\",\"name\":\"\\\"J2\\\" reguliuojamas suolas - geriausias suolas komercinei ir nam\u0173 sporto salei\",\"isPartOf\":{\"@id\":\"https:\/\/gymfactory.eu\/lt\/#website\"},\"primaryImageOfPage\":{\"@id\":\"https:\/\/gymfactory.eu\/lt\/produktas\/j2-reguliuojamas-suolas\/#primaryimage\"},\"image\":{\"@id\":\"https:\/\/gymfactory.eu\/lt\/produktas\/j2-reguliuojamas-suolas\/#primaryimage\"},\"thumbnailUrl\":\"https:\/\/gymfactory.eu\/wp-content\/uploads\/2026\/02\/workout-bench-black-adjustable-premium.webp\",\"datePublished\":\"2025-02-11T09:22:25+00:00\",\"dateModified\":\"2025-12-03T11:50:46+00:00\",\"description\":\"\u012esigykite geriausi\u0105 reguliuojam\u0105 suoliuk\u0105 savo nam\u0173 sporto salei. \u0160i \u012franga u\u017etikrina lankstum\u0105 ir atram\u0105 \u012fvairiems pratimams, puikiai tinka j\u0117gos treniruot\u0117ms.\",\"breadcrumb\":{\"@id\":\"https:\/\/gymfactory.eu\/lt\/produktas\/j2-reguliuojamas-suolas\/#breadcrumb\"},\"inLanguage\":\"lt-LT\",\"potentialAction\":[{\"@type\":\"ReadAction\",\"target\":[\"https:\/\/gymfactory.eu\/lt\/produktas\/j2-reguliuojamas-suolas\/\"]}]},{\"@type\":\"ImageObject\",\"inLanguage\":\"lt-LT\",\"@id\":\"https:\/\/gymfactory.eu\/lt\/produktas\/j2-reguliuojamas-suolas\/#primaryimage\",\"url\":\"https:\/\/gymfactory.eu\/wp-content\/uploads\/2026\/02\/workout-bench-black-adjustable-premium.webp\",\"contentUrl\":\"https:\/\/gymfactory.eu\/wp-content\/uploads\/2026\/02\/workout-bench-black-adjustable-premium.webp\",\"width\":1500,\"height\":1500,\"caption\":\"J2e Adjustable Bench black commercial fitness bench with adjustable positions\"},{\"@type\":\"BreadcrumbList\",\"@id\":\"https:\/\/gymfactory.eu\/lt\/produktas\/j2-reguliuojamas-suolas\/#breadcrumb\",\"itemListElement\":[{\"@type\":\"ListItem\",\"position\":1,\"name\":\"Pagrindinis\",\"item\":\"https:\/\/gymfactory.eu\/lt\/\"},{\"@type\":\"ListItem\",\"position\":2,\"name\":\"Katalogas\",\"item\":\"https:\/\/gymfactory.eu\/lt\/katalogas\/\"},{\"@type\":\"ListItem\",\"position\":3,\"name\":\"J2 Universalus suoliukas\"}]},{\"@type\":\"WebSite\",\"@id\":\"https:\/\/gymfactory.eu\/lt\/#website\",\"url\":\"https:\/\/gymfactory.eu\/lt\/\",\"name\":\"Gym Factory\",\"description\":\"\",\"publisher\":{\"@id\":\"https:\/\/gymfactory.eu\/lt\/#organization\"},\"potentialAction\":[{\"@type\":\"SearchAction\",\"target\":{\"@type\":\"EntryPoint\",\"urlTemplate\":\"https:\/\/gymfactory.eu\/lt\/?s={search_term_string}\"},\"query-input\":{\"@type\":\"PropertyValueSpecification\",\"valueRequired\":true,\"valueName\":\"search_term_string\"}}],\"inLanguage\":\"lt-LT\"},{\"@type\":\"Organization\",\"@id\":\"https:\/\/gymfactory.eu\/lt\/#organization\",\"name\":\"Sporto sal\u0117s gamykla\",\"url\":\"https:\/\/gymfactory.eu\/lt\/\",\"logo\":{\"@type\":\"ImageObject\",\"inLanguage\":\"lt-LT\",\"@id\":\"https:\/\/gymfactory.eu\/lt\/#\/schema\/logo\/image\/\",\"url\":\"https:\/\/gymfactory.eu\/wp-content\/uploads\/2024\/11\/Component-1.svg\",\"contentUrl\":\"https:\/\/gymfactory.eu\/wp-content\/uploads\/2024\/11\/Component-1.svg\",\"width\":54,\"height\":44,\"caption\":\"Sporto sal\u0117s gamykla\"},\"image\":{\"@id\":\"https:\/\/gymfactory.eu\/lt\/#\/schema\/logo\/image\/\"}}]}<\/script>\n<!-- \/ Yoast SEO plugin. -->","yoast_head_json":{"title":"\"J2\" reguliuojamas suolas - geriausias suolas komercinei ir nam\u0173 sporto salei","description":"\u012esigykite geriausi\u0105 reguliuojam\u0105 suoliuk\u0105 savo nam\u0173 sporto salei. \u0160i \u012franga u\u017etikrina lankstum\u0105 ir atram\u0105 \u012fvairiems pratimams, puikiai tinka j\u0117gos treniruot\u0117ms.","robots":{"index":"index","follow":"follow","max-snippet":"max-snippet:-1","max-image-preview":"max-image-preview:large","max-video-preview":"max-video-preview:-1"},"canonical":"https:\/\/gymfactory.eu\/lt\/produktas\/j2-reguliuojamas-suolas\/","og_locale":"lt_LT","og_type":"article","og_title":"\"J2\" reguliuojamas suolas - geriausias suolas komercinei ir nam\u0173 sporto salei","og_description":"\u012esigykite geriausi\u0105 reguliuojam\u0105 suoliuk\u0105 savo nam\u0173 sporto salei. \u0160i \u012franga u\u017etikrina lankstum\u0105 ir atram\u0105 \u012fvairiems pratimams, puikiai tinka j\u0117gos treniruot\u0117ms.","og_url":"https:\/\/gymfactory.eu\/lt\/produktas\/j2-reguliuojamas-suolas\/","og_site_name":"Gym Factory","article_modified_time":"2025-12-03T11:50:46+00:00","og_image":[{"width":1500,"height":1500,"url":"https:\/\/gymfactory.eu\/wp-content\/uploads\/2026\/02\/workout-bench-black-adjustable-premium.webp","type":"image\/webp"}],"twitter_card":"summary_large_image","twitter_misc":{"Est. reading time":"1 minut\u0117"},"schema":{"@context":"https:\/\/schema.org","@graph":[{"@type":"WebPage","@id":"https:\/\/gymfactory.eu\/lt\/produktas\/j2-reguliuojamas-suolas\/","url":"https:\/\/gymfactory.eu\/lt\/produktas\/j2-reguliuojamas-suolas\/","name":"\"J2\" reguliuojamas suolas - geriausias suolas komercinei ir nam\u0173 sporto salei","isPartOf":{"@id":"https:\/\/gymfactory.eu\/lt\/#website"},"primaryImageOfPage":{"@id":"https:\/\/gymfactory.eu\/lt\/produktas\/j2-reguliuojamas-suolas\/#primaryimage"},"image":{"@id":"https:\/\/gymfactory.eu\/lt\/produktas\/j2-reguliuojamas-suolas\/#primaryimage"},"thumbnailUrl":"https:\/\/gymfactory.eu\/wp-content\/uploads\/2026\/02\/workout-bench-black-adjustable-premium.webp","datePublished":"2025-02-11T09:22:25+00:00","dateModified":"2025-12-03T11:50:46+00:00","description":"\u012esigykite geriausi\u0105 reguliuojam\u0105 suoliuk\u0105 savo nam\u0173 sporto salei. \u0160i \u012franga u\u017etikrina lankstum\u0105 ir atram\u0105 \u012fvairiems pratimams, puikiai tinka j\u0117gos treniruot\u0117ms.","breadcrumb":{"@id":"https:\/\/gymfactory.eu\/lt\/produktas\/j2-reguliuojamas-suolas\/#breadcrumb"},"inLanguage":"lt-LT","potentialAction":[{"@type":"ReadAction","target":["https:\/\/gymfactory.eu\/lt\/produktas\/j2-reguliuojamas-suolas\/"]}]},{"@type":"ImageObject","inLanguage":"lt-LT","@id":"https:\/\/gymfactory.eu\/lt\/produktas\/j2-reguliuojamas-suolas\/#primaryimage","url":"https:\/\/gymfactory.eu\/wp-content\/uploads\/2026\/02\/workout-bench-black-adjustable-premium.webp","contentUrl":"https:\/\/gymfactory.eu\/wp-content\/uploads\/2026\/02\/workout-bench-black-adjustable-premium.webp","width":1500,"height":1500,"caption":"J2e Adjustable Bench black commercial fitness bench with adjustable positions"},{"@type":"BreadcrumbList","@id":"https:\/\/gymfactory.eu\/lt\/produktas\/j2-reguliuojamas-suolas\/#breadcrumb","itemListElement":[{"@type":"ListItem","position":1,"name":"Pagrindinis","item":"https:\/\/gymfactory.eu\/lt\/"},{"@type":"ListItem","position":2,"name":"Katalogas","item":"https:\/\/gymfactory.eu\/lt\/katalogas\/"},{"@type":"ListItem","position":3,"name":"J2 Universalus suoliukas"}]},{"@type":"WebSite","@id":"https:\/\/gymfactory.eu\/lt\/#website","url":"https:\/\/gymfactory.eu\/lt\/","name":"Gym Factory","description":"","publisher":{"@id":"https:\/\/gymfactory.eu\/lt\/#organization"},"potentialAction":[{"@type":"SearchAction","target":{"@type":"EntryPoint","urlTemplate":"https:\/\/gymfactory.eu\/lt\/?s={search_term_string}"},"query-input":{"@type":"PropertyValueSpecification","valueRequired":true,"valueName":"search_term_string"}}],"inLanguage":"lt-LT"},{"@type":"Organization","@id":"https:\/\/gymfactory.eu\/lt\/#organization","name":"Sporto sal\u0117s gamykla","url":"https:\/\/gymfactory.eu\/lt\/","logo":{"@type":"ImageObject","inLanguage":"lt-LT","@id":"https:\/\/gymfactory.eu\/lt\/#\/schema\/logo\/image\/","url":"https:\/\/gymfactory.eu\/wp-content\/uploads\/2024\/11\/Component-1.svg","contentUrl":"https:\/\/gymfactory.eu\/wp-content\/uploads\/2024\/11\/Component-1.svg","width":54,"height":44,"caption":"Sporto sal\u0117s gamykla"},"image":{"@id":"https:\/\/gymfactory.eu\/lt\/#\/schema\/logo\/image\/"}}]}},"_links":{"self":[{"href":"https:\/\/gymfactory.eu\/lt\/wp-json\/wp\/v2\/product\/10108","targetHints":{"allow":["GET"]}}],"collection":[{"href":"https:\/\/gymfactory.eu\/lt\/wp-json\/wp\/v2\/product"}],"about":[{"href":"https:\/\/gymfactory.eu\/lt\/wp-json\/wp\/v2\/types\/product"}],"wp:featuredmedia":[{"embeddable":true,"href":"https:\/\/gymfactory.eu\/lt\/wp-json\/wp\/v2\/media\/27546"}],"wp:attachment":[{"href":"https:\/\/gymfactory.eu\/lt\/wp-json\/wp\/v2\/media?parent=10108"}],"wp:term":[{"taxonomy":"product_brand","embeddable":true,"href":"https:\/\/gymfactory.eu\/lt\/wp-json\/wp\/v2\/product_brand?post=10108"},{"taxonomy":"product_cat","embeddable":true,"href":"https:\/\/gymfactory.eu\/lt\/wp-json\/wp\/v2\/product_cat?post=10108"},{"taxonomy":"product_tag","embeddable":true,"href":"https:\/\/gymfactory.eu\/lt\/wp-json\/wp\/v2\/product_tag?post=10108"}],"curies":[{"name":"wp","href":"https:\/\/api.w.org\/{rel}","templated":true}]}}