{"id":10105,"date":"2025-02-11T09:33:16","date_gmt":"2025-02-11T07:33:16","guid":{"rendered":"https:\/\/gymfactory.eu\/product\/e1-reguliuojamas-nuolydzio-suoliukas\/"},"modified":"2025-12-03T13:36:13","modified_gmt":"2025-12-03T11:36:13","slug":"e1-reguliuojamas-nuolydzio-suoliukas","status":"publish","type":"product","link":"https:\/\/gymfactory.eu\/lt\/produktas\/e1-reguliuojamas-nuolydzio-suoliukas\/","title":{"rendered":"E1 Suoliukas pilvo presui"},"content":{"rendered":"<p>E1 reguliuojamas suoliukas pilvo presui \u2013 patogus ir tvirtas treniruoklis, skirtas pilvo preso ir centro raumen\u0173 lavinimui. Tinka tiek nam\u0173 sporto zonoms, tiek profesionalioms treniruo\u010di\u0173 erdv\u0117ms.<\/p>\n<p>Nuolyd\u017eio kampas reguliuojamas \u2013 tai leid\u017eia lengvai pritaikyti pratimo sud\u0117tingum\u0105 pagal asmeninius tikslus ar fizin\u012f pasirengim\u0105.<\/p>\n<p>Tvirtos konstrukcijos ir paprastai reguliuojamas suoliukas u\u017etikrina efektyvias ir saugias pilvo preso treniruotes.<\/p>\n\n    <div class=\"xs_social_share_widget xs_share_url after_content \t\tmain_content  wslu-style-1 wslu-share-box-shaped wslu-fill-colored wslu-none wslu-share-horizontal wslu-theme-font-no wslu-main_content\">\n\n\t\t\n        <ul>\n\t\t\t        <\/ul>\n    <\/div> \n","protected":false},"excerpt":{"rendered":"<p>E1 reguliuojamas suoliukas pilvo presui \u2013 patogus ir tvirtas treniruoklis, skirtas pilvo preso ir centro raumen\u0173 lavinimui. Tinka tiek nam\u0173 sporto zonoms, tiek profesionalioms treniruo\u010di\u0173 erdv\u0117ms. Nuolyd\u017eio kampas reguliuojamas \u2013 tai leid\u017eia lengvai pritaikyti pratimo sud\u0117tingum\u0105 pagal asmeninius tikslus ar fizin\u012f pasirengim\u0105. Tvirtos konstrukcijos ir paprastai reguliuojamas suoliukas u\u017etikrina efektyvias ir saugias pilvo preso treniruotes.<\/p>\n","protected":false},"featured_media":8835,"template":"","meta":{"_acf_changed":false},"product_brand":[817],"product_cat":[437],"product_tag":[],"class_list":{"0":"post-10105","1":"product","2":"type-product","3":"status-publish","4":"has-post-thumbnail","6":"product_brand-gym-factory-lt","7":"product_cat-treniruociu-suolai","9":"first","10":"onbackorder","11":"taxable","12":"shipping-taxable","13":"purchasable","14":"product-type-variable","15":"has-default-attributes"},"acf":[],"yoast_head":"<!-- This site is optimized with the Yoast SEO plugin v25.2 - https:\/\/yoast.com\/wordpress\/plugins\/seo\/ -->\n<title>E1 Decline Weight Bench - skirtas komercin\u0117ms ir nam\u0173 sporto sal\u0117ms<\/title>\n<meta name=\"description\" content=\"Reguliuojamas suoliukas yra prakti\u0161kas pasirinkimas treniruokliams namuose. Jis paprastas, tvirtas ir puikiai tinka tokiems pratimams, kaip spaudimas, eilut\u0117s ir pagrindiniai pratimai.\" \/>\n<meta name=\"robots\" content=\"index, follow, max-snippet:-1, max-image-preview:large, max-video-preview:-1\" \/>\n<link rel=\"canonical\" href=\"https:\/\/gymfactory.eu\/lt\/produktas\/e1-reguliuojamas-nuolydzio-suoliukas\/\" \/>\n<meta property=\"og:locale\" content=\"lt_LT\" \/>\n<meta property=\"og:type\" content=\"article\" \/>\n<meta property=\"og:title\" content=\"E1 Decline Weight Bench - skirtas komercin\u0117ms ir nam\u0173 sporto sal\u0117ms\" \/>\n<meta property=\"og:description\" content=\"Reguliuojamas suoliukas yra prakti\u0161kas pasirinkimas treniruokliams namuose. Jis paprastas, tvirtas ir puikiai tinka tokiems pratimams, kaip spaudimas, eilut\u0117s ir pagrindiniai pratimai.\" \/>\n<meta property=\"og:url\" content=\"https:\/\/gymfactory.eu\/lt\/produktas\/e1-reguliuojamas-nuolydzio-suoliukas\/\" \/>\n<meta property=\"og:site_name\" content=\"Gym Factory\" \/>\n<meta property=\"article:modified_time\" content=\"2025-12-03T11:36:13+00:00\" \/>\n<meta property=\"og:image\" content=\"https:\/\/gymfactory.eu\/wp-content\/uploads\/2025\/02\/bench-press-decline-bench-1.webp\" \/>\n\t<meta property=\"og:image:width\" content=\"1500\" \/>\n\t<meta property=\"og:image:height\" content=\"1500\" \/>\n\t<meta property=\"og:image:type\" content=\"image\/webp\" \/>\n<meta name=\"twitter:card\" content=\"summary_large_image\" \/>\n<meta name=\"twitter:label1\" content=\"Est. reading time\" \/>\n\t<meta name=\"twitter:data1\" content=\"1 minut\u0117\" \/>\n<script type=\"application\/ld+json\" class=\"yoast-schema-graph\">{\"@context\":\"https:\/\/schema.org\",\"@graph\":[{\"@type\":\"WebPage\",\"@id\":\"https:\/\/gymfactory.eu\/lt\/produktas\/e1-reguliuojamas-nuolydzio-suoliukas\/\",\"url\":\"https:\/\/gymfactory.eu\/lt\/produktas\/e1-reguliuojamas-nuolydzio-suoliukas\/\",\"name\":\"E1 Decline Weight Bench - skirtas komercin\u0117ms ir nam\u0173 sporto sal\u0117ms\",\"isPartOf\":{\"@id\":\"https:\/\/gymfactory.eu\/lt\/#website\"},\"primaryImageOfPage\":{\"@id\":\"https:\/\/gymfactory.eu\/lt\/produktas\/e1-reguliuojamas-nuolydzio-suoliukas\/#primaryimage\"},\"image\":{\"@id\":\"https:\/\/gymfactory.eu\/lt\/produktas\/e1-reguliuojamas-nuolydzio-suoliukas\/#primaryimage\"},\"thumbnailUrl\":\"https:\/\/gymfactory.eu\/wp-content\/uploads\/2025\/02\/bench-press-decline-bench-1.webp\",\"datePublished\":\"2025-02-11T07:33:16+00:00\",\"dateModified\":\"2025-12-03T11:36:13+00:00\",\"description\":\"Reguliuojamas suoliukas yra prakti\u0161kas pasirinkimas treniruokliams namuose. Jis paprastas, tvirtas ir puikiai tinka tokiems pratimams, kaip spaudimas, eilut\u0117s ir pagrindiniai pratimai.\",\"breadcrumb\":{\"@id\":\"https:\/\/gymfactory.eu\/lt\/produktas\/e1-reguliuojamas-nuolydzio-suoliukas\/#breadcrumb\"},\"inLanguage\":\"lt-LT\",\"potentialAction\":[{\"@type\":\"ReadAction\",\"target\":[\"https:\/\/gymfactory.eu\/lt\/produktas\/e1-reguliuojamas-nuolydzio-suoliukas\/\"]}]},{\"@type\":\"ImageObject\",\"inLanguage\":\"lt-LT\",\"@id\":\"https:\/\/gymfactory.eu\/lt\/produktas\/e1-reguliuojamas-nuolydzio-suoliukas\/#primaryimage\",\"url\":\"https:\/\/gymfactory.eu\/wp-content\/uploads\/2025\/02\/bench-press-decline-bench-1.webp\",\"contentUrl\":\"https:\/\/gymfactory.eu\/wp-content\/uploads\/2025\/02\/bench-press-decline-bench-1.webp\",\"width\":1500,\"height\":1500,\"caption\":\"Juodos spalvos krentantis suolelis, skirtas treniruokli\u0173 salei, skirtas kr\u016btin\u0117s ir \u0161erdies treniruot\u0117ms. Tvirtas plieninis r\u0117mas turi reguliuojam\u0105 koj\u0173 atram\u0105 ir mink\u0161t\u0105 pavir\u0161i\u0173, idealiai tinkant\u012f \u017eem\u0117jantiems atsispaudimams ir prisitraukimams.\"},{\"@type\":\"BreadcrumbList\",\"@id\":\"https:\/\/gymfactory.eu\/lt\/produktas\/e1-reguliuojamas-nuolydzio-suoliukas\/#breadcrumb\",\"itemListElement\":[{\"@type\":\"ListItem\",\"position\":1,\"name\":\"Pagrindinis\",\"item\":\"https:\/\/gymfactory.eu\/lt\/\"},{\"@type\":\"ListItem\",\"position\":2,\"name\":\"Katalogas\",\"item\":\"https:\/\/gymfactory.eu\/lt\/katalogas\/\"},{\"@type\":\"ListItem\",\"position\":3,\"name\":\"E1 Suoliukas pilvo presui\"}]},{\"@type\":\"WebSite\",\"@id\":\"https:\/\/gymfactory.eu\/lt\/#website\",\"url\":\"https:\/\/gymfactory.eu\/lt\/\",\"name\":\"Gym Factory\",\"description\":\"\",\"publisher\":{\"@id\":\"https:\/\/gymfactory.eu\/lt\/#organization\"},\"potentialAction\":[{\"@type\":\"SearchAction\",\"target\":{\"@type\":\"EntryPoint\",\"urlTemplate\":\"https:\/\/gymfactory.eu\/lt\/?s={search_term_string}\"},\"query-input\":{\"@type\":\"PropertyValueSpecification\",\"valueRequired\":true,\"valueName\":\"search_term_string\"}}],\"inLanguage\":\"lt-LT\"},{\"@type\":\"Organization\",\"@id\":\"https:\/\/gymfactory.eu\/lt\/#organization\",\"name\":\"Sporto sal\u0117s gamykla\",\"url\":\"https:\/\/gymfactory.eu\/lt\/\",\"logo\":{\"@type\":\"ImageObject\",\"inLanguage\":\"lt-LT\",\"@id\":\"https:\/\/gymfactory.eu\/lt\/#\/schema\/logo\/image\/\",\"url\":\"https:\/\/gymfactory.eu\/wp-content\/uploads\/2024\/11\/Component-1.svg\",\"contentUrl\":\"https:\/\/gymfactory.eu\/wp-content\/uploads\/2024\/11\/Component-1.svg\",\"width\":54,\"height\":44,\"caption\":\"Sporto sal\u0117s gamykla\"},\"image\":{\"@id\":\"https:\/\/gymfactory.eu\/lt\/#\/schema\/logo\/image\/\"}}]}<\/script>\n<!-- \/ Yoast SEO plugin. -->","yoast_head_json":{"title":"E1 Decline Weight Bench - skirtas komercin\u0117ms ir nam\u0173 sporto sal\u0117ms","description":"Reguliuojamas suoliukas yra prakti\u0161kas pasirinkimas treniruokliams namuose. Jis paprastas, tvirtas ir puikiai tinka tokiems pratimams, kaip spaudimas, eilut\u0117s ir pagrindiniai pratimai.","robots":{"index":"index","follow":"follow","max-snippet":"max-snippet:-1","max-image-preview":"max-image-preview:large","max-video-preview":"max-video-preview:-1"},"canonical":"https:\/\/gymfactory.eu\/lt\/produktas\/e1-reguliuojamas-nuolydzio-suoliukas\/","og_locale":"lt_LT","og_type":"article","og_title":"E1 Decline Weight Bench - skirtas komercin\u0117ms ir nam\u0173 sporto sal\u0117ms","og_description":"Reguliuojamas suoliukas yra prakti\u0161kas pasirinkimas treniruokliams namuose. Jis paprastas, tvirtas ir puikiai tinka tokiems pratimams, kaip spaudimas, eilut\u0117s ir pagrindiniai pratimai.","og_url":"https:\/\/gymfactory.eu\/lt\/produktas\/e1-reguliuojamas-nuolydzio-suoliukas\/","og_site_name":"Gym Factory","article_modified_time":"2025-12-03T11:36:13+00:00","og_image":[{"width":1500,"height":1500,"url":"https:\/\/gymfactory.eu\/wp-content\/uploads\/2025\/02\/bench-press-decline-bench-1.webp","type":"image\/webp"}],"twitter_card":"summary_large_image","twitter_misc":{"Est. reading time":"1 minut\u0117"},"schema":{"@context":"https:\/\/schema.org","@graph":[{"@type":"WebPage","@id":"https:\/\/gymfactory.eu\/lt\/produktas\/e1-reguliuojamas-nuolydzio-suoliukas\/","url":"https:\/\/gymfactory.eu\/lt\/produktas\/e1-reguliuojamas-nuolydzio-suoliukas\/","name":"E1 Decline Weight Bench - skirtas komercin\u0117ms ir nam\u0173 sporto sal\u0117ms","isPartOf":{"@id":"https:\/\/gymfactory.eu\/lt\/#website"},"primaryImageOfPage":{"@id":"https:\/\/gymfactory.eu\/lt\/produktas\/e1-reguliuojamas-nuolydzio-suoliukas\/#primaryimage"},"image":{"@id":"https:\/\/gymfactory.eu\/lt\/produktas\/e1-reguliuojamas-nuolydzio-suoliukas\/#primaryimage"},"thumbnailUrl":"https:\/\/gymfactory.eu\/wp-content\/uploads\/2025\/02\/bench-press-decline-bench-1.webp","datePublished":"2025-02-11T07:33:16+00:00","dateModified":"2025-12-03T11:36:13+00:00","description":"Reguliuojamas suoliukas yra prakti\u0161kas pasirinkimas treniruokliams namuose. Jis paprastas, tvirtas ir puikiai tinka tokiems pratimams, kaip spaudimas, eilut\u0117s ir pagrindiniai pratimai.","breadcrumb":{"@id":"https:\/\/gymfactory.eu\/lt\/produktas\/e1-reguliuojamas-nuolydzio-suoliukas\/#breadcrumb"},"inLanguage":"lt-LT","potentialAction":[{"@type":"ReadAction","target":["https:\/\/gymfactory.eu\/lt\/produktas\/e1-reguliuojamas-nuolydzio-suoliukas\/"]}]},{"@type":"ImageObject","inLanguage":"lt-LT","@id":"https:\/\/gymfactory.eu\/lt\/produktas\/e1-reguliuojamas-nuolydzio-suoliukas\/#primaryimage","url":"https:\/\/gymfactory.eu\/wp-content\/uploads\/2025\/02\/bench-press-decline-bench-1.webp","contentUrl":"https:\/\/gymfactory.eu\/wp-content\/uploads\/2025\/02\/bench-press-decline-bench-1.webp","width":1500,"height":1500,"caption":"Juodos spalvos krentantis suolelis, skirtas treniruokli\u0173 salei, skirtas kr\u016btin\u0117s ir \u0161erdies treniruot\u0117ms. Tvirtas plieninis r\u0117mas turi reguliuojam\u0105 koj\u0173 atram\u0105 ir mink\u0161t\u0105 pavir\u0161i\u0173, idealiai tinkant\u012f \u017eem\u0117jantiems atsispaudimams ir prisitraukimams."},{"@type":"BreadcrumbList","@id":"https:\/\/gymfactory.eu\/lt\/produktas\/e1-reguliuojamas-nuolydzio-suoliukas\/#breadcrumb","itemListElement":[{"@type":"ListItem","position":1,"name":"Pagrindinis","item":"https:\/\/gymfactory.eu\/lt\/"},{"@type":"ListItem","position":2,"name":"Katalogas","item":"https:\/\/gymfactory.eu\/lt\/katalogas\/"},{"@type":"ListItem","position":3,"name":"E1 Suoliukas pilvo presui"}]},{"@type":"WebSite","@id":"https:\/\/gymfactory.eu\/lt\/#website","url":"https:\/\/gymfactory.eu\/lt\/","name":"Gym Factory","description":"","publisher":{"@id":"https:\/\/gymfactory.eu\/lt\/#organization"},"potentialAction":[{"@type":"SearchAction","target":{"@type":"EntryPoint","urlTemplate":"https:\/\/gymfactory.eu\/lt\/?s={search_term_string}"},"query-input":{"@type":"PropertyValueSpecification","valueRequired":true,"valueName":"search_term_string"}}],"inLanguage":"lt-LT"},{"@type":"Organization","@id":"https:\/\/gymfactory.eu\/lt\/#organization","name":"Sporto sal\u0117s gamykla","url":"https:\/\/gymfactory.eu\/lt\/","logo":{"@type":"ImageObject","inLanguage":"lt-LT","@id":"https:\/\/gymfactory.eu\/lt\/#\/schema\/logo\/image\/","url":"https:\/\/gymfactory.eu\/wp-content\/uploads\/2024\/11\/Component-1.svg","contentUrl":"https:\/\/gymfactory.eu\/wp-content\/uploads\/2024\/11\/Component-1.svg","width":54,"height":44,"caption":"Sporto sal\u0117s gamykla"},"image":{"@id":"https:\/\/gymfactory.eu\/lt\/#\/schema\/logo\/image\/"}}]}},"_links":{"self":[{"href":"https:\/\/gymfactory.eu\/lt\/wp-json\/wp\/v2\/product\/10105","targetHints":{"allow":["GET"]}}],"collection":[{"href":"https:\/\/gymfactory.eu\/lt\/wp-json\/wp\/v2\/product"}],"about":[{"href":"https:\/\/gymfactory.eu\/lt\/wp-json\/wp\/v2\/types\/product"}],"wp:featuredmedia":[{"embeddable":true,"href":"https:\/\/gymfactory.eu\/lt\/wp-json\/wp\/v2\/media\/8835"}],"wp:attachment":[{"href":"https:\/\/gymfactory.eu\/lt\/wp-json\/wp\/v2\/media?parent=10105"}],"wp:term":[{"taxonomy":"product_brand","embeddable":true,"href":"https:\/\/gymfactory.eu\/lt\/wp-json\/wp\/v2\/product_brand?post=10105"},{"taxonomy":"product_cat","embeddable":true,"href":"https:\/\/gymfactory.eu\/lt\/wp-json\/wp\/v2\/product_cat?post=10105"},{"taxonomy":"product_tag","embeddable":true,"href":"https:\/\/gymfactory.eu\/lt\/wp-json\/wp\/v2\/product_tag?post=10105"}],"curies":[{"name":"wp","href":"https:\/\/api.w.org\/{rel}","templated":true}]}}