{"id":10101,"date":"2025-02-17T11:07:42","date_gmt":"2025-02-17T09:07:42","guid":{"rendered":"https:\/\/gymfactory.eu\/product\/u1-lauko-daugiapozicine-kalanetikos-treniruokliu-sistema\/"},"modified":"2025-12-08T13:17:15","modified_gmt":"2025-12-08T11:17:15","slug":"u1-lauko-daugiapozicine-kalanetikos-treniruokliu-sistema","status":"publish","type":"product","link":"https:\/\/gymfactory.eu\/lt\/produktas\/u1-lauko-daugiapozicine-kalanetikos-treniruokliu-sistema\/","title":{"rendered":"U1 Daugiafunkcinis lauko treniruoklis"},"content":{"rendered":"<p>U1 \u2013 daugiafunkcinis lauko treniruoklis, skirtas viso k\u016bno kalistenikai ir j\u0117gos pratimams su savo k\u016bno svoriu. Kompakti\u0161ka konstrukcija leid\u017eia vienu metu treniruotis keliems \u017emon\u0117ms, tod\u0117l tai puikus sprendimas vie\u0161oms sporto erdv\u0117ms ar treniruo\u010di\u0173 aik\u0161tel\u0117ms lauke.<\/p>\n<p><strong>\u012erangoje integruota:<\/strong><br \/>\n\u2022 Horizontali laipiojimo skersini\u0173 sistema (angl. &#8222;monkey bars&#8221;) \u2013 skirta dinami\u0161kiems judesiams, su\u0117mimo stiprinimui ir koordinacijai<br \/>\n\u2022 2 \u0161vedi\u0161kos sienel\u0117s \u2013 tempimui, mobilumui ir pratimams pilvo presui<br \/>\n\u2022 2 skersiniai skirtingame auk\u0161tyje \u2013 prisitraukimams<br \/>\n\u2022 Lygiagret\u0117s \u2013 atsispaudimams ir spaudimams k\u016bno svoriu<br \/>\n\u2022 2 \u017eemo auk\u0161\u010dio rankenos \u2013 atsispaudimams nuo \u017eem\u0117s<br \/>\n\u2022 Stotis koj\u0173 k\u0117limams ir atsispaudimams \u2013 pratimams pilvo presui ir tricepsams<\/p>\n<p>\u0160i stotis pritaikyta \u012fvairiems j\u0117gos, koordinacijos ir mobilumo lavinimo pratimams, skatina aktyv\u0173 jud\u0117jim\u0105 lauke viso k\u016bno treniruot\u0117se.<\/p>\n<p><strong>Tvirtinimo sprendimai:<\/strong><br \/>\n\u2022 Montavimas \u012f beton\u0105 naudojant armat\u016brinius inkarus<br \/>\n\u2022 Tvirtinimas var\u017etais naudojant pagrindo plok\u0161tes su i\u0161gr\u0119\u017etomis skyl\u0117mis<br \/>\n\u2022 Montavimas ant \u017eem\u0117s naudojant \u012fsukamus polius ir tvirtinimo plok\u0161tes \u2013 \u0161is variantas brangesnis d\u0117l sraigtini\u0173 poli\u0173 kainos ir priklauso nuo reikaling\u0173 tvirtinimo ta\u0161k\u0173 kiekio kiekvienam \u012frenginiui<\/p>\n\n    <div class=\"xs_social_share_widget xs_share_url after_content \t\tmain_content  wslu-style-1 wslu-share-box-shaped wslu-fill-colored wslu-none wslu-share-horizontal wslu-theme-font-no wslu-main_content\">\n\n\t\t\n        <ul>\n\t\t\t        <\/ul>\n    <\/div> \n","protected":false},"excerpt":{"rendered":"<p>U1 \u2013 daugiafunkcinis lauko treniruoklis, skirtas viso k\u016bno kalistenikai ir j\u0117gos pratimams su savo k\u016bno svoriu. Kompakti\u0161ka konstrukcija leid\u017eia vienu metu treniruotis keliems \u017emon\u0117ms, tod\u0117l tai puikus sprendimas vie\u0161oms sporto erdv\u0117ms ar treniruo\u010di\u0173 aik\u0161tel\u0117ms lauke. \u012erangoje integruota: \u2022 Horizontali laipiojimo skersini\u0173 sistema (angl. &#8222;monkey bars&#8221;) \u2013 skirta dinami\u0161kiems judesiams, su\u0117mimo stiprinimui ir koordinacijai \u2022 2 [&hellip;]<\/p>\n","protected":false},"featured_media":9084,"template":"","meta":{"_acf_changed":false},"product_brand":[817],"product_cat":[617],"product_tag":[415],"class_list":{"0":"post-10101","1":"product","2":"type-product","3":"status-publish","4":"has-post-thumbnail","6":"product_brand-gym-factory-lt","7":"product_cat-lauko-treniruokliai","8":"product_tag-spalva-tik-metaline","10":"first","11":"onbackorder","12":"taxable","13":"shipping-taxable","14":"purchasable","15":"product-type-variable","16":"has-default-attributes"},"acf":[],"yoast_head":"<!-- This site is optimized with the Yoast SEO plugin v25.2 - https:\/\/yoast.com\/wordpress\/plugins\/seo\/ -->\n<title>U1 Lauko daugiapozicin\u0117 kalanetikos treniruokli\u0173 sistema, skirta treniruotis su svoriais<\/title>\n<meta name=\"description\" content=\"Universalus lauko daugiapozicinis kalanetikos treniruoklis, pagamintas i\u0161 auk\u0161tos kokyb\u0117s plieno konstrukcijos. Puikiai tinka treniruot\u0117ms su svoriais ir viso k\u016bno treniruot\u0117ms.\" \/>\n<meta name=\"robots\" content=\"index, follow, max-snippet:-1, max-image-preview:large, max-video-preview:-1\" \/>\n<link rel=\"canonical\" href=\"https:\/\/gymfactory.eu\/lt\/produktas\/u1-lauko-daugiapozicine-kalanetikos-treniruokliu-sistema\/\" \/>\n<meta property=\"og:locale\" content=\"lt_LT\" \/>\n<meta property=\"og:type\" content=\"article\" \/>\n<meta property=\"og:title\" content=\"U1 Lauko daugiapozicin\u0117 kalanetikos treniruokli\u0173 sistema, skirta treniruotis su svoriais\" \/>\n<meta property=\"og:description\" content=\"Universalus lauko daugiapozicinis kalanetikos treniruoklis, pagamintas i\u0161 auk\u0161tos kokyb\u0117s plieno konstrukcijos. Puikiai tinka treniruot\u0117ms su svoriais ir viso k\u016bno treniruot\u0117ms.\" \/>\n<meta property=\"og:url\" content=\"https:\/\/gymfactory.eu\/lt\/produktas\/u1-lauko-daugiapozicine-kalanetikos-treniruokliu-sistema\/\" \/>\n<meta property=\"og:site_name\" content=\"Gym Factory\" \/>\n<meta property=\"article:modified_time\" content=\"2025-12-08T11:17:15+00:00\" \/>\n<meta property=\"og:image\" content=\"https:\/\/gymfactory.eu\/wp-content\/uploads\/2025\/02\/outdoor-fitness-equipment-scaled-1.webp\" \/>\n\t<meta property=\"og:image:width\" content=\"1500\" \/>\n\t<meta property=\"og:image:height\" content=\"1500\" \/>\n\t<meta property=\"og:image:type\" content=\"image\/webp\" \/>\n<meta name=\"twitter:card\" content=\"summary_large_image\" \/>\n<meta name=\"twitter:label1\" content=\"Est. reading time\" \/>\n\t<meta name=\"twitter:data1\" content=\"1 minut\u0117\" \/>\n<script type=\"application\/ld+json\" class=\"yoast-schema-graph\">{\"@context\":\"https:\/\/schema.org\",\"@graph\":[{\"@type\":\"WebPage\",\"@id\":\"https:\/\/gymfactory.eu\/lt\/produktas\/u1-lauko-daugiapozicine-kalanetikos-treniruokliu-sistema\/\",\"url\":\"https:\/\/gymfactory.eu\/lt\/produktas\/u1-lauko-daugiapozicine-kalanetikos-treniruokliu-sistema\/\",\"name\":\"U1 Lauko daugiapozicin\u0117 kalanetikos treniruokli\u0173 sistema, skirta treniruotis su svoriais\",\"isPartOf\":{\"@id\":\"https:\/\/gymfactory.eu\/lt\/#website\"},\"primaryImageOfPage\":{\"@id\":\"https:\/\/gymfactory.eu\/lt\/produktas\/u1-lauko-daugiapozicine-kalanetikos-treniruokliu-sistema\/#primaryimage\"},\"image\":{\"@id\":\"https:\/\/gymfactory.eu\/lt\/produktas\/u1-lauko-daugiapozicine-kalanetikos-treniruokliu-sistema\/#primaryimage\"},\"thumbnailUrl\":\"https:\/\/gymfactory.eu\/wp-content\/uploads\/2025\/02\/outdoor-fitness-equipment-scaled-1.webp\",\"datePublished\":\"2025-02-17T09:07:42+00:00\",\"dateModified\":\"2025-12-08T11:17:15+00:00\",\"description\":\"Universalus lauko daugiapozicinis kalanetikos treniruoklis, pagamintas i\u0161 auk\u0161tos kokyb\u0117s plieno konstrukcijos. Puikiai tinka treniruot\u0117ms su svoriais ir viso k\u016bno treniruot\u0117ms.\",\"breadcrumb\":{\"@id\":\"https:\/\/gymfactory.eu\/lt\/produktas\/u1-lauko-daugiapozicine-kalanetikos-treniruokliu-sistema\/#breadcrumb\"},\"inLanguage\":\"lt-LT\",\"potentialAction\":[{\"@type\":\"ReadAction\",\"target\":[\"https:\/\/gymfactory.eu\/lt\/produktas\/u1-lauko-daugiapozicine-kalanetikos-treniruokliu-sistema\/\"]}]},{\"@type\":\"ImageObject\",\"inLanguage\":\"lt-LT\",\"@id\":\"https:\/\/gymfactory.eu\/lt\/produktas\/u1-lauko-daugiapozicine-kalanetikos-treniruokliu-sistema\/#primaryimage\",\"url\":\"https:\/\/gymfactory.eu\/wp-content\/uploads\/2025\/02\/outdoor-fitness-equipment-scaled-1.webp\",\"contentUrl\":\"https:\/\/gymfactory.eu\/wp-content\/uploads\/2025\/02\/outdoor-fitness-equipment-scaled-1.webp\",\"width\":1500,\"height\":1500,\"caption\":\"J\u0117gos treniruo\u010di\u0173 treniruokli\u0173 s\u0105rankoje yra lauko treniruokliai su dideliu j\u0117gos stovu, be\u017ed\u017eioni\u0173 strypais, vertikaliomis kop\u0117\u010diomis ir lygiagre\u010diomis, skirtomis k\u016bno svorio treniruot\u0117ms, pavyzd\u017eiui, prisitraukimams, atsilenkimams ir kalanetikos pratimams.\"},{\"@type\":\"BreadcrumbList\",\"@id\":\"https:\/\/gymfactory.eu\/lt\/produktas\/u1-lauko-daugiapozicine-kalanetikos-treniruokliu-sistema\/#breadcrumb\",\"itemListElement\":[{\"@type\":\"ListItem\",\"position\":1,\"name\":\"Pagrindinis\",\"item\":\"https:\/\/gymfactory.eu\/lt\/\"},{\"@type\":\"ListItem\",\"position\":2,\"name\":\"Katalogas\",\"item\":\"https:\/\/gymfactory.eu\/lt\/katalogas\/\"},{\"@type\":\"ListItem\",\"position\":3,\"name\":\"U1 Daugiafunkcinis lauko treniruoklis\"}]},{\"@type\":\"WebSite\",\"@id\":\"https:\/\/gymfactory.eu\/lt\/#website\",\"url\":\"https:\/\/gymfactory.eu\/lt\/\",\"name\":\"Gym Factory\",\"description\":\"\",\"publisher\":{\"@id\":\"https:\/\/gymfactory.eu\/lt\/#organization\"},\"potentialAction\":[{\"@type\":\"SearchAction\",\"target\":{\"@type\":\"EntryPoint\",\"urlTemplate\":\"https:\/\/gymfactory.eu\/lt\/?s={search_term_string}\"},\"query-input\":{\"@type\":\"PropertyValueSpecification\",\"valueRequired\":true,\"valueName\":\"search_term_string\"}}],\"inLanguage\":\"lt-LT\"},{\"@type\":\"Organization\",\"@id\":\"https:\/\/gymfactory.eu\/lt\/#organization\",\"name\":\"Sporto sal\u0117s gamykla\",\"url\":\"https:\/\/gymfactory.eu\/lt\/\",\"logo\":{\"@type\":\"ImageObject\",\"inLanguage\":\"lt-LT\",\"@id\":\"https:\/\/gymfactory.eu\/lt\/#\/schema\/logo\/image\/\",\"url\":\"https:\/\/gymfactory.eu\/wp-content\/uploads\/2024\/11\/Component-1.svg\",\"contentUrl\":\"https:\/\/gymfactory.eu\/wp-content\/uploads\/2024\/11\/Component-1.svg\",\"width\":54,\"height\":44,\"caption\":\"Sporto sal\u0117s gamykla\"},\"image\":{\"@id\":\"https:\/\/gymfactory.eu\/lt\/#\/schema\/logo\/image\/\"}}]}<\/script>\n<!-- \/ Yoast SEO plugin. -->","yoast_head_json":{"title":"U1 Lauko daugiapozicin\u0117 kalanetikos treniruokli\u0173 sistema, skirta treniruotis su svoriais","description":"Universalus lauko daugiapozicinis kalanetikos treniruoklis, pagamintas i\u0161 auk\u0161tos kokyb\u0117s plieno konstrukcijos. Puikiai tinka treniruot\u0117ms su svoriais ir viso k\u016bno treniruot\u0117ms.","robots":{"index":"index","follow":"follow","max-snippet":"max-snippet:-1","max-image-preview":"max-image-preview:large","max-video-preview":"max-video-preview:-1"},"canonical":"https:\/\/gymfactory.eu\/lt\/produktas\/u1-lauko-daugiapozicine-kalanetikos-treniruokliu-sistema\/","og_locale":"lt_LT","og_type":"article","og_title":"U1 Lauko daugiapozicin\u0117 kalanetikos treniruokli\u0173 sistema, skirta treniruotis su svoriais","og_description":"Universalus lauko daugiapozicinis kalanetikos treniruoklis, pagamintas i\u0161 auk\u0161tos kokyb\u0117s plieno konstrukcijos. Puikiai tinka treniruot\u0117ms su svoriais ir viso k\u016bno treniruot\u0117ms.","og_url":"https:\/\/gymfactory.eu\/lt\/produktas\/u1-lauko-daugiapozicine-kalanetikos-treniruokliu-sistema\/","og_site_name":"Gym Factory","article_modified_time":"2025-12-08T11:17:15+00:00","og_image":[{"width":1500,"height":1500,"url":"https:\/\/gymfactory.eu\/wp-content\/uploads\/2025\/02\/outdoor-fitness-equipment-scaled-1.webp","type":"image\/webp"}],"twitter_card":"summary_large_image","twitter_misc":{"Est. reading time":"1 minut\u0117"},"schema":{"@context":"https:\/\/schema.org","@graph":[{"@type":"WebPage","@id":"https:\/\/gymfactory.eu\/lt\/produktas\/u1-lauko-daugiapozicine-kalanetikos-treniruokliu-sistema\/","url":"https:\/\/gymfactory.eu\/lt\/produktas\/u1-lauko-daugiapozicine-kalanetikos-treniruokliu-sistema\/","name":"U1 Lauko daugiapozicin\u0117 kalanetikos treniruokli\u0173 sistema, skirta treniruotis su svoriais","isPartOf":{"@id":"https:\/\/gymfactory.eu\/lt\/#website"},"primaryImageOfPage":{"@id":"https:\/\/gymfactory.eu\/lt\/produktas\/u1-lauko-daugiapozicine-kalanetikos-treniruokliu-sistema\/#primaryimage"},"image":{"@id":"https:\/\/gymfactory.eu\/lt\/produktas\/u1-lauko-daugiapozicine-kalanetikos-treniruokliu-sistema\/#primaryimage"},"thumbnailUrl":"https:\/\/gymfactory.eu\/wp-content\/uploads\/2025\/02\/outdoor-fitness-equipment-scaled-1.webp","datePublished":"2025-02-17T09:07:42+00:00","dateModified":"2025-12-08T11:17:15+00:00","description":"Universalus lauko daugiapozicinis kalanetikos treniruoklis, pagamintas i\u0161 auk\u0161tos kokyb\u0117s plieno konstrukcijos. Puikiai tinka treniruot\u0117ms su svoriais ir viso k\u016bno treniruot\u0117ms.","breadcrumb":{"@id":"https:\/\/gymfactory.eu\/lt\/produktas\/u1-lauko-daugiapozicine-kalanetikos-treniruokliu-sistema\/#breadcrumb"},"inLanguage":"lt-LT","potentialAction":[{"@type":"ReadAction","target":["https:\/\/gymfactory.eu\/lt\/produktas\/u1-lauko-daugiapozicine-kalanetikos-treniruokliu-sistema\/"]}]},{"@type":"ImageObject","inLanguage":"lt-LT","@id":"https:\/\/gymfactory.eu\/lt\/produktas\/u1-lauko-daugiapozicine-kalanetikos-treniruokliu-sistema\/#primaryimage","url":"https:\/\/gymfactory.eu\/wp-content\/uploads\/2025\/02\/outdoor-fitness-equipment-scaled-1.webp","contentUrl":"https:\/\/gymfactory.eu\/wp-content\/uploads\/2025\/02\/outdoor-fitness-equipment-scaled-1.webp","width":1500,"height":1500,"caption":"J\u0117gos treniruo\u010di\u0173 treniruokli\u0173 s\u0105rankoje yra lauko treniruokliai su dideliu j\u0117gos stovu, be\u017ed\u017eioni\u0173 strypais, vertikaliomis kop\u0117\u010diomis ir lygiagre\u010diomis, skirtomis k\u016bno svorio treniruot\u0117ms, pavyzd\u017eiui, prisitraukimams, atsilenkimams ir kalanetikos pratimams."},{"@type":"BreadcrumbList","@id":"https:\/\/gymfactory.eu\/lt\/produktas\/u1-lauko-daugiapozicine-kalanetikos-treniruokliu-sistema\/#breadcrumb","itemListElement":[{"@type":"ListItem","position":1,"name":"Pagrindinis","item":"https:\/\/gymfactory.eu\/lt\/"},{"@type":"ListItem","position":2,"name":"Katalogas","item":"https:\/\/gymfactory.eu\/lt\/katalogas\/"},{"@type":"ListItem","position":3,"name":"U1 Daugiafunkcinis lauko treniruoklis"}]},{"@type":"WebSite","@id":"https:\/\/gymfactory.eu\/lt\/#website","url":"https:\/\/gymfactory.eu\/lt\/","name":"Gym Factory","description":"","publisher":{"@id":"https:\/\/gymfactory.eu\/lt\/#organization"},"potentialAction":[{"@type":"SearchAction","target":{"@type":"EntryPoint","urlTemplate":"https:\/\/gymfactory.eu\/lt\/?s={search_term_string}"},"query-input":{"@type":"PropertyValueSpecification","valueRequired":true,"valueName":"search_term_string"}}],"inLanguage":"lt-LT"},{"@type":"Organization","@id":"https:\/\/gymfactory.eu\/lt\/#organization","name":"Sporto sal\u0117s gamykla","url":"https:\/\/gymfactory.eu\/lt\/","logo":{"@type":"ImageObject","inLanguage":"lt-LT","@id":"https:\/\/gymfactory.eu\/lt\/#\/schema\/logo\/image\/","url":"https:\/\/gymfactory.eu\/wp-content\/uploads\/2024\/11\/Component-1.svg","contentUrl":"https:\/\/gymfactory.eu\/wp-content\/uploads\/2024\/11\/Component-1.svg","width":54,"height":44,"caption":"Sporto sal\u0117s gamykla"},"image":{"@id":"https:\/\/gymfactory.eu\/lt\/#\/schema\/logo\/image\/"}}]}},"_links":{"self":[{"href":"https:\/\/gymfactory.eu\/lt\/wp-json\/wp\/v2\/product\/10101","targetHints":{"allow":["GET"]}}],"collection":[{"href":"https:\/\/gymfactory.eu\/lt\/wp-json\/wp\/v2\/product"}],"about":[{"href":"https:\/\/gymfactory.eu\/lt\/wp-json\/wp\/v2\/types\/product"}],"wp:featuredmedia":[{"embeddable":true,"href":"https:\/\/gymfactory.eu\/lt\/wp-json\/wp\/v2\/media\/9084"}],"wp:attachment":[{"href":"https:\/\/gymfactory.eu\/lt\/wp-json\/wp\/v2\/media?parent=10101"}],"wp:term":[{"taxonomy":"product_brand","embeddable":true,"href":"https:\/\/gymfactory.eu\/lt\/wp-json\/wp\/v2\/product_brand?post=10101"},{"taxonomy":"product_cat","embeddable":true,"href":"https:\/\/gymfactory.eu\/lt\/wp-json\/wp\/v2\/product_cat?post=10101"},{"taxonomy":"product_tag","embeddable":true,"href":"https:\/\/gymfactory.eu\/lt\/wp-json\/wp\/v2\/product_tag?post=10101"}],"curies":[{"name":"wp","href":"https:\/\/api.w.org\/{rel}","templated":true}]}}