{"id":10092,"date":"2025-02-17T12:07:55","date_gmt":"2025-02-17T10:07:55","guid":{"rendered":"https:\/\/gymfactory.eu\/product\/u5-lauko-pakelimo-ir-panardinimo-stotis\/"},"modified":"2025-12-08T13:23:37","modified_gmt":"2025-12-08T11:23:37","slug":"u5-lauko-pakelimo-ir-panardinimo-stotis","status":"publish","type":"product","link":"https:\/\/gymfactory.eu\/lt\/produktas\/u5-lauko-pakelimo-ir-panardinimo-stotis\/","title":{"rendered":"U5 Daugiafunkcinis lauko treniruoklis"},"content":{"rendered":"<p>U5 \u2013 patvari lauko treniruo\u010di\u0173 stotis, skirta viso k\u016bno kalistenikos treniruot\u0117ms. Kompakti\u0161koje konstrukcijoje integruotos kelios treniruo\u010di\u0173 zonos, skirtos vir\u0161utin\u0117s k\u016bno dalies, centro ir mobilumo lavinimui.<\/p>\n<p><strong>\u012erangoje integruota:<\/strong><br \/>\n\u2022 Lygiagret\u0117s \u2013 atsispaudimams ir triceps\u0173 stiprinimui<br \/>\n\u2022 2 prisitraukim\u0173 skersiniai skirtingame auk\u0161tyje<br \/>\n\u2022 2 tvirtinimo stulpai \u2013 papildomai \u012frangai, tokiai kaip bokso kriau\u0161\u0117 ar kiti funkciniai priedai, pakabinti<br \/>\n\u2022 \u0160vedi\u0161ka sienel\u0117 \u2013 tempimui, mobilumo lavinimui ar valdomiems k\u016bno svorio pratimams<\/p>\n<p>Idealiai tinka lauko erdv\u0117ms, kuriose akcentuojamos vir\u0161utin\u0117s k\u016bno dalies ir centro treniruot\u0117s su k\u016bno svoriu.<\/p>\n<p><strong>Tvirtinimo sprendimai:<\/strong><br \/>\n\u2022 Montavimas \u012f beton\u0105 naudojant armat\u016brinius inkarus<br \/>\n\u2022 Tvirtinimas var\u017etais naudojant pagrindo plok\u0161tes su i\u0161gr\u0119\u017etomis skyl\u0117mis<br \/>\n\u2022 Montavimas ant \u017eem\u0117s naudojant \u012fsukamus polius ir tvirtinimo plok\u0161tes \u2013 \u0161is variantas brangesnis d\u0117l sraigtini\u0173 poli\u0173 kainos ir priklauso nuo reikaling\u0173 tvirtinimo ta\u0161k\u0173 kiekio kiekvienam \u012frenginiui<\/p>\n\n    <div class=\"xs_social_share_widget xs_share_url after_content \t\tmain_content  wslu-style-1 wslu-share-box-shaped wslu-fill-colored wslu-none wslu-share-horizontal wslu-theme-font-no wslu-main_content\">\n\n\t\t\n        <ul>\n\t\t\t        <\/ul>\n    <\/div> \n","protected":false},"excerpt":{"rendered":"<p>U5 \u2013 patvari lauko treniruo\u010di\u0173 stotis, skirta viso k\u016bno kalistenikos treniruot\u0117ms. Kompakti\u0161koje konstrukcijoje integruotos kelios treniruo\u010di\u0173 zonos, skirtos vir\u0161utin\u0117s k\u016bno dalies, centro ir mobilumo lavinimui. \u012erangoje integruota: \u2022 Lygiagret\u0117s \u2013 atsispaudimams ir triceps\u0173 stiprinimui \u2022 2 prisitraukim\u0173 skersiniai skirtingame auk\u0161tyje \u2022 2 tvirtinimo stulpai \u2013 papildomai \u012frangai, tokiai kaip bokso kriau\u0161\u0117 ar kiti funkciniai priedai, [&hellip;]<\/p>\n","protected":false},"featured_media":9086,"template":"","meta":{"_acf_changed":false},"product_brand":[817],"product_cat":[617],"product_tag":[415],"class_list":{"0":"post-10092","1":"product","2":"type-product","3":"status-publish","4":"has-post-thumbnail","6":"product_brand-gym-factory-lt","7":"product_cat-lauko-treniruokliai","8":"product_tag-spalva-tik-metaline","10":"first","11":"onbackorder","12":"taxable","13":"shipping-taxable","14":"purchasable","15":"product-type-variable","16":"has-default-attributes"},"acf":[],"yoast_head":"<!-- This site is optimized with the Yoast SEO plugin v25.2 - https:\/\/yoast.com\/wordpress\/plugins\/seo\/ -->\n<title>U5 Lauko treniruokli\u0173 stotel\u0117, skirta treniruotis su svoriais<\/title>\n<meta name=\"description\" content=\"\u0160i lauko &quot;Pull-Up&quot; ir &quot;Dip&quot; stotel\u0117 turi auk\u0161tos kokyb\u0117s plieno konstrukcij\u0105 ir puikiai tinka viso k\u016bno treniruot\u0117ms ir treniruot\u0117ms su svoriais atviroje aplinkoje.\" \/>\n<meta name=\"robots\" content=\"index, follow, max-snippet:-1, max-image-preview:large, max-video-preview:-1\" \/>\n<link rel=\"canonical\" href=\"https:\/\/gymfactory.eu\/lt\/produktas\/u5-lauko-pakelimo-ir-panardinimo-stotis\/\" \/>\n<meta property=\"og:locale\" content=\"lt_LT\" \/>\n<meta property=\"og:type\" content=\"article\" \/>\n<meta property=\"og:title\" content=\"U5 Lauko treniruokli\u0173 stotel\u0117, skirta treniruotis su svoriais\" \/>\n<meta property=\"og:description\" content=\"\u0160i lauko &quot;Pull-Up&quot; ir &quot;Dip&quot; stotel\u0117 turi auk\u0161tos kokyb\u0117s plieno konstrukcij\u0105 ir puikiai tinka viso k\u016bno treniruot\u0117ms ir treniruot\u0117ms su svoriais atviroje aplinkoje.\" \/>\n<meta property=\"og:url\" content=\"https:\/\/gymfactory.eu\/lt\/produktas\/u5-lauko-pakelimo-ir-panardinimo-stotis\/\" \/>\n<meta property=\"og:site_name\" content=\"Gym Factory\" \/>\n<meta property=\"article:modified_time\" content=\"2025-12-08T11:23:37+00:00\" \/>\n<meta property=\"og:image\" content=\"https:\/\/gymfactory.eu\/wp-content\/uploads\/2025\/02\/outdoor-fitness-equipment-workout-station-scaled-1.webp\" \/>\n\t<meta property=\"og:image:width\" content=\"1500\" \/>\n\t<meta property=\"og:image:height\" content=\"1500\" \/>\n\t<meta property=\"og:image:type\" content=\"image\/webp\" \/>\n<meta name=\"twitter:card\" content=\"summary_large_image\" \/>\n<meta name=\"twitter:label1\" content=\"Est. reading time\" \/>\n\t<meta name=\"twitter:data1\" content=\"1 minut\u0117\" \/>\n<script type=\"application\/ld+json\" class=\"yoast-schema-graph\">{\"@context\":\"https:\/\/schema.org\",\"@graph\":[{\"@type\":\"WebPage\",\"@id\":\"https:\/\/gymfactory.eu\/lt\/produktas\/u5-lauko-pakelimo-ir-panardinimo-stotis\/\",\"url\":\"https:\/\/gymfactory.eu\/lt\/produktas\/u5-lauko-pakelimo-ir-panardinimo-stotis\/\",\"name\":\"U5 Lauko treniruokli\u0173 stotel\u0117, skirta treniruotis su svoriais\",\"isPartOf\":{\"@id\":\"https:\/\/gymfactory.eu\/lt\/#website\"},\"primaryImageOfPage\":{\"@id\":\"https:\/\/gymfactory.eu\/lt\/produktas\/u5-lauko-pakelimo-ir-panardinimo-stotis\/#primaryimage\"},\"image\":{\"@id\":\"https:\/\/gymfactory.eu\/lt\/produktas\/u5-lauko-pakelimo-ir-panardinimo-stotis\/#primaryimage\"},\"thumbnailUrl\":\"https:\/\/gymfactory.eu\/wp-content\/uploads\/2025\/02\/outdoor-fitness-equipment-workout-station-scaled-1.webp\",\"datePublished\":\"2025-02-17T10:07:55+00:00\",\"dateModified\":\"2025-12-08T11:23:37+00:00\",\"description\":\"\u0160i lauko \\\"Pull-Up\\\" ir \\\"Dip\\\" stotel\u0117 turi auk\u0161tos kokyb\u0117s plieno konstrukcij\u0105 ir puikiai tinka viso k\u016bno treniruot\u0117ms ir treniruot\u0117ms su svoriais atviroje aplinkoje.\",\"breadcrumb\":{\"@id\":\"https:\/\/gymfactory.eu\/lt\/produktas\/u5-lauko-pakelimo-ir-panardinimo-stotis\/#breadcrumb\"},\"inLanguage\":\"lt-LT\",\"potentialAction\":[{\"@type\":\"ReadAction\",\"target\":[\"https:\/\/gymfactory.eu\/lt\/produktas\/u5-lauko-pakelimo-ir-panardinimo-stotis\/\"]}]},{\"@type\":\"ImageObject\",\"inLanguage\":\"lt-LT\",\"@id\":\"https:\/\/gymfactory.eu\/lt\/produktas\/u5-lauko-pakelimo-ir-panardinimo-stotis\/#primaryimage\",\"url\":\"https:\/\/gymfactory.eu\/wp-content\/uploads\/2025\/02\/outdoor-fitness-equipment-workout-station-scaled-1.webp\",\"contentUrl\":\"https:\/\/gymfactory.eu\/wp-content\/uploads\/2025\/02\/outdoor-fitness-equipment-workout-station-scaled-1.webp\",\"width\":1500,\"height\":1500,\"caption\":\"J\u0117gos pratim\u0173 treniruo\u010di\u0173 stotel\u0117 su lauko treniruokliais su keliais strypais, kop\u0117\u010diomis ir stabiliu r\u0117mu prisitraukimams, atsilenkimams ir \u012fvairiems k\u016bno svorio pratimams atlikti.\"},{\"@type\":\"BreadcrumbList\",\"@id\":\"https:\/\/gymfactory.eu\/lt\/produktas\/u5-lauko-pakelimo-ir-panardinimo-stotis\/#breadcrumb\",\"itemListElement\":[{\"@type\":\"ListItem\",\"position\":1,\"name\":\"Pagrindinis\",\"item\":\"https:\/\/gymfactory.eu\/lt\/\"},{\"@type\":\"ListItem\",\"position\":2,\"name\":\"Katalogas\",\"item\":\"https:\/\/gymfactory.eu\/lt\/katalogas\/\"},{\"@type\":\"ListItem\",\"position\":3,\"name\":\"U5 Daugiafunkcinis lauko treniruoklis\"}]},{\"@type\":\"WebSite\",\"@id\":\"https:\/\/gymfactory.eu\/lt\/#website\",\"url\":\"https:\/\/gymfactory.eu\/lt\/\",\"name\":\"Gym Factory\",\"description\":\"\",\"publisher\":{\"@id\":\"https:\/\/gymfactory.eu\/lt\/#organization\"},\"potentialAction\":[{\"@type\":\"SearchAction\",\"target\":{\"@type\":\"EntryPoint\",\"urlTemplate\":\"https:\/\/gymfactory.eu\/lt\/?s={search_term_string}\"},\"query-input\":{\"@type\":\"PropertyValueSpecification\",\"valueRequired\":true,\"valueName\":\"search_term_string\"}}],\"inLanguage\":\"lt-LT\"},{\"@type\":\"Organization\",\"@id\":\"https:\/\/gymfactory.eu\/lt\/#organization\",\"name\":\"Sporto sal\u0117s gamykla\",\"url\":\"https:\/\/gymfactory.eu\/lt\/\",\"logo\":{\"@type\":\"ImageObject\",\"inLanguage\":\"lt-LT\",\"@id\":\"https:\/\/gymfactory.eu\/lt\/#\/schema\/logo\/image\/\",\"url\":\"https:\/\/gymfactory.eu\/wp-content\/uploads\/2024\/11\/Component-1.svg\",\"contentUrl\":\"https:\/\/gymfactory.eu\/wp-content\/uploads\/2024\/11\/Component-1.svg\",\"width\":54,\"height\":44,\"caption\":\"Sporto sal\u0117s gamykla\"},\"image\":{\"@id\":\"https:\/\/gymfactory.eu\/lt\/#\/schema\/logo\/image\/\"}}]}<\/script>\n<!-- \/ Yoast SEO plugin. -->","yoast_head_json":{"title":"U5 Lauko treniruokli\u0173 stotel\u0117, skirta treniruotis su svoriais","description":"\u0160i lauko \"Pull-Up\" ir \"Dip\" stotel\u0117 turi auk\u0161tos kokyb\u0117s plieno konstrukcij\u0105 ir puikiai tinka viso k\u016bno treniruot\u0117ms ir treniruot\u0117ms su svoriais atviroje aplinkoje.","robots":{"index":"index","follow":"follow","max-snippet":"max-snippet:-1","max-image-preview":"max-image-preview:large","max-video-preview":"max-video-preview:-1"},"canonical":"https:\/\/gymfactory.eu\/lt\/produktas\/u5-lauko-pakelimo-ir-panardinimo-stotis\/","og_locale":"lt_LT","og_type":"article","og_title":"U5 Lauko treniruokli\u0173 stotel\u0117, skirta treniruotis su svoriais","og_description":"\u0160i lauko \"Pull-Up\" ir \"Dip\" stotel\u0117 turi auk\u0161tos kokyb\u0117s plieno konstrukcij\u0105 ir puikiai tinka viso k\u016bno treniruot\u0117ms ir treniruot\u0117ms su svoriais atviroje aplinkoje.","og_url":"https:\/\/gymfactory.eu\/lt\/produktas\/u5-lauko-pakelimo-ir-panardinimo-stotis\/","og_site_name":"Gym Factory","article_modified_time":"2025-12-08T11:23:37+00:00","og_image":[{"width":1500,"height":1500,"url":"https:\/\/gymfactory.eu\/wp-content\/uploads\/2025\/02\/outdoor-fitness-equipment-workout-station-scaled-1.webp","type":"image\/webp"}],"twitter_card":"summary_large_image","twitter_misc":{"Est. reading time":"1 minut\u0117"},"schema":{"@context":"https:\/\/schema.org","@graph":[{"@type":"WebPage","@id":"https:\/\/gymfactory.eu\/lt\/produktas\/u5-lauko-pakelimo-ir-panardinimo-stotis\/","url":"https:\/\/gymfactory.eu\/lt\/produktas\/u5-lauko-pakelimo-ir-panardinimo-stotis\/","name":"U5 Lauko treniruokli\u0173 stotel\u0117, skirta treniruotis su svoriais","isPartOf":{"@id":"https:\/\/gymfactory.eu\/lt\/#website"},"primaryImageOfPage":{"@id":"https:\/\/gymfactory.eu\/lt\/produktas\/u5-lauko-pakelimo-ir-panardinimo-stotis\/#primaryimage"},"image":{"@id":"https:\/\/gymfactory.eu\/lt\/produktas\/u5-lauko-pakelimo-ir-panardinimo-stotis\/#primaryimage"},"thumbnailUrl":"https:\/\/gymfactory.eu\/wp-content\/uploads\/2025\/02\/outdoor-fitness-equipment-workout-station-scaled-1.webp","datePublished":"2025-02-17T10:07:55+00:00","dateModified":"2025-12-08T11:23:37+00:00","description":"\u0160i lauko \"Pull-Up\" ir \"Dip\" stotel\u0117 turi auk\u0161tos kokyb\u0117s plieno konstrukcij\u0105 ir puikiai tinka viso k\u016bno treniruot\u0117ms ir treniruot\u0117ms su svoriais atviroje aplinkoje.","breadcrumb":{"@id":"https:\/\/gymfactory.eu\/lt\/produktas\/u5-lauko-pakelimo-ir-panardinimo-stotis\/#breadcrumb"},"inLanguage":"lt-LT","potentialAction":[{"@type":"ReadAction","target":["https:\/\/gymfactory.eu\/lt\/produktas\/u5-lauko-pakelimo-ir-panardinimo-stotis\/"]}]},{"@type":"ImageObject","inLanguage":"lt-LT","@id":"https:\/\/gymfactory.eu\/lt\/produktas\/u5-lauko-pakelimo-ir-panardinimo-stotis\/#primaryimage","url":"https:\/\/gymfactory.eu\/wp-content\/uploads\/2025\/02\/outdoor-fitness-equipment-workout-station-scaled-1.webp","contentUrl":"https:\/\/gymfactory.eu\/wp-content\/uploads\/2025\/02\/outdoor-fitness-equipment-workout-station-scaled-1.webp","width":1500,"height":1500,"caption":"J\u0117gos pratim\u0173 treniruo\u010di\u0173 stotel\u0117 su lauko treniruokliais su keliais strypais, kop\u0117\u010diomis ir stabiliu r\u0117mu prisitraukimams, atsilenkimams ir \u012fvairiems k\u016bno svorio pratimams atlikti."},{"@type":"BreadcrumbList","@id":"https:\/\/gymfactory.eu\/lt\/produktas\/u5-lauko-pakelimo-ir-panardinimo-stotis\/#breadcrumb","itemListElement":[{"@type":"ListItem","position":1,"name":"Pagrindinis","item":"https:\/\/gymfactory.eu\/lt\/"},{"@type":"ListItem","position":2,"name":"Katalogas","item":"https:\/\/gymfactory.eu\/lt\/katalogas\/"},{"@type":"ListItem","position":3,"name":"U5 Daugiafunkcinis lauko treniruoklis"}]},{"@type":"WebSite","@id":"https:\/\/gymfactory.eu\/lt\/#website","url":"https:\/\/gymfactory.eu\/lt\/","name":"Gym Factory","description":"","publisher":{"@id":"https:\/\/gymfactory.eu\/lt\/#organization"},"potentialAction":[{"@type":"SearchAction","target":{"@type":"EntryPoint","urlTemplate":"https:\/\/gymfactory.eu\/lt\/?s={search_term_string}"},"query-input":{"@type":"PropertyValueSpecification","valueRequired":true,"valueName":"search_term_string"}}],"inLanguage":"lt-LT"},{"@type":"Organization","@id":"https:\/\/gymfactory.eu\/lt\/#organization","name":"Sporto sal\u0117s gamykla","url":"https:\/\/gymfactory.eu\/lt\/","logo":{"@type":"ImageObject","inLanguage":"lt-LT","@id":"https:\/\/gymfactory.eu\/lt\/#\/schema\/logo\/image\/","url":"https:\/\/gymfactory.eu\/wp-content\/uploads\/2024\/11\/Component-1.svg","contentUrl":"https:\/\/gymfactory.eu\/wp-content\/uploads\/2024\/11\/Component-1.svg","width":54,"height":44,"caption":"Sporto sal\u0117s gamykla"},"image":{"@id":"https:\/\/gymfactory.eu\/lt\/#\/schema\/logo\/image\/"}}]}},"_links":{"self":[{"href":"https:\/\/gymfactory.eu\/lt\/wp-json\/wp\/v2\/product\/10092","targetHints":{"allow":["GET"]}}],"collection":[{"href":"https:\/\/gymfactory.eu\/lt\/wp-json\/wp\/v2\/product"}],"about":[{"href":"https:\/\/gymfactory.eu\/lt\/wp-json\/wp\/v2\/types\/product"}],"wp:featuredmedia":[{"embeddable":true,"href":"https:\/\/gymfactory.eu\/lt\/wp-json\/wp\/v2\/media\/9086"}],"wp:attachment":[{"href":"https:\/\/gymfactory.eu\/lt\/wp-json\/wp\/v2\/media?parent=10092"}],"wp:term":[{"taxonomy":"product_brand","embeddable":true,"href":"https:\/\/gymfactory.eu\/lt\/wp-json\/wp\/v2\/product_brand?post=10092"},{"taxonomy":"product_cat","embeddable":true,"href":"https:\/\/gymfactory.eu\/lt\/wp-json\/wp\/v2\/product_cat?post=10092"},{"taxonomy":"product_tag","embeddable":true,"href":"https:\/\/gymfactory.eu\/lt\/wp-json\/wp\/v2\/product_tag?post=10092"}],"curies":[{"name":"wp","href":"https:\/\/api.w.org\/{rel}","templated":true}]}}