{"id":10091,"date":"2025-02-14T08:18:15","date_gmt":"2025-02-14T06:18:15","guid":{"rendered":"https:\/\/gymfactory.eu\/product\/z10xx-ploksciu-stovas\/"},"modified":"2025-09-09T11:05:13","modified_gmt":"2025-09-09T08:05:13","slug":"z10xx-ploksciu-stovas","status":"publish","type":"product","link":"https:\/\/gymfactory.eu\/lt\/produktas\/z10xx-ploksciu-stovas\/","title":{"rendered":"Z10XX Laisvai pastatomas disk\u0173 stovas"},"content":{"rendered":"<p>Z10XX \u2013 tai didel\u0117s talpos laisvai pastatomas svorio disk\u0173 stovas, skirtas treniruo\u010di\u0173 erdv\u0117s organizavimui namuose ar sporto klube. Stovas turi 10 disk\u0173 laikikli\u0173, tod\u0117l lengvai talpina \u012fvairaus dyd\u017eio diskus.<\/p>\n<p>Padeda palaikyti tvarking\u0105 ir efektyvi\u0105 treniruo\u010di\u0173 aplink\u0105 \u2013 visi diskai laikomi vienoje vietoje ir lengvai pasiekiami.<\/p>\n\n    <div class=\"xs_social_share_widget xs_share_url after_content \t\tmain_content  wslu-style-1 wslu-share-box-shaped wslu-fill-colored wslu-none wslu-share-horizontal wslu-theme-font-no wslu-main_content\">\n\n\t\t\n        <ul>\n\t\t\t        <\/ul>\n    <\/div> \n","protected":false},"excerpt":{"rendered":"<p>Z10XX \u2013 tai didel\u0117s talpos laisvai pastatomas svorio disk\u0173 stovas, skirtas treniruo\u010di\u0173 erdv\u0117s organizavimui namuose ar sporto klube. Stovas turi 10 disk\u0173 laikikli\u0173, tod\u0117l lengvai talpina \u012fvairaus dyd\u017eio diskus. Padeda palaikyti tvarking\u0105 ir efektyvi\u0105 treniruo\u010di\u0173 aplink\u0105 \u2013 visi diskai laikomi vienoje vietoje ir lengvai pasiekiami.<\/p>\n","protected":false},"featured_media":8830,"template":"","meta":{"_acf_changed":false},"product_brand":[56],"product_cat":[405],"product_tag":[415],"class_list":{"0":"post-10091","1":"product","2":"type-product","3":"status-publish","4":"has-post-thumbnail","6":"product_brand-gym-factory","7":"product_cat-svarmenys-ir-stangos","8":"product_tag-spalva-tik-metaline","10":"first","11":"onbackorder","12":"taxable","13":"shipping-taxable","14":"purchasable","15":"product-type-variable","16":"has-default-attributes"},"acf":[],"yoast_head":"<!-- This site is optimized with the Yoast SEO plugin v25.2 - https:\/\/yoast.com\/wordpress\/plugins\/seo\/ -->\n<title>&quot;Z10xx Plate Rack&quot; - puikiai tinka nam\u0173 fitneso ir komercin\u0117ms treniruokli\u0173 sal\u0117ms<\/title>\n<meta name=\"description\" content=\"\u0160is plok\u0161teli\u0173 stovas puikiai tinka nam\u0173 treniruokliams ir komercin\u0117ms sporto sal\u0117ms, nes taupo viet\u0105 ir saugo bei tvarko svorio plok\u0161teles.\" \/>\n<meta name=\"robots\" content=\"index, follow, max-snippet:-1, max-image-preview:large, max-video-preview:-1\" \/>\n<link rel=\"canonical\" href=\"https:\/\/gymfactory.eu\/lt\/produktas\/z10xx-ploksciu-stovas\/\" \/>\n<meta property=\"og:locale\" content=\"lt_LT\" \/>\n<meta property=\"og:type\" content=\"article\" \/>\n<meta property=\"og:title\" content=\"&quot;Z10xx Plate Rack&quot; - puikiai tinka nam\u0173 fitneso ir komercin\u0117ms treniruokli\u0173 sal\u0117ms\" \/>\n<meta property=\"og:description\" content=\"\u0160is plok\u0161teli\u0173 stovas puikiai tinka nam\u0173 treniruokliams ir komercin\u0117ms sporto sal\u0117ms, nes taupo viet\u0105 ir saugo bei tvarko svorio plok\u0161teles.\" \/>\n<meta property=\"og:url\" content=\"https:\/\/gymfactory.eu\/lt\/produktas\/z10xx-ploksciu-stovas\/\" \/>\n<meta property=\"og:site_name\" content=\"Gym Factory\" \/>\n<meta property=\"article:modified_time\" content=\"2025-09-09T08:05:13+00:00\" \/>\n<meta property=\"og:image\" content=\"https:\/\/gymfactory.eu\/wp-content\/uploads\/2025\/02\/Plate-Rack-Black.webp\" \/>\n\t<meta property=\"og:image:width\" content=\"1500\" \/>\n\t<meta property=\"og:image:height\" content=\"1500\" \/>\n\t<meta property=\"og:image:type\" content=\"image\/webp\" \/>\n<meta name=\"twitter:card\" content=\"summary_large_image\" \/>\n<meta name=\"twitter:label1\" content=\"Est. reading time\" \/>\n\t<meta name=\"twitter:data1\" content=\"1 minut\u0117\" \/>\n<script type=\"application\/ld+json\" class=\"yoast-schema-graph\">{\"@context\":\"https:\/\/schema.org\",\"@graph\":[{\"@type\":\"WebPage\",\"@id\":\"https:\/\/gymfactory.eu\/lt\/produktas\/z10xx-ploksciu-stovas\/\",\"url\":\"https:\/\/gymfactory.eu\/lt\/produktas\/z10xx-ploksciu-stovas\/\",\"name\":\"\\\"Z10xx Plate Rack\\\" - puikiai tinka nam\u0173 fitneso ir komercin\u0117ms treniruokli\u0173 sal\u0117ms\",\"isPartOf\":{\"@id\":\"https:\/\/gymfactory.eu\/lt\/#website\"},\"primaryImageOfPage\":{\"@id\":\"https:\/\/gymfactory.eu\/lt\/produktas\/z10xx-ploksciu-stovas\/#primaryimage\"},\"image\":{\"@id\":\"https:\/\/gymfactory.eu\/lt\/produktas\/z10xx-ploksciu-stovas\/#primaryimage\"},\"thumbnailUrl\":\"https:\/\/gymfactory.eu\/wp-content\/uploads\/2025\/02\/Plate-Rack-Black.webp\",\"datePublished\":\"2025-02-14T06:18:15+00:00\",\"dateModified\":\"2025-09-09T08:05:13+00:00\",\"description\":\"\u0160is plok\u0161teli\u0173 stovas puikiai tinka nam\u0173 treniruokliams ir komercin\u0117ms sporto sal\u0117ms, nes taupo viet\u0105 ir saugo bei tvarko svorio plok\u0161teles.\",\"breadcrumb\":{\"@id\":\"https:\/\/gymfactory.eu\/lt\/produktas\/z10xx-ploksciu-stovas\/#breadcrumb\"},\"inLanguage\":\"lt-LT\",\"potentialAction\":[{\"@type\":\"ReadAction\",\"target\":[\"https:\/\/gymfactory.eu\/lt\/produktas\/z10xx-ploksciu-stovas\/\"]}]},{\"@type\":\"ImageObject\",\"inLanguage\":\"lt-LT\",\"@id\":\"https:\/\/gymfactory.eu\/lt\/produktas\/z10xx-ploksciu-stovas\/#primaryimage\",\"url\":\"https:\/\/gymfactory.eu\/wp-content\/uploads\/2025\/02\/Plate-Rack-Black.webp\",\"contentUrl\":\"https:\/\/gymfactory.eu\/wp-content\/uploads\/2025\/02\/Plate-Rack-Black.webp\",\"width\":1500,\"height\":1500,\"caption\":\"Juodas A formos plok\u0161\u010di\u0173 stovas, skirtas j\u0117gos treniruokliams, su \u0161e\u0161iais tvirtais chromuotais svori\u0173 kai\u0161\u010diais, kuriame yra pakankamai vietos svori\u0173 plok\u0161t\u0117ms ir stabilus pagrindas su juodais guminiais kojeli\u0173 dangteliais.\"},{\"@type\":\"BreadcrumbList\",\"@id\":\"https:\/\/gymfactory.eu\/lt\/produktas\/z10xx-ploksciu-stovas\/#breadcrumb\",\"itemListElement\":[{\"@type\":\"ListItem\",\"position\":1,\"name\":\"Pagrindinis\",\"item\":\"https:\/\/gymfactory.eu\/lt\/\"},{\"@type\":\"ListItem\",\"position\":2,\"name\":\"Katalogas\",\"item\":\"https:\/\/gymfactory.eu\/lt\/katalogas\/\"},{\"@type\":\"ListItem\",\"position\":3,\"name\":\"Z10XX Laisvai pastatomas disk\u0173 stovas\"}]},{\"@type\":\"WebSite\",\"@id\":\"https:\/\/gymfactory.eu\/lt\/#website\",\"url\":\"https:\/\/gymfactory.eu\/lt\/\",\"name\":\"Gym Factory\",\"description\":\"\",\"publisher\":{\"@id\":\"https:\/\/gymfactory.eu\/lt\/#organization\"},\"potentialAction\":[{\"@type\":\"SearchAction\",\"target\":{\"@type\":\"EntryPoint\",\"urlTemplate\":\"https:\/\/gymfactory.eu\/lt\/?s={search_term_string}\"},\"query-input\":{\"@type\":\"PropertyValueSpecification\",\"valueRequired\":true,\"valueName\":\"search_term_string\"}}],\"inLanguage\":\"lt-LT\"},{\"@type\":\"Organization\",\"@id\":\"https:\/\/gymfactory.eu\/lt\/#organization\",\"name\":\"Sporto sal\u0117s gamykla\",\"url\":\"https:\/\/gymfactory.eu\/lt\/\",\"logo\":{\"@type\":\"ImageObject\",\"inLanguage\":\"lt-LT\",\"@id\":\"https:\/\/gymfactory.eu\/lt\/#\/schema\/logo\/image\/\",\"url\":\"https:\/\/gymfactory.eu\/wp-content\/uploads\/2024\/11\/Component-1.svg\",\"contentUrl\":\"https:\/\/gymfactory.eu\/wp-content\/uploads\/2024\/11\/Component-1.svg\",\"width\":54,\"height\":44,\"caption\":\"Sporto sal\u0117s gamykla\"},\"image\":{\"@id\":\"https:\/\/gymfactory.eu\/lt\/#\/schema\/logo\/image\/\"}}]}<\/script>\n<!-- \/ Yoast SEO plugin. -->","yoast_head_json":{"title":"\"Z10xx Plate Rack\" - puikiai tinka nam\u0173 fitneso ir komercin\u0117ms treniruokli\u0173 sal\u0117ms","description":"\u0160is plok\u0161teli\u0173 stovas puikiai tinka nam\u0173 treniruokliams ir komercin\u0117ms sporto sal\u0117ms, nes taupo viet\u0105 ir saugo bei tvarko svorio plok\u0161teles.","robots":{"index":"index","follow":"follow","max-snippet":"max-snippet:-1","max-image-preview":"max-image-preview:large","max-video-preview":"max-video-preview:-1"},"canonical":"https:\/\/gymfactory.eu\/lt\/produktas\/z10xx-ploksciu-stovas\/","og_locale":"lt_LT","og_type":"article","og_title":"\"Z10xx Plate Rack\" - puikiai tinka nam\u0173 fitneso ir komercin\u0117ms treniruokli\u0173 sal\u0117ms","og_description":"\u0160is plok\u0161teli\u0173 stovas puikiai tinka nam\u0173 treniruokliams ir komercin\u0117ms sporto sal\u0117ms, nes taupo viet\u0105 ir saugo bei tvarko svorio plok\u0161teles.","og_url":"https:\/\/gymfactory.eu\/lt\/produktas\/z10xx-ploksciu-stovas\/","og_site_name":"Gym Factory","article_modified_time":"2025-09-09T08:05:13+00:00","og_image":[{"width":1500,"height":1500,"url":"https:\/\/gymfactory.eu\/wp-content\/uploads\/2025\/02\/Plate-Rack-Black.webp","type":"image\/webp"}],"twitter_card":"summary_large_image","twitter_misc":{"Est. reading time":"1 minut\u0117"},"schema":{"@context":"https:\/\/schema.org","@graph":[{"@type":"WebPage","@id":"https:\/\/gymfactory.eu\/lt\/produktas\/z10xx-ploksciu-stovas\/","url":"https:\/\/gymfactory.eu\/lt\/produktas\/z10xx-ploksciu-stovas\/","name":"\"Z10xx Plate Rack\" - puikiai tinka nam\u0173 fitneso ir komercin\u0117ms treniruokli\u0173 sal\u0117ms","isPartOf":{"@id":"https:\/\/gymfactory.eu\/lt\/#website"},"primaryImageOfPage":{"@id":"https:\/\/gymfactory.eu\/lt\/produktas\/z10xx-ploksciu-stovas\/#primaryimage"},"image":{"@id":"https:\/\/gymfactory.eu\/lt\/produktas\/z10xx-ploksciu-stovas\/#primaryimage"},"thumbnailUrl":"https:\/\/gymfactory.eu\/wp-content\/uploads\/2025\/02\/Plate-Rack-Black.webp","datePublished":"2025-02-14T06:18:15+00:00","dateModified":"2025-09-09T08:05:13+00:00","description":"\u0160is plok\u0161teli\u0173 stovas puikiai tinka nam\u0173 treniruokliams ir komercin\u0117ms sporto sal\u0117ms, nes taupo viet\u0105 ir saugo bei tvarko svorio plok\u0161teles.","breadcrumb":{"@id":"https:\/\/gymfactory.eu\/lt\/produktas\/z10xx-ploksciu-stovas\/#breadcrumb"},"inLanguage":"lt-LT","potentialAction":[{"@type":"ReadAction","target":["https:\/\/gymfactory.eu\/lt\/produktas\/z10xx-ploksciu-stovas\/"]}]},{"@type":"ImageObject","inLanguage":"lt-LT","@id":"https:\/\/gymfactory.eu\/lt\/produktas\/z10xx-ploksciu-stovas\/#primaryimage","url":"https:\/\/gymfactory.eu\/wp-content\/uploads\/2025\/02\/Plate-Rack-Black.webp","contentUrl":"https:\/\/gymfactory.eu\/wp-content\/uploads\/2025\/02\/Plate-Rack-Black.webp","width":1500,"height":1500,"caption":"Juodas A formos plok\u0161\u010di\u0173 stovas, skirtas j\u0117gos treniruokliams, su \u0161e\u0161iais tvirtais chromuotais svori\u0173 kai\u0161\u010diais, kuriame yra pakankamai vietos svori\u0173 plok\u0161t\u0117ms ir stabilus pagrindas su juodais guminiais kojeli\u0173 dangteliais."},{"@type":"BreadcrumbList","@id":"https:\/\/gymfactory.eu\/lt\/produktas\/z10xx-ploksciu-stovas\/#breadcrumb","itemListElement":[{"@type":"ListItem","position":1,"name":"Pagrindinis","item":"https:\/\/gymfactory.eu\/lt\/"},{"@type":"ListItem","position":2,"name":"Katalogas","item":"https:\/\/gymfactory.eu\/lt\/katalogas\/"},{"@type":"ListItem","position":3,"name":"Z10XX Laisvai pastatomas disk\u0173 stovas"}]},{"@type":"WebSite","@id":"https:\/\/gymfactory.eu\/lt\/#website","url":"https:\/\/gymfactory.eu\/lt\/","name":"Gym Factory","description":"","publisher":{"@id":"https:\/\/gymfactory.eu\/lt\/#organization"},"potentialAction":[{"@type":"SearchAction","target":{"@type":"EntryPoint","urlTemplate":"https:\/\/gymfactory.eu\/lt\/?s={search_term_string}"},"query-input":{"@type":"PropertyValueSpecification","valueRequired":true,"valueName":"search_term_string"}}],"inLanguage":"lt-LT"},{"@type":"Organization","@id":"https:\/\/gymfactory.eu\/lt\/#organization","name":"Sporto sal\u0117s gamykla","url":"https:\/\/gymfactory.eu\/lt\/","logo":{"@type":"ImageObject","inLanguage":"lt-LT","@id":"https:\/\/gymfactory.eu\/lt\/#\/schema\/logo\/image\/","url":"https:\/\/gymfactory.eu\/wp-content\/uploads\/2024\/11\/Component-1.svg","contentUrl":"https:\/\/gymfactory.eu\/wp-content\/uploads\/2024\/11\/Component-1.svg","width":54,"height":44,"caption":"Sporto sal\u0117s gamykla"},"image":{"@id":"https:\/\/gymfactory.eu\/lt\/#\/schema\/logo\/image\/"}}]}},"_links":{"self":[{"href":"https:\/\/gymfactory.eu\/lt\/wp-json\/wp\/v2\/product\/10091","targetHints":{"allow":["GET"]}}],"collection":[{"href":"https:\/\/gymfactory.eu\/lt\/wp-json\/wp\/v2\/product"}],"about":[{"href":"https:\/\/gymfactory.eu\/lt\/wp-json\/wp\/v2\/types\/product"}],"wp:featuredmedia":[{"embeddable":true,"href":"https:\/\/gymfactory.eu\/lt\/wp-json\/wp\/v2\/media\/8830"}],"wp:attachment":[{"href":"https:\/\/gymfactory.eu\/lt\/wp-json\/wp\/v2\/media?parent=10091"}],"wp:term":[{"taxonomy":"product_brand","embeddable":true,"href":"https:\/\/gymfactory.eu\/lt\/wp-json\/wp\/v2\/product_brand?post=10091"},{"taxonomy":"product_cat","embeddable":true,"href":"https:\/\/gymfactory.eu\/lt\/wp-json\/wp\/v2\/product_cat?post=10091"},{"taxonomy":"product_tag","embeddable":true,"href":"https:\/\/gymfactory.eu\/lt\/wp-json\/wp\/v2\/product_tag?post=10091"}],"curies":[{"name":"wp","href":"https:\/\/api.w.org\/{rel}","templated":true}]}}