{"id":10078,"date":"2025-02-11T15:19:31","date_gmt":"2025-02-11T13:19:31","guid":{"rendered":"https:\/\/gymfactory.eu\/product\/l3-hipereksitencijos-suolelis\/"},"modified":"2025-12-03T14:11:17","modified_gmt":"2025-12-03T12:11:17","slug":"l3-hipereksitencijos-suolelis","status":"publish","type":"product","link":"https:\/\/gymfactory.eu\/lt\/produktas\/l3-hipereksitencijos-suolelis\/","title":{"rendered":"L3 Rom\u0117ni\u0161kas suoliukas"},"content":{"rendered":"<p>L3 rom\u0117ni\u0161kas suoliukas \u2013 fiksuotos pad\u0117ties treniruoklis, skirtas apatin\u0117s nugaros, s\u0117dmen\u0173 ir u\u017epakalini\u0173 \u0161laun\u0173 raumen\u0173 stiprinimui. Idealiai tinka nugaros tiesimams ir statiniams pratimams, kurie gerina laikysen\u0105, k\u016bno stabilum\u0105 ir stiprina centro raumenis.<\/p>\n<p>Reguliuojamo auk\u0161\u010dio \u0161laun\u0173 atrama leid\u017eia tiksliai prisitaikyti prie individualios k\u016bno pad\u0117ties ir i\u0161laikyti komfort\u0105 treniruot\u0117s metu. Mink\u0161tos atramos ir tvirta konstrukcija u\u017etikrina saugum\u0105 ir stabilum\u0105 atliekant kiekvien\u0105 judes\u012f.<\/p>\n<p>Kompakti\u0161kas ir patikimas pasirinkimas tiek nam\u0173 treniruot\u0117ms, tiek profesionaliai sporto salei \u2013 nepakei\u010diamas \u012frenginys kryptingam nugaros stiprinimui.<\/p>\n\n    <div class=\"xs_social_share_widget xs_share_url after_content \t\tmain_content  wslu-style-1 wslu-share-box-shaped wslu-fill-colored wslu-none wslu-share-horizontal wslu-theme-font-no wslu-main_content\">\n\n\t\t\n        <ul>\n\t\t\t        <\/ul>\n    <\/div> \n","protected":false},"excerpt":{"rendered":"<p>L3 rom\u0117ni\u0161kas suoliukas \u2013 fiksuotos pad\u0117ties treniruoklis, skirtas apatin\u0117s nugaros, s\u0117dmen\u0173 ir u\u017epakalini\u0173 \u0161laun\u0173 raumen\u0173 stiprinimui. Idealiai tinka nugaros tiesimams ir statiniams pratimams, kurie gerina laikysen\u0105, k\u016bno stabilum\u0105 ir stiprina centro raumenis. Reguliuojamo auk\u0161\u010dio \u0161laun\u0173 atrama leid\u017eia tiksliai prisitaikyti prie individualios k\u016bno pad\u0117ties ir i\u0161laikyti komfort\u0105 treniruot\u0117s metu. Mink\u0161tos atramos ir tvirta konstrukcija u\u017etikrina saugum\u0105 [&hellip;]<\/p>\n","protected":false},"featured_media":9125,"template":"","meta":{"_acf_changed":false},"product_brand":[817],"product_cat":[437],"product_tag":[],"class_list":{"0":"post-10078","1":"product","2":"type-product","3":"status-publish","4":"has-post-thumbnail","6":"product_brand-gym-factory-lt","7":"product_cat-treniruociu-suolai","9":"first","10":"onbackorder","11":"taxable","12":"shipping-taxable","13":"purchasable","14":"product-type-variable","15":"has-default-attributes"},"acf":[],"yoast_head":"<!-- This site is optimized with the Yoast SEO plugin v25.2 - https:\/\/yoast.com\/wordpress\/plugins\/seo\/ -->\n<title>L3 Hyperextension pratyb\u0173 suoliukas Stiprinimo treniruo\u010di\u0173 \u012franga<\/title>\n<meta name=\"description\" content=\"Nugaros hiperektenzijos suolelis yra b\u016btinas geros nam\u0173 sporto \u012frangos elementas, idealiai tinkantis apatinei nugaros daliai ir pagrindiniams raumenims stiprinti.\" \/>\n<meta name=\"robots\" content=\"index, follow, max-snippet:-1, max-image-preview:large, max-video-preview:-1\" \/>\n<link rel=\"canonical\" href=\"https:\/\/gymfactory.eu\/lt\/produktas\/l3-hipereksitencijos-suolelis\/\" \/>\n<meta property=\"og:locale\" content=\"lt_LT\" \/>\n<meta property=\"og:type\" content=\"article\" \/>\n<meta property=\"og:title\" content=\"L3 Hyperextension pratyb\u0173 suoliukas Stiprinimo treniruo\u010di\u0173 \u012franga\" \/>\n<meta property=\"og:description\" content=\"Nugaros hiperektenzijos suolelis yra b\u016btinas geros nam\u0173 sporto \u012frangos elementas, idealiai tinkantis apatinei nugaros daliai ir pagrindiniams raumenims stiprinti.\" \/>\n<meta property=\"og:url\" content=\"https:\/\/gymfactory.eu\/lt\/produktas\/l3-hipereksitencijos-suolelis\/\" \/>\n<meta property=\"og:site_name\" content=\"Gym Factory\" \/>\n<meta property=\"article:modified_time\" content=\"2025-12-03T12:11:17+00:00\" \/>\n<meta property=\"og:image\" content=\"https:\/\/gymfactory.eu\/wp-content\/uploads\/2025\/02\/best-workout-bench-black-hyperextension-bench-1-1.webp\" \/>\n\t<meta property=\"og:image:width\" content=\"1500\" \/>\n\t<meta property=\"og:image:height\" content=\"1500\" \/>\n\t<meta property=\"og:image:type\" content=\"image\/webp\" \/>\n<meta name=\"twitter:card\" content=\"summary_large_image\" \/>\n<meta name=\"twitter:label1\" content=\"Est. reading time\" \/>\n\t<meta name=\"twitter:data1\" content=\"1 minut\u0117\" \/>\n<script type=\"application\/ld+json\" class=\"yoast-schema-graph\">{\"@context\":\"https:\/\/schema.org\",\"@graph\":[{\"@type\":\"WebPage\",\"@id\":\"https:\/\/gymfactory.eu\/lt\/produktas\/l3-hipereksitencijos-suolelis\/\",\"url\":\"https:\/\/gymfactory.eu\/lt\/produktas\/l3-hipereksitencijos-suolelis\/\",\"name\":\"L3 Hyperextension pratyb\u0173 suoliukas Stiprinimo treniruo\u010di\u0173 \u012franga\",\"isPartOf\":{\"@id\":\"https:\/\/gymfactory.eu\/lt\/#website\"},\"primaryImageOfPage\":{\"@id\":\"https:\/\/gymfactory.eu\/lt\/produktas\/l3-hipereksitencijos-suolelis\/#primaryimage\"},\"image\":{\"@id\":\"https:\/\/gymfactory.eu\/lt\/produktas\/l3-hipereksitencijos-suolelis\/#primaryimage\"},\"thumbnailUrl\":\"https:\/\/gymfactory.eu\/wp-content\/uploads\/2025\/02\/best-workout-bench-black-hyperextension-bench-1-1.webp\",\"datePublished\":\"2025-02-11T13:19:31+00:00\",\"dateModified\":\"2025-12-03T12:11:17+00:00\",\"description\":\"Nugaros hiperektenzijos suolelis yra b\u016btinas geros nam\u0173 sporto \u012frangos elementas, idealiai tinkantis apatinei nugaros daliai ir pagrindiniams raumenims stiprinti.\",\"breadcrumb\":{\"@id\":\"https:\/\/gymfactory.eu\/lt\/produktas\/l3-hipereksitencijos-suolelis\/#breadcrumb\"},\"inLanguage\":\"lt-LT\",\"potentialAction\":[{\"@type\":\"ReadAction\",\"target\":[\"https:\/\/gymfactory.eu\/lt\/produktas\/l3-hipereksitencijos-suolelis\/\"]}]},{\"@type\":\"ImageObject\",\"inLanguage\":\"lt-LT\",\"@id\":\"https:\/\/gymfactory.eu\/lt\/produktas\/l3-hipereksitencijos-suolelis\/#primaryimage\",\"url\":\"https:\/\/gymfactory.eu\/wp-content\/uploads\/2025\/02\/best-workout-bench-black-hyperextension-bench-1-1.webp\",\"contentUrl\":\"https:\/\/gymfactory.eu\/wp-content\/uploads\/2025\/02\/best-workout-bench-black-hyperextension-bench-1-1.webp\",\"width\":1500,\"height\":1500,\"caption\":\"Juodas hipereksitencijos treniruo\u010di\u0173 suolas, j\u0117gos treniruokli\u0173 \u012franga namuose turi pamink\u0161tintas atramines pagalv\u0117les, reguliuojamus koj\u0173 ritin\u0117lius ir tvirt\u0105 plienin\u012f r\u0117m\u0105 nugaros ir \u0161erdies pratimams.\"},{\"@type\":\"BreadcrumbList\",\"@id\":\"https:\/\/gymfactory.eu\/lt\/produktas\/l3-hipereksitencijos-suolelis\/#breadcrumb\",\"itemListElement\":[{\"@type\":\"ListItem\",\"position\":1,\"name\":\"Pagrindinis\",\"item\":\"https:\/\/gymfactory.eu\/lt\/\"},{\"@type\":\"ListItem\",\"position\":2,\"name\":\"Katalogas\",\"item\":\"https:\/\/gymfactory.eu\/lt\/katalogas\/\"},{\"@type\":\"ListItem\",\"position\":3,\"name\":\"L3 Rom\u0117ni\u0161kas suoliukas\"}]},{\"@type\":\"WebSite\",\"@id\":\"https:\/\/gymfactory.eu\/lt\/#website\",\"url\":\"https:\/\/gymfactory.eu\/lt\/\",\"name\":\"Gym Factory\",\"description\":\"\",\"publisher\":{\"@id\":\"https:\/\/gymfactory.eu\/lt\/#organization\"},\"potentialAction\":[{\"@type\":\"SearchAction\",\"target\":{\"@type\":\"EntryPoint\",\"urlTemplate\":\"https:\/\/gymfactory.eu\/lt\/?s={search_term_string}\"},\"query-input\":{\"@type\":\"PropertyValueSpecification\",\"valueRequired\":true,\"valueName\":\"search_term_string\"}}],\"inLanguage\":\"lt-LT\"},{\"@type\":\"Organization\",\"@id\":\"https:\/\/gymfactory.eu\/lt\/#organization\",\"name\":\"Sporto sal\u0117s gamykla\",\"url\":\"https:\/\/gymfactory.eu\/lt\/\",\"logo\":{\"@type\":\"ImageObject\",\"inLanguage\":\"lt-LT\",\"@id\":\"https:\/\/gymfactory.eu\/lt\/#\/schema\/logo\/image\/\",\"url\":\"https:\/\/gymfactory.eu\/wp-content\/uploads\/2024\/11\/Component-1.svg\",\"contentUrl\":\"https:\/\/gymfactory.eu\/wp-content\/uploads\/2024\/11\/Component-1.svg\",\"width\":54,\"height\":44,\"caption\":\"Sporto sal\u0117s gamykla\"},\"image\":{\"@id\":\"https:\/\/gymfactory.eu\/lt\/#\/schema\/logo\/image\/\"}}]}<\/script>\n<!-- \/ Yoast SEO plugin. -->","yoast_head_json":{"title":"L3 Hyperextension pratyb\u0173 suoliukas Stiprinimo treniruo\u010di\u0173 \u012franga","description":"Nugaros hiperektenzijos suolelis yra b\u016btinas geros nam\u0173 sporto \u012frangos elementas, idealiai tinkantis apatinei nugaros daliai ir pagrindiniams raumenims stiprinti.","robots":{"index":"index","follow":"follow","max-snippet":"max-snippet:-1","max-image-preview":"max-image-preview:large","max-video-preview":"max-video-preview:-1"},"canonical":"https:\/\/gymfactory.eu\/lt\/produktas\/l3-hipereksitencijos-suolelis\/","og_locale":"lt_LT","og_type":"article","og_title":"L3 Hyperextension pratyb\u0173 suoliukas Stiprinimo treniruo\u010di\u0173 \u012franga","og_description":"Nugaros hiperektenzijos suolelis yra b\u016btinas geros nam\u0173 sporto \u012frangos elementas, idealiai tinkantis apatinei nugaros daliai ir pagrindiniams raumenims stiprinti.","og_url":"https:\/\/gymfactory.eu\/lt\/produktas\/l3-hipereksitencijos-suolelis\/","og_site_name":"Gym Factory","article_modified_time":"2025-12-03T12:11:17+00:00","og_image":[{"width":1500,"height":1500,"url":"https:\/\/gymfactory.eu\/wp-content\/uploads\/2025\/02\/best-workout-bench-black-hyperextension-bench-1-1.webp","type":"image\/webp"}],"twitter_card":"summary_large_image","twitter_misc":{"Est. reading time":"1 minut\u0117"},"schema":{"@context":"https:\/\/schema.org","@graph":[{"@type":"WebPage","@id":"https:\/\/gymfactory.eu\/lt\/produktas\/l3-hipereksitencijos-suolelis\/","url":"https:\/\/gymfactory.eu\/lt\/produktas\/l3-hipereksitencijos-suolelis\/","name":"L3 Hyperextension pratyb\u0173 suoliukas Stiprinimo treniruo\u010di\u0173 \u012franga","isPartOf":{"@id":"https:\/\/gymfactory.eu\/lt\/#website"},"primaryImageOfPage":{"@id":"https:\/\/gymfactory.eu\/lt\/produktas\/l3-hipereksitencijos-suolelis\/#primaryimage"},"image":{"@id":"https:\/\/gymfactory.eu\/lt\/produktas\/l3-hipereksitencijos-suolelis\/#primaryimage"},"thumbnailUrl":"https:\/\/gymfactory.eu\/wp-content\/uploads\/2025\/02\/best-workout-bench-black-hyperextension-bench-1-1.webp","datePublished":"2025-02-11T13:19:31+00:00","dateModified":"2025-12-03T12:11:17+00:00","description":"Nugaros hiperektenzijos suolelis yra b\u016btinas geros nam\u0173 sporto \u012frangos elementas, idealiai tinkantis apatinei nugaros daliai ir pagrindiniams raumenims stiprinti.","breadcrumb":{"@id":"https:\/\/gymfactory.eu\/lt\/produktas\/l3-hipereksitencijos-suolelis\/#breadcrumb"},"inLanguage":"lt-LT","potentialAction":[{"@type":"ReadAction","target":["https:\/\/gymfactory.eu\/lt\/produktas\/l3-hipereksitencijos-suolelis\/"]}]},{"@type":"ImageObject","inLanguage":"lt-LT","@id":"https:\/\/gymfactory.eu\/lt\/produktas\/l3-hipereksitencijos-suolelis\/#primaryimage","url":"https:\/\/gymfactory.eu\/wp-content\/uploads\/2025\/02\/best-workout-bench-black-hyperextension-bench-1-1.webp","contentUrl":"https:\/\/gymfactory.eu\/wp-content\/uploads\/2025\/02\/best-workout-bench-black-hyperextension-bench-1-1.webp","width":1500,"height":1500,"caption":"Juodas hipereksitencijos treniruo\u010di\u0173 suolas, j\u0117gos treniruokli\u0173 \u012franga namuose turi pamink\u0161tintas atramines pagalv\u0117les, reguliuojamus koj\u0173 ritin\u0117lius ir tvirt\u0105 plienin\u012f r\u0117m\u0105 nugaros ir \u0161erdies pratimams."},{"@type":"BreadcrumbList","@id":"https:\/\/gymfactory.eu\/lt\/produktas\/l3-hipereksitencijos-suolelis\/#breadcrumb","itemListElement":[{"@type":"ListItem","position":1,"name":"Pagrindinis","item":"https:\/\/gymfactory.eu\/lt\/"},{"@type":"ListItem","position":2,"name":"Katalogas","item":"https:\/\/gymfactory.eu\/lt\/katalogas\/"},{"@type":"ListItem","position":3,"name":"L3 Rom\u0117ni\u0161kas suoliukas"}]},{"@type":"WebSite","@id":"https:\/\/gymfactory.eu\/lt\/#website","url":"https:\/\/gymfactory.eu\/lt\/","name":"Gym Factory","description":"","publisher":{"@id":"https:\/\/gymfactory.eu\/lt\/#organization"},"potentialAction":[{"@type":"SearchAction","target":{"@type":"EntryPoint","urlTemplate":"https:\/\/gymfactory.eu\/lt\/?s={search_term_string}"},"query-input":{"@type":"PropertyValueSpecification","valueRequired":true,"valueName":"search_term_string"}}],"inLanguage":"lt-LT"},{"@type":"Organization","@id":"https:\/\/gymfactory.eu\/lt\/#organization","name":"Sporto sal\u0117s gamykla","url":"https:\/\/gymfactory.eu\/lt\/","logo":{"@type":"ImageObject","inLanguage":"lt-LT","@id":"https:\/\/gymfactory.eu\/lt\/#\/schema\/logo\/image\/","url":"https:\/\/gymfactory.eu\/wp-content\/uploads\/2024\/11\/Component-1.svg","contentUrl":"https:\/\/gymfactory.eu\/wp-content\/uploads\/2024\/11\/Component-1.svg","width":54,"height":44,"caption":"Sporto sal\u0117s gamykla"},"image":{"@id":"https:\/\/gymfactory.eu\/lt\/#\/schema\/logo\/image\/"}}]}},"_links":{"self":[{"href":"https:\/\/gymfactory.eu\/lt\/wp-json\/wp\/v2\/product\/10078","targetHints":{"allow":["GET"]}}],"collection":[{"href":"https:\/\/gymfactory.eu\/lt\/wp-json\/wp\/v2\/product"}],"about":[{"href":"https:\/\/gymfactory.eu\/lt\/wp-json\/wp\/v2\/types\/product"}],"wp:featuredmedia":[{"embeddable":true,"href":"https:\/\/gymfactory.eu\/lt\/wp-json\/wp\/v2\/media\/9125"}],"wp:attachment":[{"href":"https:\/\/gymfactory.eu\/lt\/wp-json\/wp\/v2\/media?parent=10078"}],"wp:term":[{"taxonomy":"product_brand","embeddable":true,"href":"https:\/\/gymfactory.eu\/lt\/wp-json\/wp\/v2\/product_brand?post=10078"},{"taxonomy":"product_cat","embeddable":true,"href":"https:\/\/gymfactory.eu\/lt\/wp-json\/wp\/v2\/product_cat?post=10078"},{"taxonomy":"product_tag","embeddable":true,"href":"https:\/\/gymfactory.eu\/lt\/wp-json\/wp\/v2\/product_tag?post=10078"}],"curies":[{"name":"wp","href":"https:\/\/api.w.org\/{rel}","templated":true}]}}