{"id":10073,"date":"2025-02-12T09:37:10","date_gmt":"2025-02-12T07:37:10","guid":{"rendered":"https:\/\/gymfactory.eu\/product\/l4-sedmenu-kumpio-kelimo-masina\/"},"modified":"2025-12-03T14:16:09","modified_gmt":"2025-12-03T12:16:09","slug":"l4-sedmenu-kumpio-kelimo-masina","status":"publish","type":"product","link":"https:\/\/gymfactory.eu\/lt\/produktas\/l4-sedmenu-kumpio-kelimo-masina\/","title":{"rendered":"L4 S\u0117dmen\u0173 ir \u0161laun\u0173 treniruoklis"},"content":{"rendered":"<p>L4 s\u0117dmen\u0173 ir \u0161laun\u0173 treniruoklis \u2013 specializuota treniruo\u010di\u0173 \u012franga, skirta stiprinti s\u0117dmenis, u\u017epakalines \u0161laun\u0173 dalis ir apatin\u0119 nugar\u0105. Tinka tiek nam\u0173 treniruo\u010di\u0173 erdv\u0117ms, tiek profesionalioms sporto sal\u0117ms.<\/p>\n<p>Treniruoklis turi apvali\u0105 klub\u0173 ir \u0161laun\u0173 atram\u0105, u\u017etikrinan\u010di\u0105 komfort\u0105 judesio metu. Reguliuojamo auk\u0161\u010dio p\u0117d\u0173 voleliai bei visa koj\u0173 atramos platforma gali b\u016bti pritaikomi pagal naudotojo k\u016bno sud\u0117jim\u0105 \u2013 tai leid\u017eia treniruotis taisyklingai ir saugiai.<\/p>\n<p>Papildoma u\u017elipimo platforma palengvina \u012flipim\u0105 ir padidina saugum\u0105. Stabilus ir reguliuojamas treniruoklis, puikiai tinkantis apatin\u0117s k\u016bno dalies kontrolei, j\u0117gai ir raumen\u0173 aktyvacijai lavinti.<\/p>\n\n    <div class=\"xs_social_share_widget xs_share_url after_content \t\tmain_content  wslu-style-1 wslu-share-box-shaped wslu-fill-colored wslu-none wslu-share-horizontal wslu-theme-font-no wslu-main_content\">\n\n\t\t\n        <ul>\n\t\t\t        <\/ul>\n    <\/div> \n","protected":false},"excerpt":{"rendered":"<p>L4 s\u0117dmen\u0173 ir \u0161laun\u0173 treniruoklis \u2013 specializuota treniruo\u010di\u0173 \u012franga, skirta stiprinti s\u0117dmenis, u\u017epakalines \u0161laun\u0173 dalis ir apatin\u0119 nugar\u0105. Tinka tiek nam\u0173 treniruo\u010di\u0173 erdv\u0117ms, tiek profesionalioms sporto sal\u0117ms. Treniruoklis turi apvali\u0105 klub\u0173 ir \u0161laun\u0173 atram\u0105, u\u017etikrinan\u010di\u0105 komfort\u0105 judesio metu. Reguliuojamo auk\u0161\u010dio p\u0117d\u0173 voleliai bei visa koj\u0173 atramos platforma gali b\u016bti pritaikomi pagal naudotojo k\u016bno sud\u0117jim\u0105 \u2013 [&hellip;]<\/p>\n","protected":false},"featured_media":8905,"template":"","meta":{"_acf_changed":false},"product_brand":[817],"product_cat":[437],"product_tag":[],"class_list":{"0":"post-10073","1":"product","2":"type-product","3":"status-publish","4":"has-post-thumbnail","6":"product_brand-gym-factory-lt","7":"product_cat-treniruociu-suolai","9":"first","10":"onbackorder","11":"taxable","12":"shipping-taxable","13":"purchasable","14":"product-type-variable","15":"has-default-attributes"},"acf":[],"yoast_head":"<!-- This site is optimized with the Yoast SEO plugin v25.2 - https:\/\/yoast.com\/wordpress\/plugins\/seo\/ -->\n<title>L4 s\u0117dmen\u0173 kumpio k\u0117limo ma\u0161ina s\u0117dmen\u0173 treniruo\u010di\u0173 pratyboms<\/title>\n<meta name=\"description\" content=\"\u0160is treniruoklis puikiai tinka s\u0117dmen\u0173 treniruot\u0117ms, tod\u0117l jis stiprina raumenis ir stiprina j\u0117g\u0105, o ergonomi\u0161ka atrama u\u017etikrina efektyvias treniruotes.\" \/>\n<meta name=\"robots\" content=\"index, follow, max-snippet:-1, max-image-preview:large, max-video-preview:-1\" \/>\n<link rel=\"canonical\" href=\"https:\/\/gymfactory.eu\/lt\/produktas\/l4-sedmenu-kumpio-kelimo-masina\/\" \/>\n<meta property=\"og:locale\" content=\"lt_LT\" \/>\n<meta property=\"og:type\" content=\"article\" \/>\n<meta property=\"og:title\" content=\"L4 s\u0117dmen\u0173 kumpio k\u0117limo ma\u0161ina s\u0117dmen\u0173 treniruo\u010di\u0173 pratyboms\" \/>\n<meta property=\"og:description\" content=\"\u0160is treniruoklis puikiai tinka s\u0117dmen\u0173 treniruot\u0117ms, tod\u0117l jis stiprina raumenis ir stiprina j\u0117g\u0105, o ergonomi\u0161ka atrama u\u017etikrina efektyvias treniruotes.\" \/>\n<meta property=\"og:url\" content=\"https:\/\/gymfactory.eu\/lt\/produktas\/l4-sedmenu-kumpio-kelimo-masina\/\" \/>\n<meta property=\"og:site_name\" content=\"Gym Factory\" \/>\n<meta property=\"article:modified_time\" content=\"2025-12-03T12:16:09+00:00\" \/>\n<meta property=\"og:image\" content=\"https:\/\/gymfactory.eu\/wp-content\/uploads\/2025\/02\/best-workout-bench-black-black-frame.webp\" \/>\n\t<meta property=\"og:image:width\" content=\"1500\" \/>\n\t<meta property=\"og:image:height\" content=\"1500\" \/>\n\t<meta property=\"og:image:type\" content=\"image\/webp\" \/>\n<meta name=\"twitter:card\" content=\"summary_large_image\" \/>\n<meta name=\"twitter:label1\" content=\"Est. reading time\" \/>\n\t<meta name=\"twitter:data1\" content=\"1 minut\u0117\" \/>\n<script type=\"application\/ld+json\" class=\"yoast-schema-graph\">{\"@context\":\"https:\/\/schema.org\",\"@graph\":[{\"@type\":\"WebPage\",\"@id\":\"https:\/\/gymfactory.eu\/lt\/produktas\/l4-sedmenu-kumpio-kelimo-masina\/\",\"url\":\"https:\/\/gymfactory.eu\/lt\/produktas\/l4-sedmenu-kumpio-kelimo-masina\/\",\"name\":\"L4 s\u0117dmen\u0173 kumpio k\u0117limo ma\u0161ina s\u0117dmen\u0173 treniruo\u010di\u0173 pratyboms\",\"isPartOf\":{\"@id\":\"https:\/\/gymfactory.eu\/lt\/#website\"},\"primaryImageOfPage\":{\"@id\":\"https:\/\/gymfactory.eu\/lt\/produktas\/l4-sedmenu-kumpio-kelimo-masina\/#primaryimage\"},\"image\":{\"@id\":\"https:\/\/gymfactory.eu\/lt\/produktas\/l4-sedmenu-kumpio-kelimo-masina\/#primaryimage\"},\"thumbnailUrl\":\"https:\/\/gymfactory.eu\/wp-content\/uploads\/2025\/02\/best-workout-bench-black-black-frame.webp\",\"datePublished\":\"2025-02-12T07:37:10+00:00\",\"dateModified\":\"2025-12-03T12:16:09+00:00\",\"description\":\"\u0160is treniruoklis puikiai tinka s\u0117dmen\u0173 treniruot\u0117ms, tod\u0117l jis stiprina raumenis ir stiprina j\u0117g\u0105, o ergonomi\u0161ka atrama u\u017etikrina efektyvias treniruotes.\",\"breadcrumb\":{\"@id\":\"https:\/\/gymfactory.eu\/lt\/produktas\/l4-sedmenu-kumpio-kelimo-masina\/#breadcrumb\"},\"inLanguage\":\"lt-LT\",\"potentialAction\":[{\"@type\":\"ReadAction\",\"target\":[\"https:\/\/gymfactory.eu\/lt\/produktas\/l4-sedmenu-kumpio-kelimo-masina\/\"]}]},{\"@type\":\"ImageObject\",\"inLanguage\":\"lt-LT\",\"@id\":\"https:\/\/gymfactory.eu\/lt\/produktas\/l4-sedmenu-kumpio-kelimo-masina\/#primaryimage\",\"url\":\"https:\/\/gymfactory.eu\/wp-content\/uploads\/2025\/02\/best-workout-bench-black-black-frame.webp\",\"contentUrl\":\"https:\/\/gymfactory.eu\/wp-content\/uploads\/2025\/02\/best-workout-bench-black-black-frame.webp\",\"width\":1500,\"height\":1500,\"caption\":\"Namams skirta j\u0117gos treniruokli\u0173 \u012franga, turinti juod\u0105 metalin\u012f r\u0117m\u0105 su raudona amortizacija. Suolelis turi reguliuojam\u0105 pamink\u0161tinim\u0105 ir saugi\u0105 koj\u0173 plok\u0161t\u0119, tod\u0117l idealiai tinka s\u0117dmen\u0173 k\u0117limui, nugaros tempimui ir \u0161erdies treniruot\u0117ms.\"},{\"@type\":\"BreadcrumbList\",\"@id\":\"https:\/\/gymfactory.eu\/lt\/produktas\/l4-sedmenu-kumpio-kelimo-masina\/#breadcrumb\",\"itemListElement\":[{\"@type\":\"ListItem\",\"position\":1,\"name\":\"Pagrindinis\",\"item\":\"https:\/\/gymfactory.eu\/lt\/\"},{\"@type\":\"ListItem\",\"position\":2,\"name\":\"Katalogas\",\"item\":\"https:\/\/gymfactory.eu\/lt\/katalogas\/\"},{\"@type\":\"ListItem\",\"position\":3,\"name\":\"L4 S\u0117dmen\u0173 ir \u0161laun\u0173 treniruoklis\"}]},{\"@type\":\"WebSite\",\"@id\":\"https:\/\/gymfactory.eu\/lt\/#website\",\"url\":\"https:\/\/gymfactory.eu\/lt\/\",\"name\":\"Gym Factory\",\"description\":\"\",\"publisher\":{\"@id\":\"https:\/\/gymfactory.eu\/lt\/#organization\"},\"potentialAction\":[{\"@type\":\"SearchAction\",\"target\":{\"@type\":\"EntryPoint\",\"urlTemplate\":\"https:\/\/gymfactory.eu\/lt\/?s={search_term_string}\"},\"query-input\":{\"@type\":\"PropertyValueSpecification\",\"valueRequired\":true,\"valueName\":\"search_term_string\"}}],\"inLanguage\":\"lt-LT\"},{\"@type\":\"Organization\",\"@id\":\"https:\/\/gymfactory.eu\/lt\/#organization\",\"name\":\"Sporto sal\u0117s gamykla\",\"url\":\"https:\/\/gymfactory.eu\/lt\/\",\"logo\":{\"@type\":\"ImageObject\",\"inLanguage\":\"lt-LT\",\"@id\":\"https:\/\/gymfactory.eu\/lt\/#\/schema\/logo\/image\/\",\"url\":\"https:\/\/gymfactory.eu\/wp-content\/uploads\/2024\/11\/Component-1.svg\",\"contentUrl\":\"https:\/\/gymfactory.eu\/wp-content\/uploads\/2024\/11\/Component-1.svg\",\"width\":54,\"height\":44,\"caption\":\"Sporto sal\u0117s gamykla\"},\"image\":{\"@id\":\"https:\/\/gymfactory.eu\/lt\/#\/schema\/logo\/image\/\"}}]}<\/script>\n<!-- \/ Yoast SEO plugin. -->","yoast_head_json":{"title":"L4 s\u0117dmen\u0173 kumpio k\u0117limo ma\u0161ina s\u0117dmen\u0173 treniruo\u010di\u0173 pratyboms","description":"\u0160is treniruoklis puikiai tinka s\u0117dmen\u0173 treniruot\u0117ms, tod\u0117l jis stiprina raumenis ir stiprina j\u0117g\u0105, o ergonomi\u0161ka atrama u\u017etikrina efektyvias treniruotes.","robots":{"index":"index","follow":"follow","max-snippet":"max-snippet:-1","max-image-preview":"max-image-preview:large","max-video-preview":"max-video-preview:-1"},"canonical":"https:\/\/gymfactory.eu\/lt\/produktas\/l4-sedmenu-kumpio-kelimo-masina\/","og_locale":"lt_LT","og_type":"article","og_title":"L4 s\u0117dmen\u0173 kumpio k\u0117limo ma\u0161ina s\u0117dmen\u0173 treniruo\u010di\u0173 pratyboms","og_description":"\u0160is treniruoklis puikiai tinka s\u0117dmen\u0173 treniruot\u0117ms, tod\u0117l jis stiprina raumenis ir stiprina j\u0117g\u0105, o ergonomi\u0161ka atrama u\u017etikrina efektyvias treniruotes.","og_url":"https:\/\/gymfactory.eu\/lt\/produktas\/l4-sedmenu-kumpio-kelimo-masina\/","og_site_name":"Gym Factory","article_modified_time":"2025-12-03T12:16:09+00:00","og_image":[{"width":1500,"height":1500,"url":"https:\/\/gymfactory.eu\/wp-content\/uploads\/2025\/02\/best-workout-bench-black-black-frame.webp","type":"image\/webp"}],"twitter_card":"summary_large_image","twitter_misc":{"Est. reading time":"1 minut\u0117"},"schema":{"@context":"https:\/\/schema.org","@graph":[{"@type":"WebPage","@id":"https:\/\/gymfactory.eu\/lt\/produktas\/l4-sedmenu-kumpio-kelimo-masina\/","url":"https:\/\/gymfactory.eu\/lt\/produktas\/l4-sedmenu-kumpio-kelimo-masina\/","name":"L4 s\u0117dmen\u0173 kumpio k\u0117limo ma\u0161ina s\u0117dmen\u0173 treniruo\u010di\u0173 pratyboms","isPartOf":{"@id":"https:\/\/gymfactory.eu\/lt\/#website"},"primaryImageOfPage":{"@id":"https:\/\/gymfactory.eu\/lt\/produktas\/l4-sedmenu-kumpio-kelimo-masina\/#primaryimage"},"image":{"@id":"https:\/\/gymfactory.eu\/lt\/produktas\/l4-sedmenu-kumpio-kelimo-masina\/#primaryimage"},"thumbnailUrl":"https:\/\/gymfactory.eu\/wp-content\/uploads\/2025\/02\/best-workout-bench-black-black-frame.webp","datePublished":"2025-02-12T07:37:10+00:00","dateModified":"2025-12-03T12:16:09+00:00","description":"\u0160is treniruoklis puikiai tinka s\u0117dmen\u0173 treniruot\u0117ms, tod\u0117l jis stiprina raumenis ir stiprina j\u0117g\u0105, o ergonomi\u0161ka atrama u\u017etikrina efektyvias treniruotes.","breadcrumb":{"@id":"https:\/\/gymfactory.eu\/lt\/produktas\/l4-sedmenu-kumpio-kelimo-masina\/#breadcrumb"},"inLanguage":"lt-LT","potentialAction":[{"@type":"ReadAction","target":["https:\/\/gymfactory.eu\/lt\/produktas\/l4-sedmenu-kumpio-kelimo-masina\/"]}]},{"@type":"ImageObject","inLanguage":"lt-LT","@id":"https:\/\/gymfactory.eu\/lt\/produktas\/l4-sedmenu-kumpio-kelimo-masina\/#primaryimage","url":"https:\/\/gymfactory.eu\/wp-content\/uploads\/2025\/02\/best-workout-bench-black-black-frame.webp","contentUrl":"https:\/\/gymfactory.eu\/wp-content\/uploads\/2025\/02\/best-workout-bench-black-black-frame.webp","width":1500,"height":1500,"caption":"Namams skirta j\u0117gos treniruokli\u0173 \u012franga, turinti juod\u0105 metalin\u012f r\u0117m\u0105 su raudona amortizacija. Suolelis turi reguliuojam\u0105 pamink\u0161tinim\u0105 ir saugi\u0105 koj\u0173 plok\u0161t\u0119, tod\u0117l idealiai tinka s\u0117dmen\u0173 k\u0117limui, nugaros tempimui ir \u0161erdies treniruot\u0117ms."},{"@type":"BreadcrumbList","@id":"https:\/\/gymfactory.eu\/lt\/produktas\/l4-sedmenu-kumpio-kelimo-masina\/#breadcrumb","itemListElement":[{"@type":"ListItem","position":1,"name":"Pagrindinis","item":"https:\/\/gymfactory.eu\/lt\/"},{"@type":"ListItem","position":2,"name":"Katalogas","item":"https:\/\/gymfactory.eu\/lt\/katalogas\/"},{"@type":"ListItem","position":3,"name":"L4 S\u0117dmen\u0173 ir \u0161laun\u0173 treniruoklis"}]},{"@type":"WebSite","@id":"https:\/\/gymfactory.eu\/lt\/#website","url":"https:\/\/gymfactory.eu\/lt\/","name":"Gym Factory","description":"","publisher":{"@id":"https:\/\/gymfactory.eu\/lt\/#organization"},"potentialAction":[{"@type":"SearchAction","target":{"@type":"EntryPoint","urlTemplate":"https:\/\/gymfactory.eu\/lt\/?s={search_term_string}"},"query-input":{"@type":"PropertyValueSpecification","valueRequired":true,"valueName":"search_term_string"}}],"inLanguage":"lt-LT"},{"@type":"Organization","@id":"https:\/\/gymfactory.eu\/lt\/#organization","name":"Sporto sal\u0117s gamykla","url":"https:\/\/gymfactory.eu\/lt\/","logo":{"@type":"ImageObject","inLanguage":"lt-LT","@id":"https:\/\/gymfactory.eu\/lt\/#\/schema\/logo\/image\/","url":"https:\/\/gymfactory.eu\/wp-content\/uploads\/2024\/11\/Component-1.svg","contentUrl":"https:\/\/gymfactory.eu\/wp-content\/uploads\/2024\/11\/Component-1.svg","width":54,"height":44,"caption":"Sporto sal\u0117s gamykla"},"image":{"@id":"https:\/\/gymfactory.eu\/lt\/#\/schema\/logo\/image\/"}}]}},"_links":{"self":[{"href":"https:\/\/gymfactory.eu\/lt\/wp-json\/wp\/v2\/product\/10073","targetHints":{"allow":["GET"]}}],"collection":[{"href":"https:\/\/gymfactory.eu\/lt\/wp-json\/wp\/v2\/product"}],"about":[{"href":"https:\/\/gymfactory.eu\/lt\/wp-json\/wp\/v2\/types\/product"}],"wp:featuredmedia":[{"embeddable":true,"href":"https:\/\/gymfactory.eu\/lt\/wp-json\/wp\/v2\/media\/8905"}],"wp:attachment":[{"href":"https:\/\/gymfactory.eu\/lt\/wp-json\/wp\/v2\/media?parent=10073"}],"wp:term":[{"taxonomy":"product_brand","embeddable":true,"href":"https:\/\/gymfactory.eu\/lt\/wp-json\/wp\/v2\/product_brand?post=10073"},{"taxonomy":"product_cat","embeddable":true,"href":"https:\/\/gymfactory.eu\/lt\/wp-json\/wp\/v2\/product_cat?post=10073"},{"taxonomy":"product_tag","embeddable":true,"href":"https:\/\/gymfactory.eu\/lt\/wp-json\/wp\/v2\/product_tag?post=10073"}],"curies":[{"name":"wp","href":"https:\/\/api.w.org\/{rel}","templated":true}]}}