{"id":10063,"date":"2025-02-11T10:43:25","date_gmt":"2025-02-11T08:43:25","guid":{"rendered":"https:\/\/gymfactory.eu\/product\/f2x-dvipusis-scott-suoliukas\/"},"modified":"2025-12-03T13:46:48","modified_gmt":"2025-12-03T11:46:48","slug":"f2x-dvipusis-scott-suoliukas","status":"publish","type":"product","link":"https:\/\/gymfactory.eu\/lt\/produktas\/f2x-dvipusis-scott-suoliukas\/","title":{"rendered":"F2X Dvipusis &#8222;skoto&#8221; suoliukas"},"content":{"rendered":"<p>F2X dvipusis &#8222;skoto&#8221; suoliukas \u2013 treniruo\u010di\u0173 \u012franga, skirta izoliuotiems biceps\u0173 pratimams ir kryptingam rank\u0173 lavinimui. Tinka tiek nam\u0173 sporto erdv\u0117ms, tiek profesionalioms sal\u0117ms.<\/p>\n<p>Treniruotis galima i\u0161 abiej\u0173 pusi\u0173 \u2013 kiekviena pus\u0117 turi fiksuoto kampo rank\u0173 atram\u0105, leid\u017eian\u010di\u0105 keisti rank\u0173 pad\u0117t\u012f ir aktyvuoti skirtingas raumen\u0173 dalis. Abi pus\u0117s turi integruotus \u0161tangos laikiklius, tod\u0117l patogu keisti svorius ir prad\u0117ti pratim\u0105 i\u0161 stabilios pad\u0117ties.<\/p>\n<p>Alk\u016bni\u0173 atramos yra nefiksuoto auk\u0161\u010dio \u2013 tai u\u017etikrina vienod\u0105, pastovi\u0105 pad\u0117t\u012f pakartotiniam naudojimui.<\/p>\n<p>Funkcionalus sprendimas nuoseklioms ir izoliuotoms rank\u0173 treniruot\u0117ms.<\/p>\n\n    <div class=\"xs_social_share_widget xs_share_url after_content \t\tmain_content  wslu-style-1 wslu-share-box-shaped wslu-fill-colored wslu-none wslu-share-horizontal wslu-theme-font-no wslu-main_content\">\n\n\t\t\n        <ul>\n\t\t\t        <\/ul>\n    <\/div> \n","protected":false},"excerpt":{"rendered":"<p>F2X dvipusis &#8222;skoto&#8221; suoliukas \u2013 treniruo\u010di\u0173 \u012franga, skirta izoliuotiems biceps\u0173 pratimams ir kryptingam rank\u0173 lavinimui. Tinka tiek nam\u0173 sporto erdv\u0117ms, tiek profesionalioms sal\u0117ms. Treniruotis galima i\u0161 abiej\u0173 pusi\u0173 \u2013 kiekviena pus\u0117 turi fiksuoto kampo rank\u0173 atram\u0105, leid\u017eian\u010di\u0105 keisti rank\u0173 pad\u0117t\u012f ir aktyvuoti skirtingas raumen\u0173 dalis. Abi pus\u0117s turi integruotus \u0161tangos laikiklius, tod\u0117l patogu keisti svorius [&hellip;]<\/p>\n","protected":false},"featured_media":8837,"template":"","meta":{"_acf_changed":false},"product_brand":[817],"product_cat":[437],"product_tag":[],"class_list":{"0":"post-10063","1":"product","2":"type-product","3":"status-publish","4":"has-post-thumbnail","6":"product_brand-gym-factory-lt","7":"product_cat-treniruociu-suolai","9":"first","10":"onbackorder","11":"taxable","12":"shipping-taxable","13":"purchasable","14":"product-type-variable","15":"has-default-attributes"},"acf":[],"yoast_head":"<!-- This site is optimized with the Yoast SEO plugin v25.2 - https:\/\/yoast.com\/wordpress\/plugins\/seo\/ -->\n<title>&quot;F2x&quot; dvipusis &quot;Scott Bench&quot; - geriausias treniruo\u010di\u0173 suolas rank\u0173 treniruot\u0117ms<\/title>\n<meta name=\"description\" content=\"\u0160is &quot;Scott Bench&quot; suoliukas yra geriausias treniruo\u010di\u0173 suoliukas rank\u0173 treniruot\u0117ms. Sukurtas siekiant stabilumo, jis puikiai tinka bicepso lenkimams ir padeda siekti j\u0117gos tiksl\u0173.\" \/>\n<meta name=\"robots\" content=\"index, follow, max-snippet:-1, max-image-preview:large, max-video-preview:-1\" \/>\n<link rel=\"canonical\" href=\"https:\/\/gymfactory.eu\/lt\/produktas\/f2x-dvipusis-scott-suoliukas\/\" \/>\n<meta property=\"og:locale\" content=\"lt_LT\" \/>\n<meta property=\"og:type\" content=\"article\" \/>\n<meta property=\"og:title\" content=\"&quot;F2x&quot; dvipusis &quot;Scott Bench&quot; - geriausias treniruo\u010di\u0173 suolas rank\u0173 treniruot\u0117ms\" \/>\n<meta property=\"og:description\" content=\"\u0160is &quot;Scott Bench&quot; suoliukas yra geriausias treniruo\u010di\u0173 suoliukas rank\u0173 treniruot\u0117ms. Sukurtas siekiant stabilumo, jis puikiai tinka bicepso lenkimams ir padeda siekti j\u0117gos tiksl\u0173.\" \/>\n<meta property=\"og:url\" content=\"https:\/\/gymfactory.eu\/lt\/produktas\/f2x-dvipusis-scott-suoliukas\/\" \/>\n<meta property=\"og:site_name\" content=\"Gym Factory\" \/>\n<meta property=\"article:modified_time\" content=\"2025-12-03T11:46:48+00:00\" \/>\n<meta property=\"og:image\" content=\"https:\/\/gymfactory.eu\/wp-content\/uploads\/2025\/02\/best-workout-bench-black-preacher-rack-1.webp\" \/>\n\t<meta property=\"og:image:width\" content=\"1500\" \/>\n\t<meta property=\"og:image:height\" content=\"1500\" \/>\n\t<meta property=\"og:image:type\" content=\"image\/webp\" \/>\n<meta name=\"twitter:card\" content=\"summary_large_image\" \/>\n<meta name=\"twitter:label1\" content=\"Est. reading time\" \/>\n\t<meta name=\"twitter:data1\" content=\"1 minut\u0117\" \/>\n<script type=\"application\/ld+json\" class=\"yoast-schema-graph\">{\"@context\":\"https:\/\/schema.org\",\"@graph\":[{\"@type\":\"WebPage\",\"@id\":\"https:\/\/gymfactory.eu\/lt\/produktas\/f2x-dvipusis-scott-suoliukas\/\",\"url\":\"https:\/\/gymfactory.eu\/lt\/produktas\/f2x-dvipusis-scott-suoliukas\/\",\"name\":\"\\\"F2x\\\" dvipusis \\\"Scott Bench\\\" - geriausias treniruo\u010di\u0173 suolas rank\u0173 treniruot\u0117ms\",\"isPartOf\":{\"@id\":\"https:\/\/gymfactory.eu\/lt\/#website\"},\"primaryImageOfPage\":{\"@id\":\"https:\/\/gymfactory.eu\/lt\/produktas\/f2x-dvipusis-scott-suoliukas\/#primaryimage\"},\"image\":{\"@id\":\"https:\/\/gymfactory.eu\/lt\/produktas\/f2x-dvipusis-scott-suoliukas\/#primaryimage\"},\"thumbnailUrl\":\"https:\/\/gymfactory.eu\/wp-content\/uploads\/2025\/02\/best-workout-bench-black-preacher-rack-1.webp\",\"datePublished\":\"2025-02-11T08:43:25+00:00\",\"dateModified\":\"2025-12-03T11:46:48+00:00\",\"description\":\"\u0160is \\\"Scott Bench\\\" suoliukas yra geriausias treniruo\u010di\u0173 suoliukas rank\u0173 treniruot\u0117ms. Sukurtas siekiant stabilumo, jis puikiai tinka bicepso lenkimams ir padeda siekti j\u0117gos tiksl\u0173.\",\"breadcrumb\":{\"@id\":\"https:\/\/gymfactory.eu\/lt\/produktas\/f2x-dvipusis-scott-suoliukas\/#breadcrumb\"},\"inLanguage\":\"lt-LT\",\"potentialAction\":[{\"@type\":\"ReadAction\",\"target\":[\"https:\/\/gymfactory.eu\/lt\/produktas\/f2x-dvipusis-scott-suoliukas\/\"]}]},{\"@type\":\"ImageObject\",\"inLanguage\":\"lt-LT\",\"@id\":\"https:\/\/gymfactory.eu\/lt\/produktas\/f2x-dvipusis-scott-suoliukas\/#primaryimage\",\"url\":\"https:\/\/gymfactory.eu\/wp-content\/uploads\/2025\/02\/best-workout-bench-black-preacher-rack-1.webp\",\"contentUrl\":\"https:\/\/gymfactory.eu\/wp-content\/uploads\/2025\/02\/best-workout-bench-black-preacher-rack-1.webp\",\"width\":1500,\"height\":1500,\"caption\":\"Juodas preacher curl stovas, j\u0117gos treniruo\u010di\u0173 \u012franga namuose, turinti stor\u0105 pamink\u0161tint\u0105 porank\u012f, tvirt\u0105 plienin\u012f r\u0117m\u0105 ir daugyb\u0119 \u0161tangos atramos lizd\u0173, kad treniruot\u0117 b\u016bt\u0173 saugi ir kontroliuojama.\"},{\"@type\":\"BreadcrumbList\",\"@id\":\"https:\/\/gymfactory.eu\/lt\/produktas\/f2x-dvipusis-scott-suoliukas\/#breadcrumb\",\"itemListElement\":[{\"@type\":\"ListItem\",\"position\":1,\"name\":\"Pagrindinis\",\"item\":\"https:\/\/gymfactory.eu\/lt\/\"},{\"@type\":\"ListItem\",\"position\":2,\"name\":\"Katalogas\",\"item\":\"https:\/\/gymfactory.eu\/lt\/katalogas\/\"},{\"@type\":\"ListItem\",\"position\":3,\"name\":\"F2X Dvipusis &#8220;skoto&#8221; suoliukas\"}]},{\"@type\":\"WebSite\",\"@id\":\"https:\/\/gymfactory.eu\/lt\/#website\",\"url\":\"https:\/\/gymfactory.eu\/lt\/\",\"name\":\"Gym Factory\",\"description\":\"\",\"publisher\":{\"@id\":\"https:\/\/gymfactory.eu\/lt\/#organization\"},\"potentialAction\":[{\"@type\":\"SearchAction\",\"target\":{\"@type\":\"EntryPoint\",\"urlTemplate\":\"https:\/\/gymfactory.eu\/lt\/?s={search_term_string}\"},\"query-input\":{\"@type\":\"PropertyValueSpecification\",\"valueRequired\":true,\"valueName\":\"search_term_string\"}}],\"inLanguage\":\"lt-LT\"},{\"@type\":\"Organization\",\"@id\":\"https:\/\/gymfactory.eu\/lt\/#organization\",\"name\":\"Sporto sal\u0117s gamykla\",\"url\":\"https:\/\/gymfactory.eu\/lt\/\",\"logo\":{\"@type\":\"ImageObject\",\"inLanguage\":\"lt-LT\",\"@id\":\"https:\/\/gymfactory.eu\/lt\/#\/schema\/logo\/image\/\",\"url\":\"https:\/\/gymfactory.eu\/wp-content\/uploads\/2024\/11\/Component-1.svg\",\"contentUrl\":\"https:\/\/gymfactory.eu\/wp-content\/uploads\/2024\/11\/Component-1.svg\",\"width\":54,\"height\":44,\"caption\":\"Sporto sal\u0117s gamykla\"},\"image\":{\"@id\":\"https:\/\/gymfactory.eu\/lt\/#\/schema\/logo\/image\/\"}}]}<\/script>\n<!-- \/ Yoast SEO plugin. -->","yoast_head_json":{"title":"\"F2x\" dvipusis \"Scott Bench\" - geriausias treniruo\u010di\u0173 suolas rank\u0173 treniruot\u0117ms","description":"\u0160is \"Scott Bench\" suoliukas yra geriausias treniruo\u010di\u0173 suoliukas rank\u0173 treniruot\u0117ms. Sukurtas siekiant stabilumo, jis puikiai tinka bicepso lenkimams ir padeda siekti j\u0117gos tiksl\u0173.","robots":{"index":"index","follow":"follow","max-snippet":"max-snippet:-1","max-image-preview":"max-image-preview:large","max-video-preview":"max-video-preview:-1"},"canonical":"https:\/\/gymfactory.eu\/lt\/produktas\/f2x-dvipusis-scott-suoliukas\/","og_locale":"lt_LT","og_type":"article","og_title":"\"F2x\" dvipusis \"Scott Bench\" - geriausias treniruo\u010di\u0173 suolas rank\u0173 treniruot\u0117ms","og_description":"\u0160is \"Scott Bench\" suoliukas yra geriausias treniruo\u010di\u0173 suoliukas rank\u0173 treniruot\u0117ms. Sukurtas siekiant stabilumo, jis puikiai tinka bicepso lenkimams ir padeda siekti j\u0117gos tiksl\u0173.","og_url":"https:\/\/gymfactory.eu\/lt\/produktas\/f2x-dvipusis-scott-suoliukas\/","og_site_name":"Gym Factory","article_modified_time":"2025-12-03T11:46:48+00:00","og_image":[{"width":1500,"height":1500,"url":"https:\/\/gymfactory.eu\/wp-content\/uploads\/2025\/02\/best-workout-bench-black-preacher-rack-1.webp","type":"image\/webp"}],"twitter_card":"summary_large_image","twitter_misc":{"Est. reading time":"1 minut\u0117"},"schema":{"@context":"https:\/\/schema.org","@graph":[{"@type":"WebPage","@id":"https:\/\/gymfactory.eu\/lt\/produktas\/f2x-dvipusis-scott-suoliukas\/","url":"https:\/\/gymfactory.eu\/lt\/produktas\/f2x-dvipusis-scott-suoliukas\/","name":"\"F2x\" dvipusis \"Scott Bench\" - geriausias treniruo\u010di\u0173 suolas rank\u0173 treniruot\u0117ms","isPartOf":{"@id":"https:\/\/gymfactory.eu\/lt\/#website"},"primaryImageOfPage":{"@id":"https:\/\/gymfactory.eu\/lt\/produktas\/f2x-dvipusis-scott-suoliukas\/#primaryimage"},"image":{"@id":"https:\/\/gymfactory.eu\/lt\/produktas\/f2x-dvipusis-scott-suoliukas\/#primaryimage"},"thumbnailUrl":"https:\/\/gymfactory.eu\/wp-content\/uploads\/2025\/02\/best-workout-bench-black-preacher-rack-1.webp","datePublished":"2025-02-11T08:43:25+00:00","dateModified":"2025-12-03T11:46:48+00:00","description":"\u0160is \"Scott Bench\" suoliukas yra geriausias treniruo\u010di\u0173 suoliukas rank\u0173 treniruot\u0117ms. Sukurtas siekiant stabilumo, jis puikiai tinka bicepso lenkimams ir padeda siekti j\u0117gos tiksl\u0173.","breadcrumb":{"@id":"https:\/\/gymfactory.eu\/lt\/produktas\/f2x-dvipusis-scott-suoliukas\/#breadcrumb"},"inLanguage":"lt-LT","potentialAction":[{"@type":"ReadAction","target":["https:\/\/gymfactory.eu\/lt\/produktas\/f2x-dvipusis-scott-suoliukas\/"]}]},{"@type":"ImageObject","inLanguage":"lt-LT","@id":"https:\/\/gymfactory.eu\/lt\/produktas\/f2x-dvipusis-scott-suoliukas\/#primaryimage","url":"https:\/\/gymfactory.eu\/wp-content\/uploads\/2025\/02\/best-workout-bench-black-preacher-rack-1.webp","contentUrl":"https:\/\/gymfactory.eu\/wp-content\/uploads\/2025\/02\/best-workout-bench-black-preacher-rack-1.webp","width":1500,"height":1500,"caption":"Juodas preacher curl stovas, j\u0117gos treniruo\u010di\u0173 \u012franga namuose, turinti stor\u0105 pamink\u0161tint\u0105 porank\u012f, tvirt\u0105 plienin\u012f r\u0117m\u0105 ir daugyb\u0119 \u0161tangos atramos lizd\u0173, kad treniruot\u0117 b\u016bt\u0173 saugi ir kontroliuojama."},{"@type":"BreadcrumbList","@id":"https:\/\/gymfactory.eu\/lt\/produktas\/f2x-dvipusis-scott-suoliukas\/#breadcrumb","itemListElement":[{"@type":"ListItem","position":1,"name":"Pagrindinis","item":"https:\/\/gymfactory.eu\/lt\/"},{"@type":"ListItem","position":2,"name":"Katalogas","item":"https:\/\/gymfactory.eu\/lt\/katalogas\/"},{"@type":"ListItem","position":3,"name":"F2X Dvipusis &#8220;skoto&#8221; suoliukas"}]},{"@type":"WebSite","@id":"https:\/\/gymfactory.eu\/lt\/#website","url":"https:\/\/gymfactory.eu\/lt\/","name":"Gym Factory","description":"","publisher":{"@id":"https:\/\/gymfactory.eu\/lt\/#organization"},"potentialAction":[{"@type":"SearchAction","target":{"@type":"EntryPoint","urlTemplate":"https:\/\/gymfactory.eu\/lt\/?s={search_term_string}"},"query-input":{"@type":"PropertyValueSpecification","valueRequired":true,"valueName":"search_term_string"}}],"inLanguage":"lt-LT"},{"@type":"Organization","@id":"https:\/\/gymfactory.eu\/lt\/#organization","name":"Sporto sal\u0117s gamykla","url":"https:\/\/gymfactory.eu\/lt\/","logo":{"@type":"ImageObject","inLanguage":"lt-LT","@id":"https:\/\/gymfactory.eu\/lt\/#\/schema\/logo\/image\/","url":"https:\/\/gymfactory.eu\/wp-content\/uploads\/2024\/11\/Component-1.svg","contentUrl":"https:\/\/gymfactory.eu\/wp-content\/uploads\/2024\/11\/Component-1.svg","width":54,"height":44,"caption":"Sporto sal\u0117s gamykla"},"image":{"@id":"https:\/\/gymfactory.eu\/lt\/#\/schema\/logo\/image\/"}}]}},"_links":{"self":[{"href":"https:\/\/gymfactory.eu\/lt\/wp-json\/wp\/v2\/product\/10063","targetHints":{"allow":["GET"]}}],"collection":[{"href":"https:\/\/gymfactory.eu\/lt\/wp-json\/wp\/v2\/product"}],"about":[{"href":"https:\/\/gymfactory.eu\/lt\/wp-json\/wp\/v2\/types\/product"}],"wp:featuredmedia":[{"embeddable":true,"href":"https:\/\/gymfactory.eu\/lt\/wp-json\/wp\/v2\/media\/8837"}],"wp:attachment":[{"href":"https:\/\/gymfactory.eu\/lt\/wp-json\/wp\/v2\/media?parent=10063"}],"wp:term":[{"taxonomy":"product_brand","embeddable":true,"href":"https:\/\/gymfactory.eu\/lt\/wp-json\/wp\/v2\/product_brand?post=10063"},{"taxonomy":"product_cat","embeddable":true,"href":"https:\/\/gymfactory.eu\/lt\/wp-json\/wp\/v2\/product_cat?post=10063"},{"taxonomy":"product_tag","embeddable":true,"href":"https:\/\/gymfactory.eu\/lt\/wp-json\/wp\/v2\/product_tag?post=10063"}],"curies":[{"name":"wp","href":"https:\/\/api.w.org\/{rel}","templated":true}]}}