{"id":10059,"date":"2025-02-11T09:23:14","date_gmt":"2025-02-11T07:23:14","guid":{"rendered":"https:\/\/gymfactory.eu\/product\/aa1-varzybu-suoliukas\/"},"modified":"2025-12-03T13:31:41","modified_gmt":"2025-12-03T11:31:41","slug":"aa1-varzybu-suoliukas","status":"publish","type":"product","link":"https:\/\/gymfactory.eu\/lt\/produktas\/aa1-varzybu-suoliukas\/","title":{"rendered":"AA1 Var\u017eybinis spaudimo suoliukas"},"content":{"rendered":"<p>AA1 var\u017eybinis spaudimo suoliukas \u2013 profesionalaus lygio treniruoklis, skirtas stabilioms ir tikslioms kr\u016btin\u0117s spaudimo treniruot\u0117ms tiesia pad\u0117timi. Tvirtas sprendimas tiek var\u017eybiniai aplinkai, tiek auk\u0161tos kokyb\u0117s nam\u0173 ar profesionalioms sporto sal\u0117ms.<\/p>\n<p>Reguliuojamo auk\u0161\u010dio \u0161tangos laikikliai leid\u017eia prisitaikyti prie individuali\u0173 vartotojo poreiki\u0173. Integruotos saugos atramos su reguliuojamu auk\u0161\u010diu u\u017etikrina saugum\u0105 ir leid\u017eia treniruotis su didesniu pasitik\u0117jimu. \u0160oniniai rankiniai svorio reguliatoriai suteikia galimyb\u0119 keisti \u0161tangos apkrov\u0105 nei\u0161keliant jos i\u0161 vietos \u2013 tai leid\u017eia skland\u017eiai t\u0119sti treniruot\u0119.<\/p>\n<p>Korpuse taip pat \u012frengti tvirtinimo ta\u0161kai pasiprie\u0161inimo gumoms \u2013 tai suteikia papildom\u0105 i\u0161\u0161\u016bk\u012f ir treniruot\u0117s variacijas pa\u017eengusiems sportuojantiems.<\/p>\n\n    <div class=\"xs_social_share_widget xs_share_url after_content \t\tmain_content  wslu-style-1 wslu-share-box-shaped wslu-fill-colored wslu-none wslu-share-horizontal wslu-theme-font-no wslu-main_content\">\n\n\t\t\n        <ul>\n\t\t\t        <\/ul>\n    <\/div> \n","protected":false},"excerpt":{"rendered":"<p>AA1 var\u017eybinis spaudimo suoliukas \u2013 profesionalaus lygio treniruoklis, skirtas stabilioms ir tikslioms kr\u016btin\u0117s spaudimo treniruot\u0117ms tiesia pad\u0117timi. Tvirtas sprendimas tiek var\u017eybiniai aplinkai, tiek auk\u0161tos kokyb\u0117s nam\u0173 ar profesionalioms sporto sal\u0117ms. Reguliuojamo auk\u0161\u010dio \u0161tangos laikikliai leid\u017eia prisitaikyti prie individuali\u0173 vartotojo poreiki\u0173. Integruotos saugos atramos su reguliuojamu auk\u0161\u010diu u\u017etikrina saugum\u0105 ir leid\u017eia treniruotis su didesniu pasitik\u0117jimu. \u0160oniniai [&hellip;]<\/p>\n","protected":false},"featured_media":9077,"template":"","meta":{"_acf_changed":false},"product_brand":[817],"product_cat":[437],"product_tag":[],"class_list":{"0":"post-10059","1":"product","2":"type-product","3":"status-publish","4":"has-post-thumbnail","6":"product_brand-gym-factory-lt","7":"product_cat-treniruociu-suolai","9":"first","10":"onbackorder","11":"taxable","12":"shipping-taxable","13":"purchasable","14":"product-type-variable","15":"has-default-attributes"},"acf":[],"yoast_head":"<!-- This site is optimized with the Yoast SEO plugin v25.2 - https:\/\/yoast.com\/wordpress\/plugins\/seo\/ -->\n<title>AA1 var\u017eyb\u0173 suoliukas - sukurtas j\u0117gos pratimams<\/title>\n<meta name=\"description\" content=\"Suolelio presas i\u0161siskiria i\u0161 geriausi\u0173 nam\u0173 treniruokli\u0173 gamini\u0173, puikiai tinka efektyviai j\u0117gos treniruotei ir j\u016bs\u0173 fizinei b\u016bklei namuose gerinti.\" \/>\n<meta name=\"robots\" content=\"index, follow, max-snippet:-1, max-image-preview:large, max-video-preview:-1\" \/>\n<link rel=\"canonical\" href=\"https:\/\/gymfactory.eu\/lt\/produktas\/aa1-varzybu-suoliukas\/\" \/>\n<meta property=\"og:locale\" content=\"lt_LT\" \/>\n<meta property=\"og:type\" content=\"article\" \/>\n<meta property=\"og:title\" content=\"AA1 var\u017eyb\u0173 suoliukas - sukurtas j\u0117gos pratimams\" \/>\n<meta property=\"og:description\" content=\"Suolelio presas i\u0161siskiria i\u0161 geriausi\u0173 nam\u0173 treniruokli\u0173 gamini\u0173, puikiai tinka efektyviai j\u0117gos treniruotei ir j\u016bs\u0173 fizinei b\u016bklei namuose gerinti.\" \/>\n<meta property=\"og:url\" content=\"https:\/\/gymfactory.eu\/lt\/produktas\/aa1-varzybu-suoliukas\/\" \/>\n<meta property=\"og:site_name\" content=\"Gym Factory\" \/>\n<meta property=\"article:modified_time\" content=\"2025-12-03T11:31:41+00:00\" \/>\n<meta property=\"og:image\" content=\"https:\/\/gymfactory.eu\/wp-content\/uploads\/2025\/02\/bench-press-gym-equipment-.webp\" \/>\n\t<meta property=\"og:image:width\" content=\"1500\" \/>\n\t<meta property=\"og:image:height\" content=\"1500\" \/>\n\t<meta property=\"og:image:type\" content=\"image\/webp\" \/>\n<meta name=\"twitter:card\" content=\"summary_large_image\" \/>\n<meta name=\"twitter:label1\" content=\"Est. reading time\" \/>\n\t<meta name=\"twitter:data1\" content=\"1 minut\u0117\" \/>\n<script type=\"application\/ld+json\" class=\"yoast-schema-graph\">{\"@context\":\"https:\/\/schema.org\",\"@graph\":[{\"@type\":\"WebPage\",\"@id\":\"https:\/\/gymfactory.eu\/lt\/produktas\/aa1-varzybu-suoliukas\/\",\"url\":\"https:\/\/gymfactory.eu\/lt\/produktas\/aa1-varzybu-suoliukas\/\",\"name\":\"AA1 var\u017eyb\u0173 suoliukas - sukurtas j\u0117gos pratimams\",\"isPartOf\":{\"@id\":\"https:\/\/gymfactory.eu\/lt\/#website\"},\"primaryImageOfPage\":{\"@id\":\"https:\/\/gymfactory.eu\/lt\/produktas\/aa1-varzybu-suoliukas\/#primaryimage\"},\"image\":{\"@id\":\"https:\/\/gymfactory.eu\/lt\/produktas\/aa1-varzybu-suoliukas\/#primaryimage\"},\"thumbnailUrl\":\"https:\/\/gymfactory.eu\/wp-content\/uploads\/2025\/02\/bench-press-gym-equipment-.webp\",\"datePublished\":\"2025-02-11T07:23:14+00:00\",\"dateModified\":\"2025-12-03T11:31:41+00:00\",\"description\":\"Suolelio presas i\u0161siskiria i\u0161 geriausi\u0173 nam\u0173 treniruokli\u0173 gamini\u0173, puikiai tinka efektyviai j\u0117gos treniruotei ir j\u016bs\u0173 fizinei b\u016bklei namuose gerinti.\",\"breadcrumb\":{\"@id\":\"https:\/\/gymfactory.eu\/lt\/produktas\/aa1-varzybu-suoliukas\/#breadcrumb\"},\"inLanguage\":\"lt-LT\",\"potentialAction\":[{\"@type\":\"ReadAction\",\"target\":[\"https:\/\/gymfactory.eu\/lt\/produktas\/aa1-varzybu-suoliukas\/\"]}]},{\"@type\":\"ImageObject\",\"inLanguage\":\"lt-LT\",\"@id\":\"https:\/\/gymfactory.eu\/lt\/produktas\/aa1-varzybu-suoliukas\/#primaryimage\",\"url\":\"https:\/\/gymfactory.eu\/wp-content\/uploads\/2025\/02\/bench-press-gym-equipment-.webp\",\"contentUrl\":\"https:\/\/gymfactory.eu\/wp-content\/uploads\/2025\/02\/bench-press-gym-equipment-.webp\",\"width\":1500,\"height\":1500,\"caption\":\"Tvirt\u0105 kr\u016btin\u0117s treniruo\u010di\u0173 treniruokli\u0173 suolel\u012f sudaro raudonas plieninis r\u0117mas, juodas pamink\u0161tintas suolas ir olimpin\u0117 \u0161tanga su svorio plok\u0161tel\u0117mis. \u012e komplekt\u0105 \u012feina reguliuojamos apsaugin\u0117s rankenos ir koj\u0173 platformos, kad treniruot\u0117s b\u016bt\u0173 optimalios.\"},{\"@type\":\"BreadcrumbList\",\"@id\":\"https:\/\/gymfactory.eu\/lt\/produktas\/aa1-varzybu-suoliukas\/#breadcrumb\",\"itemListElement\":[{\"@type\":\"ListItem\",\"position\":1,\"name\":\"Pagrindinis\",\"item\":\"https:\/\/gymfactory.eu\/lt\/\"},{\"@type\":\"ListItem\",\"position\":2,\"name\":\"Katalogas\",\"item\":\"https:\/\/gymfactory.eu\/lt\/katalogas\/\"},{\"@type\":\"ListItem\",\"position\":3,\"name\":\"AA1 Var\u017eybinis spaudimo suoliukas\"}]},{\"@type\":\"WebSite\",\"@id\":\"https:\/\/gymfactory.eu\/lt\/#website\",\"url\":\"https:\/\/gymfactory.eu\/lt\/\",\"name\":\"Gym Factory\",\"description\":\"\",\"publisher\":{\"@id\":\"https:\/\/gymfactory.eu\/lt\/#organization\"},\"potentialAction\":[{\"@type\":\"SearchAction\",\"target\":{\"@type\":\"EntryPoint\",\"urlTemplate\":\"https:\/\/gymfactory.eu\/lt\/?s={search_term_string}\"},\"query-input\":{\"@type\":\"PropertyValueSpecification\",\"valueRequired\":true,\"valueName\":\"search_term_string\"}}],\"inLanguage\":\"lt-LT\"},{\"@type\":\"Organization\",\"@id\":\"https:\/\/gymfactory.eu\/lt\/#organization\",\"name\":\"Sporto sal\u0117s gamykla\",\"url\":\"https:\/\/gymfactory.eu\/lt\/\",\"logo\":{\"@type\":\"ImageObject\",\"inLanguage\":\"lt-LT\",\"@id\":\"https:\/\/gymfactory.eu\/lt\/#\/schema\/logo\/image\/\",\"url\":\"https:\/\/gymfactory.eu\/wp-content\/uploads\/2024\/11\/Component-1.svg\",\"contentUrl\":\"https:\/\/gymfactory.eu\/wp-content\/uploads\/2024\/11\/Component-1.svg\",\"width\":54,\"height\":44,\"caption\":\"Sporto sal\u0117s gamykla\"},\"image\":{\"@id\":\"https:\/\/gymfactory.eu\/lt\/#\/schema\/logo\/image\/\"}}]}<\/script>\n<!-- \/ Yoast SEO plugin. -->","yoast_head_json":{"title":"AA1 var\u017eyb\u0173 suoliukas - sukurtas j\u0117gos pratimams","description":"Suolelio presas i\u0161siskiria i\u0161 geriausi\u0173 nam\u0173 treniruokli\u0173 gamini\u0173, puikiai tinka efektyviai j\u0117gos treniruotei ir j\u016bs\u0173 fizinei b\u016bklei namuose gerinti.","robots":{"index":"index","follow":"follow","max-snippet":"max-snippet:-1","max-image-preview":"max-image-preview:large","max-video-preview":"max-video-preview:-1"},"canonical":"https:\/\/gymfactory.eu\/lt\/produktas\/aa1-varzybu-suoliukas\/","og_locale":"lt_LT","og_type":"article","og_title":"AA1 var\u017eyb\u0173 suoliukas - sukurtas j\u0117gos pratimams","og_description":"Suolelio presas i\u0161siskiria i\u0161 geriausi\u0173 nam\u0173 treniruokli\u0173 gamini\u0173, puikiai tinka efektyviai j\u0117gos treniruotei ir j\u016bs\u0173 fizinei b\u016bklei namuose gerinti.","og_url":"https:\/\/gymfactory.eu\/lt\/produktas\/aa1-varzybu-suoliukas\/","og_site_name":"Gym Factory","article_modified_time":"2025-12-03T11:31:41+00:00","og_image":[{"width":1500,"height":1500,"url":"https:\/\/gymfactory.eu\/wp-content\/uploads\/2025\/02\/bench-press-gym-equipment-.webp","type":"image\/webp"}],"twitter_card":"summary_large_image","twitter_misc":{"Est. reading time":"1 minut\u0117"},"schema":{"@context":"https:\/\/schema.org","@graph":[{"@type":"WebPage","@id":"https:\/\/gymfactory.eu\/lt\/produktas\/aa1-varzybu-suoliukas\/","url":"https:\/\/gymfactory.eu\/lt\/produktas\/aa1-varzybu-suoliukas\/","name":"AA1 var\u017eyb\u0173 suoliukas - sukurtas j\u0117gos pratimams","isPartOf":{"@id":"https:\/\/gymfactory.eu\/lt\/#website"},"primaryImageOfPage":{"@id":"https:\/\/gymfactory.eu\/lt\/produktas\/aa1-varzybu-suoliukas\/#primaryimage"},"image":{"@id":"https:\/\/gymfactory.eu\/lt\/produktas\/aa1-varzybu-suoliukas\/#primaryimage"},"thumbnailUrl":"https:\/\/gymfactory.eu\/wp-content\/uploads\/2025\/02\/bench-press-gym-equipment-.webp","datePublished":"2025-02-11T07:23:14+00:00","dateModified":"2025-12-03T11:31:41+00:00","description":"Suolelio presas i\u0161siskiria i\u0161 geriausi\u0173 nam\u0173 treniruokli\u0173 gamini\u0173, puikiai tinka efektyviai j\u0117gos treniruotei ir j\u016bs\u0173 fizinei b\u016bklei namuose gerinti.","breadcrumb":{"@id":"https:\/\/gymfactory.eu\/lt\/produktas\/aa1-varzybu-suoliukas\/#breadcrumb"},"inLanguage":"lt-LT","potentialAction":[{"@type":"ReadAction","target":["https:\/\/gymfactory.eu\/lt\/produktas\/aa1-varzybu-suoliukas\/"]}]},{"@type":"ImageObject","inLanguage":"lt-LT","@id":"https:\/\/gymfactory.eu\/lt\/produktas\/aa1-varzybu-suoliukas\/#primaryimage","url":"https:\/\/gymfactory.eu\/wp-content\/uploads\/2025\/02\/bench-press-gym-equipment-.webp","contentUrl":"https:\/\/gymfactory.eu\/wp-content\/uploads\/2025\/02\/bench-press-gym-equipment-.webp","width":1500,"height":1500,"caption":"Tvirt\u0105 kr\u016btin\u0117s treniruo\u010di\u0173 treniruokli\u0173 suolel\u012f sudaro raudonas plieninis r\u0117mas, juodas pamink\u0161tintas suolas ir olimpin\u0117 \u0161tanga su svorio plok\u0161tel\u0117mis. \u012e komplekt\u0105 \u012feina reguliuojamos apsaugin\u0117s rankenos ir koj\u0173 platformos, kad treniruot\u0117s b\u016bt\u0173 optimalios."},{"@type":"BreadcrumbList","@id":"https:\/\/gymfactory.eu\/lt\/produktas\/aa1-varzybu-suoliukas\/#breadcrumb","itemListElement":[{"@type":"ListItem","position":1,"name":"Pagrindinis","item":"https:\/\/gymfactory.eu\/lt\/"},{"@type":"ListItem","position":2,"name":"Katalogas","item":"https:\/\/gymfactory.eu\/lt\/katalogas\/"},{"@type":"ListItem","position":3,"name":"AA1 Var\u017eybinis spaudimo suoliukas"}]},{"@type":"WebSite","@id":"https:\/\/gymfactory.eu\/lt\/#website","url":"https:\/\/gymfactory.eu\/lt\/","name":"Gym Factory","description":"","publisher":{"@id":"https:\/\/gymfactory.eu\/lt\/#organization"},"potentialAction":[{"@type":"SearchAction","target":{"@type":"EntryPoint","urlTemplate":"https:\/\/gymfactory.eu\/lt\/?s={search_term_string}"},"query-input":{"@type":"PropertyValueSpecification","valueRequired":true,"valueName":"search_term_string"}}],"inLanguage":"lt-LT"},{"@type":"Organization","@id":"https:\/\/gymfactory.eu\/lt\/#organization","name":"Sporto sal\u0117s gamykla","url":"https:\/\/gymfactory.eu\/lt\/","logo":{"@type":"ImageObject","inLanguage":"lt-LT","@id":"https:\/\/gymfactory.eu\/lt\/#\/schema\/logo\/image\/","url":"https:\/\/gymfactory.eu\/wp-content\/uploads\/2024\/11\/Component-1.svg","contentUrl":"https:\/\/gymfactory.eu\/wp-content\/uploads\/2024\/11\/Component-1.svg","width":54,"height":44,"caption":"Sporto sal\u0117s gamykla"},"image":{"@id":"https:\/\/gymfactory.eu\/lt\/#\/schema\/logo\/image\/"}}]}},"_links":{"self":[{"href":"https:\/\/gymfactory.eu\/lt\/wp-json\/wp\/v2\/product\/10059","targetHints":{"allow":["GET"]}}],"collection":[{"href":"https:\/\/gymfactory.eu\/lt\/wp-json\/wp\/v2\/product"}],"about":[{"href":"https:\/\/gymfactory.eu\/lt\/wp-json\/wp\/v2\/types\/product"}],"wp:featuredmedia":[{"embeddable":true,"href":"https:\/\/gymfactory.eu\/lt\/wp-json\/wp\/v2\/media\/9077"}],"wp:attachment":[{"href":"https:\/\/gymfactory.eu\/lt\/wp-json\/wp\/v2\/media?parent=10059"}],"wp:term":[{"taxonomy":"product_brand","embeddable":true,"href":"https:\/\/gymfactory.eu\/lt\/wp-json\/wp\/v2\/product_brand?post=10059"},{"taxonomy":"product_cat","embeddable":true,"href":"https:\/\/gymfactory.eu\/lt\/wp-json\/wp\/v2\/product_cat?post=10059"},{"taxonomy":"product_tag","embeddable":true,"href":"https:\/\/gymfactory.eu\/lt\/wp-json\/wp\/v2\/product_tag?post=10059"}],"curies":[{"name":"wp","href":"https:\/\/api.w.org\/{rel}","templated":true}]}}