{"id":10055,"date":"2025-02-10T16:01:58","date_gmt":"2025-02-10T14:01:58","guid":{"rendered":"https:\/\/gymfactory.eu\/product\/a4-reguliuojamas-suoliuko-presas\/"},"modified":"2025-11-20T12:43:38","modified_gmt":"2025-11-20T10:43:38","slug":"a4-reguliuojamas-suoliuko-presas","status":"publish","type":"product","link":"https:\/\/gymfactory.eu\/lt\/produktas\/a4-reguliuojamas-suoliuko-presas\/","title":{"rendered":"A4 Reguliuojamas spaudimo suoliukas"},"content":{"rendered":"<p>A4 reguliuojamas spaudimo suoliukas \u2013 universalus treniruo\u010di\u0173 \u012frenginys, skirtas \u012fvairiems \u0161tangos spaudimo variantams. Tinka tiek nam\u0173 sporto erdv\u0117ms, tiek profesionalioms sal\u0117ms \u2013 ypa\u010d ten, kur svarbus funkcionalumas ir prisitaikymas prie individuali\u0173 poreiki\u0173.<\/p>\n<p>Suole \u012frengti reguliuojamo auk\u0161\u010dio \u0161tangos laikikliai, leid\u017eiantys prisitaikyti prie skirtingo rank\u0173 ilgio. Reguliuojamas tiek atlo\u0161o, tiek s\u0117dyn\u0117s kampas \u2013 tai leid\u017eia atlikti tiek tiesius, tiek nuo\u017eulnius spaudimus. Pats suoliukas gali b\u016bti stumdomas \u012f priek\u012f arba atgal r\u0117mo viduje, kad kiekvienas naudotojas gal\u0117t\u0173 tiksliai prisiderinti prie \u0161tangos pad\u0117ties.<\/p>\n<p>Tai lankstus ir patikimas sprendimas efektyvioms kr\u016btin\u0117s treniruot\u0117ms \u012fvairiais kampais.<\/p>\n\n    <div class=\"xs_social_share_widget xs_share_url after_content \t\tmain_content  wslu-style-1 wslu-share-box-shaped wslu-fill-colored wslu-none wslu-share-horizontal wslu-theme-font-no wslu-main_content\">\n\n\t\t\n        <ul>\n\t\t\t        <\/ul>\n    <\/div> \n","protected":false},"excerpt":{"rendered":"<p>A4 reguliuojamas spaudimo suoliukas \u2013 universalus treniruo\u010di\u0173 \u012frenginys, skirtas \u012fvairiems \u0161tangos spaudimo variantams. Tinka tiek nam\u0173 sporto erdv\u0117ms, tiek profesionalioms sal\u0117ms \u2013 ypa\u010d ten, kur svarbus funkcionalumas ir prisitaikymas prie individuali\u0173 poreiki\u0173. Suole \u012frengti reguliuojamo auk\u0161\u010dio \u0161tangos laikikliai, leid\u017eiantys prisitaikyti prie skirtingo rank\u0173 ilgio. Reguliuojamas tiek atlo\u0161o, tiek s\u0117dyn\u0117s kampas \u2013 tai leid\u017eia atlikti tiek [&hellip;]<\/p>\n","protected":false},"featured_media":8834,"template":"","meta":{"_acf_changed":false},"product_brand":[],"product_cat":[437],"product_tag":[],"class_list":{"0":"post-10055","1":"product","2":"type-product","3":"status-publish","4":"has-post-thumbnail","6":"product_cat-treniruociu-suolai","8":"first","9":"onbackorder","10":"taxable","11":"shipping-taxable","12":"purchasable","13":"product-type-variable","14":"has-default-attributes"},"acf":[],"yoast_head":"<!-- This site is optimized with the Yoast SEO plugin v25.2 - https:\/\/yoast.com\/wordpress\/plugins\/seo\/ -->\n<title>A4 suoliuko presas - skirtas pasvirusiam suoliuko spaudimui ir plok\u0161\u010diam suoliuko spaudimui<\/title>\n<meta name=\"description\" content=\"\u0160is presas yra geriausias treniruoklis namams - patvarus, universalus, atlaikantis iki 350 kg svor\u012f. Puikiai tinka kr\u016btin\u0117s ir vir\u0161utin\u0117s k\u016bno dalies treniruot\u0117ms.\" \/>\n<meta name=\"robots\" content=\"index, follow, max-snippet:-1, max-image-preview:large, max-video-preview:-1\" \/>\n<link rel=\"canonical\" href=\"https:\/\/gymfactory.eu\/lt\/produktas\/a4-reguliuojamas-suoliuko-presas\/\" \/>\n<meta property=\"og:locale\" content=\"lt_LT\" \/>\n<meta property=\"og:type\" content=\"article\" \/>\n<meta property=\"og:title\" content=\"A4 suoliuko presas - skirtas pasvirusiam suoliuko spaudimui ir plok\u0161\u010diam suoliuko spaudimui\" \/>\n<meta property=\"og:description\" content=\"\u0160is presas yra geriausias treniruoklis namams - patvarus, universalus, atlaikantis iki 350 kg svor\u012f. Puikiai tinka kr\u016btin\u0117s ir vir\u0161utin\u0117s k\u016bno dalies treniruot\u0117ms.\" \/>\n<meta property=\"og:url\" content=\"https:\/\/gymfactory.eu\/lt\/produktas\/a4-reguliuojamas-suoliuko-presas\/\" \/>\n<meta property=\"og:site_name\" content=\"Gym Factory\" \/>\n<meta property=\"article:modified_time\" content=\"2025-11-20T10:43:38+00:00\" \/>\n<meta property=\"og:image\" content=\"https:\/\/gymfactory.eu\/wp-content\/uploads\/2025\/02\/bench-press-adjustable-station-1.webp\" \/>\n\t<meta property=\"og:image:width\" content=\"1500\" \/>\n\t<meta property=\"og:image:height\" content=\"1500\" \/>\n\t<meta property=\"og:image:type\" content=\"image\/webp\" \/>\n<meta name=\"twitter:card\" content=\"summary_large_image\" \/>\n<meta name=\"twitter:label1\" content=\"Est. reading time\" \/>\n\t<meta name=\"twitter:data1\" content=\"1 minut\u0117\" \/>\n<script type=\"application\/ld+json\" class=\"yoast-schema-graph\">{\"@context\":\"https:\/\/schema.org\",\"@graph\":[{\"@type\":\"WebPage\",\"@id\":\"https:\/\/gymfactory.eu\/lt\/produktas\/a4-reguliuojamas-suoliuko-presas\/\",\"url\":\"https:\/\/gymfactory.eu\/lt\/produktas\/a4-reguliuojamas-suoliuko-presas\/\",\"name\":\"A4 suoliuko presas - skirtas pasvirusiam suoliuko spaudimui ir plok\u0161\u010diam suoliuko spaudimui\",\"isPartOf\":{\"@id\":\"https:\/\/gymfactory.eu\/lt\/#website\"},\"primaryImageOfPage\":{\"@id\":\"https:\/\/gymfactory.eu\/lt\/produktas\/a4-reguliuojamas-suoliuko-presas\/#primaryimage\"},\"image\":{\"@id\":\"https:\/\/gymfactory.eu\/lt\/produktas\/a4-reguliuojamas-suoliuko-presas\/#primaryimage\"},\"thumbnailUrl\":\"https:\/\/gymfactory.eu\/wp-content\/uploads\/2025\/02\/bench-press-adjustable-station-1.webp\",\"datePublished\":\"2025-02-10T14:01:58+00:00\",\"dateModified\":\"2025-11-20T10:43:38+00:00\",\"description\":\"\u0160is presas yra geriausias treniruoklis namams - patvarus, universalus, atlaikantis iki 350 kg svor\u012f. Puikiai tinka kr\u016btin\u0117s ir vir\u0161utin\u0117s k\u016bno dalies treniruot\u0117ms.\",\"breadcrumb\":{\"@id\":\"https:\/\/gymfactory.eu\/lt\/produktas\/a4-reguliuojamas-suoliuko-presas\/#breadcrumb\"},\"inLanguage\":\"lt-LT\",\"potentialAction\":[{\"@type\":\"ReadAction\",\"target\":[\"https:\/\/gymfactory.eu\/lt\/produktas\/a4-reguliuojamas-suoliuko-presas\/\"]}]},{\"@type\":\"ImageObject\",\"inLanguage\":\"lt-LT\",\"@id\":\"https:\/\/gymfactory.eu\/lt\/produktas\/a4-reguliuojamas-suoliuko-presas\/#primaryimage\",\"url\":\"https:\/\/gymfactory.eu\/wp-content\/uploads\/2025\/02\/bench-press-adjustable-station-1.webp\",\"contentUrl\":\"https:\/\/gymfactory.eu\/wp-content\/uploads\/2025\/02\/bench-press-adjustable-station-1.webp\",\"width\":1500,\"height\":1500,\"caption\":\"Juoda spaudos stotel\u0117 su reguliuojamu atlo\u0161u, kur\u012f galima naudoti tiek plok\u0161\u010dioje, tiek pasvirusioje pad\u0117tyje. \u0160i treniruokli\u0173 sal\u0117s \u012franga kr\u016btinei turi tvirt\u0105 r\u0117m\u0105, daugyb\u0119 \u0161tangos auk\u0161\u010dio nustatym\u0173 ir svori\u0173 laikymo kai\u0161\u010di\u0173.\"},{\"@type\":\"BreadcrumbList\",\"@id\":\"https:\/\/gymfactory.eu\/lt\/produktas\/a4-reguliuojamas-suoliuko-presas\/#breadcrumb\",\"itemListElement\":[{\"@type\":\"ListItem\",\"position\":1,\"name\":\"Pagrindinis\",\"item\":\"https:\/\/gymfactory.eu\/lt\/\"},{\"@type\":\"ListItem\",\"position\":2,\"name\":\"Katalogas\",\"item\":\"https:\/\/gymfactory.eu\/lt\/katalogas\/\"},{\"@type\":\"ListItem\",\"position\":3,\"name\":\"A4 Reguliuojamas spaudimo suoliukas\"}]},{\"@type\":\"WebSite\",\"@id\":\"https:\/\/gymfactory.eu\/lt\/#website\",\"url\":\"https:\/\/gymfactory.eu\/lt\/\",\"name\":\"Gym Factory\",\"description\":\"\",\"publisher\":{\"@id\":\"https:\/\/gymfactory.eu\/lt\/#organization\"},\"potentialAction\":[{\"@type\":\"SearchAction\",\"target\":{\"@type\":\"EntryPoint\",\"urlTemplate\":\"https:\/\/gymfactory.eu\/lt\/?s={search_term_string}\"},\"query-input\":{\"@type\":\"PropertyValueSpecification\",\"valueRequired\":true,\"valueName\":\"search_term_string\"}}],\"inLanguage\":\"lt-LT\"},{\"@type\":\"Organization\",\"@id\":\"https:\/\/gymfactory.eu\/lt\/#organization\",\"name\":\"Sporto sal\u0117s gamykla\",\"url\":\"https:\/\/gymfactory.eu\/lt\/\",\"logo\":{\"@type\":\"ImageObject\",\"inLanguage\":\"lt-LT\",\"@id\":\"https:\/\/gymfactory.eu\/lt\/#\/schema\/logo\/image\/\",\"url\":\"https:\/\/gymfactory.eu\/wp-content\/uploads\/2024\/11\/Component-1.svg\",\"contentUrl\":\"https:\/\/gymfactory.eu\/wp-content\/uploads\/2024\/11\/Component-1.svg\",\"width\":54,\"height\":44,\"caption\":\"Sporto sal\u0117s gamykla\"},\"image\":{\"@id\":\"https:\/\/gymfactory.eu\/lt\/#\/schema\/logo\/image\/\"}}]}<\/script>\n<!-- \/ Yoast SEO plugin. -->","yoast_head_json":{"title":"A4 suoliuko presas - skirtas pasvirusiam suoliuko spaudimui ir plok\u0161\u010diam suoliuko spaudimui","description":"\u0160is presas yra geriausias treniruoklis namams - patvarus, universalus, atlaikantis iki 350 kg svor\u012f. Puikiai tinka kr\u016btin\u0117s ir vir\u0161utin\u0117s k\u016bno dalies treniruot\u0117ms.","robots":{"index":"index","follow":"follow","max-snippet":"max-snippet:-1","max-image-preview":"max-image-preview:large","max-video-preview":"max-video-preview:-1"},"canonical":"https:\/\/gymfactory.eu\/lt\/produktas\/a4-reguliuojamas-suoliuko-presas\/","og_locale":"lt_LT","og_type":"article","og_title":"A4 suoliuko presas - skirtas pasvirusiam suoliuko spaudimui ir plok\u0161\u010diam suoliuko spaudimui","og_description":"\u0160is presas yra geriausias treniruoklis namams - patvarus, universalus, atlaikantis iki 350 kg svor\u012f. Puikiai tinka kr\u016btin\u0117s ir vir\u0161utin\u0117s k\u016bno dalies treniruot\u0117ms.","og_url":"https:\/\/gymfactory.eu\/lt\/produktas\/a4-reguliuojamas-suoliuko-presas\/","og_site_name":"Gym Factory","article_modified_time":"2025-11-20T10:43:38+00:00","og_image":[{"width":1500,"height":1500,"url":"https:\/\/gymfactory.eu\/wp-content\/uploads\/2025\/02\/bench-press-adjustable-station-1.webp","type":"image\/webp"}],"twitter_card":"summary_large_image","twitter_misc":{"Est. reading time":"1 minut\u0117"},"schema":{"@context":"https:\/\/schema.org","@graph":[{"@type":"WebPage","@id":"https:\/\/gymfactory.eu\/lt\/produktas\/a4-reguliuojamas-suoliuko-presas\/","url":"https:\/\/gymfactory.eu\/lt\/produktas\/a4-reguliuojamas-suoliuko-presas\/","name":"A4 suoliuko presas - skirtas pasvirusiam suoliuko spaudimui ir plok\u0161\u010diam suoliuko spaudimui","isPartOf":{"@id":"https:\/\/gymfactory.eu\/lt\/#website"},"primaryImageOfPage":{"@id":"https:\/\/gymfactory.eu\/lt\/produktas\/a4-reguliuojamas-suoliuko-presas\/#primaryimage"},"image":{"@id":"https:\/\/gymfactory.eu\/lt\/produktas\/a4-reguliuojamas-suoliuko-presas\/#primaryimage"},"thumbnailUrl":"https:\/\/gymfactory.eu\/wp-content\/uploads\/2025\/02\/bench-press-adjustable-station-1.webp","datePublished":"2025-02-10T14:01:58+00:00","dateModified":"2025-11-20T10:43:38+00:00","description":"\u0160is presas yra geriausias treniruoklis namams - patvarus, universalus, atlaikantis iki 350 kg svor\u012f. Puikiai tinka kr\u016btin\u0117s ir vir\u0161utin\u0117s k\u016bno dalies treniruot\u0117ms.","breadcrumb":{"@id":"https:\/\/gymfactory.eu\/lt\/produktas\/a4-reguliuojamas-suoliuko-presas\/#breadcrumb"},"inLanguage":"lt-LT","potentialAction":[{"@type":"ReadAction","target":["https:\/\/gymfactory.eu\/lt\/produktas\/a4-reguliuojamas-suoliuko-presas\/"]}]},{"@type":"ImageObject","inLanguage":"lt-LT","@id":"https:\/\/gymfactory.eu\/lt\/produktas\/a4-reguliuojamas-suoliuko-presas\/#primaryimage","url":"https:\/\/gymfactory.eu\/wp-content\/uploads\/2025\/02\/bench-press-adjustable-station-1.webp","contentUrl":"https:\/\/gymfactory.eu\/wp-content\/uploads\/2025\/02\/bench-press-adjustable-station-1.webp","width":1500,"height":1500,"caption":"Juoda spaudos stotel\u0117 su reguliuojamu atlo\u0161u, kur\u012f galima naudoti tiek plok\u0161\u010dioje, tiek pasvirusioje pad\u0117tyje. \u0160i treniruokli\u0173 sal\u0117s \u012franga kr\u016btinei turi tvirt\u0105 r\u0117m\u0105, daugyb\u0119 \u0161tangos auk\u0161\u010dio nustatym\u0173 ir svori\u0173 laikymo kai\u0161\u010di\u0173."},{"@type":"BreadcrumbList","@id":"https:\/\/gymfactory.eu\/lt\/produktas\/a4-reguliuojamas-suoliuko-presas\/#breadcrumb","itemListElement":[{"@type":"ListItem","position":1,"name":"Pagrindinis","item":"https:\/\/gymfactory.eu\/lt\/"},{"@type":"ListItem","position":2,"name":"Katalogas","item":"https:\/\/gymfactory.eu\/lt\/katalogas\/"},{"@type":"ListItem","position":3,"name":"A4 Reguliuojamas spaudimo suoliukas"}]},{"@type":"WebSite","@id":"https:\/\/gymfactory.eu\/lt\/#website","url":"https:\/\/gymfactory.eu\/lt\/","name":"Gym Factory","description":"","publisher":{"@id":"https:\/\/gymfactory.eu\/lt\/#organization"},"potentialAction":[{"@type":"SearchAction","target":{"@type":"EntryPoint","urlTemplate":"https:\/\/gymfactory.eu\/lt\/?s={search_term_string}"},"query-input":{"@type":"PropertyValueSpecification","valueRequired":true,"valueName":"search_term_string"}}],"inLanguage":"lt-LT"},{"@type":"Organization","@id":"https:\/\/gymfactory.eu\/lt\/#organization","name":"Sporto sal\u0117s gamykla","url":"https:\/\/gymfactory.eu\/lt\/","logo":{"@type":"ImageObject","inLanguage":"lt-LT","@id":"https:\/\/gymfactory.eu\/lt\/#\/schema\/logo\/image\/","url":"https:\/\/gymfactory.eu\/wp-content\/uploads\/2024\/11\/Component-1.svg","contentUrl":"https:\/\/gymfactory.eu\/wp-content\/uploads\/2024\/11\/Component-1.svg","width":54,"height":44,"caption":"Sporto sal\u0117s gamykla"},"image":{"@id":"https:\/\/gymfactory.eu\/lt\/#\/schema\/logo\/image\/"}}]}},"_links":{"self":[{"href":"https:\/\/gymfactory.eu\/lt\/wp-json\/wp\/v2\/product\/10055","targetHints":{"allow":["GET"]}}],"collection":[{"href":"https:\/\/gymfactory.eu\/lt\/wp-json\/wp\/v2\/product"}],"about":[{"href":"https:\/\/gymfactory.eu\/lt\/wp-json\/wp\/v2\/types\/product"}],"wp:featuredmedia":[{"embeddable":true,"href":"https:\/\/gymfactory.eu\/lt\/wp-json\/wp\/v2\/media\/8834"}],"wp:attachment":[{"href":"https:\/\/gymfactory.eu\/lt\/wp-json\/wp\/v2\/media?parent=10055"}],"wp:term":[{"taxonomy":"product_brand","embeddable":true,"href":"https:\/\/gymfactory.eu\/lt\/wp-json\/wp\/v2\/product_brand?post=10055"},{"taxonomy":"product_cat","embeddable":true,"href":"https:\/\/gymfactory.eu\/lt\/wp-json\/wp\/v2\/product_cat?post=10055"},{"taxonomy":"product_tag","embeddable":true,"href":"https:\/\/gymfactory.eu\/lt\/wp-json\/wp\/v2\/product_tag?post=10055"}],"curies":[{"name":"wp","href":"https:\/\/api.w.org\/{rel}","templated":true}]}}