{"id":10052,"date":"2025-02-10T13:01:50","date_gmt":"2025-02-10T11:01:50","guid":{"rendered":"https:\/\/gymfactory.eu\/product\/e4-koju-kelimo-masina\/"},"modified":"2025-12-08T14:51:17","modified_gmt":"2025-12-08T12:51:17","slug":"e4-koju-kelimo-masina","status":"publish","type":"product","link":"https:\/\/gymfactory.eu\/lt\/produktas\/e4-koju-kelimo-masina\/","title":{"rendered":"E4 Koj\u0173 k\u0117limo treniruoklis presui"},"content":{"rendered":"<p>E4 koj\u0173 k\u0117limo treniruoklis presui \u2013 treniruo\u010di\u0173 \u012franga, skirta kontroliuojamiems pilvo preso stiprinimo pratimams, tokiems kaip koj\u0173 k\u0117limai. Puikiai tinka nam\u0173 treniruot\u0117ms, kur reikalinga stabili atrama ir taisyklinga k\u016bno pad\u0117tis.<\/p>\n<p>Ilgos \u0161onin\u0117s rankenos u\u017etikrina tvirt\u0105 sukibim\u0105 judesio metu, o reguliuojamo auk\u0161\u010dio p\u0117d\u0173 platforma leid\u017eia pritaikyti \u012frengin\u012f skirtingo \u016bgio naudotojams. Taip pat \u012frengtas tvirtinimo ta\u0161kas pasiprie\u0161inimo gumoms \u2013 intensyvesniam treniruot\u0117s variantui.<\/p>\n<p>Kompakti\u0161kas ir stabilus treniruoklis, sukurtas efektyviems koj\u0173 k\u0117limo pratimams pilvo preso treniruo\u010di\u0173 metu.<\/p>\n\n    <div class=\"xs_social_share_widget xs_share_url after_content \t\tmain_content  wslu-style-1 wslu-share-box-shaped wslu-fill-colored wslu-none wslu-share-horizontal wslu-theme-font-no wslu-main_content\">\n\n\t\t\n        <ul>\n\t\t\t        <\/ul>\n    <\/div> \n","protected":false},"excerpt":{"rendered":"<p>E4 koj\u0173 k\u0117limo treniruoklis presui \u2013 treniruo\u010di\u0173 \u012franga, skirta kontroliuojamiems pilvo preso stiprinimo pratimams, tokiems kaip koj\u0173 k\u0117limai. Puikiai tinka nam\u0173 treniruot\u0117ms, kur reikalinga stabili atrama ir taisyklinga k\u016bno pad\u0117tis. Ilgos \u0161onin\u0117s rankenos u\u017etikrina tvirt\u0105 sukibim\u0105 judesio metu, o reguliuojamo auk\u0161\u010dio p\u0117d\u0173 platforma leid\u017eia pritaikyti \u012frengin\u012f skirtingo \u016bgio naudotojams. Taip pat \u012frengtas tvirtinimo ta\u0161kas pasiprie\u0161inimo [&hellip;]<\/p>\n","protected":false},"featured_media":8909,"template":"","meta":{"_acf_changed":false},"product_brand":[817],"product_cat":[407],"product_tag":[],"class_list":{"0":"post-10052","1":"product","2":"type-product","3":"status-publish","4":"has-post-thumbnail","6":"product_brand-gym-factory-lt","7":"product_cat-kita-sporto-iranga","9":"first","10":"onbackorder","11":"taxable","12":"shipping-taxable","13":"purchasable","14":"product-type-variable","15":"has-default-attributes"},"acf":[],"yoast_head":"<!-- This site is optimized with the Yoast SEO plugin v25.2 - https:\/\/yoast.com\/wordpress\/plugins\/seo\/ -->\n<title>E4 koj\u0173 k\u0117limo ma\u0161ina - treniruokli\u0173 sal\u0117s ma\u0161ina j\u0117gos treniruot\u0117ms<\/title>\n<meta name=\"description\" content=\"Su koj\u0173 k\u0117limo ma\u0161ina stiprinkite pagrindin\u0119 ir apatin\u0119 k\u016bno dal\u012f. \u0160i svarbi j\u0117gos treniruo\u010di\u0173 \u012franga padeda efektyviai tonizuoti ir formuoti fig\u016br\u0105.\" \/>\n<meta name=\"robots\" content=\"index, follow, max-snippet:-1, max-image-preview:large, max-video-preview:-1\" \/>\n<link rel=\"canonical\" href=\"https:\/\/gymfactory.eu\/lt\/produktas\/e4-koju-kelimo-masina\/\" \/>\n<meta property=\"og:locale\" content=\"lt_LT\" \/>\n<meta property=\"og:type\" content=\"article\" \/>\n<meta property=\"og:title\" content=\"E4 koj\u0173 k\u0117limo ma\u0161ina - treniruokli\u0173 sal\u0117s ma\u0161ina j\u0117gos treniruot\u0117ms\" \/>\n<meta property=\"og:description\" content=\"Su koj\u0173 k\u0117limo ma\u0161ina stiprinkite pagrindin\u0119 ir apatin\u0119 k\u016bno dal\u012f. \u0160i svarbi j\u0117gos treniruo\u010di\u0173 \u012franga padeda efektyviai tonizuoti ir formuoti fig\u016br\u0105.\" \/>\n<meta property=\"og:url\" content=\"https:\/\/gymfactory.eu\/lt\/produktas\/e4-koju-kelimo-masina\/\" \/>\n<meta property=\"og:site_name\" content=\"Gym Factory\" \/>\n<meta property=\"article:modified_time\" content=\"2025-12-08T12:51:17+00:00\" \/>\n<meta property=\"og:image\" content=\"https:\/\/gymfactory.eu\/wp-content\/uploads\/2025\/02\/gym-machine-leg-raise-station-1.webp\" \/>\n\t<meta property=\"og:image:width\" content=\"1500\" \/>\n\t<meta property=\"og:image:height\" content=\"1500\" \/>\n\t<meta property=\"og:image:type\" content=\"image\/webp\" \/>\n<meta name=\"twitter:card\" content=\"summary_large_image\" \/>\n<meta name=\"twitter:label1\" content=\"Est. reading time\" \/>\n\t<meta name=\"twitter:data1\" content=\"1 minut\u0117\" \/>\n<script type=\"application\/ld+json\" class=\"yoast-schema-graph\">{\"@context\":\"https:\/\/schema.org\",\"@graph\":[{\"@type\":\"WebPage\",\"@id\":\"https:\/\/gymfactory.eu\/lt\/produktas\/e4-koju-kelimo-masina\/\",\"url\":\"https:\/\/gymfactory.eu\/lt\/produktas\/e4-koju-kelimo-masina\/\",\"name\":\"E4 koj\u0173 k\u0117limo ma\u0161ina - treniruokli\u0173 sal\u0117s ma\u0161ina j\u0117gos treniruot\u0117ms\",\"isPartOf\":{\"@id\":\"https:\/\/gymfactory.eu\/lt\/#website\"},\"primaryImageOfPage\":{\"@id\":\"https:\/\/gymfactory.eu\/lt\/produktas\/e4-koju-kelimo-masina\/#primaryimage\"},\"image\":{\"@id\":\"https:\/\/gymfactory.eu\/lt\/produktas\/e4-koju-kelimo-masina\/#primaryimage\"},\"thumbnailUrl\":\"https:\/\/gymfactory.eu\/wp-content\/uploads\/2025\/02\/gym-machine-leg-raise-station-1.webp\",\"datePublished\":\"2025-02-10T11:01:50+00:00\",\"dateModified\":\"2025-12-08T12:51:17+00:00\",\"description\":\"Su koj\u0173 k\u0117limo ma\u0161ina stiprinkite pagrindin\u0119 ir apatin\u0119 k\u016bno dal\u012f. \u0160i svarbi j\u0117gos treniruo\u010di\u0173 \u012franga padeda efektyviai tonizuoti ir formuoti fig\u016br\u0105.\",\"breadcrumb\":{\"@id\":\"https:\/\/gymfactory.eu\/lt\/produktas\/e4-koju-kelimo-masina\/#breadcrumb\"},\"inLanguage\":\"lt-LT\",\"potentialAction\":[{\"@type\":\"ReadAction\",\"target\":[\"https:\/\/gymfactory.eu\/lt\/produktas\/e4-koju-kelimo-masina\/\"]}]},{\"@type\":\"ImageObject\",\"inLanguage\":\"lt-LT\",\"@id\":\"https:\/\/gymfactory.eu\/lt\/produktas\/e4-koju-kelimo-masina\/#primaryimage\",\"url\":\"https:\/\/gymfactory.eu\/wp-content\/uploads\/2025\/02\/gym-machine-leg-raise-station-1.webp\",\"contentUrl\":\"https:\/\/gymfactory.eu\/wp-content\/uploads\/2025\/02\/gym-machine-leg-raise-station-1.webp\",\"width\":1500,\"height\":1500,\"caption\":\"Tvirtas treniruoklis, skirtas koj\u0173 k\u0117limo pratimams atlikti. Jis turi balt\u0105 metalin\u012f r\u0117m\u0105, juod\u0105 pamink\u0161tint\u0105 atlo\u0161\u0105 ir dvi kampines rankenas. Koj\u0173 platformos ir reguliuojami mechanizmai u\u017etikrina saugi\u0105 ir veiksming\u0105 apatin\u0117s k\u016bno dalies treniruot\u0119.\"},{\"@type\":\"BreadcrumbList\",\"@id\":\"https:\/\/gymfactory.eu\/lt\/produktas\/e4-koju-kelimo-masina\/#breadcrumb\",\"itemListElement\":[{\"@type\":\"ListItem\",\"position\":1,\"name\":\"Pagrindinis\",\"item\":\"https:\/\/gymfactory.eu\/lt\/\"},{\"@type\":\"ListItem\",\"position\":2,\"name\":\"Katalogas\",\"item\":\"https:\/\/gymfactory.eu\/lt\/katalogas\/\"},{\"@type\":\"ListItem\",\"position\":3,\"name\":\"E4 Koj\u0173 k\u0117limo treniruoklis presui\"}]},{\"@type\":\"WebSite\",\"@id\":\"https:\/\/gymfactory.eu\/lt\/#website\",\"url\":\"https:\/\/gymfactory.eu\/lt\/\",\"name\":\"Gym Factory\",\"description\":\"\",\"publisher\":{\"@id\":\"https:\/\/gymfactory.eu\/lt\/#organization\"},\"potentialAction\":[{\"@type\":\"SearchAction\",\"target\":{\"@type\":\"EntryPoint\",\"urlTemplate\":\"https:\/\/gymfactory.eu\/lt\/?s={search_term_string}\"},\"query-input\":{\"@type\":\"PropertyValueSpecification\",\"valueRequired\":true,\"valueName\":\"search_term_string\"}}],\"inLanguage\":\"lt-LT\"},{\"@type\":\"Organization\",\"@id\":\"https:\/\/gymfactory.eu\/lt\/#organization\",\"name\":\"Sporto sal\u0117s gamykla\",\"url\":\"https:\/\/gymfactory.eu\/lt\/\",\"logo\":{\"@type\":\"ImageObject\",\"inLanguage\":\"lt-LT\",\"@id\":\"https:\/\/gymfactory.eu\/lt\/#\/schema\/logo\/image\/\",\"url\":\"https:\/\/gymfactory.eu\/wp-content\/uploads\/2024\/11\/Component-1.svg\",\"contentUrl\":\"https:\/\/gymfactory.eu\/wp-content\/uploads\/2024\/11\/Component-1.svg\",\"width\":54,\"height\":44,\"caption\":\"Sporto sal\u0117s gamykla\"},\"image\":{\"@id\":\"https:\/\/gymfactory.eu\/lt\/#\/schema\/logo\/image\/\"}}]}<\/script>\n<!-- \/ Yoast SEO plugin. -->","yoast_head_json":{"title":"E4 koj\u0173 k\u0117limo ma\u0161ina - treniruokli\u0173 sal\u0117s ma\u0161ina j\u0117gos treniruot\u0117ms","description":"Su koj\u0173 k\u0117limo ma\u0161ina stiprinkite pagrindin\u0119 ir apatin\u0119 k\u016bno dal\u012f. \u0160i svarbi j\u0117gos treniruo\u010di\u0173 \u012franga padeda efektyviai tonizuoti ir formuoti fig\u016br\u0105.","robots":{"index":"index","follow":"follow","max-snippet":"max-snippet:-1","max-image-preview":"max-image-preview:large","max-video-preview":"max-video-preview:-1"},"canonical":"https:\/\/gymfactory.eu\/lt\/produktas\/e4-koju-kelimo-masina\/","og_locale":"lt_LT","og_type":"article","og_title":"E4 koj\u0173 k\u0117limo ma\u0161ina - treniruokli\u0173 sal\u0117s ma\u0161ina j\u0117gos treniruot\u0117ms","og_description":"Su koj\u0173 k\u0117limo ma\u0161ina stiprinkite pagrindin\u0119 ir apatin\u0119 k\u016bno dal\u012f. \u0160i svarbi j\u0117gos treniruo\u010di\u0173 \u012franga padeda efektyviai tonizuoti ir formuoti fig\u016br\u0105.","og_url":"https:\/\/gymfactory.eu\/lt\/produktas\/e4-koju-kelimo-masina\/","og_site_name":"Gym Factory","article_modified_time":"2025-12-08T12:51:17+00:00","og_image":[{"width":1500,"height":1500,"url":"https:\/\/gymfactory.eu\/wp-content\/uploads\/2025\/02\/gym-machine-leg-raise-station-1.webp","type":"image\/webp"}],"twitter_card":"summary_large_image","twitter_misc":{"Est. reading time":"1 minut\u0117"},"schema":{"@context":"https:\/\/schema.org","@graph":[{"@type":"WebPage","@id":"https:\/\/gymfactory.eu\/lt\/produktas\/e4-koju-kelimo-masina\/","url":"https:\/\/gymfactory.eu\/lt\/produktas\/e4-koju-kelimo-masina\/","name":"E4 koj\u0173 k\u0117limo ma\u0161ina - treniruokli\u0173 sal\u0117s ma\u0161ina j\u0117gos treniruot\u0117ms","isPartOf":{"@id":"https:\/\/gymfactory.eu\/lt\/#website"},"primaryImageOfPage":{"@id":"https:\/\/gymfactory.eu\/lt\/produktas\/e4-koju-kelimo-masina\/#primaryimage"},"image":{"@id":"https:\/\/gymfactory.eu\/lt\/produktas\/e4-koju-kelimo-masina\/#primaryimage"},"thumbnailUrl":"https:\/\/gymfactory.eu\/wp-content\/uploads\/2025\/02\/gym-machine-leg-raise-station-1.webp","datePublished":"2025-02-10T11:01:50+00:00","dateModified":"2025-12-08T12:51:17+00:00","description":"Su koj\u0173 k\u0117limo ma\u0161ina stiprinkite pagrindin\u0119 ir apatin\u0119 k\u016bno dal\u012f. \u0160i svarbi j\u0117gos treniruo\u010di\u0173 \u012franga padeda efektyviai tonizuoti ir formuoti fig\u016br\u0105.","breadcrumb":{"@id":"https:\/\/gymfactory.eu\/lt\/produktas\/e4-koju-kelimo-masina\/#breadcrumb"},"inLanguage":"lt-LT","potentialAction":[{"@type":"ReadAction","target":["https:\/\/gymfactory.eu\/lt\/produktas\/e4-koju-kelimo-masina\/"]}]},{"@type":"ImageObject","inLanguage":"lt-LT","@id":"https:\/\/gymfactory.eu\/lt\/produktas\/e4-koju-kelimo-masina\/#primaryimage","url":"https:\/\/gymfactory.eu\/wp-content\/uploads\/2025\/02\/gym-machine-leg-raise-station-1.webp","contentUrl":"https:\/\/gymfactory.eu\/wp-content\/uploads\/2025\/02\/gym-machine-leg-raise-station-1.webp","width":1500,"height":1500,"caption":"Tvirtas treniruoklis, skirtas koj\u0173 k\u0117limo pratimams atlikti. Jis turi balt\u0105 metalin\u012f r\u0117m\u0105, juod\u0105 pamink\u0161tint\u0105 atlo\u0161\u0105 ir dvi kampines rankenas. Koj\u0173 platformos ir reguliuojami mechanizmai u\u017etikrina saugi\u0105 ir veiksming\u0105 apatin\u0117s k\u016bno dalies treniruot\u0119."},{"@type":"BreadcrumbList","@id":"https:\/\/gymfactory.eu\/lt\/produktas\/e4-koju-kelimo-masina\/#breadcrumb","itemListElement":[{"@type":"ListItem","position":1,"name":"Pagrindinis","item":"https:\/\/gymfactory.eu\/lt\/"},{"@type":"ListItem","position":2,"name":"Katalogas","item":"https:\/\/gymfactory.eu\/lt\/katalogas\/"},{"@type":"ListItem","position":3,"name":"E4 Koj\u0173 k\u0117limo treniruoklis presui"}]},{"@type":"WebSite","@id":"https:\/\/gymfactory.eu\/lt\/#website","url":"https:\/\/gymfactory.eu\/lt\/","name":"Gym Factory","description":"","publisher":{"@id":"https:\/\/gymfactory.eu\/lt\/#organization"},"potentialAction":[{"@type":"SearchAction","target":{"@type":"EntryPoint","urlTemplate":"https:\/\/gymfactory.eu\/lt\/?s={search_term_string}"},"query-input":{"@type":"PropertyValueSpecification","valueRequired":true,"valueName":"search_term_string"}}],"inLanguage":"lt-LT"},{"@type":"Organization","@id":"https:\/\/gymfactory.eu\/lt\/#organization","name":"Sporto sal\u0117s gamykla","url":"https:\/\/gymfactory.eu\/lt\/","logo":{"@type":"ImageObject","inLanguage":"lt-LT","@id":"https:\/\/gymfactory.eu\/lt\/#\/schema\/logo\/image\/","url":"https:\/\/gymfactory.eu\/wp-content\/uploads\/2024\/11\/Component-1.svg","contentUrl":"https:\/\/gymfactory.eu\/wp-content\/uploads\/2024\/11\/Component-1.svg","width":54,"height":44,"caption":"Sporto sal\u0117s gamykla"},"image":{"@id":"https:\/\/gymfactory.eu\/lt\/#\/schema\/logo\/image\/"}}]}},"_links":{"self":[{"href":"https:\/\/gymfactory.eu\/lt\/wp-json\/wp\/v2\/product\/10052","targetHints":{"allow":["GET"]}}],"collection":[{"href":"https:\/\/gymfactory.eu\/lt\/wp-json\/wp\/v2\/product"}],"about":[{"href":"https:\/\/gymfactory.eu\/lt\/wp-json\/wp\/v2\/types\/product"}],"wp:featuredmedia":[{"embeddable":true,"href":"https:\/\/gymfactory.eu\/lt\/wp-json\/wp\/v2\/media\/8909"}],"wp:attachment":[{"href":"https:\/\/gymfactory.eu\/lt\/wp-json\/wp\/v2\/media?parent=10052"}],"wp:term":[{"taxonomy":"product_brand","embeddable":true,"href":"https:\/\/gymfactory.eu\/lt\/wp-json\/wp\/v2\/product_brand?post=10052"},{"taxonomy":"product_cat","embeddable":true,"href":"https:\/\/gymfactory.eu\/lt\/wp-json\/wp\/v2\/product_cat?post=10052"},{"taxonomy":"product_tag","embeddable":true,"href":"https:\/\/gymfactory.eu\/lt\/wp-json\/wp\/v2\/product_tag?post=10052"}],"curies":[{"name":"wp","href":"https:\/\/api.w.org\/{rel}","templated":true}]}}