{"id":10041,"date":"2025-02-10T15:20:03","date_gmt":"2025-02-10T13:20:03","guid":{"rendered":"https:\/\/gymfactory.eu\/product\/a2-olimpinis-pasvires-suoliuko-spaudimas\/"},"modified":"2025-11-20T12:10:41","modified_gmt":"2025-11-20T10:10:41","slug":"a2-olimpinis-pasvires-suoliuko-spaudimas","status":"publish","type":"product","link":"https:\/\/gymfactory.eu\/lt\/produktas\/a2-olimpinis-pasvires-suoliuko-spaudimas\/","title":{"rendered":"A2 Spaudimo suoliukas kampu"},"content":{"rendered":"<p>A2 spaudimo suoliukas kampu \u2013 stabilus suoliukas, skirtas vir\u0161utin\u0117s kr\u016btin\u0117s raumen\u0173 treniravimui su \u0161tanga. Tinka tiek nam\u0173 sporto zonoms, tiek profesionalioms sal\u0117ms, kur atliekamos kryptingos j\u0117gos treniruot\u0117s.<\/p>\n<p>Suoliukas turi kelias \u0161tangos pad\u0117jimo pozicijas, tod\u0117l patogu prisitaikyti prie skirtingo \u016bgio. Reguliuojamas s\u0117dyn\u0117s auk\u0161tis padeda rasti patogiausi\u0105 spaudimo ta\u0161k\u0105.<\/p>\n<p>Patikimas pasirinkimas norint kryptingai lavinti vir\u0161utin\u0119 kr\u016btin\u0117s dal\u012f treniruot\u0117se su laisvaisiais svoriais.<\/p>\n\n    <div class=\"xs_social_share_widget xs_share_url after_content \t\tmain_content  wslu-style-1 wslu-share-box-shaped wslu-fill-colored wslu-none wslu-share-horizontal wslu-theme-font-no wslu-main_content\">\n\n\t\t\n        <ul>\n\t\t\t        <\/ul>\n    <\/div> \n","protected":false},"excerpt":{"rendered":"<p>A2 spaudimo suoliukas kampu \u2013 stabilus suoliukas, skirtas vir\u0161utin\u0117s kr\u016btin\u0117s raumen\u0173 treniravimui su \u0161tanga. Tinka tiek nam\u0173 sporto zonoms, tiek profesionalioms sal\u0117ms, kur atliekamos kryptingos j\u0117gos treniruot\u0117s. Suoliukas turi kelias \u0161tangos pad\u0117jimo pozicijas, tod\u0117l patogu prisitaikyti prie skirtingo \u016bgio. Reguliuojamas s\u0117dyn\u0117s auk\u0161tis padeda rasti patogiausi\u0105 spaudimo ta\u0161k\u0105. Patikimas pasirinkimas norint kryptingai lavinti vir\u0161utin\u0119 kr\u016btin\u0117s dal\u012f [&hellip;]<\/p>\n","protected":false},"featured_media":9081,"template":"","meta":{"_acf_changed":false},"product_brand":[817],"product_cat":[437],"product_tag":[],"class_list":{"0":"post-10041","1":"product","2":"type-product","3":"status-publish","4":"has-post-thumbnail","6":"product_brand-gym-factory-lt","7":"product_cat-treniruociu-suolai","9":"first","10":"onbackorder","11":"taxable","12":"shipping-taxable","13":"purchasable","14":"product-type-variable","15":"has-default-attributes"},"acf":[],"yoast_head":"<!-- This site is optimized with the Yoast SEO plugin v25.2 - https:\/\/yoast.com\/wordpress\/plugins\/seo\/ -->\n<title>&quot;A2 Incline Bench Press&quot; - nam\u0173 sporto sal\u0117ms ir komerciniam naudojimui<\/title>\n<meta name=\"description\" content=\"Nuo\u017eulnus suoliukas, gera nam\u0173 treniruokli\u0173 sal\u0117s \u012franga, skirta \u012fvairioms vir\u0161utin\u0117s k\u016bno dalies treniruot\u0117ms. Reguliuojamas, tvirtas, skirtas kr\u016btinei ir pe\u010diams. Atlaiko iki 350 kg svor\u012f.\" \/>\n<meta name=\"robots\" content=\"index, follow, max-snippet:-1, max-image-preview:large, max-video-preview:-1\" \/>\n<link rel=\"canonical\" href=\"https:\/\/gymfactory.eu\/lt\/produktas\/a2-olimpinis-pasvires-suoliuko-spaudimas\/\" \/>\n<meta property=\"og:locale\" content=\"lt_LT\" \/>\n<meta property=\"og:type\" content=\"article\" \/>\n<meta property=\"og:title\" content=\"&quot;A2 Incline Bench Press&quot; - nam\u0173 sporto sal\u0117ms ir komerciniam naudojimui\" \/>\n<meta property=\"og:description\" content=\"Nuo\u017eulnus suoliukas, gera nam\u0173 treniruokli\u0173 sal\u0117s \u012franga, skirta \u012fvairioms vir\u0161utin\u0117s k\u016bno dalies treniruot\u0117ms. Reguliuojamas, tvirtas, skirtas kr\u016btinei ir pe\u010diams. Atlaiko iki 350 kg svor\u012f.\" \/>\n<meta property=\"og:url\" content=\"https:\/\/gymfactory.eu\/lt\/produktas\/a2-olimpinis-pasvires-suoliuko-spaudimas\/\" \/>\n<meta property=\"og:site_name\" content=\"Gym Factory\" \/>\n<meta property=\"article:modified_time\" content=\"2025-11-20T10:10:41+00:00\" \/>\n<meta property=\"og:image\" content=\"https:\/\/gymfactory.eu\/wp-content\/uploads\/2025\/02\/bench-press-incline-station-1-1.webp\" \/>\n\t<meta property=\"og:image:width\" content=\"1500\" \/>\n\t<meta property=\"og:image:height\" content=\"1500\" \/>\n\t<meta property=\"og:image:type\" content=\"image\/webp\" \/>\n<meta name=\"twitter:card\" content=\"summary_large_image\" \/>\n<meta name=\"twitter:label1\" content=\"Est. reading time\" \/>\n\t<meta name=\"twitter:data1\" content=\"1 minut\u0117\" \/>\n<script type=\"application\/ld+json\" class=\"yoast-schema-graph\">{\"@context\":\"https:\/\/schema.org\",\"@graph\":[{\"@type\":\"WebPage\",\"@id\":\"https:\/\/gymfactory.eu\/lt\/produktas\/a2-olimpinis-pasvires-suoliuko-spaudimas\/\",\"url\":\"https:\/\/gymfactory.eu\/lt\/produktas\/a2-olimpinis-pasvires-suoliuko-spaudimas\/\",\"name\":\"\\\"A2 Incline Bench Press\\\" - nam\u0173 sporto sal\u0117ms ir komerciniam naudojimui\",\"isPartOf\":{\"@id\":\"https:\/\/gymfactory.eu\/lt\/#website\"},\"primaryImageOfPage\":{\"@id\":\"https:\/\/gymfactory.eu\/lt\/produktas\/a2-olimpinis-pasvires-suoliuko-spaudimas\/#primaryimage\"},\"image\":{\"@id\":\"https:\/\/gymfactory.eu\/lt\/produktas\/a2-olimpinis-pasvires-suoliuko-spaudimas\/#primaryimage\"},\"thumbnailUrl\":\"https:\/\/gymfactory.eu\/wp-content\/uploads\/2025\/02\/bench-press-incline-station-1-1.webp\",\"datePublished\":\"2025-02-10T13:20:03+00:00\",\"dateModified\":\"2025-11-20T10:10:41+00:00\",\"description\":\"Nuo\u017eulnus suoliukas, gera nam\u0173 treniruokli\u0173 sal\u0117s \u012franga, skirta \u012fvairioms vir\u0161utin\u0117s k\u016bno dalies treniruot\u0117ms. Reguliuojamas, tvirtas, skirtas kr\u016btinei ir pe\u010diams. Atlaiko iki 350 kg svor\u012f.\",\"breadcrumb\":{\"@id\":\"https:\/\/gymfactory.eu\/lt\/produktas\/a2-olimpinis-pasvires-suoliuko-spaudimas\/#breadcrumb\"},\"inLanguage\":\"lt-LT\",\"potentialAction\":[{\"@type\":\"ReadAction\",\"target\":[\"https:\/\/gymfactory.eu\/lt\/produktas\/a2-olimpinis-pasvires-suoliuko-spaudimas\/\"]}]},{\"@type\":\"ImageObject\",\"inLanguage\":\"lt-LT\",\"@id\":\"https:\/\/gymfactory.eu\/lt\/produktas\/a2-olimpinis-pasvires-suoliuko-spaudimas\/#primaryimage\",\"url\":\"https:\/\/gymfactory.eu\/wp-content\/uploads\/2025\/02\/bench-press-incline-station-1-1.webp\",\"contentUrl\":\"https:\/\/gymfactory.eu\/wp-content\/uploads\/2025\/02\/bench-press-incline-station-1-1.webp\",\"width\":1500,\"height\":1500,\"caption\":\"Nuolydinio suoliuko su tvirtu plieniniu r\u0117mu, reguliuojama s\u0117dyne ir papildomam atramos elementui skirta p\u0117d\u0173 vieta. \u0160i treniruokli\u0173 sal\u0117s \u012franga kr\u016btinei puikiai tinka vir\u0161utin\u0117s k\u016bno dalies j\u0117gai gerinti ir raumenims auginti.\"},{\"@type\":\"BreadcrumbList\",\"@id\":\"https:\/\/gymfactory.eu\/lt\/produktas\/a2-olimpinis-pasvires-suoliuko-spaudimas\/#breadcrumb\",\"itemListElement\":[{\"@type\":\"ListItem\",\"position\":1,\"name\":\"Pagrindinis\",\"item\":\"https:\/\/gymfactory.eu\/lt\/\"},{\"@type\":\"ListItem\",\"position\":2,\"name\":\"Katalogas\",\"item\":\"https:\/\/gymfactory.eu\/lt\/katalogas\/\"},{\"@type\":\"ListItem\",\"position\":3,\"name\":\"A2 Spaudimo suoliukas kampu\"}]},{\"@type\":\"WebSite\",\"@id\":\"https:\/\/gymfactory.eu\/lt\/#website\",\"url\":\"https:\/\/gymfactory.eu\/lt\/\",\"name\":\"Gym Factory\",\"description\":\"\",\"publisher\":{\"@id\":\"https:\/\/gymfactory.eu\/lt\/#organization\"},\"potentialAction\":[{\"@type\":\"SearchAction\",\"target\":{\"@type\":\"EntryPoint\",\"urlTemplate\":\"https:\/\/gymfactory.eu\/lt\/?s={search_term_string}\"},\"query-input\":{\"@type\":\"PropertyValueSpecification\",\"valueRequired\":true,\"valueName\":\"search_term_string\"}}],\"inLanguage\":\"lt-LT\"},{\"@type\":\"Organization\",\"@id\":\"https:\/\/gymfactory.eu\/lt\/#organization\",\"name\":\"Sporto sal\u0117s gamykla\",\"url\":\"https:\/\/gymfactory.eu\/lt\/\",\"logo\":{\"@type\":\"ImageObject\",\"inLanguage\":\"lt-LT\",\"@id\":\"https:\/\/gymfactory.eu\/lt\/#\/schema\/logo\/image\/\",\"url\":\"https:\/\/gymfactory.eu\/wp-content\/uploads\/2024\/11\/Component-1.svg\",\"contentUrl\":\"https:\/\/gymfactory.eu\/wp-content\/uploads\/2024\/11\/Component-1.svg\",\"width\":54,\"height\":44,\"caption\":\"Sporto sal\u0117s gamykla\"},\"image\":{\"@id\":\"https:\/\/gymfactory.eu\/lt\/#\/schema\/logo\/image\/\"}}]}<\/script>\n<!-- \/ Yoast SEO plugin. -->","yoast_head_json":{"title":"\"A2 Incline Bench Press\" - nam\u0173 sporto sal\u0117ms ir komerciniam naudojimui","description":"Nuo\u017eulnus suoliukas, gera nam\u0173 treniruokli\u0173 sal\u0117s \u012franga, skirta \u012fvairioms vir\u0161utin\u0117s k\u016bno dalies treniruot\u0117ms. Reguliuojamas, tvirtas, skirtas kr\u016btinei ir pe\u010diams. Atlaiko iki 350 kg svor\u012f.","robots":{"index":"index","follow":"follow","max-snippet":"max-snippet:-1","max-image-preview":"max-image-preview:large","max-video-preview":"max-video-preview:-1"},"canonical":"https:\/\/gymfactory.eu\/lt\/produktas\/a2-olimpinis-pasvires-suoliuko-spaudimas\/","og_locale":"lt_LT","og_type":"article","og_title":"\"A2 Incline Bench Press\" - nam\u0173 sporto sal\u0117ms ir komerciniam naudojimui","og_description":"Nuo\u017eulnus suoliukas, gera nam\u0173 treniruokli\u0173 sal\u0117s \u012franga, skirta \u012fvairioms vir\u0161utin\u0117s k\u016bno dalies treniruot\u0117ms. Reguliuojamas, tvirtas, skirtas kr\u016btinei ir pe\u010diams. Atlaiko iki 350 kg svor\u012f.","og_url":"https:\/\/gymfactory.eu\/lt\/produktas\/a2-olimpinis-pasvires-suoliuko-spaudimas\/","og_site_name":"Gym Factory","article_modified_time":"2025-11-20T10:10:41+00:00","og_image":[{"width":1500,"height":1500,"url":"https:\/\/gymfactory.eu\/wp-content\/uploads\/2025\/02\/bench-press-incline-station-1-1.webp","type":"image\/webp"}],"twitter_card":"summary_large_image","twitter_misc":{"Est. reading time":"1 minut\u0117"},"schema":{"@context":"https:\/\/schema.org","@graph":[{"@type":"WebPage","@id":"https:\/\/gymfactory.eu\/lt\/produktas\/a2-olimpinis-pasvires-suoliuko-spaudimas\/","url":"https:\/\/gymfactory.eu\/lt\/produktas\/a2-olimpinis-pasvires-suoliuko-spaudimas\/","name":"\"A2 Incline Bench Press\" - nam\u0173 sporto sal\u0117ms ir komerciniam naudojimui","isPartOf":{"@id":"https:\/\/gymfactory.eu\/lt\/#website"},"primaryImageOfPage":{"@id":"https:\/\/gymfactory.eu\/lt\/produktas\/a2-olimpinis-pasvires-suoliuko-spaudimas\/#primaryimage"},"image":{"@id":"https:\/\/gymfactory.eu\/lt\/produktas\/a2-olimpinis-pasvires-suoliuko-spaudimas\/#primaryimage"},"thumbnailUrl":"https:\/\/gymfactory.eu\/wp-content\/uploads\/2025\/02\/bench-press-incline-station-1-1.webp","datePublished":"2025-02-10T13:20:03+00:00","dateModified":"2025-11-20T10:10:41+00:00","description":"Nuo\u017eulnus suoliukas, gera nam\u0173 treniruokli\u0173 sal\u0117s \u012franga, skirta \u012fvairioms vir\u0161utin\u0117s k\u016bno dalies treniruot\u0117ms. Reguliuojamas, tvirtas, skirtas kr\u016btinei ir pe\u010diams. Atlaiko iki 350 kg svor\u012f.","breadcrumb":{"@id":"https:\/\/gymfactory.eu\/lt\/produktas\/a2-olimpinis-pasvires-suoliuko-spaudimas\/#breadcrumb"},"inLanguage":"lt-LT","potentialAction":[{"@type":"ReadAction","target":["https:\/\/gymfactory.eu\/lt\/produktas\/a2-olimpinis-pasvires-suoliuko-spaudimas\/"]}]},{"@type":"ImageObject","inLanguage":"lt-LT","@id":"https:\/\/gymfactory.eu\/lt\/produktas\/a2-olimpinis-pasvires-suoliuko-spaudimas\/#primaryimage","url":"https:\/\/gymfactory.eu\/wp-content\/uploads\/2025\/02\/bench-press-incline-station-1-1.webp","contentUrl":"https:\/\/gymfactory.eu\/wp-content\/uploads\/2025\/02\/bench-press-incline-station-1-1.webp","width":1500,"height":1500,"caption":"Nuolydinio suoliuko su tvirtu plieniniu r\u0117mu, reguliuojama s\u0117dyne ir papildomam atramos elementui skirta p\u0117d\u0173 vieta. \u0160i treniruokli\u0173 sal\u0117s \u012franga kr\u016btinei puikiai tinka vir\u0161utin\u0117s k\u016bno dalies j\u0117gai gerinti ir raumenims auginti."},{"@type":"BreadcrumbList","@id":"https:\/\/gymfactory.eu\/lt\/produktas\/a2-olimpinis-pasvires-suoliuko-spaudimas\/#breadcrumb","itemListElement":[{"@type":"ListItem","position":1,"name":"Pagrindinis","item":"https:\/\/gymfactory.eu\/lt\/"},{"@type":"ListItem","position":2,"name":"Katalogas","item":"https:\/\/gymfactory.eu\/lt\/katalogas\/"},{"@type":"ListItem","position":3,"name":"A2 Spaudimo suoliukas kampu"}]},{"@type":"WebSite","@id":"https:\/\/gymfactory.eu\/lt\/#website","url":"https:\/\/gymfactory.eu\/lt\/","name":"Gym Factory","description":"","publisher":{"@id":"https:\/\/gymfactory.eu\/lt\/#organization"},"potentialAction":[{"@type":"SearchAction","target":{"@type":"EntryPoint","urlTemplate":"https:\/\/gymfactory.eu\/lt\/?s={search_term_string}"},"query-input":{"@type":"PropertyValueSpecification","valueRequired":true,"valueName":"search_term_string"}}],"inLanguage":"lt-LT"},{"@type":"Organization","@id":"https:\/\/gymfactory.eu\/lt\/#organization","name":"Sporto sal\u0117s gamykla","url":"https:\/\/gymfactory.eu\/lt\/","logo":{"@type":"ImageObject","inLanguage":"lt-LT","@id":"https:\/\/gymfactory.eu\/lt\/#\/schema\/logo\/image\/","url":"https:\/\/gymfactory.eu\/wp-content\/uploads\/2024\/11\/Component-1.svg","contentUrl":"https:\/\/gymfactory.eu\/wp-content\/uploads\/2024\/11\/Component-1.svg","width":54,"height":44,"caption":"Sporto sal\u0117s gamykla"},"image":{"@id":"https:\/\/gymfactory.eu\/lt\/#\/schema\/logo\/image\/"}}]}},"_links":{"self":[{"href":"https:\/\/gymfactory.eu\/lt\/wp-json\/wp\/v2\/product\/10041","targetHints":{"allow":["GET"]}}],"collection":[{"href":"https:\/\/gymfactory.eu\/lt\/wp-json\/wp\/v2\/product"}],"about":[{"href":"https:\/\/gymfactory.eu\/lt\/wp-json\/wp\/v2\/types\/product"}],"wp:featuredmedia":[{"embeddable":true,"href":"https:\/\/gymfactory.eu\/lt\/wp-json\/wp\/v2\/media\/9081"}],"wp:attachment":[{"href":"https:\/\/gymfactory.eu\/lt\/wp-json\/wp\/v2\/media?parent=10041"}],"wp:term":[{"taxonomy":"product_brand","embeddable":true,"href":"https:\/\/gymfactory.eu\/lt\/wp-json\/wp\/v2\/product_brand?post=10041"},{"taxonomy":"product_cat","embeddable":true,"href":"https:\/\/gymfactory.eu\/lt\/wp-json\/wp\/v2\/product_cat?post=10041"},{"taxonomy":"product_tag","embeddable":true,"href":"https:\/\/gymfactory.eu\/lt\/wp-json\/wp\/v2\/product_tag?post=10041"}],"curies":[{"name":"wp","href":"https:\/\/api.w.org\/{rel}","templated":true}]}}