{"id":10037,"date":"2025-02-10T15:10:32","date_gmt":"2025-02-10T13:10:32","guid":{"rendered":"https:\/\/gymfactory.eu\/product\/a1x-olimpinis-plokscias-suoliuko-presas\/"},"modified":"2025-12-03T12:38:33","modified_gmt":"2025-12-03T10:38:33","slug":"a1x-olimpinis-plokscias-suoliuko-presas","status":"publish","type":"product","link":"https:\/\/gymfactory.eu\/lt\/produktas\/a1x-olimpinis-plokscias-suoliuko-presas\/","title":{"rendered":"A1X Olimpinis spaudimo suoliukas"},"content":{"rendered":"<p>A1X olimpinis spaudimo suoliukas \u2013 stabilus treniruo\u010di\u0173 \u012frenginys, skirtas kryptingam kr\u016btin\u0117s j\u0117gos lavinimui. Patikimas pasirinkimas tiek nam\u0173 treniruo\u010di\u0173 erdv\u0117ms, tiek profesionalioms sporto sal\u0117ms.<\/p>\n<p>Suoliukas turi reguliuojam\u0105 startin\u0119 pad\u0117t\u012f \u2013 tai leid\u017eia prisitaikyti prie skirtingo \u016bgio naudotoj\u0173. Galin\u0117je dalyje integruota platforma padeda treneriui u\u017etikrinti saugi\u0105 pagalb\u0105 atliekant pakartojimus su didesniu svoriu.<\/p>\n<p>\u0160is sprendimas sukurtas efektyvioms \u0161tangos spaudimo treniruot\u0117ms su laisvaisiais svoriais, padedantis auginti vir\u0161utin\u0117s k\u016bno dalies j\u0117g\u0105.<\/p>\n\n    <div class=\"xs_social_share_widget xs_share_url after_content \t\tmain_content  wslu-style-1 wslu-share-box-shaped wslu-fill-colored wslu-none wslu-share-horizontal wslu-theme-font-no wslu-main_content\">\n\n\t\t\n        <ul>\n\t\t\t        <\/ul>\n    <\/div> \n","protected":false},"excerpt":{"rendered":"<p>A1X olimpinis spaudimo suoliukas \u2013 stabilus treniruo\u010di\u0173 \u012frenginys, skirtas kryptingam kr\u016btin\u0117s j\u0117gos lavinimui. Patikimas pasirinkimas tiek nam\u0173 treniruo\u010di\u0173 erdv\u0117ms, tiek profesionalioms sporto sal\u0117ms. Suoliukas turi reguliuojam\u0105 startin\u0119 pad\u0117t\u012f \u2013 tai leid\u017eia prisitaikyti prie skirtingo \u016bgio naudotoj\u0173. Galin\u0117je dalyje integruota platforma padeda treneriui u\u017etikrinti saugi\u0105 pagalb\u0105 atliekant pakartojimus su didesniu svoriu. \u0160is sprendimas sukurtas efektyvioms \u0161tangos [&hellip;]<\/p>\n","protected":false},"featured_media":8832,"template":"","meta":{"_acf_changed":false},"product_brand":[817],"product_cat":[437],"product_tag":[],"class_list":{"0":"post-10037","1":"product","2":"type-product","3":"status-publish","4":"has-post-thumbnail","6":"product_brand-gym-factory-lt","7":"product_cat-treniruociu-suolai","9":"first","10":"onbackorder","11":"taxable","12":"shipping-taxable","13":"purchasable","14":"product-type-variable","15":"has-default-attributes"},"acf":[],"yoast_head":"<!-- This site is optimized with the Yoast SEO plugin v25.2 - https:\/\/yoast.com\/wordpress\/plugins\/seo\/ -->\n<title>A1X Bench Press - Komercin\u0117 ir nam\u0173 treniruokli\u0173 sal\u0117s \u012franga<\/title>\n<meta name=\"description\" content=\"Galingas nam\u0173 treniruokli\u0173 sal\u0117s \u012frangos presas. Su \u0161iuo tvirtu, ma\u017eai vietos u\u017eiman\u010diu presu stiprinkite kr\u016btin\u0119, pe\u010dius ir \u0161erd\u012f.\" \/>\n<meta name=\"robots\" content=\"index, follow, max-snippet:-1, max-image-preview:large, max-video-preview:-1\" \/>\n<link rel=\"canonical\" href=\"https:\/\/gymfactory.eu\/lt\/produktas\/a1x-olimpinis-plokscias-suoliuko-presas\/\" \/>\n<meta property=\"og:locale\" content=\"lt_LT\" \/>\n<meta property=\"og:type\" content=\"article\" \/>\n<meta property=\"og:title\" content=\"A1X Bench Press - Komercin\u0117 ir nam\u0173 treniruokli\u0173 sal\u0117s \u012franga\" \/>\n<meta property=\"og:description\" content=\"Galingas nam\u0173 treniruokli\u0173 sal\u0117s \u012frangos presas. Su \u0161iuo tvirtu, ma\u017eai vietos u\u017eiman\u010diu presu stiprinkite kr\u016btin\u0119, pe\u010dius ir \u0161erd\u012f.\" \/>\n<meta property=\"og:url\" content=\"https:\/\/gymfactory.eu\/lt\/produktas\/a1x-olimpinis-plokscias-suoliuko-presas\/\" \/>\n<meta property=\"og:site_name\" content=\"Gym Factory\" \/>\n<meta property=\"article:modified_time\" content=\"2025-12-03T10:38:33+00:00\" \/>\n<meta property=\"og:image\" content=\"https:\/\/gymfactory.eu\/wp-content\/uploads\/2025\/02\/bench-press-station-grey-1.webp\" \/>\n\t<meta property=\"og:image:width\" content=\"1500\" \/>\n\t<meta property=\"og:image:height\" content=\"1500\" \/>\n\t<meta property=\"og:image:type\" content=\"image\/webp\" \/>\n<meta name=\"twitter:card\" content=\"summary_large_image\" \/>\n<meta name=\"twitter:label1\" content=\"Est. reading time\" \/>\n\t<meta name=\"twitter:data1\" content=\"1 minut\u0117\" \/>\n<script type=\"application\/ld+json\" class=\"yoast-schema-graph\">{\"@context\":\"https:\/\/schema.org\",\"@graph\":[{\"@type\":\"WebPage\",\"@id\":\"https:\/\/gymfactory.eu\/lt\/produktas\/a1x-olimpinis-plokscias-suoliuko-presas\/\",\"url\":\"https:\/\/gymfactory.eu\/lt\/produktas\/a1x-olimpinis-plokscias-suoliuko-presas\/\",\"name\":\"A1X Bench Press - Komercin\u0117 ir nam\u0173 treniruokli\u0173 sal\u0117s \u012franga\",\"isPartOf\":{\"@id\":\"https:\/\/gymfactory.eu\/lt\/#website\"},\"primaryImageOfPage\":{\"@id\":\"https:\/\/gymfactory.eu\/lt\/produktas\/a1x-olimpinis-plokscias-suoliuko-presas\/#primaryimage\"},\"image\":{\"@id\":\"https:\/\/gymfactory.eu\/lt\/produktas\/a1x-olimpinis-plokscias-suoliuko-presas\/#primaryimage\"},\"thumbnailUrl\":\"https:\/\/gymfactory.eu\/wp-content\/uploads\/2025\/02\/bench-press-station-grey-1.webp\",\"datePublished\":\"2025-02-10T13:10:32+00:00\",\"dateModified\":\"2025-12-03T10:38:33+00:00\",\"description\":\"Galingas nam\u0173 treniruokli\u0173 sal\u0117s \u012frangos presas. Su \u0161iuo tvirtu, ma\u017eai vietos u\u017eiman\u010diu presu stiprinkite kr\u016btin\u0119, pe\u010dius ir \u0161erd\u012f.\",\"breadcrumb\":{\"@id\":\"https:\/\/gymfactory.eu\/lt\/produktas\/a1x-olimpinis-plokscias-suoliuko-presas\/#breadcrumb\"},\"inLanguage\":\"lt-LT\",\"potentialAction\":[{\"@type\":\"ReadAction\",\"target\":[\"https:\/\/gymfactory.eu\/lt\/produktas\/a1x-olimpinis-plokscias-suoliuko-presas\/\"]}]},{\"@type\":\"ImageObject\",\"inLanguage\":\"lt-LT\",\"@id\":\"https:\/\/gymfactory.eu\/lt\/produktas\/a1x-olimpinis-plokscias-suoliuko-presas\/#primaryimage\",\"url\":\"https:\/\/gymfactory.eu\/wp-content\/uploads\/2025\/02\/bench-press-station-grey-1.webp\",\"contentUrl\":\"https:\/\/gymfactory.eu\/wp-content\/uploads\/2025\/02\/bench-press-station-grey-1.webp\",\"width\":1500,\"height\":1500,\"caption\":\"Sporto sal\u0117s \u012franga kr\u016btinei turi pilk\u0105 spaudos stotel\u0119 su juodu pamink\u0161tintu plok\u0161\u010diu suolu. Tvirtame plieniniame r\u0117me yra reguliuojami \u0161tang\u0173 laikikliai ir svori\u0173 laikymo kai\u0161\u010di\u0173 konstrukcijos, skirtos j\u0117gos treniruot\u0117ms ir sunkum\u0173 kilnojimui.\"},{\"@type\":\"BreadcrumbList\",\"@id\":\"https:\/\/gymfactory.eu\/lt\/produktas\/a1x-olimpinis-plokscias-suoliuko-presas\/#breadcrumb\",\"itemListElement\":[{\"@type\":\"ListItem\",\"position\":1,\"name\":\"Pagrindinis\",\"item\":\"https:\/\/gymfactory.eu\/lt\/\"},{\"@type\":\"ListItem\",\"position\":2,\"name\":\"Katalogas\",\"item\":\"https:\/\/gymfactory.eu\/lt\/katalogas\/\"},{\"@type\":\"ListItem\",\"position\":3,\"name\":\"A1X Olimpinis spaudimo suoliukas\"}]},{\"@type\":\"WebSite\",\"@id\":\"https:\/\/gymfactory.eu\/lt\/#website\",\"url\":\"https:\/\/gymfactory.eu\/lt\/\",\"name\":\"Gym Factory\",\"description\":\"\",\"publisher\":{\"@id\":\"https:\/\/gymfactory.eu\/lt\/#organization\"},\"potentialAction\":[{\"@type\":\"SearchAction\",\"target\":{\"@type\":\"EntryPoint\",\"urlTemplate\":\"https:\/\/gymfactory.eu\/lt\/?s={search_term_string}\"},\"query-input\":{\"@type\":\"PropertyValueSpecification\",\"valueRequired\":true,\"valueName\":\"search_term_string\"}}],\"inLanguage\":\"lt-LT\"},{\"@type\":\"Organization\",\"@id\":\"https:\/\/gymfactory.eu\/lt\/#organization\",\"name\":\"Sporto sal\u0117s gamykla\",\"url\":\"https:\/\/gymfactory.eu\/lt\/\",\"logo\":{\"@type\":\"ImageObject\",\"inLanguage\":\"lt-LT\",\"@id\":\"https:\/\/gymfactory.eu\/lt\/#\/schema\/logo\/image\/\",\"url\":\"https:\/\/gymfactory.eu\/wp-content\/uploads\/2024\/11\/Component-1.svg\",\"contentUrl\":\"https:\/\/gymfactory.eu\/wp-content\/uploads\/2024\/11\/Component-1.svg\",\"width\":54,\"height\":44,\"caption\":\"Sporto sal\u0117s gamykla\"},\"image\":{\"@id\":\"https:\/\/gymfactory.eu\/lt\/#\/schema\/logo\/image\/\"}}]}<\/script>\n<!-- \/ Yoast SEO plugin. -->","yoast_head_json":{"title":"A1X Bench Press - Komercin\u0117 ir nam\u0173 treniruokli\u0173 sal\u0117s \u012franga","description":"Galingas nam\u0173 treniruokli\u0173 sal\u0117s \u012frangos presas. Su \u0161iuo tvirtu, ma\u017eai vietos u\u017eiman\u010diu presu stiprinkite kr\u016btin\u0119, pe\u010dius ir \u0161erd\u012f.","robots":{"index":"index","follow":"follow","max-snippet":"max-snippet:-1","max-image-preview":"max-image-preview:large","max-video-preview":"max-video-preview:-1"},"canonical":"https:\/\/gymfactory.eu\/lt\/produktas\/a1x-olimpinis-plokscias-suoliuko-presas\/","og_locale":"lt_LT","og_type":"article","og_title":"A1X Bench Press - Komercin\u0117 ir nam\u0173 treniruokli\u0173 sal\u0117s \u012franga","og_description":"Galingas nam\u0173 treniruokli\u0173 sal\u0117s \u012frangos presas. Su \u0161iuo tvirtu, ma\u017eai vietos u\u017eiman\u010diu presu stiprinkite kr\u016btin\u0119, pe\u010dius ir \u0161erd\u012f.","og_url":"https:\/\/gymfactory.eu\/lt\/produktas\/a1x-olimpinis-plokscias-suoliuko-presas\/","og_site_name":"Gym Factory","article_modified_time":"2025-12-03T10:38:33+00:00","og_image":[{"width":1500,"height":1500,"url":"https:\/\/gymfactory.eu\/wp-content\/uploads\/2025\/02\/bench-press-station-grey-1.webp","type":"image\/webp"}],"twitter_card":"summary_large_image","twitter_misc":{"Est. reading time":"1 minut\u0117"},"schema":{"@context":"https:\/\/schema.org","@graph":[{"@type":"WebPage","@id":"https:\/\/gymfactory.eu\/lt\/produktas\/a1x-olimpinis-plokscias-suoliuko-presas\/","url":"https:\/\/gymfactory.eu\/lt\/produktas\/a1x-olimpinis-plokscias-suoliuko-presas\/","name":"A1X Bench Press - Komercin\u0117 ir nam\u0173 treniruokli\u0173 sal\u0117s \u012franga","isPartOf":{"@id":"https:\/\/gymfactory.eu\/lt\/#website"},"primaryImageOfPage":{"@id":"https:\/\/gymfactory.eu\/lt\/produktas\/a1x-olimpinis-plokscias-suoliuko-presas\/#primaryimage"},"image":{"@id":"https:\/\/gymfactory.eu\/lt\/produktas\/a1x-olimpinis-plokscias-suoliuko-presas\/#primaryimage"},"thumbnailUrl":"https:\/\/gymfactory.eu\/wp-content\/uploads\/2025\/02\/bench-press-station-grey-1.webp","datePublished":"2025-02-10T13:10:32+00:00","dateModified":"2025-12-03T10:38:33+00:00","description":"Galingas nam\u0173 treniruokli\u0173 sal\u0117s \u012frangos presas. Su \u0161iuo tvirtu, ma\u017eai vietos u\u017eiman\u010diu presu stiprinkite kr\u016btin\u0119, pe\u010dius ir \u0161erd\u012f.","breadcrumb":{"@id":"https:\/\/gymfactory.eu\/lt\/produktas\/a1x-olimpinis-plokscias-suoliuko-presas\/#breadcrumb"},"inLanguage":"lt-LT","potentialAction":[{"@type":"ReadAction","target":["https:\/\/gymfactory.eu\/lt\/produktas\/a1x-olimpinis-plokscias-suoliuko-presas\/"]}]},{"@type":"ImageObject","inLanguage":"lt-LT","@id":"https:\/\/gymfactory.eu\/lt\/produktas\/a1x-olimpinis-plokscias-suoliuko-presas\/#primaryimage","url":"https:\/\/gymfactory.eu\/wp-content\/uploads\/2025\/02\/bench-press-station-grey-1.webp","contentUrl":"https:\/\/gymfactory.eu\/wp-content\/uploads\/2025\/02\/bench-press-station-grey-1.webp","width":1500,"height":1500,"caption":"Sporto sal\u0117s \u012franga kr\u016btinei turi pilk\u0105 spaudos stotel\u0119 su juodu pamink\u0161tintu plok\u0161\u010diu suolu. Tvirtame plieniniame r\u0117me yra reguliuojami \u0161tang\u0173 laikikliai ir svori\u0173 laikymo kai\u0161\u010di\u0173 konstrukcijos, skirtos j\u0117gos treniruot\u0117ms ir sunkum\u0173 kilnojimui."},{"@type":"BreadcrumbList","@id":"https:\/\/gymfactory.eu\/lt\/produktas\/a1x-olimpinis-plokscias-suoliuko-presas\/#breadcrumb","itemListElement":[{"@type":"ListItem","position":1,"name":"Pagrindinis","item":"https:\/\/gymfactory.eu\/lt\/"},{"@type":"ListItem","position":2,"name":"Katalogas","item":"https:\/\/gymfactory.eu\/lt\/katalogas\/"},{"@type":"ListItem","position":3,"name":"A1X Olimpinis spaudimo suoliukas"}]},{"@type":"WebSite","@id":"https:\/\/gymfactory.eu\/lt\/#website","url":"https:\/\/gymfactory.eu\/lt\/","name":"Gym Factory","description":"","publisher":{"@id":"https:\/\/gymfactory.eu\/lt\/#organization"},"potentialAction":[{"@type":"SearchAction","target":{"@type":"EntryPoint","urlTemplate":"https:\/\/gymfactory.eu\/lt\/?s={search_term_string}"},"query-input":{"@type":"PropertyValueSpecification","valueRequired":true,"valueName":"search_term_string"}}],"inLanguage":"lt-LT"},{"@type":"Organization","@id":"https:\/\/gymfactory.eu\/lt\/#organization","name":"Sporto sal\u0117s gamykla","url":"https:\/\/gymfactory.eu\/lt\/","logo":{"@type":"ImageObject","inLanguage":"lt-LT","@id":"https:\/\/gymfactory.eu\/lt\/#\/schema\/logo\/image\/","url":"https:\/\/gymfactory.eu\/wp-content\/uploads\/2024\/11\/Component-1.svg","contentUrl":"https:\/\/gymfactory.eu\/wp-content\/uploads\/2024\/11\/Component-1.svg","width":54,"height":44,"caption":"Sporto sal\u0117s gamykla"},"image":{"@id":"https:\/\/gymfactory.eu\/lt\/#\/schema\/logo\/image\/"}}]}},"_links":{"self":[{"href":"https:\/\/gymfactory.eu\/lt\/wp-json\/wp\/v2\/product\/10037","targetHints":{"allow":["GET"]}}],"collection":[{"href":"https:\/\/gymfactory.eu\/lt\/wp-json\/wp\/v2\/product"}],"about":[{"href":"https:\/\/gymfactory.eu\/lt\/wp-json\/wp\/v2\/types\/product"}],"wp:featuredmedia":[{"embeddable":true,"href":"https:\/\/gymfactory.eu\/lt\/wp-json\/wp\/v2\/media\/8832"}],"wp:attachment":[{"href":"https:\/\/gymfactory.eu\/lt\/wp-json\/wp\/v2\/media?parent=10037"}],"wp:term":[{"taxonomy":"product_brand","embeddable":true,"href":"https:\/\/gymfactory.eu\/lt\/wp-json\/wp\/v2\/product_brand?post=10037"},{"taxonomy":"product_cat","embeddable":true,"href":"https:\/\/gymfactory.eu\/lt\/wp-json\/wp\/v2\/product_cat?post=10037"},{"taxonomy":"product_tag","embeddable":true,"href":"https:\/\/gymfactory.eu\/lt\/wp-json\/wp\/v2\/product_tag?post=10037"}],"curies":[{"name":"wp","href":"https:\/\/api.w.org\/{rel}","templated":true}]}}