{"id":10036,"date":"2025-02-10T11:33:12","date_gmt":"2025-02-10T09:33:12","guid":{"rendered":"https:\/\/gymfactory.eu\/product\/y4-power-rack-platforma\/"},"modified":"2025-12-08T15:12:26","modified_gmt":"2025-12-08T13:12:26","slug":"y4-power-rack-platforma","status":"publish","type":"product","link":"https:\/\/gymfactory.eu\/lt\/produktas\/y4-power-rack-platforma\/","title":{"rendered":"Y4 J\u0117gos platforma"},"content":{"rendered":"<p>Y4 j\u0117gos platforma \u2013 tvirta treniruo\u010di\u0173 baz\u0117, skirta tokiems pratimams kaip &#8222;mirties trauka&#8221;, prit\u016bpimai ar olimpinis \u0161tangos k\u0117limas. Puikiai dera su m\u016bs\u0173 j\u0117gos r\u0117mais, sukurdama stabili\u0105 ir saugi\u0105 treniruo\u010di\u0173 zon\u0105 nam\u0173 ar profesionaliose sporto sal\u0117se.<\/p>\n<p>Sukurta intensyviam naudojimui \u2013 \u0161i platforma apsaugo grindis ir \u012frang\u0105 nuo sm\u016bgi\u0173 bei padeda u\u017etikrinti saugum\u0105 treniruot\u0117se su laisvaisiais svoriais.<\/p>\n<p>Idealus pagrindas viso k\u016bno treniruot\u0117ms su \u0161tanga ir svoriais.<\/p>\n\n    <div class=\"xs_social_share_widget xs_share_url after_content \t\tmain_content  wslu-style-1 wslu-share-box-shaped wslu-fill-colored wslu-none wslu-share-horizontal wslu-theme-font-no wslu-main_content\">\n\n\t\t\n        <ul>\n\t\t\t        <\/ul>\n    <\/div> \n","protected":false},"excerpt":{"rendered":"<p>Y4 j\u0117gos platforma \u2013 tvirta treniruo\u010di\u0173 baz\u0117, skirta tokiems pratimams kaip &#8222;mirties trauka&#8221;, prit\u016bpimai ar olimpinis \u0161tangos k\u0117limas. Puikiai dera su m\u016bs\u0173 j\u0117gos r\u0117mais, sukurdama stabili\u0105 ir saugi\u0105 treniruo\u010di\u0173 zon\u0105 nam\u0173 ar profesionaliose sporto sal\u0117se. Sukurta intensyviam naudojimui \u2013 \u0161i platforma apsaugo grindis ir \u012frang\u0105 nuo sm\u016bgi\u0173 bei padeda u\u017etikrinti saugum\u0105 treniruot\u0117se su laisvaisiais svoriais. [&hellip;]<\/p>\n","protected":false},"featured_media":28302,"template":"","meta":{"_acf_changed":false},"product_brand":[817],"product_cat":[407],"product_tag":[415],"class_list":{"0":"post-10036","1":"product","2":"type-product","3":"status-publish","4":"has-post-thumbnail","6":"product_brand-gym-factory-lt","7":"product_cat-kita-sporto-iranga","8":"product_tag-spalva-tik-metaline","10":"first","11":"instock","12":"taxable","13":"shipping-taxable","14":"purchasable","15":"product-type-variable","16":"has-default-attributes"},"acf":[],"yoast_head":"<!-- This site is optimized with the Yoast SEO plugin v25.2 - https:\/\/yoast.com\/wordpress\/plugins\/seo\/ -->\n<title>Y4 Power Rack platforma - j\u0117gos treniruo\u010di\u0173 \u012franga<\/title>\n<meta name=\"description\" content=\"\u0160i j\u0117gos stovo platforma padeda atlikti j\u0117gos treniruotes ir suteikia stabil\u0173 pavir\u0161i\u0173 intensyvioms treniruot\u0117ms. Ji idealiai tinka naudoti komercin\u0117se sporto sal\u0117se.\" \/>\n<meta name=\"robots\" content=\"index, follow, max-snippet:-1, max-image-preview:large, max-video-preview:-1\" \/>\n<link rel=\"canonical\" href=\"https:\/\/gymfactory.eu\/lt\/produktas\/y4-power-rack-platforma\/\" \/>\n<meta property=\"og:locale\" content=\"lt_LT\" \/>\n<meta property=\"og:type\" content=\"article\" \/>\n<meta property=\"og:title\" content=\"Y4 Power Rack platforma - j\u0117gos treniruo\u010di\u0173 \u012franga\" \/>\n<meta property=\"og:description\" content=\"\u0160i j\u0117gos stovo platforma padeda atlikti j\u0117gos treniruotes ir suteikia stabil\u0173 pavir\u0161i\u0173 intensyvioms treniruot\u0117ms. Ji idealiai tinka naudoti komercin\u0117se sporto sal\u0117se.\" \/>\n<meta property=\"og:url\" content=\"https:\/\/gymfactory.eu\/lt\/produktas\/y4-power-rack-platforma\/\" \/>\n<meta property=\"og:site_name\" content=\"Gym Factory\" \/>\n<meta property=\"article:modified_time\" content=\"2025-12-08T13:12:26+00:00\" \/>\n<meta property=\"og:image\" content=\"https:\/\/gymfactory.eu\/wp-content\/uploads\/2025\/02\/strength-training-exercise-equipment-deadlift-platform.webp\" \/>\n\t<meta property=\"og:image:width\" content=\"1500\" \/>\n\t<meta property=\"og:image:height\" content=\"1500\" \/>\n\t<meta property=\"og:image:type\" content=\"image\/webp\" \/>\n<meta name=\"twitter:card\" content=\"summary_large_image\" \/>\n<meta name=\"twitter:label1\" content=\"Est. reading time\" \/>\n\t<meta name=\"twitter:data1\" content=\"1 minut\u0117\" \/>\n<script type=\"application\/ld+json\" class=\"yoast-schema-graph\">{\"@context\":\"https:\/\/schema.org\",\"@graph\":[{\"@type\":\"WebPage\",\"@id\":\"https:\/\/gymfactory.eu\/lt\/produktas\/y4-power-rack-platforma\/\",\"url\":\"https:\/\/gymfactory.eu\/lt\/produktas\/y4-power-rack-platforma\/\",\"name\":\"Y4 Power Rack platforma - j\u0117gos treniruo\u010di\u0173 \u012franga\",\"isPartOf\":{\"@id\":\"https:\/\/gymfactory.eu\/lt\/#website\"},\"primaryImageOfPage\":{\"@id\":\"https:\/\/gymfactory.eu\/lt\/produktas\/y4-power-rack-platforma\/#primaryimage\"},\"image\":{\"@id\":\"https:\/\/gymfactory.eu\/lt\/produktas\/y4-power-rack-platforma\/#primaryimage\"},\"thumbnailUrl\":\"https:\/\/gymfactory.eu\/wp-content\/uploads\/2025\/02\/strength-training-exercise-equipment-deadlift-platform.webp\",\"datePublished\":\"2025-02-10T09:33:12+00:00\",\"dateModified\":\"2025-12-08T13:12:26+00:00\",\"description\":\"\u0160i j\u0117gos stovo platforma padeda atlikti j\u0117gos treniruotes ir suteikia stabil\u0173 pavir\u0161i\u0173 intensyvioms treniruot\u0117ms. Ji idealiai tinka naudoti komercin\u0117se sporto sal\u0117se.\",\"breadcrumb\":{\"@id\":\"https:\/\/gymfactory.eu\/lt\/produktas\/y4-power-rack-platforma\/#breadcrumb\"},\"inLanguage\":\"lt-LT\",\"potentialAction\":[{\"@type\":\"ReadAction\",\"target\":[\"https:\/\/gymfactory.eu\/lt\/produktas\/y4-power-rack-platforma\/\"]}]},{\"@type\":\"ImageObject\",\"inLanguage\":\"lt-LT\",\"@id\":\"https:\/\/gymfactory.eu\/lt\/produktas\/y4-power-rack-platforma\/#primaryimage\",\"url\":\"https:\/\/gymfactory.eu\/wp-content\/uploads\/2025\/02\/strength-training-exercise-equipment-deadlift-platform.webp\",\"contentUrl\":\"https:\/\/gymfactory.eu\/wp-content\/uploads\/2025\/02\/strength-training-exercise-equipment-deadlift-platform.webp\",\"width\":1500,\"height\":1500,\"caption\":\"A strength training exercise equipment setup features a deadlifting platform. The platform is installed in a gym setting, surrounded by squat racks and barbells, providing a stable surface for weightlifting exercises.\"},{\"@type\":\"BreadcrumbList\",\"@id\":\"https:\/\/gymfactory.eu\/lt\/produktas\/y4-power-rack-platforma\/#breadcrumb\",\"itemListElement\":[{\"@type\":\"ListItem\",\"position\":1,\"name\":\"Pagrindinis\",\"item\":\"https:\/\/gymfactory.eu\/lt\/\"},{\"@type\":\"ListItem\",\"position\":2,\"name\":\"Katalogas\",\"item\":\"https:\/\/gymfactory.eu\/lt\/katalogas\/\"},{\"@type\":\"ListItem\",\"position\":3,\"name\":\"Y4 J\u0117gos platforma\"}]},{\"@type\":\"WebSite\",\"@id\":\"https:\/\/gymfactory.eu\/lt\/#website\",\"url\":\"https:\/\/gymfactory.eu\/lt\/\",\"name\":\"Gym Factory\",\"description\":\"\",\"publisher\":{\"@id\":\"https:\/\/gymfactory.eu\/lt\/#organization\"},\"potentialAction\":[{\"@type\":\"SearchAction\",\"target\":{\"@type\":\"EntryPoint\",\"urlTemplate\":\"https:\/\/gymfactory.eu\/lt\/?s={search_term_string}\"},\"query-input\":{\"@type\":\"PropertyValueSpecification\",\"valueRequired\":true,\"valueName\":\"search_term_string\"}}],\"inLanguage\":\"lt-LT\"},{\"@type\":\"Organization\",\"@id\":\"https:\/\/gymfactory.eu\/lt\/#organization\",\"name\":\"Sporto sal\u0117s gamykla\",\"url\":\"https:\/\/gymfactory.eu\/lt\/\",\"logo\":{\"@type\":\"ImageObject\",\"inLanguage\":\"lt-LT\",\"@id\":\"https:\/\/gymfactory.eu\/lt\/#\/schema\/logo\/image\/\",\"url\":\"https:\/\/gymfactory.eu\/wp-content\/uploads\/2024\/11\/Component-1.svg\",\"contentUrl\":\"https:\/\/gymfactory.eu\/wp-content\/uploads\/2024\/11\/Component-1.svg\",\"width\":54,\"height\":44,\"caption\":\"Sporto sal\u0117s gamykla\"},\"image\":{\"@id\":\"https:\/\/gymfactory.eu\/lt\/#\/schema\/logo\/image\/\"}}]}<\/script>\n<!-- \/ Yoast SEO plugin. -->","yoast_head_json":{"title":"Y4 Power Rack platforma - j\u0117gos treniruo\u010di\u0173 \u012franga","description":"\u0160i j\u0117gos stovo platforma padeda atlikti j\u0117gos treniruotes ir suteikia stabil\u0173 pavir\u0161i\u0173 intensyvioms treniruot\u0117ms. Ji idealiai tinka naudoti komercin\u0117se sporto sal\u0117se.","robots":{"index":"index","follow":"follow","max-snippet":"max-snippet:-1","max-image-preview":"max-image-preview:large","max-video-preview":"max-video-preview:-1"},"canonical":"https:\/\/gymfactory.eu\/lt\/produktas\/y4-power-rack-platforma\/","og_locale":"lt_LT","og_type":"article","og_title":"Y4 Power Rack platforma - j\u0117gos treniruo\u010di\u0173 \u012franga","og_description":"\u0160i j\u0117gos stovo platforma padeda atlikti j\u0117gos treniruotes ir suteikia stabil\u0173 pavir\u0161i\u0173 intensyvioms treniruot\u0117ms. Ji idealiai tinka naudoti komercin\u0117se sporto sal\u0117se.","og_url":"https:\/\/gymfactory.eu\/lt\/produktas\/y4-power-rack-platforma\/","og_site_name":"Gym Factory","article_modified_time":"2025-12-08T13:12:26+00:00","og_image":[{"width":1500,"height":1500,"url":"https:\/\/gymfactory.eu\/wp-content\/uploads\/2025\/02\/strength-training-exercise-equipment-deadlift-platform.webp","type":"image\/webp"}],"twitter_card":"summary_large_image","twitter_misc":{"Est. reading time":"1 minut\u0117"},"schema":{"@context":"https:\/\/schema.org","@graph":[{"@type":"WebPage","@id":"https:\/\/gymfactory.eu\/lt\/produktas\/y4-power-rack-platforma\/","url":"https:\/\/gymfactory.eu\/lt\/produktas\/y4-power-rack-platforma\/","name":"Y4 Power Rack platforma - j\u0117gos treniruo\u010di\u0173 \u012franga","isPartOf":{"@id":"https:\/\/gymfactory.eu\/lt\/#website"},"primaryImageOfPage":{"@id":"https:\/\/gymfactory.eu\/lt\/produktas\/y4-power-rack-platforma\/#primaryimage"},"image":{"@id":"https:\/\/gymfactory.eu\/lt\/produktas\/y4-power-rack-platforma\/#primaryimage"},"thumbnailUrl":"https:\/\/gymfactory.eu\/wp-content\/uploads\/2025\/02\/strength-training-exercise-equipment-deadlift-platform.webp","datePublished":"2025-02-10T09:33:12+00:00","dateModified":"2025-12-08T13:12:26+00:00","description":"\u0160i j\u0117gos stovo platforma padeda atlikti j\u0117gos treniruotes ir suteikia stabil\u0173 pavir\u0161i\u0173 intensyvioms treniruot\u0117ms. Ji idealiai tinka naudoti komercin\u0117se sporto sal\u0117se.","breadcrumb":{"@id":"https:\/\/gymfactory.eu\/lt\/produktas\/y4-power-rack-platforma\/#breadcrumb"},"inLanguage":"lt-LT","potentialAction":[{"@type":"ReadAction","target":["https:\/\/gymfactory.eu\/lt\/produktas\/y4-power-rack-platforma\/"]}]},{"@type":"ImageObject","inLanguage":"lt-LT","@id":"https:\/\/gymfactory.eu\/lt\/produktas\/y4-power-rack-platforma\/#primaryimage","url":"https:\/\/gymfactory.eu\/wp-content\/uploads\/2025\/02\/strength-training-exercise-equipment-deadlift-platform.webp","contentUrl":"https:\/\/gymfactory.eu\/wp-content\/uploads\/2025\/02\/strength-training-exercise-equipment-deadlift-platform.webp","width":1500,"height":1500,"caption":"A strength training exercise equipment setup features a deadlifting platform. The platform is installed in a gym setting, surrounded by squat racks and barbells, providing a stable surface for weightlifting exercises."},{"@type":"BreadcrumbList","@id":"https:\/\/gymfactory.eu\/lt\/produktas\/y4-power-rack-platforma\/#breadcrumb","itemListElement":[{"@type":"ListItem","position":1,"name":"Pagrindinis","item":"https:\/\/gymfactory.eu\/lt\/"},{"@type":"ListItem","position":2,"name":"Katalogas","item":"https:\/\/gymfactory.eu\/lt\/katalogas\/"},{"@type":"ListItem","position":3,"name":"Y4 J\u0117gos platforma"}]},{"@type":"WebSite","@id":"https:\/\/gymfactory.eu\/lt\/#website","url":"https:\/\/gymfactory.eu\/lt\/","name":"Gym Factory","description":"","publisher":{"@id":"https:\/\/gymfactory.eu\/lt\/#organization"},"potentialAction":[{"@type":"SearchAction","target":{"@type":"EntryPoint","urlTemplate":"https:\/\/gymfactory.eu\/lt\/?s={search_term_string}"},"query-input":{"@type":"PropertyValueSpecification","valueRequired":true,"valueName":"search_term_string"}}],"inLanguage":"lt-LT"},{"@type":"Organization","@id":"https:\/\/gymfactory.eu\/lt\/#organization","name":"Sporto sal\u0117s gamykla","url":"https:\/\/gymfactory.eu\/lt\/","logo":{"@type":"ImageObject","inLanguage":"lt-LT","@id":"https:\/\/gymfactory.eu\/lt\/#\/schema\/logo\/image\/","url":"https:\/\/gymfactory.eu\/wp-content\/uploads\/2024\/11\/Component-1.svg","contentUrl":"https:\/\/gymfactory.eu\/wp-content\/uploads\/2024\/11\/Component-1.svg","width":54,"height":44,"caption":"Sporto sal\u0117s gamykla"},"image":{"@id":"https:\/\/gymfactory.eu\/lt\/#\/schema\/logo\/image\/"}}]}},"_links":{"self":[{"href":"https:\/\/gymfactory.eu\/lt\/wp-json\/wp\/v2\/product\/10036","targetHints":{"allow":["GET"]}}],"collection":[{"href":"https:\/\/gymfactory.eu\/lt\/wp-json\/wp\/v2\/product"}],"about":[{"href":"https:\/\/gymfactory.eu\/lt\/wp-json\/wp\/v2\/types\/product"}],"wp:featuredmedia":[{"embeddable":true,"href":"https:\/\/gymfactory.eu\/lt\/wp-json\/wp\/v2\/media\/28302"}],"wp:attachment":[{"href":"https:\/\/gymfactory.eu\/lt\/wp-json\/wp\/v2\/media?parent=10036"}],"wp:term":[{"taxonomy":"product_brand","embeddable":true,"href":"https:\/\/gymfactory.eu\/lt\/wp-json\/wp\/v2\/product_brand?post=10036"},{"taxonomy":"product_cat","embeddable":true,"href":"https:\/\/gymfactory.eu\/lt\/wp-json\/wp\/v2\/product_cat?post=10036"},{"taxonomy":"product_tag","embeddable":true,"href":"https:\/\/gymfactory.eu\/lt\/wp-json\/wp\/v2\/product_tag?post=10036"}],"curies":[{"name":"wp","href":"https:\/\/api.w.org\/{rel}","templated":true}]}}