{"id":10030,"date":"2025-02-10T14:49:39","date_gmt":"2025-02-10T12:49:39","guid":{"rendered":"https:\/\/gymfactory.eu\/product\/a1-olimpinis-plokscias-suolelio-spaudimas\/"},"modified":"2025-12-03T12:36:29","modified_gmt":"2025-12-03T10:36:29","slug":"a1-olimpinis-plokscias-suolelio-spaudimas","status":"publish","type":"product","link":"https:\/\/gymfactory.eu\/lt\/produktas\/a1-olimpinis-plokscias-suolelio-spaudimas\/","title":{"rendered":"A1 Olimpinis spaudimo suoliukas"},"content":{"rendered":"<p>A1 olimpinis spaudimo suoliukas \u2013 klasikinis kr\u016btin\u0117s raumen\u0173 lavinimui skirtas suoliukas, pritaikytas spaudimams su \u0161tanga. Patikimas sprendimas tiek nam\u0173 treniruot\u0117ms, tiek profesionaliose sporto sal\u0117ms.<\/p>\n<p>Suoliukas turi kelias \u0161tangos pad\u0117jimo pozicijas \u2013 tai leid\u017eia prisitaikyti prie skirtingo rank\u0173 ilgio. Galin\u0117je dalyje \u012frengta paauk\u0161tinta platforma, ant kurios patogu stov\u0117ti asmeniui, padedan\u010diam atliekant didesnio svorio pakartojimus.<\/p>\n<p>\u0160is sprendimas skirtas tikslingam, stabiliam kr\u016btin\u0117s treniravimui su laisvaisiais svoriais.<\/p>\n\n    <div class=\"xs_social_share_widget xs_share_url after_content \t\tmain_content  wslu-style-1 wslu-share-box-shaped wslu-fill-colored wslu-none wslu-share-horizontal wslu-theme-font-no wslu-main_content\">\n\n\t\t\n        <ul>\n\t\t\t        <\/ul>\n    <\/div> \n","protected":false},"excerpt":{"rendered":"<p>A1 olimpinis spaudimo suoliukas \u2013 klasikinis kr\u016btin\u0117s raumen\u0173 lavinimui skirtas suoliukas, pritaikytas spaudimams su \u0161tanga. Patikimas sprendimas tiek nam\u0173 treniruot\u0117ms, tiek profesionaliose sporto sal\u0117ms. Suoliukas turi kelias \u0161tangos pad\u0117jimo pozicijas \u2013 tai leid\u017eia prisitaikyti prie skirtingo rank\u0173 ilgio. Galin\u0117je dalyje \u012frengta paauk\u0161tinta platforma, ant kurios patogu stov\u0117ti asmeniui, padedan\u010diam atliekant didesnio svorio pakartojimus. \u0160is sprendimas [&hellip;]<\/p>\n","protected":false},"featured_media":8831,"template":"","meta":{"_acf_changed":false},"product_brand":[817],"product_cat":[437],"product_tag":[],"class_list":{"0":"post-10030","1":"product","2":"type-product","3":"status-publish","4":"has-post-thumbnail","6":"product_brand-gym-factory-lt","7":"product_cat-treniruociu-suolai","9":"first","10":"onbackorder","11":"taxable","12":"shipping-taxable","13":"purchasable","14":"product-type-variable","15":"has-default-attributes"},"acf":[],"yoast_head":"<!-- This site is optimized with the Yoast SEO plugin v25.2 - https:\/\/yoast.com\/wordpress\/plugins\/seo\/ -->\n<title>A1 Bench Press - Sporto sal\u0117s \u012franga kr\u016btinei<\/title>\n<meta name=\"description\" content=\"Stiprinkite j\u0117g\u0105 naudodami geriausius nam\u0173 treniruokli\u0173 sal\u0117s gaminius. \u0160is suoliuko presas turi tris strypo auk\u0161\u010dio parinktis, tvirt\u0105 metalin\u012f r\u0117m\u0105 ir i\u0161laiko iki 500 kg svor\u012f.\" \/>\n<meta name=\"robots\" content=\"index, follow, max-snippet:-1, max-image-preview:large, max-video-preview:-1\" \/>\n<link rel=\"canonical\" href=\"https:\/\/gymfactory.eu\/lt\/produktas\/a1-olimpinis-plokscias-suolelio-spaudimas\/\" \/>\n<meta property=\"og:locale\" content=\"lt_LT\" \/>\n<meta property=\"og:type\" content=\"article\" \/>\n<meta property=\"og:title\" content=\"A1 Bench Press - Sporto sal\u0117s \u012franga kr\u016btinei\" \/>\n<meta property=\"og:description\" content=\"Stiprinkite j\u0117g\u0105 naudodami geriausius nam\u0173 treniruokli\u0173 sal\u0117s gaminius. \u0160is suoliuko presas turi tris strypo auk\u0161\u010dio parinktis, tvirt\u0105 metalin\u012f r\u0117m\u0105 ir i\u0161laiko iki 500 kg svor\u012f.\" \/>\n<meta property=\"og:url\" content=\"https:\/\/gymfactory.eu\/lt\/produktas\/a1-olimpinis-plokscias-suolelio-spaudimas\/\" \/>\n<meta property=\"og:site_name\" content=\"Gym Factory\" \/>\n<meta property=\"article:modified_time\" content=\"2025-12-03T10:36:29+00:00\" \/>\n<meta property=\"og:image\" content=\"https:\/\/gymfactory.eu\/wp-content\/uploads\/2025\/02\/bench-press-flat-station-1.webp\" \/>\n\t<meta property=\"og:image:width\" content=\"1500\" \/>\n\t<meta property=\"og:image:height\" content=\"1500\" \/>\n\t<meta property=\"og:image:type\" content=\"image\/webp\" \/>\n<meta name=\"twitter:card\" content=\"summary_large_image\" \/>\n<meta name=\"twitter:label1\" content=\"Est. reading time\" \/>\n\t<meta name=\"twitter:data1\" content=\"1 minut\u0117\" \/>\n<script type=\"application\/ld+json\" class=\"yoast-schema-graph\">{\"@context\":\"https:\/\/schema.org\",\"@graph\":[{\"@type\":\"WebPage\",\"@id\":\"https:\/\/gymfactory.eu\/lt\/produktas\/a1-olimpinis-plokscias-suolelio-spaudimas\/\",\"url\":\"https:\/\/gymfactory.eu\/lt\/produktas\/a1-olimpinis-plokscias-suolelio-spaudimas\/\",\"name\":\"A1 Bench Press - Sporto sal\u0117s \u012franga kr\u016btinei\",\"isPartOf\":{\"@id\":\"https:\/\/gymfactory.eu\/lt\/#website\"},\"primaryImageOfPage\":{\"@id\":\"https:\/\/gymfactory.eu\/lt\/produktas\/a1-olimpinis-plokscias-suolelio-spaudimas\/#primaryimage\"},\"image\":{\"@id\":\"https:\/\/gymfactory.eu\/lt\/produktas\/a1-olimpinis-plokscias-suolelio-spaudimas\/#primaryimage\"},\"thumbnailUrl\":\"https:\/\/gymfactory.eu\/wp-content\/uploads\/2025\/02\/bench-press-flat-station-1.webp\",\"datePublished\":\"2025-02-10T12:49:39+00:00\",\"dateModified\":\"2025-12-03T10:36:29+00:00\",\"description\":\"Stiprinkite j\u0117g\u0105 naudodami geriausius nam\u0173 treniruokli\u0173 sal\u0117s gaminius. \u0160is suoliuko presas turi tris strypo auk\u0161\u010dio parinktis, tvirt\u0105 metalin\u012f r\u0117m\u0105 ir i\u0161laiko iki 500 kg svor\u012f.\",\"breadcrumb\":{\"@id\":\"https:\/\/gymfactory.eu\/lt\/produktas\/a1-olimpinis-plokscias-suolelio-spaudimas\/#breadcrumb\"},\"inLanguage\":\"lt-LT\",\"potentialAction\":[{\"@type\":\"ReadAction\",\"target\":[\"https:\/\/gymfactory.eu\/lt\/produktas\/a1-olimpinis-plokscias-suolelio-spaudimas\/\"]}]},{\"@type\":\"ImageObject\",\"inLanguage\":\"lt-LT\",\"@id\":\"https:\/\/gymfactory.eu\/lt\/produktas\/a1-olimpinis-plokscias-suolelio-spaudimas\/#primaryimage\",\"url\":\"https:\/\/gymfactory.eu\/wp-content\/uploads\/2025\/02\/bench-press-flat-station-1.webp\",\"contentUrl\":\"https:\/\/gymfactory.eu\/wp-content\/uploads\/2025\/02\/bench-press-flat-station-1.webp\",\"width\":1500,\"height\":1500,\"caption\":\"Tvirtas treniruokli\u0173 sal\u0117s \u012frenginys kr\u016btinei su juodu plieniniu r\u0117mu, raudonu plok\u0161\u010diu suoliuku ir olimpine \u0161tanga, pakabinta ant reguliuojam\u0173 kabli\u0173. Suoliuko spaudimo stotyje yra daugyb\u0117 svori\u0173 laikymo kabliuk\u0173 ir pakopin\u0117 platforma, kad b\u016bt\u0173 lengva pasteb\u0117ti.\"},{\"@type\":\"BreadcrumbList\",\"@id\":\"https:\/\/gymfactory.eu\/lt\/produktas\/a1-olimpinis-plokscias-suolelio-spaudimas\/#breadcrumb\",\"itemListElement\":[{\"@type\":\"ListItem\",\"position\":1,\"name\":\"Pagrindinis\",\"item\":\"https:\/\/gymfactory.eu\/lt\/\"},{\"@type\":\"ListItem\",\"position\":2,\"name\":\"Katalogas\",\"item\":\"https:\/\/gymfactory.eu\/lt\/katalogas\/\"},{\"@type\":\"ListItem\",\"position\":3,\"name\":\"A1 Olimpinis spaudimo suoliukas\"}]},{\"@type\":\"WebSite\",\"@id\":\"https:\/\/gymfactory.eu\/lt\/#website\",\"url\":\"https:\/\/gymfactory.eu\/lt\/\",\"name\":\"Gym Factory\",\"description\":\"\",\"publisher\":{\"@id\":\"https:\/\/gymfactory.eu\/lt\/#organization\"},\"potentialAction\":[{\"@type\":\"SearchAction\",\"target\":{\"@type\":\"EntryPoint\",\"urlTemplate\":\"https:\/\/gymfactory.eu\/lt\/?s={search_term_string}\"},\"query-input\":{\"@type\":\"PropertyValueSpecification\",\"valueRequired\":true,\"valueName\":\"search_term_string\"}}],\"inLanguage\":\"lt-LT\"},{\"@type\":\"Organization\",\"@id\":\"https:\/\/gymfactory.eu\/lt\/#organization\",\"name\":\"Sporto sal\u0117s gamykla\",\"url\":\"https:\/\/gymfactory.eu\/lt\/\",\"logo\":{\"@type\":\"ImageObject\",\"inLanguage\":\"lt-LT\",\"@id\":\"https:\/\/gymfactory.eu\/lt\/#\/schema\/logo\/image\/\",\"url\":\"https:\/\/gymfactory.eu\/wp-content\/uploads\/2024\/11\/Component-1.svg\",\"contentUrl\":\"https:\/\/gymfactory.eu\/wp-content\/uploads\/2024\/11\/Component-1.svg\",\"width\":54,\"height\":44,\"caption\":\"Sporto sal\u0117s gamykla\"},\"image\":{\"@id\":\"https:\/\/gymfactory.eu\/lt\/#\/schema\/logo\/image\/\"}}]}<\/script>\n<!-- \/ Yoast SEO plugin. -->","yoast_head_json":{"title":"A1 Bench Press - Sporto sal\u0117s \u012franga kr\u016btinei","description":"Stiprinkite j\u0117g\u0105 naudodami geriausius nam\u0173 treniruokli\u0173 sal\u0117s gaminius. \u0160is suoliuko presas turi tris strypo auk\u0161\u010dio parinktis, tvirt\u0105 metalin\u012f r\u0117m\u0105 ir i\u0161laiko iki 500 kg svor\u012f.","robots":{"index":"index","follow":"follow","max-snippet":"max-snippet:-1","max-image-preview":"max-image-preview:large","max-video-preview":"max-video-preview:-1"},"canonical":"https:\/\/gymfactory.eu\/lt\/produktas\/a1-olimpinis-plokscias-suolelio-spaudimas\/","og_locale":"lt_LT","og_type":"article","og_title":"A1 Bench Press - Sporto sal\u0117s \u012franga kr\u016btinei","og_description":"Stiprinkite j\u0117g\u0105 naudodami geriausius nam\u0173 treniruokli\u0173 sal\u0117s gaminius. \u0160is suoliuko presas turi tris strypo auk\u0161\u010dio parinktis, tvirt\u0105 metalin\u012f r\u0117m\u0105 ir i\u0161laiko iki 500 kg svor\u012f.","og_url":"https:\/\/gymfactory.eu\/lt\/produktas\/a1-olimpinis-plokscias-suolelio-spaudimas\/","og_site_name":"Gym Factory","article_modified_time":"2025-12-03T10:36:29+00:00","og_image":[{"width":1500,"height":1500,"url":"https:\/\/gymfactory.eu\/wp-content\/uploads\/2025\/02\/bench-press-flat-station-1.webp","type":"image\/webp"}],"twitter_card":"summary_large_image","twitter_misc":{"Est. reading time":"1 minut\u0117"},"schema":{"@context":"https:\/\/schema.org","@graph":[{"@type":"WebPage","@id":"https:\/\/gymfactory.eu\/lt\/produktas\/a1-olimpinis-plokscias-suolelio-spaudimas\/","url":"https:\/\/gymfactory.eu\/lt\/produktas\/a1-olimpinis-plokscias-suolelio-spaudimas\/","name":"A1 Bench Press - Sporto sal\u0117s \u012franga kr\u016btinei","isPartOf":{"@id":"https:\/\/gymfactory.eu\/lt\/#website"},"primaryImageOfPage":{"@id":"https:\/\/gymfactory.eu\/lt\/produktas\/a1-olimpinis-plokscias-suolelio-spaudimas\/#primaryimage"},"image":{"@id":"https:\/\/gymfactory.eu\/lt\/produktas\/a1-olimpinis-plokscias-suolelio-spaudimas\/#primaryimage"},"thumbnailUrl":"https:\/\/gymfactory.eu\/wp-content\/uploads\/2025\/02\/bench-press-flat-station-1.webp","datePublished":"2025-02-10T12:49:39+00:00","dateModified":"2025-12-03T10:36:29+00:00","description":"Stiprinkite j\u0117g\u0105 naudodami geriausius nam\u0173 treniruokli\u0173 sal\u0117s gaminius. \u0160is suoliuko presas turi tris strypo auk\u0161\u010dio parinktis, tvirt\u0105 metalin\u012f r\u0117m\u0105 ir i\u0161laiko iki 500 kg svor\u012f.","breadcrumb":{"@id":"https:\/\/gymfactory.eu\/lt\/produktas\/a1-olimpinis-plokscias-suolelio-spaudimas\/#breadcrumb"},"inLanguage":"lt-LT","potentialAction":[{"@type":"ReadAction","target":["https:\/\/gymfactory.eu\/lt\/produktas\/a1-olimpinis-plokscias-suolelio-spaudimas\/"]}]},{"@type":"ImageObject","inLanguage":"lt-LT","@id":"https:\/\/gymfactory.eu\/lt\/produktas\/a1-olimpinis-plokscias-suolelio-spaudimas\/#primaryimage","url":"https:\/\/gymfactory.eu\/wp-content\/uploads\/2025\/02\/bench-press-flat-station-1.webp","contentUrl":"https:\/\/gymfactory.eu\/wp-content\/uploads\/2025\/02\/bench-press-flat-station-1.webp","width":1500,"height":1500,"caption":"Tvirtas treniruokli\u0173 sal\u0117s \u012frenginys kr\u016btinei su juodu plieniniu r\u0117mu, raudonu plok\u0161\u010diu suoliuku ir olimpine \u0161tanga, pakabinta ant reguliuojam\u0173 kabli\u0173. Suoliuko spaudimo stotyje yra daugyb\u0117 svori\u0173 laikymo kabliuk\u0173 ir pakopin\u0117 platforma, kad b\u016bt\u0173 lengva pasteb\u0117ti."},{"@type":"BreadcrumbList","@id":"https:\/\/gymfactory.eu\/lt\/produktas\/a1-olimpinis-plokscias-suolelio-spaudimas\/#breadcrumb","itemListElement":[{"@type":"ListItem","position":1,"name":"Pagrindinis","item":"https:\/\/gymfactory.eu\/lt\/"},{"@type":"ListItem","position":2,"name":"Katalogas","item":"https:\/\/gymfactory.eu\/lt\/katalogas\/"},{"@type":"ListItem","position":3,"name":"A1 Olimpinis spaudimo suoliukas"}]},{"@type":"WebSite","@id":"https:\/\/gymfactory.eu\/lt\/#website","url":"https:\/\/gymfactory.eu\/lt\/","name":"Gym Factory","description":"","publisher":{"@id":"https:\/\/gymfactory.eu\/lt\/#organization"},"potentialAction":[{"@type":"SearchAction","target":{"@type":"EntryPoint","urlTemplate":"https:\/\/gymfactory.eu\/lt\/?s={search_term_string}"},"query-input":{"@type":"PropertyValueSpecification","valueRequired":true,"valueName":"search_term_string"}}],"inLanguage":"lt-LT"},{"@type":"Organization","@id":"https:\/\/gymfactory.eu\/lt\/#organization","name":"Sporto sal\u0117s gamykla","url":"https:\/\/gymfactory.eu\/lt\/","logo":{"@type":"ImageObject","inLanguage":"lt-LT","@id":"https:\/\/gymfactory.eu\/lt\/#\/schema\/logo\/image\/","url":"https:\/\/gymfactory.eu\/wp-content\/uploads\/2024\/11\/Component-1.svg","contentUrl":"https:\/\/gymfactory.eu\/wp-content\/uploads\/2024\/11\/Component-1.svg","width":54,"height":44,"caption":"Sporto sal\u0117s gamykla"},"image":{"@id":"https:\/\/gymfactory.eu\/lt\/#\/schema\/logo\/image\/"}}]}},"_links":{"self":[{"href":"https:\/\/gymfactory.eu\/lt\/wp-json\/wp\/v2\/product\/10030","targetHints":{"allow":["GET"]}}],"collection":[{"href":"https:\/\/gymfactory.eu\/lt\/wp-json\/wp\/v2\/product"}],"about":[{"href":"https:\/\/gymfactory.eu\/lt\/wp-json\/wp\/v2\/types\/product"}],"wp:featuredmedia":[{"embeddable":true,"href":"https:\/\/gymfactory.eu\/lt\/wp-json\/wp\/v2\/media\/8831"}],"wp:attachment":[{"href":"https:\/\/gymfactory.eu\/lt\/wp-json\/wp\/v2\/media?parent=10030"}],"wp:term":[{"taxonomy":"product_brand","embeddable":true,"href":"https:\/\/gymfactory.eu\/lt\/wp-json\/wp\/v2\/product_brand?post=10030"},{"taxonomy":"product_cat","embeddable":true,"href":"https:\/\/gymfactory.eu\/lt\/wp-json\/wp\/v2\/product_cat?post=10030"},{"taxonomy":"product_tag","embeddable":true,"href":"https:\/\/gymfactory.eu\/lt\/wp-json\/wp\/v2\/product_tag?post=10030"}],"curies":[{"name":"wp","href":"https:\/\/api.w.org\/{rel}","templated":true}]}}