{"id":10028,"date":"2025-02-13T19:59:46","date_gmt":"2025-02-13T17:59:46","guid":{"rendered":"https:\/\/gymfactory.eu\/product\/z09xx-hanteliu-stovai\/"},"modified":"2025-09-09T10:52:36","modified_gmt":"2025-09-09T07:52:36","slug":"z09xx-hanteliu-stovai","status":"publish","type":"product","link":"https:\/\/gymfactory.eu\/lt\/produktas\/z09xx-hanteliu-stovai\/","title":{"rendered":"Z09XX Reguliuojamo auk\u0161\u010dio hanteli\u0173 stovai"},"content":{"rendered":"<p>Z09XX \u2013 tai pora reguliuojamo auk\u0161\u010dio hanteli\u0173 stov\u0173, skirta saugesniam ir patogesniam treniruo\u010di\u0173 pasiruo\u0161imui. Galimyb\u0117 nustatyti hanteli\u0173 pradin\u0119 pad\u0117t\u012f padeda suma\u017einti nereikaling\u0105 \u012ftamp\u0105 nugarai, kai hanteliai paimami ar padedami.<\/p>\n<p>\u0160ie stovai ypa\u010d naudingi prie\u0161 atliekant spaudimus ar traukos pratimus \u2013 leid\u017eia prad\u0117ti judes\u012f i\u0161 patogaus auk\u0161\u010dio. Tai funkcionalus papildymas kiekvienai j\u0117gos treniruot\u0117ms pritaikytai erdvei, kur svarbi kontrol\u0117.<\/p>\n\n    <div class=\"xs_social_share_widget xs_share_url after_content \t\tmain_content  wslu-style-1 wslu-share-box-shaped wslu-fill-colored wslu-none wslu-share-horizontal wslu-theme-font-no wslu-main_content\">\n\n\t\t\n        <ul>\n\t\t\t        <\/ul>\n    <\/div> \n","protected":false},"excerpt":{"rendered":"<p>Z09XX \u2013 tai pora reguliuojamo auk\u0161\u010dio hanteli\u0173 stov\u0173, skirta saugesniam ir patogesniam treniruo\u010di\u0173 pasiruo\u0161imui. Galimyb\u0117 nustatyti hanteli\u0173 pradin\u0119 pad\u0117t\u012f padeda suma\u017einti nereikaling\u0105 \u012ftamp\u0105 nugarai, kai hanteliai paimami ar padedami. \u0160ie stovai ypa\u010d naudingi prie\u0161 atliekant spaudimus ar traukos pratimus \u2013 leid\u017eia prad\u0117ti judes\u012f i\u0161 patogaus auk\u0161\u010dio. Tai funkcionalus papildymas kiekvienai j\u0117gos treniruot\u0117ms pritaikytai erdvei, kur [&hellip;]<\/p>\n","protected":false},"featured_media":8829,"template":"","meta":{"_acf_changed":false},"product_brand":[56],"product_cat":[405],"product_tag":[415],"class_list":{"0":"post-10028","1":"product","2":"type-product","3":"status-publish","4":"has-post-thumbnail","6":"product_brand-gym-factory","7":"product_cat-svarmenys-ir-stangos","8":"product_tag-spalva-tik-metaline","10":"first","11":"onbackorder","12":"taxable","13":"shipping-taxable","14":"purchasable","15":"product-type-variable","16":"has-default-attributes"},"acf":[],"yoast_head":"<!-- This site is optimized with the Yoast SEO plugin v25.2 - https:\/\/yoast.com\/wordpress\/plugins\/seo\/ -->\n<title>Z09xx hanteli\u0173 stendai su auk\u0161tos kokyb\u0117s plieno konstrukcija<\/title>\n<meta name=\"description\" content=\"\u0160ie hanteli\u0173 stovai, kuri\u0173 konstrukcija pagaminta i\u0161 auk\u0161tos kokyb\u0117s plieno, yra patvar\u016bs ir stabil\u016bs, tod\u0117l jie prakti\u0161kai papildo bet koki\u0105 sporto sal\u0117s \u012frang\u0105.\" \/>\n<meta name=\"robots\" content=\"index, follow, max-snippet:-1, max-image-preview:large, max-video-preview:-1\" \/>\n<link rel=\"canonical\" href=\"https:\/\/gymfactory.eu\/lt\/produktas\/z09xx-hanteliu-stovai\/\" \/>\n<meta property=\"og:locale\" content=\"lt_LT\" \/>\n<meta property=\"og:type\" content=\"article\" \/>\n<meta property=\"og:title\" content=\"Z09xx hanteli\u0173 stendai su auk\u0161tos kokyb\u0117s plieno konstrukcija\" \/>\n<meta property=\"og:description\" content=\"\u0160ie hanteli\u0173 stovai, kuri\u0173 konstrukcija pagaminta i\u0161 auk\u0161tos kokyb\u0117s plieno, yra patvar\u016bs ir stabil\u016bs, tod\u0117l jie prakti\u0161kai papildo bet koki\u0105 sporto sal\u0117s \u012frang\u0105.\" \/>\n<meta property=\"og:url\" content=\"https:\/\/gymfactory.eu\/lt\/produktas\/z09xx-hanteliu-stovai\/\" \/>\n<meta property=\"og:site_name\" content=\"Gym Factory\" \/>\n<meta property=\"article:modified_time\" content=\"2025-09-09T07:52:36+00:00\" \/>\n<meta property=\"og:image\" content=\"https:\/\/gymfactory.eu\/wp-content\/uploads\/2025\/02\/Dumbbell-Rack-Durable-Adjustable-Stand-1.webp\" \/>\n\t<meta property=\"og:image:width\" content=\"1500\" \/>\n\t<meta property=\"og:image:height\" content=\"1500\" \/>\n\t<meta property=\"og:image:type\" content=\"image\/webp\" \/>\n<meta name=\"twitter:card\" content=\"summary_large_image\" \/>\n<meta name=\"twitter:label1\" content=\"Est. reading time\" \/>\n\t<meta name=\"twitter:data1\" content=\"1 minut\u0117\" \/>\n<script type=\"application\/ld+json\" class=\"yoast-schema-graph\">{\"@context\":\"https:\/\/schema.org\",\"@graph\":[{\"@type\":\"WebPage\",\"@id\":\"https:\/\/gymfactory.eu\/lt\/produktas\/z09xx-hanteliu-stovai\/\",\"url\":\"https:\/\/gymfactory.eu\/lt\/produktas\/z09xx-hanteliu-stovai\/\",\"name\":\"Z09xx hanteli\u0173 stendai su auk\u0161tos kokyb\u0117s plieno konstrukcija\",\"isPartOf\":{\"@id\":\"https:\/\/gymfactory.eu\/lt\/#website\"},\"primaryImageOfPage\":{\"@id\":\"https:\/\/gymfactory.eu\/lt\/produktas\/z09xx-hanteliu-stovai\/#primaryimage\"},\"image\":{\"@id\":\"https:\/\/gymfactory.eu\/lt\/produktas\/z09xx-hanteliu-stovai\/#primaryimage\"},\"thumbnailUrl\":\"https:\/\/gymfactory.eu\/wp-content\/uploads\/2025\/02\/Dumbbell-Rack-Durable-Adjustable-Stand-1.webp\",\"datePublished\":\"2025-02-13T17:59:46+00:00\",\"dateModified\":\"2025-09-09T07:52:36+00:00\",\"description\":\"\u0160ie hanteli\u0173 stovai, kuri\u0173 konstrukcija pagaminta i\u0161 auk\u0161tos kokyb\u0117s plieno, yra patvar\u016bs ir stabil\u016bs, tod\u0117l jie prakti\u0161kai papildo bet koki\u0105 sporto sal\u0117s \u012frang\u0105.\",\"breadcrumb\":{\"@id\":\"https:\/\/gymfactory.eu\/lt\/produktas\/z09xx-hanteliu-stovai\/#breadcrumb\"},\"inLanguage\":\"lt-LT\",\"potentialAction\":[{\"@type\":\"ReadAction\",\"target\":[\"https:\/\/gymfactory.eu\/lt\/produktas\/z09xx-hanteliu-stovai\/\"]}]},{\"@type\":\"ImageObject\",\"inLanguage\":\"lt-LT\",\"@id\":\"https:\/\/gymfactory.eu\/lt\/produktas\/z09xx-hanteliu-stovai\/#primaryimage\",\"url\":\"https:\/\/gymfactory.eu\/wp-content\/uploads\/2025\/02\/Dumbbell-Rack-Durable-Adjustable-Stand-1.webp\",\"contentUrl\":\"https:\/\/gymfactory.eu\/wp-content\/uploads\/2025\/02\/Dumbbell-Rack-Durable-Adjustable-Stand-1.webp\",\"width\":1500,\"height\":1500,\"caption\":\"Patvarus reguliuojamas hanteli\u0173 stovas, naudojamas j\u0117gos treniruokli\u0173 \u012frangoje, su juoda plieno konstrukcija, pamink\u0161tintomis hanteli\u0173 atramomis ir geresnei atramai skirtu pagrindu, izoliuotas baltame fone.\"},{\"@type\":\"BreadcrumbList\",\"@id\":\"https:\/\/gymfactory.eu\/lt\/produktas\/z09xx-hanteliu-stovai\/#breadcrumb\",\"itemListElement\":[{\"@type\":\"ListItem\",\"position\":1,\"name\":\"Pagrindinis\",\"item\":\"https:\/\/gymfactory.eu\/lt\/\"},{\"@type\":\"ListItem\",\"position\":2,\"name\":\"Katalogas\",\"item\":\"https:\/\/gymfactory.eu\/lt\/katalogas\/\"},{\"@type\":\"ListItem\",\"position\":3,\"name\":\"Z09XX Reguliuojamo auk\u0161\u010dio hanteli\u0173 stovai\"}]},{\"@type\":\"WebSite\",\"@id\":\"https:\/\/gymfactory.eu\/lt\/#website\",\"url\":\"https:\/\/gymfactory.eu\/lt\/\",\"name\":\"Gym Factory\",\"description\":\"\",\"publisher\":{\"@id\":\"https:\/\/gymfactory.eu\/lt\/#organization\"},\"potentialAction\":[{\"@type\":\"SearchAction\",\"target\":{\"@type\":\"EntryPoint\",\"urlTemplate\":\"https:\/\/gymfactory.eu\/lt\/?s={search_term_string}\"},\"query-input\":{\"@type\":\"PropertyValueSpecification\",\"valueRequired\":true,\"valueName\":\"search_term_string\"}}],\"inLanguage\":\"lt-LT\"},{\"@type\":\"Organization\",\"@id\":\"https:\/\/gymfactory.eu\/lt\/#organization\",\"name\":\"Sporto sal\u0117s gamykla\",\"url\":\"https:\/\/gymfactory.eu\/lt\/\",\"logo\":{\"@type\":\"ImageObject\",\"inLanguage\":\"lt-LT\",\"@id\":\"https:\/\/gymfactory.eu\/lt\/#\/schema\/logo\/image\/\",\"url\":\"https:\/\/gymfactory.eu\/wp-content\/uploads\/2024\/11\/Component-1.svg\",\"contentUrl\":\"https:\/\/gymfactory.eu\/wp-content\/uploads\/2024\/11\/Component-1.svg\",\"width\":54,\"height\":44,\"caption\":\"Sporto sal\u0117s gamykla\"},\"image\":{\"@id\":\"https:\/\/gymfactory.eu\/lt\/#\/schema\/logo\/image\/\"}}]}<\/script>\n<!-- \/ Yoast SEO plugin. -->","yoast_head_json":{"title":"Z09xx hanteli\u0173 stendai su auk\u0161tos kokyb\u0117s plieno konstrukcija","description":"\u0160ie hanteli\u0173 stovai, kuri\u0173 konstrukcija pagaminta i\u0161 auk\u0161tos kokyb\u0117s plieno, yra patvar\u016bs ir stabil\u016bs, tod\u0117l jie prakti\u0161kai papildo bet koki\u0105 sporto sal\u0117s \u012frang\u0105.","robots":{"index":"index","follow":"follow","max-snippet":"max-snippet:-1","max-image-preview":"max-image-preview:large","max-video-preview":"max-video-preview:-1"},"canonical":"https:\/\/gymfactory.eu\/lt\/produktas\/z09xx-hanteliu-stovai\/","og_locale":"lt_LT","og_type":"article","og_title":"Z09xx hanteli\u0173 stendai su auk\u0161tos kokyb\u0117s plieno konstrukcija","og_description":"\u0160ie hanteli\u0173 stovai, kuri\u0173 konstrukcija pagaminta i\u0161 auk\u0161tos kokyb\u0117s plieno, yra patvar\u016bs ir stabil\u016bs, tod\u0117l jie prakti\u0161kai papildo bet koki\u0105 sporto sal\u0117s \u012frang\u0105.","og_url":"https:\/\/gymfactory.eu\/lt\/produktas\/z09xx-hanteliu-stovai\/","og_site_name":"Gym Factory","article_modified_time":"2025-09-09T07:52:36+00:00","og_image":[{"width":1500,"height":1500,"url":"https:\/\/gymfactory.eu\/wp-content\/uploads\/2025\/02\/Dumbbell-Rack-Durable-Adjustable-Stand-1.webp","type":"image\/webp"}],"twitter_card":"summary_large_image","twitter_misc":{"Est. reading time":"1 minut\u0117"},"schema":{"@context":"https:\/\/schema.org","@graph":[{"@type":"WebPage","@id":"https:\/\/gymfactory.eu\/lt\/produktas\/z09xx-hanteliu-stovai\/","url":"https:\/\/gymfactory.eu\/lt\/produktas\/z09xx-hanteliu-stovai\/","name":"Z09xx hanteli\u0173 stendai su auk\u0161tos kokyb\u0117s plieno konstrukcija","isPartOf":{"@id":"https:\/\/gymfactory.eu\/lt\/#website"},"primaryImageOfPage":{"@id":"https:\/\/gymfactory.eu\/lt\/produktas\/z09xx-hanteliu-stovai\/#primaryimage"},"image":{"@id":"https:\/\/gymfactory.eu\/lt\/produktas\/z09xx-hanteliu-stovai\/#primaryimage"},"thumbnailUrl":"https:\/\/gymfactory.eu\/wp-content\/uploads\/2025\/02\/Dumbbell-Rack-Durable-Adjustable-Stand-1.webp","datePublished":"2025-02-13T17:59:46+00:00","dateModified":"2025-09-09T07:52:36+00:00","description":"\u0160ie hanteli\u0173 stovai, kuri\u0173 konstrukcija pagaminta i\u0161 auk\u0161tos kokyb\u0117s plieno, yra patvar\u016bs ir stabil\u016bs, tod\u0117l jie prakti\u0161kai papildo bet koki\u0105 sporto sal\u0117s \u012frang\u0105.","breadcrumb":{"@id":"https:\/\/gymfactory.eu\/lt\/produktas\/z09xx-hanteliu-stovai\/#breadcrumb"},"inLanguage":"lt-LT","potentialAction":[{"@type":"ReadAction","target":["https:\/\/gymfactory.eu\/lt\/produktas\/z09xx-hanteliu-stovai\/"]}]},{"@type":"ImageObject","inLanguage":"lt-LT","@id":"https:\/\/gymfactory.eu\/lt\/produktas\/z09xx-hanteliu-stovai\/#primaryimage","url":"https:\/\/gymfactory.eu\/wp-content\/uploads\/2025\/02\/Dumbbell-Rack-Durable-Adjustable-Stand-1.webp","contentUrl":"https:\/\/gymfactory.eu\/wp-content\/uploads\/2025\/02\/Dumbbell-Rack-Durable-Adjustable-Stand-1.webp","width":1500,"height":1500,"caption":"Patvarus reguliuojamas hanteli\u0173 stovas, naudojamas j\u0117gos treniruokli\u0173 \u012frangoje, su juoda plieno konstrukcija, pamink\u0161tintomis hanteli\u0173 atramomis ir geresnei atramai skirtu pagrindu, izoliuotas baltame fone."},{"@type":"BreadcrumbList","@id":"https:\/\/gymfactory.eu\/lt\/produktas\/z09xx-hanteliu-stovai\/#breadcrumb","itemListElement":[{"@type":"ListItem","position":1,"name":"Pagrindinis","item":"https:\/\/gymfactory.eu\/lt\/"},{"@type":"ListItem","position":2,"name":"Katalogas","item":"https:\/\/gymfactory.eu\/lt\/katalogas\/"},{"@type":"ListItem","position":3,"name":"Z09XX Reguliuojamo auk\u0161\u010dio hanteli\u0173 stovai"}]},{"@type":"WebSite","@id":"https:\/\/gymfactory.eu\/lt\/#website","url":"https:\/\/gymfactory.eu\/lt\/","name":"Gym Factory","description":"","publisher":{"@id":"https:\/\/gymfactory.eu\/lt\/#organization"},"potentialAction":[{"@type":"SearchAction","target":{"@type":"EntryPoint","urlTemplate":"https:\/\/gymfactory.eu\/lt\/?s={search_term_string}"},"query-input":{"@type":"PropertyValueSpecification","valueRequired":true,"valueName":"search_term_string"}}],"inLanguage":"lt-LT"},{"@type":"Organization","@id":"https:\/\/gymfactory.eu\/lt\/#organization","name":"Sporto sal\u0117s gamykla","url":"https:\/\/gymfactory.eu\/lt\/","logo":{"@type":"ImageObject","inLanguage":"lt-LT","@id":"https:\/\/gymfactory.eu\/lt\/#\/schema\/logo\/image\/","url":"https:\/\/gymfactory.eu\/wp-content\/uploads\/2024\/11\/Component-1.svg","contentUrl":"https:\/\/gymfactory.eu\/wp-content\/uploads\/2024\/11\/Component-1.svg","width":54,"height":44,"caption":"Sporto sal\u0117s gamykla"},"image":{"@id":"https:\/\/gymfactory.eu\/lt\/#\/schema\/logo\/image\/"}}]}},"_links":{"self":[{"href":"https:\/\/gymfactory.eu\/lt\/wp-json\/wp\/v2\/product\/10028","targetHints":{"allow":["GET"]}}],"collection":[{"href":"https:\/\/gymfactory.eu\/lt\/wp-json\/wp\/v2\/product"}],"about":[{"href":"https:\/\/gymfactory.eu\/lt\/wp-json\/wp\/v2\/types\/product"}],"wp:featuredmedia":[{"embeddable":true,"href":"https:\/\/gymfactory.eu\/lt\/wp-json\/wp\/v2\/media\/8829"}],"wp:attachment":[{"href":"https:\/\/gymfactory.eu\/lt\/wp-json\/wp\/v2\/media?parent=10028"}],"wp:term":[{"taxonomy":"product_brand","embeddable":true,"href":"https:\/\/gymfactory.eu\/lt\/wp-json\/wp\/v2\/product_brand?post=10028"},{"taxonomy":"product_cat","embeddable":true,"href":"https:\/\/gymfactory.eu\/lt\/wp-json\/wp\/v2\/product_cat?post=10028"},{"taxonomy":"product_tag","embeddable":true,"href":"https:\/\/gymfactory.eu\/lt\/wp-json\/wp\/v2\/product_tag?post=10028"}],"curies":[{"name":"wp","href":"https:\/\/api.w.org\/{rel}","templated":true}]}}