{"id":10026,"date":"2025-02-13T19:11:44","date_gmt":"2025-02-13T17:11:44","guid":{"rendered":"https:\/\/gymfactory.eu\/product\/z05-stangu-stovas\/"},"modified":"2025-09-10T10:57:58","modified_gmt":"2025-09-10T07:57:58","slug":"z05-stangu-stovas","status":"publish","type":"product","link":"https:\/\/gymfactory.eu\/lt\/produktas\/z05-stangu-stovas\/","title":{"rendered":"Z05 Vertikalus grif\u0173 stovas"},"content":{"rendered":"<p>Z05 vertikalus grif\u0173 stovas \u2013 kompakti\u0161kas sprendimas 50\u202fmm skersmens grifams laikyti nam\u0173 ar profesionalioje sporto sal\u0117s aplinkoje. Leid\u017eia vertikaliai laikyti iki 6 grif\u0173, taupant grind\u0173 plot\u0105 ir palaikant tvark\u0105 treniruo\u010di\u0173 zonoje.<\/p>\n<p>Tvirtas, viet\u0105 taupantis dizainas u\u017etikrina patog\u0173 pri\u0117jim\u0105 prie \u012frangos ir efektyv\u0173 erdv\u0117s i\u0161naudojim\u0105.<\/p>\n\n    <div class=\"xs_social_share_widget xs_share_url after_content \t\tmain_content  wslu-style-1 wslu-share-box-shaped wslu-fill-colored wslu-none wslu-share-horizontal wslu-theme-font-no wslu-main_content\">\n\n\t\t\n        <ul>\n\t\t\t        <\/ul>\n    <\/div> \n","protected":false},"excerpt":{"rendered":"<p>Z05 vertikalus grif\u0173 stovas \u2013 kompakti\u0161kas sprendimas 50\u202fmm skersmens grifams laikyti nam\u0173 ar profesionalioje sporto sal\u0117s aplinkoje. Leid\u017eia vertikaliai laikyti iki 6 grif\u0173, taupant grind\u0173 plot\u0105 ir palaikant tvark\u0105 treniruo\u010di\u0173 zonoje. Tvirtas, viet\u0105 taupantis dizainas u\u017etikrina patog\u0173 pri\u0117jim\u0105 prie \u012frangos ir efektyv\u0173 erdv\u0117s i\u0161naudojim\u0105.<\/p>\n","protected":false},"featured_media":24562,"template":"","meta":{"_acf_changed":false},"product_brand":[817],"product_cat":[405],"product_tag":[415],"class_list":{"0":"post-10026","1":"product","2":"type-product","3":"status-publish","4":"has-post-thumbnail","6":"product_brand-gym-factory-lt","7":"product_cat-svarmenys-ir-stangos","8":"product_tag-spalva-tik-metaline","10":"first","11":"onbackorder","12":"taxable","13":"shipping-taxable","14":"purchasable","15":"product-type-simple"},"acf":[],"yoast_head":"<!-- This site is optimized with the Yoast SEO plugin v25.2 - https:\/\/yoast.com\/wordpress\/plugins\/seo\/ -->\n<title>Z05 \u0161tangos stovas, skirtas nam\u0173 fitneso ir komercinei treniruokli\u0173 salei<\/title>\n<meta name=\"description\" content=\"\u0160is \u0161tang\u0173 stovas puikiai tinka nam\u0173 treniruokliams ir komercin\u0117ms sporto sal\u0117ms, nes suteikia saug\u0173 ir organizuot\u0105 saugojimo sprendim\u0105, kad treniruo\u010di\u0173 zonoje neb\u016bt\u0173 netvarkos.\" \/>\n<meta name=\"robots\" content=\"index, follow, max-snippet:-1, max-image-preview:large, max-video-preview:-1\" \/>\n<link rel=\"canonical\" href=\"https:\/\/gymfactory.eu\/lt\/produktas\/z05-stangu-stovas\/\" \/>\n<meta property=\"og:locale\" content=\"lt_LT\" \/>\n<meta property=\"og:type\" content=\"article\" \/>\n<meta property=\"og:title\" content=\"Z05 \u0161tangos stovas, skirtas nam\u0173 fitneso ir komercinei treniruokli\u0173 salei\" \/>\n<meta property=\"og:description\" content=\"\u0160is \u0161tang\u0173 stovas puikiai tinka nam\u0173 treniruokliams ir komercin\u0117ms sporto sal\u0117ms, nes suteikia saug\u0173 ir organizuot\u0105 saugojimo sprendim\u0105, kad treniruo\u010di\u0173 zonoje neb\u016bt\u0173 netvarkos.\" \/>\n<meta property=\"og:url\" content=\"https:\/\/gymfactory.eu\/lt\/produktas\/z05-stangu-stovas\/\" \/>\n<meta property=\"og:site_name\" content=\"Gym Factory\" \/>\n<meta property=\"article:modified_time\" content=\"2025-09-10T07:57:58+00:00\" \/>\n<meta property=\"og:image\" content=\"https:\/\/gymfactory.eu\/wp-content\/uploads\/2025\/02\/Barbell-Rack-1.webp\" \/>\n\t<meta property=\"og:image:width\" content=\"1500\" \/>\n\t<meta property=\"og:image:height\" content=\"1500\" \/>\n\t<meta property=\"og:image:type\" content=\"image\/webp\" \/>\n<meta name=\"twitter:card\" content=\"summary_large_image\" \/>\n<meta name=\"twitter:label1\" content=\"Est. reading time\" \/>\n\t<meta name=\"twitter:data1\" content=\"1 minut\u0117\" \/>\n<script type=\"application\/ld+json\" class=\"yoast-schema-graph\">{\"@context\":\"https:\/\/schema.org\",\"@graph\":[{\"@type\":\"WebPage\",\"@id\":\"https:\/\/gymfactory.eu\/lt\/produktas\/z05-stangu-stovas\/\",\"url\":\"https:\/\/gymfactory.eu\/lt\/produktas\/z05-stangu-stovas\/\",\"name\":\"Z05 \u0161tangos stovas, skirtas nam\u0173 fitneso ir komercinei treniruokli\u0173 salei\",\"isPartOf\":{\"@id\":\"https:\/\/gymfactory.eu\/lt\/#website\"},\"primaryImageOfPage\":{\"@id\":\"https:\/\/gymfactory.eu\/lt\/produktas\/z05-stangu-stovas\/#primaryimage\"},\"image\":{\"@id\":\"https:\/\/gymfactory.eu\/lt\/produktas\/z05-stangu-stovas\/#primaryimage\"},\"thumbnailUrl\":\"https:\/\/gymfactory.eu\/wp-content\/uploads\/2025\/02\/Barbell-Rack-1.webp\",\"datePublished\":\"2025-02-13T17:11:44+00:00\",\"dateModified\":\"2025-09-10T07:57:58+00:00\",\"description\":\"\u0160is \u0161tang\u0173 stovas puikiai tinka nam\u0173 treniruokliams ir komercin\u0117ms sporto sal\u0117ms, nes suteikia saug\u0173 ir organizuot\u0105 saugojimo sprendim\u0105, kad treniruo\u010di\u0173 zonoje neb\u016bt\u0173 netvarkos.\",\"breadcrumb\":{\"@id\":\"https:\/\/gymfactory.eu\/lt\/produktas\/z05-stangu-stovas\/#breadcrumb\"},\"inLanguage\":\"lt-LT\",\"potentialAction\":[{\"@type\":\"ReadAction\",\"target\":[\"https:\/\/gymfactory.eu\/lt\/produktas\/z05-stangu-stovas\/\"]}]},{\"@type\":\"ImageObject\",\"inLanguage\":\"lt-LT\",\"@id\":\"https:\/\/gymfactory.eu\/lt\/produktas\/z05-stangu-stovas\/#primaryimage\",\"url\":\"https:\/\/gymfactory.eu\/wp-content\/uploads\/2025\/02\/Barbell-Rack-1.webp\",\"contentUrl\":\"https:\/\/gymfactory.eu\/wp-content\/uploads\/2025\/02\/Barbell-Rack-1.webp\",\"width\":1500,\"height\":1500,\"caption\":\"A black barbell rack is made of sturdy steel featuring six vertical cylindrical holders designed for organizing and storing barbells efficiently, ideal for strength training exercise equipment setups.\"},{\"@type\":\"BreadcrumbList\",\"@id\":\"https:\/\/gymfactory.eu\/lt\/produktas\/z05-stangu-stovas\/#breadcrumb\",\"itemListElement\":[{\"@type\":\"ListItem\",\"position\":1,\"name\":\"Pagrindinis\",\"item\":\"https:\/\/gymfactory.eu\/lt\/\"},{\"@type\":\"ListItem\",\"position\":2,\"name\":\"Katalogas\",\"item\":\"https:\/\/gymfactory.eu\/lt\/katalogas\/\"},{\"@type\":\"ListItem\",\"position\":3,\"name\":\"Z05 Vertikalus grif\u0173 stovas\"}]},{\"@type\":\"WebSite\",\"@id\":\"https:\/\/gymfactory.eu\/lt\/#website\",\"url\":\"https:\/\/gymfactory.eu\/lt\/\",\"name\":\"Gym Factory\",\"description\":\"\",\"publisher\":{\"@id\":\"https:\/\/gymfactory.eu\/lt\/#organization\"},\"potentialAction\":[{\"@type\":\"SearchAction\",\"target\":{\"@type\":\"EntryPoint\",\"urlTemplate\":\"https:\/\/gymfactory.eu\/lt\/?s={search_term_string}\"},\"query-input\":{\"@type\":\"PropertyValueSpecification\",\"valueRequired\":true,\"valueName\":\"search_term_string\"}}],\"inLanguage\":\"lt-LT\"},{\"@type\":\"Organization\",\"@id\":\"https:\/\/gymfactory.eu\/lt\/#organization\",\"name\":\"Sporto sal\u0117s gamykla\",\"url\":\"https:\/\/gymfactory.eu\/lt\/\",\"logo\":{\"@type\":\"ImageObject\",\"inLanguage\":\"lt-LT\",\"@id\":\"https:\/\/gymfactory.eu\/lt\/#\/schema\/logo\/image\/\",\"url\":\"https:\/\/gymfactory.eu\/wp-content\/uploads\/2024\/11\/Component-1.svg\",\"contentUrl\":\"https:\/\/gymfactory.eu\/wp-content\/uploads\/2024\/11\/Component-1.svg\",\"width\":54,\"height\":44,\"caption\":\"Sporto sal\u0117s gamykla\"},\"image\":{\"@id\":\"https:\/\/gymfactory.eu\/lt\/#\/schema\/logo\/image\/\"}}]}<\/script>\n<!-- \/ Yoast SEO plugin. -->","yoast_head_json":{"title":"Z05 \u0161tangos stovas, skirtas nam\u0173 fitneso ir komercinei treniruokli\u0173 salei","description":"\u0160is \u0161tang\u0173 stovas puikiai tinka nam\u0173 treniruokliams ir komercin\u0117ms sporto sal\u0117ms, nes suteikia saug\u0173 ir organizuot\u0105 saugojimo sprendim\u0105, kad treniruo\u010di\u0173 zonoje neb\u016bt\u0173 netvarkos.","robots":{"index":"index","follow":"follow","max-snippet":"max-snippet:-1","max-image-preview":"max-image-preview:large","max-video-preview":"max-video-preview:-1"},"canonical":"https:\/\/gymfactory.eu\/lt\/produktas\/z05-stangu-stovas\/","og_locale":"lt_LT","og_type":"article","og_title":"Z05 \u0161tangos stovas, skirtas nam\u0173 fitneso ir komercinei treniruokli\u0173 salei","og_description":"\u0160is \u0161tang\u0173 stovas puikiai tinka nam\u0173 treniruokliams ir komercin\u0117ms sporto sal\u0117ms, nes suteikia saug\u0173 ir organizuot\u0105 saugojimo sprendim\u0105, kad treniruo\u010di\u0173 zonoje neb\u016bt\u0173 netvarkos.","og_url":"https:\/\/gymfactory.eu\/lt\/produktas\/z05-stangu-stovas\/","og_site_name":"Gym Factory","article_modified_time":"2025-09-10T07:57:58+00:00","og_image":[{"width":1500,"height":1500,"url":"https:\/\/gymfactory.eu\/wp-content\/uploads\/2025\/02\/Barbell-Rack-1.webp","type":"image\/webp"}],"twitter_card":"summary_large_image","twitter_misc":{"Est. reading time":"1 minut\u0117"},"schema":{"@context":"https:\/\/schema.org","@graph":[{"@type":"WebPage","@id":"https:\/\/gymfactory.eu\/lt\/produktas\/z05-stangu-stovas\/","url":"https:\/\/gymfactory.eu\/lt\/produktas\/z05-stangu-stovas\/","name":"Z05 \u0161tangos stovas, skirtas nam\u0173 fitneso ir komercinei treniruokli\u0173 salei","isPartOf":{"@id":"https:\/\/gymfactory.eu\/lt\/#website"},"primaryImageOfPage":{"@id":"https:\/\/gymfactory.eu\/lt\/produktas\/z05-stangu-stovas\/#primaryimage"},"image":{"@id":"https:\/\/gymfactory.eu\/lt\/produktas\/z05-stangu-stovas\/#primaryimage"},"thumbnailUrl":"https:\/\/gymfactory.eu\/wp-content\/uploads\/2025\/02\/Barbell-Rack-1.webp","datePublished":"2025-02-13T17:11:44+00:00","dateModified":"2025-09-10T07:57:58+00:00","description":"\u0160is \u0161tang\u0173 stovas puikiai tinka nam\u0173 treniruokliams ir komercin\u0117ms sporto sal\u0117ms, nes suteikia saug\u0173 ir organizuot\u0105 saugojimo sprendim\u0105, kad treniruo\u010di\u0173 zonoje neb\u016bt\u0173 netvarkos.","breadcrumb":{"@id":"https:\/\/gymfactory.eu\/lt\/produktas\/z05-stangu-stovas\/#breadcrumb"},"inLanguage":"lt-LT","potentialAction":[{"@type":"ReadAction","target":["https:\/\/gymfactory.eu\/lt\/produktas\/z05-stangu-stovas\/"]}]},{"@type":"ImageObject","inLanguage":"lt-LT","@id":"https:\/\/gymfactory.eu\/lt\/produktas\/z05-stangu-stovas\/#primaryimage","url":"https:\/\/gymfactory.eu\/wp-content\/uploads\/2025\/02\/Barbell-Rack-1.webp","contentUrl":"https:\/\/gymfactory.eu\/wp-content\/uploads\/2025\/02\/Barbell-Rack-1.webp","width":1500,"height":1500,"caption":"A black barbell rack is made of sturdy steel featuring six vertical cylindrical holders designed for organizing and storing barbells efficiently, ideal for strength training exercise equipment setups."},{"@type":"BreadcrumbList","@id":"https:\/\/gymfactory.eu\/lt\/produktas\/z05-stangu-stovas\/#breadcrumb","itemListElement":[{"@type":"ListItem","position":1,"name":"Pagrindinis","item":"https:\/\/gymfactory.eu\/lt\/"},{"@type":"ListItem","position":2,"name":"Katalogas","item":"https:\/\/gymfactory.eu\/lt\/katalogas\/"},{"@type":"ListItem","position":3,"name":"Z05 Vertikalus grif\u0173 stovas"}]},{"@type":"WebSite","@id":"https:\/\/gymfactory.eu\/lt\/#website","url":"https:\/\/gymfactory.eu\/lt\/","name":"Gym Factory","description":"","publisher":{"@id":"https:\/\/gymfactory.eu\/lt\/#organization"},"potentialAction":[{"@type":"SearchAction","target":{"@type":"EntryPoint","urlTemplate":"https:\/\/gymfactory.eu\/lt\/?s={search_term_string}"},"query-input":{"@type":"PropertyValueSpecification","valueRequired":true,"valueName":"search_term_string"}}],"inLanguage":"lt-LT"},{"@type":"Organization","@id":"https:\/\/gymfactory.eu\/lt\/#organization","name":"Sporto sal\u0117s gamykla","url":"https:\/\/gymfactory.eu\/lt\/","logo":{"@type":"ImageObject","inLanguage":"lt-LT","@id":"https:\/\/gymfactory.eu\/lt\/#\/schema\/logo\/image\/","url":"https:\/\/gymfactory.eu\/wp-content\/uploads\/2024\/11\/Component-1.svg","contentUrl":"https:\/\/gymfactory.eu\/wp-content\/uploads\/2024\/11\/Component-1.svg","width":54,"height":44,"caption":"Sporto sal\u0117s gamykla"},"image":{"@id":"https:\/\/gymfactory.eu\/lt\/#\/schema\/logo\/image\/"}}]}},"_links":{"self":[{"href":"https:\/\/gymfactory.eu\/lt\/wp-json\/wp\/v2\/product\/10026","targetHints":{"allow":["GET"]}}],"collection":[{"href":"https:\/\/gymfactory.eu\/lt\/wp-json\/wp\/v2\/product"}],"about":[{"href":"https:\/\/gymfactory.eu\/lt\/wp-json\/wp\/v2\/types\/product"}],"wp:featuredmedia":[{"embeddable":true,"href":"https:\/\/gymfactory.eu\/lt\/wp-json\/wp\/v2\/media\/24562"}],"wp:attachment":[{"href":"https:\/\/gymfactory.eu\/lt\/wp-json\/wp\/v2\/media?parent=10026"}],"wp:term":[{"taxonomy":"product_brand","embeddable":true,"href":"https:\/\/gymfactory.eu\/lt\/wp-json\/wp\/v2\/product_brand?post=10026"},{"taxonomy":"product_cat","embeddable":true,"href":"https:\/\/gymfactory.eu\/lt\/wp-json\/wp\/v2\/product_cat?post=10026"},{"taxonomy":"product_tag","embeddable":true,"href":"https:\/\/gymfactory.eu\/lt\/wp-json\/wp\/v2\/product_tag?post=10026"}],"curies":[{"name":"wp","href":"https:\/\/api.w.org\/{rel}","templated":true}]}}