{"id":10023,"date":"2025-02-12T15:00:03","date_gmt":"2025-02-12T13:00:03","guid":{"rendered":"https:\/\/gymfactory.eu\/product\/tg-2xxxp-reguliuojamas-lektuvo-sedynes-saugos-dirzas\/"},"modified":"2025-09-09T15:57:19","modified_gmt":"2025-09-09T12:57:19","slug":"tg-2xxxp-reguliuojamas-lektuvo-sedynes-saugos-dirzas","status":"publish","type":"product","link":"https:\/\/gymfactory.eu\/lt\/produktas\/tg-2xxxp-reguliuojamas-lektuvo-sedynes-saugos-dirzas\/","title":{"rendered":"TG\u20132XXXP Reguliuojamas saugos dir\u017eas"},"content":{"rendered":"<p>TG\u20132XXXP reguliuojamas saugos dir\u017eas, pagamintas l\u0117ktuvo s\u0117dyn\u0117s dir\u017eo stiliumi. Turi tvirt\u0105 metalin\u0119 sagt\u012f greitam u\u017esegimui ir atsegimui bei ilgio reguliavimo mechanizm\u0105, leid\u017eiant\u012f pritaikyti dir\u017e\u0105 \u012fvairaus sud\u0117jimo naudotojams. Tinka naudoti sporto treniruokliuose ar reabilitacijos \u012frangoje, kai reikalingas saugus naudotojo fiksavimas.<\/p>\n\n    <div class=\"xs_social_share_widget xs_share_url after_content \t\tmain_content  wslu-style-1 wslu-share-box-shaped wslu-fill-colored wslu-none wslu-share-horizontal wslu-theme-font-no wslu-main_content\">\n\n\t\t\n        <ul>\n\t\t\t        <\/ul>\n    <\/div> \n","protected":false},"excerpt":{"rendered":"<p>TG\u20132XXXP reguliuojamas saugos dir\u017eas, pagamintas l\u0117ktuvo s\u0117dyn\u0117s dir\u017eo stiliumi. Turi tvirt\u0105 metalin\u0119 sagt\u012f greitam u\u017esegimui ir atsegimui bei ilgio reguliavimo mechanizm\u0105, leid\u017eiant\u012f pritaikyti dir\u017e\u0105 \u012fvairaus sud\u0117jimo naudotojams. Tinka naudoti sporto treniruokliuose ar reabilitacijos \u012frangoje, kai reikalingas saugus naudotojo fiksavimas.<\/p>\n","protected":false},"featured_media":8010,"template":"","meta":{"_acf_changed":false},"product_brand":[56],"product_cat":[392],"product_tag":[],"class_list":{"0":"post-10023","1":"product","2":"type-product","3":"status-publish","4":"has-post-thumbnail","6":"product_brand-gym-factory","7":"product_cat-atsargines-dalys","9":"first","10":"onbackorder","11":"taxable","12":"shipping-taxable","13":"purchasable","14":"product-type-simple"},"acf":[],"yoast_head":"<!-- This site is optimized with the Yoast SEO plugin v25.2 - https:\/\/yoast.com\/wordpress\/plugins\/seo\/ -->\n<title>TG-2XXXP reguliuojamas l\u0117ktuvo s\u0117dyn\u0117s saugos dir\u017eas - sporto sal\u0117s atsargin\u0117 dalis<\/title>\n<meta name=\"description\" content=\"TG-2XXXP reguliuojamas l\u0117ktuvo s\u0117dyn\u0117s saugos dir\u017eas yra patvari sporto sal\u0117s atsargin\u0117 dalis, skirta saugiam ir stabiliam naudojimui treniruokli\u0173 dalyse.\" \/>\n<meta name=\"robots\" content=\"index, follow, max-snippet:-1, max-image-preview:large, max-video-preview:-1\" \/>\n<link rel=\"canonical\" href=\"https:\/\/gymfactory.eu\/lt\/produktas\/tg-2xxxp-reguliuojamas-lektuvo-sedynes-saugos-dirzas\/\" \/>\n<meta property=\"og:locale\" content=\"lt_LT\" \/>\n<meta property=\"og:type\" content=\"article\" \/>\n<meta property=\"og:title\" content=\"TG-2XXXP reguliuojamas l\u0117ktuvo s\u0117dyn\u0117s saugos dir\u017eas - sporto sal\u0117s atsargin\u0117 dalis\" \/>\n<meta property=\"og:description\" content=\"TG-2XXXP reguliuojamas l\u0117ktuvo s\u0117dyn\u0117s saugos dir\u017eas yra patvari sporto sal\u0117s atsargin\u0117 dalis, skirta saugiam ir stabiliam naudojimui treniruokli\u0173 dalyse.\" \/>\n<meta property=\"og:url\" content=\"https:\/\/gymfactory.eu\/lt\/produktas\/tg-2xxxp-reguliuojamas-lektuvo-sedynes-saugos-dirzas\/\" \/>\n<meta property=\"og:site_name\" content=\"Gym Factory\" \/>\n<meta property=\"article:modified_time\" content=\"2025-09-09T12:57:19+00:00\" \/>\n<meta property=\"og:image\" content=\"https:\/\/gymfactory.eu\/wp-content\/uploads\/2025\/02\/Dirzas.jpg\" \/>\n\t<meta property=\"og:image:width\" content=\"1500\" \/>\n\t<meta property=\"og:image:height\" content=\"1500\" \/>\n\t<meta property=\"og:image:type\" content=\"image\/jpeg\" \/>\n<meta name=\"twitter:card\" content=\"summary_large_image\" \/>\n<meta name=\"twitter:label1\" content=\"Est. reading time\" \/>\n\t<meta name=\"twitter:data1\" content=\"1 minut\u0117\" \/>\n<script type=\"application\/ld+json\" class=\"yoast-schema-graph\">{\"@context\":\"https:\/\/schema.org\",\"@graph\":[{\"@type\":\"WebPage\",\"@id\":\"https:\/\/gymfactory.eu\/lt\/produktas\/tg-2xxxp-reguliuojamas-lektuvo-sedynes-saugos-dirzas\/\",\"url\":\"https:\/\/gymfactory.eu\/lt\/produktas\/tg-2xxxp-reguliuojamas-lektuvo-sedynes-saugos-dirzas\/\",\"name\":\"TG-2XXXP reguliuojamas l\u0117ktuvo s\u0117dyn\u0117s saugos dir\u017eas - sporto sal\u0117s atsargin\u0117 dalis\",\"isPartOf\":{\"@id\":\"https:\/\/gymfactory.eu\/lt\/#website\"},\"primaryImageOfPage\":{\"@id\":\"https:\/\/gymfactory.eu\/lt\/produktas\/tg-2xxxp-reguliuojamas-lektuvo-sedynes-saugos-dirzas\/#primaryimage\"},\"image\":{\"@id\":\"https:\/\/gymfactory.eu\/lt\/produktas\/tg-2xxxp-reguliuojamas-lektuvo-sedynes-saugos-dirzas\/#primaryimage\"},\"thumbnailUrl\":\"https:\/\/gymfactory.eu\/wp-content\/uploads\/2025\/02\/Dirzas.jpg\",\"datePublished\":\"2025-02-12T13:00:03+00:00\",\"dateModified\":\"2025-09-09T12:57:19+00:00\",\"description\":\"TG-2XXXP reguliuojamas l\u0117ktuvo s\u0117dyn\u0117s saugos dir\u017eas yra patvari sporto sal\u0117s atsargin\u0117 dalis, skirta saugiam ir stabiliam naudojimui treniruokli\u0173 dalyse.\",\"breadcrumb\":{\"@id\":\"https:\/\/gymfactory.eu\/lt\/produktas\/tg-2xxxp-reguliuojamas-lektuvo-sedynes-saugos-dirzas\/#breadcrumb\"},\"inLanguage\":\"lt-LT\",\"potentialAction\":[{\"@type\":\"ReadAction\",\"target\":[\"https:\/\/gymfactory.eu\/lt\/produktas\/tg-2xxxp-reguliuojamas-lektuvo-sedynes-saugos-dirzas\/\"]}]},{\"@type\":\"ImageObject\",\"inLanguage\":\"lt-LT\",\"@id\":\"https:\/\/gymfactory.eu\/lt\/produktas\/tg-2xxxp-reguliuojamas-lektuvo-sedynes-saugos-dirzas\/#primaryimage\",\"url\":\"https:\/\/gymfactory.eu\/wp-content\/uploads\/2025\/02\/Dirzas.jpg\",\"contentUrl\":\"https:\/\/gymfactory.eu\/wp-content\/uploads\/2025\/02\/Dirzas.jpg\",\"width\":1500,\"height\":1500},{\"@type\":\"BreadcrumbList\",\"@id\":\"https:\/\/gymfactory.eu\/lt\/produktas\/tg-2xxxp-reguliuojamas-lektuvo-sedynes-saugos-dirzas\/#breadcrumb\",\"itemListElement\":[{\"@type\":\"ListItem\",\"position\":1,\"name\":\"Pagrindinis\",\"item\":\"https:\/\/gymfactory.eu\/lt\/\"},{\"@type\":\"ListItem\",\"position\":2,\"name\":\"Katalogas\",\"item\":\"https:\/\/gymfactory.eu\/lt\/katalogas\/\"},{\"@type\":\"ListItem\",\"position\":3,\"name\":\"TG\u20132XXXP Reguliuojamas saugos dir\u017eas\"}]},{\"@type\":\"WebSite\",\"@id\":\"https:\/\/gymfactory.eu\/lt\/#website\",\"url\":\"https:\/\/gymfactory.eu\/lt\/\",\"name\":\"Gym Factory\",\"description\":\"\",\"publisher\":{\"@id\":\"https:\/\/gymfactory.eu\/lt\/#organization\"},\"potentialAction\":[{\"@type\":\"SearchAction\",\"target\":{\"@type\":\"EntryPoint\",\"urlTemplate\":\"https:\/\/gymfactory.eu\/lt\/?s={search_term_string}\"},\"query-input\":{\"@type\":\"PropertyValueSpecification\",\"valueRequired\":true,\"valueName\":\"search_term_string\"}}],\"inLanguage\":\"lt-LT\"},{\"@type\":\"Organization\",\"@id\":\"https:\/\/gymfactory.eu\/lt\/#organization\",\"name\":\"Sporto sal\u0117s gamykla\",\"url\":\"https:\/\/gymfactory.eu\/lt\/\",\"logo\":{\"@type\":\"ImageObject\",\"inLanguage\":\"lt-LT\",\"@id\":\"https:\/\/gymfactory.eu\/lt\/#\/schema\/logo\/image\/\",\"url\":\"https:\/\/gymfactory.eu\/wp-content\/uploads\/2024\/11\/Component-1.svg\",\"contentUrl\":\"https:\/\/gymfactory.eu\/wp-content\/uploads\/2024\/11\/Component-1.svg\",\"width\":54,\"height\":44,\"caption\":\"Sporto sal\u0117s gamykla\"},\"image\":{\"@id\":\"https:\/\/gymfactory.eu\/lt\/#\/schema\/logo\/image\/\"}}]}<\/script>\n<!-- \/ Yoast SEO plugin. -->","yoast_head_json":{"title":"TG-2XXXP reguliuojamas l\u0117ktuvo s\u0117dyn\u0117s saugos dir\u017eas - sporto sal\u0117s atsargin\u0117 dalis","description":"TG-2XXXP reguliuojamas l\u0117ktuvo s\u0117dyn\u0117s saugos dir\u017eas yra patvari sporto sal\u0117s atsargin\u0117 dalis, skirta saugiam ir stabiliam naudojimui treniruokli\u0173 dalyse.","robots":{"index":"index","follow":"follow","max-snippet":"max-snippet:-1","max-image-preview":"max-image-preview:large","max-video-preview":"max-video-preview:-1"},"canonical":"https:\/\/gymfactory.eu\/lt\/produktas\/tg-2xxxp-reguliuojamas-lektuvo-sedynes-saugos-dirzas\/","og_locale":"lt_LT","og_type":"article","og_title":"TG-2XXXP reguliuojamas l\u0117ktuvo s\u0117dyn\u0117s saugos dir\u017eas - sporto sal\u0117s atsargin\u0117 dalis","og_description":"TG-2XXXP reguliuojamas l\u0117ktuvo s\u0117dyn\u0117s saugos dir\u017eas yra patvari sporto sal\u0117s atsargin\u0117 dalis, skirta saugiam ir stabiliam naudojimui treniruokli\u0173 dalyse.","og_url":"https:\/\/gymfactory.eu\/lt\/produktas\/tg-2xxxp-reguliuojamas-lektuvo-sedynes-saugos-dirzas\/","og_site_name":"Gym Factory","article_modified_time":"2025-09-09T12:57:19+00:00","og_image":[{"width":1500,"height":1500,"url":"https:\/\/gymfactory.eu\/wp-content\/uploads\/2025\/02\/Dirzas.jpg","type":"image\/jpeg"}],"twitter_card":"summary_large_image","twitter_misc":{"Est. reading time":"1 minut\u0117"},"schema":{"@context":"https:\/\/schema.org","@graph":[{"@type":"WebPage","@id":"https:\/\/gymfactory.eu\/lt\/produktas\/tg-2xxxp-reguliuojamas-lektuvo-sedynes-saugos-dirzas\/","url":"https:\/\/gymfactory.eu\/lt\/produktas\/tg-2xxxp-reguliuojamas-lektuvo-sedynes-saugos-dirzas\/","name":"TG-2XXXP reguliuojamas l\u0117ktuvo s\u0117dyn\u0117s saugos dir\u017eas - sporto sal\u0117s atsargin\u0117 dalis","isPartOf":{"@id":"https:\/\/gymfactory.eu\/lt\/#website"},"primaryImageOfPage":{"@id":"https:\/\/gymfactory.eu\/lt\/produktas\/tg-2xxxp-reguliuojamas-lektuvo-sedynes-saugos-dirzas\/#primaryimage"},"image":{"@id":"https:\/\/gymfactory.eu\/lt\/produktas\/tg-2xxxp-reguliuojamas-lektuvo-sedynes-saugos-dirzas\/#primaryimage"},"thumbnailUrl":"https:\/\/gymfactory.eu\/wp-content\/uploads\/2025\/02\/Dirzas.jpg","datePublished":"2025-02-12T13:00:03+00:00","dateModified":"2025-09-09T12:57:19+00:00","description":"TG-2XXXP reguliuojamas l\u0117ktuvo s\u0117dyn\u0117s saugos dir\u017eas yra patvari sporto sal\u0117s atsargin\u0117 dalis, skirta saugiam ir stabiliam naudojimui treniruokli\u0173 dalyse.","breadcrumb":{"@id":"https:\/\/gymfactory.eu\/lt\/produktas\/tg-2xxxp-reguliuojamas-lektuvo-sedynes-saugos-dirzas\/#breadcrumb"},"inLanguage":"lt-LT","potentialAction":[{"@type":"ReadAction","target":["https:\/\/gymfactory.eu\/lt\/produktas\/tg-2xxxp-reguliuojamas-lektuvo-sedynes-saugos-dirzas\/"]}]},{"@type":"ImageObject","inLanguage":"lt-LT","@id":"https:\/\/gymfactory.eu\/lt\/produktas\/tg-2xxxp-reguliuojamas-lektuvo-sedynes-saugos-dirzas\/#primaryimage","url":"https:\/\/gymfactory.eu\/wp-content\/uploads\/2025\/02\/Dirzas.jpg","contentUrl":"https:\/\/gymfactory.eu\/wp-content\/uploads\/2025\/02\/Dirzas.jpg","width":1500,"height":1500},{"@type":"BreadcrumbList","@id":"https:\/\/gymfactory.eu\/lt\/produktas\/tg-2xxxp-reguliuojamas-lektuvo-sedynes-saugos-dirzas\/#breadcrumb","itemListElement":[{"@type":"ListItem","position":1,"name":"Pagrindinis","item":"https:\/\/gymfactory.eu\/lt\/"},{"@type":"ListItem","position":2,"name":"Katalogas","item":"https:\/\/gymfactory.eu\/lt\/katalogas\/"},{"@type":"ListItem","position":3,"name":"TG\u20132XXXP Reguliuojamas saugos dir\u017eas"}]},{"@type":"WebSite","@id":"https:\/\/gymfactory.eu\/lt\/#website","url":"https:\/\/gymfactory.eu\/lt\/","name":"Gym Factory","description":"","publisher":{"@id":"https:\/\/gymfactory.eu\/lt\/#organization"},"potentialAction":[{"@type":"SearchAction","target":{"@type":"EntryPoint","urlTemplate":"https:\/\/gymfactory.eu\/lt\/?s={search_term_string}"},"query-input":{"@type":"PropertyValueSpecification","valueRequired":true,"valueName":"search_term_string"}}],"inLanguage":"lt-LT"},{"@type":"Organization","@id":"https:\/\/gymfactory.eu\/lt\/#organization","name":"Sporto sal\u0117s gamykla","url":"https:\/\/gymfactory.eu\/lt\/","logo":{"@type":"ImageObject","inLanguage":"lt-LT","@id":"https:\/\/gymfactory.eu\/lt\/#\/schema\/logo\/image\/","url":"https:\/\/gymfactory.eu\/wp-content\/uploads\/2024\/11\/Component-1.svg","contentUrl":"https:\/\/gymfactory.eu\/wp-content\/uploads\/2024\/11\/Component-1.svg","width":54,"height":44,"caption":"Sporto sal\u0117s gamykla"},"image":{"@id":"https:\/\/gymfactory.eu\/lt\/#\/schema\/logo\/image\/"}}]}},"_links":{"self":[{"href":"https:\/\/gymfactory.eu\/lt\/wp-json\/wp\/v2\/product\/10023","targetHints":{"allow":["GET"]}}],"collection":[{"href":"https:\/\/gymfactory.eu\/lt\/wp-json\/wp\/v2\/product"}],"about":[{"href":"https:\/\/gymfactory.eu\/lt\/wp-json\/wp\/v2\/types\/product"}],"wp:featuredmedia":[{"embeddable":true,"href":"https:\/\/gymfactory.eu\/lt\/wp-json\/wp\/v2\/media\/8010"}],"wp:attachment":[{"href":"https:\/\/gymfactory.eu\/lt\/wp-json\/wp\/v2\/media?parent=10023"}],"wp:term":[{"taxonomy":"product_brand","embeddable":true,"href":"https:\/\/gymfactory.eu\/lt\/wp-json\/wp\/v2\/product_brand?post=10023"},{"taxonomy":"product_cat","embeddable":true,"href":"https:\/\/gymfactory.eu\/lt\/wp-json\/wp\/v2\/product_cat?post=10023"},{"taxonomy":"product_tag","embeddable":true,"href":"https:\/\/gymfactory.eu\/lt\/wp-json\/wp\/v2\/product_tag?post=10023"}],"curies":[{"name":"wp","href":"https:\/\/api.w.org\/{rel}","templated":true}]}}