{"id":10020,"date":"2025-02-12T15:00:01","date_gmt":"2025-02-12T13:00:01","guid":{"rendered":"https:\/\/gymfactory.eu\/product\/hrd01-dirzo-ratas\/"},"modified":"2025-09-10T11:09:12","modified_gmt":"2025-09-10T08:09:12","slug":"hrd01-dirzo-ratas","status":"publish","type":"product","link":"https:\/\/gymfactory.eu\/lt\/produktas\/hrd01-dirzo-ratas\/","title":{"rendered":"HRD01 Dir\u017eo ratukas"},"content":{"rendered":"<p>HRD01 dir\u017eo ratukas su integruotais guoliais, skirtas keisti dir\u017eo jud\u0117jimo krypt\u012f sporto \u012frangoje. Guolyje yra 10,5 mm skersmens centrin\u0117 skyl\u0117, u\u017etikrinanti stabil\u0173 sukim\u0105si ir patikslint\u0105 i\u0161lygiavim\u0105 darbo metu. Dir\u017eo griovelio plotis \u2013 29 mm, o bendras skriemulio plotis su \u012fvor\u0117mis \u2013 apie 39 mm.<\/p>\n\n    <div class=\"xs_social_share_widget xs_share_url after_content \t\tmain_content  wslu-style-1 wslu-share-box-shaped wslu-fill-colored wslu-none wslu-share-horizontal wslu-theme-font-no wslu-main_content\">\n\n\t\t\n        <ul>\n\t\t\t        <\/ul>\n    <\/div> \n","protected":false},"excerpt":{"rendered":"<p>HRD01 dir\u017eo ratukas su integruotais guoliais, skirtas keisti dir\u017eo jud\u0117jimo krypt\u012f sporto \u012frangoje. Guolyje yra 10,5 mm skersmens centrin\u0117 skyl\u0117, u\u017etikrinanti stabil\u0173 sukim\u0105si ir patikslint\u0105 i\u0161lygiavim\u0105 darbo metu. Dir\u017eo griovelio plotis \u2013 29 mm, o bendras skriemulio plotis su \u012fvor\u0117mis \u2013 apie 39 mm.<\/p>\n","protected":false},"featured_media":7970,"template":"","meta":{"_acf_changed":false},"product_brand":[56],"product_cat":[392],"product_tag":[],"class_list":{"0":"post-10020","1":"product","2":"type-product","3":"status-publish","4":"has-post-thumbnail","6":"product_brand-gym-factory","7":"product_cat-atsargines-dalys","9":"first","10":"onbackorder","11":"taxable","12":"shipping-taxable","13":"purchasable","14":"product-type-simple"},"acf":[],"yoast_head":"<!-- This site is optimized with the Yoast SEO plugin v25.2 - https:\/\/yoast.com\/wordpress\/plugins\/seo\/ -->\n<title>HRD01 dir\u017eo ratas - patvari sporto sal\u0117s atsargin\u0117 dalis skland\u017eiam naudojimui<\/title>\n<meta name=\"description\" content=\"HRD01 dir\u017eo ratas u\u017etikrina skland\u0173 treniruokli\u0173 dali\u0173 veikim\u0105, ilgaam\u017ei\u0161kum\u0105 ir stabilum\u0105 kaip auk\u0161tos kokyb\u0117s treniruokli\u0173 atsargin\u0117 dalis.\" \/>\n<meta name=\"robots\" content=\"index, follow, max-snippet:-1, max-image-preview:large, max-video-preview:-1\" \/>\n<link rel=\"canonical\" href=\"https:\/\/gymfactory.eu\/lt\/produktas\/hrd01-dirzo-ratas\/\" \/>\n<meta property=\"og:locale\" content=\"lt_LT\" \/>\n<meta property=\"og:type\" content=\"article\" \/>\n<meta property=\"og:title\" content=\"HRD01 dir\u017eo ratas - patvari sporto sal\u0117s atsargin\u0117 dalis skland\u017eiam naudojimui\" \/>\n<meta property=\"og:description\" content=\"HRD01 dir\u017eo ratas u\u017etikrina skland\u0173 treniruokli\u0173 dali\u0173 veikim\u0105, ilgaam\u017ei\u0161kum\u0105 ir stabilum\u0105 kaip auk\u0161tos kokyb\u0117s treniruokli\u0173 atsargin\u0117 dalis.\" \/>\n<meta property=\"og:url\" content=\"https:\/\/gymfactory.eu\/lt\/produktas\/hrd01-dirzo-ratas\/\" \/>\n<meta property=\"og:site_name\" content=\"Gym Factory\" \/>\n<meta property=\"article:modified_time\" content=\"2025-09-10T08:09:12+00:00\" \/>\n<meta property=\"og:image\" content=\"https:\/\/gymfactory.eu\/wp-content\/uploads\/2025\/02\/HRD01-efoto.jpg\" \/>\n\t<meta property=\"og:image:width\" content=\"1024\" \/>\n\t<meta property=\"og:image:height\" content=\"1024\" \/>\n\t<meta property=\"og:image:type\" content=\"image\/jpeg\" \/>\n<meta name=\"twitter:card\" content=\"summary_large_image\" \/>\n<meta name=\"twitter:label1\" content=\"Est. reading time\" \/>\n\t<meta name=\"twitter:data1\" content=\"1 minut\u0117\" \/>\n<script type=\"application\/ld+json\" class=\"yoast-schema-graph\">{\"@context\":\"https:\/\/schema.org\",\"@graph\":[{\"@type\":\"WebPage\",\"@id\":\"https:\/\/gymfactory.eu\/lt\/produktas\/hrd01-dirzo-ratas\/\",\"url\":\"https:\/\/gymfactory.eu\/lt\/produktas\/hrd01-dirzo-ratas\/\",\"name\":\"HRD01 dir\u017eo ratas - patvari sporto sal\u0117s atsargin\u0117 dalis skland\u017eiam naudojimui\",\"isPartOf\":{\"@id\":\"https:\/\/gymfactory.eu\/lt\/#website\"},\"primaryImageOfPage\":{\"@id\":\"https:\/\/gymfactory.eu\/lt\/produktas\/hrd01-dirzo-ratas\/#primaryimage\"},\"image\":{\"@id\":\"https:\/\/gymfactory.eu\/lt\/produktas\/hrd01-dirzo-ratas\/#primaryimage\"},\"thumbnailUrl\":\"https:\/\/gymfactory.eu\/wp-content\/uploads\/2025\/02\/HRD01-efoto.jpg\",\"datePublished\":\"2025-02-12T13:00:01+00:00\",\"dateModified\":\"2025-09-10T08:09:12+00:00\",\"description\":\"HRD01 dir\u017eo ratas u\u017etikrina skland\u0173 treniruokli\u0173 dali\u0173 veikim\u0105, ilgaam\u017ei\u0161kum\u0105 ir stabilum\u0105 kaip auk\u0161tos kokyb\u0117s treniruokli\u0173 atsargin\u0117 dalis.\",\"breadcrumb\":{\"@id\":\"https:\/\/gymfactory.eu\/lt\/produktas\/hrd01-dirzo-ratas\/#breadcrumb\"},\"inLanguage\":\"lt-LT\",\"potentialAction\":[{\"@type\":\"ReadAction\",\"target\":[\"https:\/\/gymfactory.eu\/lt\/produktas\/hrd01-dirzo-ratas\/\"]}]},{\"@type\":\"ImageObject\",\"inLanguage\":\"lt-LT\",\"@id\":\"https:\/\/gymfactory.eu\/lt\/produktas\/hrd01-dirzo-ratas\/#primaryimage\",\"url\":\"https:\/\/gymfactory.eu\/wp-content\/uploads\/2025\/02\/HRD01-efoto.jpg\",\"contentUrl\":\"https:\/\/gymfactory.eu\/wp-content\/uploads\/2025\/02\/HRD01-efoto.jpg\",\"width\":1024,\"height\":1024},{\"@type\":\"BreadcrumbList\",\"@id\":\"https:\/\/gymfactory.eu\/lt\/produktas\/hrd01-dirzo-ratas\/#breadcrumb\",\"itemListElement\":[{\"@type\":\"ListItem\",\"position\":1,\"name\":\"Pagrindinis\",\"item\":\"https:\/\/gymfactory.eu\/lt\/\"},{\"@type\":\"ListItem\",\"position\":2,\"name\":\"Katalogas\",\"item\":\"https:\/\/gymfactory.eu\/lt\/katalogas\/\"},{\"@type\":\"ListItem\",\"position\":3,\"name\":\"HRD01 Dir\u017eo ratukas\"}]},{\"@type\":\"WebSite\",\"@id\":\"https:\/\/gymfactory.eu\/lt\/#website\",\"url\":\"https:\/\/gymfactory.eu\/lt\/\",\"name\":\"Gym Factory\",\"description\":\"\",\"publisher\":{\"@id\":\"https:\/\/gymfactory.eu\/lt\/#organization\"},\"potentialAction\":[{\"@type\":\"SearchAction\",\"target\":{\"@type\":\"EntryPoint\",\"urlTemplate\":\"https:\/\/gymfactory.eu\/lt\/?s={search_term_string}\"},\"query-input\":{\"@type\":\"PropertyValueSpecification\",\"valueRequired\":true,\"valueName\":\"search_term_string\"}}],\"inLanguage\":\"lt-LT\"},{\"@type\":\"Organization\",\"@id\":\"https:\/\/gymfactory.eu\/lt\/#organization\",\"name\":\"Sporto sal\u0117s gamykla\",\"url\":\"https:\/\/gymfactory.eu\/lt\/\",\"logo\":{\"@type\":\"ImageObject\",\"inLanguage\":\"lt-LT\",\"@id\":\"https:\/\/gymfactory.eu\/lt\/#\/schema\/logo\/image\/\",\"url\":\"https:\/\/gymfactory.eu\/wp-content\/uploads\/2024\/11\/Component-1.svg\",\"contentUrl\":\"https:\/\/gymfactory.eu\/wp-content\/uploads\/2024\/11\/Component-1.svg\",\"width\":54,\"height\":44,\"caption\":\"Sporto sal\u0117s gamykla\"},\"image\":{\"@id\":\"https:\/\/gymfactory.eu\/lt\/#\/schema\/logo\/image\/\"}}]}<\/script>\n<!-- \/ Yoast SEO plugin. -->","yoast_head_json":{"title":"HRD01 dir\u017eo ratas - patvari sporto sal\u0117s atsargin\u0117 dalis skland\u017eiam naudojimui","description":"HRD01 dir\u017eo ratas u\u017etikrina skland\u0173 treniruokli\u0173 dali\u0173 veikim\u0105, ilgaam\u017ei\u0161kum\u0105 ir stabilum\u0105 kaip auk\u0161tos kokyb\u0117s treniruokli\u0173 atsargin\u0117 dalis.","robots":{"index":"index","follow":"follow","max-snippet":"max-snippet:-1","max-image-preview":"max-image-preview:large","max-video-preview":"max-video-preview:-1"},"canonical":"https:\/\/gymfactory.eu\/lt\/produktas\/hrd01-dirzo-ratas\/","og_locale":"lt_LT","og_type":"article","og_title":"HRD01 dir\u017eo ratas - patvari sporto sal\u0117s atsargin\u0117 dalis skland\u017eiam naudojimui","og_description":"HRD01 dir\u017eo ratas u\u017etikrina skland\u0173 treniruokli\u0173 dali\u0173 veikim\u0105, ilgaam\u017ei\u0161kum\u0105 ir stabilum\u0105 kaip auk\u0161tos kokyb\u0117s treniruokli\u0173 atsargin\u0117 dalis.","og_url":"https:\/\/gymfactory.eu\/lt\/produktas\/hrd01-dirzo-ratas\/","og_site_name":"Gym Factory","article_modified_time":"2025-09-10T08:09:12+00:00","og_image":[{"width":1024,"height":1024,"url":"https:\/\/gymfactory.eu\/wp-content\/uploads\/2025\/02\/HRD01-efoto.jpg","type":"image\/jpeg"}],"twitter_card":"summary_large_image","twitter_misc":{"Est. reading time":"1 minut\u0117"},"schema":{"@context":"https:\/\/schema.org","@graph":[{"@type":"WebPage","@id":"https:\/\/gymfactory.eu\/lt\/produktas\/hrd01-dirzo-ratas\/","url":"https:\/\/gymfactory.eu\/lt\/produktas\/hrd01-dirzo-ratas\/","name":"HRD01 dir\u017eo ratas - patvari sporto sal\u0117s atsargin\u0117 dalis skland\u017eiam naudojimui","isPartOf":{"@id":"https:\/\/gymfactory.eu\/lt\/#website"},"primaryImageOfPage":{"@id":"https:\/\/gymfactory.eu\/lt\/produktas\/hrd01-dirzo-ratas\/#primaryimage"},"image":{"@id":"https:\/\/gymfactory.eu\/lt\/produktas\/hrd01-dirzo-ratas\/#primaryimage"},"thumbnailUrl":"https:\/\/gymfactory.eu\/wp-content\/uploads\/2025\/02\/HRD01-efoto.jpg","datePublished":"2025-02-12T13:00:01+00:00","dateModified":"2025-09-10T08:09:12+00:00","description":"HRD01 dir\u017eo ratas u\u017etikrina skland\u0173 treniruokli\u0173 dali\u0173 veikim\u0105, ilgaam\u017ei\u0161kum\u0105 ir stabilum\u0105 kaip auk\u0161tos kokyb\u0117s treniruokli\u0173 atsargin\u0117 dalis.","breadcrumb":{"@id":"https:\/\/gymfactory.eu\/lt\/produktas\/hrd01-dirzo-ratas\/#breadcrumb"},"inLanguage":"lt-LT","potentialAction":[{"@type":"ReadAction","target":["https:\/\/gymfactory.eu\/lt\/produktas\/hrd01-dirzo-ratas\/"]}]},{"@type":"ImageObject","inLanguage":"lt-LT","@id":"https:\/\/gymfactory.eu\/lt\/produktas\/hrd01-dirzo-ratas\/#primaryimage","url":"https:\/\/gymfactory.eu\/wp-content\/uploads\/2025\/02\/HRD01-efoto.jpg","contentUrl":"https:\/\/gymfactory.eu\/wp-content\/uploads\/2025\/02\/HRD01-efoto.jpg","width":1024,"height":1024},{"@type":"BreadcrumbList","@id":"https:\/\/gymfactory.eu\/lt\/produktas\/hrd01-dirzo-ratas\/#breadcrumb","itemListElement":[{"@type":"ListItem","position":1,"name":"Pagrindinis","item":"https:\/\/gymfactory.eu\/lt\/"},{"@type":"ListItem","position":2,"name":"Katalogas","item":"https:\/\/gymfactory.eu\/lt\/katalogas\/"},{"@type":"ListItem","position":3,"name":"HRD01 Dir\u017eo ratukas"}]},{"@type":"WebSite","@id":"https:\/\/gymfactory.eu\/lt\/#website","url":"https:\/\/gymfactory.eu\/lt\/","name":"Gym Factory","description":"","publisher":{"@id":"https:\/\/gymfactory.eu\/lt\/#organization"},"potentialAction":[{"@type":"SearchAction","target":{"@type":"EntryPoint","urlTemplate":"https:\/\/gymfactory.eu\/lt\/?s={search_term_string}"},"query-input":{"@type":"PropertyValueSpecification","valueRequired":true,"valueName":"search_term_string"}}],"inLanguage":"lt-LT"},{"@type":"Organization","@id":"https:\/\/gymfactory.eu\/lt\/#organization","name":"Sporto sal\u0117s gamykla","url":"https:\/\/gymfactory.eu\/lt\/","logo":{"@type":"ImageObject","inLanguage":"lt-LT","@id":"https:\/\/gymfactory.eu\/lt\/#\/schema\/logo\/image\/","url":"https:\/\/gymfactory.eu\/wp-content\/uploads\/2024\/11\/Component-1.svg","contentUrl":"https:\/\/gymfactory.eu\/wp-content\/uploads\/2024\/11\/Component-1.svg","width":54,"height":44,"caption":"Sporto sal\u0117s gamykla"},"image":{"@id":"https:\/\/gymfactory.eu\/lt\/#\/schema\/logo\/image\/"}}]}},"_links":{"self":[{"href":"https:\/\/gymfactory.eu\/lt\/wp-json\/wp\/v2\/product\/10020","targetHints":{"allow":["GET"]}}],"collection":[{"href":"https:\/\/gymfactory.eu\/lt\/wp-json\/wp\/v2\/product"}],"about":[{"href":"https:\/\/gymfactory.eu\/lt\/wp-json\/wp\/v2\/types\/product"}],"wp:featuredmedia":[{"embeddable":true,"href":"https:\/\/gymfactory.eu\/lt\/wp-json\/wp\/v2\/media\/7970"}],"wp:attachment":[{"href":"https:\/\/gymfactory.eu\/lt\/wp-json\/wp\/v2\/media?parent=10020"}],"wp:term":[{"taxonomy":"product_brand","embeddable":true,"href":"https:\/\/gymfactory.eu\/lt\/wp-json\/wp\/v2\/product_brand?post=10020"},{"taxonomy":"product_cat","embeddable":true,"href":"https:\/\/gymfactory.eu\/lt\/wp-json\/wp\/v2\/product_cat?post=10020"},{"taxonomy":"product_tag","embeddable":true,"href":"https:\/\/gymfactory.eu\/lt\/wp-json\/wp\/v2\/product_tag?post=10020"}],"curies":[{"name":"wp","href":"https:\/\/api.w.org\/{rel}","templated":true}]}}