{"id":10018,"date":"2025-02-12T15:00:01","date_gmt":"2025-02-12T13:00:01","guid":{"rendered":"https:\/\/gymfactory.eu\/product\/hrt01-trosu-skriemulys\/"},"modified":"2025-09-10T11:09:48","modified_gmt":"2025-09-10T08:09:48","slug":"hrt01-trosu-skriemulys","status":"publish","type":"product","link":"https:\/\/gymfactory.eu\/lt\/produktas\/hrt01-trosu-skriemulys\/","title":{"rendered":"HRT01 Troso ratukas"},"content":{"rendered":"<p data-start=\"0\" data-end=\"20\">HRT01 troso ratukas &#8211; skirtas nukreipti troso jud\u0117jimui sporto \u012frangoje. Bendras skersmuo \u2013 105 mm, skyl\u0117s skersmuo \u2013 10 mm, plotis \u2013 25 mm. Suderinamas su 6 mm trosais, turi patvar\u0173 vidin\u012f guol\u012f, u\u017etikrinant\u012f skland\u0173 ir patikim\u0105 sukim\u0105si. Pagamintas i\u0161 nailono, sutvirtinto 15 % stiklo pluo\u0161to (GF), tod\u0117l atsparus mechaniniam apkrovimui ir ilgaam\u017eis.<\/p>\n\n    <div class=\"xs_social_share_widget xs_share_url after_content \t\tmain_content  wslu-style-1 wslu-share-box-shaped wslu-fill-colored wslu-none wslu-share-horizontal wslu-theme-font-no wslu-main_content\">\n\n\t\t\n        <ul>\n\t\t\t        <\/ul>\n    <\/div> \n","protected":false},"excerpt":{"rendered":"<p>HRT01 troso ratukas &#8211; skirtas nukreipti troso jud\u0117jimui sporto \u012frangoje. Bendras skersmuo \u2013 105 mm, skyl\u0117s skersmuo \u2013 10 mm, plotis \u2013 25 mm. Suderinamas su 6 mm trosais, turi patvar\u0173 vidin\u012f guol\u012f, u\u017etikrinant\u012f skland\u0173 ir patikim\u0105 sukim\u0105si. Pagamintas i\u0161 nailono, sutvirtinto 15 % stiklo pluo\u0161to (GF), tod\u0117l atsparus mechaniniam apkrovimui ir ilgaam\u017eis.<\/p>\n","protected":false},"featured_media":7971,"template":"","meta":{"_acf_changed":false},"product_brand":[56],"product_cat":[392],"product_tag":[],"class_list":{"0":"post-10018","1":"product","2":"type-product","3":"status-publish","4":"has-post-thumbnail","6":"product_brand-gym-factory","7":"product_cat-atsargines-dalys","9":"first","10":"onbackorder","11":"taxable","12":"shipping-taxable","13":"purchasable","14":"product-type-simple"},"acf":[],"yoast_head":"<!-- This site is optimized with the Yoast SEO plugin v25.2 - https:\/\/yoast.com\/wordpress\/plugins\/seo\/ -->\n<title>HRT01 Tros\u0173 skriemulys - Tikslioji in\u017einerija treniruokliams<\/title>\n<meta name=\"description\" content=\"HRT01 kabelio skriemulys pagerina sporto treniruokli\u0173 dali\u0173 skland\u0173 veikim\u0105 ir ilgaam\u017ei\u0161kum\u0105, u\u017etikrindamas veiksming\u0105 veikim\u0105 kiekvienoje treniruot\u0117je.\" \/>\n<meta name=\"robots\" content=\"index, follow, max-snippet:-1, max-image-preview:large, max-video-preview:-1\" \/>\n<link rel=\"canonical\" href=\"https:\/\/gymfactory.eu\/lt\/produktas\/hrt01-trosu-skriemulys\/\" \/>\n<meta property=\"og:locale\" content=\"lt_LT\" \/>\n<meta property=\"og:type\" content=\"article\" \/>\n<meta property=\"og:title\" content=\"HRT01 Tros\u0173 skriemulys - Tikslioji in\u017einerija treniruokliams\" \/>\n<meta property=\"og:description\" content=\"HRT01 kabelio skriemulys pagerina sporto treniruokli\u0173 dali\u0173 skland\u0173 veikim\u0105 ir ilgaam\u017ei\u0161kum\u0105, u\u017etikrindamas veiksming\u0105 veikim\u0105 kiekvienoje treniruot\u0117je.\" \/>\n<meta property=\"og:url\" content=\"https:\/\/gymfactory.eu\/lt\/produktas\/hrt01-trosu-skriemulys\/\" \/>\n<meta property=\"og:site_name\" content=\"Gym Factory\" \/>\n<meta property=\"article:modified_time\" content=\"2025-09-10T08:09:48+00:00\" \/>\n<meta property=\"og:image\" content=\"https:\/\/gymfactory.eu\/wp-content\/uploads\/2025\/02\/HRT01.jpg\" \/>\n\t<meta property=\"og:image:width\" content=\"600\" \/>\n\t<meta property=\"og:image:height\" content=\"600\" \/>\n\t<meta property=\"og:image:type\" content=\"image\/jpeg\" \/>\n<meta name=\"twitter:card\" content=\"summary_large_image\" \/>\n<meta name=\"twitter:label1\" content=\"Est. reading time\" \/>\n\t<meta name=\"twitter:data1\" content=\"1 minut\u0117\" \/>\n<script type=\"application\/ld+json\" class=\"yoast-schema-graph\">{\"@context\":\"https:\/\/schema.org\",\"@graph\":[{\"@type\":\"WebPage\",\"@id\":\"https:\/\/gymfactory.eu\/lt\/produktas\/hrt01-trosu-skriemulys\/\",\"url\":\"https:\/\/gymfactory.eu\/lt\/produktas\/hrt01-trosu-skriemulys\/\",\"name\":\"HRT01 Tros\u0173 skriemulys - Tikslioji in\u017einerija treniruokliams\",\"isPartOf\":{\"@id\":\"https:\/\/gymfactory.eu\/lt\/#website\"},\"primaryImageOfPage\":{\"@id\":\"https:\/\/gymfactory.eu\/lt\/produktas\/hrt01-trosu-skriemulys\/#primaryimage\"},\"image\":{\"@id\":\"https:\/\/gymfactory.eu\/lt\/produktas\/hrt01-trosu-skriemulys\/#primaryimage\"},\"thumbnailUrl\":\"https:\/\/gymfactory.eu\/wp-content\/uploads\/2025\/02\/HRT01.jpg\",\"datePublished\":\"2025-02-12T13:00:01+00:00\",\"dateModified\":\"2025-09-10T08:09:48+00:00\",\"description\":\"HRT01 kabelio skriemulys pagerina sporto treniruokli\u0173 dali\u0173 skland\u0173 veikim\u0105 ir ilgaam\u017ei\u0161kum\u0105, u\u017etikrindamas veiksming\u0105 veikim\u0105 kiekvienoje treniruot\u0117je.\",\"breadcrumb\":{\"@id\":\"https:\/\/gymfactory.eu\/lt\/produktas\/hrt01-trosu-skriemulys\/#breadcrumb\"},\"inLanguage\":\"lt-LT\",\"potentialAction\":[{\"@type\":\"ReadAction\",\"target\":[\"https:\/\/gymfactory.eu\/lt\/produktas\/hrt01-trosu-skriemulys\/\"]}]},{\"@type\":\"ImageObject\",\"inLanguage\":\"lt-LT\",\"@id\":\"https:\/\/gymfactory.eu\/lt\/produktas\/hrt01-trosu-skriemulys\/#primaryimage\",\"url\":\"https:\/\/gymfactory.eu\/wp-content\/uploads\/2025\/02\/HRT01.jpg\",\"contentUrl\":\"https:\/\/gymfactory.eu\/wp-content\/uploads\/2025\/02\/HRT01.jpg\",\"width\":600,\"height\":600},{\"@type\":\"BreadcrumbList\",\"@id\":\"https:\/\/gymfactory.eu\/lt\/produktas\/hrt01-trosu-skriemulys\/#breadcrumb\",\"itemListElement\":[{\"@type\":\"ListItem\",\"position\":1,\"name\":\"Pagrindinis\",\"item\":\"https:\/\/gymfactory.eu\/lt\/\"},{\"@type\":\"ListItem\",\"position\":2,\"name\":\"Katalogas\",\"item\":\"https:\/\/gymfactory.eu\/lt\/katalogas\/\"},{\"@type\":\"ListItem\",\"position\":3,\"name\":\"HRT01 Troso ratukas\"}]},{\"@type\":\"WebSite\",\"@id\":\"https:\/\/gymfactory.eu\/lt\/#website\",\"url\":\"https:\/\/gymfactory.eu\/lt\/\",\"name\":\"Gym Factory\",\"description\":\"\",\"publisher\":{\"@id\":\"https:\/\/gymfactory.eu\/lt\/#organization\"},\"potentialAction\":[{\"@type\":\"SearchAction\",\"target\":{\"@type\":\"EntryPoint\",\"urlTemplate\":\"https:\/\/gymfactory.eu\/lt\/?s={search_term_string}\"},\"query-input\":{\"@type\":\"PropertyValueSpecification\",\"valueRequired\":true,\"valueName\":\"search_term_string\"}}],\"inLanguage\":\"lt-LT\"},{\"@type\":\"Organization\",\"@id\":\"https:\/\/gymfactory.eu\/lt\/#organization\",\"name\":\"Sporto sal\u0117s gamykla\",\"url\":\"https:\/\/gymfactory.eu\/lt\/\",\"logo\":{\"@type\":\"ImageObject\",\"inLanguage\":\"lt-LT\",\"@id\":\"https:\/\/gymfactory.eu\/lt\/#\/schema\/logo\/image\/\",\"url\":\"https:\/\/gymfactory.eu\/wp-content\/uploads\/2024\/11\/Component-1.svg\",\"contentUrl\":\"https:\/\/gymfactory.eu\/wp-content\/uploads\/2024\/11\/Component-1.svg\",\"width\":54,\"height\":44,\"caption\":\"Sporto sal\u0117s gamykla\"},\"image\":{\"@id\":\"https:\/\/gymfactory.eu\/lt\/#\/schema\/logo\/image\/\"}}]}<\/script>\n<!-- \/ Yoast SEO plugin. -->","yoast_head_json":{"title":"HRT01 Tros\u0173 skriemulys - Tikslioji in\u017einerija treniruokliams","description":"HRT01 kabelio skriemulys pagerina sporto treniruokli\u0173 dali\u0173 skland\u0173 veikim\u0105 ir ilgaam\u017ei\u0161kum\u0105, u\u017etikrindamas veiksming\u0105 veikim\u0105 kiekvienoje treniruot\u0117je.","robots":{"index":"index","follow":"follow","max-snippet":"max-snippet:-1","max-image-preview":"max-image-preview:large","max-video-preview":"max-video-preview:-1"},"canonical":"https:\/\/gymfactory.eu\/lt\/produktas\/hrt01-trosu-skriemulys\/","og_locale":"lt_LT","og_type":"article","og_title":"HRT01 Tros\u0173 skriemulys - Tikslioji in\u017einerija treniruokliams","og_description":"HRT01 kabelio skriemulys pagerina sporto treniruokli\u0173 dali\u0173 skland\u0173 veikim\u0105 ir ilgaam\u017ei\u0161kum\u0105, u\u017etikrindamas veiksming\u0105 veikim\u0105 kiekvienoje treniruot\u0117je.","og_url":"https:\/\/gymfactory.eu\/lt\/produktas\/hrt01-trosu-skriemulys\/","og_site_name":"Gym Factory","article_modified_time":"2025-09-10T08:09:48+00:00","og_image":[{"width":600,"height":600,"url":"https:\/\/gymfactory.eu\/wp-content\/uploads\/2025\/02\/HRT01.jpg","type":"image\/jpeg"}],"twitter_card":"summary_large_image","twitter_misc":{"Est. reading time":"1 minut\u0117"},"schema":{"@context":"https:\/\/schema.org","@graph":[{"@type":"WebPage","@id":"https:\/\/gymfactory.eu\/lt\/produktas\/hrt01-trosu-skriemulys\/","url":"https:\/\/gymfactory.eu\/lt\/produktas\/hrt01-trosu-skriemulys\/","name":"HRT01 Tros\u0173 skriemulys - Tikslioji in\u017einerija treniruokliams","isPartOf":{"@id":"https:\/\/gymfactory.eu\/lt\/#website"},"primaryImageOfPage":{"@id":"https:\/\/gymfactory.eu\/lt\/produktas\/hrt01-trosu-skriemulys\/#primaryimage"},"image":{"@id":"https:\/\/gymfactory.eu\/lt\/produktas\/hrt01-trosu-skriemulys\/#primaryimage"},"thumbnailUrl":"https:\/\/gymfactory.eu\/wp-content\/uploads\/2025\/02\/HRT01.jpg","datePublished":"2025-02-12T13:00:01+00:00","dateModified":"2025-09-10T08:09:48+00:00","description":"HRT01 kabelio skriemulys pagerina sporto treniruokli\u0173 dali\u0173 skland\u0173 veikim\u0105 ir ilgaam\u017ei\u0161kum\u0105, u\u017etikrindamas veiksming\u0105 veikim\u0105 kiekvienoje treniruot\u0117je.","breadcrumb":{"@id":"https:\/\/gymfactory.eu\/lt\/produktas\/hrt01-trosu-skriemulys\/#breadcrumb"},"inLanguage":"lt-LT","potentialAction":[{"@type":"ReadAction","target":["https:\/\/gymfactory.eu\/lt\/produktas\/hrt01-trosu-skriemulys\/"]}]},{"@type":"ImageObject","inLanguage":"lt-LT","@id":"https:\/\/gymfactory.eu\/lt\/produktas\/hrt01-trosu-skriemulys\/#primaryimage","url":"https:\/\/gymfactory.eu\/wp-content\/uploads\/2025\/02\/HRT01.jpg","contentUrl":"https:\/\/gymfactory.eu\/wp-content\/uploads\/2025\/02\/HRT01.jpg","width":600,"height":600},{"@type":"BreadcrumbList","@id":"https:\/\/gymfactory.eu\/lt\/produktas\/hrt01-trosu-skriemulys\/#breadcrumb","itemListElement":[{"@type":"ListItem","position":1,"name":"Pagrindinis","item":"https:\/\/gymfactory.eu\/lt\/"},{"@type":"ListItem","position":2,"name":"Katalogas","item":"https:\/\/gymfactory.eu\/lt\/katalogas\/"},{"@type":"ListItem","position":3,"name":"HRT01 Troso ratukas"}]},{"@type":"WebSite","@id":"https:\/\/gymfactory.eu\/lt\/#website","url":"https:\/\/gymfactory.eu\/lt\/","name":"Gym Factory","description":"","publisher":{"@id":"https:\/\/gymfactory.eu\/lt\/#organization"},"potentialAction":[{"@type":"SearchAction","target":{"@type":"EntryPoint","urlTemplate":"https:\/\/gymfactory.eu\/lt\/?s={search_term_string}"},"query-input":{"@type":"PropertyValueSpecification","valueRequired":true,"valueName":"search_term_string"}}],"inLanguage":"lt-LT"},{"@type":"Organization","@id":"https:\/\/gymfactory.eu\/lt\/#organization","name":"Sporto sal\u0117s gamykla","url":"https:\/\/gymfactory.eu\/lt\/","logo":{"@type":"ImageObject","inLanguage":"lt-LT","@id":"https:\/\/gymfactory.eu\/lt\/#\/schema\/logo\/image\/","url":"https:\/\/gymfactory.eu\/wp-content\/uploads\/2024\/11\/Component-1.svg","contentUrl":"https:\/\/gymfactory.eu\/wp-content\/uploads\/2024\/11\/Component-1.svg","width":54,"height":44,"caption":"Sporto sal\u0117s gamykla"},"image":{"@id":"https:\/\/gymfactory.eu\/lt\/#\/schema\/logo\/image\/"}}]}},"_links":{"self":[{"href":"https:\/\/gymfactory.eu\/lt\/wp-json\/wp\/v2\/product\/10018","targetHints":{"allow":["GET"]}}],"collection":[{"href":"https:\/\/gymfactory.eu\/lt\/wp-json\/wp\/v2\/product"}],"about":[{"href":"https:\/\/gymfactory.eu\/lt\/wp-json\/wp\/v2\/types\/product"}],"wp:featuredmedia":[{"embeddable":true,"href":"https:\/\/gymfactory.eu\/lt\/wp-json\/wp\/v2\/media\/7971"}],"wp:attachment":[{"href":"https:\/\/gymfactory.eu\/lt\/wp-json\/wp\/v2\/media?parent=10018"}],"wp:term":[{"taxonomy":"product_brand","embeddable":true,"href":"https:\/\/gymfactory.eu\/lt\/wp-json\/wp\/v2\/product_brand?post=10018"},{"taxonomy":"product_cat","embeddable":true,"href":"https:\/\/gymfactory.eu\/lt\/wp-json\/wp\/v2\/product_cat?post=10018"},{"taxonomy":"product_tag","embeddable":true,"href":"https:\/\/gymfactory.eu\/lt\/wp-json\/wp\/v2\/product_tag?post=10018"}],"curies":[{"name":"wp","href":"https:\/\/api.w.org\/{rel}","templated":true}]}}