{"id":10017,"date":"2025-02-12T15:00:03","date_gmt":"2025-02-12T13:00:03","guid":{"rendered":"https:\/\/gymfactory.eu\/product\/htp04-presuotas-kabelio-galinis-dangtelis\/"},"modified":"2025-09-09T15:47:18","modified_gmt":"2025-09-09T12:47:18","slug":"htp04-presuotas-kabelio-galinis-dangtelis","status":"publish","type":"product","link":"https:\/\/gymfactory.eu\/lt\/produktas\/htp04-presuotas-kabelio-galinis-dangtelis\/","title":{"rendered":"HTP04 Presuojama troso galvut\u0117"},"content":{"rendered":"<p>HTP04 presuojama troso galvut\u0117 \u2013 metalinis u\u017ebaigimo priedas, skirtas 6 mm troso galui supresuoti sporto \u012frangoje. Suformuoja tvirt\u0105 cilindrin\u012f gal\u0105, leid\u017eiant\u012f tros\u0105 patikimai \u012ftvirtinti tokiuose komponentuose kaip <a href=\"https:\/\/gymfactory.eu\/lt\/produktas\/htp05-bloko-kabelio-varztas\/\" target=\"_blank\" rel=\"noopener\">HTP05 svorio bloko tvirtinimo var\u017etas<\/a> (da\u017eniausiai svori\u0173 bloko vir\u0161uje). U\u017etikrina tvarking\u0105 ir saug\u0173 troso u\u017ebaigim\u0105.<\/p>\n\n    <div class=\"xs_social_share_widget xs_share_url after_content \t\tmain_content  wslu-style-1 wslu-share-box-shaped wslu-fill-colored wslu-none wslu-share-horizontal wslu-theme-font-no wslu-main_content\">\n\n\t\t\n        <ul>\n\t\t\t        <\/ul>\n    <\/div> \n","protected":false},"excerpt":{"rendered":"<p>HTP04 presuojama troso galvut\u0117 \u2013 metalinis u\u017ebaigimo priedas, skirtas 6 mm troso galui supresuoti sporto \u012frangoje. Suformuoja tvirt\u0105 cilindrin\u012f gal\u0105, leid\u017eiant\u012f tros\u0105 patikimai \u012ftvirtinti tokiuose komponentuose kaip HTP05 svorio bloko tvirtinimo var\u017etas (da\u017eniausiai svori\u0173 bloko vir\u0161uje). U\u017etikrina tvarking\u0105 ir saug\u0173 troso u\u017ebaigim\u0105.<\/p>\n","protected":false},"featured_media":8004,"template":"","meta":{"_acf_changed":false},"product_brand":[56],"product_cat":[392],"product_tag":[],"class_list":{"0":"post-10017","1":"product","2":"type-product","3":"status-publish","4":"has-post-thumbnail","6":"product_brand-gym-factory","7":"product_cat-atsargines-dalys","9":"first","10":"onbackorder","11":"taxable","12":"shipping-taxable","13":"purchasable","14":"product-type-simple"},"acf":[],"yoast_head":"<!-- This site is optimized with the Yoast SEO plugin v25.2 - https:\/\/yoast.com\/wordpress\/plugins\/seo\/ -->\n<title>HTP04 presuoto kabelio galinis dangtelis - b\u016btina sporto sal\u0117s atsargin\u0117 dalis<\/title>\n<meta name=\"description\" content=\"HTP04 presuoto laido galinis dangtelis yra patvari sporto sal\u0117s atsargin\u0117 dalis, skirta padidinti sporto ma\u0161in\u0173 dali\u0173 ilgaam\u017ei\u0161kum\u0105 ir na\u0161um\u0105.\" \/>\n<meta name=\"robots\" content=\"index, follow, max-snippet:-1, max-image-preview:large, max-video-preview:-1\" \/>\n<link rel=\"canonical\" href=\"https:\/\/gymfactory.eu\/lt\/produktas\/htp04-presuotas-kabelio-galinis-dangtelis\/\" \/>\n<meta property=\"og:locale\" content=\"lt_LT\" \/>\n<meta property=\"og:type\" content=\"article\" \/>\n<meta property=\"og:title\" content=\"HTP04 presuoto kabelio galinis dangtelis - b\u016btina sporto sal\u0117s atsargin\u0117 dalis\" \/>\n<meta property=\"og:description\" content=\"HTP04 presuoto laido galinis dangtelis yra patvari sporto sal\u0117s atsargin\u0117 dalis, skirta padidinti sporto ma\u0161in\u0173 dali\u0173 ilgaam\u017ei\u0161kum\u0105 ir na\u0161um\u0105.\" \/>\n<meta property=\"og:url\" content=\"https:\/\/gymfactory.eu\/lt\/produktas\/htp04-presuotas-kabelio-galinis-dangtelis\/\" \/>\n<meta property=\"og:site_name\" content=\"Gym Factory\" \/>\n<meta property=\"article:modified_time\" content=\"2025-09-09T12:47:18+00:00\" \/>\n<meta property=\"og:image\" content=\"https:\/\/gymfactory.eu\/wp-content\/uploads\/2025\/02\/HTP04-1.jpg\" \/>\n\t<meta property=\"og:image:width\" content=\"600\" \/>\n\t<meta property=\"og:image:height\" content=\"600\" \/>\n\t<meta property=\"og:image:type\" content=\"image\/jpeg\" \/>\n<meta name=\"twitter:card\" content=\"summary_large_image\" \/>\n<meta name=\"twitter:label1\" content=\"Est. reading time\" \/>\n\t<meta name=\"twitter:data1\" content=\"1 minut\u0117\" \/>\n<script type=\"application\/ld+json\" class=\"yoast-schema-graph\">{\"@context\":\"https:\/\/schema.org\",\"@graph\":[{\"@type\":\"WebPage\",\"@id\":\"https:\/\/gymfactory.eu\/lt\/produktas\/htp04-presuotas-kabelio-galinis-dangtelis\/\",\"url\":\"https:\/\/gymfactory.eu\/lt\/produktas\/htp04-presuotas-kabelio-galinis-dangtelis\/\",\"name\":\"HTP04 presuoto kabelio galinis dangtelis - b\u016btina sporto sal\u0117s atsargin\u0117 dalis\",\"isPartOf\":{\"@id\":\"https:\/\/gymfactory.eu\/lt\/#website\"},\"primaryImageOfPage\":{\"@id\":\"https:\/\/gymfactory.eu\/lt\/produktas\/htp04-presuotas-kabelio-galinis-dangtelis\/#primaryimage\"},\"image\":{\"@id\":\"https:\/\/gymfactory.eu\/lt\/produktas\/htp04-presuotas-kabelio-galinis-dangtelis\/#primaryimage\"},\"thumbnailUrl\":\"https:\/\/gymfactory.eu\/wp-content\/uploads\/2025\/02\/HTP04-1.jpg\",\"datePublished\":\"2025-02-12T13:00:03+00:00\",\"dateModified\":\"2025-09-09T12:47:18+00:00\",\"description\":\"HTP04 presuoto laido galinis dangtelis yra patvari sporto sal\u0117s atsargin\u0117 dalis, skirta padidinti sporto ma\u0161in\u0173 dali\u0173 ilgaam\u017ei\u0161kum\u0105 ir na\u0161um\u0105.\",\"breadcrumb\":{\"@id\":\"https:\/\/gymfactory.eu\/lt\/produktas\/htp04-presuotas-kabelio-galinis-dangtelis\/#breadcrumb\"},\"inLanguage\":\"lt-LT\",\"potentialAction\":[{\"@type\":\"ReadAction\",\"target\":[\"https:\/\/gymfactory.eu\/lt\/produktas\/htp04-presuotas-kabelio-galinis-dangtelis\/\"]}]},{\"@type\":\"ImageObject\",\"inLanguage\":\"lt-LT\",\"@id\":\"https:\/\/gymfactory.eu\/lt\/produktas\/htp04-presuotas-kabelio-galinis-dangtelis\/#primaryimage\",\"url\":\"https:\/\/gymfactory.eu\/wp-content\/uploads\/2025\/02\/HTP04-1.jpg\",\"contentUrl\":\"https:\/\/gymfactory.eu\/wp-content\/uploads\/2025\/02\/HTP04-1.jpg\",\"width\":600,\"height\":600},{\"@type\":\"BreadcrumbList\",\"@id\":\"https:\/\/gymfactory.eu\/lt\/produktas\/htp04-presuotas-kabelio-galinis-dangtelis\/#breadcrumb\",\"itemListElement\":[{\"@type\":\"ListItem\",\"position\":1,\"name\":\"Pagrindinis\",\"item\":\"https:\/\/gymfactory.eu\/lt\/\"},{\"@type\":\"ListItem\",\"position\":2,\"name\":\"Katalogas\",\"item\":\"https:\/\/gymfactory.eu\/lt\/katalogas\/\"},{\"@type\":\"ListItem\",\"position\":3,\"name\":\"HTP04 Presuojama troso galvut\u0117\"}]},{\"@type\":\"WebSite\",\"@id\":\"https:\/\/gymfactory.eu\/lt\/#website\",\"url\":\"https:\/\/gymfactory.eu\/lt\/\",\"name\":\"Gym Factory\",\"description\":\"\",\"publisher\":{\"@id\":\"https:\/\/gymfactory.eu\/lt\/#organization\"},\"potentialAction\":[{\"@type\":\"SearchAction\",\"target\":{\"@type\":\"EntryPoint\",\"urlTemplate\":\"https:\/\/gymfactory.eu\/lt\/?s={search_term_string}\"},\"query-input\":{\"@type\":\"PropertyValueSpecification\",\"valueRequired\":true,\"valueName\":\"search_term_string\"}}],\"inLanguage\":\"lt-LT\"},{\"@type\":\"Organization\",\"@id\":\"https:\/\/gymfactory.eu\/lt\/#organization\",\"name\":\"Sporto sal\u0117s gamykla\",\"url\":\"https:\/\/gymfactory.eu\/lt\/\",\"logo\":{\"@type\":\"ImageObject\",\"inLanguage\":\"lt-LT\",\"@id\":\"https:\/\/gymfactory.eu\/lt\/#\/schema\/logo\/image\/\",\"url\":\"https:\/\/gymfactory.eu\/wp-content\/uploads\/2024\/11\/Component-1.svg\",\"contentUrl\":\"https:\/\/gymfactory.eu\/wp-content\/uploads\/2024\/11\/Component-1.svg\",\"width\":54,\"height\":44,\"caption\":\"Sporto sal\u0117s gamykla\"},\"image\":{\"@id\":\"https:\/\/gymfactory.eu\/lt\/#\/schema\/logo\/image\/\"}}]}<\/script>\n<!-- \/ Yoast SEO plugin. -->","yoast_head_json":{"title":"HTP04 presuoto kabelio galinis dangtelis - b\u016btina sporto sal\u0117s atsargin\u0117 dalis","description":"HTP04 presuoto laido galinis dangtelis yra patvari sporto sal\u0117s atsargin\u0117 dalis, skirta padidinti sporto ma\u0161in\u0173 dali\u0173 ilgaam\u017ei\u0161kum\u0105 ir na\u0161um\u0105.","robots":{"index":"index","follow":"follow","max-snippet":"max-snippet:-1","max-image-preview":"max-image-preview:large","max-video-preview":"max-video-preview:-1"},"canonical":"https:\/\/gymfactory.eu\/lt\/produktas\/htp04-presuotas-kabelio-galinis-dangtelis\/","og_locale":"lt_LT","og_type":"article","og_title":"HTP04 presuoto kabelio galinis dangtelis - b\u016btina sporto sal\u0117s atsargin\u0117 dalis","og_description":"HTP04 presuoto laido galinis dangtelis yra patvari sporto sal\u0117s atsargin\u0117 dalis, skirta padidinti sporto ma\u0161in\u0173 dali\u0173 ilgaam\u017ei\u0161kum\u0105 ir na\u0161um\u0105.","og_url":"https:\/\/gymfactory.eu\/lt\/produktas\/htp04-presuotas-kabelio-galinis-dangtelis\/","og_site_name":"Gym Factory","article_modified_time":"2025-09-09T12:47:18+00:00","og_image":[{"width":600,"height":600,"url":"https:\/\/gymfactory.eu\/wp-content\/uploads\/2025\/02\/HTP04-1.jpg","type":"image\/jpeg"}],"twitter_card":"summary_large_image","twitter_misc":{"Est. reading time":"1 minut\u0117"},"schema":{"@context":"https:\/\/schema.org","@graph":[{"@type":"WebPage","@id":"https:\/\/gymfactory.eu\/lt\/produktas\/htp04-presuotas-kabelio-galinis-dangtelis\/","url":"https:\/\/gymfactory.eu\/lt\/produktas\/htp04-presuotas-kabelio-galinis-dangtelis\/","name":"HTP04 presuoto kabelio galinis dangtelis - b\u016btina sporto sal\u0117s atsargin\u0117 dalis","isPartOf":{"@id":"https:\/\/gymfactory.eu\/lt\/#website"},"primaryImageOfPage":{"@id":"https:\/\/gymfactory.eu\/lt\/produktas\/htp04-presuotas-kabelio-galinis-dangtelis\/#primaryimage"},"image":{"@id":"https:\/\/gymfactory.eu\/lt\/produktas\/htp04-presuotas-kabelio-galinis-dangtelis\/#primaryimage"},"thumbnailUrl":"https:\/\/gymfactory.eu\/wp-content\/uploads\/2025\/02\/HTP04-1.jpg","datePublished":"2025-02-12T13:00:03+00:00","dateModified":"2025-09-09T12:47:18+00:00","description":"HTP04 presuoto laido galinis dangtelis yra patvari sporto sal\u0117s atsargin\u0117 dalis, skirta padidinti sporto ma\u0161in\u0173 dali\u0173 ilgaam\u017ei\u0161kum\u0105 ir na\u0161um\u0105.","breadcrumb":{"@id":"https:\/\/gymfactory.eu\/lt\/produktas\/htp04-presuotas-kabelio-galinis-dangtelis\/#breadcrumb"},"inLanguage":"lt-LT","potentialAction":[{"@type":"ReadAction","target":["https:\/\/gymfactory.eu\/lt\/produktas\/htp04-presuotas-kabelio-galinis-dangtelis\/"]}]},{"@type":"ImageObject","inLanguage":"lt-LT","@id":"https:\/\/gymfactory.eu\/lt\/produktas\/htp04-presuotas-kabelio-galinis-dangtelis\/#primaryimage","url":"https:\/\/gymfactory.eu\/wp-content\/uploads\/2025\/02\/HTP04-1.jpg","contentUrl":"https:\/\/gymfactory.eu\/wp-content\/uploads\/2025\/02\/HTP04-1.jpg","width":600,"height":600},{"@type":"BreadcrumbList","@id":"https:\/\/gymfactory.eu\/lt\/produktas\/htp04-presuotas-kabelio-galinis-dangtelis\/#breadcrumb","itemListElement":[{"@type":"ListItem","position":1,"name":"Pagrindinis","item":"https:\/\/gymfactory.eu\/lt\/"},{"@type":"ListItem","position":2,"name":"Katalogas","item":"https:\/\/gymfactory.eu\/lt\/katalogas\/"},{"@type":"ListItem","position":3,"name":"HTP04 Presuojama troso galvut\u0117"}]},{"@type":"WebSite","@id":"https:\/\/gymfactory.eu\/lt\/#website","url":"https:\/\/gymfactory.eu\/lt\/","name":"Gym Factory","description":"","publisher":{"@id":"https:\/\/gymfactory.eu\/lt\/#organization"},"potentialAction":[{"@type":"SearchAction","target":{"@type":"EntryPoint","urlTemplate":"https:\/\/gymfactory.eu\/lt\/?s={search_term_string}"},"query-input":{"@type":"PropertyValueSpecification","valueRequired":true,"valueName":"search_term_string"}}],"inLanguage":"lt-LT"},{"@type":"Organization","@id":"https:\/\/gymfactory.eu\/lt\/#organization","name":"Sporto sal\u0117s gamykla","url":"https:\/\/gymfactory.eu\/lt\/","logo":{"@type":"ImageObject","inLanguage":"lt-LT","@id":"https:\/\/gymfactory.eu\/lt\/#\/schema\/logo\/image\/","url":"https:\/\/gymfactory.eu\/wp-content\/uploads\/2024\/11\/Component-1.svg","contentUrl":"https:\/\/gymfactory.eu\/wp-content\/uploads\/2024\/11\/Component-1.svg","width":54,"height":44,"caption":"Sporto sal\u0117s gamykla"},"image":{"@id":"https:\/\/gymfactory.eu\/lt\/#\/schema\/logo\/image\/"}}]}},"_links":{"self":[{"href":"https:\/\/gymfactory.eu\/lt\/wp-json\/wp\/v2\/product\/10017","targetHints":{"allow":["GET"]}}],"collection":[{"href":"https:\/\/gymfactory.eu\/lt\/wp-json\/wp\/v2\/product"}],"about":[{"href":"https:\/\/gymfactory.eu\/lt\/wp-json\/wp\/v2\/types\/product"}],"wp:featuredmedia":[{"embeddable":true,"href":"https:\/\/gymfactory.eu\/lt\/wp-json\/wp\/v2\/media\/8004"}],"wp:attachment":[{"href":"https:\/\/gymfactory.eu\/lt\/wp-json\/wp\/v2\/media?parent=10017"}],"wp:term":[{"taxonomy":"product_brand","embeddable":true,"href":"https:\/\/gymfactory.eu\/lt\/wp-json\/wp\/v2\/product_brand?post=10017"},{"taxonomy":"product_cat","embeddable":true,"href":"https:\/\/gymfactory.eu\/lt\/wp-json\/wp\/v2\/product_cat?post=10017"},{"taxonomy":"product_tag","embeddable":true,"href":"https:\/\/gymfactory.eu\/lt\/wp-json\/wp\/v2\/product_tag?post=10017"}],"curies":[{"name":"wp","href":"https:\/\/api.w.org\/{rel}","templated":true}]}}