{"id":10016,"date":"2025-02-12T15:00:01","date_gmt":"2025-02-12T13:00:01","guid":{"rendered":"https:\/\/gymfactory.eu\/product\/hrt02-trosu-ratas\/"},"modified":"2025-09-09T15:19:05","modified_gmt":"2025-09-09T12:19:05","slug":"hrt02-trosu-ratas","status":"publish","type":"product","link":"https:\/\/gymfactory.eu\/lt\/produktas\/hrt02-trosu-ratas\/","title":{"rendered":"HRT02 Troso ratukas"},"content":{"rendered":"<article class=\"w-full text-token-text-primary focus-visible:outline-2 focus-visible:outline-offset-[-4px]\" dir=\"auto\" data-testid=\"conversation-turn-48\" data-scroll-anchor=\"false\">\n<div class=\"m-auto text-base py-[18px] px-6\">\n<div class=\"mx-auto flex flex-1 text-base gap-4 md:gap-5 lg:gap-6 md:max-w-3xl lg:max-w-[40rem] xl:max-w-[48rem]\">\n<div class=\"group\/conversation-turn relative flex w-full min-w-0 flex-col @xs\/thread:px-0 @sm\/thread:px-1.5 @md\/thread:px-4\">\n<div class=\"flex-col gap-1 md:gap-3\">\n<div class=\"flex max-w-full flex-col flex-grow\">\n<div class=\"min-h-8 text-message relative flex w-full flex-col items-end gap-2 whitespace-normal break-words text-start [.text-message+&amp;]:mt-5\" dir=\"auto\" data-message-author-role=\"user\" data-message-id=\"b78fb9fa-36ea-4d81-a438-a7abb32b7908\">\n<div class=\"flex w-full flex-col gap-1 empty:hidden items-end rtl:items-start\">\n<div class=\"relative max-w-[var(--user-chat-width,70%)] rounded-3xl bg-token-message-surface px-5 py-2.5\">HRT02 troso ratukas \u2013 metalinis kreipiamasis ratukas, skirtas sporto \u012frangoje nukreipti apkraut\u0105 tros\u0105. Ratuko skersmuo \u2013 89 mm, stebul\u0117s skyl\u0117s skersmuo \u2013 10,5 mm, stebul\u0117s plotis \u2013 28 mm, darbin\u0117s v\u0117\u017e\u0117s plotis \u2013 26 mm. \u012emontuotas guolis u\u017etikrina skland\u0173 sukim\u0105si, o did\u017eiausia leistina apkrova \u2013 220 kg. Bendras komponento svoris \u2013 1 kg, tod\u0117l jis tinkamas didel\u0117s apkrovos tros\u0173 sistemoms.<\/div>\n<\/div>\n<\/div>\n<\/div>\n<\/div>\n<\/div>\n<\/div>\n<\/div>\n<\/article>\n\n    <div class=\"xs_social_share_widget xs_share_url after_content \t\tmain_content  wslu-style-1 wslu-share-box-shaped wslu-fill-colored wslu-none wslu-share-horizontal wslu-theme-font-no wslu-main_content\">\n\n\t\t\n        <ul>\n\t\t\t        <\/ul>\n    <\/div> \n","protected":false},"excerpt":{"rendered":"<p>HRT02 troso ratukas \u2013 metalinis kreipiamasis ratukas, skirtas sporto \u012frangoje nukreipti apkraut\u0105 tros\u0105. Ratuko skersmuo \u2013 89 mm, stebul\u0117s skyl\u0117s skersmuo \u2013 10,5 mm, stebul\u0117s plotis \u2013 28 mm, darbin\u0117s v\u0117\u017e\u0117s plotis \u2013 26 mm. \u012emontuotas guolis u\u017etikrina skland\u0173 sukim\u0105si, o did\u017eiausia leistina apkrova \u2013 220 kg. Bendras komponento svoris \u2013 1 kg, tod\u0117l jis [&hellip;]<\/p>\n","protected":false},"featured_media":7972,"template":"","meta":{"_acf_changed":false},"product_brand":[56],"product_cat":[392],"product_tag":[],"class_list":{"0":"post-10016","1":"product","2":"type-product","3":"status-publish","4":"has-post-thumbnail","6":"product_brand-gym-factory","7":"product_cat-atsargines-dalys","9":"first","10":"onbackorder","11":"taxable","12":"shipping-taxable","13":"purchasable","14":"product-type-simple"},"acf":[],"yoast_head":"<!-- This site is optimized with the Yoast SEO plugin v25.2 - https:\/\/yoast.com\/wordpress\/plugins\/seo\/ -->\n<title>HRT02 Tros\u0173 ratas - auk\u0161tos kokyb\u0117s sporto sal\u0117s atsargin\u0117 dalis<\/title>\n<meta name=\"description\" content=\"&quot;HRT02 Cable Wheel&quot; patobulina sporto treniruokli\u0173 dalis, u\u017etikrina skland\u0173 jud\u0117jim\u0105 ir ilgaam\u017ei\u0161kum\u0105, tod\u0117l patikimai veikia bet kokioje treniruo\u010di\u0173 s\u0105rankoje.\" \/>\n<meta name=\"robots\" content=\"index, follow, max-snippet:-1, max-image-preview:large, max-video-preview:-1\" \/>\n<link rel=\"canonical\" href=\"https:\/\/gymfactory.eu\/lt\/produktas\/hrt02-trosu-ratas\/\" \/>\n<meta property=\"og:locale\" content=\"lt_LT\" \/>\n<meta property=\"og:type\" content=\"article\" \/>\n<meta property=\"og:title\" content=\"HRT02 Tros\u0173 ratas - auk\u0161tos kokyb\u0117s sporto sal\u0117s atsargin\u0117 dalis\" \/>\n<meta property=\"og:description\" content=\"&quot;HRT02 Cable Wheel&quot; patobulina sporto treniruokli\u0173 dalis, u\u017etikrina skland\u0173 jud\u0117jim\u0105 ir ilgaam\u017ei\u0161kum\u0105, tod\u0117l patikimai veikia bet kokioje treniruo\u010di\u0173 s\u0105rankoje.\" \/>\n<meta property=\"og:url\" content=\"https:\/\/gymfactory.eu\/lt\/produktas\/hrt02-trosu-ratas\/\" \/>\n<meta property=\"og:site_name\" content=\"Gym Factory\" \/>\n<meta property=\"article:modified_time\" content=\"2025-09-09T12:19:05+00:00\" \/>\n<meta property=\"og:image\" content=\"https:\/\/gymfactory.eu\/wp-content\/uploads\/2025\/02\/HRT02.jpg\" \/>\n\t<meta property=\"og:image:width\" content=\"600\" \/>\n\t<meta property=\"og:image:height\" content=\"600\" \/>\n\t<meta property=\"og:image:type\" content=\"image\/jpeg\" \/>\n<meta name=\"twitter:card\" content=\"summary_large_image\" \/>\n<meta name=\"twitter:label1\" content=\"Est. reading time\" \/>\n\t<meta name=\"twitter:data1\" content=\"1 minut\u0117\" \/>\n<script type=\"application\/ld+json\" class=\"yoast-schema-graph\">{\"@context\":\"https:\/\/schema.org\",\"@graph\":[{\"@type\":\"WebPage\",\"@id\":\"https:\/\/gymfactory.eu\/lt\/produktas\/hrt02-trosu-ratas\/\",\"url\":\"https:\/\/gymfactory.eu\/lt\/produktas\/hrt02-trosu-ratas\/\",\"name\":\"HRT02 Tros\u0173 ratas - auk\u0161tos kokyb\u0117s sporto sal\u0117s atsargin\u0117 dalis\",\"isPartOf\":{\"@id\":\"https:\/\/gymfactory.eu\/lt\/#website\"},\"primaryImageOfPage\":{\"@id\":\"https:\/\/gymfactory.eu\/lt\/produktas\/hrt02-trosu-ratas\/#primaryimage\"},\"image\":{\"@id\":\"https:\/\/gymfactory.eu\/lt\/produktas\/hrt02-trosu-ratas\/#primaryimage\"},\"thumbnailUrl\":\"https:\/\/gymfactory.eu\/wp-content\/uploads\/2025\/02\/HRT02.jpg\",\"datePublished\":\"2025-02-12T13:00:01+00:00\",\"dateModified\":\"2025-09-09T12:19:05+00:00\",\"description\":\"\\\"HRT02 Cable Wheel\\\" patobulina sporto treniruokli\u0173 dalis, u\u017etikrina skland\u0173 jud\u0117jim\u0105 ir ilgaam\u017ei\u0161kum\u0105, tod\u0117l patikimai veikia bet kokioje treniruo\u010di\u0173 s\u0105rankoje.\",\"breadcrumb\":{\"@id\":\"https:\/\/gymfactory.eu\/lt\/produktas\/hrt02-trosu-ratas\/#breadcrumb\"},\"inLanguage\":\"lt-LT\",\"potentialAction\":[{\"@type\":\"ReadAction\",\"target\":[\"https:\/\/gymfactory.eu\/lt\/produktas\/hrt02-trosu-ratas\/\"]}]},{\"@type\":\"ImageObject\",\"inLanguage\":\"lt-LT\",\"@id\":\"https:\/\/gymfactory.eu\/lt\/produktas\/hrt02-trosu-ratas\/#primaryimage\",\"url\":\"https:\/\/gymfactory.eu\/wp-content\/uploads\/2025\/02\/HRT02.jpg\",\"contentUrl\":\"https:\/\/gymfactory.eu\/wp-content\/uploads\/2025\/02\/HRT02.jpg\",\"width\":600,\"height\":600},{\"@type\":\"BreadcrumbList\",\"@id\":\"https:\/\/gymfactory.eu\/lt\/produktas\/hrt02-trosu-ratas\/#breadcrumb\",\"itemListElement\":[{\"@type\":\"ListItem\",\"position\":1,\"name\":\"Pagrindinis\",\"item\":\"https:\/\/gymfactory.eu\/lt\/\"},{\"@type\":\"ListItem\",\"position\":2,\"name\":\"Katalogas\",\"item\":\"https:\/\/gymfactory.eu\/lt\/katalogas\/\"},{\"@type\":\"ListItem\",\"position\":3,\"name\":\"HRT02 Troso ratukas\"}]},{\"@type\":\"WebSite\",\"@id\":\"https:\/\/gymfactory.eu\/lt\/#website\",\"url\":\"https:\/\/gymfactory.eu\/lt\/\",\"name\":\"Gym Factory\",\"description\":\"\",\"publisher\":{\"@id\":\"https:\/\/gymfactory.eu\/lt\/#organization\"},\"potentialAction\":[{\"@type\":\"SearchAction\",\"target\":{\"@type\":\"EntryPoint\",\"urlTemplate\":\"https:\/\/gymfactory.eu\/lt\/?s={search_term_string}\"},\"query-input\":{\"@type\":\"PropertyValueSpecification\",\"valueRequired\":true,\"valueName\":\"search_term_string\"}}],\"inLanguage\":\"lt-LT\"},{\"@type\":\"Organization\",\"@id\":\"https:\/\/gymfactory.eu\/lt\/#organization\",\"name\":\"Sporto sal\u0117s gamykla\",\"url\":\"https:\/\/gymfactory.eu\/lt\/\",\"logo\":{\"@type\":\"ImageObject\",\"inLanguage\":\"lt-LT\",\"@id\":\"https:\/\/gymfactory.eu\/lt\/#\/schema\/logo\/image\/\",\"url\":\"https:\/\/gymfactory.eu\/wp-content\/uploads\/2024\/11\/Component-1.svg\",\"contentUrl\":\"https:\/\/gymfactory.eu\/wp-content\/uploads\/2024\/11\/Component-1.svg\",\"width\":54,\"height\":44,\"caption\":\"Sporto sal\u0117s gamykla\"},\"image\":{\"@id\":\"https:\/\/gymfactory.eu\/lt\/#\/schema\/logo\/image\/\"}}]}<\/script>\n<!-- \/ Yoast SEO plugin. -->","yoast_head_json":{"title":"HRT02 Tros\u0173 ratas - auk\u0161tos kokyb\u0117s sporto sal\u0117s atsargin\u0117 dalis","description":"\"HRT02 Cable Wheel\" patobulina sporto treniruokli\u0173 dalis, u\u017etikrina skland\u0173 jud\u0117jim\u0105 ir ilgaam\u017ei\u0161kum\u0105, tod\u0117l patikimai veikia bet kokioje treniruo\u010di\u0173 s\u0105rankoje.","robots":{"index":"index","follow":"follow","max-snippet":"max-snippet:-1","max-image-preview":"max-image-preview:large","max-video-preview":"max-video-preview:-1"},"canonical":"https:\/\/gymfactory.eu\/lt\/produktas\/hrt02-trosu-ratas\/","og_locale":"lt_LT","og_type":"article","og_title":"HRT02 Tros\u0173 ratas - auk\u0161tos kokyb\u0117s sporto sal\u0117s atsargin\u0117 dalis","og_description":"\"HRT02 Cable Wheel\" patobulina sporto treniruokli\u0173 dalis, u\u017etikrina skland\u0173 jud\u0117jim\u0105 ir ilgaam\u017ei\u0161kum\u0105, tod\u0117l patikimai veikia bet kokioje treniruo\u010di\u0173 s\u0105rankoje.","og_url":"https:\/\/gymfactory.eu\/lt\/produktas\/hrt02-trosu-ratas\/","og_site_name":"Gym Factory","article_modified_time":"2025-09-09T12:19:05+00:00","og_image":[{"width":600,"height":600,"url":"https:\/\/gymfactory.eu\/wp-content\/uploads\/2025\/02\/HRT02.jpg","type":"image\/jpeg"}],"twitter_card":"summary_large_image","twitter_misc":{"Est. reading time":"1 minut\u0117"},"schema":{"@context":"https:\/\/schema.org","@graph":[{"@type":"WebPage","@id":"https:\/\/gymfactory.eu\/lt\/produktas\/hrt02-trosu-ratas\/","url":"https:\/\/gymfactory.eu\/lt\/produktas\/hrt02-trosu-ratas\/","name":"HRT02 Tros\u0173 ratas - auk\u0161tos kokyb\u0117s sporto sal\u0117s atsargin\u0117 dalis","isPartOf":{"@id":"https:\/\/gymfactory.eu\/lt\/#website"},"primaryImageOfPage":{"@id":"https:\/\/gymfactory.eu\/lt\/produktas\/hrt02-trosu-ratas\/#primaryimage"},"image":{"@id":"https:\/\/gymfactory.eu\/lt\/produktas\/hrt02-trosu-ratas\/#primaryimage"},"thumbnailUrl":"https:\/\/gymfactory.eu\/wp-content\/uploads\/2025\/02\/HRT02.jpg","datePublished":"2025-02-12T13:00:01+00:00","dateModified":"2025-09-09T12:19:05+00:00","description":"\"HRT02 Cable Wheel\" patobulina sporto treniruokli\u0173 dalis, u\u017etikrina skland\u0173 jud\u0117jim\u0105 ir ilgaam\u017ei\u0161kum\u0105, tod\u0117l patikimai veikia bet kokioje treniruo\u010di\u0173 s\u0105rankoje.","breadcrumb":{"@id":"https:\/\/gymfactory.eu\/lt\/produktas\/hrt02-trosu-ratas\/#breadcrumb"},"inLanguage":"lt-LT","potentialAction":[{"@type":"ReadAction","target":["https:\/\/gymfactory.eu\/lt\/produktas\/hrt02-trosu-ratas\/"]}]},{"@type":"ImageObject","inLanguage":"lt-LT","@id":"https:\/\/gymfactory.eu\/lt\/produktas\/hrt02-trosu-ratas\/#primaryimage","url":"https:\/\/gymfactory.eu\/wp-content\/uploads\/2025\/02\/HRT02.jpg","contentUrl":"https:\/\/gymfactory.eu\/wp-content\/uploads\/2025\/02\/HRT02.jpg","width":600,"height":600},{"@type":"BreadcrumbList","@id":"https:\/\/gymfactory.eu\/lt\/produktas\/hrt02-trosu-ratas\/#breadcrumb","itemListElement":[{"@type":"ListItem","position":1,"name":"Pagrindinis","item":"https:\/\/gymfactory.eu\/lt\/"},{"@type":"ListItem","position":2,"name":"Katalogas","item":"https:\/\/gymfactory.eu\/lt\/katalogas\/"},{"@type":"ListItem","position":3,"name":"HRT02 Troso ratukas"}]},{"@type":"WebSite","@id":"https:\/\/gymfactory.eu\/lt\/#website","url":"https:\/\/gymfactory.eu\/lt\/","name":"Gym Factory","description":"","publisher":{"@id":"https:\/\/gymfactory.eu\/lt\/#organization"},"potentialAction":[{"@type":"SearchAction","target":{"@type":"EntryPoint","urlTemplate":"https:\/\/gymfactory.eu\/lt\/?s={search_term_string}"},"query-input":{"@type":"PropertyValueSpecification","valueRequired":true,"valueName":"search_term_string"}}],"inLanguage":"lt-LT"},{"@type":"Organization","@id":"https:\/\/gymfactory.eu\/lt\/#organization","name":"Sporto sal\u0117s gamykla","url":"https:\/\/gymfactory.eu\/lt\/","logo":{"@type":"ImageObject","inLanguage":"lt-LT","@id":"https:\/\/gymfactory.eu\/lt\/#\/schema\/logo\/image\/","url":"https:\/\/gymfactory.eu\/wp-content\/uploads\/2024\/11\/Component-1.svg","contentUrl":"https:\/\/gymfactory.eu\/wp-content\/uploads\/2024\/11\/Component-1.svg","width":54,"height":44,"caption":"Sporto sal\u0117s gamykla"},"image":{"@id":"https:\/\/gymfactory.eu\/lt\/#\/schema\/logo\/image\/"}}]}},"_links":{"self":[{"href":"https:\/\/gymfactory.eu\/lt\/wp-json\/wp\/v2\/product\/10016","targetHints":{"allow":["GET"]}}],"collection":[{"href":"https:\/\/gymfactory.eu\/lt\/wp-json\/wp\/v2\/product"}],"about":[{"href":"https:\/\/gymfactory.eu\/lt\/wp-json\/wp\/v2\/types\/product"}],"wp:featuredmedia":[{"embeddable":true,"href":"https:\/\/gymfactory.eu\/lt\/wp-json\/wp\/v2\/media\/7972"}],"wp:attachment":[{"href":"https:\/\/gymfactory.eu\/lt\/wp-json\/wp\/v2\/media?parent=10016"}],"wp:term":[{"taxonomy":"product_brand","embeddable":true,"href":"https:\/\/gymfactory.eu\/lt\/wp-json\/wp\/v2\/product_brand?post=10016"},{"taxonomy":"product_cat","embeddable":true,"href":"https:\/\/gymfactory.eu\/lt\/wp-json\/wp\/v2\/product_cat?post=10016"},{"taxonomy":"product_tag","embeddable":true,"href":"https:\/\/gymfactory.eu\/lt\/wp-json\/wp\/v2\/product_tag?post=10016"}],"curies":[{"name":"wp","href":"https:\/\/api.w.org\/{rel}","templated":true}]}}