{"id":10010,"date":"2025-02-12T11:09:34","date_gmt":"2025-02-12T09:09:34","guid":{"rendered":"https:\/\/gymfactory.eu\/product\/l6x-hiperekstenzijos-suoliukas\/"},"modified":"2025-12-03T14:18:58","modified_gmt":"2025-12-03T12:18:58","slug":"l6x-hiperekstenzijos-suoliukas","status":"publish","type":"product","link":"https:\/\/gymfactory.eu\/lt\/produktas\/l6x-hiperekstenzijos-suoliukas\/","title":{"rendered":"L6X Rom\u0117ni\u0161kas suoliukas (horizontalus)"},"content":{"rendered":"<p>L6X rom\u0117ni\u0161kas suoliukas (horizontalus) \u2013 treniruo\u010di\u0173 \u012franga, skirta kontroliuojamiems nugaros tiesimams, stiprinantiems apatin\u0119 nugaros dal\u012f ir gerinan\u010diai laikysen\u0105 bei stabilum\u0105. Tinka tiek nam\u0173, tiek profesionalioms treniruo\u010di\u0173 erdv\u0117ms.<\/p>\n<p>Skirtingai nei kampiniai modeliai, horizontalus suoliuko i\u0161d\u0117stymas labiau apkrauna apatin\u0119 nugaros dal\u012f, suma\u017eindamas s\u0117dmen\u0173 ir \u0161laun\u0173 \u012fsitraukim\u0105. Reguliuojamo auk\u0161\u010dio p\u0117d\u0173 atrama leid\u017eia tiksliai prisitaikyti prie individualios pad\u0117ties ir u\u017etikrinti taisykling\u0105 atlikim\u0105.<\/p>\n<p>Kompakti\u0161kas, patikimas ir paprastos konstrukcijos treniruoklis \u2013 efektyviam ir kryptingam nugaros stiprinimui.<\/p>\n\n    <div class=\"xs_social_share_widget xs_share_url after_content \t\tmain_content  wslu-style-1 wslu-share-box-shaped wslu-fill-colored wslu-none wslu-share-horizontal wslu-theme-font-no wslu-main_content\">\n\n\t\t\n        <ul>\n\t\t\t        <\/ul>\n    <\/div> \n","protected":false},"excerpt":{"rendered":"<p>L6X rom\u0117ni\u0161kas suoliukas (horizontalus) \u2013 treniruo\u010di\u0173 \u012franga, skirta kontroliuojamiems nugaros tiesimams, stiprinantiems apatin\u0119 nugaros dal\u012f ir gerinan\u010diai laikysen\u0105 bei stabilum\u0105. Tinka tiek nam\u0173, tiek profesionalioms treniruo\u010di\u0173 erdv\u0117ms. Skirtingai nei kampiniai modeliai, horizontalus suoliuko i\u0161d\u0117stymas labiau apkrauna apatin\u0119 nugaros dal\u012f, suma\u017eindamas s\u0117dmen\u0173 ir \u0161laun\u0173 \u012fsitraukim\u0105. Reguliuojamo auk\u0161\u010dio p\u0117d\u0173 atrama leid\u017eia tiksliai prisitaikyti prie individualios pad\u0117ties ir [&hellip;]<\/p>\n","protected":false},"featured_media":9126,"template":"","meta":{"_acf_changed":false},"product_brand":[817],"product_cat":[437],"product_tag":[],"class_list":{"0":"post-10010","1":"product","2":"type-product","3":"status-publish","4":"has-post-thumbnail","6":"product_brand-gym-factory-lt","7":"product_cat-treniruociu-suolai","9":"first","10":"onbackorder","11":"taxable","12":"shipping-taxable","13":"purchasable","14":"product-type-variable","15":"has-default-attributes"},"acf":[],"yoast_head":"<!-- This site is optimized with the Yoast SEO plugin v25.2 - https:\/\/yoast.com\/wordpress\/plugins\/seo\/ -->\n<title>L6X Hyperextension Bench Geriausia treniruokli\u0173 \u012franga namams<\/title>\n<meta name=\"description\" content=\"Pagerinkite savo nam\u0173 sporto sal\u0119 naudodami \u0161\u012f j\u0117gos treniruokl\u012f, skirt\u0105 pagrindiniams raumenims treniruoti ir u\u017etikrinant\u012f saugias bei veiksmingas treniruotes.\" \/>\n<meta name=\"robots\" content=\"index, follow, max-snippet:-1, max-image-preview:large, max-video-preview:-1\" \/>\n<link rel=\"canonical\" href=\"https:\/\/gymfactory.eu\/lt\/produktas\/l6x-hiperekstenzijos-suoliukas\/\" \/>\n<meta property=\"og:locale\" content=\"lt_LT\" \/>\n<meta property=\"og:type\" content=\"article\" \/>\n<meta property=\"og:title\" content=\"L6X Hyperextension Bench Geriausia treniruokli\u0173 \u012franga namams\" \/>\n<meta property=\"og:description\" content=\"Pagerinkite savo nam\u0173 sporto sal\u0119 naudodami \u0161\u012f j\u0117gos treniruokl\u012f, skirt\u0105 pagrindiniams raumenims treniruoti ir u\u017etikrinant\u012f saugias bei veiksmingas treniruotes.\" \/>\n<meta property=\"og:url\" content=\"https:\/\/gymfactory.eu\/lt\/produktas\/l6x-hiperekstenzijos-suoliukas\/\" \/>\n<meta property=\"og:site_name\" content=\"Gym Factory\" \/>\n<meta property=\"article:modified_time\" content=\"2025-12-03T12:18:58+00:00\" \/>\n<meta property=\"og:image\" content=\"https:\/\/gymfactory.eu\/wp-content\/uploads\/2025\/02\/best-workout-bench-hyperextension-machine-1.webp\" \/>\n\t<meta property=\"og:image:width\" content=\"1500\" \/>\n\t<meta property=\"og:image:height\" content=\"1500\" \/>\n\t<meta property=\"og:image:type\" content=\"image\/webp\" \/>\n<meta name=\"twitter:card\" content=\"summary_large_image\" \/>\n<meta name=\"twitter:label1\" content=\"Est. reading time\" \/>\n\t<meta name=\"twitter:data1\" content=\"1 minut\u0117\" \/>\n<script type=\"application\/ld+json\" class=\"yoast-schema-graph\">{\"@context\":\"https:\/\/schema.org\",\"@graph\":[{\"@type\":\"WebPage\",\"@id\":\"https:\/\/gymfactory.eu\/lt\/produktas\/l6x-hiperekstenzijos-suoliukas\/\",\"url\":\"https:\/\/gymfactory.eu\/lt\/produktas\/l6x-hiperekstenzijos-suoliukas\/\",\"name\":\"L6X Hyperextension Bench Geriausia treniruokli\u0173 \u012franga namams\",\"isPartOf\":{\"@id\":\"https:\/\/gymfactory.eu\/lt\/#website\"},\"primaryImageOfPage\":{\"@id\":\"https:\/\/gymfactory.eu\/lt\/produktas\/l6x-hiperekstenzijos-suoliukas\/#primaryimage\"},\"image\":{\"@id\":\"https:\/\/gymfactory.eu\/lt\/produktas\/l6x-hiperekstenzijos-suoliukas\/#primaryimage\"},\"thumbnailUrl\":\"https:\/\/gymfactory.eu\/wp-content\/uploads\/2025\/02\/best-workout-bench-hyperextension-machine-1.webp\",\"datePublished\":\"2025-02-12T09:09:34+00:00\",\"dateModified\":\"2025-12-03T12:18:58+00:00\",\"description\":\"Pagerinkite savo nam\u0173 sporto sal\u0119 naudodami \u0161\u012f j\u0117gos treniruokl\u012f, skirt\u0105 pagrindiniams raumenims treniruoti ir u\u017etikrinant\u012f saugias bei veiksmingas treniruotes.\",\"breadcrumb\":{\"@id\":\"https:\/\/gymfactory.eu\/lt\/produktas\/l6x-hiperekstenzijos-suoliukas\/#breadcrumb\"},\"inLanguage\":\"lt-LT\",\"potentialAction\":[{\"@type\":\"ReadAction\",\"target\":[\"https:\/\/gymfactory.eu\/lt\/produktas\/l6x-hiperekstenzijos-suoliukas\/\"]}]},{\"@type\":\"ImageObject\",\"inLanguage\":\"lt-LT\",\"@id\":\"https:\/\/gymfactory.eu\/lt\/produktas\/l6x-hiperekstenzijos-suoliukas\/#primaryimage\",\"url\":\"https:\/\/gymfactory.eu\/wp-content\/uploads\/2025\/02\/best-workout-bench-hyperextension-machine-1.webp\",\"contentUrl\":\"https:\/\/gymfactory.eu\/wp-content\/uploads\/2025\/02\/best-workout-bench-hyperextension-machine-1.webp\",\"width\":1500,\"height\":1500,\"caption\":\"Eleganti\u0161kas hiperektenzijos suoliukas, skirtas j\u0117gos treniruo\u010di\u0173 \u012frangai namuose. Sidabrinis r\u0117mas suteikia stabil\u0173 pagrind\u0105, o pamink\u0161tinta atrama ir putplas\u010dio voleliai u\u017etikrina patogum\u0105 ir saugum\u0105 atliekant nugaros tempimo pratimus.\"},{\"@type\":\"BreadcrumbList\",\"@id\":\"https:\/\/gymfactory.eu\/lt\/produktas\/l6x-hiperekstenzijos-suoliukas\/#breadcrumb\",\"itemListElement\":[{\"@type\":\"ListItem\",\"position\":1,\"name\":\"Pagrindinis\",\"item\":\"https:\/\/gymfactory.eu\/lt\/\"},{\"@type\":\"ListItem\",\"position\":2,\"name\":\"Katalogas\",\"item\":\"https:\/\/gymfactory.eu\/lt\/katalogas\/\"},{\"@type\":\"ListItem\",\"position\":3,\"name\":\"L6X Rom\u0117ni\u0161kas suoliukas (horizontalus)\"}]},{\"@type\":\"WebSite\",\"@id\":\"https:\/\/gymfactory.eu\/lt\/#website\",\"url\":\"https:\/\/gymfactory.eu\/lt\/\",\"name\":\"Gym Factory\",\"description\":\"\",\"publisher\":{\"@id\":\"https:\/\/gymfactory.eu\/lt\/#organization\"},\"potentialAction\":[{\"@type\":\"SearchAction\",\"target\":{\"@type\":\"EntryPoint\",\"urlTemplate\":\"https:\/\/gymfactory.eu\/lt\/?s={search_term_string}\"},\"query-input\":{\"@type\":\"PropertyValueSpecification\",\"valueRequired\":true,\"valueName\":\"search_term_string\"}}],\"inLanguage\":\"lt-LT\"},{\"@type\":\"Organization\",\"@id\":\"https:\/\/gymfactory.eu\/lt\/#organization\",\"name\":\"Sporto sal\u0117s gamykla\",\"url\":\"https:\/\/gymfactory.eu\/lt\/\",\"logo\":{\"@type\":\"ImageObject\",\"inLanguage\":\"lt-LT\",\"@id\":\"https:\/\/gymfactory.eu\/lt\/#\/schema\/logo\/image\/\",\"url\":\"https:\/\/gymfactory.eu\/wp-content\/uploads\/2024\/11\/Component-1.svg\",\"contentUrl\":\"https:\/\/gymfactory.eu\/wp-content\/uploads\/2024\/11\/Component-1.svg\",\"width\":54,\"height\":44,\"caption\":\"Sporto sal\u0117s gamykla\"},\"image\":{\"@id\":\"https:\/\/gymfactory.eu\/lt\/#\/schema\/logo\/image\/\"}}]}<\/script>\n<!-- \/ Yoast SEO plugin. -->","yoast_head_json":{"title":"L6X Hyperextension Bench Geriausia treniruokli\u0173 \u012franga namams","description":"Pagerinkite savo nam\u0173 sporto sal\u0119 naudodami \u0161\u012f j\u0117gos treniruokl\u012f, skirt\u0105 pagrindiniams raumenims treniruoti ir u\u017etikrinant\u012f saugias bei veiksmingas treniruotes.","robots":{"index":"index","follow":"follow","max-snippet":"max-snippet:-1","max-image-preview":"max-image-preview:large","max-video-preview":"max-video-preview:-1"},"canonical":"https:\/\/gymfactory.eu\/lt\/produktas\/l6x-hiperekstenzijos-suoliukas\/","og_locale":"lt_LT","og_type":"article","og_title":"L6X Hyperextension Bench Geriausia treniruokli\u0173 \u012franga namams","og_description":"Pagerinkite savo nam\u0173 sporto sal\u0119 naudodami \u0161\u012f j\u0117gos treniruokl\u012f, skirt\u0105 pagrindiniams raumenims treniruoti ir u\u017etikrinant\u012f saugias bei veiksmingas treniruotes.","og_url":"https:\/\/gymfactory.eu\/lt\/produktas\/l6x-hiperekstenzijos-suoliukas\/","og_site_name":"Gym Factory","article_modified_time":"2025-12-03T12:18:58+00:00","og_image":[{"width":1500,"height":1500,"url":"https:\/\/gymfactory.eu\/wp-content\/uploads\/2025\/02\/best-workout-bench-hyperextension-machine-1.webp","type":"image\/webp"}],"twitter_card":"summary_large_image","twitter_misc":{"Est. reading time":"1 minut\u0117"},"schema":{"@context":"https:\/\/schema.org","@graph":[{"@type":"WebPage","@id":"https:\/\/gymfactory.eu\/lt\/produktas\/l6x-hiperekstenzijos-suoliukas\/","url":"https:\/\/gymfactory.eu\/lt\/produktas\/l6x-hiperekstenzijos-suoliukas\/","name":"L6X Hyperextension Bench Geriausia treniruokli\u0173 \u012franga namams","isPartOf":{"@id":"https:\/\/gymfactory.eu\/lt\/#website"},"primaryImageOfPage":{"@id":"https:\/\/gymfactory.eu\/lt\/produktas\/l6x-hiperekstenzijos-suoliukas\/#primaryimage"},"image":{"@id":"https:\/\/gymfactory.eu\/lt\/produktas\/l6x-hiperekstenzijos-suoliukas\/#primaryimage"},"thumbnailUrl":"https:\/\/gymfactory.eu\/wp-content\/uploads\/2025\/02\/best-workout-bench-hyperextension-machine-1.webp","datePublished":"2025-02-12T09:09:34+00:00","dateModified":"2025-12-03T12:18:58+00:00","description":"Pagerinkite savo nam\u0173 sporto sal\u0119 naudodami \u0161\u012f j\u0117gos treniruokl\u012f, skirt\u0105 pagrindiniams raumenims treniruoti ir u\u017etikrinant\u012f saugias bei veiksmingas treniruotes.","breadcrumb":{"@id":"https:\/\/gymfactory.eu\/lt\/produktas\/l6x-hiperekstenzijos-suoliukas\/#breadcrumb"},"inLanguage":"lt-LT","potentialAction":[{"@type":"ReadAction","target":["https:\/\/gymfactory.eu\/lt\/produktas\/l6x-hiperekstenzijos-suoliukas\/"]}]},{"@type":"ImageObject","inLanguage":"lt-LT","@id":"https:\/\/gymfactory.eu\/lt\/produktas\/l6x-hiperekstenzijos-suoliukas\/#primaryimage","url":"https:\/\/gymfactory.eu\/wp-content\/uploads\/2025\/02\/best-workout-bench-hyperextension-machine-1.webp","contentUrl":"https:\/\/gymfactory.eu\/wp-content\/uploads\/2025\/02\/best-workout-bench-hyperextension-machine-1.webp","width":1500,"height":1500,"caption":"Eleganti\u0161kas hiperektenzijos suoliukas, skirtas j\u0117gos treniruo\u010di\u0173 \u012frangai namuose. Sidabrinis r\u0117mas suteikia stabil\u0173 pagrind\u0105, o pamink\u0161tinta atrama ir putplas\u010dio voleliai u\u017etikrina patogum\u0105 ir saugum\u0105 atliekant nugaros tempimo pratimus."},{"@type":"BreadcrumbList","@id":"https:\/\/gymfactory.eu\/lt\/produktas\/l6x-hiperekstenzijos-suoliukas\/#breadcrumb","itemListElement":[{"@type":"ListItem","position":1,"name":"Pagrindinis","item":"https:\/\/gymfactory.eu\/lt\/"},{"@type":"ListItem","position":2,"name":"Katalogas","item":"https:\/\/gymfactory.eu\/lt\/katalogas\/"},{"@type":"ListItem","position":3,"name":"L6X Rom\u0117ni\u0161kas suoliukas (horizontalus)"}]},{"@type":"WebSite","@id":"https:\/\/gymfactory.eu\/lt\/#website","url":"https:\/\/gymfactory.eu\/lt\/","name":"Gym Factory","description":"","publisher":{"@id":"https:\/\/gymfactory.eu\/lt\/#organization"},"potentialAction":[{"@type":"SearchAction","target":{"@type":"EntryPoint","urlTemplate":"https:\/\/gymfactory.eu\/lt\/?s={search_term_string}"},"query-input":{"@type":"PropertyValueSpecification","valueRequired":true,"valueName":"search_term_string"}}],"inLanguage":"lt-LT"},{"@type":"Organization","@id":"https:\/\/gymfactory.eu\/lt\/#organization","name":"Sporto sal\u0117s gamykla","url":"https:\/\/gymfactory.eu\/lt\/","logo":{"@type":"ImageObject","inLanguage":"lt-LT","@id":"https:\/\/gymfactory.eu\/lt\/#\/schema\/logo\/image\/","url":"https:\/\/gymfactory.eu\/wp-content\/uploads\/2024\/11\/Component-1.svg","contentUrl":"https:\/\/gymfactory.eu\/wp-content\/uploads\/2024\/11\/Component-1.svg","width":54,"height":44,"caption":"Sporto sal\u0117s gamykla"},"image":{"@id":"https:\/\/gymfactory.eu\/lt\/#\/schema\/logo\/image\/"}}]}},"_links":{"self":[{"href":"https:\/\/gymfactory.eu\/lt\/wp-json\/wp\/v2\/product\/10010","targetHints":{"allow":["GET"]}}],"collection":[{"href":"https:\/\/gymfactory.eu\/lt\/wp-json\/wp\/v2\/product"}],"about":[{"href":"https:\/\/gymfactory.eu\/lt\/wp-json\/wp\/v2\/types\/product"}],"wp:featuredmedia":[{"embeddable":true,"href":"https:\/\/gymfactory.eu\/lt\/wp-json\/wp\/v2\/media\/9126"}],"wp:attachment":[{"href":"https:\/\/gymfactory.eu\/lt\/wp-json\/wp\/v2\/media?parent=10010"}],"wp:term":[{"taxonomy":"product_brand","embeddable":true,"href":"https:\/\/gymfactory.eu\/lt\/wp-json\/wp\/v2\/product_brand?post=10010"},{"taxonomy":"product_cat","embeddable":true,"href":"https:\/\/gymfactory.eu\/lt\/wp-json\/wp\/v2\/product_cat?post=10010"},{"taxonomy":"product_tag","embeddable":true,"href":"https:\/\/gymfactory.eu\/lt\/wp-json\/wp\/v2\/product_tag?post=10010"}],"curies":[{"name":"wp","href":"https:\/\/api.w.org\/{rel}","templated":true}]}}