{"id":10007,"date":"2025-02-11T12:17:11","date_gmt":"2025-02-11T10:17:11","guid":{"rendered":"https:\/\/gymfactory.eu\/product\/j4x-reguliuojamas-suoliukas\/"},"modified":"2025-12-03T14:02:27","modified_gmt":"2025-12-03T12:02:27","slug":"j4x-reguliuojamas-suoliukas","status":"publish","type":"product","link":"https:\/\/gymfactory.eu\/lt\/produktas\/j4x-reguliuojamas-suoliukas\/","title":{"rendered":"J4X Reguliuojamas suoliukas kampu"},"content":{"rendered":"<p>J4X reguliuojamas suoliukas kampu \u2013 treniruo\u010di\u0173 \u012frenginys, sukurtas j\u0117gos lavinimui nuo\u017eulnioje pad\u0117tyje. Tinka tiek nam\u0173 sporto zonoms, tiek profesionalioms sal\u0117ms, kur reikalingas patikimas ir lengvai pritaikomas sprendimas.<\/p>\n<p>Keli\u0173 pad\u0117\u010di\u0173 atlo\u0161as leid\u017eia greitai reguliuoti kamp\u0105 ir pritaikyti suoliuk\u0105 skirtingiems pratimams. Idealiai tinka spaudimams kampu, pratimams \u012f \u0161onus su svoriais ir kitiems vir\u0161utin\u0117s k\u016bno dalies pratimams, kuriems reikalinga stabili atrama.<\/p>\n<p>Tvirta konstrukcija ir paprastas reguliavimo mechanizmas u\u017etikrina patog\u0173 naudojim\u0105 bei patikimum\u0105 kasdien\u0117se treniruot\u0117se.<\/p>\n\n    <div class=\"xs_social_share_widget xs_share_url after_content \t\tmain_content  wslu-style-1 wslu-share-box-shaped wslu-fill-colored wslu-none wslu-share-horizontal wslu-theme-font-no wslu-main_content\">\n\n\t\t\n        <ul>\n\t\t\t        <\/ul>\n    <\/div> \n","protected":false},"excerpt":{"rendered":"<p>J4X reguliuojamas suoliukas kampu \u2013 treniruo\u010di\u0173 \u012frenginys, sukurtas j\u0117gos lavinimui nuo\u017eulnioje pad\u0117tyje. Tinka tiek nam\u0173 sporto zonoms, tiek profesionalioms sal\u0117ms, kur reikalingas patikimas ir lengvai pritaikomas sprendimas. Keli\u0173 pad\u0117\u010di\u0173 atlo\u0161as leid\u017eia greitai reguliuoti kamp\u0105 ir pritaikyti suoliuk\u0105 skirtingiems pratimams. Idealiai tinka spaudimams kampu, pratimams \u012f \u0161onus su svoriais ir kitiems vir\u0161utin\u0117s k\u016bno dalies pratimams, kuriems [&hellip;]<\/p>\n","protected":false},"featured_media":8852,"template":"","meta":{"_acf_changed":false},"product_brand":[817],"product_cat":[437],"product_tag":[],"class_list":{"0":"post-10007","1":"product","2":"type-product","3":"status-publish","4":"has-post-thumbnail","6":"product_brand-gym-factory-lt","7":"product_cat-treniruociu-suolai","9":"first","10":"onbackorder","11":"taxable","12":"shipping-taxable","13":"purchasable","14":"product-type-variable","15":"has-default-attributes"},"acf":[],"yoast_head":"<!-- This site is optimized with the Yoast SEO plugin v25.2 - https:\/\/yoast.com\/wordpress\/plugins\/seo\/ -->\n<title>J4X reguliuojamas suoliukas - geriausia treniruokli\u0173 \u012franga namams<\/title>\n<meta name=\"description\" content=\"\u012evairiapusi\u0161kai treniruokite vir\u0161utin\u0119 k\u016bno dal\u012f su geriausiu reguliuojamu suoliuku, skirtu tiek nam\u0173, tiek profesionaliam naudojimui. Patvarus visiems fizinio pasirengimo lygiams.\" \/>\n<meta name=\"robots\" content=\"index, follow, max-snippet:-1, max-image-preview:large, max-video-preview:-1\" \/>\n<link rel=\"canonical\" href=\"https:\/\/gymfactory.eu\/lt\/produktas\/j4x-reguliuojamas-suoliukas\/\" \/>\n<meta property=\"og:locale\" content=\"lt_LT\" \/>\n<meta property=\"og:type\" content=\"article\" \/>\n<meta property=\"og:title\" content=\"J4X reguliuojamas suoliukas - geriausia treniruokli\u0173 \u012franga namams\" \/>\n<meta property=\"og:description\" content=\"\u012evairiapusi\u0161kai treniruokite vir\u0161utin\u0119 k\u016bno dal\u012f su geriausiu reguliuojamu suoliuku, skirtu tiek nam\u0173, tiek profesionaliam naudojimui. Patvarus visiems fizinio pasirengimo lygiams.\" \/>\n<meta property=\"og:url\" content=\"https:\/\/gymfactory.eu\/lt\/produktas\/j4x-reguliuojamas-suoliukas\/\" \/>\n<meta property=\"og:site_name\" content=\"Gym Factory\" \/>\n<meta property=\"article:modified_time\" content=\"2025-12-03T12:02:27+00:00\" \/>\n<meta property=\"og:image\" content=\"https:\/\/gymfactory.eu\/wp-content\/uploads\/2025\/02\/best-workout-bench-black-roman-chair-bench-1.webp\" \/>\n\t<meta property=\"og:image:width\" content=\"1500\" \/>\n\t<meta property=\"og:image:height\" content=\"1500\" \/>\n\t<meta property=\"og:image:type\" content=\"image\/webp\" \/>\n<meta name=\"twitter:card\" content=\"summary_large_image\" \/>\n<meta name=\"twitter:label1\" content=\"Est. reading time\" \/>\n\t<meta name=\"twitter:data1\" content=\"1 minut\u0117\" \/>\n<script type=\"application\/ld+json\" class=\"yoast-schema-graph\">{\"@context\":\"https:\/\/schema.org\",\"@graph\":[{\"@type\":\"WebPage\",\"@id\":\"https:\/\/gymfactory.eu\/lt\/produktas\/j4x-reguliuojamas-suoliukas\/\",\"url\":\"https:\/\/gymfactory.eu\/lt\/produktas\/j4x-reguliuojamas-suoliukas\/\",\"name\":\"J4X reguliuojamas suoliukas - geriausia treniruokli\u0173 \u012franga namams\",\"isPartOf\":{\"@id\":\"https:\/\/gymfactory.eu\/lt\/#website\"},\"primaryImageOfPage\":{\"@id\":\"https:\/\/gymfactory.eu\/lt\/produktas\/j4x-reguliuojamas-suoliukas\/#primaryimage\"},\"image\":{\"@id\":\"https:\/\/gymfactory.eu\/lt\/produktas\/j4x-reguliuojamas-suoliukas\/#primaryimage\"},\"thumbnailUrl\":\"https:\/\/gymfactory.eu\/wp-content\/uploads\/2025\/02\/best-workout-bench-black-roman-chair-bench-1.webp\",\"datePublished\":\"2025-02-11T10:17:11+00:00\",\"dateModified\":\"2025-12-03T12:02:27+00:00\",\"description\":\"\u012evairiapusi\u0161kai treniruokite vir\u0161utin\u0119 k\u016bno dal\u012f su geriausiu reguliuojamu suoliuku, skirtu tiek nam\u0173, tiek profesionaliam naudojimui. Patvarus visiems fizinio pasirengimo lygiams.\",\"breadcrumb\":{\"@id\":\"https:\/\/gymfactory.eu\/lt\/produktas\/j4x-reguliuojamas-suoliukas\/#breadcrumb\"},\"inLanguage\":\"lt-LT\",\"potentialAction\":[{\"@type\":\"ReadAction\",\"target\":[\"https:\/\/gymfactory.eu\/lt\/produktas\/j4x-reguliuojamas-suoliukas\/\"]}]},{\"@type\":\"ImageObject\",\"inLanguage\":\"lt-LT\",\"@id\":\"https:\/\/gymfactory.eu\/lt\/produktas\/j4x-reguliuojamas-suoliukas\/#primaryimage\",\"url\":\"https:\/\/gymfactory.eu\/wp-content\/uploads\/2025\/02\/best-workout-bench-black-roman-chair-bench-1.webp\",\"contentUrl\":\"https:\/\/gymfactory.eu\/wp-content\/uploads\/2025\/02\/best-workout-bench-black-roman-chair-bench-1.webp\",\"width\":1500,\"height\":1500,\"caption\":\"Juodos spalvos rom\u0117ni\u0161kas treniruo\u010di\u0173 suoliukas, j\u0117gos treniruo\u010di\u0173 \u012franga namuose su ergonomi\u0161ku dizainu, mink\u0161tomis pagalv\u0117l\u0117mis ir tvirtu plieniniu r\u0117mu, skirta \u0161erd\u017eiai stiprinti ir apatinei nugaros daliai treniruoti.\"},{\"@type\":\"BreadcrumbList\",\"@id\":\"https:\/\/gymfactory.eu\/lt\/produktas\/j4x-reguliuojamas-suoliukas\/#breadcrumb\",\"itemListElement\":[{\"@type\":\"ListItem\",\"position\":1,\"name\":\"Pagrindinis\",\"item\":\"https:\/\/gymfactory.eu\/lt\/\"},{\"@type\":\"ListItem\",\"position\":2,\"name\":\"Katalogas\",\"item\":\"https:\/\/gymfactory.eu\/lt\/katalogas\/\"},{\"@type\":\"ListItem\",\"position\":3,\"name\":\"J4X Reguliuojamas suoliukas kampu\"}]},{\"@type\":\"WebSite\",\"@id\":\"https:\/\/gymfactory.eu\/lt\/#website\",\"url\":\"https:\/\/gymfactory.eu\/lt\/\",\"name\":\"Gym Factory\",\"description\":\"\",\"publisher\":{\"@id\":\"https:\/\/gymfactory.eu\/lt\/#organization\"},\"potentialAction\":[{\"@type\":\"SearchAction\",\"target\":{\"@type\":\"EntryPoint\",\"urlTemplate\":\"https:\/\/gymfactory.eu\/lt\/?s={search_term_string}\"},\"query-input\":{\"@type\":\"PropertyValueSpecification\",\"valueRequired\":true,\"valueName\":\"search_term_string\"}}],\"inLanguage\":\"lt-LT\"},{\"@type\":\"Organization\",\"@id\":\"https:\/\/gymfactory.eu\/lt\/#organization\",\"name\":\"Sporto sal\u0117s gamykla\",\"url\":\"https:\/\/gymfactory.eu\/lt\/\",\"logo\":{\"@type\":\"ImageObject\",\"inLanguage\":\"lt-LT\",\"@id\":\"https:\/\/gymfactory.eu\/lt\/#\/schema\/logo\/image\/\",\"url\":\"https:\/\/gymfactory.eu\/wp-content\/uploads\/2024\/11\/Component-1.svg\",\"contentUrl\":\"https:\/\/gymfactory.eu\/wp-content\/uploads\/2024\/11\/Component-1.svg\",\"width\":54,\"height\":44,\"caption\":\"Sporto sal\u0117s gamykla\"},\"image\":{\"@id\":\"https:\/\/gymfactory.eu\/lt\/#\/schema\/logo\/image\/\"}}]}<\/script>\n<!-- \/ Yoast SEO plugin. -->","yoast_head_json":{"title":"J4X reguliuojamas suoliukas - geriausia treniruokli\u0173 \u012franga namams","description":"\u012evairiapusi\u0161kai treniruokite vir\u0161utin\u0119 k\u016bno dal\u012f su geriausiu reguliuojamu suoliuku, skirtu tiek nam\u0173, tiek profesionaliam naudojimui. Patvarus visiems fizinio pasirengimo lygiams.","robots":{"index":"index","follow":"follow","max-snippet":"max-snippet:-1","max-image-preview":"max-image-preview:large","max-video-preview":"max-video-preview:-1"},"canonical":"https:\/\/gymfactory.eu\/lt\/produktas\/j4x-reguliuojamas-suoliukas\/","og_locale":"lt_LT","og_type":"article","og_title":"J4X reguliuojamas suoliukas - geriausia treniruokli\u0173 \u012franga namams","og_description":"\u012evairiapusi\u0161kai treniruokite vir\u0161utin\u0119 k\u016bno dal\u012f su geriausiu reguliuojamu suoliuku, skirtu tiek nam\u0173, tiek profesionaliam naudojimui. Patvarus visiems fizinio pasirengimo lygiams.","og_url":"https:\/\/gymfactory.eu\/lt\/produktas\/j4x-reguliuojamas-suoliukas\/","og_site_name":"Gym Factory","article_modified_time":"2025-12-03T12:02:27+00:00","og_image":[{"width":1500,"height":1500,"url":"https:\/\/gymfactory.eu\/wp-content\/uploads\/2025\/02\/best-workout-bench-black-roman-chair-bench-1.webp","type":"image\/webp"}],"twitter_card":"summary_large_image","twitter_misc":{"Est. reading time":"1 minut\u0117"},"schema":{"@context":"https:\/\/schema.org","@graph":[{"@type":"WebPage","@id":"https:\/\/gymfactory.eu\/lt\/produktas\/j4x-reguliuojamas-suoliukas\/","url":"https:\/\/gymfactory.eu\/lt\/produktas\/j4x-reguliuojamas-suoliukas\/","name":"J4X reguliuojamas suoliukas - geriausia treniruokli\u0173 \u012franga namams","isPartOf":{"@id":"https:\/\/gymfactory.eu\/lt\/#website"},"primaryImageOfPage":{"@id":"https:\/\/gymfactory.eu\/lt\/produktas\/j4x-reguliuojamas-suoliukas\/#primaryimage"},"image":{"@id":"https:\/\/gymfactory.eu\/lt\/produktas\/j4x-reguliuojamas-suoliukas\/#primaryimage"},"thumbnailUrl":"https:\/\/gymfactory.eu\/wp-content\/uploads\/2025\/02\/best-workout-bench-black-roman-chair-bench-1.webp","datePublished":"2025-02-11T10:17:11+00:00","dateModified":"2025-12-03T12:02:27+00:00","description":"\u012evairiapusi\u0161kai treniruokite vir\u0161utin\u0119 k\u016bno dal\u012f su geriausiu reguliuojamu suoliuku, skirtu tiek nam\u0173, tiek profesionaliam naudojimui. Patvarus visiems fizinio pasirengimo lygiams.","breadcrumb":{"@id":"https:\/\/gymfactory.eu\/lt\/produktas\/j4x-reguliuojamas-suoliukas\/#breadcrumb"},"inLanguage":"lt-LT","potentialAction":[{"@type":"ReadAction","target":["https:\/\/gymfactory.eu\/lt\/produktas\/j4x-reguliuojamas-suoliukas\/"]}]},{"@type":"ImageObject","inLanguage":"lt-LT","@id":"https:\/\/gymfactory.eu\/lt\/produktas\/j4x-reguliuojamas-suoliukas\/#primaryimage","url":"https:\/\/gymfactory.eu\/wp-content\/uploads\/2025\/02\/best-workout-bench-black-roman-chair-bench-1.webp","contentUrl":"https:\/\/gymfactory.eu\/wp-content\/uploads\/2025\/02\/best-workout-bench-black-roman-chair-bench-1.webp","width":1500,"height":1500,"caption":"Juodos spalvos rom\u0117ni\u0161kas treniruo\u010di\u0173 suoliukas, j\u0117gos treniruo\u010di\u0173 \u012franga namuose su ergonomi\u0161ku dizainu, mink\u0161tomis pagalv\u0117l\u0117mis ir tvirtu plieniniu r\u0117mu, skirta \u0161erd\u017eiai stiprinti ir apatinei nugaros daliai treniruoti."},{"@type":"BreadcrumbList","@id":"https:\/\/gymfactory.eu\/lt\/produktas\/j4x-reguliuojamas-suoliukas\/#breadcrumb","itemListElement":[{"@type":"ListItem","position":1,"name":"Pagrindinis","item":"https:\/\/gymfactory.eu\/lt\/"},{"@type":"ListItem","position":2,"name":"Katalogas","item":"https:\/\/gymfactory.eu\/lt\/katalogas\/"},{"@type":"ListItem","position":3,"name":"J4X Reguliuojamas suoliukas kampu"}]},{"@type":"WebSite","@id":"https:\/\/gymfactory.eu\/lt\/#website","url":"https:\/\/gymfactory.eu\/lt\/","name":"Gym Factory","description":"","publisher":{"@id":"https:\/\/gymfactory.eu\/lt\/#organization"},"potentialAction":[{"@type":"SearchAction","target":{"@type":"EntryPoint","urlTemplate":"https:\/\/gymfactory.eu\/lt\/?s={search_term_string}"},"query-input":{"@type":"PropertyValueSpecification","valueRequired":true,"valueName":"search_term_string"}}],"inLanguage":"lt-LT"},{"@type":"Organization","@id":"https:\/\/gymfactory.eu\/lt\/#organization","name":"Sporto sal\u0117s gamykla","url":"https:\/\/gymfactory.eu\/lt\/","logo":{"@type":"ImageObject","inLanguage":"lt-LT","@id":"https:\/\/gymfactory.eu\/lt\/#\/schema\/logo\/image\/","url":"https:\/\/gymfactory.eu\/wp-content\/uploads\/2024\/11\/Component-1.svg","contentUrl":"https:\/\/gymfactory.eu\/wp-content\/uploads\/2024\/11\/Component-1.svg","width":54,"height":44,"caption":"Sporto sal\u0117s gamykla"},"image":{"@id":"https:\/\/gymfactory.eu\/lt\/#\/schema\/logo\/image\/"}}]}},"_links":{"self":[{"href":"https:\/\/gymfactory.eu\/lt\/wp-json\/wp\/v2\/product\/10007","targetHints":{"allow":["GET"]}}],"collection":[{"href":"https:\/\/gymfactory.eu\/lt\/wp-json\/wp\/v2\/product"}],"about":[{"href":"https:\/\/gymfactory.eu\/lt\/wp-json\/wp\/v2\/types\/product"}],"wp:featuredmedia":[{"embeddable":true,"href":"https:\/\/gymfactory.eu\/lt\/wp-json\/wp\/v2\/media\/8852"}],"wp:attachment":[{"href":"https:\/\/gymfactory.eu\/lt\/wp-json\/wp\/v2\/media?parent=10007"}],"wp:term":[{"taxonomy":"product_brand","embeddable":true,"href":"https:\/\/gymfactory.eu\/lt\/wp-json\/wp\/v2\/product_brand?post=10007"},{"taxonomy":"product_cat","embeddable":true,"href":"https:\/\/gymfactory.eu\/lt\/wp-json\/wp\/v2\/product_cat?post=10007"},{"taxonomy":"product_tag","embeddable":true,"href":"https:\/\/gymfactory.eu\/lt\/wp-json\/wp\/v2\/product_tag?post=10007"}],"curies":[{"name":"wp","href":"https:\/\/api.w.org\/{rel}","templated":true}]}}