{"id":10003,"date":"2025-02-11T11:53:18","date_gmt":"2025-02-11T09:53:18","guid":{"rendered":"https:\/\/gymfactory.eu\/product\/j4-stacionarus-suolas\/"},"modified":"2025-12-03T14:01:04","modified_gmt":"2025-12-03T12:01:04","slug":"j4-stacionarus-suolas","status":"publish","type":"product","link":"https:\/\/gymfactory.eu\/lt\/produktas\/j4-stacionarus-suolas\/","title":{"rendered":"J4 Suoliukas kampu"},"content":{"rendered":"<p>J4 suoliukas kampu \u2013 fiksuotos pad\u0117ties treniruo\u010di\u0173 \u012frenginys, skirtas s\u0117dimai vir\u0161utin\u0117s k\u016bno dalies lavinimo pratim\u0173 pozicijai. Lengvai nuo\u017eulnus atlo\u0161as suteikia stabili\u0105 atram\u0105 atliekant tokius judesius kaip pe\u010di\u0173 spaudimas.<\/p>\n<p>Trumpesn\u0117 atlo\u0161o pagalv\u0117l\u0117 patogesniems vir\u0161 galvos atliekamiems pratimams, pavyzd\u017eiui, tricepso tiesimui \u2013 leid\u017eia jud\u0117ti pilna amplitude be apribojim\u0173.<\/p>\n<p>Paprastos, bet tvirtos konstrukcijos suoliukas puikiai tinka tiek nam\u0173, tiek profesionalioms treniruo\u010di\u0173 erdv\u0117ms \u2013 prakti\u0161kas pasirinkimas norintiems sutelkti d\u0117mes\u012f \u012f vir\u0161utin\u0117s k\u016bno dalies treniruotes.<\/p>\n\n    <div class=\"xs_social_share_widget xs_share_url after_content \t\tmain_content  wslu-style-1 wslu-share-box-shaped wslu-fill-colored wslu-none wslu-share-horizontal wslu-theme-font-no wslu-main_content\">\n\n\t\t\n        <ul>\n\t\t\t        <\/ul>\n    <\/div> \n","protected":false},"excerpt":{"rendered":"<p>J4 suoliukas kampu \u2013 fiksuotos pad\u0117ties treniruo\u010di\u0173 \u012frenginys, skirtas s\u0117dimai vir\u0161utin\u0117s k\u016bno dalies lavinimo pratim\u0173 pozicijai. Lengvai nuo\u017eulnus atlo\u0161as suteikia stabili\u0105 atram\u0105 atliekant tokius judesius kaip pe\u010di\u0173 spaudimas. Trumpesn\u0117 atlo\u0161o pagalv\u0117l\u0117 patogesniems vir\u0161 galvos atliekamiems pratimams, pavyzd\u017eiui, tricepso tiesimui \u2013 leid\u017eia jud\u0117ti pilna amplitude be apribojim\u0173. Paprastos, bet tvirtos konstrukcijos suoliukas puikiai tinka tiek nam\u0173, [&hellip;]<\/p>\n","protected":false},"featured_media":8851,"template":"","meta":{"_acf_changed":false},"product_brand":[817],"product_cat":[437],"product_tag":[],"class_list":{"0":"post-10003","1":"product","2":"type-product","3":"status-publish","4":"has-post-thumbnail","6":"product_brand-gym-factory-lt","7":"product_cat-treniruociu-suolai","9":"first","10":"onbackorder","11":"taxable","12":"shipping-taxable","13":"purchasable","14":"product-type-variable","15":"has-default-attributes"},"acf":[],"yoast_head":"<!-- This site is optimized with the Yoast SEO plugin v25.2 - https:\/\/yoast.com\/wordpress\/plugins\/seo\/ -->\n<title>J4 stacionarus suolas - geriausias treniruo\u010di\u0173 suolas nam\u0173 sporto salei<\/title>\n<meta name=\"description\" content=\"Raskite geriausi\u0105 treniruo\u010di\u0173 suol\u0105 savo treniruot\u0117ms. Idealiai tinka j\u0117gos pratimams, u\u017etikrina stabilum\u0105 ir atram\u0105, kurios reikia norint pasiekti veiksming\u0173 rezultat\u0173.\" \/>\n<meta name=\"robots\" content=\"index, follow, max-snippet:-1, max-image-preview:large, max-video-preview:-1\" \/>\n<link rel=\"canonical\" href=\"https:\/\/gymfactory.eu\/lt\/produktas\/j4-stacionarus-suolas\/\" \/>\n<meta property=\"og:locale\" content=\"lt_LT\" \/>\n<meta property=\"og:type\" content=\"article\" \/>\n<meta property=\"og:title\" content=\"J4 stacionarus suolas - geriausias treniruo\u010di\u0173 suolas nam\u0173 sporto salei\" \/>\n<meta property=\"og:description\" content=\"Raskite geriausi\u0105 treniruo\u010di\u0173 suol\u0105 savo treniruot\u0117ms. Idealiai tinka j\u0117gos pratimams, u\u017etikrina stabilum\u0105 ir atram\u0105, kurios reikia norint pasiekti veiksming\u0173 rezultat\u0173.\" \/>\n<meta property=\"og:url\" content=\"https:\/\/gymfactory.eu\/lt\/produktas\/j4-stacionarus-suolas\/\" \/>\n<meta property=\"og:site_name\" content=\"Gym Factory\" \/>\n<meta property=\"article:modified_time\" content=\"2025-12-03T12:01:04+00:00\" \/>\n<meta property=\"og:image\" content=\"https:\/\/gymfactory.eu\/wp-content\/uploads\/2025\/02\/best-workout-bench-upright-support-bench-1.webp\" \/>\n\t<meta property=\"og:image:width\" content=\"1500\" \/>\n\t<meta property=\"og:image:height\" content=\"1500\" \/>\n\t<meta property=\"og:image:type\" content=\"image\/webp\" \/>\n<meta name=\"twitter:card\" content=\"summary_large_image\" \/>\n<meta name=\"twitter:label1\" content=\"Est. reading time\" \/>\n\t<meta name=\"twitter:data1\" content=\"1 minut\u0117\" \/>\n<script type=\"application\/ld+json\" class=\"yoast-schema-graph\">{\"@context\":\"https:\/\/schema.org\",\"@graph\":[{\"@type\":\"WebPage\",\"@id\":\"https:\/\/gymfactory.eu\/lt\/produktas\/j4-stacionarus-suolas\/\",\"url\":\"https:\/\/gymfactory.eu\/lt\/produktas\/j4-stacionarus-suolas\/\",\"name\":\"J4 stacionarus suolas - geriausias treniruo\u010di\u0173 suolas nam\u0173 sporto salei\",\"isPartOf\":{\"@id\":\"https:\/\/gymfactory.eu\/lt\/#website\"},\"primaryImageOfPage\":{\"@id\":\"https:\/\/gymfactory.eu\/lt\/produktas\/j4-stacionarus-suolas\/#primaryimage\"},\"image\":{\"@id\":\"https:\/\/gymfactory.eu\/lt\/produktas\/j4-stacionarus-suolas\/#primaryimage\"},\"thumbnailUrl\":\"https:\/\/gymfactory.eu\/wp-content\/uploads\/2025\/02\/best-workout-bench-upright-support-bench-1.webp\",\"datePublished\":\"2025-02-11T09:53:18+00:00\",\"dateModified\":\"2025-12-03T12:01:04+00:00\",\"description\":\"Raskite geriausi\u0105 treniruo\u010di\u0173 suol\u0105 savo treniruot\u0117ms. Idealiai tinka j\u0117gos pratimams, u\u017etikrina stabilum\u0105 ir atram\u0105, kurios reikia norint pasiekti veiksming\u0173 rezultat\u0173.\",\"breadcrumb\":{\"@id\":\"https:\/\/gymfactory.eu\/lt\/produktas\/j4-stacionarus-suolas\/#breadcrumb\"},\"inLanguage\":\"lt-LT\",\"potentialAction\":[{\"@type\":\"ReadAction\",\"target\":[\"https:\/\/gymfactory.eu\/lt\/produktas\/j4-stacionarus-suolas\/\"]}]},{\"@type\":\"ImageObject\",\"inLanguage\":\"lt-LT\",\"@id\":\"https:\/\/gymfactory.eu\/lt\/produktas\/j4-stacionarus-suolas\/#primaryimage\",\"url\":\"https:\/\/gymfactory.eu\/wp-content\/uploads\/2025\/02\/best-workout-bench-upright-support-bench-1.webp\",\"contentUrl\":\"https:\/\/gymfactory.eu\/wp-content\/uploads\/2025\/02\/best-workout-bench-upright-support-bench-1.webp\",\"width\":1500,\"height\":1500,\"caption\":\"Juodas vertikalus treniruo\u010di\u0173 suolas su tvirtu sidabriniu plieno r\u0117mu, kuris yra j\u0117gos treniruokli\u0173 \u012frangos namuose dalis, skirta s\u0117dimiems svori\u0173 kilnojimo pratimams su tvirtai pamink\u0161tintu atlo\u0161u ir stabiliu pagrindu.\"},{\"@type\":\"BreadcrumbList\",\"@id\":\"https:\/\/gymfactory.eu\/lt\/produktas\/j4-stacionarus-suolas\/#breadcrumb\",\"itemListElement\":[{\"@type\":\"ListItem\",\"position\":1,\"name\":\"Pagrindinis\",\"item\":\"https:\/\/gymfactory.eu\/lt\/\"},{\"@type\":\"ListItem\",\"position\":2,\"name\":\"Katalogas\",\"item\":\"https:\/\/gymfactory.eu\/lt\/katalogas\/\"},{\"@type\":\"ListItem\",\"position\":3,\"name\":\"J4 Suoliukas kampu\"}]},{\"@type\":\"WebSite\",\"@id\":\"https:\/\/gymfactory.eu\/lt\/#website\",\"url\":\"https:\/\/gymfactory.eu\/lt\/\",\"name\":\"Gym Factory\",\"description\":\"\",\"publisher\":{\"@id\":\"https:\/\/gymfactory.eu\/lt\/#organization\"},\"potentialAction\":[{\"@type\":\"SearchAction\",\"target\":{\"@type\":\"EntryPoint\",\"urlTemplate\":\"https:\/\/gymfactory.eu\/lt\/?s={search_term_string}\"},\"query-input\":{\"@type\":\"PropertyValueSpecification\",\"valueRequired\":true,\"valueName\":\"search_term_string\"}}],\"inLanguage\":\"lt-LT\"},{\"@type\":\"Organization\",\"@id\":\"https:\/\/gymfactory.eu\/lt\/#organization\",\"name\":\"Sporto sal\u0117s gamykla\",\"url\":\"https:\/\/gymfactory.eu\/lt\/\",\"logo\":{\"@type\":\"ImageObject\",\"inLanguage\":\"lt-LT\",\"@id\":\"https:\/\/gymfactory.eu\/lt\/#\/schema\/logo\/image\/\",\"url\":\"https:\/\/gymfactory.eu\/wp-content\/uploads\/2024\/11\/Component-1.svg\",\"contentUrl\":\"https:\/\/gymfactory.eu\/wp-content\/uploads\/2024\/11\/Component-1.svg\",\"width\":54,\"height\":44,\"caption\":\"Sporto sal\u0117s gamykla\"},\"image\":{\"@id\":\"https:\/\/gymfactory.eu\/lt\/#\/schema\/logo\/image\/\"}}]}<\/script>\n<!-- \/ Yoast SEO plugin. -->","yoast_head_json":{"title":"J4 stacionarus suolas - geriausias treniruo\u010di\u0173 suolas nam\u0173 sporto salei","description":"Raskite geriausi\u0105 treniruo\u010di\u0173 suol\u0105 savo treniruot\u0117ms. Idealiai tinka j\u0117gos pratimams, u\u017etikrina stabilum\u0105 ir atram\u0105, kurios reikia norint pasiekti veiksming\u0173 rezultat\u0173.","robots":{"index":"index","follow":"follow","max-snippet":"max-snippet:-1","max-image-preview":"max-image-preview:large","max-video-preview":"max-video-preview:-1"},"canonical":"https:\/\/gymfactory.eu\/lt\/produktas\/j4-stacionarus-suolas\/","og_locale":"lt_LT","og_type":"article","og_title":"J4 stacionarus suolas - geriausias treniruo\u010di\u0173 suolas nam\u0173 sporto salei","og_description":"Raskite geriausi\u0105 treniruo\u010di\u0173 suol\u0105 savo treniruot\u0117ms. Idealiai tinka j\u0117gos pratimams, u\u017etikrina stabilum\u0105 ir atram\u0105, kurios reikia norint pasiekti veiksming\u0173 rezultat\u0173.","og_url":"https:\/\/gymfactory.eu\/lt\/produktas\/j4-stacionarus-suolas\/","og_site_name":"Gym Factory","article_modified_time":"2025-12-03T12:01:04+00:00","og_image":[{"width":1500,"height":1500,"url":"https:\/\/gymfactory.eu\/wp-content\/uploads\/2025\/02\/best-workout-bench-upright-support-bench-1.webp","type":"image\/webp"}],"twitter_card":"summary_large_image","twitter_misc":{"Est. reading time":"1 minut\u0117"},"schema":{"@context":"https:\/\/schema.org","@graph":[{"@type":"WebPage","@id":"https:\/\/gymfactory.eu\/lt\/produktas\/j4-stacionarus-suolas\/","url":"https:\/\/gymfactory.eu\/lt\/produktas\/j4-stacionarus-suolas\/","name":"J4 stacionarus suolas - geriausias treniruo\u010di\u0173 suolas nam\u0173 sporto salei","isPartOf":{"@id":"https:\/\/gymfactory.eu\/lt\/#website"},"primaryImageOfPage":{"@id":"https:\/\/gymfactory.eu\/lt\/produktas\/j4-stacionarus-suolas\/#primaryimage"},"image":{"@id":"https:\/\/gymfactory.eu\/lt\/produktas\/j4-stacionarus-suolas\/#primaryimage"},"thumbnailUrl":"https:\/\/gymfactory.eu\/wp-content\/uploads\/2025\/02\/best-workout-bench-upright-support-bench-1.webp","datePublished":"2025-02-11T09:53:18+00:00","dateModified":"2025-12-03T12:01:04+00:00","description":"Raskite geriausi\u0105 treniruo\u010di\u0173 suol\u0105 savo treniruot\u0117ms. Idealiai tinka j\u0117gos pratimams, u\u017etikrina stabilum\u0105 ir atram\u0105, kurios reikia norint pasiekti veiksming\u0173 rezultat\u0173.","breadcrumb":{"@id":"https:\/\/gymfactory.eu\/lt\/produktas\/j4-stacionarus-suolas\/#breadcrumb"},"inLanguage":"lt-LT","potentialAction":[{"@type":"ReadAction","target":["https:\/\/gymfactory.eu\/lt\/produktas\/j4-stacionarus-suolas\/"]}]},{"@type":"ImageObject","inLanguage":"lt-LT","@id":"https:\/\/gymfactory.eu\/lt\/produktas\/j4-stacionarus-suolas\/#primaryimage","url":"https:\/\/gymfactory.eu\/wp-content\/uploads\/2025\/02\/best-workout-bench-upright-support-bench-1.webp","contentUrl":"https:\/\/gymfactory.eu\/wp-content\/uploads\/2025\/02\/best-workout-bench-upright-support-bench-1.webp","width":1500,"height":1500,"caption":"Juodas vertikalus treniruo\u010di\u0173 suolas su tvirtu sidabriniu plieno r\u0117mu, kuris yra j\u0117gos treniruokli\u0173 \u012frangos namuose dalis, skirta s\u0117dimiems svori\u0173 kilnojimo pratimams su tvirtai pamink\u0161tintu atlo\u0161u ir stabiliu pagrindu."},{"@type":"BreadcrumbList","@id":"https:\/\/gymfactory.eu\/lt\/produktas\/j4-stacionarus-suolas\/#breadcrumb","itemListElement":[{"@type":"ListItem","position":1,"name":"Pagrindinis","item":"https:\/\/gymfactory.eu\/lt\/"},{"@type":"ListItem","position":2,"name":"Katalogas","item":"https:\/\/gymfactory.eu\/lt\/katalogas\/"},{"@type":"ListItem","position":3,"name":"J4 Suoliukas kampu"}]},{"@type":"WebSite","@id":"https:\/\/gymfactory.eu\/lt\/#website","url":"https:\/\/gymfactory.eu\/lt\/","name":"Gym Factory","description":"","publisher":{"@id":"https:\/\/gymfactory.eu\/lt\/#organization"},"potentialAction":[{"@type":"SearchAction","target":{"@type":"EntryPoint","urlTemplate":"https:\/\/gymfactory.eu\/lt\/?s={search_term_string}"},"query-input":{"@type":"PropertyValueSpecification","valueRequired":true,"valueName":"search_term_string"}}],"inLanguage":"lt-LT"},{"@type":"Organization","@id":"https:\/\/gymfactory.eu\/lt\/#organization","name":"Sporto sal\u0117s gamykla","url":"https:\/\/gymfactory.eu\/lt\/","logo":{"@type":"ImageObject","inLanguage":"lt-LT","@id":"https:\/\/gymfactory.eu\/lt\/#\/schema\/logo\/image\/","url":"https:\/\/gymfactory.eu\/wp-content\/uploads\/2024\/11\/Component-1.svg","contentUrl":"https:\/\/gymfactory.eu\/wp-content\/uploads\/2024\/11\/Component-1.svg","width":54,"height":44,"caption":"Sporto sal\u0117s gamykla"},"image":{"@id":"https:\/\/gymfactory.eu\/lt\/#\/schema\/logo\/image\/"}}]}},"_links":{"self":[{"href":"https:\/\/gymfactory.eu\/lt\/wp-json\/wp\/v2\/product\/10003","targetHints":{"allow":["GET"]}}],"collection":[{"href":"https:\/\/gymfactory.eu\/lt\/wp-json\/wp\/v2\/product"}],"about":[{"href":"https:\/\/gymfactory.eu\/lt\/wp-json\/wp\/v2\/types\/product"}],"wp:featuredmedia":[{"embeddable":true,"href":"https:\/\/gymfactory.eu\/lt\/wp-json\/wp\/v2\/media\/8851"}],"wp:attachment":[{"href":"https:\/\/gymfactory.eu\/lt\/wp-json\/wp\/v2\/media?parent=10003"}],"wp:term":[{"taxonomy":"product_brand","embeddable":true,"href":"https:\/\/gymfactory.eu\/lt\/wp-json\/wp\/v2\/product_brand?post=10003"},{"taxonomy":"product_cat","embeddable":true,"href":"https:\/\/gymfactory.eu\/lt\/wp-json\/wp\/v2\/product_cat?post=10003"},{"taxonomy":"product_tag","embeddable":true,"href":"https:\/\/gymfactory.eu\/lt\/wp-json\/wp\/v2\/product_tag?post=10003"}],"curies":[{"name":"wp","href":"https:\/\/api.w.org\/{rel}","templated":true}]}}