{"id":9384,"date":"2025-04-04T13:15:17","date_gmt":"2025-04-04T10:15:17","guid":{"rendered":"https:\/\/gymfactory.eu\/pristatymo-politika\/"},"modified":"2026-03-17T12:00:53","modified_gmt":"2026-03-17T10:00:53","slug":"pristatymo-politika","status":"publish","type":"page","link":"https:\/\/gymfactory.eu\/lt\/pristatymo-politika\/","title":{"rendered":"Pristatymo politika"},"content":{"rendered":"\t\t<div data-elementor-type=\"wp-page\" data-elementor-id=\"9384\" class=\"elementor elementor-9384 elementor-5724\" data-elementor-post-type=\"page\">\n\t\t\t\t<div class=\"elementor-element elementor-element-7c05dda elementor-hidden-mobile e-flex e-con-boxed e-con e-parent\" data-id=\"7c05dda\" data-element_type=\"container\" data-settings=\"{&quot;background_background&quot;:&quot;classic&quot;}\">\n\t\t\t\t\t<div class=\"e-con-inner\">\n\t\t\t\t\t<\/div>\n\t\t\t\t<\/div>\n\t\t<div class=\"elementor-element elementor-element-b385f21 e-flex e-con-boxed e-con e-parent\" data-id=\"b385f21\" data-element_type=\"container\">\n\t\t\t\t\t<div class=\"e-con-inner\">\n\t\t<div class=\"elementor-element elementor-element-a4e88da e-con-full e-flex e-con e-child\" data-id=\"a4e88da\" data-element_type=\"container\">\n\t\t\t\t<div class=\"elementor-element elementor-element-fc2319d elementor-widget elementor-widget-woocommerce-breadcrumb\" data-id=\"fc2319d\" data-element_type=\"widget\" data-widget_type=\"woocommerce-breadcrumb.default\">\n\t\t\t\t<div class=\"elementor-widget-container\">\n\t\t\t\t\t<nav class=\"woocommerce-breadcrumb\" aria-label=\"Breadcrumb\">Prad\u017eia<\/nav>\t\t\t\t<\/div>\n\t\t\t\t<\/div>\n\t\t\t\t<div class=\"elementor-element elementor-element-dcaeff0 elementor-widget elementor-widget-heading\" data-id=\"dcaeff0\" data-element_type=\"widget\" data-widget_type=\"heading.default\">\n\t\t\t\t<div class=\"elementor-widget-container\">\n\t\t\t\t\t<h1 class=\"elementor-heading-title elementor-size-default\">Pristatymo politika<\/h1>\t\t\t\t<\/div>\n\t\t\t\t<\/div>\n\t\t\t\t<div class=\"elementor-element elementor-element-1f86e87 elementor-widget elementor-widget-text-editor\" data-id=\"1f86e87\" data-element_type=\"widget\" data-widget_type=\"text-editor.default\">\n\t\t\t\t<div class=\"elementor-widget-container\">\n\t\t\t\t\t\t\t\t\t<h3><strong>1. PRISTATYMO KAINA<\/strong><\/h3><p><strong>1.1.<\/strong> Pristatymo kaina nustatoma individualiai pagal u\u017esakymo dyd\u012f ir pristatymo viet\u0105. Tiksli kaina bus pateikta j\u016bs\u0173 u\u017esakymo metu.<\/p><h3>\u00a0<\/h3><h3><strong>2. PRISTATYMO LAIKAS<\/strong><\/h3><p><strong>2.1.<\/strong> Pristatymas Europos S\u0105jungos \u0161alyse paprastai trunka 1\u20132 savaites nuo preki\u0173 pagaminimo dienos.<br \/><strong>2.2.<\/strong> Pristatymas u\u017e ES rib\u0173 gali trukti ilgiau. Tiksl\u0173 pristatymo termin\u0105 suteiks atsakingas platintojas.<\/p><h3>\u00a0<\/h3><h3><strong>3. U\u017dSAKYMO DYDIS<\/strong><\/h3><p><strong>3.1.<\/strong> Organizuojame transportavim\u0105 tiek daliniams, tiek pilniems kroviniams. Priklausomai nuo u\u017esakymo dyd\u017eio, bus nustatytos konkre\u010dios pristatymo s\u0105lygos.<\/p><h3>\u00a0<\/h3><h3><strong>4. PREKI\u0172 PAKAVIMAS<\/strong><\/h3><p><strong>4.1.<\/strong> Kiekviena \u012frangos dalis apsaugoma apsaugine burbuline pl\u0117vele ir pa\u017eymima unikalia identifikacine etikete. Dalys pritvirtinamos prie medini\u0173 pad\u0117kl\u0173 naudojant PET dir\u017eus ir papildomas apsaugos priemones.<\/p><h3>\u00a0<\/h3><h3><strong>5. PRISTATYMO B\u016aDAS<\/strong><\/h3><p><strong>5.1.<\/strong> \u012eranga pristatoma i\u0161ardyta \u012f lengvai surenkamas dalis; ta\u010diau visi var\u017etai jau yra i\u0161 anksto pritvirtinti, kad surinkimas b\u016bt\u0173 paprastesnis. Kai kurie modeliai gali b\u016bti gaminami visi\u0161kai suvirinti ir nei\u0161ardomi. Jei turite ribot\u0105 \u012f\u0117jimo erdv\u0119, i\u0161 anksto mus apie tai informuokite \u2013 rasime optimal\u0173 sprendim\u0105.<\/p><h3>\u00a0<\/h3><h3><strong>6. PRISTATYMO S\u0104LYGOS<\/strong><\/h3><p><strong>6.1.<\/strong> Pagamint\u0105 sporto \u012frang\u0105 pristatome \u012f visas pasaulio \u0161alis.<br \/><strong>6.2.<\/strong> Prek\u0117s bus gaminamos ir pristatomos tik gavus j\u016bs\u0173 mok\u0117jim\u0105 \u012f m\u016bs\u0173 banko s\u0105skait\u0105, kaip nurodyta u\u017esakymo patvirtinime. Jei mok\u0117jimas nebus gautas per 48 valandas nuo u\u017esakymo patvirtinimo, pasiliekame teis\u0119 u\u017esakym\u0105 at\u0161aukti.<br \/><strong>6.3.<\/strong> Prek\u0117s bus pagamintos ir pristatytos per pasi\u016blyme nurodyt\u0105 laik\u0105 (paprastai 6\u20138 savaites). I\u0161imtiniais atvejais d\u0117l nenumatyt\u0173 aplinkybi\u0173 pristatymas gali v\u0117luoti \u2013 tokiu atveju nedelsdami jus informuosime.<\/p><h3>\u00a0<\/h3><h3><strong>7. PREKI\u0172 PRI\u0116MIMAS<\/strong><\/h3><p><strong>7.1.<\/strong> Jei negalite asmeni\u0161kai priimti preki\u0173, privalote paskirti atsaking\u0105 asmen\u012f j\u0173 pri\u0117mimui. Prie\u0161ingu atveju pretenzijos d\u0117l pristatymo netinkamam gav\u0117jui nebus priimamos.<br \/><strong>7.2.<\/strong> Preki\u0173 pristatymo metu m\u016bs\u0173 \u012fgaliotas atstovas ir j\u016bs turite ap\u017ei\u016br\u0117ti prekes ir pasira\u0161yti Preki\u0173 pri\u0117mimo akt\u0105. Kai aktas pasira\u0161omas, laikoma, kad prek\u0117s pristatytos tinkamai, i\u0161skyrus atvejus, kai defektai paai\u0161k\u0117ja v\u0117liau ir apie juos informuojama teis\u0117s akt\u0173 nustatyta tvarka.<\/p><h3>\u00a0<\/h3><h3><strong>8. PREKI\u0172 PA\u017dEIDIMAI<\/strong><\/h3><p><strong>8.1.<\/strong> Jei pastebite i\u0161orin\u0119 preki\u0173 \u017eal\u0105 (pvz., \u012flenkimus, \u012fbr\u0117\u017eimus, korozij\u0105 ir pan.), tai privalote u\u017efiksuoti preki\u0173 perdavimo\u2013pri\u0117mimo akte ir kartu su m\u016bs\u0173 atstovu sura\u0161yti Preki\u0173 pa\u017eeidimo akt\u0105.<br \/><strong>8.2.<\/strong> Per 2 darbo dienas nuo preki\u0173 gavimo turite teis\u0119 pateikti pretenzij\u0105 d\u0117l akivaizd\u017ei\u0173 neatitikim\u0173. Kiti defektai gali b\u016bti prane\u0161ami teis\u0117s akt\u0173 nustatyta tvarka. Jei pretenzija pagr\u012fsta, sprendimas priimamas vadovaujantis Garantijos s\u0105lygomis. Atsi\u017evelgiant \u012f situacij\u0105, gali b\u016bti taikomas remontas, atskir\u0173 dali\u0173 pakeitimas arba kitas tinkamas techninis sprendimas.<\/p><p>\u00a0<\/p><h3>9. SANTYKIS SU GARANTIJA<\/h3><p><strong>9.1.<\/strong> Visi su preki\u0173 defektais, veikimu ar kokybe susij\u0119 klausimai sprend\u017eiami pagal Garantijos s\u0105lygas.<br \/><strong>9.2.<\/strong> \u0160i pristatymo politika reglamentuoja tik su pristatymu susijusias s\u0105lygas ir neturi vir\u0161enyb\u0117s prie\u0161 Garantijos s\u0105lygas.<\/p>\t\t\t\t\t\t\t\t<\/div>\n\t\t\t\t<\/div>\n\t\t\t\t<\/div>\n\t\t\t\t\t<\/div>\n\t\t\t\t<\/div>\n\t\t\t\t<\/div>\n\t\t\n    <div class=\"xs_social_share_widget xs_share_url after_content \t\tmain_content  wslu-style-1 wslu-share-box-shaped wslu-fill-colored wslu-none wslu-share-horizontal wslu-theme-font-no wslu-main_content\">\n\n\t\t\n        <ul>\n\t\t\t        <\/ul>\n    <\/div> \n","protected":false},"excerpt":{"rendered":"<p>1. PRISTATYMO KAINA 1.1. Pristatymo kaina nustatoma individualiai pagal u\u017esakymo dyd\u012f ir pristatymo viet\u0105. Tiksli kaina bus pateikta j\u016bs\u0173 u\u017esakymo metu. \u00a0 2. PRISTATYMO LAIKAS 2.1. Pristatymas Europos S\u0105jungos \u0161alyse paprastai trunka 1\u20132 savaites nuo preki\u0173 pagaminimo dienos.2.2. Pristatymas u\u017e ES rib\u0173 gali trukti ilgiau. Tiksl\u0173 pristatymo termin\u0105 suteiks atsakingas platintojas. \u00a0 3. U\u017dSAKYMO DYDIS [&hellip;]<\/p>\n","protected":false},"author":1,"featured_media":0,"parent":0,"menu_order":0,"comment_status":"closed","ping_status":"closed","template":"elementor_header_footer","meta":{"_acf_changed":false,"footnotes":""},"class_list":["post-9384","page","type-page","status-publish","hentry"],"acf":[],"yoast_head":"<!-- This site is optimized with the Yoast SEO plugin v25.2 - https:\/\/yoast.com\/wordpress\/plugins\/seo\/ -->\n<title>Pristatymo politika \u2013 Pristatymo informacija | Gym Factory<\/title>\n<meta name=\"description\" content=\"Su\u017einokite, kaip \u201eGym Factory\u201c vykdo pristatymus visoje Europoje. Informacija apie terminus, kainas, apdorojim\u0105 ir tarptautinius u\u017esakymus.\" \/>\n<meta name=\"robots\" content=\"index, follow, max-snippet:-1, max-image-preview:large, max-video-preview:-1\" \/>\n<link rel=\"canonical\" href=\"https:\/\/gymfactory.eu\/lt\/pristatymo-politika\/\" \/>\n<meta property=\"og:locale\" content=\"lt_LT\" \/>\n<meta property=\"og:type\" content=\"article\" \/>\n<meta property=\"og:title\" content=\"Pristatymo politika \u2013 Pristatymo informacija | Gym Factory\" \/>\n<meta property=\"og:description\" content=\"Su\u017einokite, kaip \u201eGym Factory\u201c vykdo pristatymus visoje Europoje. Informacija apie terminus, kainas, apdorojim\u0105 ir tarptautinius u\u017esakymus.\" \/>\n<meta property=\"og:url\" content=\"https:\/\/gymfactory.eu\/lt\/pristatymo-politika\/\" \/>\n<meta property=\"og:site_name\" content=\"Gym Factory\" \/>\n<meta property=\"article:modified_time\" content=\"2026-03-17T10:00:53+00:00\" \/>\n<meta name=\"twitter:card\" content=\"summary_large_image\" \/>\n<meta name=\"twitter:label1\" content=\"Est. reading time\" \/>\n\t<meta name=\"twitter:data1\" content=\"3 minut\u0117s\" \/>\n<script type=\"application\/ld+json\" class=\"yoast-schema-graph\">{\"@context\":\"https:\/\/schema.org\",\"@graph\":[{\"@type\":\"WebPage\",\"@id\":\"https:\/\/gymfactory.eu\/lt\/pristatymo-politika\/\",\"url\":\"https:\/\/gymfactory.eu\/lt\/pristatymo-politika\/\",\"name\":\"Pristatymo politika \u2013 Pristatymo informacija | Gym Factory\",\"isPartOf\":{\"@id\":\"https:\/\/gymfactory.eu\/lt\/#website\"},\"datePublished\":\"2025-04-04T10:15:17+00:00\",\"dateModified\":\"2026-03-17T10:00:53+00:00\",\"description\":\"Su\u017einokite, kaip \u201eGym Factory\u201c vykdo pristatymus visoje Europoje. Informacija apie terminus, kainas, apdorojim\u0105 ir tarptautinius u\u017esakymus.\",\"breadcrumb\":{\"@id\":\"https:\/\/gymfactory.eu\/lt\/pristatymo-politika\/#breadcrumb\"},\"inLanguage\":\"lt-LT\",\"potentialAction\":[{\"@type\":\"ReadAction\",\"target\":[\"https:\/\/gymfactory.eu\/lt\/pristatymo-politika\/\"]}]},{\"@type\":\"BreadcrumbList\",\"@id\":\"https:\/\/gymfactory.eu\/lt\/pristatymo-politika\/#breadcrumb\",\"itemListElement\":[{\"@type\":\"ListItem\",\"position\":1,\"name\":\"Pagrindinis\",\"item\":\"https:\/\/gymfactory.eu\/lt\/\"},{\"@type\":\"ListItem\",\"position\":2,\"name\":\"Pristatymo politika\"}]},{\"@type\":\"WebSite\",\"@id\":\"https:\/\/gymfactory.eu\/lt\/#website\",\"url\":\"https:\/\/gymfactory.eu\/lt\/\",\"name\":\"Gym Factory\",\"description\":\"\",\"publisher\":{\"@id\":\"https:\/\/gymfactory.eu\/lt\/#organization\"},\"potentialAction\":[{\"@type\":\"SearchAction\",\"target\":{\"@type\":\"EntryPoint\",\"urlTemplate\":\"https:\/\/gymfactory.eu\/lt\/?s={search_term_string}\"},\"query-input\":{\"@type\":\"PropertyValueSpecification\",\"valueRequired\":true,\"valueName\":\"search_term_string\"}}],\"inLanguage\":\"lt-LT\"},{\"@type\":\"Organization\",\"@id\":\"https:\/\/gymfactory.eu\/lt\/#organization\",\"name\":\"Sporto sal\u0117s gamykla\",\"url\":\"https:\/\/gymfactory.eu\/lt\/\",\"logo\":{\"@type\":\"ImageObject\",\"inLanguage\":\"lt-LT\",\"@id\":\"https:\/\/gymfactory.eu\/lt\/#\/schema\/logo\/image\/\",\"url\":\"https:\/\/gymfactory.eu\/wp-content\/uploads\/2024\/11\/Component-1.svg\",\"contentUrl\":\"https:\/\/gymfactory.eu\/wp-content\/uploads\/2024\/11\/Component-1.svg\",\"width\":54,\"height\":44,\"caption\":\"Sporto sal\u0117s gamykla\"},\"image\":{\"@id\":\"https:\/\/gymfactory.eu\/lt\/#\/schema\/logo\/image\/\"}}]}<\/script>\n<!-- \/ Yoast SEO plugin. -->","yoast_head_json":{"title":"Pristatymo politika \u2013 Pristatymo informacija | Gym Factory","description":"Su\u017einokite, kaip \u201eGym Factory\u201c vykdo pristatymus visoje Europoje. Informacija apie terminus, kainas, apdorojim\u0105 ir tarptautinius u\u017esakymus.","robots":{"index":"index","follow":"follow","max-snippet":"max-snippet:-1","max-image-preview":"max-image-preview:large","max-video-preview":"max-video-preview:-1"},"canonical":"https:\/\/gymfactory.eu\/lt\/pristatymo-politika\/","og_locale":"lt_LT","og_type":"article","og_title":"Pristatymo politika \u2013 Pristatymo informacija | Gym Factory","og_description":"Su\u017einokite, kaip \u201eGym Factory\u201c vykdo pristatymus visoje Europoje. Informacija apie terminus, kainas, apdorojim\u0105 ir tarptautinius u\u017esakymus.","og_url":"https:\/\/gymfactory.eu\/lt\/pristatymo-politika\/","og_site_name":"Gym Factory","article_modified_time":"2026-03-17T10:00:53+00:00","twitter_card":"summary_large_image","twitter_misc":{"Est. reading time":"3 minut\u0117s"},"schema":{"@context":"https:\/\/schema.org","@graph":[{"@type":"WebPage","@id":"https:\/\/gymfactory.eu\/lt\/pristatymo-politika\/","url":"https:\/\/gymfactory.eu\/lt\/pristatymo-politika\/","name":"Pristatymo politika \u2013 Pristatymo informacija | Gym Factory","isPartOf":{"@id":"https:\/\/gymfactory.eu\/lt\/#website"},"datePublished":"2025-04-04T10:15:17+00:00","dateModified":"2026-03-17T10:00:53+00:00","description":"Su\u017einokite, kaip \u201eGym Factory\u201c vykdo pristatymus visoje Europoje. Informacija apie terminus, kainas, apdorojim\u0105 ir tarptautinius u\u017esakymus.","breadcrumb":{"@id":"https:\/\/gymfactory.eu\/lt\/pristatymo-politika\/#breadcrumb"},"inLanguage":"lt-LT","potentialAction":[{"@type":"ReadAction","target":["https:\/\/gymfactory.eu\/lt\/pristatymo-politika\/"]}]},{"@type":"BreadcrumbList","@id":"https:\/\/gymfactory.eu\/lt\/pristatymo-politika\/#breadcrumb","itemListElement":[{"@type":"ListItem","position":1,"name":"Pagrindinis","item":"https:\/\/gymfactory.eu\/lt\/"},{"@type":"ListItem","position":2,"name":"Pristatymo politika"}]},{"@type":"WebSite","@id":"https:\/\/gymfactory.eu\/lt\/#website","url":"https:\/\/gymfactory.eu\/lt\/","name":"Gym Factory","description":"","publisher":{"@id":"https:\/\/gymfactory.eu\/lt\/#organization"},"potentialAction":[{"@type":"SearchAction","target":{"@type":"EntryPoint","urlTemplate":"https:\/\/gymfactory.eu\/lt\/?s={search_term_string}"},"query-input":{"@type":"PropertyValueSpecification","valueRequired":true,"valueName":"search_term_string"}}],"inLanguage":"lt-LT"},{"@type":"Organization","@id":"https:\/\/gymfactory.eu\/lt\/#organization","name":"Sporto sal\u0117s gamykla","url":"https:\/\/gymfactory.eu\/lt\/","logo":{"@type":"ImageObject","inLanguage":"lt-LT","@id":"https:\/\/gymfactory.eu\/lt\/#\/schema\/logo\/image\/","url":"https:\/\/gymfactory.eu\/wp-content\/uploads\/2024\/11\/Component-1.svg","contentUrl":"https:\/\/gymfactory.eu\/wp-content\/uploads\/2024\/11\/Component-1.svg","width":54,"height":44,"caption":"Sporto sal\u0117s gamykla"},"image":{"@id":"https:\/\/gymfactory.eu\/lt\/#\/schema\/logo\/image\/"}}]}},"_links":{"self":[{"href":"https:\/\/gymfactory.eu\/lt\/wp-json\/wp\/v2\/pages\/9384","targetHints":{"allow":["GET"]}}],"collection":[{"href":"https:\/\/gymfactory.eu\/lt\/wp-json\/wp\/v2\/pages"}],"about":[{"href":"https:\/\/gymfactory.eu\/lt\/wp-json\/wp\/v2\/types\/page"}],"author":[{"embeddable":true,"href":"https:\/\/gymfactory.eu\/lt\/wp-json\/wp\/v2\/users\/1"}],"replies":[{"embeddable":true,"href":"https:\/\/gymfactory.eu\/lt\/wp-json\/wp\/v2\/comments?post=9384"}],"version-history":[{"count":7,"href":"https:\/\/gymfactory.eu\/lt\/wp-json\/wp\/v2\/pages\/9384\/revisions"}],"predecessor-version":[{"id":28772,"href":"https:\/\/gymfactory.eu\/lt\/wp-json\/wp\/v2\/pages\/9384\/revisions\/28772"}],"wp:attachment":[{"href":"https:\/\/gymfactory.eu\/lt\/wp-json\/wp\/v2\/media?parent=9384"}],"curies":[{"name":"wp","href":"https:\/\/api.w.org\/{rel}","templated":true}]}}