{"id":9380,"date":"2025-02-18T11:18:30","date_gmt":"2025-02-18T09:18:30","guid":{"rendered":"https:\/\/gymfactory.eu\/grazinimo-ir-pinigu-grazinimo-politika\/"},"modified":"2026-03-17T11:43:33","modified_gmt":"2026-03-17T09:43:33","slug":"grazinimo-ir-pinigu-grazinimo-politika","status":"publish","type":"page","link":"https:\/\/gymfactory.eu\/lt\/grazinimo-ir-pinigu-grazinimo-politika\/","title":{"rendered":"Gr\u0105\u017einimo ir pinig\u0173 gr\u0105\u017einimo politika"},"content":{"rendered":"\t\t<div data-elementor-type=\"wp-page\" data-elementor-id=\"9380\" class=\"elementor elementor-9380 elementor-3470\" data-elementor-post-type=\"page\">\n\t\t\t\t<div class=\"elementor-element elementor-element-7c05dda elementor-hidden-mobile e-flex e-con-boxed e-con e-parent\" data-id=\"7c05dda\" data-element_type=\"container\" data-settings=\"{&quot;background_background&quot;:&quot;classic&quot;}\">\n\t\t\t\t\t<div class=\"e-con-inner\">\n\t\t\t\t\t<\/div>\n\t\t\t\t<\/div>\n\t\t<div class=\"elementor-element elementor-element-b385f21 e-flex e-con-boxed e-con e-parent\" data-id=\"b385f21\" data-element_type=\"container\">\n\t\t\t\t\t<div class=\"e-con-inner\">\n\t\t<div class=\"elementor-element elementor-element-a4e88da e-con-full e-flex e-con e-child\" data-id=\"a4e88da\" data-element_type=\"container\">\n\t\t\t\t<div class=\"elementor-element elementor-element-fc2319d elementor-widget elementor-widget-woocommerce-breadcrumb\" data-id=\"fc2319d\" data-element_type=\"widget\" data-widget_type=\"woocommerce-breadcrumb.default\">\n\t\t\t\t<div class=\"elementor-widget-container\">\n\t\t\t\t\t<nav class=\"woocommerce-breadcrumb\" aria-label=\"Breadcrumb\">Prad\u017eia<\/nav>\t\t\t\t<\/div>\n\t\t\t\t<\/div>\n\t\t\t\t<div class=\"elementor-element elementor-element-dcaeff0 elementor-widget elementor-widget-heading\" data-id=\"dcaeff0\" data-element_type=\"widget\" data-widget_type=\"heading.default\">\n\t\t\t\t<div class=\"elementor-widget-container\">\n\t\t\t\t\t<h1 class=\"elementor-heading-title elementor-size-default\">Gr\u0105\u017einimo ir pinig\u0173 gr\u0105\u017einimo politika<\/h1>\t\t\t\t<\/div>\n\t\t\t\t<\/div>\n\t\t\t\t<div class=\"elementor-element elementor-element-1f86e87 elementor-widget elementor-widget-text-editor\" data-id=\"1f86e87\" data-element_type=\"widget\" data-widget_type=\"text-editor.default\">\n\t\t\t\t<div class=\"elementor-widget-container\">\n\t\t\t\t\t\t\t\t\t<h3><strong>1. BENDROSIOS NUOSTATOS<\/strong><\/h3><p><strong>1.1.<\/strong> \u0160i gr\u0105\u017einimo politika taikoma visoms prek\u0117ms, \u012fsigytoms m\u016bs\u0173 internetin\u0117je parduotuv\u0117je www.gymfactory.eu.<br \/><strong>1.2.<\/strong> \u0160i politika taikoma tik su logistika, transportavimo pa\u017eeidimais ar neteisingai pristatytomis prek\u0117mis susijusiais atvejais. Visi su preki\u0173 kokybe ir defektais susij\u0119 klausimai sprend\u017eiami pagal Garantijos s\u0105lygas.<\/p><h3>\u00a0<\/h3><h3><strong>2. GR\u0104\u017dINIMO S\u0104LYGOS<\/strong><\/h3><p><strong>2.1.<\/strong> Gr\u0105\u017einama prek\u0117 turi b\u016bti originalioje pakuot\u0117je, nenaudota ir su visais priedais.<br \/><strong>2.2.<\/strong> J\u016bs atsakote u\u017e tinkam\u0105 prek\u0117s supakavim\u0105 gr\u0105\u017einimui. Jei prek\u0117 pa\u017eeid\u017eiama d\u0117l netinkamo pakavimo, pasiliekame teis\u0119 jos nepriimti.<br \/><strong>2.3.<\/strong> Gr\u0105\u017einimai nepriimami, jei prek\u0117 buvo naudota, sugadinta d\u0117l netinkamo naudojimo ar neteisingo sumontavimo.<br \/><strong>2.4.<\/strong> Individualiai pagamintos prek\u0117s, atitinkan\u010dios u\u017esakymo specifikacijas ir kokyb\u0117s reikalavimus, n\u0117ra gr\u0105\u017einamos.<\/p><h3>\u00a0<\/h3><h3><strong>3. GR\u0104\u017dINIMO PROCESAS<\/strong><\/h3><p><strong>3.1.<\/strong> Jeigu norite gr\u0105\u017einti prek\u0119, turite susisiekti su tuo platintoju, kuris vykd\u0117 j\u016bs\u0173 u\u017esakym\u0105 per m\u016bs\u0173 svetain\u0119 www.gymfactory.eu, nurodydami u\u017esakymo numer\u012f, prek\u0119 ir gr\u0105\u017einimo prie\u017east\u012f.<br \/><strong>3.2.<\/strong> Gav\u0119 j\u016bs\u0173 u\u017eklaus\u0105, \u012fvertinsime, ar situacija patenka \u012f \u0161ios Gr\u0105\u017einimo politikos ar Garantijos s\u0105lyg\u0173 taikymo srit\u012f, ir apie tai jus informuosime.<br \/><strong>3.3.<\/strong> Jei gr\u0105\u017einimas bus patvirtintas, tur\u0117site i\u0161si\u0173sti prek\u0119 m\u016bs\u0173 nurodytu adresu.<br \/><strong>3.4.<\/strong> Pinig\u0173 gr\u0105\u017einimas individualiai pagamintoms prek\u0117ms n\u0117ra taikomas. Nusta\u010dius gamybin\u012f defekt\u0105, problema sprend\u017eiama pagal Garantijos s\u0105lygas \u2013 da\u017eniausiai atliekant remont\u0105 arba kei\u010diant atskiras dalis.<\/p><h3>\u00a0<\/h3><h3><strong>4. I\u0160IMTYS IR PAPILDOMOS S\u0104LYGOS<\/strong><\/h3><p><strong>4.1.<\/strong> Individualiai u\u017esakytos prek\u0117s (pagal special\u0173 u\u017esakym\u0105) n\u0117ra gr\u0105\u017einamos, nebent jos turi gamybini\u0173 defekt\u0173.<br \/><strong>4.2.<\/strong> Jei prek\u0117 buvo pa\u017eeista transportavimo metu, apie tai privalote pa\u017eym\u0117ti siuntos pri\u0117mimo dokumentuose (pvz., kurjerio va\u017etara\u0161tyje) ir informuoti mus per 2 dienas nuo gavimo.<br \/><strong>4.3.<\/strong> Gr\u0105\u017einimo siuntimo i\u0161laidas padengia pirk\u0117jas, i\u0161skyrus atvejus, kai prek\u0117 gr\u0105\u017einama d\u0117l m\u016bs\u0173 kalt\u0117s (pvz., buvo i\u0161si\u0173sta netinkama ar brokuota prek\u0117).<\/p><h3>\u00a0<\/h3><h3>5. SANTYKIS SU GARANTIJA<\/h3><p><strong>5.1.<\/strong> Visi su preki\u0173 defektais, veikimu ar kokybe susij\u0119 klausimai sprend\u017eiami i\u0161imtinai pagal Garantijos s\u0105lygas.<br \/><strong>5.2.<\/strong> \u0160i Gr\u0105\u017einimo politika neturi vir\u0161enyb\u0117s prie\u0161 Garantijos s\u0105lygas ir taikoma tik su logistika susijusiems gr\u0105\u017einimams.<\/p><p>Jei turite klausim\u0173 d\u0117l gr\u0105\u017einimo s\u0105lyg\u0173, susisiekite su savo \u0161alies platintoju. Kontaktus rasite \u2013 spauskite <span style=\"text-decoration: underline;\"><a href=\"https:\/\/gymfactory.eu\/lt\/susisiekite-su-mumis\/\">\u010dia.<\/a><\/span><\/p>\t\t\t\t\t\t\t\t<\/div>\n\t\t\t\t<\/div>\n\t\t\t\t<\/div>\n\t\t\t\t\t<\/div>\n\t\t\t\t<\/div>\n\t\t\t\t<\/div>\n\t\t\n    <div class=\"xs_social_share_widget xs_share_url after_content \t\tmain_content  wslu-style-1 wslu-share-box-shaped wslu-fill-colored wslu-none wslu-share-horizontal wslu-theme-font-no wslu-main_content\">\n\n\t\t\n        <ul>\n\t\t\t        <\/ul>\n    <\/div> \n","protected":false},"excerpt":{"rendered":"<p>1. BENDROSIOS NUOSTATOS 1.1. \u0160i gr\u0105\u017einimo politika taikoma visoms prek\u0117ms, \u012fsigytoms m\u016bs\u0173 internetin\u0117je parduotuv\u0117je www.gymfactory.eu.1.2. \u0160i politika taikoma tik su logistika, transportavimo pa\u017eeidimais ar neteisingai pristatytomis prek\u0117mis susijusiais atvejais. Visi su preki\u0173 kokybe ir defektais susij\u0119 klausimai sprend\u017eiami pagal Garantijos s\u0105lygas. \u00a0 2. GR\u0104\u017dINIMO S\u0104LYGOS 2.1. Gr\u0105\u017einama prek\u0117 turi b\u016bti originalioje pakuot\u0117je, nenaudota ir su [&hellip;]<\/p>\n","protected":false},"author":1,"featured_media":0,"parent":0,"menu_order":0,"comment_status":"closed","ping_status":"closed","template":"elementor_header_footer","meta":{"_acf_changed":false,"footnotes":""},"class_list":["post-9380","page","type-page","status-publish","hentry"],"acf":[],"yoast_head":"<!-- This site is optimized with the Yoast SEO plugin v25.2 - https:\/\/yoast.com\/wordpress\/plugins\/seo\/ -->\n<title>Gr\u0105\u017einimo ir pinig\u0173 gr\u0105\u017einimo politika \u2013 Paprastas gr\u0105\u017einimas | Gym Factory<\/title>\n<meta name=\"description\" content=\"Perskaitykite m\u016bs\u0173 gr\u0105\u017einimo politik\u0105 ir su\u017einokite, kaip gr\u0105\u017einti prekes, pra\u0161yti keitimo ar susigr\u0105\u017einti pinigus u\u017e Gym Factory u\u017esakym\u0105.\" \/>\n<meta name=\"robots\" content=\"index, follow, max-snippet:-1, max-image-preview:large, max-video-preview:-1\" \/>\n<link rel=\"canonical\" href=\"https:\/\/gymfactory.eu\/lt\/grazinimo-ir-pinigu-grazinimo-politika\/\" \/>\n<meta property=\"og:locale\" content=\"lt_LT\" \/>\n<meta property=\"og:type\" content=\"article\" \/>\n<meta property=\"og:title\" content=\"Gr\u0105\u017einimo ir pinig\u0173 gr\u0105\u017einimo politika \u2013 Paprastas gr\u0105\u017einimas | Gym Factory\" \/>\n<meta property=\"og:description\" content=\"Perskaitykite m\u016bs\u0173 gr\u0105\u017einimo politik\u0105 ir su\u017einokite, kaip gr\u0105\u017einti prekes, pra\u0161yti keitimo ar susigr\u0105\u017einti pinigus u\u017e Gym Factory u\u017esakym\u0105.\" \/>\n<meta property=\"og:url\" content=\"https:\/\/gymfactory.eu\/lt\/grazinimo-ir-pinigu-grazinimo-politika\/\" \/>\n<meta property=\"og:site_name\" content=\"Gym Factory\" \/>\n<meta property=\"article:modified_time\" content=\"2026-03-17T09:43:33+00:00\" \/>\n<meta name=\"twitter:card\" content=\"summary_large_image\" \/>\n<meta name=\"twitter:label1\" content=\"Est. reading time\" \/>\n\t<meta name=\"twitter:data1\" content=\"2 minut\u0117s\" \/>\n<script type=\"application\/ld+json\" class=\"yoast-schema-graph\">{\"@context\":\"https:\/\/schema.org\",\"@graph\":[{\"@type\":\"WebPage\",\"@id\":\"https:\/\/gymfactory.eu\/lt\/grazinimo-ir-pinigu-grazinimo-politika\/\",\"url\":\"https:\/\/gymfactory.eu\/lt\/grazinimo-ir-pinigu-grazinimo-politika\/\",\"name\":\"Gr\u0105\u017einimo ir pinig\u0173 gr\u0105\u017einimo politika \u2013 Paprastas gr\u0105\u017einimas | Gym Factory\",\"isPartOf\":{\"@id\":\"https:\/\/gymfactory.eu\/lt\/#website\"},\"datePublished\":\"2025-02-18T09:18:30+00:00\",\"dateModified\":\"2026-03-17T09:43:33+00:00\",\"description\":\"Perskaitykite m\u016bs\u0173 gr\u0105\u017einimo politik\u0105 ir su\u017einokite, kaip gr\u0105\u017einti prekes, pra\u0161yti keitimo ar susigr\u0105\u017einti pinigus u\u017e Gym Factory u\u017esakym\u0105.\",\"breadcrumb\":{\"@id\":\"https:\/\/gymfactory.eu\/lt\/grazinimo-ir-pinigu-grazinimo-politika\/#breadcrumb\"},\"inLanguage\":\"lt-LT\",\"potentialAction\":[{\"@type\":\"ReadAction\",\"target\":[\"https:\/\/gymfactory.eu\/lt\/grazinimo-ir-pinigu-grazinimo-politika\/\"]}]},{\"@type\":\"BreadcrumbList\",\"@id\":\"https:\/\/gymfactory.eu\/lt\/grazinimo-ir-pinigu-grazinimo-politika\/#breadcrumb\",\"itemListElement\":[{\"@type\":\"ListItem\",\"position\":1,\"name\":\"Pagrindinis\",\"item\":\"https:\/\/gymfactory.eu\/lt\/\"},{\"@type\":\"ListItem\",\"position\":2,\"name\":\"Gr\u0105\u017einimo ir pinig\u0173 gr\u0105\u017einimo politika\"}]},{\"@type\":\"WebSite\",\"@id\":\"https:\/\/gymfactory.eu\/lt\/#website\",\"url\":\"https:\/\/gymfactory.eu\/lt\/\",\"name\":\"Gym Factory\",\"description\":\"\",\"publisher\":{\"@id\":\"https:\/\/gymfactory.eu\/lt\/#organization\"},\"potentialAction\":[{\"@type\":\"SearchAction\",\"target\":{\"@type\":\"EntryPoint\",\"urlTemplate\":\"https:\/\/gymfactory.eu\/lt\/?s={search_term_string}\"},\"query-input\":{\"@type\":\"PropertyValueSpecification\",\"valueRequired\":true,\"valueName\":\"search_term_string\"}}],\"inLanguage\":\"lt-LT\"},{\"@type\":\"Organization\",\"@id\":\"https:\/\/gymfactory.eu\/lt\/#organization\",\"name\":\"Sporto sal\u0117s gamykla\",\"url\":\"https:\/\/gymfactory.eu\/lt\/\",\"logo\":{\"@type\":\"ImageObject\",\"inLanguage\":\"lt-LT\",\"@id\":\"https:\/\/gymfactory.eu\/lt\/#\/schema\/logo\/image\/\",\"url\":\"https:\/\/gymfactory.eu\/wp-content\/uploads\/2024\/11\/Component-1.svg\",\"contentUrl\":\"https:\/\/gymfactory.eu\/wp-content\/uploads\/2024\/11\/Component-1.svg\",\"width\":54,\"height\":44,\"caption\":\"Sporto sal\u0117s gamykla\"},\"image\":{\"@id\":\"https:\/\/gymfactory.eu\/lt\/#\/schema\/logo\/image\/\"}}]}<\/script>\n<!-- \/ Yoast SEO plugin. -->","yoast_head_json":{"title":"Gr\u0105\u017einimo ir pinig\u0173 gr\u0105\u017einimo politika \u2013 Paprastas gr\u0105\u017einimas | Gym Factory","description":"Perskaitykite m\u016bs\u0173 gr\u0105\u017einimo politik\u0105 ir su\u017einokite, kaip gr\u0105\u017einti prekes, pra\u0161yti keitimo ar susigr\u0105\u017einti pinigus u\u017e Gym Factory u\u017esakym\u0105.","robots":{"index":"index","follow":"follow","max-snippet":"max-snippet:-1","max-image-preview":"max-image-preview:large","max-video-preview":"max-video-preview:-1"},"canonical":"https:\/\/gymfactory.eu\/lt\/grazinimo-ir-pinigu-grazinimo-politika\/","og_locale":"lt_LT","og_type":"article","og_title":"Gr\u0105\u017einimo ir pinig\u0173 gr\u0105\u017einimo politika \u2013 Paprastas gr\u0105\u017einimas | Gym Factory","og_description":"Perskaitykite m\u016bs\u0173 gr\u0105\u017einimo politik\u0105 ir su\u017einokite, kaip gr\u0105\u017einti prekes, pra\u0161yti keitimo ar susigr\u0105\u017einti pinigus u\u017e Gym Factory u\u017esakym\u0105.","og_url":"https:\/\/gymfactory.eu\/lt\/grazinimo-ir-pinigu-grazinimo-politika\/","og_site_name":"Gym Factory","article_modified_time":"2026-03-17T09:43:33+00:00","twitter_card":"summary_large_image","twitter_misc":{"Est. reading time":"2 minut\u0117s"},"schema":{"@context":"https:\/\/schema.org","@graph":[{"@type":"WebPage","@id":"https:\/\/gymfactory.eu\/lt\/grazinimo-ir-pinigu-grazinimo-politika\/","url":"https:\/\/gymfactory.eu\/lt\/grazinimo-ir-pinigu-grazinimo-politika\/","name":"Gr\u0105\u017einimo ir pinig\u0173 gr\u0105\u017einimo politika \u2013 Paprastas gr\u0105\u017einimas | Gym Factory","isPartOf":{"@id":"https:\/\/gymfactory.eu\/lt\/#website"},"datePublished":"2025-02-18T09:18:30+00:00","dateModified":"2026-03-17T09:43:33+00:00","description":"Perskaitykite m\u016bs\u0173 gr\u0105\u017einimo politik\u0105 ir su\u017einokite, kaip gr\u0105\u017einti prekes, pra\u0161yti keitimo ar susigr\u0105\u017einti pinigus u\u017e Gym Factory u\u017esakym\u0105.","breadcrumb":{"@id":"https:\/\/gymfactory.eu\/lt\/grazinimo-ir-pinigu-grazinimo-politika\/#breadcrumb"},"inLanguage":"lt-LT","potentialAction":[{"@type":"ReadAction","target":["https:\/\/gymfactory.eu\/lt\/grazinimo-ir-pinigu-grazinimo-politika\/"]}]},{"@type":"BreadcrumbList","@id":"https:\/\/gymfactory.eu\/lt\/grazinimo-ir-pinigu-grazinimo-politika\/#breadcrumb","itemListElement":[{"@type":"ListItem","position":1,"name":"Pagrindinis","item":"https:\/\/gymfactory.eu\/lt\/"},{"@type":"ListItem","position":2,"name":"Gr\u0105\u017einimo ir pinig\u0173 gr\u0105\u017einimo politika"}]},{"@type":"WebSite","@id":"https:\/\/gymfactory.eu\/lt\/#website","url":"https:\/\/gymfactory.eu\/lt\/","name":"Gym Factory","description":"","publisher":{"@id":"https:\/\/gymfactory.eu\/lt\/#organization"},"potentialAction":[{"@type":"SearchAction","target":{"@type":"EntryPoint","urlTemplate":"https:\/\/gymfactory.eu\/lt\/?s={search_term_string}"},"query-input":{"@type":"PropertyValueSpecification","valueRequired":true,"valueName":"search_term_string"}}],"inLanguage":"lt-LT"},{"@type":"Organization","@id":"https:\/\/gymfactory.eu\/lt\/#organization","name":"Sporto sal\u0117s gamykla","url":"https:\/\/gymfactory.eu\/lt\/","logo":{"@type":"ImageObject","inLanguage":"lt-LT","@id":"https:\/\/gymfactory.eu\/lt\/#\/schema\/logo\/image\/","url":"https:\/\/gymfactory.eu\/wp-content\/uploads\/2024\/11\/Component-1.svg","contentUrl":"https:\/\/gymfactory.eu\/wp-content\/uploads\/2024\/11\/Component-1.svg","width":54,"height":44,"caption":"Sporto sal\u0117s gamykla"},"image":{"@id":"https:\/\/gymfactory.eu\/lt\/#\/schema\/logo\/image\/"}}]}},"_links":{"self":[{"href":"https:\/\/gymfactory.eu\/lt\/wp-json\/wp\/v2\/pages\/9380","targetHints":{"allow":["GET"]}}],"collection":[{"href":"https:\/\/gymfactory.eu\/lt\/wp-json\/wp\/v2\/pages"}],"about":[{"href":"https:\/\/gymfactory.eu\/lt\/wp-json\/wp\/v2\/types\/page"}],"author":[{"embeddable":true,"href":"https:\/\/gymfactory.eu\/lt\/wp-json\/wp\/v2\/users\/1"}],"replies":[{"embeddable":true,"href":"https:\/\/gymfactory.eu\/lt\/wp-json\/wp\/v2\/comments?post=9380"}],"version-history":[{"count":10,"href":"https:\/\/gymfactory.eu\/lt\/wp-json\/wp\/v2\/pages\/9380\/revisions"}],"predecessor-version":[{"id":28763,"href":"https:\/\/gymfactory.eu\/lt\/wp-json\/wp\/v2\/pages\/9380\/revisions\/28763"}],"wp:attachment":[{"href":"https:\/\/gymfactory.eu\/lt\/wp-json\/wp\/v2\/media?parent=9380"}],"curies":[{"name":"wp","href":"https:\/\/api.w.org\/{rel}","templated":true}]}}