{"id":20107,"date":"2025-11-07T06:32:33","date_gmt":"2025-11-07T04:32:33","guid":{"rendered":"https:\/\/gymfactory.eu\/galerija-2\/sporto-klubu-galerija\/sporto-klubai-turkijoje\/"},"modified":"2025-11-11T23:56:31","modified_gmt":"2025-11-11T21:56:31","slug":"sporto-klubai-turkijoje","status":"publish","type":"page","link":"https:\/\/gymfactory.eu\/lt\/galerija\/sporto-klubu-galerija\/sporto-klubai-turkijoje\/","title":{"rendered":"Sporto klubai Turkijoje"},"content":{"rendered":"\t\t<div data-elementor-type=\"wp-page\" data-elementor-id=\"20107\" class=\"elementor elementor-20107 elementor-18843\" data-elementor-post-type=\"page\">\n\t\t\t\t<div class=\"elementor-element elementor-element-05221b9 e-flex e-con-boxed e-con e-parent\" data-id=\"05221b9\" data-element_type=\"container\">\n\t\t\t\t\t<div class=\"e-con-inner\">\n\t\t<div class=\"elementor-element elementor-element-1860d88 e-con-full e-flex e-con e-child\" data-id=\"1860d88\" data-element_type=\"container\">\n\t\t\t\t<div class=\"elementor-element elementor-element-d520bd9 elementor-widget elementor-widget-woocommerce-breadcrumb\" data-id=\"d520bd9\" data-element_type=\"widget\" data-widget_type=\"woocommerce-breadcrumb.default\">\n\t\t\t\t<div class=\"elementor-widget-container\">\n\t\t\t\t\t<nav class=\"woocommerce-breadcrumb\" aria-label=\"Breadcrumb\">Prad\u017eia<\/nav>\t\t\t\t<\/div>\n\t\t\t\t<\/div>\n\t\t\t\t<div class=\"elementor-element elementor-element-3749b3f elementor-widget elementor-widget-heading\" data-id=\"3749b3f\" data-element_type=\"widget\" data-widget_type=\"heading.default\">\n\t\t\t\t<div class=\"elementor-widget-container\">\n\t\t\t\t\t<h1 class=\"elementor-heading-title elementor-size-default\">Sporto klubai Turkijoje<\/h1>\t\t\t\t<\/div>\n\t\t\t\t<\/div>\n\t\t<div class=\"elementor-element elementor-element-df8ac06 e-con-full e-flex e-con e-child\" data-id=\"df8ac06\" data-element_type=\"container\">\n\t\t<div class=\"elementor-element elementor-element-811c942 e-con-full e-flex e-con e-child\" data-id=\"811c942\" data-element_type=\"container\" data-settings=\"{&quot;background_background&quot;:&quot;classic&quot;}\">\n\t\t\t\t<div class=\"elementor-element elementor-element-d695699 elementor-hidden-mobile elementor-widget elementor-widget-button\" data-id=\"d695699\" data-element_type=\"widget\" data-widget_type=\"button.default\">\n\t\t\t\t<div class=\"elementor-widget-container\">\n\t\t\t\t\t\t\t\t\t<div class=\"elementor-button-wrapper\">\n\t\t\t\t\t<a class=\"elementor-button elementor-button-link elementor-size-sm\" href=\"https:\/\/gymfactory.eu\/lt\/galerija\/sporto-klubu-galerija\/\">\n\t\t\t\t\t\t<span class=\"elementor-button-content-wrapper\">\n\t\t\t\t\t\t\t\t\t<span class=\"elementor-button-text\">\u0160ali\u0173 s\u0105ra\u0161as<\/span>\n\t\t\t\t\t<\/span>\n\t\t\t\t\t<\/a>\n\t\t\t\t<\/div>\n\t\t\t\t\t\t\t\t<\/div>\n\t\t\t\t<\/div>\n\t\t\t\t<\/div>\n\t\t\t\t<div class=\"elementor-element elementor-element-ecdd564 elementor-widget elementor-widget-gallery\" data-id=\"ecdd564\" data-element_type=\"widget\" data-settings=\"{&quot;columns&quot;:3,&quot;aspect_ratio&quot;:&quot;1:1&quot;,&quot;lazyload&quot;:&quot;yes&quot;,&quot;gallery_layout&quot;:&quot;grid&quot;,&quot;columns_tablet&quot;:2,&quot;columns_mobile&quot;:1,&quot;gap&quot;:{&quot;unit&quot;:&quot;px&quot;,&quot;size&quot;:10,&quot;sizes&quot;:[]},&quot;gap_tablet&quot;:{&quot;unit&quot;:&quot;px&quot;,&quot;size&quot;:10,&quot;sizes&quot;:[]},&quot;gap_mobile&quot;:{&quot;unit&quot;:&quot;px&quot;,&quot;size&quot;:10,&quot;sizes&quot;:[]},&quot;link_to&quot;:&quot;file&quot;,&quot;content_hover_animation&quot;:&quot;fade-in&quot;}\" data-widget_type=\"gallery.default\">\n\t\t\t\t<div class=\"elementor-widget-container\">\n\t\t\t\t\t\t\t<div class=\"elementor-gallery__container\">\n\t\t\t\t\t\t\t<a class=\"e-gallery-item elementor-gallery-item elementor-animated-content\" href=\"https:\/\/gymfactory.eu\/wp-content\/uploads\/2025\/11\/24.jpg\" data-elementor-open-lightbox=\"yes\" data-elementor-lightbox-slideshow=\"ecdd564\" data-e-action-hash=\"#elementor-action%3Aaction%3Dlightbox%26settings%3DeyJpZCI6MTg4NDUsInVybCI6Imh0dHBzOlwvXC9neW1mYWN0b3J5LmV1XC93cC1jb250ZW50XC91cGxvYWRzXC8yMDI1XC8xMVwvMjQuanBnIiwic2xpZGVzaG93IjoiZWNkZDU2NCJ9\">\n\t\t\t\t\t<div class=\"e-gallery-image elementor-gallery-item__image\" data-thumbnail=\"https:\/\/gymfactory.eu\/wp-content\/uploads\/2025\/11\/24-819x1024.jpg\" data-width=\"800\" data-height=\"1000\" aria-label=\"\" role=\"img\" ><\/div>\n\t\t\t\t\t\t\t\t\t\t\t\t\t\t<\/a>\n\t\t\t\t\t\t\t<a class=\"e-gallery-item elementor-gallery-item elementor-animated-content\" href=\"https:\/\/gymfactory.eu\/wp-content\/uploads\/2025\/11\/26.jpg\" data-elementor-open-lightbox=\"yes\" data-elementor-lightbox-slideshow=\"ecdd564\" data-e-action-hash=\"#elementor-action%3Aaction%3Dlightbox%26settings%3DeyJpZCI6MTg4NTMsInVybCI6Imh0dHBzOlwvXC9neW1mYWN0b3J5LmV1XC93cC1jb250ZW50XC91cGxvYWRzXC8yMDI1XC8xMVwvMjYuanBnIiwic2xpZGVzaG93IjoiZWNkZDU2NCJ9\">\n\t\t\t\t\t<div class=\"e-gallery-image elementor-gallery-item__image\" data-thumbnail=\"https:\/\/gymfactory.eu\/wp-content\/uploads\/2025\/11\/26-819x1024.jpg\" data-width=\"800\" data-height=\"1000\" aria-label=\"\" role=\"img\" ><\/div>\n\t\t\t\t\t\t\t\t\t\t\t\t\t\t<\/a>\n\t\t\t\t\t\t\t<a class=\"e-gallery-item elementor-gallery-item elementor-animated-content\" href=\"https:\/\/gymfactory.eu\/wp-content\/uploads\/2025\/11\/27.jpg\" data-elementor-open-lightbox=\"yes\" data-elementor-lightbox-slideshow=\"ecdd564\" data-e-action-hash=\"#elementor-action%3Aaction%3Dlightbox%26settings%3DeyJpZCI6MTg4NjEsInVybCI6Imh0dHBzOlwvXC9neW1mYWN0b3J5LmV1XC93cC1jb250ZW50XC91cGxvYWRzXC8yMDI1XC8xMVwvMjcuanBnIiwic2xpZGVzaG93IjoiZWNkZDU2NCJ9\">\n\t\t\t\t\t<div class=\"e-gallery-image elementor-gallery-item__image\" data-thumbnail=\"https:\/\/gymfactory.eu\/wp-content\/uploads\/2025\/11\/27-819x1024.jpg\" data-width=\"800\" data-height=\"1000\" aria-label=\"\" role=\"img\" ><\/div>\n\t\t\t\t\t\t\t\t\t\t\t\t\t\t<\/a>\n\t\t\t\t\t\t\t<a class=\"e-gallery-item elementor-gallery-item elementor-animated-content\" href=\"https:\/\/gymfactory.eu\/wp-content\/uploads\/2025\/11\/28.jpg\" data-elementor-open-lightbox=\"yes\" data-elementor-lightbox-slideshow=\"ecdd564\" data-e-action-hash=\"#elementor-action%3Aaction%3Dlightbox%26settings%3DeyJpZCI6MTg4NjksInVybCI6Imh0dHBzOlwvXC9neW1mYWN0b3J5LmV1XC93cC1jb250ZW50XC91cGxvYWRzXC8yMDI1XC8xMVwvMjguanBnIiwic2xpZGVzaG93IjoiZWNkZDU2NCJ9\">\n\t\t\t\t\t<div class=\"e-gallery-image elementor-gallery-item__image\" data-thumbnail=\"https:\/\/gymfactory.eu\/wp-content\/uploads\/2025\/11\/28-819x1024.jpg\" data-width=\"800\" data-height=\"1000\" aria-label=\"\" role=\"img\" ><\/div>\n\t\t\t\t\t\t\t\t\t\t\t\t\t\t<\/a>\n\t\t\t\t\t\t\t<a class=\"e-gallery-item elementor-gallery-item elementor-animated-content\" href=\"https:\/\/gymfactory.eu\/wp-content\/uploads\/2025\/11\/29.jpg\" data-elementor-open-lightbox=\"yes\" data-elementor-lightbox-slideshow=\"ecdd564\" data-e-action-hash=\"#elementor-action%3Aaction%3Dlightbox%26settings%3DeyJpZCI6MTg4NzcsInVybCI6Imh0dHBzOlwvXC9neW1mYWN0b3J5LmV1XC93cC1jb250ZW50XC91cGxvYWRzXC8yMDI1XC8xMVwvMjkuanBnIiwic2xpZGVzaG93IjoiZWNkZDU2NCJ9\">\n\t\t\t\t\t<div class=\"e-gallery-image elementor-gallery-item__image\" data-thumbnail=\"https:\/\/gymfactory.eu\/wp-content\/uploads\/2025\/11\/29-819x1024.jpg\" data-width=\"800\" data-height=\"1000\" aria-label=\"\" role=\"img\" ><\/div>\n\t\t\t\t\t\t\t\t\t\t\t\t\t\t<\/a>\n\t\t\t\t\t\t\t<a class=\"e-gallery-item elementor-gallery-item elementor-animated-content\" href=\"https:\/\/gymfactory.eu\/wp-content\/uploads\/2025\/11\/30.jpg\" data-elementor-open-lightbox=\"yes\" data-elementor-lightbox-slideshow=\"ecdd564\" data-e-action-hash=\"#elementor-action%3Aaction%3Dlightbox%26settings%3DeyJpZCI6MTg4ODUsInVybCI6Imh0dHBzOlwvXC9neW1mYWN0b3J5LmV1XC93cC1jb250ZW50XC91cGxvYWRzXC8yMDI1XC8xMVwvMzAuanBnIiwic2xpZGVzaG93IjoiZWNkZDU2NCJ9\">\n\t\t\t\t\t<div class=\"e-gallery-image elementor-gallery-item__image\" data-thumbnail=\"https:\/\/gymfactory.eu\/wp-content\/uploads\/2025\/11\/30-819x1024.jpg\" data-width=\"800\" data-height=\"1000\" aria-label=\"\" role=\"img\" ><\/div>\n\t\t\t\t\t\t\t\t\t\t\t\t\t\t<\/a>\n\t\t\t\t\t\t\t<a class=\"e-gallery-item elementor-gallery-item elementor-animated-content\" href=\"https:\/\/gymfactory.eu\/wp-content\/uploads\/2025\/11\/31.jpg\" data-elementor-open-lightbox=\"yes\" data-elementor-lightbox-slideshow=\"ecdd564\" data-e-action-hash=\"#elementor-action%3Aaction%3Dlightbox%26settings%3DeyJpZCI6MTg4OTMsInVybCI6Imh0dHBzOlwvXC9neW1mYWN0b3J5LmV1XC93cC1jb250ZW50XC91cGxvYWRzXC8yMDI1XC8xMVwvMzEuanBnIiwic2xpZGVzaG93IjoiZWNkZDU2NCJ9\">\n\t\t\t\t\t<div class=\"e-gallery-image elementor-gallery-item__image\" data-thumbnail=\"https:\/\/gymfactory.eu\/wp-content\/uploads\/2025\/11\/31-819x1024.jpg\" data-width=\"800\" data-height=\"1000\" aria-label=\"\" role=\"img\" ><\/div>\n\t\t\t\t\t\t\t\t\t\t\t\t\t\t<\/a>\n\t\t\t\t\t<\/div>\n\t\t\t\t\t<\/div>\n\t\t\t\t<\/div>\n\t\t\t\t<div class=\"elementor-element elementor-element-60a755f elementor-mobile-align-justify elementor-hidden-desktop elementor-hidden-tablet elementor-widget elementor-widget-button\" data-id=\"60a755f\" data-element_type=\"widget\" data-widget_type=\"button.default\">\n\t\t\t\t<div class=\"elementor-widget-container\">\n\t\t\t\t\t\t\t\t\t<div class=\"elementor-button-wrapper\">\n\t\t\t\t\t<a class=\"elementor-button elementor-button-link elementor-size-sm\" href=\"https:\/\/gymfactory.eu\/lt\/galerija\/sporto-klubu-galerija\/\">\n\t\t\t\t\t\t<span class=\"elementor-button-content-wrapper\">\n\t\t\t\t\t\t\t\t\t<span class=\"elementor-button-text\">\u0160ali\u0173 s\u0105ra\u0161as<\/span>\n\t\t\t\t\t<\/span>\n\t\t\t\t\t<\/a>\n\t\t\t\t<\/div>\n\t\t\t\t\t\t\t\t<\/div>\n\t\t\t\t<\/div>\n\t\t\t\t<\/div>\n\t\t\t\t<\/div>\n\t\t\t\t\t<\/div>\n\t\t\t\t<\/div>\n\t\t\t\t<\/div>\n\t\t\n    <div class=\"xs_social_share_widget xs_share_url after_content \t\tmain_content  wslu-style-1 wslu-share-box-shaped wslu-fill-colored wslu-none wslu-share-horizontal wslu-theme-font-no wslu-main_content\">\n\n\t\t\n        <ul>\n\t\t\t        <\/ul>\n    <\/div> \n","protected":false},"excerpt":{"rendered":"<p>\u0160ali\u0173 s\u0105ra\u0161as \u0160ali\u0173 s\u0105ra\u0161as<\/p>\n","protected":false},"author":28,"featured_media":0,"parent":20072,"menu_order":0,"comment_status":"closed","ping_status":"closed","template":"","meta":{"_acf_changed":false,"footnotes":""},"class_list":["post-20107","page","type-page","status-publish","hentry"],"acf":[],"yoast_head":"<!-- This site is optimized with the Yoast SEO plugin v25.2 - https:\/\/yoast.com\/wordpress\/plugins\/seo\/ -->\n<title>Treniruokli\u0173 galerija \u2013 pamatykite m\u016bs\u0173 \u012frang\u0105 veikime<\/title>\n<meta name=\"description\" content=\"Per\u017ei\u016br\u0117kite m\u016bs\u0173 treniruoklius, blokinius treniruoklius, stovus ir daugiau galerijoje. Pamatykite juos veikime ir raskite tai, kas geriausiai tiks j\u016bs\u0173 sporto klubui.\" \/>\n<meta name=\"robots\" content=\"index, follow, max-snippet:-1, max-image-preview:large, max-video-preview:-1\" \/>\n<link rel=\"canonical\" href=\"https:\/\/gymfactory.eu\/lt\/galerija\/sporto-klubu-galerija\/sporto-klubai-turkijoje\/\" \/>\n<meta property=\"og:locale\" content=\"lt_LT\" \/>\n<meta property=\"og:type\" content=\"article\" \/>\n<meta property=\"og:title\" content=\"Treniruokli\u0173 galerija \u2013 pamatykite m\u016bs\u0173 \u012frang\u0105 veikime\" \/>\n<meta property=\"og:description\" content=\"Per\u017ei\u016br\u0117kite m\u016bs\u0173 treniruoklius, blokinius treniruoklius, stovus ir daugiau galerijoje. Pamatykite juos veikime ir raskite tai, kas geriausiai tiks j\u016bs\u0173 sporto klubui.\" \/>\n<meta property=\"og:url\" content=\"https:\/\/gymfactory.eu\/lt\/galerija\/sporto-klubu-galerija\/sporto-klubai-turkijoje\/\" \/>\n<meta property=\"og:site_name\" content=\"Gym Factory\" \/>\n<meta property=\"article:modified_time\" content=\"2025-11-11T21:56:31+00:00\" \/>\n<meta name=\"twitter:card\" content=\"summary_large_image\" \/>\n<script type=\"application\/ld+json\" class=\"yoast-schema-graph\">{\"@context\":\"https:\/\/schema.org\",\"@graph\":[{\"@type\":\"WebPage\",\"@id\":\"https:\/\/gymfactory.eu\/lt\/galerija\/sporto-klubu-galerija\/sporto-klubai-turkijoje\/\",\"url\":\"https:\/\/gymfactory.eu\/lt\/galerija\/sporto-klubu-galerija\/sporto-klubai-turkijoje\/\",\"name\":\"Treniruokli\u0173 galerija \u2013 pamatykite m\u016bs\u0173 \u012frang\u0105 veikime\",\"isPartOf\":{\"@id\":\"https:\/\/gymfactory.eu\/lt\/#website\"},\"datePublished\":\"2025-11-07T04:32:33+00:00\",\"dateModified\":\"2025-11-11T21:56:31+00:00\",\"description\":\"Per\u017ei\u016br\u0117kite m\u016bs\u0173 treniruoklius, blokinius treniruoklius, stovus ir daugiau galerijoje. Pamatykite juos veikime ir raskite tai, kas geriausiai tiks j\u016bs\u0173 sporto klubui.\",\"breadcrumb\":{\"@id\":\"https:\/\/gymfactory.eu\/lt\/galerija\/sporto-klubu-galerija\/sporto-klubai-turkijoje\/#breadcrumb\"},\"inLanguage\":\"lt-LT\",\"potentialAction\":[{\"@type\":\"ReadAction\",\"target\":[\"https:\/\/gymfactory.eu\/lt\/galerija\/sporto-klubu-galerija\/sporto-klubai-turkijoje\/\"]}]},{\"@type\":\"BreadcrumbList\",\"@id\":\"https:\/\/gymfactory.eu\/lt\/galerija\/sporto-klubu-galerija\/sporto-klubai-turkijoje\/#breadcrumb\",\"itemListElement\":[{\"@type\":\"ListItem\",\"position\":1,\"name\":\"Pagrindinis\",\"item\":\"https:\/\/gymfactory.eu\/lt\/\"},{\"@type\":\"ListItem\",\"position\":2,\"name\":\"Galerija\",\"item\":\"https:\/\/gymfactory.eu\/lt\/galerija\/\"},{\"@type\":\"ListItem\",\"position\":3,\"name\":\"Sporto klub\u0173 galerija\",\"item\":\"https:\/\/gymfactory.eu\/lt\/gallery\/gallery-of-gyms\/\"},{\"@type\":\"ListItem\",\"position\":4,\"name\":\"Sporto klubai Turkijoje\"}]},{\"@type\":\"WebSite\",\"@id\":\"https:\/\/gymfactory.eu\/lt\/#website\",\"url\":\"https:\/\/gymfactory.eu\/lt\/\",\"name\":\"Gym Factory\",\"description\":\"\",\"publisher\":{\"@id\":\"https:\/\/gymfactory.eu\/lt\/#organization\"},\"potentialAction\":[{\"@type\":\"SearchAction\",\"target\":{\"@type\":\"EntryPoint\",\"urlTemplate\":\"https:\/\/gymfactory.eu\/lt\/?s={search_term_string}\"},\"query-input\":{\"@type\":\"PropertyValueSpecification\",\"valueRequired\":true,\"valueName\":\"search_term_string\"}}],\"inLanguage\":\"lt-LT\"},{\"@type\":\"Organization\",\"@id\":\"https:\/\/gymfactory.eu\/lt\/#organization\",\"name\":\"Sporto sal\u0117s gamykla\",\"url\":\"https:\/\/gymfactory.eu\/lt\/\",\"logo\":{\"@type\":\"ImageObject\",\"inLanguage\":\"lt-LT\",\"@id\":\"https:\/\/gymfactory.eu\/lt\/#\/schema\/logo\/image\/\",\"url\":\"https:\/\/gymfactory.eu\/wp-content\/uploads\/2024\/11\/Component-1.svg\",\"contentUrl\":\"https:\/\/gymfactory.eu\/wp-content\/uploads\/2024\/11\/Component-1.svg\",\"width\":54,\"height\":44,\"caption\":\"Sporto sal\u0117s gamykla\"},\"image\":{\"@id\":\"https:\/\/gymfactory.eu\/lt\/#\/schema\/logo\/image\/\"}}]}<\/script>\n<!-- \/ Yoast SEO plugin. -->","yoast_head_json":{"title":"Treniruokli\u0173 galerija \u2013 pamatykite m\u016bs\u0173 \u012frang\u0105 veikime","description":"Per\u017ei\u016br\u0117kite m\u016bs\u0173 treniruoklius, blokinius treniruoklius, stovus ir daugiau galerijoje. Pamatykite juos veikime ir raskite tai, kas geriausiai tiks j\u016bs\u0173 sporto klubui.","robots":{"index":"index","follow":"follow","max-snippet":"max-snippet:-1","max-image-preview":"max-image-preview:large","max-video-preview":"max-video-preview:-1"},"canonical":"https:\/\/gymfactory.eu\/lt\/galerija\/sporto-klubu-galerija\/sporto-klubai-turkijoje\/","og_locale":"lt_LT","og_type":"article","og_title":"Treniruokli\u0173 galerija \u2013 pamatykite m\u016bs\u0173 \u012frang\u0105 veikime","og_description":"Per\u017ei\u016br\u0117kite m\u016bs\u0173 treniruoklius, blokinius treniruoklius, stovus ir daugiau galerijoje. Pamatykite juos veikime ir raskite tai, kas geriausiai tiks j\u016bs\u0173 sporto klubui.","og_url":"https:\/\/gymfactory.eu\/lt\/galerija\/sporto-klubu-galerija\/sporto-klubai-turkijoje\/","og_site_name":"Gym Factory","article_modified_time":"2025-11-11T21:56:31+00:00","twitter_card":"summary_large_image","schema":{"@context":"https:\/\/schema.org","@graph":[{"@type":"WebPage","@id":"https:\/\/gymfactory.eu\/lt\/galerija\/sporto-klubu-galerija\/sporto-klubai-turkijoje\/","url":"https:\/\/gymfactory.eu\/lt\/galerija\/sporto-klubu-galerija\/sporto-klubai-turkijoje\/","name":"Treniruokli\u0173 galerija \u2013 pamatykite m\u016bs\u0173 \u012frang\u0105 veikime","isPartOf":{"@id":"https:\/\/gymfactory.eu\/lt\/#website"},"datePublished":"2025-11-07T04:32:33+00:00","dateModified":"2025-11-11T21:56:31+00:00","description":"Per\u017ei\u016br\u0117kite m\u016bs\u0173 treniruoklius, blokinius treniruoklius, stovus ir daugiau galerijoje. Pamatykite juos veikime ir raskite tai, kas geriausiai tiks j\u016bs\u0173 sporto klubui.","breadcrumb":{"@id":"https:\/\/gymfactory.eu\/lt\/galerija\/sporto-klubu-galerija\/sporto-klubai-turkijoje\/#breadcrumb"},"inLanguage":"lt-LT","potentialAction":[{"@type":"ReadAction","target":["https:\/\/gymfactory.eu\/lt\/galerija\/sporto-klubu-galerija\/sporto-klubai-turkijoje\/"]}]},{"@type":"BreadcrumbList","@id":"https:\/\/gymfactory.eu\/lt\/galerija\/sporto-klubu-galerija\/sporto-klubai-turkijoje\/#breadcrumb","itemListElement":[{"@type":"ListItem","position":1,"name":"Pagrindinis","item":"https:\/\/gymfactory.eu\/lt\/"},{"@type":"ListItem","position":2,"name":"Galerija","item":"https:\/\/gymfactory.eu\/lt\/galerija\/"},{"@type":"ListItem","position":3,"name":"Sporto klub\u0173 galerija","item":"https:\/\/gymfactory.eu\/lt\/gallery\/gallery-of-gyms\/"},{"@type":"ListItem","position":4,"name":"Sporto klubai Turkijoje"}]},{"@type":"WebSite","@id":"https:\/\/gymfactory.eu\/lt\/#website","url":"https:\/\/gymfactory.eu\/lt\/","name":"Gym Factory","description":"","publisher":{"@id":"https:\/\/gymfactory.eu\/lt\/#organization"},"potentialAction":[{"@type":"SearchAction","target":{"@type":"EntryPoint","urlTemplate":"https:\/\/gymfactory.eu\/lt\/?s={search_term_string}"},"query-input":{"@type":"PropertyValueSpecification","valueRequired":true,"valueName":"search_term_string"}}],"inLanguage":"lt-LT"},{"@type":"Organization","@id":"https:\/\/gymfactory.eu\/lt\/#organization","name":"Sporto sal\u0117s gamykla","url":"https:\/\/gymfactory.eu\/lt\/","logo":{"@type":"ImageObject","inLanguage":"lt-LT","@id":"https:\/\/gymfactory.eu\/lt\/#\/schema\/logo\/image\/","url":"https:\/\/gymfactory.eu\/wp-content\/uploads\/2024\/11\/Component-1.svg","contentUrl":"https:\/\/gymfactory.eu\/wp-content\/uploads\/2024\/11\/Component-1.svg","width":54,"height":44,"caption":"Sporto sal\u0117s gamykla"},"image":{"@id":"https:\/\/gymfactory.eu\/lt\/#\/schema\/logo\/image\/"}}]}},"_links":{"self":[{"href":"https:\/\/gymfactory.eu\/lt\/wp-json\/wp\/v2\/pages\/20107","targetHints":{"allow":["GET"]}}],"collection":[{"href":"https:\/\/gymfactory.eu\/lt\/wp-json\/wp\/v2\/pages"}],"about":[{"href":"https:\/\/gymfactory.eu\/lt\/wp-json\/wp\/v2\/types\/page"}],"author":[{"embeddable":true,"href":"https:\/\/gymfactory.eu\/lt\/wp-json\/wp\/v2\/users\/28"}],"replies":[{"embeddable":true,"href":"https:\/\/gymfactory.eu\/lt\/wp-json\/wp\/v2\/comments?post=20107"}],"version-history":[{"count":1,"href":"https:\/\/gymfactory.eu\/lt\/wp-json\/wp\/v2\/pages\/20107\/revisions"}],"predecessor-version":[{"id":20108,"href":"https:\/\/gymfactory.eu\/lt\/wp-json\/wp\/v2\/pages\/20107\/revisions\/20108"}],"up":[{"embeddable":true,"href":"https:\/\/gymfactory.eu\/lt\/wp-json\/wp\/v2\/pages\/20072"}],"wp:attachment":[{"href":"https:\/\/gymfactory.eu\/lt\/wp-json\/wp\/v2\/media?parent=20107"}],"curies":[{"name":"wp","href":"https:\/\/api.w.org\/{rel}","templated":true}]}}